{"id":1571,"date":"2013-06-15T12:43:52","date_gmt":"2013-06-15T12:43:52","guid":{"rendered":"http:\/\/milano-sanremo.org\/wordpress\/?page_id=1571"},"modified":"2025-10-24T09:30:44","modified_gmt":"2025-10-24T09:30:44","slug":"anmeldung","status":"publish","type":"page","link":"https:\/\/milano-sanremo.org\/de\/registrierung\/anmeldung\/","title":{"rendered":"Anmeldung zur Veranstaltung"},"content":{"rendered":"<h2>Alle Anmeldungen zur Mailand-San Remo Amatori Radfernfahrt cyclosportive m\u00fcssen online erfolgen. Bitte klicken Sie hierf\u00fcr auf&nbsp; &#8222;Online Anmeldung&#8220; und folgen Sie den Schritt f\u00fcr Schritt Anweisungen.<\/h2>\n<h4>&nbsp;<\/h4>\n<h3>RASTER<\/h3>\n<table style=\"border-collapse: collapse; width: 100%;\" border=\"1\">\n<tbody>\n<tr style=\"background-color: red;\">\n<td style=\"height: 23px; width: 14.683%;\"><span style=\"color: #ffffff;\">&nbsp;<\/span><\/td>\n<td style=\"height: 23px; width: 29.6997%;\"><span style=\"color: #ffffff;\">ANMELDUNG<\/span><\/td>\n<td style=\"height: 23px; width: 29.1435%;\"><span style=\"color: #ffffff;\">Startnummern von<br \/>\n<\/span><\/td>\n<td style=\"height: 23px; width: 26.4739%;\"><span style=\"color: #ffffff;\">Startnummern bis<br \/>\n<\/span><\/td>\n<\/tr>\n<tr style=\"height: 23px;\">\n<td style=\"height: 23px; width: 14.683%;\">Grid 1<\/td>\n<td style=\"height: 23px; width: 29.6997%;\">GOLD<\/td>\n<td style=\"height: 23px; width: 29.1435%;\">1<\/td>\n<td style=\"height: 23px; width: 26.4739%;\">200<\/td>\n<\/tr>\n<tr style=\"height: 23px;\">\n<td style=\"height: 23px; width: 14.683%;\">Grid 2<\/td>\n<td style=\"height: 23px; width: 29.6997%;\">PARTNER GRUPPEN<\/td>\n<td style=\"height: 23px; width: 29.1435%;\">250<\/td>\n<td style=\"height: 23px; width: 26.4739%;\">499<\/td>\n<\/tr>\n<tr style=\"height: 23px;\">\n<td style=\"height: 23px; width: 14.683%;\">Grid 3<\/td>\n<td style=\"height: 23px; width: 29.6997%;\">SILVER<\/td>\n<td style=\"height: 23px; width: 29.1435%;\">500<\/td>\n<td style=\"height: 23px; width: 26.4739%;\">749<\/td>\n<\/tr>\n<tr style=\"height: 23px;\">\n<td style=\"height: 23px; width: 14.683%;\">Grid 4<\/td>\n<td style=\"height: 23px; width: 29.6997%;\">SILVER<\/td>\n<td style=\"height: 23px; width: 29.1435%;\">750<\/td>\n<td style=\"height: 23px; width: 26.4739%;\">999<\/td>\n<\/tr>\n<tr style=\"height: 10px;\">\n<td style=\"height: 10px; width: 14.683%;\">Grid 5<\/td>\n<td style=\"height: 10px; width: 29.6997%;\">SILVER<\/td>\n<td style=\"height: 10px; width: 29.1435%;\">1000<\/td>\n<td style=\"height: 10px; width: 26.4739%;\">1249<\/td>\n<\/tr>\n<\/tbody>\n<\/table>\n<p><strong>Die Startnummern werden ab Januar verteilt, sobald die Dokumente der Sportler verifiziert wurden.<\/strong><\/p>\n<h3>REGISTRIERUNGSGEB\u00dcHREN<\/h3>\n<table style=\"width: 100%; height: 368px;\" border=\"1\">\n<tbody>\n<tr style=\"background-color: red;\" align=\"center\" valign=\"middle\">\n<td style=\"text-align: center; width: 7.26115%; height: 46px;\"><strong><span style=\"color: #ffffff;\">kosten f\u00fcr<\/span><\/strong><br \/>\n<strong><span style=\"color: #ffffff;\">SILVER<\/span><\/strong><\/td>\n<td style=\"text-align: center; width: 8.28026%; height: 46px;\"><span style=\"color: #ffffff;\"><strong>kosten f\u00fcr<\/strong><\/span><br \/>\n<strong><span style=\"color: #ffffff;\">GOLD<\/span><\/strong><\/td>\n<td style=\"text-align: center; width: 12.2293%; height: 46px;\"><span style=\"color: #ffffff;\">Tageslizenz<\/span><\/td>\n<td style=\"text-align: center; width: 18.8535%; height: 46px;\"><span style=\"color: #ffffff;\">kosten<\/span><\/td>\n<td style=\"text-align: center; width: 12.2293%; height: 46px;\"><span style=\"color: #ffffff;\">bis<\/span><\/td>\n<td style=\"text-align: center; width: 14.2675%; height: 46px;\"><span style=\"color: #ffffff;\">Souvenir T-shirt<\/span><\/td>\n<td style=\"text-align: center; width: 24.4586%; height: 46px;\"><span style=\"color: #ffffff;\">ZAHLUNGSMETHODE<\/span><\/td>\n<\/tr>\n<tr style=\"height: 69px;\">\n<td style=\"text-align: center; width: 7.26115%; height: 69px;\"><strong>\u20ac 80,00<\/strong><\/td>\n<td style=\"text-align: center; width: 8.28026%; height: 69px;\"><strong>\u20ac 125,00<\/strong><\/td>\n<td style=\"text-align: center; width: 12.2293%; height: 69px;\">\u20ac 20,00<\/td>\n<td style=\"text-align: center; width: 12.8535%; height: 69px;\">\u20ac 3,00<\/td>\n<td style=\"text-align: center; width: 12.2293%; height: 69px;\">20. Dezember<\/td>\n<td style=\"text-align: center; width: 14.2675%; height: 69px;\">inkl.<\/td>\n<td style=\"text-align: center; width: 24.4586%; height: 69px;\">Visa\/Mastercard-Kreditkarte<\/td>\n<\/tr>\n<tr style=\"height: 69px;\">\n<td style=\"text-align: center; width: 7.26115%; height: 69px;\"><strong>\u20ac 85,00<\/strong><\/td>\n<td style=\"text-align: center; width: 8.28026%; height: 69px;\"><strong>\u20ac 130,00<\/strong><\/td>\n<td style=\"text-align: center; width: 12.2293%; height: 69px;\">\u20ac 20,00<\/td>\n<td style=\"text-align: center; width: 12.8535%; height: 69px;\">\u20ac 3,00<\/td>\n<td style=\"text-align: center; width: 12.2293%; height: 69px;\">20. Januar<\/td>\n<td style=\"text-align: center; width: 14.2675%; height: 69px;\">inkl.<\/td>\n<td style=\"text-align: center; width: 24.4586%; height: 69px;\">Visa\/Mastercard-Kreditkarte<\/td>\n<\/tr>\n<tr style=\"height: 69px;\">\n<td style=\"text-align: center; width: 7.26115%; height: 69px;\"><strong>\u20ac 95,00<\/strong><\/td>\n<td style=\"text-align: center; width: 8.28026%; height: 69px;\"><span id=\"result_box\" class=\"short_text\" lang=\"de\"><span class=\"\"><strong>\u20ac 135,00<\/strong><br \/>\n<\/span><\/span><\/td>\n<td style=\"text-align: center; width: 12.2293%; height: 69px;\">\u20ac 20,00<\/td>\n<td style=\"text-align: center; width: 18.8535%; height: 69px;\">\u20ac 3,00<\/td>\n<td style=\"text-align: center; width: 12.2293%; height: 69px;\">20. Februar<\/td>\n<td style=\"text-align: center; width: 14.2675%; height: 69px;\">inkl.<\/td>\n<td style=\"text-align: center; width: 24.4586%; height: 69px;\">Visa\/Mastercard-Kreditkarte<\/td>\n<\/tr>\n<tr style=\"height: 69px;\">\n<td style=\"text-align: center; width: 7.26115%; height: 69px;\"><strong>\u20ac 100,00<\/strong><\/td>\n<td style=\"text-align: center; width: 8.28026%; height: 69px;\"><span id=\"result_box\" class=\"short_text\" lang=\"de\"><span class=\"\"><strong>\u20ac 140,00<\/strong><br \/>\n<\/span><\/span><\/td>\n<td style=\"text-align: center; width: 12.2293%; height: 69px;\">\u20ac 20,00<\/td>\n<td style=\"text-align: center; width: 18.8535%; height: 69px;\">\u20ac 3,00<\/td>\n<td style=\"text-align: center; width: 12.2293%; height: 69px;\">20. M\u00e4rz<\/td>\n<td style=\"text-align: center; width: 14.2675%; height: 69px;\">inkl.<\/td>\n<td style=\"text-align: center; width: 24.4586%; height: 69px;\">Visa\/Mastercard-Kreditkarte<\/td>\n<\/tr>\n<tr style=\"height: 69px;\">\n<td style=\"text-align: center; width: 7.26115%; height: 69px;\"><strong>\u20ac 105,00<\/strong><\/td>\n<td style=\"text-align: center; width: 8.28026%; height: 69px;\"><span id=\"result_box\" class=\"short_text\" lang=\"de\"><span class=\"\"><strong>\u20ac 145,00<\/strong><br \/>\n<\/span><\/span><\/td>\n<td style=\"text-align: center; width: 12.2293%; height: 69px;\">\u20ac 20,00<\/td>\n<td style=\"text-align: center; width: 18.8535%; height: 69px;\">\u20ac 3,00<\/td>\n<td style=\"text-align: center; width: 12.2293%; height: 69px;\">20.<span id=\"result_box\" class=\"short_text\" lang=\"de\"><span class=\"\">April<\/span><\/span><\/td>\n<td style=\"text-align: center; width: 14.2675%; height: 69px;\">inkl.<\/td>\n<td style=\"text-align: center; width: 24.4586%; height: 69px;\">Visa\/Mastercard-Kreditkarte<\/td>\n<\/tr>\n<tr style=\"height: 46px;\">\n<td style=\"text-align: center; width: 7.26115%; height: 46px;\"><strong>\u20ac 110,00<\/strong><\/td>\n<td style=\"text-align: center; width: 8.28026%; height: 46px;\"><span id=\"result_box\" class=\"short_text\" lang=\"de\"><span class=\"\"><strong>\u20ac 150,00<\/strong><\/span><\/span><\/td>\n<td style=\"text-align: center; width: 12.2293%; height: 46px;\">\u20ac 20,00<\/td>\n<td style=\"text-align: center; width: 18.8535%; height: 46px;\">\u20ac 3,00<\/td>\n<td style=\"text-align: center; width: 12.2293%; height: 46px;\">31.Mai<\/td>\n<td style=\"text-align: center; width: 14.2675%; height: 46px;\"><span id=\"result_box\" class=\"short_text\" lang=\"de\"><span class=\"\">nicht inkl.<\/span><\/span><\/td>\n<td style=\"text-align: center; width: 24.4586%; height: 46px;\">Visa\/Mastercard-Kreditkarte<\/td>\n<\/tr>\n<tr style=\"height: 69px;\">\n<td style=\"text-align: center; width: 7.26115%; height: 69px;\"><strong>\u20ac 120,00<\/strong><\/td>\n<td style=\"text-align: center; width: 8.28026%; height: 69px;\"><span id=\"result_box\" class=\"short_text\" lang=\"de\"><span class=\"\"><strong>\u20ac 160,00<\/strong><\/span><\/span><\/td>\n<td style=\"text-align: center; width: 12.2293%; height: 69px;\"><span id=\"result_box\" class=\"short_text\" lang=\"de\"><span class=\"\">nicht verf\u00fcgbar<\/span><\/span><\/td>\n<td style=\"text-align: center; width: 18.8535%; height: 69px;\">\u20ac 5,00<\/td>\n<td style=\"text-align: center; width: 12.2293%; height: 69px;\">&nbsp;am Tag vor dem Rennen<\/td>\n<td style=\"text-align: center; width: 14.2675%; height: 69px;\"><span id=\"result_box\" class=\"short_text\" lang=\"de\"><span class=\"\">nicht inkl.<\/span><\/span><\/td>\n<td style=\"text-align: center; width: 24.4586%; height: 69px;\">Bargeld<\/td>\n<\/tr>\n<\/tbody>\n<\/table>\n<p>&nbsp;<\/p>\n","protected":false},"excerpt":{"rendered":"<p>Alle Anmeldungen zur Mailand-San Remo Amatori Radfernfahrt cyclosportive m\u00fcssen online erfolgen. Bitte klicken Sie hierf\u00fcr auf&nbsp; &#8222;Online Anmeldung&#8220; und folgen Sie den Schritt f\u00fcr Schritt Anweisungen. &nbsp; RASTER &nbsp; ANMELDUNG Startnummern von Startnummern bis Grid 1 GOLD 1 200 Grid 2 PARTNER GRUPPEN 250 499 Grid 3 SILVER 500 749 Grid 4 SILVER 750 999 [&hellip;]<\/p>\n","protected":false},"author":1,"featured_media":0,"parent":5502,"menu_order":0,"comment_status":"closed","ping_status":"closed","template":"","meta":{"_et_pb_use_builder":"","_et_pb_old_content":"","_et_gb_content_width":"","ngg_post_thumbnail":0,"footnotes":""},"class_list":["post-1571","page","type-page","status-publish","hentry"],"yoast_head":"<!-- This site is optimized with the Yoast SEO plugin v27.4 - https:\/\/yoast.com\/product\/yoast-seo-wordpress\/ -->\n<title>Anmeldung zur Veranstaltung | MILANO SANREMO AMATORI | MAILAND SANREMO AMATEURE | 7. JUNI 2026 | OFFIZIELLE WEBSITE<\/title>\n<meta name=\"description\" content=\"Anmeldung zur Veranstaltung\" \/>\n<meta name=\"robots\" content=\"index, follow, max-snippet:-1, max-image-preview:large, max-video-preview:-1\" \/>\n<link rel=\"canonical\" href=\"https:\/\/milano-sanremo.org\/de\/registrierung\/anmeldung\/\" \/>\n<meta property=\"og:locale\" content=\"de_DE\" \/>\n<meta property=\"og:type\" content=\"article\" \/>\n<meta property=\"og:title\" content=\"Anmeldung zur Veranstaltung | MILANO SANREMO AMATORI | MAILAND SANREMO AMATEURE | 7. JUNI 2026 | OFFIZIELLE WEBSITE\" \/>\n<meta property=\"og:description\" content=\"Anmeldung zur Veranstaltung\" \/>\n<meta property=\"og:url\" content=\"https:\/\/milano-sanremo.org\/de\/registrierung\/anmeldung\/\" \/>\n<meta property=\"og:site_name\" content=\"MILANO SANREMO AMATORI\" \/>\n<meta property=\"article:modified_time\" content=\"2025-10-24T09:30:44+00:00\" \/>\n<meta name=\"twitter:card\" content=\"summary_large_image\" \/>\n<meta name=\"twitter:label1\" content=\"Gesch\u00e4tzte Lesezeit\" \/>\n\t<meta name=\"twitter:data1\" content=\"1\u00a0Minute\" \/>\n<script type=\"application\/ld+json\" class=\"yoast-schema-graph\">{\"@context\":\"https:\\\/\\\/schema.org\",\"@graph\":[{\"@type\":\"WebPage\",\"@id\":\"https:\\\/\\\/milano-sanremo.org\\\/de\\\/registrierung\\\/anmeldung\\\/\",\"url\":\"https:\\\/\\\/milano-sanremo.org\\\/de\\\/registrierung\\\/anmeldung\\\/\",\"name\":\"Anmeldung zur Veranstaltung | MILANO SANREMO AMATORI | MAILAND SANREMO AMATEURE | 7. JUNI 2026 | OFFIZIELLE WEBSITE\",\"isPartOf\":{\"@id\":\"https:\\\/\\\/milano-sanremo.org\\\/de\\\/#website\"},\"datePublished\":\"2013-06-15T12:43:52+00:00\",\"dateModified\":\"2025-10-24T09:30:44+00:00\",\"description\":\"Anmeldung zur Veranstaltung\",\"breadcrumb\":{\"@id\":\"https:\\\/\\\/milano-sanremo.org\\\/de\\\/registrierung\\\/anmeldung\\\/#breadcrumb\"},\"inLanguage\":\"de\",\"potentialAction\":[{\"@type\":\"ReadAction\",\"target\":[\"https:\\\/\\\/milano-sanremo.org\\\/de\\\/registrierung\\\/anmeldung\\\/\"]}]},{\"@type\":\"BreadcrumbList\",\"@id\":\"https:\\\/\\\/milano-sanremo.org\\\/de\\\/registrierung\\\/anmeldung\\\/#breadcrumb\",\"itemListElement\":[{\"@type\":\"ListItem\",\"position\":1,\"name\":\"Home\",\"item\":\"https:\\\/\\\/milano-sanremo.org\\\/de\\\/\"},{\"@type\":\"ListItem\",\"position\":2,\"name\":\"REGISTRIERUNG\",\"item\":\"https:\\\/\\\/milano-sanremo.org\\\/de\\\/iscrizioni-2\\\/\"},{\"@type\":\"ListItem\",\"position\":3,\"name\":\"Anmeldung zur Veranstaltung\"}]},{\"@type\":\"WebSite\",\"@id\":\"https:\\\/\\\/milano-sanremo.org\\\/de\\\/#website\",\"url\":\"https:\\\/\\\/milano-sanremo.org\\\/de\\\/\",\"name\":\"MILANO SANREMO AMATORI\",\"description\":\"MAILAND SANREMO AMATEURE | 7. JUNI 2026 | OFFIZIELLE WEBSITE\",\"potentialAction\":[{\"@type\":\"SearchAction\",\"target\":{\"@type\":\"EntryPoint\",\"urlTemplate\":\"https:\\\/\\\/milano-sanremo.org\\\/de\\\/?s={search_term_string}\"},\"query-input\":{\"@type\":\"PropertyValueSpecification\",\"valueRequired\":true,\"valueName\":\"search_term_string\"}}],\"inLanguage\":\"de\"}]}<\/script>\n<!-- \/ Yoast SEO plugin. -->","yoast_head_json":{"title":"Anmeldung zur Veranstaltung | MILANO SANREMO AMATORI | MAILAND SANREMO AMATEURE | 7. JUNI 2026 | OFFIZIELLE WEBSITE","description":"Anmeldung zur Veranstaltung","robots":{"index":"index","follow":"follow","max-snippet":"max-snippet:-1","max-image-preview":"max-image-preview:large","max-video-preview":"max-video-preview:-1"},"canonical":"https:\/\/milano-sanremo.org\/de\/registrierung\/anmeldung\/","og_locale":"de_DE","og_type":"article","og_title":"Anmeldung zur Veranstaltung | MILANO SANREMO AMATORI | MAILAND SANREMO AMATEURE | 7. JUNI 2026 | OFFIZIELLE WEBSITE","og_description":"Anmeldung zur Veranstaltung","og_url":"https:\/\/milano-sanremo.org\/de\/registrierung\/anmeldung\/","og_site_name":"MILANO SANREMO AMATORI","article_modified_time":"2025-10-24T09:30:44+00:00","twitter_card":"summary_large_image","twitter_misc":{"Gesch\u00e4tzte Lesezeit":"1\u00a0Minute"},"schema":{"@context":"https:\/\/schema.org","@graph":[{"@type":"WebPage","@id":"https:\/\/milano-sanremo.org\/de\/registrierung\/anmeldung\/","url":"https:\/\/milano-sanremo.org\/de\/registrierung\/anmeldung\/","name":"Anmeldung zur Veranstaltung | MILANO SANREMO AMATORI | MAILAND SANREMO AMATEURE | 7. JUNI 2026 | OFFIZIELLE WEBSITE","isPartOf":{"@id":"https:\/\/milano-sanremo.org\/de\/#website"},"datePublished":"2013-06-15T12:43:52+00:00","dateModified":"2025-10-24T09:30:44+00:00","description":"Anmeldung zur Veranstaltung","breadcrumb":{"@id":"https:\/\/milano-sanremo.org\/de\/registrierung\/anmeldung\/#breadcrumb"},"inLanguage":"de","potentialAction":[{"@type":"ReadAction","target":["https:\/\/milano-sanremo.org\/de\/registrierung\/anmeldung\/"]}]},{"@type":"BreadcrumbList","@id":"https:\/\/milano-sanremo.org\/de\/registrierung\/anmeldung\/#breadcrumb","itemListElement":[{"@type":"ListItem","position":1,"name":"Home","item":"https:\/\/milano-sanremo.org\/de\/"},{"@type":"ListItem","position":2,"name":"REGISTRIERUNG","item":"https:\/\/milano-sanremo.org\/de\/iscrizioni-2\/"},{"@type":"ListItem","position":3,"name":"Anmeldung zur Veranstaltung"}]},{"@type":"WebSite","@id":"https:\/\/milano-sanremo.org\/de\/#website","url":"https:\/\/milano-sanremo.org\/de\/","name":"MILANO SANREMO AMATORI","description":"MAILAND SANREMO AMATEURE | 7. JUNI 2026 | OFFIZIELLE WEBSITE","potentialAction":[{"@type":"SearchAction","target":{"@type":"EntryPoint","urlTemplate":"https:\/\/milano-sanremo.org\/de\/?s={search_term_string}"},"query-input":{"@type":"PropertyValueSpecification","valueRequired":true,"valueName":"search_term_string"}}],"inLanguage":"de"}]}},"_links":{"self":[{"href":"https:\/\/milano-sanremo.org\/de\/wp-json\/wp\/v2\/pages\/1571","targetHints":{"allow":["GET"]}}],"collection":[{"href":"https:\/\/milano-sanremo.org\/de\/wp-json\/wp\/v2\/pages"}],"about":[{"href":"https:\/\/milano-sanremo.org\/de\/wp-json\/wp\/v2\/types\/page"}],"author":[{"embeddable":true,"href":"https:\/\/milano-sanremo.org\/de\/wp-json\/wp\/v2\/users\/1"}],"replies":[{"embeddable":true,"href":"https:\/\/milano-sanremo.org\/de\/wp-json\/wp\/v2\/comments?post=1571"}],"version-history":[{"count":51,"href":"https:\/\/milano-sanremo.org\/de\/wp-json\/wp\/v2\/pages\/1571\/revisions"}],"predecessor-version":[{"id":14958,"href":"https:\/\/milano-sanremo.org\/de\/wp-json\/wp\/v2\/pages\/1571\/revisions\/14958"}],"up":[{"embeddable":true,"href":"https:\/\/milano-sanremo.org\/de\/wp-json\/wp\/v2\/pages\/5502"}],"wp:attachment":[{"href":"https:\/\/milano-sanremo.org\/de\/wp-json\/wp\/v2\/media?parent=1571"}],"curies":[{"name":"wp","href":"https:\/\/api.w.org\/{rel}","templated":true}]}}