{"id":1590,"date":"2013-06-15T13:25:53","date_gmt":"2013-06-15T13:25:53","guid":{"rendered":"http:\/\/milano-sanremo.org\/wordpress\/?page_id=1590"},"modified":"2025-10-23T13:16:01","modified_gmt":"2025-10-23T13:16:01","slug":"tageslizenz","status":"publish","type":"page","link":"https:\/\/milano-sanremo.org\/de\/registrierung\/tageslizenz\/","title":{"rendered":"TAGESLIZENZ"},"content":{"rendered":"<h3>F\u00fcr die Teilnahme am Mailand &#8211; San Remo Amatori Radsportevent cyclosportive ist eine Mitgliedschaft in einem der UCI (nationale Radsportunion) zugeh\u00f6rigen Verb\u00e4nde erforderlich. Als Alternative k\u00f6nnen Sie bei uns eine Tageslizenz des FCI bestellen.<\/h3>\n<p>Italienische und ausl\u00e4ndische Radfahrer, die \u00fcber keine Karte oder Lizenz Ihres Radsportverbandes verf\u00fcgen, k\u00f6nnen w\u00e4hrend der Registrierung auf unserer Webseite eine FCI Tageslizenz erwerben.<\/p>\n<h4><strong> FCI TAGESLIZENZ (ausgestellt vom italienischen Radsportverband) <\/strong><\/h4>\n<p>&nbsp;<\/p>\n<table style=\"width: 29.1315%;\" border=\"1\">\n<tbody>\n<tr align=\"center\" valign=\"middle\">\n<td>&nbsp;<\/td>\n<td>Kosten<\/td>\n<td>g\u00fcltig bis<\/td>\n<td>Zahlungsmethode<\/td>\n<\/tr>\n<tr>\n<td>Kauf bei der Anmeldung<\/td>\n<td>20,00 \u20ac<\/td>\n<td>30. April<\/td>\n<td>Visa\/Mastercard-Kreditkarte<\/td>\n<\/tr>\n<\/tbody>\n<\/table>\n<p>&nbsp;<\/p>\n<h4><span style=\"color: #ff0000;\"> Anmeldeschluss f\u00fcr Registrierungen mit einer Tageslizenz: 30 <b>April<\/b> <\/span><\/h4>\n<p>In case the documents indicated in the registration phase are not validated by the organization it will not be possible to purchase a day license after registration after this deadline.<\/p>\n<h3>&nbsp;<\/h3>\n<h3>Reservierungsregeln<\/h3>\n<p>Tageslizenz sind nicht r\u00fcckerstattbar.<\/p>\n<h3>&nbsp;<\/h3>\n<h3>DOCUMENTS REQUIRED<br \/>\nFOR THE ISSUE OF A DAY LICENSE<\/h3>\n<h4>AU\u00dfERHALB VON ITALIEN<\/h4>\n<p style=\"text-align: center;\">Das SPORTMEDIZINISCHE ZERTIFIKAT muss von einem Sportarzt auf der Basis des Formulars ausgestellt werden, das \u00fcber den folgenden Link heruntergeladen werden kann :&nbsp;<\/p>\n<h3 style=\"text-align: center;\"><a href=\"https:\/\/www.classicissima.it\/wp-content\/uploads\/2018\/05\/Classicissima_Certificato_Medico_multi.pdf\" target=\"_blank\" rel=\"noopener noreferrer\"><strong>COMPETITIVE SPORTS MEDICAL CERTIFICATE FORM AND ETHICAL DECLARATION <\/strong><\/a><br \/>\nfor foreign cyclists<\/h3>\n<h4><span style=\"color: #ff0000;\">Vergessen Sie nicht das Original des sportmedizinischen Zertifikats mit sich an dem Tag der Verteilung der Rennpakete mitzubringen.<\/span><\/h4>\n<p>&nbsp;<\/p>\n<h3>DOCUMENTS REQUIRED FOR THE RACE BIB COLLECTION<\/h3>\n<h4>When the race packs are being distributed It is obligatory to present the original copy of a medical certificate for competitive sports, issued not more than six months before the event.<\/h4>\n<p>Otherwise it will not be possible in any way for you to take part in the race.<\/p>\n<p>However it will not be possible to make the purchase of a day license at the moment of collecting the race pack<\/p>\n","protected":false},"excerpt":{"rendered":"<p>F\u00fcr die Teilnahme am Mailand &#8211; San Remo Amatori Radsportevent cyclosportive ist eine Mitgliedschaft in einem der UCI (nationale Radsportunion) zugeh\u00f6rigen Verb\u00e4nde erforderlich. Als Alternative k\u00f6nnen Sie bei uns eine Tageslizenz des FCI bestellen. Italienische und ausl\u00e4ndische Radfahrer, die \u00fcber keine Karte oder Lizenz Ihres Radsportverbandes verf\u00fcgen, k\u00f6nnen w\u00e4hrend der Registrierung auf unserer Webseite eine [&hellip;]<\/p>\n","protected":false},"author":1,"featured_media":0,"parent":5502,"menu_order":0,"comment_status":"closed","ping_status":"closed","template":"","meta":{"_et_pb_use_builder":"","_et_pb_old_content":"","_et_gb_content_width":"","ngg_post_thumbnail":0,"footnotes":""},"class_list":["post-1590","page","type-page","status-publish","hentry"],"yoast_head":"<!-- This site is optimized with the Yoast SEO plugin v27.4 - https:\/\/yoast.com\/product\/yoast-seo-wordpress\/ -->\n<title>TAGESLIZENZ | MILANO SANREMO AMATORI | MAILAND SANREMO AMATEURE | 7. JUNI 2026 | OFFIZIELLE WEBSITE<\/title>\n<meta name=\"description\" content=\"TAGESLIZENZ\" \/>\n<meta name=\"robots\" content=\"index, follow, max-snippet:-1, max-image-preview:large, max-video-preview:-1\" \/>\n<link rel=\"canonical\" href=\"https:\/\/milano-sanremo.org\/de\/registrierung\/tageslizenz\/\" \/>\n<meta property=\"og:locale\" content=\"de_DE\" \/>\n<meta property=\"og:type\" content=\"article\" \/>\n<meta property=\"og:title\" content=\"TAGESLIZENZ | MILANO SANREMO AMATORI | MAILAND SANREMO AMATEURE | 7. JUNI 2026 | OFFIZIELLE WEBSITE\" \/>\n<meta property=\"og:description\" content=\"TAGESLIZENZ\" \/>\n<meta property=\"og:url\" content=\"https:\/\/milano-sanremo.org\/de\/registrierung\/tageslizenz\/\" \/>\n<meta property=\"og:site_name\" content=\"MILANO SANREMO AMATORI\" \/>\n<meta property=\"article:modified_time\" content=\"2025-10-23T13:16:01+00:00\" \/>\n<meta name=\"twitter:card\" content=\"summary_large_image\" \/>\n<meta name=\"twitter:label1\" content=\"Gesch\u00e4tzte Lesezeit\" \/>\n\t<meta name=\"twitter:data1\" content=\"2\u00a0Minuten\" \/>\n<script type=\"application\/ld+json\" class=\"yoast-schema-graph\">{\"@context\":\"https:\\\/\\\/schema.org\",\"@graph\":[{\"@type\":\"WebPage\",\"@id\":\"https:\\\/\\\/milano-sanremo.org\\\/de\\\/registrierung\\\/tageslizenz\\\/\",\"url\":\"https:\\\/\\\/milano-sanremo.org\\\/de\\\/registrierung\\\/tageslizenz\\\/\",\"name\":\"TAGESLIZENZ | MILANO SANREMO AMATORI | MAILAND SANREMO AMATEURE | 7. JUNI 2026 | OFFIZIELLE WEBSITE\",\"isPartOf\":{\"@id\":\"https:\\\/\\\/milano-sanremo.org\\\/de\\\/#website\"},\"datePublished\":\"2013-06-15T13:25:53+00:00\",\"dateModified\":\"2025-10-23T13:16:01+00:00\",\"description\":\"TAGESLIZENZ\",\"breadcrumb\":{\"@id\":\"https:\\\/\\\/milano-sanremo.org\\\/de\\\/registrierung\\\/tageslizenz\\\/#breadcrumb\"},\"inLanguage\":\"de\",\"potentialAction\":[{\"@type\":\"ReadAction\",\"target\":[\"https:\\\/\\\/milano-sanremo.org\\\/de\\\/registrierung\\\/tageslizenz\\\/\"]}]},{\"@type\":\"BreadcrumbList\",\"@id\":\"https:\\\/\\\/milano-sanremo.org\\\/de\\\/registrierung\\\/tageslizenz\\\/#breadcrumb\",\"itemListElement\":[{\"@type\":\"ListItem\",\"position\":1,\"name\":\"Home\",\"item\":\"https:\\\/\\\/milano-sanremo.org\\\/de\\\/\"},{\"@type\":\"ListItem\",\"position\":2,\"name\":\"REGISTRIERUNG\",\"item\":\"https:\\\/\\\/milano-sanremo.org\\\/de\\\/iscrizioni-2\\\/\"},{\"@type\":\"ListItem\",\"position\":3,\"name\":\"TAGESLIZENZ\"}]},{\"@type\":\"WebSite\",\"@id\":\"https:\\\/\\\/milano-sanremo.org\\\/de\\\/#website\",\"url\":\"https:\\\/\\\/milano-sanremo.org\\\/de\\\/\",\"name\":\"MILANO SANREMO AMATORI\",\"description\":\"MAILAND SANREMO AMATEURE | 7. JUNI 2026 | OFFIZIELLE WEBSITE\",\"potentialAction\":[{\"@type\":\"SearchAction\",\"target\":{\"@type\":\"EntryPoint\",\"urlTemplate\":\"https:\\\/\\\/milano-sanremo.org\\\/de\\\/?s={search_term_string}\"},\"query-input\":{\"@type\":\"PropertyValueSpecification\",\"valueRequired\":true,\"valueName\":\"search_term_string\"}}],\"inLanguage\":\"de\"}]}<\/script>\n<!-- \/ Yoast SEO plugin. -->","yoast_head_json":{"title":"TAGESLIZENZ | MILANO SANREMO AMATORI | MAILAND SANREMO AMATEURE | 7. JUNI 2026 | OFFIZIELLE WEBSITE","description":"TAGESLIZENZ","robots":{"index":"index","follow":"follow","max-snippet":"max-snippet:-1","max-image-preview":"max-image-preview:large","max-video-preview":"max-video-preview:-1"},"canonical":"https:\/\/milano-sanremo.org\/de\/registrierung\/tageslizenz\/","og_locale":"de_DE","og_type":"article","og_title":"TAGESLIZENZ | MILANO SANREMO AMATORI | MAILAND SANREMO AMATEURE | 7. JUNI 2026 | OFFIZIELLE WEBSITE","og_description":"TAGESLIZENZ","og_url":"https:\/\/milano-sanremo.org\/de\/registrierung\/tageslizenz\/","og_site_name":"MILANO SANREMO AMATORI","article_modified_time":"2025-10-23T13:16:01+00:00","twitter_card":"summary_large_image","twitter_misc":{"Gesch\u00e4tzte Lesezeit":"2\u00a0Minuten"},"schema":{"@context":"https:\/\/schema.org","@graph":[{"@type":"WebPage","@id":"https:\/\/milano-sanremo.org\/de\/registrierung\/tageslizenz\/","url":"https:\/\/milano-sanremo.org\/de\/registrierung\/tageslizenz\/","name":"TAGESLIZENZ | MILANO SANREMO AMATORI | MAILAND SANREMO AMATEURE | 7. JUNI 2026 | OFFIZIELLE WEBSITE","isPartOf":{"@id":"https:\/\/milano-sanremo.org\/de\/#website"},"datePublished":"2013-06-15T13:25:53+00:00","dateModified":"2025-10-23T13:16:01+00:00","description":"TAGESLIZENZ","breadcrumb":{"@id":"https:\/\/milano-sanremo.org\/de\/registrierung\/tageslizenz\/#breadcrumb"},"inLanguage":"de","potentialAction":[{"@type":"ReadAction","target":["https:\/\/milano-sanremo.org\/de\/registrierung\/tageslizenz\/"]}]},{"@type":"BreadcrumbList","@id":"https:\/\/milano-sanremo.org\/de\/registrierung\/tageslizenz\/#breadcrumb","itemListElement":[{"@type":"ListItem","position":1,"name":"Home","item":"https:\/\/milano-sanremo.org\/de\/"},{"@type":"ListItem","position":2,"name":"REGISTRIERUNG","item":"https:\/\/milano-sanremo.org\/de\/iscrizioni-2\/"},{"@type":"ListItem","position":3,"name":"TAGESLIZENZ"}]},{"@type":"WebSite","@id":"https:\/\/milano-sanremo.org\/de\/#website","url":"https:\/\/milano-sanremo.org\/de\/","name":"MILANO SANREMO AMATORI","description":"MAILAND SANREMO AMATEURE | 7. JUNI 2026 | OFFIZIELLE WEBSITE","potentialAction":[{"@type":"SearchAction","target":{"@type":"EntryPoint","urlTemplate":"https:\/\/milano-sanremo.org\/de\/?s={search_term_string}"},"query-input":{"@type":"PropertyValueSpecification","valueRequired":true,"valueName":"search_term_string"}}],"inLanguage":"de"}]}},"_links":{"self":[{"href":"https:\/\/milano-sanremo.org\/de\/wp-json\/wp\/v2\/pages\/1590","targetHints":{"allow":["GET"]}}],"collection":[{"href":"https:\/\/milano-sanremo.org\/de\/wp-json\/wp\/v2\/pages"}],"about":[{"href":"https:\/\/milano-sanremo.org\/de\/wp-json\/wp\/v2\/types\/page"}],"author":[{"embeddable":true,"href":"https:\/\/milano-sanremo.org\/de\/wp-json\/wp\/v2\/users\/1"}],"replies":[{"embeddable":true,"href":"https:\/\/milano-sanremo.org\/de\/wp-json\/wp\/v2\/comments?post=1590"}],"version-history":[{"count":22,"href":"https:\/\/milano-sanremo.org\/de\/wp-json\/wp\/v2\/pages\/1590\/revisions"}],"predecessor-version":[{"id":14898,"href":"https:\/\/milano-sanremo.org\/de\/wp-json\/wp\/v2\/pages\/1590\/revisions\/14898"}],"up":[{"embeddable":true,"href":"https:\/\/milano-sanremo.org\/de\/wp-json\/wp\/v2\/pages\/5502"}],"wp:attachment":[{"href":"https:\/\/milano-sanremo.org\/de\/wp-json\/wp\/v2\/media?parent=1590"}],"curies":[{"name":"wp","href":"https:\/\/api.w.org\/{rel}","templated":true}]}}