{"id":1645,"date":"2013-06-17T07:00:48","date_gmt":"2013-06-17T07:00:48","guid":{"rendered":"http:\/\/milano-sanremo.org\/wordpress\/?page_id=1645"},"modified":"2025-10-24T11:27:52","modified_gmt":"2025-10-24T11:27:52","slug":"programm","status":"publish","type":"page","link":"https:\/\/milano-sanremo.org\/de\/programm\/","title":{"rendered":"PROGRAMM"},"content":{"rendered":"<p>[et_pb_section fb_built=&#8220;1&#8243; admin_label=&#8220;section&#8220; _builder_version=&#8220;4.16&#8243; global_colors_info=&#8220;{}&#8220;][et_pb_row admin_label=&#8220;row&#8220; _builder_version=&#8220;4.16&#8243; background_size=&#8220;initial&#8220; background_position=&#8220;top_left&#8220; background_repeat=&#8220;repeat&#8220; global_colors_info=&#8220;{}&#8220;][et_pb_column type=&#8220;4_4&#8243; _builder_version=&#8220;4.16&#8243; custom_padding=&#8220;|||&#8220; global_colors_info=&#8220;{}&#8220; custom_padding__hover=&#8220;|||&#8220;][et_pb_text admin_label=&#8220;Text&#8220; _builder_version=&#8220;4.19.5&#8243; background_size=&#8220;initial&#8220; background_position=&#8220;top_left&#8220; background_repeat=&#8220;repeat&#8220; global_colors_info=&#8220;{}&#8220;]<\/p>\n<h2>Der Zeitplan enth\u00e4lt alle f\u00fcr das Mailand San Remo Amatori cyclosportive 2026 wichtigen Vorstufen.<\/h2>\n<p>&nbsp;<\/p>\n<p><strong>k\u00f6nnen sie sich online registrieren<\/strong><\/p>\n<p style=\"margin-left: 30px;\"><strong>gilt der Vorzugspreis, mit Souvenir T-Shirt<\/strong><\/p>\n<p>\u00a020. Februar 2026<\/p>\n<p style=\"padding-left: 30px;\"><strong>gilt der Vorzugspreis, mit Souvenir T-Shirt<\/strong><\/p>\n<p>20. Februar 2026<\/p>\n<p style=\"padding-left: 30px;\"><strong>End of period to send documents for those who have enrolled at the promotional registration fee<\/strong><\/p>\n<p>20. April 2026<\/p>\n<p style=\"margin-left: 30px;\"><strong>L\u00e4uft die Chance eine FCI Tageskarte zu erwerben aus<\/strong><\/p>\n<p style=\"margin-left: 30px;\"><strong>Endet die Souvenir T-Shirt Promotion<\/strong><\/p>\n<p style=\"padding-left: 30px;\"><strong>End of period to send documents for those who have enrolled at the standard registration fee <\/strong><\/p>\n<p style=\"margin-left: 30px;\"><strong>Wird die Anmeldegeb\u00fchr f\u00fcr Last Minute Anmeldungen erhoben<\/strong><\/p>\n<p style=\"margin-left: 30px;\"><strong>Werden nur noch Zahlungen via Kreditkarte<\/strong><\/p>\n<p>20. April &#8211; 31. Mai 2026<\/p>\n<p style=\"margin-left: 30px;\"><strong>ist der letzte Tag f\u00fcr Online-Registrierungen<\/strong><\/p>\n<p>&nbsp;<\/p>\n<p><span style=\"color: #ff0000;\"><strong>6 Juni, 2026<\/strong><\/span><\/p>\n<p style=\"padding-left: 30px;\"><span style=\"color: #ff0000;\"><strong>Abholen der Startunterlagen, Hotel IBIS Style Settala, Mailand &#8211;\u00a0<\/strong> 10:00 \u2013 12:30 \/ 14:30 \u2013 18:30<\/span><\/p>\n<p style=\"padding-left: 30px;\"><strong>It is mandatory to bring:<\/strong><strong style=\"font-size: 14px;\"><\/strong><\/p>\n<ul>\n<li><strong>your identity document<\/strong><\/li>\n<li><strong>sports membership card<\/strong><\/li>\n<li><strong>or a competitive sports medical certificate if you have purchased the day license<br \/><\/strong><\/li>\n<li><strong>the ethic declaration if you have purchased the day licence.<\/strong><\/li>\n<\/ul>\n<p><strong><span style=\"color: #ff0000;\">18:00 Uhr \u2013 Preisverleihung f\u00fcr die gr\u00f6\u00dften Gruppen<br data-start=\"900\" data-end=\"903\" \/>Gartenseite gegen\u00fcber der Halle<br data-start=\"934\" data-end=\"937\" \/>18:30 Uhr \u2013 Erstes Abendessen<br data-start=\"966\" data-end=\"969\" \/>20:30 Uhr \u2013 Zweites Abendessen<\/span><\/strong><\/p>\n<p><strong><span style=\"color: #ff0000;\">7 Juni, 2026<\/span><\/strong><\/p>\n<p style=\"margin-left: 30px;\"><strong><span style=\"color: #ff0000;\">7:00 Uhr &#8211; Hotel IBIS Style Settala, Mailand &#8211; A<\/span><\/strong><strong><span style=\"color: #ff0000;\">bfahrt<\/span><\/strong><\/p>\n<p style=\"margin-left: 30px;\"><span style=\"color: #ff0000;\"><strong>von 14:45<br \/>Ankunft in Corso Salvo d&#8217;Acquisto, mit Pasta-Party und Duschen in der Villa Ormond<\/strong><\/span><\/p>\n<p style=\"margin-left: 30px;\"><span style=\"color: #ff0000;\"><strong>Ab 17:30<br \/>Transport zu den festgelegten Hotels in San Remo<br \/><\/strong><\/span><strong>(f\u00fcr diejenigen die ihr Hotel im Internet gebucht haben)<\/strong><\/p>\n<p><span style=\"color: #ff0000;\">\u00a0<\/span><\/p>\n<p dir=\"ltr\"><span style=\"color: #008000;\"><strong>\u00a0<\/strong><\/span><\/p>\n<p>[\/et_pb_text][\/et_pb_column][\/et_pb_row][\/et_pb_section]<\/p>\n","protected":false},"excerpt":{"rendered":"<p>Der Zeitplan enth\u00e4lt alle f\u00fcr das Mailand San Remo Amatori cyclosportive 2026 wichtigen Vorstufen. &nbsp; k\u00f6nnen sie sich online registrieren gilt der Vorzugspreis, mit Souvenir T-Shirt \u00a020. Februar 2026 gilt der Vorzugspreis, mit Souvenir T-Shirt 20. Februar 2026 End of period to send documents for those who have enrolled at the promotional registration fee 20. [&hellip;]<\/p>\n","protected":false},"author":1,"featured_media":0,"parent":0,"menu_order":0,"comment_status":"closed","ping_status":"closed","template":"","meta":{"_et_pb_use_builder":"on","_et_pb_old_content":"","_et_gb_content_width":"","ngg_post_thumbnail":0,"footnotes":""},"class_list":["post-1645","page","type-page","status-publish","hentry"],"yoast_head":"<!-- This site is optimized with the Yoast SEO plugin v27.4 - https:\/\/yoast.com\/product\/yoast-seo-wordpress\/ -->\n<title>PROGRAMM | MILANO SANREMO AMATORI | MAILAND SANREMO AMATEURE | 7. JUNI 2026 | OFFIZIELLE WEBSITE<\/title>\n<meta name=\"description\" content=\"Der Zeitplan enth\u00e4lt alle f\u00fcr das Gran Fondo Mailand San Remo cyclosportive 2023 wichtigen Vorstufen.\" \/>\n<meta name=\"robots\" content=\"index, follow, max-snippet:-1, max-image-preview:large, max-video-preview:-1\" \/>\n<link rel=\"canonical\" href=\"https:\/\/milano-sanremo.org\/de\/programm\/\" \/>\n<meta property=\"og:locale\" content=\"de_DE\" \/>\n<meta property=\"og:type\" content=\"article\" \/>\n<meta property=\"og:title\" content=\"PROGRAMM | MILANO SANREMO AMATORI | MAILAND SANREMO AMATEURE | 7. JUNI 2026 | OFFIZIELLE WEBSITE\" \/>\n<meta property=\"og:description\" content=\"Der Zeitplan enth\u00e4lt alle f\u00fcr das Gran Fondo Mailand San Remo cyclosportive 2023 wichtigen Vorstufen.\" \/>\n<meta property=\"og:url\" content=\"https:\/\/milano-sanremo.org\/de\/programm\/\" \/>\n<meta property=\"og:site_name\" content=\"MILANO SANREMO AMATORI\" \/>\n<meta property=\"article:modified_time\" content=\"2025-10-24T11:27:52+00:00\" \/>\n<meta name=\"twitter:card\" content=\"summary_large_image\" \/>\n<meta name=\"twitter:label1\" content=\"Gesch\u00e4tzte Lesezeit\" \/>\n\t<meta name=\"twitter:data1\" content=\"2\u00a0Minuten\" \/>\n<script type=\"application\/ld+json\" class=\"yoast-schema-graph\">{\"@context\":\"https:\\\/\\\/schema.org\",\"@graph\":[{\"@type\":\"WebPage\",\"@id\":\"https:\\\/\\\/milano-sanremo.org\\\/de\\\/programm\\\/\",\"url\":\"https:\\\/\\\/milano-sanremo.org\\\/de\\\/programm\\\/\",\"name\":\"PROGRAMM | MILANO SANREMO AMATORI | MAILAND SANREMO AMATEURE | 7. JUNI 2026 | OFFIZIELLE WEBSITE\",\"isPartOf\":{\"@id\":\"https:\\\/\\\/milano-sanremo.org\\\/de\\\/#website\"},\"datePublished\":\"2013-06-17T07:00:48+00:00\",\"dateModified\":\"2025-10-24T11:27:52+00:00\",\"description\":\"Der Zeitplan enth\u00e4lt alle f\u00fcr das Gran Fondo Mailand San Remo cyclosportive 2023 wichtigen Vorstufen.\",\"breadcrumb\":{\"@id\":\"https:\\\/\\\/milano-sanremo.org\\\/de\\\/programm\\\/#breadcrumb\"},\"inLanguage\":\"de\",\"potentialAction\":[{\"@type\":\"ReadAction\",\"target\":[\"https:\\\/\\\/milano-sanremo.org\\\/de\\\/programm\\\/\"]}]},{\"@type\":\"BreadcrumbList\",\"@id\":\"https:\\\/\\\/milano-sanremo.org\\\/de\\\/programm\\\/#breadcrumb\",\"itemListElement\":[{\"@type\":\"ListItem\",\"position\":1,\"name\":\"Home\",\"item\":\"https:\\\/\\\/milano-sanremo.org\\\/de\\\/\"},{\"@type\":\"ListItem\",\"position\":2,\"name\":\"PROGRAMM\"}]},{\"@type\":\"WebSite\",\"@id\":\"https:\\\/\\\/milano-sanremo.org\\\/de\\\/#website\",\"url\":\"https:\\\/\\\/milano-sanremo.org\\\/de\\\/\",\"name\":\"MILANO SANREMO AMATORI\",\"description\":\"MAILAND SANREMO AMATEURE | 7. JUNI 2026 | OFFIZIELLE WEBSITE\",\"potentialAction\":[{\"@type\":\"SearchAction\",\"target\":{\"@type\":\"EntryPoint\",\"urlTemplate\":\"https:\\\/\\\/milano-sanremo.org\\\/de\\\/?s={search_term_string}\"},\"query-input\":{\"@type\":\"PropertyValueSpecification\",\"valueRequired\":true,\"valueName\":\"search_term_string\"}}],\"inLanguage\":\"de\"}]}<\/script>\n<!-- \/ Yoast SEO plugin. -->","yoast_head_json":{"title":"PROGRAMM | MILANO SANREMO AMATORI | MAILAND SANREMO AMATEURE | 7. JUNI 2026 | OFFIZIELLE WEBSITE","description":"Der Zeitplan enth\u00e4lt alle f\u00fcr das Gran Fondo Mailand San Remo cyclosportive 2023 wichtigen Vorstufen.","robots":{"index":"index","follow":"follow","max-snippet":"max-snippet:-1","max-image-preview":"max-image-preview:large","max-video-preview":"max-video-preview:-1"},"canonical":"https:\/\/milano-sanremo.org\/de\/programm\/","og_locale":"de_DE","og_type":"article","og_title":"PROGRAMM | MILANO SANREMO AMATORI | MAILAND SANREMO AMATEURE | 7. JUNI 2026 | OFFIZIELLE WEBSITE","og_description":"Der Zeitplan enth\u00e4lt alle f\u00fcr das Gran Fondo Mailand San Remo cyclosportive 2023 wichtigen Vorstufen.","og_url":"https:\/\/milano-sanremo.org\/de\/programm\/","og_site_name":"MILANO SANREMO AMATORI","article_modified_time":"2025-10-24T11:27:52+00:00","twitter_card":"summary_large_image","twitter_misc":{"Gesch\u00e4tzte Lesezeit":"2\u00a0Minuten"},"schema":{"@context":"https:\/\/schema.org","@graph":[{"@type":"WebPage","@id":"https:\/\/milano-sanremo.org\/de\/programm\/","url":"https:\/\/milano-sanremo.org\/de\/programm\/","name":"PROGRAMM | MILANO SANREMO AMATORI | MAILAND SANREMO AMATEURE | 7. JUNI 2026 | OFFIZIELLE WEBSITE","isPartOf":{"@id":"https:\/\/milano-sanremo.org\/de\/#website"},"datePublished":"2013-06-17T07:00:48+00:00","dateModified":"2025-10-24T11:27:52+00:00","description":"Der Zeitplan enth\u00e4lt alle f\u00fcr das Gran Fondo Mailand San Remo cyclosportive 2023 wichtigen Vorstufen.","breadcrumb":{"@id":"https:\/\/milano-sanremo.org\/de\/programm\/#breadcrumb"},"inLanguage":"de","potentialAction":[{"@type":"ReadAction","target":["https:\/\/milano-sanremo.org\/de\/programm\/"]}]},{"@type":"BreadcrumbList","@id":"https:\/\/milano-sanremo.org\/de\/programm\/#breadcrumb","itemListElement":[{"@type":"ListItem","position":1,"name":"Home","item":"https:\/\/milano-sanremo.org\/de\/"},{"@type":"ListItem","position":2,"name":"PROGRAMM"}]},{"@type":"WebSite","@id":"https:\/\/milano-sanremo.org\/de\/#website","url":"https:\/\/milano-sanremo.org\/de\/","name":"MILANO SANREMO AMATORI","description":"MAILAND SANREMO AMATEURE | 7. JUNI 2026 | OFFIZIELLE WEBSITE","potentialAction":[{"@type":"SearchAction","target":{"@type":"EntryPoint","urlTemplate":"https:\/\/milano-sanremo.org\/de\/?s={search_term_string}"},"query-input":{"@type":"PropertyValueSpecification","valueRequired":true,"valueName":"search_term_string"}}],"inLanguage":"de"}]}},"_links":{"self":[{"href":"https:\/\/milano-sanremo.org\/de\/wp-json\/wp\/v2\/pages\/1645","targetHints":{"allow":["GET"]}}],"collection":[{"href":"https:\/\/milano-sanremo.org\/de\/wp-json\/wp\/v2\/pages"}],"about":[{"href":"https:\/\/milano-sanremo.org\/de\/wp-json\/wp\/v2\/types\/page"}],"author":[{"embeddable":true,"href":"https:\/\/milano-sanremo.org\/de\/wp-json\/wp\/v2\/users\/1"}],"replies":[{"embeddable":true,"href":"https:\/\/milano-sanremo.org\/de\/wp-json\/wp\/v2\/comments?post=1645"}],"version-history":[{"count":47,"href":"https:\/\/milano-sanremo.org\/de\/wp-json\/wp\/v2\/pages\/1645\/revisions"}],"predecessor-version":[{"id":15058,"href":"https:\/\/milano-sanremo.org\/de\/wp-json\/wp\/v2\/pages\/1645\/revisions\/15058"}],"wp:attachment":[{"href":"https:\/\/milano-sanremo.org\/de\/wp-json\/wp\/v2\/media?parent=1645"}],"curies":[{"name":"wp","href":"https:\/\/api.w.org\/{rel}","templated":true}]}}