{"id":1680,"date":"2013-06-17T07:44:29","date_gmt":"2013-06-17T07:44:29","guid":{"rendered":"http:\/\/milano-sanremo.org\/wordpress\/?page_id=1680"},"modified":"2026-01-30T11:19:36","modified_gmt":"2026-01-30T11:19:36","slug":"maglietta-ricordo-3","status":"publish","type":"page","link":"https:\/\/milano-sanremo.org\/de\/registrierung\/maglietta-ricordo-3\/","title":{"rendered":"Andenken-T-Shirts"},"content":{"rendered":"<p>[et_pb_section fb_built=&#8220;1&#8243; admin_label=&#8220;section&#8220; _builder_version=&#8220;4.16&#8243; global_colors_info=&#8220;{}&#8220;][et_pb_row admin_label=&#8220;row&#8220; _builder_version=&#8220;4.16&#8243; background_size=&#8220;initial&#8220; background_position=&#8220;top_left&#8220; background_repeat=&#8220;repeat&#8220; global_colors_info=&#8220;{}&#8220;][et_pb_column type=&#8220;4_4&#8243; _builder_version=&#8220;4.16&#8243; custom_padding=&#8220;|||&#8220; global_colors_info=&#8220;{}&#8220; custom_padding__hover=&#8220;|||&#8220;][et_pb_text admin_label=&#8220;Text&#8220; _builder_version=&#8220;4.27.5&#8243; background_size=&#8220;initial&#8220; background_position=&#8220;top_left&#8220; background_repeat=&#8220;repeat&#8220; hover_enabled=&#8220;0&#8243; global_colors_info=&#8220;{}&#8220; sticky_enabled=&#8220;0&#8243;]<\/p>\n<h3>All diejenigen, die sich noch vor dem 20. April anmelden, erhalten als Andenken an die Mailand- San Remo Amateur Radfernfahrt cyclosportive ein kostenloses T-Shirt.<\/h3>\n<p><a href=\"https:\/\/milano-sanremo.org\/wp-content\/uploads\/2026\/01\/maglia-milano-sanremo-2026.jpg\"><img loading=\"lazy\" decoding=\"async\" class=\"alignnone wp-image-15409 size-full\" src=\"https:\/\/milano-sanremo.org\/wp-content\/uploads\/2026\/01\/maglia-milano-sanremo-2026.jpg\" alt=\"maglia milano sanremo 2026\" width=\"1920\" height=\"1080\" srcset=\"https:\/\/milano-sanremo.org\/wp-content\/uploads\/2026\/01\/maglia-milano-sanremo-2026.jpg 1920w, https:\/\/milano-sanremo.org\/wp-content\/uploads\/2026\/01\/maglia-milano-sanremo-2026-1280x720.jpg 1280w, https:\/\/milano-sanremo.org\/wp-content\/uploads\/2026\/01\/maglia-milano-sanremo-2026-980x551.jpg 980w, https:\/\/milano-sanremo.org\/wp-content\/uploads\/2026\/01\/maglia-milano-sanremo-2026-480x270.jpg 480w\" sizes=\"(min-width: 0px) and (max-width: 480px) 480px, (min-width: 481px) and (max-width: 980px) 980px, (min-width: 981px) and (max-width: 1280px) 1280px, (min-width: 1281px) 1920px, 100vw\" \/><\/a><\/p>\n<h4>Um Ihr T-Shirt zu erhalten, m\u00fcssen Sie bis zum 20.Aoril bezahlt haben. Beachten Sie hierf\u00fcr bitte folgendes:<\/h4>\n<ul>\n<li>Bei Zahlungen via Kreditkarte oder PayPal ist das Datum der Zahlung ausschlaggebend.<\/li>\n<\/ul>\n<p>Da wir eine gewisse Zeit f\u00fcr die Produktion der T-Shirts einkalkulieren m\u00fcssen, k\u00f6nnen wir zu sp\u00e4t eingetroffene Zahlungen leider nicht ber\u00fccksichtigen.<\/p>\n<h4><span style=\"color: #ff0000;\">Falls Sie ein Souvenir-T-Shirt erhalten m\u00f6chten, raten wir Ihnen dazu, sich vor dem 20.April anzumelden.<br \/><\/span><\/h4>\n<h4>T-SHIRT GR\u00d6SSE<\/h4>\n<p>Die Bestellungen f\u00fcr Souvenir T-Shirts werden von unserem Computer System bearbeitet.<\/p>\n<h4>Daher ist es wichtig, dass Sie die korrekte Gr\u00f6\u00dfe angeben.<\/h4>\n<h4>Lesen Sie die Gr\u00f6\u00dfen- und Passformanleitung des offiziellen Souvenirtrikots.<\/h4>\n<p><img loading=\"lazy\" decoding=\"async\" class=\"alignnone size-full wp-image-10728\" src=\"https:\/\/milano-sanremo.org\/wp-content\/uploads\/2013\/06\/taglie_t-shirt_mi-sr2.jpg\" alt=\"\" width=\"650\" height=\"750\" srcset=\"https:\/\/milano-sanremo.org\/wp-content\/uploads\/2013\/06\/taglie_t-shirt_mi-sr2.jpg 650w, https:\/\/milano-sanremo.org\/wp-content\/uploads\/2013\/06\/taglie_t-shirt_mi-sr2-260x300.jpg 260w\" sizes=\"(max-width: 650px) 100vw, 650px\" \/><\/p>\n<p>Die Andenken T-Shirts werden entsprechend Ihrer Angaben bei der Registrierung bestellt.Sollten Sie eine \u00c4nderung w\u00fcnschen, muss diese bis sp\u00e4testens 20. April erfolgen.<\/p>\n<h4><span style=\"color: #ff0000;\">Nach dem 20. April sind keine \u00c4nderungen an den T-Shirt Gr\u00f6\u00dfen mehr m\u00f6glich. Weder online, noch bei der Abholung Ihres Rennpaketes.<br \/><\/span><\/h4>\n<p>[\/et_pb_text][\/et_pb_column][\/et_pb_row][\/et_pb_section]<\/p>\n","protected":false},"excerpt":{"rendered":"<p>All diejenigen, die sich noch vor dem 20. April anmelden, erhalten als Andenken an die Mailand- San Remo Amateur Radfernfahrt cyclosportive ein kostenloses T-Shirt. Um Ihr T-Shirt zu erhalten, m\u00fcssen Sie bis zum 20.Aoril bezahlt haben. Beachten Sie hierf\u00fcr bitte folgendes: Bei Zahlungen via Kreditkarte oder PayPal ist das Datum der Zahlung ausschlaggebend. Da wir [&hellip;]<\/p>\n","protected":false},"author":1,"featured_media":0,"parent":5502,"menu_order":0,"comment_status":"closed","ping_status":"closed","template":"","meta":{"_et_pb_use_builder":"on","_et_pb_old_content":"<h3>All diejenigen, die sich noch vor dem 20. April anmelden, erhalten als Andenken an die Mailand- San Remo Amateur Radfernfahrt cyclosportive ein kostenloses T-Shirt.<\/h3>\r\n<a href=\"https:\/\/milano-sanremo.org\/wp-content\/uploads\/2025\/02\/milano-sanremo-amatori-2025.jpeg\"><img class=\"aligncenter wp-image-14542 size-full\" src=\"https:\/\/milano-sanremo.org\/wp-content\/uploads\/2025\/02\/milano-sanremo-amatori-2025.jpeg\" alt=\"milano sanremo amatori 2025\" width=\"1600\" height=\"1043\"><\/a>\r\n<h4>Um Ihr T-Shirt zu erhalten, m\u00fcssen Sie bis zum 20.Aoril bezahlt haben. Beachten Sie hierf\u00fcr bitte folgendes:<\/h4>\r\n<ul>\r\n \t<li>Bei Zahlungen via Kreditkarte oder PayPal ist das Datum der Zahlung ausschlaggebend.<\/li>\r\n \t<li>Bei Zahlungen via Bank\u00fcberweisung ist das Datum, an dem Ihre Zahlung auf unserem Konto eingegangen ist ausschlaggebend.<\/li>\r\n<\/ul>\r\nDa wir eine gewisse Zeit f\u00fcr die Produktion der T-Shirts einkalkulieren m\u00fcssen, k\u00f6nnen wir zu sp\u00e4t eingetroffene Zahlungen leider nicht ber\u00fccksichtigen.\r\n<h4><span style=\"color: #ff0000;\">Falls Sie ein Souvenir-T-Shirt erhalten m\u00f6chten, raten wir Ihnen dazu, sich vor dem 20.April anzumelden.\r\n<\/span><\/h4>\r\n<h4>T-SHIRT GR\u00d6SSE<\/h4>\r\nDie Bestellungen f\u00fcr Souvenir T-Shirts werden von unserem Computer System bearbeitet.\r\n<h4>Daher ist es wichtig, dass Sie die korrekte Gr\u00f6\u00dfe angeben.<\/h4>\r\n<h4>Lesen Sie die Gr\u00f6\u00dfen- und Passformanleitung des offiziellen Souvenirtrikots.<\/h4>\r\n<img class=\"alignnone size-full wp-image-10728\" src=\"https:\/\/milano-sanremo.org\/wp-content\/uploads\/2013\/06\/taglie_t-shirt_mi-sr2.jpg\" alt=\"\" width=\"650\" height=\"750\">\r\n\r\nDie Andenken T-Shirts werden entsprechend Ihrer Angaben bei der Registrierung bestellt.Sollten Sie eine \u00c4nderung w\u00fcnschen, muss diese bis sp\u00e4testens 20. April erfolgen.\r\n<h4><span style=\"color: #ff0000;\">Nach dem 20. April sind keine \u00c4nderungen an den T-Shirt Gr\u00f6\u00dfen mehr m\u00f6glich. Weder online, noch bei der Abholung Ihres Rennpaketes.\r\n<\/span><\/h4>","_et_gb_content_width":"","ngg_post_thumbnail":0,"footnotes":""},"class_list":["post-1680","page","type-page","status-publish","hentry"],"yoast_head":"<!-- This site is optimized with the Yoast SEO plugin v27.4 - https:\/\/yoast.com\/product\/yoast-seo-wordpress\/ -->\n<title>Andenken-T-Shirts | MILANO SANREMO AMATORI | MAILAND SANREMO AMATEURE | 7. JUNI 2026 | OFFIZIELLE WEBSITE<\/title>\n<meta name=\"description\" content=\"All diejenigen, die sich noch vor dem 20. April anmelden, erhalten als Andenken an die Granfondo Mailand- San Remo Radfernfahrt cyclosportive ein kostenloses T-Shirt.\" \/>\n<meta name=\"robots\" content=\"index, follow, max-snippet:-1, max-image-preview:large, max-video-preview:-1\" \/>\n<link rel=\"canonical\" href=\"https:\/\/milano-sanremo.org\/de\/registrierung\/maglietta-ricordo-3\/\" \/>\n<meta property=\"og:locale\" content=\"de_DE\" \/>\n<meta property=\"og:type\" content=\"article\" \/>\n<meta property=\"og:title\" content=\"Andenken-T-Shirts | MILANO SANREMO AMATORI | MAILAND SANREMO AMATEURE | 7. JUNI 2026 | OFFIZIELLE WEBSITE\" \/>\n<meta property=\"og:description\" content=\"All diejenigen, die sich noch vor dem 20. April anmelden, erhalten als Andenken an die Granfondo Mailand- San Remo Radfernfahrt cyclosportive ein kostenloses T-Shirt.\" \/>\n<meta property=\"og:url\" content=\"https:\/\/milano-sanremo.org\/de\/registrierung\/maglietta-ricordo-3\/\" \/>\n<meta property=\"og:site_name\" content=\"MILANO SANREMO AMATORI\" \/>\n<meta property=\"article:modified_time\" content=\"2026-01-30T11:19:36+00:00\" \/>\n<meta property=\"og:image\" content=\"https:\/\/milano-sanremo.org\/wp-content\/uploads\/2026\/01\/maglia-milano-sanremo-2026.jpg\" \/>\n\t<meta property=\"og:image:width\" content=\"1920\" \/>\n\t<meta property=\"og:image:height\" content=\"1080\" \/>\n\t<meta property=\"og:image:type\" content=\"image\/jpeg\" \/>\n<meta name=\"twitter:card\" content=\"summary_large_image\" \/>\n<meta name=\"twitter:label1\" content=\"Gesch\u00e4tzte Lesezeit\" \/>\n\t<meta name=\"twitter:data1\" content=\"2\u00a0Minuten\" \/>\n<script type=\"application\/ld+json\" class=\"yoast-schema-graph\">{\"@context\":\"https:\\\/\\\/schema.org\",\"@graph\":[{\"@type\":\"WebPage\",\"@id\":\"https:\\\/\\\/milano-sanremo.org\\\/de\\\/registrierung\\\/maglietta-ricordo-3\\\/\",\"url\":\"https:\\\/\\\/milano-sanremo.org\\\/de\\\/registrierung\\\/maglietta-ricordo-3\\\/\",\"name\":\"Andenken-T-Shirts | MILANO SANREMO AMATORI | MAILAND SANREMO AMATEURE | 7. JUNI 2026 | OFFIZIELLE WEBSITE\",\"isPartOf\":{\"@id\":\"https:\\\/\\\/milano-sanremo.org\\\/de\\\/#website\"},\"primaryImageOfPage\":{\"@id\":\"https:\\\/\\\/milano-sanremo.org\\\/de\\\/registrierung\\\/maglietta-ricordo-3\\\/#primaryimage\"},\"image\":{\"@id\":\"https:\\\/\\\/milano-sanremo.org\\\/de\\\/registrierung\\\/maglietta-ricordo-3\\\/#primaryimage\"},\"thumbnailUrl\":\"https:\\\/\\\/milano-sanremo.org\\\/wp-content\\\/uploads\\\/2026\\\/01\\\/maglia-milano-sanremo-2026.jpg\",\"datePublished\":\"2013-06-17T07:44:29+00:00\",\"dateModified\":\"2026-01-30T11:19:36+00:00\",\"description\":\"All diejenigen, die sich noch vor dem 20. April anmelden, erhalten als Andenken an die Granfondo Mailand- San Remo Radfernfahrt cyclosportive ein kostenloses T-Shirt.\",\"breadcrumb\":{\"@id\":\"https:\\\/\\\/milano-sanremo.org\\\/de\\\/registrierung\\\/maglietta-ricordo-3\\\/#breadcrumb\"},\"inLanguage\":\"de\",\"potentialAction\":[{\"@type\":\"ReadAction\",\"target\":[\"https:\\\/\\\/milano-sanremo.org\\\/de\\\/registrierung\\\/maglietta-ricordo-3\\\/\"]}]},{\"@type\":\"ImageObject\",\"inLanguage\":\"de\",\"@id\":\"https:\\\/\\\/milano-sanremo.org\\\/de\\\/registrierung\\\/maglietta-ricordo-3\\\/#primaryimage\",\"url\":\"https:\\\/\\\/milano-sanremo.org\\\/wp-content\\\/uploads\\\/2026\\\/01\\\/maglia-milano-sanremo-2026.jpg\",\"contentUrl\":\"https:\\\/\\\/milano-sanremo.org\\\/wp-content\\\/uploads\\\/2026\\\/01\\\/maglia-milano-sanremo-2026.jpg\"},{\"@type\":\"BreadcrumbList\",\"@id\":\"https:\\\/\\\/milano-sanremo.org\\\/de\\\/registrierung\\\/maglietta-ricordo-3\\\/#breadcrumb\",\"itemListElement\":[{\"@type\":\"ListItem\",\"position\":1,\"name\":\"Home\",\"item\":\"https:\\\/\\\/milano-sanremo.org\\\/de\\\/\"},{\"@type\":\"ListItem\",\"position\":2,\"name\":\"REGISTRIERUNG\",\"item\":\"https:\\\/\\\/milano-sanremo.org\\\/de\\\/iscrizioni-2\\\/\"},{\"@type\":\"ListItem\",\"position\":3,\"name\":\"Andenken-T-Shirts\"}]},{\"@type\":\"WebSite\",\"@id\":\"https:\\\/\\\/milano-sanremo.org\\\/de\\\/#website\",\"url\":\"https:\\\/\\\/milano-sanremo.org\\\/de\\\/\",\"name\":\"MILANO SANREMO AMATORI\",\"description\":\"MAILAND SANREMO AMATEURE | 7. JUNI 2026 | OFFIZIELLE WEBSITE\",\"potentialAction\":[{\"@type\":\"SearchAction\",\"target\":{\"@type\":\"EntryPoint\",\"urlTemplate\":\"https:\\\/\\\/milano-sanremo.org\\\/de\\\/?s={search_term_string}\"},\"query-input\":{\"@type\":\"PropertyValueSpecification\",\"valueRequired\":true,\"valueName\":\"search_term_string\"}}],\"inLanguage\":\"de\"}]}<\/script>\n<!-- \/ Yoast SEO plugin. -->","yoast_head_json":{"title":"Andenken-T-Shirts | MILANO SANREMO AMATORI | MAILAND SANREMO AMATEURE | 7. JUNI 2026 | OFFIZIELLE WEBSITE","description":"All diejenigen, die sich noch vor dem 20. April anmelden, erhalten als Andenken an die Granfondo Mailand- San Remo Radfernfahrt cyclosportive ein kostenloses T-Shirt.","robots":{"index":"index","follow":"follow","max-snippet":"max-snippet:-1","max-image-preview":"max-image-preview:large","max-video-preview":"max-video-preview:-1"},"canonical":"https:\/\/milano-sanremo.org\/de\/registrierung\/maglietta-ricordo-3\/","og_locale":"de_DE","og_type":"article","og_title":"Andenken-T-Shirts | MILANO SANREMO AMATORI | MAILAND SANREMO AMATEURE | 7. JUNI 2026 | OFFIZIELLE WEBSITE","og_description":"All diejenigen, die sich noch vor dem 20. April anmelden, erhalten als Andenken an die Granfondo Mailand- San Remo Radfernfahrt cyclosportive ein kostenloses T-Shirt.","og_url":"https:\/\/milano-sanremo.org\/de\/registrierung\/maglietta-ricordo-3\/","og_site_name":"MILANO SANREMO AMATORI","article_modified_time":"2026-01-30T11:19:36+00:00","og_image":[{"width":1920,"height":1080,"url":"https:\/\/milano-sanremo.org\/wp-content\/uploads\/2026\/01\/maglia-milano-sanremo-2026.jpg","type":"image\/jpeg"}],"twitter_card":"summary_large_image","twitter_misc":{"Gesch\u00e4tzte Lesezeit":"2\u00a0Minuten"},"schema":{"@context":"https:\/\/schema.org","@graph":[{"@type":"WebPage","@id":"https:\/\/milano-sanremo.org\/de\/registrierung\/maglietta-ricordo-3\/","url":"https:\/\/milano-sanremo.org\/de\/registrierung\/maglietta-ricordo-3\/","name":"Andenken-T-Shirts | MILANO SANREMO AMATORI | MAILAND SANREMO AMATEURE | 7. JUNI 2026 | OFFIZIELLE WEBSITE","isPartOf":{"@id":"https:\/\/milano-sanremo.org\/de\/#website"},"primaryImageOfPage":{"@id":"https:\/\/milano-sanremo.org\/de\/registrierung\/maglietta-ricordo-3\/#primaryimage"},"image":{"@id":"https:\/\/milano-sanremo.org\/de\/registrierung\/maglietta-ricordo-3\/#primaryimage"},"thumbnailUrl":"https:\/\/milano-sanremo.org\/wp-content\/uploads\/2026\/01\/maglia-milano-sanremo-2026.jpg","datePublished":"2013-06-17T07:44:29+00:00","dateModified":"2026-01-30T11:19:36+00:00","description":"All diejenigen, die sich noch vor dem 20. April anmelden, erhalten als Andenken an die Granfondo Mailand- San Remo Radfernfahrt cyclosportive ein kostenloses T-Shirt.","breadcrumb":{"@id":"https:\/\/milano-sanremo.org\/de\/registrierung\/maglietta-ricordo-3\/#breadcrumb"},"inLanguage":"de","potentialAction":[{"@type":"ReadAction","target":["https:\/\/milano-sanremo.org\/de\/registrierung\/maglietta-ricordo-3\/"]}]},{"@type":"ImageObject","inLanguage":"de","@id":"https:\/\/milano-sanremo.org\/de\/registrierung\/maglietta-ricordo-3\/#primaryimage","url":"https:\/\/milano-sanremo.org\/wp-content\/uploads\/2026\/01\/maglia-milano-sanremo-2026.jpg","contentUrl":"https:\/\/milano-sanremo.org\/wp-content\/uploads\/2026\/01\/maglia-milano-sanremo-2026.jpg"},{"@type":"BreadcrumbList","@id":"https:\/\/milano-sanremo.org\/de\/registrierung\/maglietta-ricordo-3\/#breadcrumb","itemListElement":[{"@type":"ListItem","position":1,"name":"Home","item":"https:\/\/milano-sanremo.org\/de\/"},{"@type":"ListItem","position":2,"name":"REGISTRIERUNG","item":"https:\/\/milano-sanremo.org\/de\/iscrizioni-2\/"},{"@type":"ListItem","position":3,"name":"Andenken-T-Shirts"}]},{"@type":"WebSite","@id":"https:\/\/milano-sanremo.org\/de\/#website","url":"https:\/\/milano-sanremo.org\/de\/","name":"MILANO SANREMO AMATORI","description":"MAILAND SANREMO AMATEURE | 7. JUNI 2026 | OFFIZIELLE WEBSITE","potentialAction":[{"@type":"SearchAction","target":{"@type":"EntryPoint","urlTemplate":"https:\/\/milano-sanremo.org\/de\/?s={search_term_string}"},"query-input":{"@type":"PropertyValueSpecification","valueRequired":true,"valueName":"search_term_string"}}],"inLanguage":"de"}]}},"_links":{"self":[{"href":"https:\/\/milano-sanremo.org\/de\/wp-json\/wp\/v2\/pages\/1680","targetHints":{"allow":["GET"]}}],"collection":[{"href":"https:\/\/milano-sanremo.org\/de\/wp-json\/wp\/v2\/pages"}],"about":[{"href":"https:\/\/milano-sanremo.org\/de\/wp-json\/wp\/v2\/types\/page"}],"author":[{"embeddable":true,"href":"https:\/\/milano-sanremo.org\/de\/wp-json\/wp\/v2\/users\/1"}],"replies":[{"embeddable":true,"href":"https:\/\/milano-sanremo.org\/de\/wp-json\/wp\/v2\/comments?post=1680"}],"version-history":[{"count":31,"href":"https:\/\/milano-sanremo.org\/de\/wp-json\/wp\/v2\/pages\/1680\/revisions"}],"predecessor-version":[{"id":15418,"href":"https:\/\/milano-sanremo.org\/de\/wp-json\/wp\/v2\/pages\/1680\/revisions\/15418"}],"up":[{"embeddable":true,"href":"https:\/\/milano-sanremo.org\/de\/wp-json\/wp\/v2\/pages\/5502"}],"wp:attachment":[{"href":"https:\/\/milano-sanremo.org\/de\/wp-json\/wp\/v2\/media?parent=1680"}],"curies":[{"name":"wp","href":"https:\/\/api.w.org\/{rel}","templated":true}]}}