{"id":1707,"date":"2013-06-17T08:27:36","date_gmt":"2013-06-17T08:27:36","guid":{"rendered":"http:\/\/milano-sanremo.org\/wordpress\/?page_id=1707"},"modified":"2019-10-11T10:36:08","modified_gmt":"2019-10-11T10:36:08","slug":"hotel","status":"publish","type":"page","link":"https:\/\/milano-sanremo.org\/de\/reisen\/hotel\/","title":{"rendered":"HOTELS"},"content":{"rendered":"<h2><span style=\"color: #000000;\">Wir haben uns mit den Hotels rund um Mailand und San Remo zusammengeschlossen, um Ihnen, den Teilnehmern des Granfondo Amateurradrennens Mailand-San Remo den bestm\u00f6glichen Service und die bestm\u00f6glichen Preise und Konditionen zu bieten.<\/span><\/h2>\n<h4><span style=\"color: #000000;\">Alle Hotels auf unserer Seite sind EXKLUSIV und bieten SONDERRATEN f\u00fcr Veranstaltungsteilnehmer. <\/span><\/h4>\n<h4><span style=\"color: #000000;\">Dies ist darauf zur\u00fcckzuf\u00fchren, dass wir eine gro\u00dfe Anzahl an \u00dcbernachtungen buchen.<\/span><\/h4>\n<p style=\"text-align: center;\"><a href='https:\/\/booking.milano-sanremo.org\/index.php?lang=de' class='small-button smallbluebtn_red'>Jetzt buchen!<\/a><\/p>\n<p>&nbsp;<\/p>\n<p><strong>SONDERRATEN<\/strong><\/p>\n<p>DIE SONDERRATEN GELTEN NUR F\u00dcR BUCHUNGEN DIREKT \u00dcBER UNSERE WEBSEITE!<\/p>\n<table style=\"width: 100%;\">\n<thead>\n<tr>\n<th style=\"width: 15%; background-color: red;\"><span style=\"font-size: 12px; color: white;\">Ort<\/span><\/th>\n<th style=\"width: 15%; background-color: red;\"><span style=\"font-size: 12px; color: white;\">Unterkunft<\/span><\/th>\n<th style=\"width: 15%; background-color: red;\"><span style=\"font-size: 12px; color: white;\">Doppelzimmer geteilt<\/span><\/th>\n<th style=\"width: 15%; background-color: red;\"><span style=\"font-size: 12px; color: white;\">Einzel- zimmer<\/span><\/th>\n<th style=\"width: 15%; background-color: red;\"><span style=\"font-size: 12px; color: white;\">Doppel- zimmer<\/span><\/th>\n<th style=\"width: 15%; background-color: red;\"><span style=\"font-size: 12px; color: white;\">3 Betten<\/span><\/th>\n<\/tr>\n<tr>\n<td>HOTEL RIPAMONTI<\/td>\n<td>Bed &amp; Breakfast<\/td>\n<td style=\"text-align: center;\">66.00\u20ac<\/td>\n<td style=\"text-align: center;\">95.00\u20ac<\/td>\n<td style=\"text-align: center;\">57.50\u20ac<\/td>\n<td style=\"text-align: center;\">58.30\u20ac<\/td>\n<\/tr>\n<tr>\n<td>&nbsp;<\/td>\n<td>Halbpension<\/td>\n<td style=\"text-align: center;\">95.00\u20ac<\/td>\n<td style=\"text-align: center;\">124.00\u20ac<\/td>\n<td style=\"text-align: center;\">86.50\u20ac<\/td>\n<td style=\"text-align: center;\">87.30\u20ac<\/td>\n<\/tr>\n<tr>\n<td>HOTEL SAN REMO 4 STERNE<\/td>\n<td>Bed &amp; Breakfast<\/td>\n<td style=\"text-align: center;\">59.00\u20ac<\/td>\n<td style=\"text-align: center;\">78.00 \u20ac<\/td>\n<td style=\"text-align: center;\">54.00 \u20ac<\/td>\n<td style=\"text-align: center;\">46.00 \u20ac<\/td>\n<\/tr>\n<tr>\n<td>&nbsp;<\/td>\n<td>Halbpension<\/td>\n<td style=\"text-align: center;\">81.00\u20ac<\/td>\n<td style=\"text-align: center;\">100.00 \u20ac<\/td>\n<td style=\"text-align: center;\">76.00 \u20ac<\/td>\n<td style=\"text-align: center;\">68.00 \u20ac<\/td>\n<\/tr>\n<\/thead>\n<\/table>\n<p style=\"text-align: center;\"><strong>*Die Preise sind pro Person und pro Tag<\/strong><\/p>\n<p style=\"text-align: center;\"><strong>Die Touristensteuer von 2,40 \u20ac ist nicht mit inbegriffen: muss vor Ort bezahlt werden.<\/strong><\/p>\n<p>&nbsp;<\/p>\n<p><strong>Fr\u00fchbuchertarif<\/strong><\/p>\n<p>Der Fr\u00fchbuchertarif ist g\u00fcltig bei Reservierungen, die bis zum 31. Januar gebucht und vollst\u00e4ndig bezahlt wurden. Der Fr\u00fchbuchertarif ist aus keinem Grund erstattungsf\u00e4hig, ob genutzt oder nicht.<\/p>\n<p>&nbsp;<\/p>\n<table>\n<thead>\n<tr>\n<th style=\"width: 15%; background-color: red;\"><span style=\"font-size: 12px; color: white;\">Ort<\/span><\/th>\n<th style=\"width: 15%; background-color: red;\"><span style=\"font-size: 12px; color: white;\">Unterkunft<\/span><\/th>\n<th style=\"width: 15%; background-color: red;\"><span style=\"font-size: 12px; color: white;\">Doppelzimmer geteilt<\/span><\/th>\n<th style=\"width: 15%; background-color: red;\"><span style=\"font-size: 12px; color: white;\">Einzel- zimmer<\/span><\/th>\n<th style=\"width: 15%; background-color: red;\"><span style=\"font-size: 12px; color: white;\">Doppel- zimmer<\/span><\/th>\n<th style=\"width: 15%; background-color: red;\"><span style=\"font-size: 12px; color: white;\">3 Betten<\/span><\/th>\n<\/tr>\n<tr>\n<td>HOTEL RIPAMONTI<\/td>\n<td>Bed &amp; Breakfast<\/td>\n<td style=\"text-align: center;\">60.00 \u20ac<\/td>\n<td>86.00 \u20ac<\/td>\n<td>52.00 \u20ac<\/td>\n<td>52.60 \u20ac<\/td>\n<\/tr>\n<tr>\n<td>&nbsp;<\/td>\n<td>Halbpension<\/td>\n<td style=\"text-align: center;\">88.00 \u20ac<\/td>\n<td>114.00 \u20ac<\/td>\n<td>80.00 \u20ac<\/td>\n<td>80.60 \u20ac<\/td>\n<\/tr>\n<tr>\n<td>HOTEL SAN REMO 4 STERNE<\/td>\n<td>Bed &amp; Breakfast<\/td>\n<td style=\"text-align: center;\">50.00\u20ac<\/td>\n<td>65.10 \u20ac<\/td>\n<td>45.10 \u20ac<\/td>\n<td>38.41 \u20ac<\/td>\n<\/tr>\n<tr>\n<td>&nbsp;<\/td>\n<td>Halbpension<\/td>\n<td style=\"text-align: center;\">72.00\u20ac<\/td>\n<td>87.10 \u20ac<\/td>\n<td>67.10 \u20ac<\/td>\n<td>60.41 \u20ac<\/td>\n<\/tr>\n<\/thead>\n<\/table>\n<p>&nbsp;<\/p>\n<p><strong>Unsere Hotels in MAILAND bieten:<\/strong><\/p>\n<ul>\n<li>Die M\u00f6glichkeit das Fahrrad mit auf das Zimmer zu nehmen.<\/li>\n<li>Fr\u00fchst\u00fcck reich an Kohledydraten zur St\u00e4rkung vor dem Rennen, um 4:30-5:30 Uhr<\/li>\n<\/ul>\n<p><strong>In San Remo erwartet Sie folgendes:<br \/>\n<\/strong><\/p>\n<ul>\n<li>Kostenloser Transport vom Palafiori (Ankunft des Rennens) zu den Hotels<\/li>\n<li>Die M\u00f6glichkeit das Fahrrad mit auf das Zimmer zu nehmen.<\/li>\n<li>Abendessen am Abend des Rennens bis 21:30 Uhr Abends f\u00fcr diejenige, die Halbpension gebucht haben.<\/li>\n<\/ul>\n<p>&nbsp;<\/p>\n<p><span style=\"text-decoration: underline;\">Wichtiger Hinweis:<\/span><\/p>\n<p>Wegen des erstaunlichen Wachstums der Veranstaltung in den letzten Jahren haben wir in diesem Jahr eine gr\u00f6\u00dfere Anzahl von Hotels als zuvor eingeplant. Es ist m\u00f6glich, dass wir im Laufe des Jahres noch weitere Abkommen mit anderen Hotels abschliessen werden. Wir werden diese Informationen umgehend auf unsere Webseite hochladen.<\/p>\n<p>Des Weiteren kann es vorkommen, dass wir nicht immer Ihrer ersten Wahl nachkommen k\u00f6nnen, was beispielsweise die Betten (zwei Einzelbetten oder ein Doppelbett) betrifft.<\/p>\n<p>&nbsp;<\/p>\n<p><strong>HOTEL BELEGE<\/strong><\/p>\n<p>Das genaue Hotel wird 15\/20 Tage vor der Veranstaltung zugeteilt werden.<\/p>\n<p>Die Gutscheine f\u00fcr die Hotels m\u00fcssen der Person an der Rezeption bei der Ankunft im Hotel gegeben werden, die in dem Registrierungsabschnitt der Webseite f\u00fcr ungef\u00e4hr 15 Tage vor dem Rennen verf\u00fcgbar sein werden.<\/p>\n<ol>\n<li>Klicken Sie auf \u201eAnmeldung\u201d<\/li>\n<li>Geben Sie Ihren Benutzernamen und Kennwort ein<\/li>\n<li>Klicken Sie auf den Link in der User Menu \u201cReservierungen\u201d<\/li>\n<li>Klicken Sie auf den Link \u201cBeleg Hotel San Remo\u201d oder \u201cBeleg Hotel Mailand\u201d<\/li>\n<li>Drucken Sie Ihren Beleg aus<\/li>\n<\/ol>\n<p>&nbsp;<\/p>\n<p><strong>STORNIERUNGEN<\/strong><\/p>\n<p>Lesen Sie bitte sorgf\u00e4ltig die Reservierungsregeln \u00fcber dieses Produkt auf <a href=\"https:\/\/milano-sanremo.org\/de\/1625-2\/reservierungsregeln\/\" target=\"_blank\" rel=\"noopener noreferrer\">der folgenden Seite<\/a>.<\/p>\n<p>&nbsp;<\/p>\n","protected":false},"excerpt":{"rendered":"<p>Wir haben uns mit den Hotels rund um Mailand und San Remo zusammengeschlossen, um Ihnen, den Teilnehmern des Granfondo Amateurradrennens Mailand-San Remo den bestm\u00f6glichen Service und die bestm\u00f6glichen Preise und Konditionen zu bieten. Alle Hotels auf unserer Seite sind EXKLUSIV und bieten SONDERRATEN f\u00fcr Veranstaltungsteilnehmer. Dies ist darauf zur\u00fcckzuf\u00fchren, dass wir eine gro\u00dfe Anzahl an [&hellip;]<\/p>\n","protected":false},"author":1,"featured_media":0,"parent":1694,"menu_order":0,"comment_status":"closed","ping_status":"closed","template":"","meta":{"_et_pb_use_builder":"","_et_pb_old_content":"","_et_gb_content_width":"","ngg_post_thumbnail":0,"footnotes":""},"class_list":["post-1707","page","type-page","status-publish","hentry"],"yoast_head":"<!-- This site is optimized with the Yoast SEO plugin v27.5 - https:\/\/yoast.com\/product\/yoast-seo-wordpress\/ -->\n<title>HOTELS | MILANO SANREMO AMATORI | MAILAND SANREMO AMATEURE | 7. JUNI 2026 | OFFIZIELLE WEBSITE<\/title>\n<meta name=\"description\" content=\"HOTELS\" \/>\n<meta name=\"robots\" content=\"index, follow, max-snippet:-1, max-image-preview:large, max-video-preview:-1\" \/>\n<link rel=\"canonical\" href=\"https:\/\/milano-sanremo.org\/de\/reisen\/hotel\/\" \/>\n<meta property=\"og:locale\" content=\"de_DE\" \/>\n<meta property=\"og:type\" content=\"article\" \/>\n<meta property=\"og:title\" content=\"HOTELS | MILANO SANREMO AMATORI | MAILAND SANREMO AMATEURE | 7. JUNI 2026 | OFFIZIELLE WEBSITE\" \/>\n<meta property=\"og:description\" content=\"HOTELS\" \/>\n<meta property=\"og:url\" content=\"https:\/\/milano-sanremo.org\/de\/reisen\/hotel\/\" \/>\n<meta property=\"og:site_name\" content=\"MILANO SANREMO AMATORI\" \/>\n<meta property=\"article:modified_time\" content=\"2019-10-11T10:36:08+00:00\" \/>\n<meta name=\"twitter:card\" content=\"summary_large_image\" \/>\n<meta name=\"twitter:label1\" content=\"Gesch\u00e4tzte Lesezeit\" \/>\n\t<meta name=\"twitter:data1\" content=\"2\u00a0Minuten\" \/>\n<script type=\"application\/ld+json\" class=\"yoast-schema-graph\">{\"@context\":\"https:\\\/\\\/schema.org\",\"@graph\":[{\"@type\":\"WebPage\",\"@id\":\"https:\\\/\\\/milano-sanremo.org\\\/de\\\/reisen\\\/hotel\\\/\",\"url\":\"https:\\\/\\\/milano-sanremo.org\\\/de\\\/reisen\\\/hotel\\\/\",\"name\":\"HOTELS | MILANO SANREMO AMATORI | MAILAND SANREMO AMATEURE | 7. JUNI 2026 | OFFIZIELLE WEBSITE\",\"isPartOf\":{\"@id\":\"https:\\\/\\\/milano-sanremo.org\\\/de\\\/#website\"},\"datePublished\":\"2013-06-17T08:27:36+00:00\",\"dateModified\":\"2019-10-11T10:36:08+00:00\",\"description\":\"HOTELS\",\"breadcrumb\":{\"@id\":\"https:\\\/\\\/milano-sanremo.org\\\/de\\\/reisen\\\/hotel\\\/#breadcrumb\"},\"inLanguage\":\"de\",\"potentialAction\":[{\"@type\":\"ReadAction\",\"target\":[\"https:\\\/\\\/milano-sanremo.org\\\/de\\\/reisen\\\/hotel\\\/\"]}]},{\"@type\":\"BreadcrumbList\",\"@id\":\"https:\\\/\\\/milano-sanremo.org\\\/de\\\/reisen\\\/hotel\\\/#breadcrumb\",\"itemListElement\":[{\"@type\":\"ListItem\",\"position\":1,\"name\":\"Home\",\"item\":\"https:\\\/\\\/milano-sanremo.org\\\/de\\\/\"},{\"@type\":\"ListItem\",\"position\":2,\"name\":\"REISEN\",\"item\":\"https:\\\/\\\/milano-sanremo.org\\\/de\\\/viaggio\\\/\"},{\"@type\":\"ListItem\",\"position\":3,\"name\":\"HOTELS\"}]},{\"@type\":\"WebSite\",\"@id\":\"https:\\\/\\\/milano-sanremo.org\\\/de\\\/#website\",\"url\":\"https:\\\/\\\/milano-sanremo.org\\\/de\\\/\",\"name\":\"MILANO SANREMO AMATORI\",\"description\":\"MAILAND SANREMO AMATEURE | 7. JUNI 2026 | OFFIZIELLE WEBSITE\",\"potentialAction\":[{\"@type\":\"SearchAction\",\"target\":{\"@type\":\"EntryPoint\",\"urlTemplate\":\"https:\\\/\\\/milano-sanremo.org\\\/de\\\/?s={search_term_string}\"},\"query-input\":{\"@type\":\"PropertyValueSpecification\",\"valueRequired\":true,\"valueName\":\"search_term_string\"}}],\"inLanguage\":\"de\"}]}<\/script>\n<!-- \/ Yoast SEO plugin. -->","yoast_head_json":{"title":"HOTELS | MILANO SANREMO AMATORI | MAILAND SANREMO AMATEURE | 7. JUNI 2026 | OFFIZIELLE WEBSITE","description":"HOTELS","robots":{"index":"index","follow":"follow","max-snippet":"max-snippet:-1","max-image-preview":"max-image-preview:large","max-video-preview":"max-video-preview:-1"},"canonical":"https:\/\/milano-sanremo.org\/de\/reisen\/hotel\/","og_locale":"de_DE","og_type":"article","og_title":"HOTELS | MILANO SANREMO AMATORI | MAILAND SANREMO AMATEURE | 7. JUNI 2026 | OFFIZIELLE WEBSITE","og_description":"HOTELS","og_url":"https:\/\/milano-sanremo.org\/de\/reisen\/hotel\/","og_site_name":"MILANO SANREMO AMATORI","article_modified_time":"2019-10-11T10:36:08+00:00","twitter_card":"summary_large_image","twitter_misc":{"Gesch\u00e4tzte Lesezeit":"2\u00a0Minuten"},"schema":{"@context":"https:\/\/schema.org","@graph":[{"@type":"WebPage","@id":"https:\/\/milano-sanremo.org\/de\/reisen\/hotel\/","url":"https:\/\/milano-sanremo.org\/de\/reisen\/hotel\/","name":"HOTELS | MILANO SANREMO AMATORI | MAILAND SANREMO AMATEURE | 7. JUNI 2026 | OFFIZIELLE WEBSITE","isPartOf":{"@id":"https:\/\/milano-sanremo.org\/de\/#website"},"datePublished":"2013-06-17T08:27:36+00:00","dateModified":"2019-10-11T10:36:08+00:00","description":"HOTELS","breadcrumb":{"@id":"https:\/\/milano-sanremo.org\/de\/reisen\/hotel\/#breadcrumb"},"inLanguage":"de","potentialAction":[{"@type":"ReadAction","target":["https:\/\/milano-sanremo.org\/de\/reisen\/hotel\/"]}]},{"@type":"BreadcrumbList","@id":"https:\/\/milano-sanremo.org\/de\/reisen\/hotel\/#breadcrumb","itemListElement":[{"@type":"ListItem","position":1,"name":"Home","item":"https:\/\/milano-sanremo.org\/de\/"},{"@type":"ListItem","position":2,"name":"REISEN","item":"https:\/\/milano-sanremo.org\/de\/viaggio\/"},{"@type":"ListItem","position":3,"name":"HOTELS"}]},{"@type":"WebSite","@id":"https:\/\/milano-sanremo.org\/de\/#website","url":"https:\/\/milano-sanremo.org\/de\/","name":"MILANO SANREMO AMATORI","description":"MAILAND SANREMO AMATEURE | 7. JUNI 2026 | OFFIZIELLE WEBSITE","potentialAction":[{"@type":"SearchAction","target":{"@type":"EntryPoint","urlTemplate":"https:\/\/milano-sanremo.org\/de\/?s={search_term_string}"},"query-input":{"@type":"PropertyValueSpecification","valueRequired":true,"valueName":"search_term_string"}}],"inLanguage":"de"}]}},"_links":{"self":[{"href":"https:\/\/milano-sanremo.org\/de\/wp-json\/wp\/v2\/pages\/1707","targetHints":{"allow":["GET"]}}],"collection":[{"href":"https:\/\/milano-sanremo.org\/de\/wp-json\/wp\/v2\/pages"}],"about":[{"href":"https:\/\/milano-sanremo.org\/de\/wp-json\/wp\/v2\/types\/page"}],"author":[{"embeddable":true,"href":"https:\/\/milano-sanremo.org\/de\/wp-json\/wp\/v2\/users\/1"}],"replies":[{"embeddable":true,"href":"https:\/\/milano-sanremo.org\/de\/wp-json\/wp\/v2\/comments?post=1707"}],"version-history":[{"count":28,"href":"https:\/\/milano-sanremo.org\/de\/wp-json\/wp\/v2\/pages\/1707\/revisions"}],"predecessor-version":[{"id":11365,"href":"https:\/\/milano-sanremo.org\/de\/wp-json\/wp\/v2\/pages\/1707\/revisions\/11365"}],"up":[{"embeddable":true,"href":"https:\/\/milano-sanremo.org\/de\/wp-json\/wp\/v2\/pages\/1694"}],"wp:attachment":[{"href":"https:\/\/milano-sanremo.org\/de\/wp-json\/wp\/v2\/media?parent=1707"}],"curies":[{"name":"wp","href":"https:\/\/api.w.org\/{rel}","templated":true}]}}