{"id":1749,"date":"2013-06-17T09:55:37","date_gmt":"2013-06-17T09:55:37","guid":{"rendered":"http:\/\/milano-sanremo.org\/wordpress\/?page_id=1749"},"modified":"2026-03-25T13:13:12","modified_gmt":"2026-03-25T13:13:12","slug":"nyala-bike-hotel-4","status":"publish","type":"page","link":"https:\/\/milano-sanremo.org\/de\/reisen\/hotel\/nyala-bike-hotel-4\/","title":{"rendered":"HOTEL IN SAN REMO"},"content":{"rendered":"<p>[et_pb_section fb_built=&#8220;1&#8243; admin_label=&#8220;section&#8220; _builder_version=&#8220;4.16&#8243; global_colors_info=&#8220;{}&#8220;][et_pb_row _builder_version=&#8220;4.19.5&#8243; background_size=&#8220;initial&#8220; background_position=&#8220;top_left&#8220; background_repeat=&#8220;repeat&#8220; locked=&#8220;off&#8220; global_colors_info=&#8220;{}&#8220;][et_pb_column type=&#8220;4_4&#8243; _builder_version=&#8220;4.16&#8243; custom_padding=&#8220;|||&#8220; global_colors_info=&#8220;{}&#8220; custom_padding__hover=&#8220;|||&#8220;][et_pb_text admin_label=&#8220;Sottotitolo&#8220; _builder_version=&#8220;4.19.5&#8243; background_size=&#8220;initial&#8220; background_position=&#8220;top_left&#8220; background_repeat=&#8220;repeat&#8220; global_colors_info=&#8220;{}&#8220;]<\/p>\n<h2 style=\"text-align: center;\">BUCHEN SIE DAS OFFIZIELLE HOTEL DER VERANSTALTUNG NUR AUF UNSERER WEBSITE !<\/h2>\n<p>&nbsp;<\/p>\n<p>[\/et_pb_text][et_pb_text admin_label=&#8220;Servizi&#8220; _builder_version=&#8220;4.19.5&#8243; _module_preset=&#8220;default&#8220; global_colors_info=&#8220;{}&#8220;]<\/p>\n<h3><span style=\"color: #ff0000;\">EXKLUSIVE DIENSTLEISTUNGEN F\u00dcR TEILNEHMER, DIE \u00dcBER UNSERE WEBSITE BUCHEN<\/span><\/h3>\n<ul>\n<li><strong><span style=\"color: #ff0000; font-size: large;\">Kostenloser Transport vom Palafiori (Ankunft des Rennens) zu den Hotels<br \/><\/span><\/strong><\/li>\n<li><strong><span style=\"color: #ff0000; font-size: large;\">Die M\u00f6glichkeit das Fahrrad mit auf das Zimmer zu nehmen<\/span><\/strong><\/li>\n<li><strong><span style=\"color: #ff0000; font-size: large;\">Abendessen am Abend des Rennens bis 21:30 Uhr Abends f\u00fcr diejenige, die Halbpension gebucht haben<\/span><\/strong><\/li>\n<\/ul>\n<p>It happens that it will not always be possible to provide everyone with their first choice as indicated in their booking preferences, for example the type of beds in the double rooms (double bed or twin beds).<\/p>\n<p>[\/et_pb_text][\/et_pb_column][\/et_pb_row][et_pb_row _builder_version=&#8220;4.19.5&#8243; _module_preset=&#8220;default&#8220; width=&#8220;100%&#8220; locked=&#8220;off&#8220; global_colors_info=&#8220;{}&#8220;][et_pb_column type=&#8220;4_4&#8243; _builder_version=&#8220;4.19.5&#8243; _module_preset=&#8220;default&#8220; global_colors_info=&#8220;{}&#8220;][et_pb_text admin_label=&#8220;Sottotitolo&#8220; _builder_version=&#8220;4.19.5&#8243; background_size=&#8220;initial&#8220; background_position=&#8220;top_left&#8220; background_repeat=&#8220;repeat&#8220; global_colors_info=&#8220;{}&#8220;]<\/p>\n<h2 style=\"text-align: center;\">BIKE HOTEL SANREMO &#8211; Unsere Exklusivit\u00e4t<\/h2>\n<p>[\/et_pb_text][et_pb_pricing_tables featured_table_header_background_color=&#8220;#E02B20&#8243; header_background_color=&#8220;#E02B20&#8243; _builder_version=&#8220;4.19.5&#8243; _module_preset=&#8220;default&#8220; body_text_align=&#8220;center&#8220; width=&#8220;100%&#8220; custom_padding=&#8220;0px|||||&#8220; locked=&#8220;off&#8220; global_colors_info=&#8220;{}&#8220;][et_pb_pricing_table title=&#8220;DOPPELZIMMER ZUR EINZELNUTZUNG&#8220; currency=&#8220;\u20ac&#8220; per=&#8220;pro person und nacht&#8220; sum=&#8220;180,00&#8243; button_url=&#8220;https:\/\/www.runtosanremo.it\/en\/granfondo-milano-sanremo\/&#8220; url_new_window=&#8220;on&#8220; button_text=&#8220;JETZT BUCHEN&#8220; header_background_color=&#8220;#E02B20&#8243; _builder_version=&#8220;4.19.5&#8243; _module_preset=&#8220;default&#8220; header_level=&#8220;h1&#8243; custom_padding=&#8220;10px||||false|false&#8220; global_colors_info=&#8220;{}&#8220; sticky_transition=&#8220;on&#8220;]Unsere Exklusivit\u00e4t anl\u00e4sslich der MILANO SANREMO CYCLOSPORTIVE.<br \/>\nL\u00f6sung: Einzelzimmer in einem Doppelzimmer (f\u00fcr 1 Person)<br \/>\nFr\u00fchst\u00fcck inbegriffen[\/et_pb_pricing_table][et_pb_pricing_table title=&#8220;DOPPELZIMMER&#8220; currency=&#8220;\u20ac&#8220; per=&#8220;pro person und nacht&#8220; sum=&#8220;140,00&#8243; button_url=&#8220;https:\/\/www.runtosanremo.it\/en\/granfondo-milano-sanremo\/&#8220; url_new_window=&#8220;on&#8220; button_text=&#8220;JETZT BUCHEN&#8220; header_background_color=&#8220;#E02B20&#8243; _builder_version=&#8220;4.19.5&#8243; _module_preset=&#8220;default&#8220; header_level=&#8220;h1&#8243; custom_padding=&#8220;10px||||false|false&#8220; global_colors_info=&#8220;{}&#8220; sticky_transition=&#8220;on&#8220;]Unsere Exklusivit\u00e4t anl\u00e4sslich der MILANO SANREMO CYCLOSPORTIVE<br \/>\nL\u00f6sung: Doppelzimmer (f\u00fcr 2 Person)<br \/>\nFr\u00fchst\u00fcck inbegriffen[\/et_pb_pricing_table][\/et_pb_pricing_tables][et_pb_text admin_label=&#8220;informazioni&#8220; _builder_version=&#8220;4.19.5&#8243; background_size=&#8220;initial&#8220; background_position=&#8220;top_left&#8220; background_repeat=&#8220;repeat&#8220; global_colors_info=&#8220;{}&#8220;]<\/p>\n<p><strong>Die Touristensteuer von 2,40 \u20ac ist nicht mit inbegriffen: muss vor Ort bezahlt werden.<\/strong><\/p>\n<h4>HOTEL-GUTSCHEINE<\/h4>\n<p>Das genaue Hotel wird 15\/20 Tage vor der Veranstaltung zugeteilt werden<br \/>\nDer Gutschein wird per E-Mail verschickt\n<\/p>\n<h4>STORNIERUNGEN<\/h4>\n<p>Lesen Sie bitte sorgf\u00e4ltig die Reservierungsregeln \u00fcber dieses Produkt auf <a href=\"https:\/\/milano-sanremo.org\/de\/1625-2\/reservierungsregeln\/\" target=\"_blank\" rel=\"noopener noreferrer\">der folgenden Seite<\/a>.<\/p>\n<p>[\/et_pb_text][\/et_pb_column][\/et_pb_row][\/et_pb_section]<\/p>\n","protected":false},"excerpt":{"rendered":"<p>BUCHEN SIE DAS OFFIZIELLE HOTEL DER VERANSTALTUNG NUR AUF UNSERER WEBSITE ! &nbsp;EXKLUSIVE DIENSTLEISTUNGEN F\u00dcR TEILNEHMER, DIE \u00dcBER UNSERE WEBSITE BUCHEN Kostenloser Transport vom Palafiori (Ankunft des Rennens) zu den Hotels Die M\u00f6glichkeit das Fahrrad mit auf das Zimmer zu nehmen Abendessen am Abend des Rennens bis 21:30 Uhr Abends f\u00fcr diejenige, die Halbpension gebucht [&hellip;]<\/p>\n","protected":false},"author":1,"featured_media":0,"parent":1707,"menu_order":0,"comment_status":"closed","ping_status":"closed","template":"","meta":{"_et_pb_use_builder":"on","_et_pb_old_content":"","_et_gb_content_width":"","ngg_post_thumbnail":0,"footnotes":""},"class_list":["post-1749","page","type-page","status-publish","hentry"],"yoast_head":"<!-- This site is optimized with the Yoast SEO plugin v27.4 - https:\/\/yoast.com\/product\/yoast-seo-wordpress\/ -->\n<title>HOTEL IN SAN REMO | MILANO SANREMO AMATORI | MAILAND SANREMO AMATEURE | 7. JUNI 2026 | OFFIZIELLE WEBSITE<\/title>\n<meta name=\"description\" content=\"HOTEL IN SAN REMO\" \/>\n<meta name=\"robots\" content=\"index, follow, max-snippet:-1, max-image-preview:large, max-video-preview:-1\" \/>\n<link rel=\"canonical\" href=\"https:\/\/milano-sanremo.org\/de\/reisen\/hotel\/nyala-bike-hotel-4\/\" \/>\n<meta property=\"og:locale\" content=\"de_DE\" \/>\n<meta property=\"og:type\" content=\"article\" \/>\n<meta property=\"og:title\" content=\"HOTEL IN SAN REMO | MILANO SANREMO AMATORI | MAILAND SANREMO AMATEURE | 7. JUNI 2026 | OFFIZIELLE WEBSITE\" \/>\n<meta property=\"og:description\" content=\"HOTEL IN SAN REMO\" \/>\n<meta property=\"og:url\" content=\"https:\/\/milano-sanremo.org\/de\/reisen\/hotel\/nyala-bike-hotel-4\/\" \/>\n<meta property=\"og:site_name\" content=\"MILANO SANREMO AMATORI\" \/>\n<meta property=\"article:modified_time\" content=\"2026-03-25T13:13:12+00:00\" \/>\n<meta name=\"twitter:card\" content=\"summary_large_image\" \/>\n<meta name=\"twitter:label1\" content=\"Gesch\u00e4tzte Lesezeit\" \/>\n\t<meta name=\"twitter:data1\" content=\"2\u00a0Minuten\" \/>\n<script type=\"application\/ld+json\" class=\"yoast-schema-graph\">{\"@context\":\"https:\\\/\\\/schema.org\",\"@graph\":[{\"@type\":\"WebPage\",\"@id\":\"https:\\\/\\\/milano-sanremo.org\\\/de\\\/reisen\\\/hotel\\\/nyala-bike-hotel-4\\\/\",\"url\":\"https:\\\/\\\/milano-sanremo.org\\\/de\\\/reisen\\\/hotel\\\/nyala-bike-hotel-4\\\/\",\"name\":\"HOTEL IN SAN REMO | MILANO SANREMO AMATORI | MAILAND SANREMO AMATEURE | 7. JUNI 2026 | OFFIZIELLE WEBSITE\",\"isPartOf\":{\"@id\":\"https:\\\/\\\/milano-sanremo.org\\\/de\\\/#website\"},\"datePublished\":\"2013-06-17T09:55:37+00:00\",\"dateModified\":\"2026-03-25T13:13:12+00:00\",\"description\":\"HOTEL IN SAN REMO\",\"breadcrumb\":{\"@id\":\"https:\\\/\\\/milano-sanremo.org\\\/de\\\/reisen\\\/hotel\\\/nyala-bike-hotel-4\\\/#breadcrumb\"},\"inLanguage\":\"de\",\"potentialAction\":[{\"@type\":\"ReadAction\",\"target\":[\"https:\\\/\\\/milano-sanremo.org\\\/de\\\/reisen\\\/hotel\\\/nyala-bike-hotel-4\\\/\"]}]},{\"@type\":\"BreadcrumbList\",\"@id\":\"https:\\\/\\\/milano-sanremo.org\\\/de\\\/reisen\\\/hotel\\\/nyala-bike-hotel-4\\\/#breadcrumb\",\"itemListElement\":[{\"@type\":\"ListItem\",\"position\":1,\"name\":\"Home\",\"item\":\"https:\\\/\\\/milano-sanremo.org\\\/de\\\/\"},{\"@type\":\"ListItem\",\"position\":2,\"name\":\"REISEN\",\"item\":\"https:\\\/\\\/milano-sanremo.org\\\/de\\\/viaggio\\\/\"},{\"@type\":\"ListItem\",\"position\":3,\"name\":\"HOTELS\",\"item\":\"https:\\\/\\\/milano-sanremo.org\\\/de\\\/viaggio\\\/alberghi\\\/\"},{\"@type\":\"ListItem\",\"position\":4,\"name\":\"HOTEL IN SAN REMO\"}]},{\"@type\":\"WebSite\",\"@id\":\"https:\\\/\\\/milano-sanremo.org\\\/de\\\/#website\",\"url\":\"https:\\\/\\\/milano-sanremo.org\\\/de\\\/\",\"name\":\"MILANO SANREMO AMATORI\",\"description\":\"MAILAND SANREMO AMATEURE | 7. JUNI 2026 | OFFIZIELLE WEBSITE\",\"potentialAction\":[{\"@type\":\"SearchAction\",\"target\":{\"@type\":\"EntryPoint\",\"urlTemplate\":\"https:\\\/\\\/milano-sanremo.org\\\/de\\\/?s={search_term_string}\"},\"query-input\":{\"@type\":\"PropertyValueSpecification\",\"valueRequired\":true,\"valueName\":\"search_term_string\"}}],\"inLanguage\":\"de\"}]}<\/script>\n<!-- \/ Yoast SEO plugin. -->","yoast_head_json":{"title":"HOTEL IN SAN REMO | MILANO SANREMO AMATORI | MAILAND SANREMO AMATEURE | 7. JUNI 2026 | OFFIZIELLE WEBSITE","description":"HOTEL IN SAN REMO","robots":{"index":"index","follow":"follow","max-snippet":"max-snippet:-1","max-image-preview":"max-image-preview:large","max-video-preview":"max-video-preview:-1"},"canonical":"https:\/\/milano-sanremo.org\/de\/reisen\/hotel\/nyala-bike-hotel-4\/","og_locale":"de_DE","og_type":"article","og_title":"HOTEL IN SAN REMO | MILANO SANREMO AMATORI | MAILAND SANREMO AMATEURE | 7. JUNI 2026 | OFFIZIELLE WEBSITE","og_description":"HOTEL IN SAN REMO","og_url":"https:\/\/milano-sanremo.org\/de\/reisen\/hotel\/nyala-bike-hotel-4\/","og_site_name":"MILANO SANREMO AMATORI","article_modified_time":"2026-03-25T13:13:12+00:00","twitter_card":"summary_large_image","twitter_misc":{"Gesch\u00e4tzte Lesezeit":"2\u00a0Minuten"},"schema":{"@context":"https:\/\/schema.org","@graph":[{"@type":"WebPage","@id":"https:\/\/milano-sanremo.org\/de\/reisen\/hotel\/nyala-bike-hotel-4\/","url":"https:\/\/milano-sanremo.org\/de\/reisen\/hotel\/nyala-bike-hotel-4\/","name":"HOTEL IN SAN REMO | MILANO SANREMO AMATORI | MAILAND SANREMO AMATEURE | 7. JUNI 2026 | OFFIZIELLE WEBSITE","isPartOf":{"@id":"https:\/\/milano-sanremo.org\/de\/#website"},"datePublished":"2013-06-17T09:55:37+00:00","dateModified":"2026-03-25T13:13:12+00:00","description":"HOTEL IN SAN REMO","breadcrumb":{"@id":"https:\/\/milano-sanremo.org\/de\/reisen\/hotel\/nyala-bike-hotel-4\/#breadcrumb"},"inLanguage":"de","potentialAction":[{"@type":"ReadAction","target":["https:\/\/milano-sanremo.org\/de\/reisen\/hotel\/nyala-bike-hotel-4\/"]}]},{"@type":"BreadcrumbList","@id":"https:\/\/milano-sanremo.org\/de\/reisen\/hotel\/nyala-bike-hotel-4\/#breadcrumb","itemListElement":[{"@type":"ListItem","position":1,"name":"Home","item":"https:\/\/milano-sanremo.org\/de\/"},{"@type":"ListItem","position":2,"name":"REISEN","item":"https:\/\/milano-sanremo.org\/de\/viaggio\/"},{"@type":"ListItem","position":3,"name":"HOTELS","item":"https:\/\/milano-sanremo.org\/de\/viaggio\/alberghi\/"},{"@type":"ListItem","position":4,"name":"HOTEL IN SAN REMO"}]},{"@type":"WebSite","@id":"https:\/\/milano-sanremo.org\/de\/#website","url":"https:\/\/milano-sanremo.org\/de\/","name":"MILANO SANREMO AMATORI","description":"MAILAND SANREMO AMATEURE | 7. JUNI 2026 | OFFIZIELLE WEBSITE","potentialAction":[{"@type":"SearchAction","target":{"@type":"EntryPoint","urlTemplate":"https:\/\/milano-sanremo.org\/de\/?s={search_term_string}"},"query-input":{"@type":"PropertyValueSpecification","valueRequired":true,"valueName":"search_term_string"}}],"inLanguage":"de"}]}},"_links":{"self":[{"href":"https:\/\/milano-sanremo.org\/de\/wp-json\/wp\/v2\/pages\/1749","targetHints":{"allow":["GET"]}}],"collection":[{"href":"https:\/\/milano-sanremo.org\/de\/wp-json\/wp\/v2\/pages"}],"about":[{"href":"https:\/\/milano-sanremo.org\/de\/wp-json\/wp\/v2\/types\/page"}],"author":[{"embeddable":true,"href":"https:\/\/milano-sanremo.org\/de\/wp-json\/wp\/v2\/users\/1"}],"replies":[{"embeddable":true,"href":"https:\/\/milano-sanremo.org\/de\/wp-json\/wp\/v2\/comments?post=1749"}],"version-history":[{"count":23,"href":"https:\/\/milano-sanremo.org\/de\/wp-json\/wp\/v2\/pages\/1749\/revisions"}],"predecessor-version":[{"id":15457,"href":"https:\/\/milano-sanremo.org\/de\/wp-json\/wp\/v2\/pages\/1749\/revisions\/15457"}],"up":[{"embeddable":true,"href":"https:\/\/milano-sanremo.org\/de\/wp-json\/wp\/v2\/pages\/1707"}],"wp:attachment":[{"href":"https:\/\/milano-sanremo.org\/de\/wp-json\/wp\/v2\/media?parent=1749"}],"curies":[{"name":"wp","href":"https:\/\/api.w.org\/{rel}","templated":true}]}}