{"id":1876,"date":"2013-06-17T12:10:39","date_gmt":"2013-06-17T12:10:39","guid":{"rendered":"http:\/\/milano-sanremo.org\/wordpress\/?page_id=1876"},"modified":"2025-10-23T11:50:35","modified_gmt":"2025-10-23T11:50:35","slug":"radfahren-in-san-remo","status":"publish","type":"page","link":"https:\/\/milano-sanremo.org\/de\/reisen\/radfahren-in-san-remo\/","title":{"rendered":"Radfahren in San Remo"},"content":{"rendered":"<p>[et_pb_section fb_built=&#8220;1&#8243; admin_label=&#8220;section&#8220; _builder_version=&#8220;4.16&#8243; global_colors_info=&#8220;{}&#8220;][et_pb_row admin_label=&#8220;row&#8220; _builder_version=&#8220;4.16&#8243; background_size=&#8220;initial&#8220; background_position=&#8220;top_left&#8220; background_repeat=&#8220;repeat&#8220; global_colors_info=&#8220;{}&#8220;][et_pb_column type=&#8220;4_4&#8243; _builder_version=&#8220;4.16&#8243; custom_padding=&#8220;|||&#8220; global_colors_info=&#8220;{}&#8220; custom_padding__hover=&#8220;|||&#8220;][et_pb_text admin_label=&#8220;Text&#8220; _builder_version=&#8220;4.27.4&#8243; background_size=&#8220;initial&#8220; background_position=&#8220;top_left&#8220; background_repeat=&#8220;repeat&#8220; hover_enabled=&#8220;0&#8243; global_colors_info=&#8220;{}&#8220; sticky_enabled=&#8220;0&#8243;]<\/p>\n<h5>Ganzj\u00e4hrig mildes Klima, herrliches Meer, wunderbare Blumen, hundertj\u00e4hrige Palmen und ber\u00fchmte Veranstaltungen.<\/h5>\n<p style=\"text-align: center;\"><a href=\"http:\/\/milano-sanremo.org\/wordpress\/wp-content\/uploads\/2013\/06\/sanremo-pista-ciclabile.jpg\"><img loading=\"lazy\" decoding=\"async\" class=\"alignnone size-full wp-image-1868\" src=\"http:\/\/milano-sanremo.org\/wordpress\/wp-content\/uploads\/2013\/06\/sanremo-pista-ciclabile.jpg\" alt=\"sanremo-pista-ciclabile\" width=\"500\" height=\"332\" srcset=\"https:\/\/milano-sanremo.org\/wp-content\/uploads\/2013\/06\/sanremo-pista-ciclabile.jpg 500w, https:\/\/milano-sanremo.org\/wp-content\/uploads\/2013\/06\/sanremo-pista-ciclabile-300x199.jpg 300w\" sizes=\"(max-width: 500px) 100vw, 500px\" \/><\/a><\/p>\n<p style=\"text-align: justify;\">Vor diesem faszinierenden Hintergrund wird seit mehr als hundert Jahren im M\u00e4rz die&nbsp;Radfernfahrt Mailand &#8211; San Remo ausgetragen, der Fr\u00fchjahrsklassiker, der die Saison der gro\u00dfen, internationalen Radrennen er\u00f6ffnet.<\/p>\n<p style=\"text-align: justify;\">Wenn Sie an der Radfernfahrt Mailand &#8211; San Remo teilnehmen, k\u00f6nnen auch Sie sich auf den Stra\u00dfen des l\u00e4ngsten Stra\u00dfenrennens der Welt beweisen, aber wenn Sie m\u00f6chten, k\u00f6nnen Sie die Gelegenheit auch zu einem Sporturlaub in San Remo nutzen.<\/p>\n<p style=\"text-align: justify;\">Der neue&nbsp;Radwanderweg, der auf der ehemaligen Eisenbahntrasse direkt am Meer entlang f\u00fchrt, erlaubt es Ihnen, durch einmalige Natur das&nbsp;unber\u00fchrte Hinterland&nbsp;mit seinen h\u00fcbschen mittelalterlichen Weilern zu erreichen, wo Sie auf faszinierenden und anspruchsvollen Touren auf Entdeckungsreise gehen k\u00f6nnen.<\/p>\n<p id=\"docs-internal-guid-6ed7903d-ebff-9bf6-1bef-ade8a1cfb90c\" dir=\"ltr\">Wir haben ein Ad Hoc Programm f\u00fcr die Teilnehmer des Milano-San Remo Amatori entwickelt:<\/p>\n<p dir=\"ltr\">&nbsp;<\/p>\n<p dir=\"ltr\"><strong>08. Juni 2026<\/strong><\/p>\n<p dir=\"ltr\">Morgens nach Belieben zum Entspannen<\/p>\n<p dir=\"ltr\"><strong>14:00 Uhr<\/strong> Ausflug auf dem Fahrradweg, der der ligurischen K\u00fcstenlinie folgt;<\/p>\n<p dir=\"ltr\"><strong>San Remo-San Lorenzo al Mare- Taggia- San Remo<\/strong><\/p>\n<p dir=\"ltr\"><strong>Auf der Route, auf der das Er\u00f6ffnungsteam f\u00fcr das Giro d\u00b4Italia 2015 am<\/strong><\/p>\n<p><strong>09. Juni 2026<\/strong>&nbsp;probt<\/p>\n<p dir=\"ltr\"><strong>9:30 Uhr<\/strong> <strong>Rundgang der Blumen<\/strong>, landeinw\u00e4rts B\u00fchne der maritimen Alpen des 84. Giro d\u00b4Italia 2001.<\/p>\n<p dir=\"ltr\">Ungef\u00e4hr 130 km insgesamt<\/p>\n<p dir=\"ltr\">Der Weg ber\u00fchrt die Via Aurelia, \u00fcberquert Ospedaletti,Bordighera, Vallecrosia und Camporosso Mare, und geht bis nach Nervia weiter, wo er nach Val Nervia f\u00fchrt, weiter bis nach Isolabona; dann geht er in Richtung Apricale und klettert auf Baiardo (900 m \u00fcber dem Meeresspiegel, der erste Gran Premio des Berges) herauf, voranschreitend zum Passo Ghimberga (898 m \u00fcber dem Meeresspiegel), Ceriana und der Poggio di Sanremo, der in die Gegenrichtung f\u00fchrt; dann geht er bis zum Valle Argentina hoch, mit einer Route in Richtung Taggia, Badalucco, und Molini di Triora, um den Pass bei Langan (1093 m \u00fcber dem Meeresspiegel) hochzuklettern und erreicht Monto Ceppo (1504 m \u00fcber dem Meeresspiegel, zweiter Gran Premio des Berges; schlie\u00dflich zeichnet der Weg einen zweiten Verlauf auf dem Ghimbegna und kehrt in Richutng San Remo zur\u00fcck.<\/p>\n<p dir=\"ltr\"><strong>Wenn Sie an diesem Programm nach dem Rennen interessiert sind, fragen wir Sie uns Sie zu kontaktieren, um mehr Informationen und die Preise zu erhalten.<\/strong><\/p>\n<p>[\/et_pb_text][\/et_pb_column][\/et_pb_row][\/et_pb_section]<\/p>\n","protected":false},"excerpt":{"rendered":"<p>Ganzj\u00e4hrig mildes Klima, herrliches Meer, wunderbare Blumen, hundertj\u00e4hrige Palmen und ber\u00fchmte Veranstaltungen. Vor diesem faszinierenden Hintergrund wird seit mehr als hundert Jahren im M\u00e4rz die&nbsp;Radfernfahrt Mailand &#8211; San Remo ausgetragen, der Fr\u00fchjahrsklassiker, der die Saison der gro\u00dfen, internationalen Radrennen er\u00f6ffnet. Wenn Sie an der Radfernfahrt Mailand &#8211; San Remo teilnehmen, k\u00f6nnen auch Sie sich auf [&hellip;]<\/p>\n","protected":false},"author":1,"featured_media":0,"parent":1694,"menu_order":0,"comment_status":"closed","ping_status":"closed","template":"","meta":{"_et_pb_use_builder":"on","_et_pb_old_content":"<h5>Ganzj\u00e4hrig mildes Klima, herrliches Meer, wunderbare Blumen, hundertj\u00e4hrige Palmen und ber\u00fchmte Veranstaltungen.<\/h5>\r\n<p style=\"text-align: center;\"><a href=\"http:\/\/milano-sanremo.org\/wordpress\/wp-content\/uploads\/2013\/06\/sanremo-pista-ciclabile.jpg\"><img class=\"alignnone size-full wp-image-1868\" src=\"http:\/\/milano-sanremo.org\/wordpress\/wp-content\/uploads\/2013\/06\/sanremo-pista-ciclabile.jpg\" alt=\"sanremo-pista-ciclabile\" width=\"500\" height=\"332\"><\/a><\/p>\r\n<p style=\"text-align: justify;\">Vor diesem faszinierenden Hintergrund wird seit mehr als hundert Jahren im M\u00e4rz die\u00a0Radfernfahrt Mailand - San Remo ausgetragen, der Fr\u00fchjahrsklassiker, der die Saison der gro\u00dfen, internationalen Radrennen er\u00f6ffnet.<\/p>\r\n<p style=\"text-align: justify;\">Wenn Sie an der Radfernfahrt Mailand - San Remo teilnehmen, k\u00f6nnen auch Sie sich auf den Stra\u00dfen des l\u00e4ngsten Stra\u00dfenrennens der Welt beweisen, aber wenn Sie m\u00f6chten, k\u00f6nnen Sie die Gelegenheit auch zu einem Sporturlaub in San Remo nutzen.<\/p>\r\n<p style=\"text-align: justify;\">Der neue\u00a0Radwanderweg, der auf der ehemaligen Eisenbahntrasse direkt am Meer entlang f\u00fchrt, erlaubt es Ihnen, durch einmalige Natur das\u00a0unber\u00fchrte Hinterland\u00a0mit seinen h\u00fcbschen mittelalterlichen Weilern zu erreichen, wo Sie auf faszinierenden und anspruchsvollen Touren auf Entdeckungsreise gehen k\u00f6nnen.<\/p>\r\n<p id=\"docs-internal-guid-6ed7903d-ebff-9bf6-1bef-ade8a1cfb90c\" dir=\"ltr\">Wir haben ein Ad Hoc Programm f\u00fcr die Teilnehmer des Milano-San Remo Amatori entwickelt:<\/p>\r\n<p dir=\"ltr\">\u00a0<\/p>\r\n<p dir=\"ltr\"><strong>09. Juni 2025<\/strong><\/p>\r\n<p dir=\"ltr\">Morgens nach Belieben zum Entspannen<\/p>\r\n<p dir=\"ltr\"><strong>14:00 Uhr<\/strong> Ausflug auf dem Fahrradweg, der der ligurischen K\u00fcstenlinie folgt;<\/p>\r\n<p dir=\"ltr\"><strong>San Remo-San Lorenzo al Mare- Taggia- San Remo<\/strong><\/p>\r\n<p dir=\"ltr\"><strong>Auf der Route, auf der das Er\u00f6ffnungsteam f\u00fcr das Giro d\u00b4Italia 2015 am<\/strong><\/p>\r\n<strong>10. Juni 2025<\/strong> probt\r\n<p dir=\"ltr\"><strong>9:30 Uhr<\/strong> <strong>Rundgang der Blumen<\/strong>, landeinw\u00e4rts B\u00fchne der maritimen Alpen des 84. Giro d\u00b4Italia 2001.<\/p>\r\n<p dir=\"ltr\">Ungef\u00e4hr 130 km insgesamt<\/p>\r\n<p dir=\"ltr\">Der Weg ber\u00fchrt die Via Aurelia, \u00fcberquert Ospedaletti,Bordighera, Vallecrosia und Camporosso Mare, und geht bis nach Nervia weiter, wo er nach Val Nervia f\u00fchrt, weiter bis nach Isolabona; dann geht er in Richtung Apricale und klettert auf Baiardo (900 m \u00fcber dem Meeresspiegel, der erste Gran Premio des Berges) herauf, voranschreitend zum Passo Ghimberga (898 m \u00fcber dem Meeresspiegel), Ceriana und der Poggio di Sanremo, der in die Gegenrichtung f\u00fchrt; dann geht er bis zum Valle Argentina hoch, mit einer Route in Richtung Taggia, Badalucco, und Molini di Triora, um den Pass bei Langan (1093 m \u00fcber dem Meeresspiegel) hochzuklettern und erreicht Monto Ceppo (1504 m \u00fcber dem Meeresspiegel, zweiter Gran Premio des Berges; schlie\u00dflich zeichnet der Weg einen zweiten Verlauf auf dem Ghimbegna und kehrt in Richutng San Remo zur\u00fcck.<\/p>\r\n<p dir=\"ltr\"><strong>Wenn Sie an diesem Programm nach dem Rennen interessiert sind, fragen wir Sie uns Sie zu kontaktieren, um mehr Informationen und die Preise zu erhalten.<\/strong><\/p>","_et_gb_content_width":"","ngg_post_thumbnail":0,"footnotes":""},"class_list":["post-1876","page","type-page","status-publish","hentry"],"yoast_head":"<!-- This site is optimized with the Yoast SEO plugin v27.5 - https:\/\/yoast.com\/product\/yoast-seo-wordpress\/ -->\n<title>Radfahren in San Remo | MILANO SANREMO AMATORI | MAILAND SANREMO AMATEURE | 7. JUNI 2026 | OFFIZIELLE WEBSITE<\/title>\n<meta name=\"description\" content=\"bike holidays in Sanremo in the ligurian scenic coastline. Book through our website\" \/>\n<meta name=\"robots\" content=\"index, follow, max-snippet:-1, max-image-preview:large, max-video-preview:-1\" \/>\n<link rel=\"canonical\" href=\"https:\/\/milano-sanremo.org\/de\/reisen\/radfahren-in-san-remo\/\" \/>\n<meta property=\"og:locale\" content=\"de_DE\" \/>\n<meta property=\"og:type\" content=\"article\" \/>\n<meta property=\"og:title\" content=\"Radfahren in San Remo | MILANO SANREMO AMATORI | MAILAND SANREMO AMATEURE | 7. JUNI 2026 | OFFIZIELLE WEBSITE\" \/>\n<meta property=\"og:description\" content=\"bike holidays in Sanremo in the ligurian scenic coastline. Book through our website\" \/>\n<meta property=\"og:url\" content=\"https:\/\/milano-sanremo.org\/de\/reisen\/radfahren-in-san-remo\/\" \/>\n<meta property=\"og:site_name\" content=\"MILANO SANREMO AMATORI\" \/>\n<meta property=\"article:modified_time\" content=\"2025-10-23T11:50:35+00:00\" \/>\n<meta property=\"og:image\" content=\"http:\/\/milano-sanremo.org\/wordpress\/wp-content\/uploads\/2013\/06\/sanremo-pista-ciclabile.jpg\" \/>\n<meta name=\"twitter:card\" content=\"summary_large_image\" \/>\n<meta name=\"twitter:label1\" content=\"Gesch\u00e4tzte Lesezeit\" \/>\n\t<meta name=\"twitter:data1\" content=\"3\u00a0Minuten\" \/>\n<script type=\"application\/ld+json\" class=\"yoast-schema-graph\">{\"@context\":\"https:\\\/\\\/schema.org\",\"@graph\":[{\"@type\":\"WebPage\",\"@id\":\"https:\\\/\\\/milano-sanremo.org\\\/de\\\/reisen\\\/radfahren-in-san-remo\\\/\",\"url\":\"https:\\\/\\\/milano-sanremo.org\\\/de\\\/reisen\\\/radfahren-in-san-remo\\\/\",\"name\":\"Radfahren in San Remo | MILANO SANREMO AMATORI | MAILAND SANREMO AMATEURE | 7. JUNI 2026 | OFFIZIELLE WEBSITE\",\"isPartOf\":{\"@id\":\"https:\\\/\\\/milano-sanremo.org\\\/de\\\/#website\"},\"primaryImageOfPage\":{\"@id\":\"https:\\\/\\\/milano-sanremo.org\\\/de\\\/reisen\\\/radfahren-in-san-remo\\\/#primaryimage\"},\"image\":{\"@id\":\"https:\\\/\\\/milano-sanremo.org\\\/de\\\/reisen\\\/radfahren-in-san-remo\\\/#primaryimage\"},\"thumbnailUrl\":\"http:\\\/\\\/milano-sanremo.org\\\/wordpress\\\/wp-content\\\/uploads\\\/2013\\\/06\\\/sanremo-pista-ciclabile.jpg\",\"datePublished\":\"2013-06-17T12:10:39+00:00\",\"dateModified\":\"2025-10-23T11:50:35+00:00\",\"description\":\"bike holidays in Sanremo in the ligurian scenic coastline. Book through our website\",\"breadcrumb\":{\"@id\":\"https:\\\/\\\/milano-sanremo.org\\\/de\\\/reisen\\\/radfahren-in-san-remo\\\/#breadcrumb\"},\"inLanguage\":\"de\",\"potentialAction\":[{\"@type\":\"ReadAction\",\"target\":[\"https:\\\/\\\/milano-sanremo.org\\\/de\\\/reisen\\\/radfahren-in-san-remo\\\/\"]}]},{\"@type\":\"ImageObject\",\"inLanguage\":\"de\",\"@id\":\"https:\\\/\\\/milano-sanremo.org\\\/de\\\/reisen\\\/radfahren-in-san-remo\\\/#primaryimage\",\"url\":\"http:\\\/\\\/milano-sanremo.org\\\/wordpress\\\/wp-content\\\/uploads\\\/2013\\\/06\\\/sanremo-pista-ciclabile.jpg\",\"contentUrl\":\"http:\\\/\\\/milano-sanremo.org\\\/wordpress\\\/wp-content\\\/uploads\\\/2013\\\/06\\\/sanremo-pista-ciclabile.jpg\"},{\"@type\":\"BreadcrumbList\",\"@id\":\"https:\\\/\\\/milano-sanremo.org\\\/de\\\/reisen\\\/radfahren-in-san-remo\\\/#breadcrumb\",\"itemListElement\":[{\"@type\":\"ListItem\",\"position\":1,\"name\":\"Home\",\"item\":\"https:\\\/\\\/milano-sanremo.org\\\/de\\\/\"},{\"@type\":\"ListItem\",\"position\":2,\"name\":\"REISEN\",\"item\":\"https:\\\/\\\/milano-sanremo.org\\\/de\\\/viaggio\\\/\"},{\"@type\":\"ListItem\",\"position\":3,\"name\":\"Radfahren in San Remo\"}]},{\"@type\":\"WebSite\",\"@id\":\"https:\\\/\\\/milano-sanremo.org\\\/de\\\/#website\",\"url\":\"https:\\\/\\\/milano-sanremo.org\\\/de\\\/\",\"name\":\"MILANO SANREMO AMATORI\",\"description\":\"MAILAND SANREMO AMATEURE | 7. JUNI 2026 | OFFIZIELLE WEBSITE\",\"potentialAction\":[{\"@type\":\"SearchAction\",\"target\":{\"@type\":\"EntryPoint\",\"urlTemplate\":\"https:\\\/\\\/milano-sanremo.org\\\/de\\\/?s={search_term_string}\"},\"query-input\":{\"@type\":\"PropertyValueSpecification\",\"valueRequired\":true,\"valueName\":\"search_term_string\"}}],\"inLanguage\":\"de\"}]}<\/script>\n<!-- \/ Yoast SEO plugin. -->","yoast_head_json":{"title":"Radfahren in San Remo | MILANO SANREMO AMATORI | MAILAND SANREMO AMATEURE | 7. JUNI 2026 | OFFIZIELLE WEBSITE","description":"bike holidays in Sanremo in the ligurian scenic coastline. Book through our website","robots":{"index":"index","follow":"follow","max-snippet":"max-snippet:-1","max-image-preview":"max-image-preview:large","max-video-preview":"max-video-preview:-1"},"canonical":"https:\/\/milano-sanremo.org\/de\/reisen\/radfahren-in-san-remo\/","og_locale":"de_DE","og_type":"article","og_title":"Radfahren in San Remo | MILANO SANREMO AMATORI | MAILAND SANREMO AMATEURE | 7. JUNI 2026 | OFFIZIELLE WEBSITE","og_description":"bike holidays in Sanremo in the ligurian scenic coastline. Book through our website","og_url":"https:\/\/milano-sanremo.org\/de\/reisen\/radfahren-in-san-remo\/","og_site_name":"MILANO SANREMO AMATORI","article_modified_time":"2025-10-23T11:50:35+00:00","og_image":[{"url":"http:\/\/milano-sanremo.org\/wordpress\/wp-content\/uploads\/2013\/06\/sanremo-pista-ciclabile.jpg","type":"","width":"","height":""}],"twitter_card":"summary_large_image","twitter_misc":{"Gesch\u00e4tzte Lesezeit":"3\u00a0Minuten"},"schema":{"@context":"https:\/\/schema.org","@graph":[{"@type":"WebPage","@id":"https:\/\/milano-sanremo.org\/de\/reisen\/radfahren-in-san-remo\/","url":"https:\/\/milano-sanremo.org\/de\/reisen\/radfahren-in-san-remo\/","name":"Radfahren in San Remo | MILANO SANREMO AMATORI | MAILAND SANREMO AMATEURE | 7. JUNI 2026 | OFFIZIELLE WEBSITE","isPartOf":{"@id":"https:\/\/milano-sanremo.org\/de\/#website"},"primaryImageOfPage":{"@id":"https:\/\/milano-sanremo.org\/de\/reisen\/radfahren-in-san-remo\/#primaryimage"},"image":{"@id":"https:\/\/milano-sanremo.org\/de\/reisen\/radfahren-in-san-remo\/#primaryimage"},"thumbnailUrl":"http:\/\/milano-sanremo.org\/wordpress\/wp-content\/uploads\/2013\/06\/sanremo-pista-ciclabile.jpg","datePublished":"2013-06-17T12:10:39+00:00","dateModified":"2025-10-23T11:50:35+00:00","description":"bike holidays in Sanremo in the ligurian scenic coastline. Book through our website","breadcrumb":{"@id":"https:\/\/milano-sanremo.org\/de\/reisen\/radfahren-in-san-remo\/#breadcrumb"},"inLanguage":"de","potentialAction":[{"@type":"ReadAction","target":["https:\/\/milano-sanremo.org\/de\/reisen\/radfahren-in-san-remo\/"]}]},{"@type":"ImageObject","inLanguage":"de","@id":"https:\/\/milano-sanremo.org\/de\/reisen\/radfahren-in-san-remo\/#primaryimage","url":"http:\/\/milano-sanremo.org\/wordpress\/wp-content\/uploads\/2013\/06\/sanremo-pista-ciclabile.jpg","contentUrl":"http:\/\/milano-sanremo.org\/wordpress\/wp-content\/uploads\/2013\/06\/sanremo-pista-ciclabile.jpg"},{"@type":"BreadcrumbList","@id":"https:\/\/milano-sanremo.org\/de\/reisen\/radfahren-in-san-remo\/#breadcrumb","itemListElement":[{"@type":"ListItem","position":1,"name":"Home","item":"https:\/\/milano-sanremo.org\/de\/"},{"@type":"ListItem","position":2,"name":"REISEN","item":"https:\/\/milano-sanremo.org\/de\/viaggio\/"},{"@type":"ListItem","position":3,"name":"Radfahren in San Remo"}]},{"@type":"WebSite","@id":"https:\/\/milano-sanremo.org\/de\/#website","url":"https:\/\/milano-sanremo.org\/de\/","name":"MILANO SANREMO AMATORI","description":"MAILAND SANREMO AMATEURE | 7. JUNI 2026 | OFFIZIELLE WEBSITE","potentialAction":[{"@type":"SearchAction","target":{"@type":"EntryPoint","urlTemplate":"https:\/\/milano-sanremo.org\/de\/?s={search_term_string}"},"query-input":{"@type":"PropertyValueSpecification","valueRequired":true,"valueName":"search_term_string"}}],"inLanguage":"de"}]}},"_links":{"self":[{"href":"https:\/\/milano-sanremo.org\/de\/wp-json\/wp\/v2\/pages\/1876","targetHints":{"allow":["GET"]}}],"collection":[{"href":"https:\/\/milano-sanremo.org\/de\/wp-json\/wp\/v2\/pages"}],"about":[{"href":"https:\/\/milano-sanremo.org\/de\/wp-json\/wp\/v2\/types\/page"}],"author":[{"embeddable":true,"href":"https:\/\/milano-sanremo.org\/de\/wp-json\/wp\/v2\/users\/1"}],"replies":[{"embeddable":true,"href":"https:\/\/milano-sanremo.org\/de\/wp-json\/wp\/v2\/comments?post=1876"}],"version-history":[{"count":19,"href":"https:\/\/milano-sanremo.org\/de\/wp-json\/wp\/v2\/pages\/1876\/revisions"}],"predecessor-version":[{"id":14847,"href":"https:\/\/milano-sanremo.org\/de\/wp-json\/wp\/v2\/pages\/1876\/revisions\/14847"}],"up":[{"embeddable":true,"href":"https:\/\/milano-sanremo.org\/de\/wp-json\/wp\/v2\/pages\/1694"}],"wp:attachment":[{"href":"https:\/\/milano-sanremo.org\/de\/wp-json\/wp\/v2\/media?parent=1876"}],"curies":[{"name":"wp","href":"https:\/\/api.w.org\/{rel}","templated":true}]}}