{"id":1936,"date":"2013-06-17T13:14:01","date_gmt":"2013-06-17T13:14:01","guid":{"rendered":"http:\/\/milano-sanremo.org\/wordpress\/?page_id=1936"},"modified":"2025-10-23T12:52:46","modified_gmt":"2025-10-23T12:52:46","slug":"transport-2","status":"publish","type":"page","link":"https:\/\/milano-sanremo.org\/de\/reisen\/transport-2\/","title":{"rendered":"TRANSPORT"},"content":{"rendered":"<p>[et_pb_section fb_built=&#8220;1&#8243; admin_label=&#8220;section&#8220; _builder_version=&#8220;4.16&#8243; global_colors_info=&#8220;{}&#8220;][et_pb_row admin_label=&#8220;row&#8220; _builder_version=&#8220;4.16&#8243; background_size=&#8220;initial&#8220; background_position=&#8220;top_left&#8220; background_repeat=&#8220;repeat&#8220; global_colors_info=&#8220;{}&#8220;][et_pb_column type=&#8220;4_4&#8243; _builder_version=&#8220;4.16&#8243; custom_padding=&#8220;|||&#8220; global_colors_info=&#8220;{}&#8220; custom_padding__hover=&#8220;|||&#8220;][et_pb_text admin_label=&#8220;Text&#8220; _builder_version=&#8220;4.19.5&#8243; background_size=&#8220;initial&#8220; background_position=&#8220;top_left&#8220; background_repeat=&#8220;repeat&#8220; global_colors_info=&#8220;{}&#8220;]<\/p>\n<h2>Wir stellen den Teilnehmern der Mailand-San-Remo Cyclosportive einen Transportdienst zur Verf\u00fcgung, der auf unserer Website gebucht werden kann.<\/h2>\n<h4><span style=\"color: #ff0000;\">Sitzpl\u00e4tze sind begrenzt, weshalb wir Ihnen raten, im voraus zu buchen.<\/span><\/h4>\n<p>[\/et_pb_text][et_pb_pricing_tables featured_table_background_color=&#8220;RGBA(255,255,255,0)&#8220; featured_table_header_background_color=&#8220;#E02B20&#8243; header_background_color=&#8220;#E02B20&#8243; featured_table_subheader_text_color=&#8220;#E02B20&#8243; _builder_version=&#8220;4.27.4&#8243; _module_preset=&#8220;default&#8220; custom_button=&#8220;on&#8220; button_text_color=&#8220;#FFFFFF&#8220; button_bg_color=&#8220;#E02B20&#8243; width=&#8220;60%&#8220; hover_enabled=&#8220;0&#8243; locked=&#8220;off&#8220; global_colors_info=&#8220;{}&#8220; sticky_enabled=&#8220;0&#8243;][et_pb_pricing_table title=&#8220;GT BUS MIT FAHRRADTR\u00c4GER&#8220; subtitle=&#8220;Sontag 07. Juni 2026, 20:00 Uhr&#8220; currency=&#8220;\u20ac&#8220; sum=&#8220;126&#8243; button_url=&#8220;https:\/\/www.runtosanremo.it\/en\/granfondo-milano-sanremo\/shuttle-sanremo-milan-sunday\/&#8220; button_text=&#8220;JETZT BUCHEN&#8220; _builder_version=&#8220;4.27.4&#8243; _module_preset=&#8220;default&#8220; hover_enabled=&#8220;0&#8243; global_colors_info=&#8220;{}&#8220; sticky_transition=&#8220;on&#8220; sticky_enabled=&#8220;0&#8243;]<\/p>\n<p>Abfahrt : Sanremo<br \/>Ankunf : Mailand, Settala<br \/>Datum &amp; Zeit : Sontag 07. Juni , 8:00 Uhr<br \/>einschlie\u00dflich Transport von Gep\u00e4ck und Radtaschen<br \/>AUF NACHFRAGE<\/p>\n<p>[\/et_pb_pricing_table][\/et_pb_pricing_tables][et_pb_text admin_label=&#8220;Text&#8220; _builder_version=&#8220;4.27.4&#8243; background_size=&#8220;initial&#8220; background_position=&#8220;top_left&#8220; background_repeat=&#8220;repeat&#8220; hover_enabled=&#8220;0&#8243; global_colors_info=&#8220;{}&#8220; sticky_enabled=&#8220;0&#8243;]<\/p>\n<p>Anmerkung<\/p>\n<p><em>Da die Teilnahme am Mailand \u2013 San Remo Cyclosportive f\u00fcr alle ein vergn\u00fcgliches Erlebnis sein soll, ist es unser Erstreben, niemanden zur\u00fcck zu lassen.<\/em><br \/><em> Die Abfahrtszeit richtet sich daher nach der Ankunft der Teilnehmer die die R\u00fcckfahrt gebucht haben.<\/em><br \/><em> Dar\u00fcber hinaus m\u00f6chten wir sie darauf aufmerksam machen, dass wegen dem Ende der Ferienzeit viel Verkehr herrschen wird und sich unsere Fahrt dadurch verl\u00e4ngern kann.<\/em><br \/><em> Falls sie einen strikten Zeitplan f\u00fcr die Ankunft in Mailand haben, kontaktieren sie uns bitte zwecks eines pers\u00f6nlichen Transportservices.<\/em><\/p>\n<div class=\"flex flex-grow flex-col max-w-full\">\n<div class=\"min-h-[20px] text-message flex flex-col items-start gap-3 whitespace-pre-wrap break-words [.text-message+&amp;]:mt-5 overflow-x-auto\" dir=\"auto\" data-message-author-role=\"assistant\" data-message-id=\"ce71e7c4-c2c3-4a9c-a714-e43b7f170f00\">\n<div class=\"markdown prose w-full break-words dark:prose-invert light\">\n<h4>TRANSFER VOM ANKUNFTSORT ZU DEN HOTELS IN SAN REMO<\/h4>\n<p>Alle, die ihren Aufenthalt in San Remo \u00fcber die Nyala Wonder Travel-Website gebucht haben, k\u00f6nnen den kostenlosen Transfer zum Hotel mit dem Minibus in Anspruch nehmen. Wir bitten Sie, sich an die Organisation im Event-Dorf zu wenden.<\/p>\n<\/div>\n<\/div>\n<\/div>\n<p>&nbsp;<\/p>\n<h4>RESERVIERUNGS-POLICE<\/h4>\n<p>Lesen Sie bitte sorgf\u00e4ltig die Reservierungsregeln \u00fcber dieses Produkt auf <a href=\"https:\/\/milano-sanremo.org\/de\/1625-2\/reservierungsregeln\/\" target=\"_blank\" rel=\"noopener noreferrer\">der folgenden Seite<\/a>.<\/p>\n<h4>PRIVATER TRANSFER VON SAN REMO NACH MAILAND<\/h4>\n<p>Sie k\u00f6nnen auf unserer Seite Zugtickets von San Remo nach Mailand erwerben und den privaten Transfer per Minibus buchen.<\/p>\n<p>&nbsp;<\/p>\n<table style=\"width: 100%;\">\n<tbody>\n<tr>\n<th style=\"width: 25%;\">Transfer<\/th>\n<th style=\"width: 25%;\">Abfahrt<\/th>\n<th style=\"width: 25%;\">Ankunft<\/th>\n<th style=\"width: 25%;\">Kosten<\/th>\n<\/tr>\n<tr>\n<td>REGIONAL ZUG<\/td>\n<td>San Remo<\/td>\n<td>Milano Centrale<\/td>\n<td>auf Nachfrage<\/td>\n<\/tr>\n<tr>\n<td>INTERCITY ZUG<\/td>\n<td>San Remo<\/td>\n<td>Milano Centrale<\/td>\n<td>auf Nachfrage<\/td>\n<\/tr>\n<tr>\n<td>Minibus mit Fahrer<\/td>\n<td>San Remo<\/td>\n<td>Milan<\/td>\n<td>auf Nachfrage<\/td>\n<\/tr>\n<tr>\n<td>Bus 30\/50 Sitzpl\u00e4tze<\/td>\n<td>San Remo<\/td>\n<td>Milan<\/td>\n<td>auf Nachfrage<\/td>\n<\/tr>\n<\/tbody>\n<\/table>\n<p>&nbsp;<\/p>\n<p>Bei Regionalz\u00fcgen ist das Mitf\u00fchren eines Fahrrades nach Begleichung der Geb\u00fchr in H\u00f6he von \u20ac 3,50 grunds\u00e4tzlich erlaubt.<\/p>\n<p>Bei Intercity Trains ist das Mitf\u00fchren eines Fahrrades nur erlaubt, wenn dies in einem Fahrradkoffer oder einer entsprechenden Tasche untergebracht ist.<\/p>\n<p>[\/et_pb_text][\/et_pb_column][\/et_pb_row][\/et_pb_section]<\/p>\n","protected":false},"excerpt":{"rendered":"<p>Wir stellen den Teilnehmern der Mailand-San-Remo Cyclosportive einen Transportdienst zur Verf\u00fcgung, der auf unserer Website gebucht werden kann. Sitzpl\u00e4tze sind begrenzt, weshalb wir Ihnen raten, im voraus zu buchen.Abfahrt : SanremoAnkunf : Mailand, SettalaDatum &amp; Zeit : Sontag 07. Juni , 8:00 Uhreinschlie\u00dflich Transport von Gep\u00e4ck und RadtaschenAUF NACHFRAGEAnmerkung Da die Teilnahme am Mailand \u2013 [&hellip;]<\/p>\n","protected":false},"author":1,"featured_media":0,"parent":1694,"menu_order":0,"comment_status":"closed","ping_status":"closed","template":"","meta":{"_et_pb_use_builder":"on","_et_pb_old_content":"","_et_gb_content_width":"","ngg_post_thumbnail":0,"footnotes":""},"class_list":["post-1936","page","type-page","status-publish","hentry"],"yoast_head":"<!-- This site is optimized with the Yoast SEO plugin v27.4 - https:\/\/yoast.com\/product\/yoast-seo-wordpress\/ -->\n<title>TRANSPORT | MILANO SANREMO AMATORI | MAILAND SANREMO AMATEURE | 7. JUNI 2026 | OFFIZIELLE WEBSITE<\/title>\n<meta name=\"description\" content=\"Transport von Mailand nach San Remo behilflich sein zu k\u00f6nnen. Wir stellen Ihnen hierf\u00fcr verschiedene Optionen zur Verf\u00fcgung, die direkt \u00fcber unsere Webseite gebucht werden k\u00f6nnen\" \/>\n<meta name=\"robots\" content=\"index, follow, max-snippet:-1, max-image-preview:large, max-video-preview:-1\" \/>\n<link rel=\"canonical\" href=\"https:\/\/milano-sanremo.org\/de\/reisen\/transport-2\/\" \/>\n<meta property=\"og:locale\" content=\"de_DE\" \/>\n<meta property=\"og:type\" content=\"article\" \/>\n<meta property=\"og:title\" content=\"TRANSPORT | MILANO SANREMO AMATORI | MAILAND SANREMO AMATEURE | 7. JUNI 2026 | OFFIZIELLE WEBSITE\" \/>\n<meta property=\"og:description\" content=\"Transport von Mailand nach San Remo behilflich sein zu k\u00f6nnen. Wir stellen Ihnen hierf\u00fcr verschiedene Optionen zur Verf\u00fcgung, die direkt \u00fcber unsere Webseite gebucht werden k\u00f6nnen\" \/>\n<meta property=\"og:url\" content=\"https:\/\/milano-sanremo.org\/de\/reisen\/transport-2\/\" \/>\n<meta property=\"og:site_name\" content=\"MILANO SANREMO AMATORI\" \/>\n<meta property=\"article:modified_time\" content=\"2025-10-23T12:52:46+00:00\" \/>\n<meta name=\"twitter:card\" content=\"summary_large_image\" \/>\n<meta name=\"twitter:label1\" content=\"Gesch\u00e4tzte Lesezeit\" \/>\n\t<meta name=\"twitter:data1\" content=\"2\u00a0Minuten\" \/>\n<script type=\"application\/ld+json\" class=\"yoast-schema-graph\">{\"@context\":\"https:\\\/\\\/schema.org\",\"@graph\":[{\"@type\":\"WebPage\",\"@id\":\"https:\\\/\\\/milano-sanremo.org\\\/de\\\/reisen\\\/transport-2\\\/\",\"url\":\"https:\\\/\\\/milano-sanremo.org\\\/de\\\/reisen\\\/transport-2\\\/\",\"name\":\"TRANSPORT | MILANO SANREMO AMATORI | MAILAND SANREMO AMATEURE | 7. JUNI 2026 | OFFIZIELLE WEBSITE\",\"isPartOf\":{\"@id\":\"https:\\\/\\\/milano-sanremo.org\\\/de\\\/#website\"},\"datePublished\":\"2013-06-17T13:14:01+00:00\",\"dateModified\":\"2025-10-23T12:52:46+00:00\",\"description\":\"Transport von Mailand nach San Remo behilflich sein zu k\u00f6nnen. Wir stellen Ihnen hierf\u00fcr verschiedene Optionen zur Verf\u00fcgung, die direkt \u00fcber unsere Webseite gebucht werden k\u00f6nnen\",\"breadcrumb\":{\"@id\":\"https:\\\/\\\/milano-sanremo.org\\\/de\\\/reisen\\\/transport-2\\\/#breadcrumb\"},\"inLanguage\":\"de\",\"potentialAction\":[{\"@type\":\"ReadAction\",\"target\":[\"https:\\\/\\\/milano-sanremo.org\\\/de\\\/reisen\\\/transport-2\\\/\"]}]},{\"@type\":\"BreadcrumbList\",\"@id\":\"https:\\\/\\\/milano-sanremo.org\\\/de\\\/reisen\\\/transport-2\\\/#breadcrumb\",\"itemListElement\":[{\"@type\":\"ListItem\",\"position\":1,\"name\":\"Home\",\"item\":\"https:\\\/\\\/milano-sanremo.org\\\/de\\\/\"},{\"@type\":\"ListItem\",\"position\":2,\"name\":\"REISEN\",\"item\":\"https:\\\/\\\/milano-sanremo.org\\\/de\\\/viaggio\\\/\"},{\"@type\":\"ListItem\",\"position\":3,\"name\":\"TRANSPORT\"}]},{\"@type\":\"WebSite\",\"@id\":\"https:\\\/\\\/milano-sanremo.org\\\/de\\\/#website\",\"url\":\"https:\\\/\\\/milano-sanremo.org\\\/de\\\/\",\"name\":\"MILANO SANREMO AMATORI\",\"description\":\"MAILAND SANREMO AMATEURE | 7. JUNI 2026 | OFFIZIELLE WEBSITE\",\"potentialAction\":[{\"@type\":\"SearchAction\",\"target\":{\"@type\":\"EntryPoint\",\"urlTemplate\":\"https:\\\/\\\/milano-sanremo.org\\\/de\\\/?s={search_term_string}\"},\"query-input\":{\"@type\":\"PropertyValueSpecification\",\"valueRequired\":true,\"valueName\":\"search_term_string\"}}],\"inLanguage\":\"de\"}]}<\/script>\n<!-- \/ Yoast SEO plugin. -->","yoast_head_json":{"title":"TRANSPORT | MILANO SANREMO AMATORI | MAILAND SANREMO AMATEURE | 7. JUNI 2026 | OFFIZIELLE WEBSITE","description":"Transport von Mailand nach San Remo behilflich sein zu k\u00f6nnen. Wir stellen Ihnen hierf\u00fcr verschiedene Optionen zur Verf\u00fcgung, die direkt \u00fcber unsere Webseite gebucht werden k\u00f6nnen","robots":{"index":"index","follow":"follow","max-snippet":"max-snippet:-1","max-image-preview":"max-image-preview:large","max-video-preview":"max-video-preview:-1"},"canonical":"https:\/\/milano-sanremo.org\/de\/reisen\/transport-2\/","og_locale":"de_DE","og_type":"article","og_title":"TRANSPORT | MILANO SANREMO AMATORI | MAILAND SANREMO AMATEURE | 7. JUNI 2026 | OFFIZIELLE WEBSITE","og_description":"Transport von Mailand nach San Remo behilflich sein zu k\u00f6nnen. Wir stellen Ihnen hierf\u00fcr verschiedene Optionen zur Verf\u00fcgung, die direkt \u00fcber unsere Webseite gebucht werden k\u00f6nnen","og_url":"https:\/\/milano-sanremo.org\/de\/reisen\/transport-2\/","og_site_name":"MILANO SANREMO AMATORI","article_modified_time":"2025-10-23T12:52:46+00:00","twitter_card":"summary_large_image","twitter_misc":{"Gesch\u00e4tzte Lesezeit":"2\u00a0Minuten"},"schema":{"@context":"https:\/\/schema.org","@graph":[{"@type":"WebPage","@id":"https:\/\/milano-sanremo.org\/de\/reisen\/transport-2\/","url":"https:\/\/milano-sanremo.org\/de\/reisen\/transport-2\/","name":"TRANSPORT | MILANO SANREMO AMATORI | MAILAND SANREMO AMATEURE | 7. JUNI 2026 | OFFIZIELLE WEBSITE","isPartOf":{"@id":"https:\/\/milano-sanremo.org\/de\/#website"},"datePublished":"2013-06-17T13:14:01+00:00","dateModified":"2025-10-23T12:52:46+00:00","description":"Transport von Mailand nach San Remo behilflich sein zu k\u00f6nnen. Wir stellen Ihnen hierf\u00fcr verschiedene Optionen zur Verf\u00fcgung, die direkt \u00fcber unsere Webseite gebucht werden k\u00f6nnen","breadcrumb":{"@id":"https:\/\/milano-sanremo.org\/de\/reisen\/transport-2\/#breadcrumb"},"inLanguage":"de","potentialAction":[{"@type":"ReadAction","target":["https:\/\/milano-sanremo.org\/de\/reisen\/transport-2\/"]}]},{"@type":"BreadcrumbList","@id":"https:\/\/milano-sanremo.org\/de\/reisen\/transport-2\/#breadcrumb","itemListElement":[{"@type":"ListItem","position":1,"name":"Home","item":"https:\/\/milano-sanremo.org\/de\/"},{"@type":"ListItem","position":2,"name":"REISEN","item":"https:\/\/milano-sanremo.org\/de\/viaggio\/"},{"@type":"ListItem","position":3,"name":"TRANSPORT"}]},{"@type":"WebSite","@id":"https:\/\/milano-sanremo.org\/de\/#website","url":"https:\/\/milano-sanremo.org\/de\/","name":"MILANO SANREMO AMATORI","description":"MAILAND SANREMO AMATEURE | 7. JUNI 2026 | OFFIZIELLE WEBSITE","potentialAction":[{"@type":"SearchAction","target":{"@type":"EntryPoint","urlTemplate":"https:\/\/milano-sanremo.org\/de\/?s={search_term_string}"},"query-input":{"@type":"PropertyValueSpecification","valueRequired":true,"valueName":"search_term_string"}}],"inLanguage":"de"}]}},"_links":{"self":[{"href":"https:\/\/milano-sanremo.org\/de\/wp-json\/wp\/v2\/pages\/1936","targetHints":{"allow":["GET"]}}],"collection":[{"href":"https:\/\/milano-sanremo.org\/de\/wp-json\/wp\/v2\/pages"}],"about":[{"href":"https:\/\/milano-sanremo.org\/de\/wp-json\/wp\/v2\/types\/page"}],"author":[{"embeddable":true,"href":"https:\/\/milano-sanremo.org\/de\/wp-json\/wp\/v2\/users\/1"}],"replies":[{"embeddable":true,"href":"https:\/\/milano-sanremo.org\/de\/wp-json\/wp\/v2\/comments?post=1936"}],"version-history":[{"count":34,"href":"https:\/\/milano-sanremo.org\/de\/wp-json\/wp\/v2\/pages\/1936\/revisions"}],"predecessor-version":[{"id":14870,"href":"https:\/\/milano-sanremo.org\/de\/wp-json\/wp\/v2\/pages\/1936\/revisions\/14870"}],"up":[{"embeddable":true,"href":"https:\/\/milano-sanremo.org\/de\/wp-json\/wp\/v2\/pages\/1694"}],"wp:attachment":[{"href":"https:\/\/milano-sanremo.org\/de\/wp-json\/wp\/v2\/media?parent=1936"}],"curies":[{"name":"wp","href":"https:\/\/api.w.org\/{rel}","templated":true}]}}