{"id":4633,"date":"2013-11-07T14:32:31","date_gmt":"2013-11-07T14:32:31","guid":{"rendered":"http:\/\/milano-sanremo.org\/wordpress\/?page_id=4633"},"modified":"2025-05-27T10:44:49","modified_gmt":"2025-05-27T10:44:49","slug":"gepack","status":"publish","type":"page","link":"https:\/\/milano-sanremo.org\/de\/reisen\/transport-2\/gepack\/","title":{"rendered":"Gep\u00e4ck"},"content":{"rendered":"<h2>Wir k\u00fcmmern uns um alle Aspekte Ihres Aufenthaltes, von der Unterkunft bis zur Teilnahme an der Mailand &#8211; San Remo Radfernfahrt bis hin zum Gep\u00e4ck. So k\u00f6nnen Sie Ihre ganze Energie in das Rennen stecken.<\/h2>\n<p>Nachstehend finden Sie alle notwendigen Informationen bez\u00fcglich des Gep\u00e4cktransportes von Mailand nach San Remo.<\/p>\n<p>&nbsp;<\/p>\n<div>\n<table style=\"width: 100%;\">\n<thead>\n<tr>\n<th style=\"width: 25%;\">Gep\u00e4ck<\/th>\n<th style=\"width: 25%;\">von<\/th>\n<th style=\"width: 25%;\">bis<\/th>\n<th style=\"width: 25%;\">Kosten<\/th>\n<\/tr>\n<\/thead>\n<tbody>\n<tr>\n<td>Rucksack<\/td>\n<td>Abfahrtsort (Mailand<span style=\"font-size: inherit; font-family: inherit;\">)<\/span><\/td>\n<td>Palafiori (San Remo)<\/td>\n<td style=\"text-align: center;\">kostenlos<\/td>\n<\/tr>\n<tr>\n<td>Leere Fahrradtransporttasche<\/td>\n<td>Partnerhotel (Mailand)<\/td>\n<td>Partnerhotel (San Remo)<\/td>\n<td style=\"text-align: center;\">\u20ac 20.00<\/td>\n<\/tr>\n<tr>\n<td>Koffer\/Reisetasche<\/td>\n<td>Partnerhotel (Mailand)<\/td>\n<td>Partnerhotel (San Remo)<\/td>\n<td style=\"text-align: center;\">\u20ac 20.00<\/td>\n<\/tr>\n<\/tbody>\n<\/table>\n<\/div>\n<p>&nbsp;<\/p>\n<h4>&nbsp;<\/h4>\n<h4>RUCKS\u00c4CKE UND KLEINERE TASCHEN<\/h4>\n<p>Rucks\u00e4cke und kleinere Taschen mit allen Notwendigkeiten f\u00fcr eine schnelle Dusche oder Kleidung zum Wechseln werden kostenlos transportiert und m\u00fcssen bis Sonntag Morgen um 6:00 Uhr am Bus des Organisatoren in der N\u00e4he des Startlinie aufgegeben werden.<\/p>\n<h4>GR\u00d6SSERE TASCHEN UND LEERE FAHRRADTASCHEN<\/h4>\n<p>Lesen Sie bitte sorgf\u00e4ltig die Reservierungsregeln \u00fcber dieses Produkt auf <a href=\"https:\/\/milano-sanremo.org\/de\/reservierungsregeln\/\" target=\"_blank\" rel=\"noopener\">der folgenden Seite<\/a>.<\/p>\n<h4>VERANTWORTUNG<\/h4>\n<p>Der Transport des Gep\u00e4cks erfolgt auf eigenes Risiko. Die Organisation ist weder f\u00fcr Sch\u00e4den noch den Verlust des Gep\u00e4cks verantwortlich.<\/p>\n<h4>WERTSACHEN<\/h4>\n<p>Wir raten Ihnen davon ab, Wertsachen, Geld oder Ausweise in Ihrer zu transportierenden Tasche aufzubewahren.<\/p>\n<h4>VERSICHERUNG<\/h4>\n<p>Auf Wunsch k\u00f6nnen Sie eine Reiseversicherung inklusive Gep\u00e4ckversicherung bis zu 500, 1000 oder 1500 Euro abschlie\u00dfen.<\/p>\n<p>&nbsp;<\/p>\n<div>&nbsp;<\/div>\n<p>&nbsp;<\/p>\n","protected":false},"excerpt":{"rendered":"<p>Wir k\u00fcmmern uns um alle Aspekte Ihres Aufenthaltes, von der Unterkunft bis zur Teilnahme an der Mailand &#8211; San Remo Radfernfahrt bis hin zum Gep\u00e4ck. So k\u00f6nnen Sie Ihre ganze Energie in das Rennen stecken. Nachstehend finden Sie alle notwendigen Informationen bez\u00fcglich des Gep\u00e4cktransportes von Mailand nach San Remo. &nbsp; Gep\u00e4ck von bis Kosten Rucksack [&hellip;]<\/p>\n","protected":false},"author":1,"featured_media":0,"parent":1936,"menu_order":0,"comment_status":"closed","ping_status":"closed","template":"","meta":{"_et_pb_use_builder":"","_et_pb_old_content":"","_et_gb_content_width":"","ngg_post_thumbnail":0,"footnotes":""},"class_list":["post-4633","page","type-page","status-publish","hentry"],"yoast_head":"<!-- This site is optimized with the Yoast SEO plugin v27.4 - https:\/\/yoast.com\/product\/yoast-seo-wordpress\/ -->\n<title>Gep\u00e4ck | MILANO SANREMO AMATORI | MAILAND SANREMO AMATEURE | 7. JUNI 2026 | OFFIZIELLE WEBSITE<\/title>\n<meta name=\"description\" content=\"Gep\u00e4ck\" \/>\n<meta name=\"robots\" content=\"index, follow, max-snippet:-1, max-image-preview:large, max-video-preview:-1\" \/>\n<link rel=\"canonical\" href=\"https:\/\/milano-sanremo.org\/de\/reisen\/transport-2\/gepack\/\" \/>\n<meta property=\"og:locale\" content=\"de_DE\" \/>\n<meta property=\"og:type\" content=\"article\" \/>\n<meta property=\"og:title\" content=\"Gep\u00e4ck | MILANO SANREMO AMATORI | MAILAND SANREMO AMATEURE | 7. JUNI 2026 | OFFIZIELLE WEBSITE\" \/>\n<meta property=\"og:description\" content=\"Gep\u00e4ck\" \/>\n<meta property=\"og:url\" content=\"https:\/\/milano-sanremo.org\/de\/reisen\/transport-2\/gepack\/\" \/>\n<meta property=\"og:site_name\" content=\"MILANO SANREMO AMATORI\" \/>\n<meta property=\"article:modified_time\" content=\"2025-05-27T10:44:49+00:00\" \/>\n<meta name=\"twitter:card\" content=\"summary_large_image\" \/>\n<meta name=\"twitter:label1\" content=\"Gesch\u00e4tzte Lesezeit\" \/>\n\t<meta name=\"twitter:data1\" content=\"2\u00a0Minuten\" \/>\n<script type=\"application\/ld+json\" class=\"yoast-schema-graph\">{\"@context\":\"https:\\\/\\\/schema.org\",\"@graph\":[{\"@type\":\"WebPage\",\"@id\":\"https:\\\/\\\/milano-sanremo.org\\\/de\\\/reisen\\\/transport-2\\\/gepack\\\/\",\"url\":\"https:\\\/\\\/milano-sanremo.org\\\/de\\\/reisen\\\/transport-2\\\/gepack\\\/\",\"name\":\"Gep\u00e4ck | MILANO SANREMO AMATORI | MAILAND SANREMO AMATEURE | 7. JUNI 2026 | OFFIZIELLE WEBSITE\",\"isPartOf\":{\"@id\":\"https:\\\/\\\/milano-sanremo.org\\\/de\\\/#website\"},\"datePublished\":\"2013-11-07T14:32:31+00:00\",\"dateModified\":\"2025-05-27T10:44:49+00:00\",\"description\":\"Gep\u00e4ck\",\"breadcrumb\":{\"@id\":\"https:\\\/\\\/milano-sanremo.org\\\/de\\\/reisen\\\/transport-2\\\/gepack\\\/#breadcrumb\"},\"inLanguage\":\"de\",\"potentialAction\":[{\"@type\":\"ReadAction\",\"target\":[\"https:\\\/\\\/milano-sanremo.org\\\/de\\\/reisen\\\/transport-2\\\/gepack\\\/\"]}]},{\"@type\":\"BreadcrumbList\",\"@id\":\"https:\\\/\\\/milano-sanremo.org\\\/de\\\/reisen\\\/transport-2\\\/gepack\\\/#breadcrumb\",\"itemListElement\":[{\"@type\":\"ListItem\",\"position\":1,\"name\":\"Home\",\"item\":\"https:\\\/\\\/milano-sanremo.org\\\/de\\\/\"},{\"@type\":\"ListItem\",\"position\":2,\"name\":\"REISEN\",\"item\":\"https:\\\/\\\/milano-sanremo.org\\\/de\\\/viaggio\\\/\"},{\"@type\":\"ListItem\",\"position\":3,\"name\":\"TRANSPORT\",\"item\":\"https:\\\/\\\/milano-sanremo.org\\\/de\\\/reisen\\\/transport-2\\\/\"},{\"@type\":\"ListItem\",\"position\":4,\"name\":\"Gep\u00e4ck\"}]},{\"@type\":\"WebSite\",\"@id\":\"https:\\\/\\\/milano-sanremo.org\\\/de\\\/#website\",\"url\":\"https:\\\/\\\/milano-sanremo.org\\\/de\\\/\",\"name\":\"MILANO SANREMO AMATORI\",\"description\":\"MAILAND SANREMO AMATEURE | 7. JUNI 2026 | OFFIZIELLE WEBSITE\",\"potentialAction\":[{\"@type\":\"SearchAction\",\"target\":{\"@type\":\"EntryPoint\",\"urlTemplate\":\"https:\\\/\\\/milano-sanremo.org\\\/de\\\/?s={search_term_string}\"},\"query-input\":{\"@type\":\"PropertyValueSpecification\",\"valueRequired\":true,\"valueName\":\"search_term_string\"}}],\"inLanguage\":\"de\"}]}<\/script>\n<!-- \/ Yoast SEO plugin. -->","yoast_head_json":{"title":"Gep\u00e4ck | MILANO SANREMO AMATORI | MAILAND SANREMO AMATEURE | 7. JUNI 2026 | OFFIZIELLE WEBSITE","description":"Gep\u00e4ck","robots":{"index":"index","follow":"follow","max-snippet":"max-snippet:-1","max-image-preview":"max-image-preview:large","max-video-preview":"max-video-preview:-1"},"canonical":"https:\/\/milano-sanremo.org\/de\/reisen\/transport-2\/gepack\/","og_locale":"de_DE","og_type":"article","og_title":"Gep\u00e4ck | MILANO SANREMO AMATORI | MAILAND SANREMO AMATEURE | 7. JUNI 2026 | OFFIZIELLE WEBSITE","og_description":"Gep\u00e4ck","og_url":"https:\/\/milano-sanremo.org\/de\/reisen\/transport-2\/gepack\/","og_site_name":"MILANO SANREMO AMATORI","article_modified_time":"2025-05-27T10:44:49+00:00","twitter_card":"summary_large_image","twitter_misc":{"Gesch\u00e4tzte Lesezeit":"2\u00a0Minuten"},"schema":{"@context":"https:\/\/schema.org","@graph":[{"@type":"WebPage","@id":"https:\/\/milano-sanremo.org\/de\/reisen\/transport-2\/gepack\/","url":"https:\/\/milano-sanremo.org\/de\/reisen\/transport-2\/gepack\/","name":"Gep\u00e4ck | MILANO SANREMO AMATORI | MAILAND SANREMO AMATEURE | 7. JUNI 2026 | OFFIZIELLE WEBSITE","isPartOf":{"@id":"https:\/\/milano-sanremo.org\/de\/#website"},"datePublished":"2013-11-07T14:32:31+00:00","dateModified":"2025-05-27T10:44:49+00:00","description":"Gep\u00e4ck","breadcrumb":{"@id":"https:\/\/milano-sanremo.org\/de\/reisen\/transport-2\/gepack\/#breadcrumb"},"inLanguage":"de","potentialAction":[{"@type":"ReadAction","target":["https:\/\/milano-sanremo.org\/de\/reisen\/transport-2\/gepack\/"]}]},{"@type":"BreadcrumbList","@id":"https:\/\/milano-sanremo.org\/de\/reisen\/transport-2\/gepack\/#breadcrumb","itemListElement":[{"@type":"ListItem","position":1,"name":"Home","item":"https:\/\/milano-sanremo.org\/de\/"},{"@type":"ListItem","position":2,"name":"REISEN","item":"https:\/\/milano-sanremo.org\/de\/viaggio\/"},{"@type":"ListItem","position":3,"name":"TRANSPORT","item":"https:\/\/milano-sanremo.org\/de\/reisen\/transport-2\/"},{"@type":"ListItem","position":4,"name":"Gep\u00e4ck"}]},{"@type":"WebSite","@id":"https:\/\/milano-sanremo.org\/de\/#website","url":"https:\/\/milano-sanremo.org\/de\/","name":"MILANO SANREMO AMATORI","description":"MAILAND SANREMO AMATEURE | 7. JUNI 2026 | OFFIZIELLE WEBSITE","potentialAction":[{"@type":"SearchAction","target":{"@type":"EntryPoint","urlTemplate":"https:\/\/milano-sanremo.org\/de\/?s={search_term_string}"},"query-input":{"@type":"PropertyValueSpecification","valueRequired":true,"valueName":"search_term_string"}}],"inLanguage":"de"}]}},"_links":{"self":[{"href":"https:\/\/milano-sanremo.org\/de\/wp-json\/wp\/v2\/pages\/4633","targetHints":{"allow":["GET"]}}],"collection":[{"href":"https:\/\/milano-sanremo.org\/de\/wp-json\/wp\/v2\/pages"}],"about":[{"href":"https:\/\/milano-sanremo.org\/de\/wp-json\/wp\/v2\/types\/page"}],"author":[{"embeddable":true,"href":"https:\/\/milano-sanremo.org\/de\/wp-json\/wp\/v2\/users\/1"}],"replies":[{"embeddable":true,"href":"https:\/\/milano-sanremo.org\/de\/wp-json\/wp\/v2\/comments?post=4633"}],"version-history":[{"count":8,"href":"https:\/\/milano-sanremo.org\/de\/wp-json\/wp\/v2\/pages\/4633\/revisions"}],"predecessor-version":[{"id":14717,"href":"https:\/\/milano-sanremo.org\/de\/wp-json\/wp\/v2\/pages\/4633\/revisions\/14717"}],"up":[{"embeddable":true,"href":"https:\/\/milano-sanremo.org\/de\/wp-json\/wp\/v2\/pages\/1936"}],"wp:attachment":[{"href":"https:\/\/milano-sanremo.org\/de\/wp-json\/wp\/v2\/media?parent=4633"}],"curies":[{"name":"wp","href":"https:\/\/api.w.org\/{rel}","templated":true}]}}