{"id":6772,"date":"2015-10-12T08:10:22","date_gmt":"2015-10-12T08:10:22","guid":{"rendered":"http:\/\/milano-sanremo.org\/?page_id=6772"},"modified":"2026-03-25T12:59:02","modified_gmt":"2026-03-25T12:59:02","slug":"atahotel-ripamonti","status":"publish","type":"page","link":"https:\/\/milano-sanremo.org\/de\/reisen\/hotel\/atahotel-ripamonti\/","title":{"rendered":"HOTEL IN MAILAND"},"content":{"rendered":"<p>[et_pb_section fb_built=&#8220;1&#8243; _builder_version=&#8220;4.16&#8243; locked=&#8220;off&#8220; global_colors_info=&#8220;{}&#8220;][et_pb_row _builder_version=&#8220;4.16&#8243; background_size=&#8220;initial&#8220; background_position=&#8220;top_left&#8220; background_repeat=&#8220;repeat&#8220; global_colors_info=&#8220;{}&#8220;][et_pb_column type=&#8220;4_4&#8243; _builder_version=&#8220;4.16&#8243; custom_padding=&#8220;|||&#8220; global_colors_info=&#8220;{}&#8220; custom_padding__hover=&#8220;|||&#8220;][et_pb_text admin_label=&#8220;Sottotitolo&#8220; _builder_version=&#8220;4.19.5&#8243; background_size=&#8220;initial&#8220; background_position=&#8220;top_left&#8220; background_repeat=&#8220;repeat&#8220; global_colors_info=&#8220;{}&#8220;]<\/p>\n<h2 style=\"text-align: center;\">BUCHEN SIE DAS OFFIZIELLE HOTEL DER VERANSTALTUNG NUR AUF UNSERER WEBSITE !<\/h2>\n<p>[\/et_pb_text][et_pb_text admin_label=&#8220;Servizi&#8220; _builder_version=&#8220;4.19.5&#8243; _module_preset=&#8220;default&#8220; global_colors_info=&#8220;{}&#8220;]<\/p>\n<h3><span style=\"color: #ff0000;\">EXKLUSIVE DIENSTLEISTUNGEN F\u00dcR TEILNEHMER, DIE \u00dcBER UNSERE WEBSITE BUCHEN<br \/><\/span><\/h3>\n<ul>\n<li><span style=\"font-size: 14pt;\"><strong><span style=\"color: #ff0000;\">Das PREMIUM-Hotel ist das f\u00fcr den Start vorgesehene IBIS STYLES SETTALA MAILAND, exklusiv f\u00fcr die Organisation!<br \/><\/span><\/strong><\/span><\/li>\n<li>\n<h4><span style=\"color: #ff0000;\"><strong> Die COMFORT Hotels befinden sich in einem Umkreis von ca. 15 km vom Start.<br \/><\/strong><\/span><\/h4>\n<\/li>\n<li>\n<h4><span style=\"color: #ff0000;\"><strong> Ausgew\u00e4hlte Hotels in Mailand bieten die M\u00f6glichkeit, Ihr Fahrrad auf Ihr Zimmer zu bringen oder einen sicheren Abstellraum zu organisieren<\/strong><\/span><\/h4>\n<\/li>\n<li>\n<h4><span style=\"color: #ff0000;\"><strong>Fr\u00fchst\u00fcck am fr\u00fchen Morgen: Am Tag der Veranstaltung wird ab 5 Uhr morgens ein Fr\u00fchst\u00fcck mit Kohlenhydratverst\u00e4rkung (Nudeln und Reis) serviert &#8211; EXKLUSIVER SERVICE in allen unseren Hotels!<\/strong><\/span><\/h4>\n<\/li>\n<li>\n<h4><span style=\"color: #ff0000;\"><strong>Willkommensdinner, f\u00fcr diejenigen, die ihr Hotel mit Halbpension buchen &#8211; EXKLUSIVER SERVICE im offiziellen Hotel!<\/strong><\/span><\/h4>\n<\/li>\n<\/ul>\n<p>[\/et_pb_text][\/et_pb_column][\/et_pb_row][et_pb_row _builder_version=&#8220;4.19.4&#8243; _module_preset=&#8220;default&#8220; global_colors_info=&#8220;{}&#8220;][et_pb_column type=&#8220;4_4&#8243; _builder_version=&#8220;4.19.4&#8243; _module_preset=&#8220;default&#8220; global_colors_info=&#8220;{}&#8220;][et_pb_text admin_label=&#8220;Sottotitolo&#8220; _builder_version=&#8220;4.19.5&#8243; background_size=&#8220;initial&#8220; background_position=&#8220;top_left&#8220; background_repeat=&#8220;repeat&#8220; global_colors_info=&#8220;{}&#8220;]<\/p>\n<h2 style=\"text-align: center;\">HOTEL PREMIUM<\/h2>\n<p>[\/et_pb_text][et_pb_pricing_tables featured_table_header_background_color=&#8220;#E02B20&#8243; header_background_color=&#8220;#E02B20&#8243; _builder_version=&#8220;4.19.5&#8243; _module_preset=&#8220;default&#8220; global_colors_info=&#8220;{}&#8220;][et_pb_pricing_table title=&#8220;DOPPELZIMMER ZUR EINZELNUTZUNG&#8220; subtitle=&#8220;IBIS STYLE SETTALA die sich am Start des Rennens befinden &#8220; currency=&#8220;\u20ac&#8220; per=&#8220;pro person und Nacht&#8220; sum=&#8220;215&#8243; button_url=&#8220;https:\/\/www.runtosanremo.it\/en\/granfondo-milano-sanremo\/&#8220; url_new_window=&#8220;on&#8220; button_text=&#8220;JETZT BUCHEN&#8220; _builder_version=&#8220;4.19.5&#8243; _module_preset=&#8220;default&#8220; global_colors_info=&#8220;{}&#8220; sticky_transition=&#8220;on&#8220;]Doppelzimmer zur Einzelnutzung (f\u00fcr 1 Person)<br \/>\nHalbpension mit dem Begr\u00fc\u00dfungsessen am Samstagabend, Getr\u00e4nke inklusive<br \/>\nInklusive ist das Sportfr\u00fchst\u00fcck um 5:00 Uhr am Renntag.[\/et_pb_pricing_table][et_pb_pricing_table title=&#8220;DOPPELZIMMER&#8220; subtitle=&#8220;IBIS STYLE SETTALA die sich am Start des Rennens befinden &#8220; currency=&#8220;\u20ac&#8220; per=&#8220;pro person und Nacht&#8220; sum=&#8220;155&#8243; button_url=&#8220;https:\/\/www.runtosanremo.it\/en\/granfondo-milano-sanremo\/&#8220; url_new_window=&#8220;on&#8220; button_text=&#8220;JETZT BUCHEN&#8220; _builder_version=&#8220;4.19.5&#8243; _module_preset=&#8220;default&#8220; global_colors_info=&#8220;{}&#8220; sticky_transition=&#8220;on&#8220;]Doppelzimmerl\u00f6sung (f\u00fcr 2 Personen)<br \/>\nHalbpension mit dem Begr\u00fc\u00dfungsessen am Samstagabend, Getr\u00e4nke inklusive<br \/>\nInklusive ist das Sportfr\u00fchst\u00fcck um 5:00 Uhr am Renntag.<br \/>\nZuschlag f\u00fcr zus\u00e4tzliche Nacht mit Fr\u00fchst\u00fcck: 100,00 \u20ac[\/et_pb_pricing_table][\/et_pb_pricing_tables][et_pb_text admin_label=&#8220;Sottotitolo&#8220; _builder_version=&#8220;4.19.5&#8243; background_size=&#8220;initial&#8220; background_position=&#8220;top_left&#8220; background_repeat=&#8220;repeat&#8220; global_colors_info=&#8220;{}&#8220;]<\/p>\n<h2 style=\"text-align: center;\">HOTEL COMFORT<\/h2>\n<p>[\/et_pb_text][et_pb_pricing_tables featured_table_header_background_color=&#8220;#E02B20&#8243; header_background_color=&#8220;#E02B20&#8243; _builder_version=&#8220;4.19.5&#8243; _module_preset=&#8220;default&#8220; global_colors_info=&#8220;{}&#8220;][et_pb_pricing_table title=&#8220;DOPPELZIMMER ZUR EINZELNUTZUNG&#8220; subtitle=&#8220;formel Roulette, 15 Km vom Startpunkt entfernt&#8220; currency=&#8220;\u20ac&#8220; per=&#8220;pro zimmer und Nacht&#8220; sum=&#8220;110&#8243; button_url=&#8220;https:\/\/www.runtosanremo.it\/en\/granfondo-milano-sanremo\/&#8220; url_new_window=&#8220;on&#8220; button_text=&#8220;JETZT BUCHEN&#8220; _builder_version=&#8220;4.19.5&#8243; _module_preset=&#8220;default&#8220; global_colors_info=&#8220;{}&#8220; sticky_transition=&#8220;on&#8220;]Doppelzimmer zur Einzelnutzung (f\u00fcr 1 Person)<br \/>\nHalbpension mit dem Begr\u00fc\u00dfungsessen am Samstagabend, Getr\u00e4nke inklusive<br \/>\nIm Preis inbegriffen ist das Sportfr\u00fchst\u00fcck um 5:00 Uhr am Renntag.[\/et_pb_pricing_table][et_pb_pricing_table title=&#8220;DOPPELZIMMER&#8220; subtitle=&#8220;formel Roulette, 15 Km vom Startpunkt entfernt&#8220; currency=&#8220;\u20ac&#8220; per=&#8220;pro zimmer und Nacht&#8220; sum=&#8220;150&#8243; button_url=&#8220;https:\/\/www.runtosanremo.it\/en\/granfondo-milano-sanremo\/&#8220; url_new_window=&#8220;on&#8220; button_text=&#8220;JETZT BUCHEN&#8220; _builder_version=&#8220;4.19.5&#8243; _module_preset=&#8220;default&#8220; global_colors_info=&#8220;{}&#8220; sticky_transition=&#8220;on&#8220;]Doppelzimmer-L\u00f6sung (f\u00fcr 2 Personen)<br \/>\nHalbpension mit dem Begr\u00fc\u00dfungsessen am Samstagabend, Getr\u00e4nke inklusive<br \/>\nIm Preis inbegriffen ist das Sportfr\u00fchst\u00fcck um 5:00 Uhr am Renntag.[\/et_pb_pricing_table][\/et_pb_pricing_tables][et_pb_text _builder_version=&#8220;4.19.4&#8243; background_size=&#8220;initial&#8220; background_position=&#8220;top_left&#8220; background_repeat=&#8220;repeat&#8220; global_colors_info=&#8220;{}&#8220;]<\/p>\n<h4>HOTEL-GUTSCHEIN<\/h4>\n<p>Das genaue Hotel wird 15\/20 Tage vor der Veranstaltung zugewiesen und die Gutscheine werden per E-Mail verschickt.<\/p>\n<h4>R\u00dcCKTRITTSGEB\u00dcHREN<\/h4>\n<p>Bitte lesen Sie die Buchungsbedingungen des Hotels auf dieser Seite <a href=\"https:\/\/milano-sanremo.org\/de\/1625-2\/reservierungsregeln\/\" target=\"_blank\" rel=\"noopener noreferrer\">dieser Seite<\/a> sorgf\u00e4ltig durch.[\/et_pb_text][\/et_pb_column][\/et_pb_row][\/et_pb_section]<\/p>\n","protected":false},"excerpt":{"rendered":"<p>BUCHEN SIE DAS OFFIZIELLE HOTEL DER VERANSTALTUNG NUR AUF UNSERER WEBSITE !EXKLUSIVE DIENSTLEISTUNGEN F\u00dcR TEILNEHMER, DIE \u00dcBER UNSERE WEBSITE BUCHEN Das PREMIUM-Hotel ist das f\u00fcr den Start vorgesehene IBIS STYLES SETTALA MAILAND, exklusiv f\u00fcr die Organisation! Die COMFORT Hotels befinden sich in einem Umkreis von ca. 15 km vom Start. Ausgew\u00e4hlte Hotels in Mailand bieten [&hellip;]<\/p>\n","protected":false},"author":1,"featured_media":0,"parent":1707,"menu_order":0,"comment_status":"closed","ping_status":"closed","template":"","meta":{"_et_pb_use_builder":"on","_et_pb_old_content":"<h3 style=\"text-align: left;\">Buchen Sie Ihr Hotel zu diesen Sonderpreisen - nur auf unserer Website verf\u00fcgbar<\/h3>\r\n<h4>SONDERRATEN<\/h4>\r\nDIE SONDERRATEN GELTEN NUR F\u00dcR BUCHUNGEN DIREKT \u00dcBER UNSERE WEBSEITE!\r\n<p style=\"text-align: center;\">[button class=\"btn_red\" bg_color=\"#000000\" text_color=\"#ffffff\" link=\"https:\/\/booking.milano-sanremo.org\/index.php?lang=de\" target=\"_blank\"]Jetzt buchen! [\/button]<\/p>\r\n\r\n<h3><span style=\"color: #ff0000;\">EXCLUSIVE SERVICES FOR PARTICIPANTS<\/span>\r\n<span style=\"color: #ff0000;\">WHO BOOK THROUGH OUR SITE<\/span><\/h3>\r\n<ul>\r\n \t<li>\r\n<h4><span style=\"color: #ff0000;\"><strong><span class=\"tlid-translation translation\" lang=\"de\"><span class=\"\" title=\"\">Das Hotel in Mailand bietet<\/span><\/span> die M\u00f6glichkeit das Fahrrad mit auf das Zimmer zu nehmen.<\/strong><\/span><\/h4>\r\n<\/li>\r\n \t<li>\r\n<h4><span style=\"color: #ff0000;\"><strong>Early morning breakfast: on the day of the race the breakfast will be served from 5:00 a.m. with provision of pasta and rice for your carbohydrate needs - THIS IS AN EXCLUSIVE SERVICE\r\n<\/strong><\/span><\/h4>\r\n<\/li>\r\n \t<li>\r\n<h4><span style=\"color: #ff0000;\"><strong>Welcome dinner for those who book the hotel with half board - <\/strong><strong>THIS IS AN EXCLUSIVE SERVICE<\/strong><\/span><\/h4>\r\n<\/li>\r\n<\/ul>\r\n<h4>Fr\u00fchbuchertarif<\/h4>\r\nDer Fr\u00fchbuchertarif ist aus keinem Grund erstattungsf\u00e4hig, ob genutzt oder nicht. Es ist gestattet, den Namen der Reservierung bis zum 30. April zu \u00e4ndern.\r\n<table>\r\n<thead>\r\n<tr>\r\n<th style=\"width: 15%; background-color: red;\"><span style=\"font-size: 12px; color: white;\">Ort<\/span><\/th>\r\n<th style=\"width: 15%; background-color: red;\"><span style=\"font-size: 12px; color: white;\">Unterkunft<\/span><\/th>\r\n<th style=\"width: 15%; background-color: red;\"><span style=\"font-size: 12px; color: white;\">Einzel- zimmer<\/span><\/th>\r\n<th style=\"width: 15%; background-color: red;\"><span style=\"font-size: 12px; color: white;\">Doppel- zimmer<\/span><\/th>\r\n<th style=\"width: 15%; background-color: red;\"><span style=\"font-size: 12px; color: white;\">3 Betten<\/span><\/th>\r\n<\/tr>\r\n<tr>\r\n<td>HOTEL RIPAMONTI<\/td>\r\n<td>Bed & Breakfast<\/td>\r\n<td style=\"text-align: center;\">90.00 \u20ac<\/td>\r\n<td style=\"text-align: center;\">55.00 \u20ac<\/td>\r\n<td style=\"text-align: center;\">50.00 \u20ac<\/td>\r\n<\/tr>\r\n<tr>\r\n<td>\u00a0<\/td>\r\n<td>Halbpension<\/td>\r\n<td style=\"text-align: center;\">120.00 \u20ac<\/td>\r\n<td style=\"text-align: center;\">85.00 \u20ac<\/td>\r\n<td style=\"text-align: center;\">80.00 \u20ac<\/td>\r\n<\/tr>\r\n<\/thead>\r\n<\/table>\r\n<p style=\"text-align: center;\"><strong>*Die Preise sind pro Person und pro Tag<\/strong><\/p>\r\n<p style=\"text-align: center;\">Die Touristensteuer von 2,40 \u20ac ist nicht mit inbegriffen: muss vor Ort bezahlt werden.<\/p>\r\n\u00a0\r\n<h4>FLEXIBLE RATE<\/h4>\r\n<table style=\"width: 100%;\">\r\n<thead>\r\n<tr>\r\n<th style=\"width: 15%; background-color: red;\"><span style=\"font-size: 12px; color: white;\">Ort<\/span><\/th>\r\n<th style=\"width: 15%; background-color: red;\"><span style=\"font-size: 12px; color: white;\">Unterkunft<\/span><\/th>\r\n<th style=\"width: 15%; background-color: red;\"><span style=\"font-size: 12px; color: white;\">Einzel- zimmer<\/span><\/th>\r\n<th style=\"width: 15%; background-color: red;\"><span style=\"font-size: 12px; color: white;\">Doppel- zimmer<\/span><\/th>\r\n<th style=\"width: 15%; background-color: red;\"><span style=\"font-size: 12px; color: white;\">3 Betten<\/span><\/th>\r\n<\/tr>\r\n<tr>\r\n<td>HOTEL RIPAMONTI<\/td>\r\n<td>Bed & Breakfast<\/td>\r\n<td style=\"text-align: center;\">100,00 \u20ac<\/td>\r\n<td style=\"text-align: center;\">63,00 \u20ac<\/td>\r\n<td style=\"text-align: center;\">58,00 \u20ac<\/td>\r\n<\/tr>\r\n<tr>\r\n<td>\u00a0<\/td>\r\n<td>Halbpension<\/td>\r\n<td style=\"text-align: center;\">130,00 \u20ac<\/td>\r\n<td style=\"text-align: center;\">93,00 \u20ac<\/td>\r\n<td style=\"text-align: center;\">88,00 \u20ac<\/td>\r\n<\/tr>\r\n<\/thead>\r\n<\/table>\r\n<p style=\"text-align: center;\"><strong>*Die Preise sind pro Person und pro Tag<\/strong><\/p>\r\n<p style=\"text-align: center;\">Die Touristensteuer von 2,40 \u20ac ist nicht mit inbegriffen: muss vor Ort bezahlt werden.<\/p>\r\n\u00a0\r\n<h3 style=\"text-align: center;\"><span style=\"color: #ff0000;\">Buchen Sie Ihr Hotel zu diesen Sonderpreisen - nur auf unserer Website verf\u00fcgbar<\/span><\/h3>\r\n<p style=\"text-align: center;\">[button class=\"btn_red\" bg_color=\"#000000\" text_color=\"#ffffff\" link=\"https:\/\/booking.milano-sanremo.org\/index.php?lang=de\" target=\"_blank\"]Jetzt buchen! [\/button]<\/p>\r\n\r\n<h3>HOTEL RIPAMONTI<\/h3>\r\nDie Hotelresidenz befindet sich in einem ruhigen Gebiet s\u00fcdlich von Mailand, Pieve Emanuele. Sie ist durch die U-Bahn und einen Zubringerdienst gut mit dem Zentrum verbunden. Das Ripamonti bietet seinen G\u00e4sten helle und gem\u00fctliche Zimmer, die mit jeglichem modernen Komfort ausgestattet sind. Sie k\u00f6nnen auch die eingebaute K\u00fcchenecke benutzen.\r\n\r\n[slideshow id=\"16\"]\r\n\r\n<strong>W\u00e4hrend des Rennens Milano \u2013 San Remo<\/strong>\r\n<ul>\r\n \t<li><strong> Das Hotel bietet die M\u00f6glichkeit, Ihr Fahrrad in Ihr Zimmer bringen zu lassen.<\/strong><\/li>\r\n \t<li><strong> An dem Tag des Rennens wird Fr\u00fchst\u00fcck ab 5.00 Uhr morgens serviert; dieses Fr\u00fchst\u00fcck ist reich an Kohlenhydraten (Nudeln und Reis).<\/strong><\/li>\r\n<\/ul>\r\n<h3>Wie man das hotel Ripamonti in Pieve Emanuele (MI) erreicht<\/h3>\r\n<strong>Adresse<\/strong>\r\nVia dei Pini, 3 - 20090 Pieve Emanule (MI)\r\nGPS-Koordinaten\r\nSexagesimalsystem (geographische Breite und L\u00e4nge):\r\n45\u00b0 22'09.49\" N - 9\u00b011'57.11\"\r\n\r\n<strong>Anreise zum hotel Ripamonti mit dem Auto<\/strong>: Fahren Sie von der Westtangente an der Abfahrt \u201eMilano Vigentina\u201c ab, dann auf der Schnellstra\u00dfe in Richtung Pavia weiter, bis Sie die Abfahrt \u201ePieve Emanuele\u201c erreichen. Folgen Sie dort der Beschilderung nach Pavia. Nach ungef\u00e4hr 4 km sehen Sie das Schild, das Sie nach links zum \u201eRipamonti Residence Hotel\u201c f\u00fchrt.\r\n\r\n<strong>Anreise zum hotel Ripamonti vom Flughafen Malpensa<\/strong>: Fahren Sie mit dem \u201eMalpensa Express\u201c bis zum Bahnhof Cadorna und nehmen Sie von dort die gr\u00fcne U-Bahnlinie bis zur Endstation Piazzale Abbiategrasso. Vor der U-Bahnstation erwartet Sie der Autobus des Hotels Ripamonti neben dem Haltestellendach der Stra\u00dfenbahn 15 (das Schild \u201eRipamonti Residence\u201c ist neben dem Fahrer erkennbar).\r\n\r\n<strong>Anreise zum hotel Ripamonti vom Hauptbahnhof<\/strong>: Fahren Sie mit der gr\u00fcnen U-Bahnlinie bis zur Endstation Piazzale Abbiategrasso. Vor der U-Bahnstation erwartet Sie der Autobus des Apartmenthotels Ripamonti neben dem Haltestellendach der Stra\u00dfenbahn 15 (das Schild \u201eRipamonti Residence\u201c ist neben dem Fahrer erkennbar). Unseren G\u00e4sten steht ein neuer Wartesaal zur Verf\u00fcgung. Nur 10 Minuten vom Hotel Ripamonti befinden sich die Navigli, die n\u00e4chtliche Trendzone Mailands, wo Sie in die Mail\u00e4nder Movida mit typischen Restaurants, Trendlokalen und glamour\u00f6ser Atmosph\u00e4re eintauchen k\u00f6nnen.\r\n\r\n\u00a0\r\n\r\n<strong>HOTEL BELEGE<\/strong>\r\n\r\nDas genaue Hotel wird 15\/20 Tage vor der Veranstaltung zugeteilt werden.\r\n\r\nDie Gutscheine f\u00fcr die Hotels m\u00fcssen der Person an der Rezeption bei der Ankunft im Hotel gegeben werden, die in dem Registrierungsabschnitt der Webseite f\u00fcr ungef\u00e4hr 15 Tage vor dem Rennen verf\u00fcgbar sein werden.\r\n<ol>\r\n \t<li>Klicken Sie auf \u201eAnmeldung\u201d<\/li>\r\n \t<li>Geben Sie Ihren Benutzernamen und Kennwort ein<\/li>\r\n \t<li>Klicken Sie auf den Link in der User Menu \u201cReservierungen\u201d<\/li>\r\n \t<li>Klicken Sie auf den Link \u201cBeleg Hotel San Remo\u201d oder \u201cBeleg Hotel Mailand\u201d<\/li>\r\n \t<li>Drucken Sie Ihren Beleg aus<\/li>\r\n<\/ol>\r\n\u00a0\r\n\r\n<strong>STORNIERUNGEN<\/strong>\r\n\r\nLesen Sie bitte sorgf\u00e4ltig die Reservierungsregeln \u00fcber dieses Produkt auf <a href=\"http:\/\/milano-sanremo.org\/de\/1625-2\/reservierungsregeln\/\" target=\"_blank\" rel=\"noopener noreferrer\">der folgenden Seite<\/a>.\r\n\r\n\u00a0","_et_gb_content_width":"","ngg_post_thumbnail":0,"footnotes":""},"class_list":["post-6772","page","type-page","status-publish","hentry"],"yoast_head":"<!-- This site is optimized with the Yoast SEO plugin v27.4 - https:\/\/yoast.com\/product\/yoast-seo-wordpress\/ -->\n<title>HOTEL IN MAILAND | MILANO SANREMO AMATORI | MAILAND SANREMO AMATEURE | 7. JUNI 2026 | OFFIZIELLE WEBSITE<\/title>\n<meta name=\"description\" content=\"HOTEL IN MAILAND\" \/>\n<meta name=\"robots\" content=\"index, follow, max-snippet:-1, max-image-preview:large, max-video-preview:-1\" \/>\n<link rel=\"canonical\" href=\"https:\/\/milano-sanremo.org\/de\/reisen\/hotel\/atahotel-ripamonti\/\" \/>\n<meta property=\"og:locale\" content=\"de_DE\" \/>\n<meta property=\"og:type\" content=\"article\" \/>\n<meta property=\"og:title\" content=\"HOTEL IN MAILAND | MILANO SANREMO AMATORI | MAILAND SANREMO AMATEURE | 7. JUNI 2026 | OFFIZIELLE WEBSITE\" \/>\n<meta property=\"og:description\" content=\"HOTEL IN MAILAND\" \/>\n<meta property=\"og:url\" content=\"https:\/\/milano-sanremo.org\/de\/reisen\/hotel\/atahotel-ripamonti\/\" \/>\n<meta property=\"og:site_name\" content=\"MILANO SANREMO AMATORI\" \/>\n<meta property=\"article:modified_time\" content=\"2026-03-25T12:59:02+00:00\" \/>\n<meta name=\"twitter:card\" content=\"summary_large_image\" \/>\n<meta name=\"twitter:label1\" content=\"Gesch\u00e4tzte Lesezeit\" \/>\n\t<meta name=\"twitter:data1\" content=\"2\u00a0Minuten\" \/>\n<script type=\"application\/ld+json\" class=\"yoast-schema-graph\">{\"@context\":\"https:\\\/\\\/schema.org\",\"@graph\":[{\"@type\":\"WebPage\",\"@id\":\"https:\\\/\\\/milano-sanremo.org\\\/de\\\/reisen\\\/hotel\\\/atahotel-ripamonti\\\/\",\"url\":\"https:\\\/\\\/milano-sanremo.org\\\/de\\\/reisen\\\/hotel\\\/atahotel-ripamonti\\\/\",\"name\":\"HOTEL IN MAILAND | MILANO SANREMO AMATORI | MAILAND SANREMO AMATEURE | 7. JUNI 2026 | OFFIZIELLE WEBSITE\",\"isPartOf\":{\"@id\":\"https:\\\/\\\/milano-sanremo.org\\\/de\\\/#website\"},\"datePublished\":\"2015-10-12T08:10:22+00:00\",\"dateModified\":\"2026-03-25T12:59:02+00:00\",\"description\":\"HOTEL IN MAILAND\",\"breadcrumb\":{\"@id\":\"https:\\\/\\\/milano-sanremo.org\\\/de\\\/reisen\\\/hotel\\\/atahotel-ripamonti\\\/#breadcrumb\"},\"inLanguage\":\"de\",\"potentialAction\":[{\"@type\":\"ReadAction\",\"target\":[\"https:\\\/\\\/milano-sanremo.org\\\/de\\\/reisen\\\/hotel\\\/atahotel-ripamonti\\\/\"]}]},{\"@type\":\"BreadcrumbList\",\"@id\":\"https:\\\/\\\/milano-sanremo.org\\\/de\\\/reisen\\\/hotel\\\/atahotel-ripamonti\\\/#breadcrumb\",\"itemListElement\":[{\"@type\":\"ListItem\",\"position\":1,\"name\":\"Home\",\"item\":\"https:\\\/\\\/milano-sanremo.org\\\/de\\\/\"},{\"@type\":\"ListItem\",\"position\":2,\"name\":\"REISEN\",\"item\":\"https:\\\/\\\/milano-sanremo.org\\\/de\\\/viaggio\\\/\"},{\"@type\":\"ListItem\",\"position\":3,\"name\":\"HOTELS\",\"item\":\"https:\\\/\\\/milano-sanremo.org\\\/de\\\/viaggio\\\/alberghi\\\/\"},{\"@type\":\"ListItem\",\"position\":4,\"name\":\"HOTEL IN MAILAND\"}]},{\"@type\":\"WebSite\",\"@id\":\"https:\\\/\\\/milano-sanremo.org\\\/de\\\/#website\",\"url\":\"https:\\\/\\\/milano-sanremo.org\\\/de\\\/\",\"name\":\"MILANO SANREMO AMATORI\",\"description\":\"MAILAND SANREMO AMATEURE | 7. JUNI 2026 | OFFIZIELLE WEBSITE\",\"potentialAction\":[{\"@type\":\"SearchAction\",\"target\":{\"@type\":\"EntryPoint\",\"urlTemplate\":\"https:\\\/\\\/milano-sanremo.org\\\/de\\\/?s={search_term_string}\"},\"query-input\":{\"@type\":\"PropertyValueSpecification\",\"valueRequired\":true,\"valueName\":\"search_term_string\"}}],\"inLanguage\":\"de\"}]}<\/script>\n<!-- \/ Yoast SEO plugin. -->","yoast_head_json":{"title":"HOTEL IN MAILAND | MILANO SANREMO AMATORI | MAILAND SANREMO AMATEURE | 7. JUNI 2026 | OFFIZIELLE WEBSITE","description":"HOTEL IN MAILAND","robots":{"index":"index","follow":"follow","max-snippet":"max-snippet:-1","max-image-preview":"max-image-preview:large","max-video-preview":"max-video-preview:-1"},"canonical":"https:\/\/milano-sanremo.org\/de\/reisen\/hotel\/atahotel-ripamonti\/","og_locale":"de_DE","og_type":"article","og_title":"HOTEL IN MAILAND | MILANO SANREMO AMATORI | MAILAND SANREMO AMATEURE | 7. JUNI 2026 | OFFIZIELLE WEBSITE","og_description":"HOTEL IN MAILAND","og_url":"https:\/\/milano-sanremo.org\/de\/reisen\/hotel\/atahotel-ripamonti\/","og_site_name":"MILANO SANREMO AMATORI","article_modified_time":"2026-03-25T12:59:02+00:00","twitter_card":"summary_large_image","twitter_misc":{"Gesch\u00e4tzte Lesezeit":"2\u00a0Minuten"},"schema":{"@context":"https:\/\/schema.org","@graph":[{"@type":"WebPage","@id":"https:\/\/milano-sanremo.org\/de\/reisen\/hotel\/atahotel-ripamonti\/","url":"https:\/\/milano-sanremo.org\/de\/reisen\/hotel\/atahotel-ripamonti\/","name":"HOTEL IN MAILAND | MILANO SANREMO AMATORI | MAILAND SANREMO AMATEURE | 7. JUNI 2026 | OFFIZIELLE WEBSITE","isPartOf":{"@id":"https:\/\/milano-sanremo.org\/de\/#website"},"datePublished":"2015-10-12T08:10:22+00:00","dateModified":"2026-03-25T12:59:02+00:00","description":"HOTEL IN MAILAND","breadcrumb":{"@id":"https:\/\/milano-sanremo.org\/de\/reisen\/hotel\/atahotel-ripamonti\/#breadcrumb"},"inLanguage":"de","potentialAction":[{"@type":"ReadAction","target":["https:\/\/milano-sanremo.org\/de\/reisen\/hotel\/atahotel-ripamonti\/"]}]},{"@type":"BreadcrumbList","@id":"https:\/\/milano-sanremo.org\/de\/reisen\/hotel\/atahotel-ripamonti\/#breadcrumb","itemListElement":[{"@type":"ListItem","position":1,"name":"Home","item":"https:\/\/milano-sanremo.org\/de\/"},{"@type":"ListItem","position":2,"name":"REISEN","item":"https:\/\/milano-sanremo.org\/de\/viaggio\/"},{"@type":"ListItem","position":3,"name":"HOTELS","item":"https:\/\/milano-sanremo.org\/de\/viaggio\/alberghi\/"},{"@type":"ListItem","position":4,"name":"HOTEL IN MAILAND"}]},{"@type":"WebSite","@id":"https:\/\/milano-sanremo.org\/de\/#website","url":"https:\/\/milano-sanremo.org\/de\/","name":"MILANO SANREMO AMATORI","description":"MAILAND SANREMO AMATEURE | 7. JUNI 2026 | OFFIZIELLE WEBSITE","potentialAction":[{"@type":"SearchAction","target":{"@type":"EntryPoint","urlTemplate":"https:\/\/milano-sanremo.org\/de\/?s={search_term_string}"},"query-input":{"@type":"PropertyValueSpecification","valueRequired":true,"valueName":"search_term_string"}}],"inLanguage":"de"}]}},"_links":{"self":[{"href":"https:\/\/milano-sanremo.org\/de\/wp-json\/wp\/v2\/pages\/6772","targetHints":{"allow":["GET"]}}],"collection":[{"href":"https:\/\/milano-sanremo.org\/de\/wp-json\/wp\/v2\/pages"}],"about":[{"href":"https:\/\/milano-sanremo.org\/de\/wp-json\/wp\/v2\/types\/page"}],"author":[{"embeddable":true,"href":"https:\/\/milano-sanremo.org\/de\/wp-json\/wp\/v2\/users\/1"}],"replies":[{"embeddable":true,"href":"https:\/\/milano-sanremo.org\/de\/wp-json\/wp\/v2\/comments?post=6772"}],"version-history":[{"count":26,"href":"https:\/\/milano-sanremo.org\/de\/wp-json\/wp\/v2\/pages\/6772\/revisions"}],"predecessor-version":[{"id":15448,"href":"https:\/\/milano-sanremo.org\/de\/wp-json\/wp\/v2\/pages\/6772\/revisions\/15448"}],"up":[{"embeddable":true,"href":"https:\/\/milano-sanremo.org\/de\/wp-json\/wp\/v2\/pages\/1707"}],"wp:attachment":[{"href":"https:\/\/milano-sanremo.org\/de\/wp-json\/wp\/v2\/media?parent=6772"}],"curies":[{"name":"wp","href":"https:\/\/api.w.org\/{rel}","templated":true}]}}