{"id":6845,"date":"2015-10-27T10:06:49","date_gmt":"2015-10-27T10:06:49","guid":{"rendered":"http:\/\/milano-sanremo.org\/?page_id=6845"},"modified":"2016-11-03T12:27:26","modified_gmt":"2016-11-03T12:27:26","slug":"reservierungsregeln","status":"publish","type":"page","link":"https:\/\/milano-sanremo.org\/de\/1625-2\/reservierungsregeln\/","title":{"rendered":"Reservierungsregeln"},"content":{"rendered":"<p>Untenstehend sind die Reservierungsrichtlinien angegeben, die im Fall einer Stornierungsanfrage von einer oder mehr der folgenden Produkte gelten, die \u00fcber unsere Webseite gebucht werden k\u00f6nnen.<\/p>\n<h4><strong>ANMELDUNG ZUR VERANSTALTUNG &#8211; STORNIERUNGEN<\/strong><\/h4>\n<p>Registrierungen sind nicht r\u00fcckerstattbar.<\/p>\n<p>Im Falle einer Stornierung bis zum 30. April wird die Registrierung f\u00fcr die n\u00e4chste Auflage des Rennens gutgeschrieben.<\/p>\n<p>Im Fall einer Stornierung bis zum 30. April wird ein Gutschein ausgestellt werden, der eine Registrierung f\u00fcr die n\u00e4chste Edition des Rennens mit einem Rabatt von 50% erlaubt.<\/p>\n<p>Stornierungen m\u00fcssen per E-Mail erfolgen.<\/p>\n<p><strong>TAGELIZENZ<\/strong><\/p>\n<p>Anmeldeschluss f\u00fcr Registrierungen mit einer Tageslizenz: 30 April.<\/p>\n<p>Die Tageslizenz muss zum Zeitpunkt der Anmeldung bestellt werden.<\/p>\n<p>Falls Sie im Nachhinein eine Tageslizenz bestellen m\u00f6chten (vor dem 30. April) f\u00e4llt eine zus\u00e4tzliche Bearbeitungsgeb\u00fchr von \u20ac 5.00 an.<\/p>\n<p>Es wird nicht m\u00f6glich sein, die Tageslizenz bei Abholung des Startpaketes zu bezahlen.<\/p>\n<h4><strong>HOTEL &#8211; STORNIERUNGEN<\/strong><\/h4>\n<p>Bitte lesen Sie sich die allgemein geltenden Gesch\u00e4ftsbedingungen f\u00fcr den Verkauf von touristischen Leistungen am Fu\u00dfe der Seite genau durch. Hier ein kurzer \u00dcberblick:<\/p>\n<ul>\n<li>bis zu 30 Tage vor dem Rennstart werden bei Stornierung lediglich \u20ac 20,00 Bearbeitungsgeb\u00fchr f\u00e4llig<\/li>\n<li>29-22 Tage vor dem Rennstart sind 25% f\u00e4llig<\/li>\n<li>21-15 Tage vor dem Rennstart sind 50% f\u00e4llig<\/li>\n<li>14-8 Tage vor dem Rennstart sind 75% f\u00e4llig<\/li>\n<li>Bei K\u00fcndigung innerhalb einer Woche vor Rennstart sind 100% f\u00e4llig<\/li>\n<\/ul>\n<p>Bei einer partiellen Stornierung fallen \u20ac 20,00 Bearbeitunggeb\u00fchr an, bei einer vollst\u00e4ndigen Stornierung \u20ac 40,00.<\/p>\n<p style=\"padding-left: 30px;\"><strong>Fr\u00fchbuchertarif<\/strong><\/p>\n<p>Der Fr\u00fchbuchertarif ist g\u00fcltig bei Reservierungen, die bis zum 31. Januar gebucht und vollst\u00e4ndig bezahlt wurden. Der Fr\u00fchbuchertarif ist aus keinem Grund erstattungsf\u00e4hig, ob genutzt oder nicht. <\/p>\n<h4>TRANSFERS<\/h4>\n<div id=\"gt-res-content\">\n<div dir=\"ltr\"><strong>BUS von Sanremo IN MAILAND<\/strong><\/div>\n<\/div>\n<p>F\u00fcr Bus-Reservierungen gelten die folgenden Regelungen.<\/p>\n<ul>\n<li>Sonntag um 20:00 Uhr und Montag 9:30 Uhr\n<ul>\n<li>Keine R\u00fcckerstattung m\u00f6glich\u00f9<\/li>\n<\/ul>\n<\/li>\n<\/ul>\n<p><strong>Bus von Mainland in San Remo (Freunden und Familie)<\/strong><\/p>\n<ul>\n<li>Bus Sonntag um 8 Uhr\n<ul>\n<li>kostenlose Stornierung bis 31. M\u00e4rz<\/li>\n<li>100% Strafe f\u00fcr K\u00fcndigungen nach Fristablauf<\/li>\n<li>Im Falle einer Stornierung fallen\u00a0 \u20ac 20,00 Bearbeitungsgeb\u00fchr f\u00fcr eine partielle Stornierung und \u20ac 30,00 f\u00fcr eine komplette Stornierung an.<\/li>\n<\/ul>\n<\/li>\n<\/ul>\n<h4><strong>Flugh\u00e4fen<\/strong><\/h4>\n<p>In case of flight delays of over one hour, there will be an extra service charge, payable directly to the driver in cash. (translation in progress)<\/p>\n<h5><strong> <strong>T\u00fcr-zu-T\u00fcr Gep\u00e4cktransport<\/strong><\/strong><\/h5>\n<p>Der Transport des Gep\u00e4cks muss vorab via unserer Webseite arrangiert werden. Bitte vergessen Sie nicht Ihr Etikett in A4 Format zu drucken und es f\u00fcr unser Personal gut sichbar am Gep\u00e4ckst\u00fcck anzubringen.<br \/>\nNach der Aufgabe des Gep\u00e4cks sollte das Gep\u00e4ckst\u00fcck in der Lobby des Partnerhotel in Mailand zur\u00fcckgelassen werden von wo aus es zum entsprechenden Hotel in San Remo transportiert wird.<br \/>\nUm eine effiziente Weiterleitung des Gep\u00e4cks zu manifestazionentieren ist dieser Service nur denjenigen, die Ihren Hotelaufenthalte via der offiziellen Webseite gebucht haben vorbehalten.<\/p>\n<h4><strong>Zur\u00fcckerstattung<\/strong><\/h4>\n<p>Stornierung und R\u00fcckerstattung werden am Ende der Veranstaltung abgewickelt<\/p>\n","protected":false},"excerpt":{"rendered":"<p>Untenstehend sind die Reservierungsrichtlinien angegeben, die im Fall einer Stornierungsanfrage von einer oder mehr der folgenden Produkte gelten, die \u00fcber unsere Webseite gebucht werden k\u00f6nnen. ANMELDUNG ZUR VERANSTALTUNG &#8211; STORNIERUNGEN Registrierungen sind nicht r\u00fcckerstattbar. Im Falle einer Stornierung bis zum 30. April wird die Registrierung f\u00fcr die n\u00e4chste Auflage des Rennens gutgeschrieben. Im Fall einer [&hellip;]<\/p>\n","protected":false},"author":1,"featured_media":0,"parent":1625,"menu_order":0,"comment_status":"closed","ping_status":"closed","template":"","meta":{"_et_pb_use_builder":"","_et_pb_old_content":"","_et_gb_content_width":"","ngg_post_thumbnail":0,"footnotes":""},"class_list":["post-6845","page","type-page","status-publish","hentry"],"yoast_head":"<!-- This site is optimized with the Yoast SEO plugin v27.4 - https:\/\/yoast.com\/product\/yoast-seo-wordpress\/ -->\n<title>Reservierungsregeln | MILANO SANREMO AMATORI | MAILAND SANREMO AMATEURE | 7. JUNI 2026 | OFFIZIELLE WEBSITE<\/title>\n<meta name=\"description\" content=\"Reservierungsregeln\" \/>\n<meta name=\"robots\" content=\"index, follow, max-snippet:-1, max-image-preview:large, max-video-preview:-1\" \/>\n<link rel=\"canonical\" href=\"https:\/\/milano-sanremo.org\/de\/1625-2\/reservierungsregeln\/\" \/>\n<meta property=\"og:locale\" content=\"de_DE\" \/>\n<meta property=\"og:type\" content=\"article\" \/>\n<meta property=\"og:title\" content=\"Reservierungsregeln | MILANO SANREMO AMATORI | MAILAND SANREMO AMATEURE | 7. JUNI 2026 | OFFIZIELLE WEBSITE\" \/>\n<meta property=\"og:description\" content=\"Reservierungsregeln\" \/>\n<meta property=\"og:url\" content=\"https:\/\/milano-sanremo.org\/de\/1625-2\/reservierungsregeln\/\" \/>\n<meta property=\"og:site_name\" content=\"MILANO SANREMO AMATORI\" \/>\n<meta property=\"article:modified_time\" content=\"2016-11-03T12:27:26+00:00\" \/>\n<meta name=\"twitter:card\" content=\"summary_large_image\" \/>\n<meta name=\"twitter:label1\" content=\"Gesch\u00e4tzte Lesezeit\" \/>\n\t<meta name=\"twitter:data1\" content=\"2\u00a0Minuten\" \/>\n<script type=\"application\/ld+json\" class=\"yoast-schema-graph\">{\"@context\":\"https:\\\/\\\/schema.org\",\"@graph\":[{\"@type\":\"WebPage\",\"@id\":\"https:\\\/\\\/milano-sanremo.org\\\/de\\\/1625-2\\\/reservierungsregeln\\\/\",\"url\":\"https:\\\/\\\/milano-sanremo.org\\\/de\\\/1625-2\\\/reservierungsregeln\\\/\",\"name\":\"Reservierungsregeln | MILANO SANREMO AMATORI | MAILAND SANREMO AMATEURE | 7. JUNI 2026 | OFFIZIELLE WEBSITE\",\"isPartOf\":{\"@id\":\"https:\\\/\\\/milano-sanremo.org\\\/de\\\/#website\"},\"datePublished\":\"2015-10-27T10:06:49+00:00\",\"dateModified\":\"2016-11-03T12:27:26+00:00\",\"description\":\"Reservierungsregeln\",\"breadcrumb\":{\"@id\":\"https:\\\/\\\/milano-sanremo.org\\\/de\\\/1625-2\\\/reservierungsregeln\\\/#breadcrumb\"},\"inLanguage\":\"de\",\"potentialAction\":[{\"@type\":\"ReadAction\",\"target\":[\"https:\\\/\\\/milano-sanremo.org\\\/de\\\/1625-2\\\/reservierungsregeln\\\/\"]}]},{\"@type\":\"BreadcrumbList\",\"@id\":\"https:\\\/\\\/milano-sanremo.org\\\/de\\\/1625-2\\\/reservierungsregeln\\\/#breadcrumb\",\"itemListElement\":[{\"@type\":\"ListItem\",\"position\":1,\"name\":\"Home\",\"item\":\"https:\\\/\\\/milano-sanremo.org\\\/de\\\/\"},{\"@type\":\"ListItem\",\"position\":2,\"name\":\"INFORMATIONEN\",\"item\":\"https:\\\/\\\/milano-sanremo.org\\\/de\\\/informazioni-sito\\\/\"},{\"@type\":\"ListItem\",\"position\":3,\"name\":\"Reservierungsregeln\"}]},{\"@type\":\"WebSite\",\"@id\":\"https:\\\/\\\/milano-sanremo.org\\\/de\\\/#website\",\"url\":\"https:\\\/\\\/milano-sanremo.org\\\/de\\\/\",\"name\":\"MILANO SANREMO AMATORI\",\"description\":\"MAILAND SANREMO AMATEURE | 7. JUNI 2026 | OFFIZIELLE WEBSITE\",\"potentialAction\":[{\"@type\":\"SearchAction\",\"target\":{\"@type\":\"EntryPoint\",\"urlTemplate\":\"https:\\\/\\\/milano-sanremo.org\\\/de\\\/?s={search_term_string}\"},\"query-input\":{\"@type\":\"PropertyValueSpecification\",\"valueRequired\":true,\"valueName\":\"search_term_string\"}}],\"inLanguage\":\"de\"}]}<\/script>\n<!-- \/ Yoast SEO plugin. -->","yoast_head_json":{"title":"Reservierungsregeln | MILANO SANREMO AMATORI | MAILAND SANREMO AMATEURE | 7. JUNI 2026 | OFFIZIELLE WEBSITE","description":"Reservierungsregeln","robots":{"index":"index","follow":"follow","max-snippet":"max-snippet:-1","max-image-preview":"max-image-preview:large","max-video-preview":"max-video-preview:-1"},"canonical":"https:\/\/milano-sanremo.org\/de\/1625-2\/reservierungsregeln\/","og_locale":"de_DE","og_type":"article","og_title":"Reservierungsregeln | MILANO SANREMO AMATORI | MAILAND SANREMO AMATEURE | 7. JUNI 2026 | OFFIZIELLE WEBSITE","og_description":"Reservierungsregeln","og_url":"https:\/\/milano-sanremo.org\/de\/1625-2\/reservierungsregeln\/","og_site_name":"MILANO SANREMO AMATORI","article_modified_time":"2016-11-03T12:27:26+00:00","twitter_card":"summary_large_image","twitter_misc":{"Gesch\u00e4tzte Lesezeit":"2\u00a0Minuten"},"schema":{"@context":"https:\/\/schema.org","@graph":[{"@type":"WebPage","@id":"https:\/\/milano-sanremo.org\/de\/1625-2\/reservierungsregeln\/","url":"https:\/\/milano-sanremo.org\/de\/1625-2\/reservierungsregeln\/","name":"Reservierungsregeln | MILANO SANREMO AMATORI | MAILAND SANREMO AMATEURE | 7. JUNI 2026 | OFFIZIELLE WEBSITE","isPartOf":{"@id":"https:\/\/milano-sanremo.org\/de\/#website"},"datePublished":"2015-10-27T10:06:49+00:00","dateModified":"2016-11-03T12:27:26+00:00","description":"Reservierungsregeln","breadcrumb":{"@id":"https:\/\/milano-sanremo.org\/de\/1625-2\/reservierungsregeln\/#breadcrumb"},"inLanguage":"de","potentialAction":[{"@type":"ReadAction","target":["https:\/\/milano-sanremo.org\/de\/1625-2\/reservierungsregeln\/"]}]},{"@type":"BreadcrumbList","@id":"https:\/\/milano-sanremo.org\/de\/1625-2\/reservierungsregeln\/#breadcrumb","itemListElement":[{"@type":"ListItem","position":1,"name":"Home","item":"https:\/\/milano-sanremo.org\/de\/"},{"@type":"ListItem","position":2,"name":"INFORMATIONEN","item":"https:\/\/milano-sanremo.org\/de\/informazioni-sito\/"},{"@type":"ListItem","position":3,"name":"Reservierungsregeln"}]},{"@type":"WebSite","@id":"https:\/\/milano-sanremo.org\/de\/#website","url":"https:\/\/milano-sanremo.org\/de\/","name":"MILANO SANREMO AMATORI","description":"MAILAND SANREMO AMATEURE | 7. JUNI 2026 | OFFIZIELLE WEBSITE","potentialAction":[{"@type":"SearchAction","target":{"@type":"EntryPoint","urlTemplate":"https:\/\/milano-sanremo.org\/de\/?s={search_term_string}"},"query-input":{"@type":"PropertyValueSpecification","valueRequired":true,"valueName":"search_term_string"}}],"inLanguage":"de"}]}},"_links":{"self":[{"href":"https:\/\/milano-sanremo.org\/de\/wp-json\/wp\/v2\/pages\/6845","targetHints":{"allow":["GET"]}}],"collection":[{"href":"https:\/\/milano-sanremo.org\/de\/wp-json\/wp\/v2\/pages"}],"about":[{"href":"https:\/\/milano-sanremo.org\/de\/wp-json\/wp\/v2\/types\/page"}],"author":[{"embeddable":true,"href":"https:\/\/milano-sanremo.org\/de\/wp-json\/wp\/v2\/users\/1"}],"replies":[{"embeddable":true,"href":"https:\/\/milano-sanremo.org\/de\/wp-json\/wp\/v2\/comments?post=6845"}],"version-history":[{"count":12,"href":"https:\/\/milano-sanremo.org\/de\/wp-json\/wp\/v2\/pages\/6845\/revisions"}],"predecessor-version":[{"id":6858,"href":"https:\/\/milano-sanremo.org\/de\/wp-json\/wp\/v2\/pages\/6845\/revisions\/6858"}],"up":[{"embeddable":true,"href":"https:\/\/milano-sanremo.org\/de\/wp-json\/wp\/v2\/pages\/1625"}],"wp:attachment":[{"href":"https:\/\/milano-sanremo.org\/de\/wp-json\/wp\/v2\/media?parent=6845"}],"curies":[{"name":"wp","href":"https:\/\/api.w.org\/{rel}","templated":true}]}}