{"id":7867,"date":"2016-10-31T10:26:10","date_gmt":"2016-10-31T10:26:10","guid":{"rendered":"http:\/\/milano-sanremo.org\/registrierung\/assignment-of-race-bibs\/"},"modified":"2025-06-06T16:15:50","modified_gmt":"2025-06-06T16:15:50","slug":"assignment-of-race-bibs","status":"publish","type":"page","link":"https:\/\/milano-sanremo.org\/de\/registrierung\/assignment-of-race-bibs\/","title":{"rendered":"Verteilung der Startnummern"},"content":{"rendered":"<p>[et_pb_section fb_built=&#8220;1&#8243; admin_label=&#8220;section&#8220; _builder_version=&#8220;4.16&#8243; global_colors_info=&#8220;{}&#8220;][et_pb_row admin_label=&#8220;row&#8220; _builder_version=&#8220;4.16&#8243; background_size=&#8220;initial&#8220; background_position=&#8220;top_left&#8220; background_repeat=&#8220;repeat&#8220; global_colors_info=&#8220;{}&#8220;][et_pb_column type=&#8220;4_4&#8243; _builder_version=&#8220;4.16&#8243; custom_padding=&#8220;|||&#8220; global_colors_info=&#8220;{}&#8220; custom_padding__hover=&#8220;|||&#8220;][et_pb_text admin_label=&#8220;Text&#8220; _builder_version=&#8220;4.27.4&#8243; background_size=&#8220;initial&#8220; background_position=&#8220;top_left&#8220; background_repeat=&#8220;repeat&#8220; global_colors_info=&#8220;{}&#8220;]<\/p>\n<h2>Zugewiesene Startnummern f\u00fcr die Milan San Remo Amatori cyclosportive sind Gegenstand zur \u00dcberpr\u00fcfung, dass die Dokumente der Teilnehmer f\u00fcr die Teilnahme an der Wettkampfsaison berechtigen.<\/h2>\n<p>&nbsp;<\/p>\n<h4>Verteilung der Startnummern<\/h4>\n<p><span style=\"color: #ff0000;\"><strong>Die Startnummern werden ab Januar verteilt, sobald die Dokumente der Sportler verifiziert wurden.<\/strong><\/span><\/p>\n<p>Senden Sie Scans der angeforderten Dokumente an documenti@milano-sanremo.org:<\/p>\n<ul>\n<li><strong><span style=\"color: #ff0000;\">eine Sports-Mitgliedsschaftskarte (Lizenz), g\u00fcltig f\u00fcr den Tag des Rennens<\/span><\/strong><\/li>\n<li><strong><span style=\"color: #ff0000;\">oder ein medizinisches Zertifikat f\u00fcr Leistungssport, g\u00fcltig f\u00fcr den Tag des Rennens, falls Sie eine Tageslizenz erworben haben<\/span><\/strong><\/li>\n<\/ul>\n<p><strong>Die Organisation wird damit fortfahren, Ihre Dokumente zu \u00fcberpr\u00fcfen und eine Startnummer zuzuordnen. <\/strong><\/p>\n<h4><\/h4>\n<h4>FRIST F\u00dcR DIE VERIFIZIERUNG VON DOKUMENTEN<\/h4>\n<p>Aus organisatorischen Gr\u00fcnden wird die Organisation nicht in der Lage sein, die Dokumente von Sportlern in den Tagen unmittelbar vor dem Rennen zu pr\u00fcfen.<\/p>\n<p>Die strikte Frist f\u00fcr die Verifizierung der Dokumente der Sportler ist :<\/p>\n<table style=\"border-collapse: collapse; width: 100%;\" border=\"1\">\n<tbody>\n<tr style=\"height: 23px;\">\n<td style=\"width: 20%; height: 23px;\">anmeldung erfolgt bis<\/td>\n<td style=\"width: 20%; height: 23px;\">die Dokumente \u00fcbermitteln<\/td>\n<td style=\"width: 20%; height: 23px;\">strikte Frist<\/td>\n<\/tr>\n<tr style=\"height: 23px;\">\n<td style=\"width: 20%; height: 23px;\">31 Dezember<\/td>\n<td style=\"width: 20%; height: 23px;\">im Januar<\/td>\n<td style=\"width: 20%; height: 23px;\">31 Januar<\/td>\n<\/tr>\n<tr style=\"height: 23px;\">\n<td style=\"width: 20%; height: 23px;\">31 Januar<\/td>\n<td style=\"width: 20%; height: 23px;\">innerhalb von 30 Tagen<\/td>\n<td style=\"width: 20%; height: 23px;\">28 Februar<\/td>\n<\/tr>\n<tr style=\"height: 23px;\">\n<td style=\"width: 20%; height: 23px;\">28 Februar<\/td>\n<td style=\"width: 20%; height: 23px;\">innerhalb von 30 Tagen<\/td>\n<td style=\"width: 20%; height: 23px;\">31 M\u00e4rz<\/td>\n<\/tr>\n<tr style=\"height: 23px;\">\n<td style=\"width: 20%; height: 23px;\">31 M\u00e4rz<\/td>\n<td style=\"width: 20%; height: 23px;\">innerhalb von 30 Tagen<\/td>\n<td style=\"width: 20%; height: 23px;\">30 April<\/td>\n<\/tr>\n<tr style=\"height: 23px;\">\n<td style=\"width: 20%; height: 23px;\">25 Mai<\/td>\n<td style=\"width: 20%; height: 23px;\">innerhalb von 7 Tagen<\/td>\n<td style=\"width: 20%; height: 23px;\">31 Mai<\/td>\n<\/tr>\n<\/tbody>\n<\/table>\n<p>&nbsp;<\/p>\n<p><span style=\"color: #ff0000;\"><strong>The registration of those athletes who haven&#8217;t sent their documents within the indicated deadline, will be automatically cancelled. Such athletes shall not be entitled to a refund.<\/strong><\/span><\/p>\n<p><span style=\"color: #ff0000;\"><strong>Jeder, der seine Dokumente nicht in der erforderlichen Frist eingereicht hat, kann an der Veranstaltung nicht teilnehmen.<\/strong><\/span><\/p>\n<h4><\/h4>\n<h4>\u00a0<\/h4>\n<h4>F\u00dcR DIE BEST\u00c4TIGUNG DER STARTNUMMER ERFORDERLICHE DOKUMENTE<\/h4>\n<p>In der folgenden Liste befinden sich alle Dokumente, die f\u00fcr die Best\u00e4tigung der Registrierung f\u00fcr die Veranstaltung ben\u00f6tigt werden, basierend auf der in Ihrem Besitz befindlichen Mitgliedschaftskarte\/Lizenz.<\/p>\n<p><span style=\"color: #ff0000;\"><strong>Die erforderlichen Mitgliedschaftskarten\/Lizenzen und medizinischen Zertifikate f\u00fcr Leistungssport m\u00fcssen f\u00fcr das Datum g\u00fcltig sein, an dem das Rennen stattfindet.<\/strong><\/span><\/p>\n<p>&nbsp;<\/p>\n<h3>TAGESLIZENZ<\/h3>\n<table border=\"0\" cellspacing=\"0\">\n<colgroup width=\"319\"><\/colgroup>\n<colgroup width=\"209\"><\/colgroup>\n<tbody>\n<tr style=\"background-color: #237ec6; color: #fff;\">\n<td style=\"height: 23px;\" align=\"left\" height=\"17\">Verband<\/td>\n<td style=\"height: 23px;\" align=\"left\">Zu sendende Dokumente<\/td>\n<\/tr>\n<tr style=\"height: 23px;\">\n<td style=\"height: 23px;\" align=\"left\" height=\"17\"><b><strong>Tageslizenz<\/strong> ACSI<\/b><\/td>\n<td style=\"height: 23px;\" align=\"left\"><strong>medizinisches Zertifikat f\u00fcr Leistungssport und ethische Erkl\u00e4rung<\/strong><\/td>\n<\/tr>\n<\/tbody>\n<\/table>\n<p>&nbsp;<\/p>\n<h3>\u00a0<\/h3>\n<h3>FREMD<\/h3>\n<table border=\"0\" cellspacing=\"0\">\n<colgroup width=\"319\"><\/colgroup>\n<colgroup width=\"209\"><\/colgroup>\n<tbody>\n<tr style=\"background-color: #237ec6; color: #fff;\">\n<td style=\"width: 312px;\" align=\"left\" height=\"17\">Verband<\/td>\n<td style=\"width: 216px;\" align=\"left\">Zu sendende Dokumente<\/td>\n<\/tr>\n<tr>\n<td style=\"width: 312px;\" align=\"left\" height=\"17\">ALBANIA UCI Cycling Federation<\/td>\n<td style=\"width: 216px;\" align=\"left\">eingescannte Lizenz<\/td>\n<\/tr>\n<tr>\n<td style=\"width: 312px;\" align=\"left\" height=\"17\">ANDORRA UCI Cycling Federation<\/td>\n<td style=\"width: 216px;\" align=\"left\">eingescannte Lizenz<\/td>\n<\/tr>\n<tr>\n<td style=\"width: 312px;\" align=\"left\" height=\"17\">ARMENIA UCI Cycling Federation<\/td>\n<td style=\"width: 216px;\" align=\"left\">eingescannte Lizenz<\/td>\n<\/tr>\n<tr>\n<td style=\"width: 312px;\" align=\"left\" height=\"17\">AUSTRIA UCI Cycling Federation<\/td>\n<td style=\"width: 216px;\" align=\"left\">eingescannte Lizenz<\/td>\n<\/tr>\n<tr>\n<td style=\"width: 312px;\" align=\"left\" height=\"17\">AZERBAIJAN UCI Cycling Federation<\/td>\n<td style=\"width: 216px;\" align=\"left\">eingescannte Lizenz<\/td>\n<\/tr>\n<tr>\n<td style=\"width: 312px;\" align=\"left\" height=\"17\">BELGIUM UCI Royal Cycling League<\/td>\n<td style=\"width: 216px;\" align=\"left\">eingescannte Lizenz<\/td>\n<\/tr>\n<tr>\n<td style=\"width: 312px;\" align=\"left\" height=\"17\"><strong>BELGIUM VWB Vlaamse Wielrijdersbond<\/strong><\/td>\n<td style=\"width: 216px;\" align=\"left\">\n<p><strong>medizinisches Zertifikat f\u00fcr Leistungssport<\/strong><\/p>\n<p><strong>Bitte beachten: Diese Lizenz wird von dem UCI nicht anerkannt, daher ist eine Tageslizenz notwendig<\/strong><\/p>\n<\/td>\n<\/tr>\n<tr>\n<td style=\"width: 312px;\" align=\"left\" height=\"17\">BOSNIA UCI Cycling Federation<\/td>\n<td style=\"width: 216px;\" align=\"left\">eingescannte Lizenz<\/td>\n<\/tr>\n<tr>\n<td style=\"width: 312px;\" align=\"left\" height=\"17\">BELARUS UCI Federation of Cycling Sport<\/td>\n<td style=\"width: 216px;\" align=\"left\">eingescannte Lizenz<\/td>\n<\/tr>\n<tr>\n<td style=\"width: 312px;\" align=\"left\" height=\"17\">BULGARIA UCI Cycling Union<\/td>\n<td style=\"width: 216px;\" align=\"left\">eingescannte Lizenz<\/td>\n<\/tr>\n<tr>\n<td style=\"width: 312px;\" align=\"left\" height=\"17\">CROATIA UCI Cycling Federation<\/td>\n<td style=\"width: 216px;\" align=\"left\">eingescannte Lizenz<\/td>\n<\/tr>\n<tr>\n<td style=\"width: 312px;\" align=\"left\" height=\"17\">CYPRUS UCI Cycling Federation<\/td>\n<td style=\"width: 216px;\" align=\"left\">eingescannte Lizenz<\/td>\n<\/tr>\n<tr>\n<td style=\"width: 312px;\" align=\"left\" height=\"17\">CZECH REP UCI Cycling Federation<\/td>\n<td style=\"width: 216px;\" align=\"left\">eingescannte Lizenz<\/td>\n<\/tr>\n<tr>\n<td style=\"width: 312px;\" align=\"left\" height=\"17\">DENMARK UCI Cycling Federation<\/td>\n<td style=\"width: 216px;\" align=\"left\">eingescannte Lizenz<\/td>\n<\/tr>\n<tr>\n<td style=\"width: 312px;\" align=\"left\" height=\"17\">ESTONIA UCI Cyclists<\/td>\n<td style=\"width: 216px;\" align=\"left\">eingescannte Lizenz<\/td>\n<\/tr>\n<tr>\n<td style=\"width: 312px;\" align=\"left\" height=\"17\">FINLAND UCI Cycling Union<\/td>\n<td style=\"width: 216px;\" align=\"left\">eingescannte Lizenz<\/td>\n<\/tr>\n<tr>\n<td style=\"width: 312px;\" align=\"left\" height=\"17\">FRANCE UCI Cycling Federation<\/td>\n<td style=\"width: 216px;\" align=\"left\">eingescannte Lizenz<\/td>\n<\/tr>\n<tr>\n<td style=\"width: 312px;\" align=\"left\" height=\"17\"><strong>FRANCE UFOLEP<\/strong><\/td>\n<td style=\"width: 216px;\" align=\"left\">\n<p><strong>medizinisches Zertifikat f\u00fcr Leistungssport<\/strong><\/p>\n<p><strong><strong>Bitte beachten: Diese Lizenz wird von dem UCI nicht anerkannt, daher ist eine Tageslizenz notwendig<\/strong><\/strong><\/p>\n<\/td>\n<\/tr>\n<tr>\n<td style=\"width: 312px;\" align=\"left\" height=\"17\">GEORGIA UCI Cycling Federation<\/td>\n<td style=\"width: 216px;\" align=\"left\">eingescannte Lizenz<\/td>\n<\/tr>\n<tr>\n<td style=\"width: 312px;\" align=\"left\" height=\"17\">GERMANY UCI Cycling Federation<\/td>\n<td style=\"width: 216px;\" align=\"left\">eingescannte Lizenz<\/td>\n<\/tr>\n<tr>\n<td style=\"width: 312px;\" align=\"left\" height=\"17\">GREECE UCI Cycling Federation<\/td>\n<td style=\"width: 216px;\" align=\"left\">eingescannte Lizenz<\/td>\n<\/tr>\n<tr>\n<td style=\"width: 312px;\" align=\"left\" height=\"17\">HUNGARY UCI Cycling Federation<\/td>\n<td style=\"width: 216px;\" align=\"left\">eingescannte Lizenz<\/td>\n<\/tr>\n<tr>\n<td style=\"width: 312px;\" align=\"left\" height=\"17\">IRELAND UCI Cycling Ireland<\/td>\n<td style=\"width: 216px;\" align=\"left\">eingescannte Lizenz<\/td>\n<\/tr>\n<tr>\n<td style=\"width: 312px;\" align=\"left\" height=\"17\">ISRAEL UCI Cycling Federation<\/td>\n<td style=\"width: 216px;\" align=\"left\">eingescannte Lizenz<\/td>\n<\/tr>\n<tr>\n<td style=\"width: 312px;\" align=\"left\" height=\"17\">LATVIA UCI Cycling Federation<\/td>\n<td style=\"width: 216px;\" align=\"left\">eingescannte Lizenz<\/td>\n<\/tr>\n<tr>\n<td style=\"width: 312px;\" align=\"left\" height=\"17\">LIECHTENSTEIN UCI Cycling Federation<\/td>\n<td style=\"width: 216px;\" align=\"left\">eingescannte Lizenz<\/td>\n<\/tr>\n<tr>\n<td style=\"width: 312px;\" align=\"left\" height=\"17\">LITHUANIA UCI Cycling Federation<\/td>\n<td style=\"width: 216px;\" align=\"left\">eingescannte Lizenz<\/td>\n<\/tr>\n<tr>\n<td style=\"width: 312px;\" align=\"left\" height=\"17\">LUXEMBOURG UCI Cycling Federation<\/td>\n<td style=\"width: 216px;\" align=\"left\">eingescannte Lizenz<\/td>\n<\/tr>\n<tr>\n<td style=\"width: 312px;\" align=\"left\" height=\"17\">MOLDAVIA UCI Cycling Federation<\/td>\n<td style=\"width: 216px;\" align=\"left\">eingescannte Lizenz<\/td>\n<\/tr>\n<tr>\n<td style=\"width: 312px;\" align=\"left\" height=\"17\">MACEDONIA UCI Cycling Federation<\/td>\n<td style=\"width: 216px;\" align=\"left\">eingescannte Lizenz<\/td>\n<\/tr>\n<tr>\n<td style=\"width: 312px;\" align=\"left\" height=\"17\">MALTA UCI Cycling Federation<\/td>\n<td style=\"width: 216px;\" align=\"left\">eingescannte Lizenz<\/td>\n<\/tr>\n<tr>\n<td style=\"width: 312px;\" align=\"left\" height=\"17\">MONTENEGRO UCI Cycling Association<\/td>\n<td style=\"width: 216px;\" align=\"left\">eingescannte Lizenz<\/td>\n<\/tr>\n<tr>\n<td style=\"width: 312px;\" align=\"left\" height=\"17\">MONACO UCI Cycling Federation<\/td>\n<td style=\"width: 216px;\" align=\"left\">eingescannte Lizenz<\/td>\n<\/tr>\n<tr>\n<td style=\"width: 312px;\" align=\"left\" height=\"17\">NEDERLAND UCI Royal Cycling Union<\/td>\n<td style=\"width: 216px;\" align=\"left\">eingescannte Lizenz<\/td>\n<\/tr>\n<tr>\n<td style=\"width: 312px;\" align=\"left\" height=\"17\"><strong>NEDERLAND NTFU<\/strong><\/td>\n<td style=\"width: 216px;\" align=\"left\">\n<p><strong>medizinisches Zertifikat f\u00fcr Leistungssport<\/strong><\/p>\n<p><strong>Bitte beachten: Diese Lizenz wird von dem UCI nicht anerkannt, daher ist eine Tageslizenz notwendig<\/strong><\/p>\n<\/td>\n<\/tr>\n<tr>\n<td style=\"width: 312px;\" align=\"left\" height=\"17\">NORWAY UCI Cycling Federation<\/td>\n<td style=\"width: 216px;\" align=\"left\">eingescannte Lizenz<\/td>\n<\/tr>\n<tr>\n<td style=\"width: 312px;\" align=\"left\" height=\"17\">POLAND UCI Cycling Federation<\/td>\n<td style=\"width: 216px;\" align=\"left\">eingescannte Lizenz<\/td>\n<\/tr>\n<tr>\n<td style=\"width: 312px;\" align=\"left\" height=\"17\">PORTUGAL UCI Cycling Federation<\/td>\n<td style=\"width: 216px;\" align=\"left\">eingescannte Lizenz<\/td>\n<\/tr>\n<tr>\n<td style=\"width: 312px;\" align=\"left\" height=\"17\">ROMANIA UCI Cycling Federation<\/td>\n<td style=\"width: 216px;\" align=\"left\">eingescannte Lizenz<\/td>\n<\/tr>\n<tr>\n<td style=\"width: 312px;\" align=\"left\" height=\"17\">RUSSIA UCI Cycling Federation<\/td>\n<td style=\"width: 216px;\" align=\"left\">eingescannte Lizenz<\/td>\n<\/tr>\n<tr>\n<td style=\"width: 312px;\" align=\"left\" height=\"17\">SAN MARINO UCI Cycling Federation<\/td>\n<td style=\"width: 216px;\" align=\"left\">eingescannte Lizenz<\/td>\n<\/tr>\n<tr>\n<td style=\"width: 312px;\" align=\"left\" height=\"17\">SERBIA UCI Cycling Federation of Serbia<\/td>\n<td style=\"width: 216px;\" align=\"left\">eingescannte Lizenz<\/td>\n<\/tr>\n<tr>\n<td style=\"width: 312px;\" align=\"left\" height=\"17\">SLOVENIA UCI Cycling Federation<\/td>\n<td style=\"width: 216px;\" align=\"left\">eingescannte Lizenz<\/td>\n<\/tr>\n<tr>\n<td style=\"width: 312px;\" align=\"left\" height=\"17\">SWITZERLAND UCI Swiss Cycling<\/td>\n<td style=\"width: 216px;\" align=\"left\">eingescannte Lizenz<\/td>\n<\/tr>\n<tr>\n<td style=\"width: 312px;\" align=\"left\" height=\"17\">SLOVAKIA UCI Cycling Federation<\/td>\n<td style=\"width: 216px;\" align=\"left\">eingescannte Lizenz<\/td>\n<\/tr>\n<tr>\n<td style=\"width: 312px;\" align=\"left\" height=\"17\">SPAIN UCI Cycling Federation<\/td>\n<td style=\"width: 216px;\" align=\"left\">eingescannte Lizenz<\/td>\n<\/tr>\n<tr>\n<td style=\"width: 312px;\" align=\"left\" height=\"17\">SWEDEN UCI Cycling Federation<\/td>\n<td style=\"width: 216px;\" align=\"left\">eingescannte Lizenz<\/td>\n<\/tr>\n<tr>\n<td style=\"width: 312px;\" align=\"left\" height=\"17\">TURKEY UCI Cycling Federation<\/td>\n<td style=\"width: 216px;\" align=\"left\">eingescannte Lizenz<\/td>\n<\/tr>\n<tr>\n<td style=\"width: 312px;\" align=\"left\" height=\"17\">UNITED KINGDOM UCI British Cycling<\/td>\n<td style=\"width: 216px;\" align=\"left\">eingescannte Lizenz<\/td>\n<\/tr>\n<tr>\n<td style=\"width: 312px;\" align=\"left\" height=\"17\">UKRAINE UCI Cycling Federation<\/td>\n<td style=\"width: 216px;\" align=\"left\">eingescannte Lizenz<\/td>\n<\/tr>\n<tr>\n<td style=\"width: 312px;\" align=\"left\" height=\"17\"><strong>International UCI Non-European Cycling Federation<\/strong><\/td>\n<td style=\"width: 216px;\" align=\"left\"><strong>eingescannte Lizenz<\/strong><\/td>\n<\/tr>\n<tr>\n<td style=\"width: 312px;\" align=\"left\" height=\"17\"><strong>International ITU Triathlon<\/strong><\/td>\n<td style=\"width: 216px;\" align=\"left\">\n<p><strong>medizinisches Zertifikat f\u00fcr Leistungssport <\/strong><\/p>\n<p><strong><strong>Bitte beachten: Diese Lizenz wird von dem UCI nicht anerkannt, daher ist eine Tageslizenz notwendig<\/strong><\/strong><\/p>\n<\/td>\n<\/tr>\n<tr>\n<td style=\"width: 312px;\" align=\"left\" height=\"17\"><strong>International Ironman Triathlon<\/strong><\/td>\n<td style=\"width: 216px;\" align=\"left\">\n<p><strong>medizinisches Zertifikat f\u00fcr Leistungssport <\/strong><\/p>\n<p><strong>Bitte beachten: Diese Lizenz wird von dem UCI nicht anerkannt, daher ist eine Tageslizenz notwendig<\/strong><\/p>\n<p>&nbsp;<\/p>\n<\/td>\n<\/tr>\n<\/tbody>\n<\/table>\n<p>[\/et_pb_text][\/et_pb_column][\/et_pb_row][\/et_pb_section]<\/p>\n","protected":false},"excerpt":{"rendered":"<p>Zugewiesene Startnummern f\u00fcr die Milan San Remo Amatori cyclosportive sind Gegenstand zur \u00dcberpr\u00fcfung, dass die Dokumente der Teilnehmer f\u00fcr die Teilnahme an der Wettkampfsaison berechtigen. &nbsp; Verteilung der Startnummern Die Startnummern werden ab Januar verteilt, sobald die Dokumente der Sportler verifiziert wurden. Senden Sie Scans der angeforderten Dokumente an documenti@milano-sanremo.org: eine Sports-Mitgliedsschaftskarte (Lizenz), g\u00fcltig f\u00fcr [&hellip;]<\/p>\n","protected":false},"author":1,"featured_media":0,"parent":5502,"menu_order":0,"comment_status":"closed","ping_status":"closed","template":"","meta":{"_et_pb_use_builder":"on","_et_pb_old_content":"","_et_gb_content_width":"","ngg_post_thumbnail":0,"footnotes":""},"class_list":["post-7867","page","type-page","status-publish","hentry"],"yoast_head":"<!-- This site is optimized with the Yoast SEO plugin v27.4 - https:\/\/yoast.com\/product\/yoast-seo-wordpress\/ -->\n<title>Verteilung der Startnummern | MILANO SANREMO AMATORI | MAILAND SANREMO AMATEURE | 7. JUNI 2026 | OFFIZIELLE WEBSITE<\/title>\n<meta name=\"description\" content=\"Verteilung der Startnummern\" \/>\n<meta name=\"robots\" content=\"index, follow, max-snippet:-1, max-image-preview:large, max-video-preview:-1\" \/>\n<link rel=\"canonical\" href=\"https:\/\/milano-sanremo.org\/de\/registrierung\/assignment-of-race-bibs\/\" \/>\n<meta property=\"og:locale\" content=\"de_DE\" \/>\n<meta property=\"og:type\" content=\"article\" \/>\n<meta property=\"og:title\" content=\"Verteilung der Startnummern | MILANO SANREMO AMATORI | MAILAND SANREMO AMATEURE | 7. JUNI 2026 | OFFIZIELLE WEBSITE\" \/>\n<meta property=\"og:description\" content=\"Verteilung der Startnummern\" \/>\n<meta property=\"og:url\" content=\"https:\/\/milano-sanremo.org\/de\/registrierung\/assignment-of-race-bibs\/\" \/>\n<meta property=\"og:site_name\" content=\"MILANO SANREMO AMATORI\" \/>\n<meta property=\"article:modified_time\" content=\"2025-06-06T16:15:50+00:00\" \/>\n<meta name=\"twitter:card\" content=\"summary_large_image\" \/>\n<meta name=\"twitter:label1\" content=\"Gesch\u00e4tzte Lesezeit\" \/>\n\t<meta name=\"twitter:data1\" content=\"5\u00a0Minuten\" \/>\n<script type=\"application\/ld+json\" class=\"yoast-schema-graph\">{\"@context\":\"https:\\\/\\\/schema.org\",\"@graph\":[{\"@type\":\"WebPage\",\"@id\":\"https:\\\/\\\/milano-sanremo.org\\\/de\\\/registrierung\\\/assignment-of-race-bibs\\\/\",\"url\":\"https:\\\/\\\/milano-sanremo.org\\\/de\\\/registrierung\\\/assignment-of-race-bibs\\\/\",\"name\":\"Verteilung der Startnummern | MILANO SANREMO AMATORI | MAILAND SANREMO AMATEURE | 7. JUNI 2026 | OFFIZIELLE WEBSITE\",\"isPartOf\":{\"@id\":\"https:\\\/\\\/milano-sanremo.org\\\/de\\\/#website\"},\"datePublished\":\"2016-10-31T10:26:10+00:00\",\"dateModified\":\"2025-06-06T16:15:50+00:00\",\"description\":\"Verteilung der Startnummern\",\"breadcrumb\":{\"@id\":\"https:\\\/\\\/milano-sanremo.org\\\/de\\\/registrierung\\\/assignment-of-race-bibs\\\/#breadcrumb\"},\"inLanguage\":\"de\",\"potentialAction\":[{\"@type\":\"ReadAction\",\"target\":[\"https:\\\/\\\/milano-sanremo.org\\\/de\\\/registrierung\\\/assignment-of-race-bibs\\\/\"]}]},{\"@type\":\"BreadcrumbList\",\"@id\":\"https:\\\/\\\/milano-sanremo.org\\\/de\\\/registrierung\\\/assignment-of-race-bibs\\\/#breadcrumb\",\"itemListElement\":[{\"@type\":\"ListItem\",\"position\":1,\"name\":\"Home\",\"item\":\"https:\\\/\\\/milano-sanremo.org\\\/de\\\/\"},{\"@type\":\"ListItem\",\"position\":2,\"name\":\"REGISTRIERUNG\",\"item\":\"https:\\\/\\\/milano-sanremo.org\\\/de\\\/iscrizioni-2\\\/\"},{\"@type\":\"ListItem\",\"position\":3,\"name\":\"Verteilung der Startnummern\"}]},{\"@type\":\"WebSite\",\"@id\":\"https:\\\/\\\/milano-sanremo.org\\\/de\\\/#website\",\"url\":\"https:\\\/\\\/milano-sanremo.org\\\/de\\\/\",\"name\":\"MILANO SANREMO AMATORI\",\"description\":\"MAILAND SANREMO AMATEURE | 7. JUNI 2026 | OFFIZIELLE WEBSITE\",\"potentialAction\":[{\"@type\":\"SearchAction\",\"target\":{\"@type\":\"EntryPoint\",\"urlTemplate\":\"https:\\\/\\\/milano-sanremo.org\\\/de\\\/?s={search_term_string}\"},\"query-input\":{\"@type\":\"PropertyValueSpecification\",\"valueRequired\":true,\"valueName\":\"search_term_string\"}}],\"inLanguage\":\"de\"}]}<\/script>\n<!-- \/ Yoast SEO plugin. -->","yoast_head_json":{"title":"Verteilung der Startnummern | MILANO SANREMO AMATORI | MAILAND SANREMO AMATEURE | 7. JUNI 2026 | OFFIZIELLE WEBSITE","description":"Verteilung der Startnummern","robots":{"index":"index","follow":"follow","max-snippet":"max-snippet:-1","max-image-preview":"max-image-preview:large","max-video-preview":"max-video-preview:-1"},"canonical":"https:\/\/milano-sanremo.org\/de\/registrierung\/assignment-of-race-bibs\/","og_locale":"de_DE","og_type":"article","og_title":"Verteilung der Startnummern | MILANO SANREMO AMATORI | MAILAND SANREMO AMATEURE | 7. JUNI 2026 | OFFIZIELLE WEBSITE","og_description":"Verteilung der Startnummern","og_url":"https:\/\/milano-sanremo.org\/de\/registrierung\/assignment-of-race-bibs\/","og_site_name":"MILANO SANREMO AMATORI","article_modified_time":"2025-06-06T16:15:50+00:00","twitter_card":"summary_large_image","twitter_misc":{"Gesch\u00e4tzte Lesezeit":"5\u00a0Minuten"},"schema":{"@context":"https:\/\/schema.org","@graph":[{"@type":"WebPage","@id":"https:\/\/milano-sanremo.org\/de\/registrierung\/assignment-of-race-bibs\/","url":"https:\/\/milano-sanremo.org\/de\/registrierung\/assignment-of-race-bibs\/","name":"Verteilung der Startnummern | MILANO SANREMO AMATORI | MAILAND SANREMO AMATEURE | 7. JUNI 2026 | OFFIZIELLE WEBSITE","isPartOf":{"@id":"https:\/\/milano-sanremo.org\/de\/#website"},"datePublished":"2016-10-31T10:26:10+00:00","dateModified":"2025-06-06T16:15:50+00:00","description":"Verteilung der Startnummern","breadcrumb":{"@id":"https:\/\/milano-sanremo.org\/de\/registrierung\/assignment-of-race-bibs\/#breadcrumb"},"inLanguage":"de","potentialAction":[{"@type":"ReadAction","target":["https:\/\/milano-sanremo.org\/de\/registrierung\/assignment-of-race-bibs\/"]}]},{"@type":"BreadcrumbList","@id":"https:\/\/milano-sanremo.org\/de\/registrierung\/assignment-of-race-bibs\/#breadcrumb","itemListElement":[{"@type":"ListItem","position":1,"name":"Home","item":"https:\/\/milano-sanremo.org\/de\/"},{"@type":"ListItem","position":2,"name":"REGISTRIERUNG","item":"https:\/\/milano-sanremo.org\/de\/iscrizioni-2\/"},{"@type":"ListItem","position":3,"name":"Verteilung der Startnummern"}]},{"@type":"WebSite","@id":"https:\/\/milano-sanremo.org\/de\/#website","url":"https:\/\/milano-sanremo.org\/de\/","name":"MILANO SANREMO AMATORI","description":"MAILAND SANREMO AMATEURE | 7. JUNI 2026 | OFFIZIELLE WEBSITE","potentialAction":[{"@type":"SearchAction","target":{"@type":"EntryPoint","urlTemplate":"https:\/\/milano-sanremo.org\/de\/?s={search_term_string}"},"query-input":{"@type":"PropertyValueSpecification","valueRequired":true,"valueName":"search_term_string"}}],"inLanguage":"de"}]}},"_links":{"self":[{"href":"https:\/\/milano-sanremo.org\/de\/wp-json\/wp\/v2\/pages\/7867","targetHints":{"allow":["GET"]}}],"collection":[{"href":"https:\/\/milano-sanremo.org\/de\/wp-json\/wp\/v2\/pages"}],"about":[{"href":"https:\/\/milano-sanremo.org\/de\/wp-json\/wp\/v2\/types\/page"}],"author":[{"embeddable":true,"href":"https:\/\/milano-sanremo.org\/de\/wp-json\/wp\/v2\/users\/1"}],"replies":[{"embeddable":true,"href":"https:\/\/milano-sanremo.org\/de\/wp-json\/wp\/v2\/comments?post=7867"}],"version-history":[{"count":12,"href":"https:\/\/milano-sanremo.org\/de\/wp-json\/wp\/v2\/pages\/7867\/revisions"}],"predecessor-version":[{"id":14754,"href":"https:\/\/milano-sanremo.org\/de\/wp-json\/wp\/v2\/pages\/7867\/revisions\/14754"}],"up":[{"embeddable":true,"href":"https:\/\/milano-sanremo.org\/de\/wp-json\/wp\/v2\/pages\/5502"}],"wp:attachment":[{"href":"https:\/\/milano-sanremo.org\/de\/wp-json\/wp\/v2\/media?parent=7867"}],"curies":[{"name":"wp","href":"https:\/\/api.w.org\/{rel}","templated":true}]}}