{"id":1566,"date":"2013-06-15T12:36:39","date_gmt":"2013-06-15T12:36:39","guid":{"rendered":"http:\/\/milano-sanremo.org\/wordpress\/?page_id=1566"},"modified":"2025-10-24T09:28:21","modified_gmt":"2025-10-24T09:28:21","slug":"inscripcion-en-el-evento","status":"publish","type":"page","link":"https:\/\/milano-sanremo.org\/es\/inscripcion\/inscripcion-en-el-evento\/","title":{"rendered":"INSCRIPCI\u00d3N EN EL EVENTO"},"content":{"rendered":"<h2>Puede inscribirse en la marat\u00f3n ciclista Mil\u00e1n-Sanremo Amatori cyclosportive exclusivamente en l\u00ednea, pulsando \u00abINSCRIPCI\u00d3N\u00bb y siguiendo el procedimiento indicado.<\/h2>\n<p>&nbsp;<\/p>\n<h3>PARRILLAS DE SALIDA<\/h3>\n<table style=\"border-collapse: collapse; width: 100%;\" border=\"1\">\n<tbody>\n<tr style=\"background-color: red;\">\n<td style=\"height: 23px; width: 14.683%;\"><span style=\"color: #ffffff;\">&nbsp;<\/span><\/td>\n<td style=\"height: 23px; width: 29.6997%;\"><span style=\"color: #ffffff;\">TIPO ISCRIZIONE<\/span><\/td>\n<td style=\"height: 23px; width: 29.1435%;\"><span style=\"color: #ffffff;\">N\u00famero de dorsal de<br \/>\n<\/span><\/td>\n<td style=\"height: 23px; width: 26.4739%;\"><span style=\"color: #ffffff;\">N\u00famero de dorsal a<\/span><\/td>\n<\/tr>\n<tr style=\"height: 23px;\">\n<td style=\"height: 23px; width: 14.683%;\">Parilla 1<\/td>\n<td style=\"height: 23px; width: 29.6997%;\">GOLD\/ORO<\/td>\n<td style=\"height: 23px; width: 29.1435%;\">1<\/td>\n<td style=\"height: 23px; width: 26.4739%;\">200<\/td>\n<\/tr>\n<tr style=\"height: 23px;\">\n<td style=\"height: 23px; width: 14.683%;\">Parilla 2<\/td>\n<td style=\"height: 23px; width: 29.6997%;\">TEAM PARTNER<\/td>\n<td style=\"height: 23px; width: 29.1435%;\">250<\/td>\n<td style=\"height: 23px; width: 26.4739%;\">499<\/td>\n<\/tr>\n<tr style=\"height: 23px;\">\n<td style=\"height: 23px; width: 14.683%;\">Parilla 3<\/td>\n<td style=\"height: 23px; width: 29.6997%;\">SILVER\/PLATA<\/td>\n<td style=\"height: 23px; width: 29.1435%;\">500<\/td>\n<td style=\"height: 23px; width: 26.4739%;\">749<\/td>\n<\/tr>\n<tr style=\"height: 23px;\">\n<td style=\"height: 23px; width: 14.683%;\">Parilla 4<\/td>\n<td style=\"height: 23px; width: 29.6997%;\">SILVER\/PLATA<\/td>\n<td style=\"height: 23px; width: 29.1435%;\">750<\/td>\n<td style=\"height: 23px; width: 26.4739%;\">999<\/td>\n<\/tr>\n<tr style=\"height: 10px;\">\n<td style=\"height: 10px; width: 14.683%;\">Parilla 5<\/td>\n<td style=\"height: 10px; width: 29.6997%;\">SILVER\/PLATA<\/td>\n<td style=\"height: 10px; width: 29.1435%;\">1000<\/td>\n<td style=\"height: 10px; width: 26.4739%;\">1249<\/td>\n<\/tr>\n<\/tbody>\n<\/table>\n<p>Los dorsales se asignar\u00e1n a partir del mes de enero, una vez que se verifique la documentaci\u00f3n de los atletas.<\/p>\n<p>&nbsp;<\/p>\n<h3>TARIFAS DE INSCRIPCI\u00d3N<\/h3>\n<table style=\"width: 100%; height: 368px;\" border=\"1\">\n<tbody>\n<tr style=\"background-color: red;\" align=\"center\" valign=\"middle\">\n<td style=\"text-align: center; width: 53px; height: 46px;\"><strong><span style=\"color: #ffffff;\">coste<\/span><\/strong><br \/>\n<strong><span style=\"color: #ffffff;\">SILVER<\/span><\/strong><\/td>\n<td style=\"text-align: center; width: 61px; height: 46px;\"><strong><span style=\"color: #ffffff;\">coste<\/span><\/strong><br \/>\n<strong><span style=\"color: #ffffff;\">GOLD<\/span><\/strong><\/td>\n<td style=\"text-align: center; width: 92px; height: 46px;\"><span style=\"color: #ffffff;\">pase diario<\/span><\/td>\n<td style=\"text-align: center; width: 92px; height: 46px;\"><span style=\"color: #ffffff;\">gastos de la gesti\u00f3n<\/span><\/td>\n<td style=\"text-align: center; width: 92px; height: 46px;\"><span style=\"color: #ffffff;\">hasta el<br \/>\n<\/span><\/td>\n<td style=\"text-align: center; width: 108px; height: 46px;\"><span style=\"color: #ffffff;\">camiseta de recuerdo<\/span><\/td>\n<td style=\"text-align: center; width: 146px; height: 46px;\"><span style=\"color: #ffffff;\">Forma de pago<\/span><\/td>\n<\/tr>\n<tr style=\"height: 69px;\">\n<td style=\"text-align: center; width: 53px; height: 69px;\"><strong>\u20ac 80,00<\/strong><\/td>\n<td style=\"text-align: center; width: 61px; height: 69px;\"><strong>\u20ac 125,00<\/strong><\/td>\n<td style=\"text-align: center; width: 92px; height: 69px;\">\u20ac 20,00<\/td>\n<td style=\"text-align: center; width: 92px; height: 69px;\">\u20ac 3,00<\/td>\n<td style=\"text-align: center; width: 92px; height: 69px;\">20 de diciembre<\/td>\n<td style=\"text-align: center; width: 108px; height: 69px;\">incluida<\/td>\n<td style=\"text-align: center; width: 146px; height: 69px;\">tarjeta de cr\u00e9dito Visa\/Mastercard<\/td>\n<\/tr>\n<tr style=\"height: 69px;\">\n<td style=\"text-align: center; width: 53px; height: 69px;\"><strong>\u20ac 85,00<\/strong><\/td>\n<td style=\"text-align: center; width: 61px; height: 69px;\"><strong>\u20ac 130,00<\/strong><\/td>\n<td style=\"text-align: center; width: 92px; height: 69px;\">\u20ac 20,00<\/td>\n<td style=\"text-align: center; width: 92px; height: 69px;\">\u20ac 3,00<\/td>\n<td style=\"text-align: center; width: 92px; height: 69px;\">20 de enero<\/td>\n<td style=\"text-align: center; width: 108px; height: 69px;\">incluida<\/td>\n<td style=\"text-align: center; width: 146px; height: 69px;\">tarjeta de cr\u00e9dito Visa\/Mastercard<\/td>\n<\/tr>\n<tr style=\"height: 69px;\">\n<td style=\"text-align: center; width: 53px; height: 69px;\"><strong>\u20ac 95,00<\/strong><\/td>\n<td style=\"text-align: center; width: 61px; height: 69px;\"><strong>\u20ac 135,00<\/strong><\/td>\n<td style=\"text-align: center; width: 92px; height: 69px;\">\u20ac 20,00<\/td>\n<td style=\"text-align: center; width: 92px; height: 69px;\">\u20ac 3,00<\/td>\n<td style=\"text-align: center; width: 92px; height: 69px;\">20 de febrero<\/td>\n<td style=\"text-align: center; width: 108px; height: 69px;\">incluida<\/td>\n<td style=\"text-align: center; width: 146px; height: 69px;\">tarjeta de cr\u00e9dito Visa\/Mastercard<\/td>\n<\/tr>\n<tr style=\"height: 69px;\">\n<td style=\"text-align: center; width: 53px; height: 69px;\"><strong>\u20ac 100,00<\/strong><\/td>\n<td style=\"text-align: center; width: 61px; height: 69px;\"><strong>\u20ac 140,00<\/strong><\/td>\n<td style=\"text-align: center; width: 92px; height: 69px;\">\u20ac 20,00<\/td>\n<td style=\"text-align: center; width: 92px; height: 69px;\">\u20ac 3,00<\/td>\n<td style=\"text-align: center; width: 92px; height: 69px;\">20 de abril<\/td>\n<td style=\"text-align: center; width: 108px; height: 69px;\">incluida<\/td>\n<td style=\"text-align: center; width: 146px; height: 69px;\">tarjeta de cr\u00e9dito Visa\/Mastercard<\/td>\n<\/tr>\n<tr style=\"height: 69px;\">\n<td style=\"text-align: center; width: 53px; height: 69px;\"><strong>\u20ac 105,00<\/strong><\/td>\n<td style=\"text-align: center; width: 61px; height: 69px;\"><strong>\u20ac 145,00<\/strong><\/td>\n<td style=\"text-align: center; width: 92px; height: 69px;\">\u20ac 20,00<\/td>\n<td style=\"text-align: center; width: 92px; height: 69px;\">\u20ac 3,00<\/td>\n<td style=\"text-align: center; width: 92px; height: 69px;\">20 de abril<\/td>\n<td style=\"text-align: center; width: 108px; height: 69px;\">incluida<\/td>\n<td style=\"text-align: center; width: 146px; height: 69px;\">tarjeta de cr\u00e9dito Visa\/Mastercard<\/td>\n<\/tr>\n<tr style=\"height: 46px;\">\n<td style=\"text-align: center; width: 53px; height: 46px;\"><strong>\u20ac 110,00<\/strong><\/td>\n<td style=\"text-align: center; width: 61px; height: 46px;\"><strong>\u20ac 150,00<\/strong><\/td>\n<td style=\"text-align: center; width: 92px; height: 46px;\">\u20ac 20,00<\/td>\n<td style=\"text-align: center; width: 92px; height: 46px;\">\u20ac 3,00<\/td>\n<td style=\"text-align: center; width: 92px; height: 46px;\">31 de mayo<\/td>\n<td style=\"text-align: center; width: 108px; height: 46px;\">no incluida<\/td>\n<td style=\"text-align: center; width: 146px; height: 46px;\">tarjeta de cr\u00e9dito Visa\/Mastercard<\/td>\n<\/tr>\n<tr style=\"height: 69px;\">\n<td style=\"text-align: center; width: 53px; height: 69px;\"><strong>\u20ac 120,00<\/strong><\/td>\n<td style=\"text-align: center; width: 61px; height: 69px;\"><strong>\u20ac 160,00<\/strong><\/td>\n<td style=\"text-align: center; width: 92px; height: 69px;\">no disponible<\/td>\n<td style=\"text-align: center; width: 92px; height: 69px;\">\u20ac 5,00<\/td>\n<td style=\"text-align: center; width: 92px; height: 69px;\">El d\u00eda antes de la carrera<\/td>\n<td style=\"text-align: center; width: 108px; height: 69px;\">no incluida<\/td>\n<td style=\"text-align: center; width: 146px; height: 69px;\">pago en met\u00e1lico<\/td>\n<\/tr>\n<\/tbody>\n<\/table>\n<p>&nbsp;<\/p>\n<p>&nbsp;<\/p>\n","protected":false},"excerpt":{"rendered":"<p>Puede inscribirse en la marat\u00f3n ciclista Mil\u00e1n-Sanremo Amatori cyclosportive exclusivamente en l\u00ednea, pulsando \u00abINSCRIPCI\u00d3N\u00bb y siguiendo el procedimiento indicado. &nbsp; PARRILLAS DE SALIDA &nbsp; TIPO ISCRIZIONE N\u00famero de dorsal de N\u00famero de dorsal a Parilla 1 GOLD\/ORO 1 200 Parilla 2 TEAM PARTNER 250 499 Parilla 3 SILVER\/PLATA 500 749 Parilla 4 SILVER\/PLATA 750 999 [&hellip;]<\/p>\n","protected":false},"author":1,"featured_media":0,"parent":3762,"menu_order":0,"comment_status":"closed","ping_status":"closed","template":"","meta":{"_et_pb_use_builder":"","_et_pb_old_content":"","_et_gb_content_width":"","ngg_post_thumbnail":0,"footnotes":""},"class_list":["post-1566","page","type-page","status-publish","hentry"],"yoast_head":"<!-- This site is optimized with the Yoast SEO plugin v27.4 - https:\/\/yoast.com\/product\/yoast-seo-wordpress\/ -->\n<title>INSCRIPCI\u00d3N EN EL EVENTO | MILANO SANREMO AMATORI 2026 | MIL\u00c1N SANREMO AMATEUR 7 DE JUNIO DE 2026 | SITIO OFICIAL<\/title>\n<meta name=\"description\" content=\"INSCRIPCI\u00d3N EN EL EVENTO\" \/>\n<meta name=\"robots\" content=\"index, follow, max-snippet:-1, max-image-preview:large, max-video-preview:-1\" \/>\n<link rel=\"canonical\" href=\"https:\/\/milano-sanremo.org\/es\/inscripcion\/inscripcion-en-el-evento\/\" \/>\n<meta property=\"og:locale\" content=\"es_ES\" \/>\n<meta property=\"og:type\" content=\"article\" \/>\n<meta property=\"og:title\" content=\"INSCRIPCI\u00d3N EN EL EVENTO | MILANO SANREMO AMATORI 2026 | MIL\u00c1N SANREMO AMATEUR 7 DE JUNIO DE 2026 | SITIO OFICIAL\" \/>\n<meta property=\"og:description\" content=\"INSCRIPCI\u00d3N EN EL EVENTO\" \/>\n<meta property=\"og:url\" content=\"https:\/\/milano-sanremo.org\/es\/inscripcion\/inscripcion-en-el-evento\/\" \/>\n<meta property=\"og:site_name\" content=\"MILANO SANREMO AMATORI 2026\" \/>\n<meta property=\"article:modified_time\" content=\"2025-10-24T09:28:21+00:00\" \/>\n<meta name=\"twitter:card\" content=\"summary_large_image\" \/>\n<meta name=\"twitter:label1\" content=\"Tiempo de lectura\" \/>\n\t<meta name=\"twitter:data1\" content=\"2 minutos\" \/>\n<script type=\"application\/ld+json\" class=\"yoast-schema-graph\">{\"@context\":\"https:\\\/\\\/schema.org\",\"@graph\":[{\"@type\":\"WebPage\",\"@id\":\"https:\\\/\\\/milano-sanremo.org\\\/es\\\/inscripcion\\\/inscripcion-en-el-evento\\\/\",\"url\":\"https:\\\/\\\/milano-sanremo.org\\\/es\\\/inscripcion\\\/inscripcion-en-el-evento\\\/\",\"name\":\"INSCRIPCI\u00d3N EN EL EVENTO | MILANO SANREMO AMATORI 2026 | MIL\u00c1N SANREMO AMATEUR 7 DE JUNIO DE 2026 | SITIO OFICIAL\",\"isPartOf\":{\"@id\":\"https:\\\/\\\/milano-sanremo.org\\\/es\\\/#website\"},\"datePublished\":\"2013-06-15T12:36:39+00:00\",\"dateModified\":\"2025-10-24T09:28:21+00:00\",\"description\":\"INSCRIPCI\u00d3N EN EL EVENTO\",\"breadcrumb\":{\"@id\":\"https:\\\/\\\/milano-sanremo.org\\\/es\\\/inscripcion\\\/inscripcion-en-el-evento\\\/#breadcrumb\"},\"inLanguage\":\"es\",\"potentialAction\":[{\"@type\":\"ReadAction\",\"target\":[\"https:\\\/\\\/milano-sanremo.org\\\/es\\\/inscripcion\\\/inscripcion-en-el-evento\\\/\"]}]},{\"@type\":\"BreadcrumbList\",\"@id\":\"https:\\\/\\\/milano-sanremo.org\\\/es\\\/inscripcion\\\/inscripcion-en-el-evento\\\/#breadcrumb\",\"itemListElement\":[{\"@type\":\"ListItem\",\"position\":1,\"name\":\"Home\",\"item\":\"https:\\\/\\\/milano-sanremo.org\\\/es\\\/\"},{\"@type\":\"ListItem\",\"position\":2,\"name\":\"INSCRIPCI\u00d3N\",\"item\":\"https:\\\/\\\/milano-sanremo.org\\\/es\\\/iscrizioni-2\\\/\"},{\"@type\":\"ListItem\",\"position\":3,\"name\":\"INSCRIPCI\u00d3N EN EL EVENTO\"}]},{\"@type\":\"WebSite\",\"@id\":\"https:\\\/\\\/milano-sanremo.org\\\/es\\\/#website\",\"url\":\"https:\\\/\\\/milano-sanremo.org\\\/es\\\/\",\"name\":\"MILANO SANREMO AMATORI 2026\",\"description\":\"MIL\u00c1N SANREMO AMATEUR 7 DE JUNIO DE 2026 | SITIO OFICIAL\",\"potentialAction\":[{\"@type\":\"SearchAction\",\"target\":{\"@type\":\"EntryPoint\",\"urlTemplate\":\"https:\\\/\\\/milano-sanremo.org\\\/es\\\/?s={search_term_string}\"},\"query-input\":{\"@type\":\"PropertyValueSpecification\",\"valueRequired\":true,\"valueName\":\"search_term_string\"}}],\"inLanguage\":\"es\"}]}<\/script>\n<!-- \/ Yoast SEO plugin. -->","yoast_head_json":{"title":"INSCRIPCI\u00d3N EN EL EVENTO | MILANO SANREMO AMATORI 2026 | MIL\u00c1N SANREMO AMATEUR 7 DE JUNIO DE 2026 | SITIO OFICIAL","description":"INSCRIPCI\u00d3N EN EL EVENTO","robots":{"index":"index","follow":"follow","max-snippet":"max-snippet:-1","max-image-preview":"max-image-preview:large","max-video-preview":"max-video-preview:-1"},"canonical":"https:\/\/milano-sanremo.org\/es\/inscripcion\/inscripcion-en-el-evento\/","og_locale":"es_ES","og_type":"article","og_title":"INSCRIPCI\u00d3N EN EL EVENTO | MILANO SANREMO AMATORI 2026 | MIL\u00c1N SANREMO AMATEUR 7 DE JUNIO DE 2026 | SITIO OFICIAL","og_description":"INSCRIPCI\u00d3N EN EL EVENTO","og_url":"https:\/\/milano-sanremo.org\/es\/inscripcion\/inscripcion-en-el-evento\/","og_site_name":"MILANO SANREMO AMATORI 2026","article_modified_time":"2025-10-24T09:28:21+00:00","twitter_card":"summary_large_image","twitter_misc":{"Tiempo de lectura":"2 minutos"},"schema":{"@context":"https:\/\/schema.org","@graph":[{"@type":"WebPage","@id":"https:\/\/milano-sanremo.org\/es\/inscripcion\/inscripcion-en-el-evento\/","url":"https:\/\/milano-sanremo.org\/es\/inscripcion\/inscripcion-en-el-evento\/","name":"INSCRIPCI\u00d3N EN EL EVENTO | MILANO SANREMO AMATORI 2026 | MIL\u00c1N SANREMO AMATEUR 7 DE JUNIO DE 2026 | SITIO OFICIAL","isPartOf":{"@id":"https:\/\/milano-sanremo.org\/es\/#website"},"datePublished":"2013-06-15T12:36:39+00:00","dateModified":"2025-10-24T09:28:21+00:00","description":"INSCRIPCI\u00d3N EN EL EVENTO","breadcrumb":{"@id":"https:\/\/milano-sanremo.org\/es\/inscripcion\/inscripcion-en-el-evento\/#breadcrumb"},"inLanguage":"es","potentialAction":[{"@type":"ReadAction","target":["https:\/\/milano-sanremo.org\/es\/inscripcion\/inscripcion-en-el-evento\/"]}]},{"@type":"BreadcrumbList","@id":"https:\/\/milano-sanremo.org\/es\/inscripcion\/inscripcion-en-el-evento\/#breadcrumb","itemListElement":[{"@type":"ListItem","position":1,"name":"Home","item":"https:\/\/milano-sanremo.org\/es\/"},{"@type":"ListItem","position":2,"name":"INSCRIPCI\u00d3N","item":"https:\/\/milano-sanremo.org\/es\/iscrizioni-2\/"},{"@type":"ListItem","position":3,"name":"INSCRIPCI\u00d3N EN EL EVENTO"}]},{"@type":"WebSite","@id":"https:\/\/milano-sanremo.org\/es\/#website","url":"https:\/\/milano-sanremo.org\/es\/","name":"MILANO SANREMO AMATORI 2026","description":"MIL\u00c1N SANREMO AMATEUR 7 DE JUNIO DE 2026 | SITIO OFICIAL","potentialAction":[{"@type":"SearchAction","target":{"@type":"EntryPoint","urlTemplate":"https:\/\/milano-sanremo.org\/es\/?s={search_term_string}"},"query-input":{"@type":"PropertyValueSpecification","valueRequired":true,"valueName":"search_term_string"}}],"inLanguage":"es"}]}},"_links":{"self":[{"href":"https:\/\/milano-sanremo.org\/es\/wp-json\/wp\/v2\/pages\/1566","targetHints":{"allow":["GET"]}}],"collection":[{"href":"https:\/\/milano-sanremo.org\/es\/wp-json\/wp\/v2\/pages"}],"about":[{"href":"https:\/\/milano-sanremo.org\/es\/wp-json\/wp\/v2\/types\/page"}],"author":[{"embeddable":true,"href":"https:\/\/milano-sanremo.org\/es\/wp-json\/wp\/v2\/users\/1"}],"replies":[{"embeddable":true,"href":"https:\/\/milano-sanremo.org\/es\/wp-json\/wp\/v2\/comments?post=1566"}],"version-history":[{"count":40,"href":"https:\/\/milano-sanremo.org\/es\/wp-json\/wp\/v2\/pages\/1566\/revisions"}],"predecessor-version":[{"id":14957,"href":"https:\/\/milano-sanremo.org\/es\/wp-json\/wp\/v2\/pages\/1566\/revisions\/14957"}],"up":[{"embeddable":true,"href":"https:\/\/milano-sanremo.org\/es\/wp-json\/wp\/v2\/pages\/3762"}],"wp:attachment":[{"href":"https:\/\/milano-sanremo.org\/es\/wp-json\/wp\/v2\/media?parent=1566"}],"curies":[{"name":"wp","href":"https:\/\/api.w.org\/{rel}","templated":true}]}}