{"id":1577,"date":"2013-06-15T13:01:43","date_gmt":"2013-06-15T13:01:43","guid":{"rendered":"http:\/\/milano-sanremo.org\/wordpress\/?page_id=1577"},"modified":"2024-07-16T09:00:06","modified_gmt":"2024-07-16T09:00:06","slug":"tarjeta-deportiva","status":"publish","type":"page","link":"https:\/\/milano-sanremo.org\/es\/inscripcion\/tarjeta-deportiva\/","title":{"rendered":"LICENCIA DEPORTIVA"},"content":{"rendered":"<h1 class=\"entry-title main_title\">LICENCIA DEPORTIVA<\/h1>\n<h4>Estar en posesi\u00f3n de un carn\u00e9 o licencia v\u00e1lidos emitidos por la Federaci\u00f3n de Ciclismo de su propio pa\u00eds es un requisito obligatorio para participar en la prueba.<\/h4>\n<h1 class=\"entry-title main_title\">&nbsp;<\/h1>\n<div class=\"entry-content\">\n<h4>El cicloportivo MILAN SAN REMO AMATORI est\u00e1 abierto a:<\/h4>\n<ul>\n<li>Todos los ciclistas extranjeros que cumplan con una licencia reconocida por la UCI.<\/li>\n<li><span class=\"tlid-translation translation\" lang=\"es\"><span class=\"\" title=\"\">Todos los ciclistas sin licencia pueden comprar una licencia diaria en el sitio web al presentar un certificado m\u00e9dico deportivo competitivo.<\/span><\/span><\/li>\n<\/ul>\n<p><span class=\"tlid-translation translation\" lang=\"es\"><span class=\"\" title=\"\">A continuaci\u00f3n encontrar\u00e1 una lista completa de las licencias deportivas v\u00e1lidas.<\/span><\/span><\/p>\n<\/div>\n<h3>FUERA DE ITALIA<\/h3>\n<p>&nbsp;<\/p>\n<table style=\"width: 56.7919%;\" border=\"0\" cellspacing=\"0\">\n<colgroup width=\"319\"><\/colgroup>\n<colgroup width=\"209\"><\/colgroup>\n<tbody>\n<tr style=\"background-color: red; color: #fff;\">\n<td style=\"width: 60.149%;\" align=\"left\" height=\"17\">Federation<\/td>\n<td style=\"width: 39.4786%;\" align=\"left\">RECOGNIZED<\/td>\n<\/tr>\n<tr>\n<td style=\"width: 60.149%;\" align=\"left\" height=\"17\">ALBANIA UCI Cycling Federation<\/td>\n<td style=\"width: 39.4786%;\" align=\"left\">YES<\/td>\n<\/tr>\n<tr>\n<td style=\"width: 60.149%;\" align=\"left\" height=\"17\">ANDORRA UCI Cycling Federation<\/td>\n<td style=\"width: 39.4786%;\" align=\"left\">YES<\/td>\n<\/tr>\n<tr>\n<td style=\"width: 60.149%;\" align=\"left\" height=\"17\">ARMENIA UCI Cycling Federation<\/td>\n<td style=\"width: 39.4786%;\" align=\"left\">YES<\/td>\n<\/tr>\n<tr>\n<td style=\"width: 60.149%;\" align=\"left\" height=\"17\">AUSTRIA UCI Cycling Federation<\/td>\n<td style=\"width: 39.4786%;\" align=\"left\">YES<\/td>\n<\/tr>\n<tr>\n<td style=\"width: 60.149%;\" align=\"left\" height=\"17\">AZERBAIJAN UCI Cycling Federation<\/td>\n<td style=\"width: 39.4786%;\" align=\"left\">YES<\/td>\n<\/tr>\n<tr>\n<td style=\"width: 60.149%;\" align=\"left\" height=\"17\">BELGIUM UCI Royal Cycling League<\/td>\n<td style=\"width: 39.4786%;\" align=\"left\">YES<\/td>\n<\/tr>\n<tr>\n<td style=\"width: 60.149%;\" align=\"left\" height=\"17\"><strong>BELGIUM VWB Vlaamse Wielrijdersbond<\/strong><\/td>\n<td style=\"width: 39.4786%;\" align=\"left\"><strong>Tenga en cuenta: Esta licencia no es reconocida por UCI, por lo que es obligatorio un d\u00eda de licencia<\/strong><\/td>\n<\/tr>\n<tr>\n<td style=\"width: 60.149%;\" align=\"left\" height=\"17\">BOSNIA UCI Cycling Federation<\/td>\n<td style=\"width: 39.4786%;\" align=\"left\">YES<\/td>\n<\/tr>\n<tr>\n<td style=\"width: 60.149%;\" align=\"left\" height=\"17\">BELARUS UCI Federation of Cycling Sport<\/td>\n<td style=\"width: 39.4786%;\" align=\"left\">YES<\/td>\n<\/tr>\n<tr>\n<td style=\"width: 60.149%;\" align=\"left\" height=\"17\">BULGARIA UCI Cycling Union<\/td>\n<td style=\"width: 39.4786%;\" align=\"left\">YES<\/td>\n<\/tr>\n<tr>\n<td style=\"width: 60.149%;\" align=\"left\" height=\"17\">CROATIA UCI Cycling Federation<\/td>\n<td style=\"width: 39.4786%;\" align=\"left\">YES<\/td>\n<\/tr>\n<tr>\n<td style=\"width: 60.149%;\" align=\"left\" height=\"17\">CYPRUS UCI Cycling Federation<\/td>\n<td style=\"width: 39.4786%;\" align=\"left\">YES<\/td>\n<\/tr>\n<tr>\n<td style=\"width: 60.149%;\" align=\"left\" height=\"17\">CZECH REP UCI Cycling Federation<\/td>\n<td style=\"width: 39.4786%;\" align=\"left\">YES<\/td>\n<\/tr>\n<tr>\n<td style=\"width: 60.149%;\" align=\"left\" height=\"17\">DENMARK UCI Cycling Federation<\/td>\n<td style=\"width: 39.4786%;\" align=\"left\">YES<\/td>\n<\/tr>\n<tr>\n<td style=\"width: 60.149%;\" align=\"left\" height=\"17\">ESTONIA UCI Cyclists<\/td>\n<td style=\"width: 39.4786%;\" align=\"left\">YES<\/td>\n<\/tr>\n<tr>\n<td style=\"width: 60.149%;\" align=\"left\" height=\"17\">FINLAND UCI Cycling Union<\/td>\n<td style=\"width: 39.4786%;\" align=\"left\">YES<\/td>\n<\/tr>\n<tr>\n<td style=\"width: 60.149%;\" align=\"left\" height=\"17\">FRANCE UCI Cycling Federation<\/td>\n<td style=\"width: 39.4786%;\" align=\"left\">YES<\/td>\n<\/tr>\n<tr>\n<td style=\"width: 60.149%;\" align=\"left\" height=\"17\"><strong>FRANCE UFOLEP<\/strong><\/td>\n<td style=\"width: 39.4786%;\" align=\"left\"><strong><strong>Tenga en cuenta: Esta licencia no es reconocida por UCI, por lo que es obligatorio un d\u00eda de licencia<\/strong><\/strong><\/td>\n<\/tr>\n<tr>\n<td style=\"width: 60.149%;\" align=\"left\" height=\"17\">GEORGIA UCI Cycling Federation<\/td>\n<td style=\"width: 39.4786%;\" align=\"left\">YES<\/td>\n<\/tr>\n<tr>\n<td style=\"width: 60.149%;\" align=\"left\" height=\"17\">GERMANY UCI Cycling Federation<\/td>\n<td style=\"width: 39.4786%;\" align=\"left\">YES<\/td>\n<\/tr>\n<tr>\n<td style=\"width: 60.149%;\" align=\"left\" height=\"17\">GREECE UCI Cycling Federation<\/td>\n<td style=\"width: 39.4786%;\" align=\"left\">YES<\/td>\n<\/tr>\n<tr>\n<td style=\"width: 60.149%;\" align=\"left\" height=\"17\">HUNGARY UCI Cycling Federation<\/td>\n<td style=\"width: 39.4786%;\" align=\"left\">YES<\/td>\n<\/tr>\n<tr>\n<td style=\"width: 60.149%;\" align=\"left\" height=\"17\">IRELAND UCI Cycling Ireland<\/td>\n<td style=\"width: 39.4786%;\" align=\"left\">YES<\/td>\n<\/tr>\n<tr>\n<td style=\"width: 60.149%;\" align=\"left\" height=\"17\">ISRAEL UCI Cycling Federation<\/td>\n<td style=\"width: 39.4786%;\" align=\"left\">YES<\/td>\n<\/tr>\n<tr>\n<td style=\"width: 60.149%;\" align=\"left\" height=\"17\">LATVIA UCI Cycling Federation<\/td>\n<td style=\"width: 39.4786%;\" align=\"left\">YES<\/td>\n<\/tr>\n<tr>\n<td style=\"width: 60.149%;\" align=\"left\" height=\"17\">LIECHTENSTEIN UCI Cycling Federation<\/td>\n<td style=\"width: 39.4786%;\" align=\"left\">YES<\/td>\n<\/tr>\n<tr>\n<td style=\"width: 60.149%;\" align=\"left\" height=\"17\">LITHUANIA UCI Cycling Federation<\/td>\n<td style=\"width: 39.4786%;\" align=\"left\">YES<\/td>\n<\/tr>\n<tr>\n<td style=\"width: 60.149%;\" align=\"left\" height=\"17\">LUXEMBOURG UCI Cycling Federation<\/td>\n<td style=\"width: 39.4786%;\" align=\"left\">YES<\/td>\n<\/tr>\n<tr>\n<td style=\"width: 60.149%;\" align=\"left\" height=\"17\">MOLDAVIA UCI Cycling Federation<\/td>\n<td style=\"width: 39.4786%;\" align=\"left\">YES<\/td>\n<\/tr>\n<tr>\n<td style=\"width: 60.149%;\" align=\"left\" height=\"17\">MACEDONIA UCI Cycling Federation<\/td>\n<td style=\"width: 39.4786%;\" align=\"left\">YES<\/td>\n<\/tr>\n<tr>\n<td style=\"width: 60.149%;\" align=\"left\" height=\"17\">MALTA UCI Cycling Federation<\/td>\n<td style=\"width: 39.4786%;\" align=\"left\">YES<\/td>\n<\/tr>\n<tr>\n<td style=\"width: 60.149%;\" align=\"left\" height=\"17\">MONTENEGRO UCI Cycling Association<\/td>\n<td style=\"width: 39.4786%;\" align=\"left\">YES<\/td>\n<\/tr>\n<tr>\n<td style=\"width: 60.149%;\" align=\"left\" height=\"17\">MONACO UCI Cycling Federation<\/td>\n<td style=\"width: 39.4786%;\" align=\"left\">YES<\/td>\n<\/tr>\n<tr>\n<td style=\"width: 60.149%;\" align=\"left\" height=\"17\">NEDERLAND UCI Royal Cycling Union<\/td>\n<td style=\"width: 39.4786%;\" align=\"left\">YES<\/td>\n<\/tr>\n<tr>\n<td style=\"width: 60.149%;\" align=\"left\" height=\"17\"><strong>NEDERLAND NTFU<\/strong><\/td>\n<td style=\"width: 39.4786%;\" align=\"left\"><strong>Tenga en cuenta: Esta licencia no es reconocida por UCI, por lo que es obligatorio un d\u00eda de licencia<\/strong><\/td>\n<\/tr>\n<tr>\n<td style=\"width: 60.149%;\" align=\"left\" height=\"17\">NORWAY UCI Cycling Federation<\/td>\n<td style=\"width: 39.4786%;\" align=\"left\">YES<\/td>\n<\/tr>\n<tr>\n<td style=\"width: 60.149%;\" align=\"left\" height=\"17\">POLAND UCI Cycling Federation<\/td>\n<td style=\"width: 39.4786%;\" align=\"left\">YES<\/td>\n<\/tr>\n<tr>\n<td style=\"width: 60.149%;\" align=\"left\" height=\"17\">PORTUGAL UCI Cycling Federation<\/td>\n<td style=\"width: 39.4786%;\" align=\"left\">YES<\/td>\n<\/tr>\n<tr>\n<td style=\"width: 60.149%;\" align=\"left\" height=\"17\">ROMANIA UCI Cycling Federation<\/td>\n<td style=\"width: 39.4786%;\" align=\"left\">YES<\/td>\n<\/tr>\n<tr>\n<td style=\"width: 60.149%;\" align=\"left\" height=\"17\">RUSSIA UCI Cycling Federation<\/td>\n<td style=\"width: 39.4786%;\" align=\"left\">YES<\/td>\n<\/tr>\n<tr>\n<td style=\"width: 60.149%;\" align=\"left\" height=\"17\">SAN MARINO UCI Cycling Federation<\/td>\n<td style=\"width: 39.4786%;\" align=\"left\">YES<\/td>\n<\/tr>\n<tr>\n<td style=\"width: 60.149%;\" align=\"left\" height=\"17\">SERBIA UCI Cycling Federation of Serbia<\/td>\n<td style=\"width: 39.4786%;\" align=\"left\">YES<\/td>\n<\/tr>\n<tr>\n<td style=\"width: 60.149%;\" align=\"left\" height=\"17\">SLOVENIA UCI Cycling Federation<\/td>\n<td style=\"width: 39.4786%;\" align=\"left\">YES<\/td>\n<\/tr>\n<tr>\n<td style=\"width: 60.149%;\" align=\"left\" height=\"17\">SWITZERLAND UCI Swiss Cycling<\/td>\n<td style=\"width: 39.4786%;\" align=\"left\">YES<\/td>\n<\/tr>\n<tr>\n<td style=\"width: 60.149%;\" align=\"left\" height=\"17\">SLOVAKIA UCI Cycling Federation<\/td>\n<td style=\"width: 39.4786%;\" align=\"left\">YES<\/td>\n<\/tr>\n<tr>\n<td style=\"width: 60.149%;\" align=\"left\" height=\"17\">SPAIN UCI Cycling Federation<\/td>\n<td style=\"width: 39.4786%;\" align=\"left\">YES<\/td>\n<\/tr>\n<tr>\n<td style=\"width: 60.149%;\" align=\"left\" height=\"17\">SWEDEN UCI Cycling Federation<\/td>\n<td style=\"width: 39.4786%;\" align=\"left\">YES<\/td>\n<\/tr>\n<tr>\n<td style=\"width: 60.149%;\" align=\"left\" height=\"17\">TURKEY UCI Cycling Federation<\/td>\n<td style=\"width: 39.4786%;\" align=\"left\">YES<\/td>\n<\/tr>\n<tr>\n<td style=\"width: 60.149%;\" align=\"left\" height=\"17\">UNITED KINGDOM UCI British Cycling<\/td>\n<td style=\"width: 39.4786%;\" align=\"left\">YES<\/td>\n<\/tr>\n<tr>\n<td style=\"width: 60.149%;\" align=\"left\" height=\"17\">UKRAINE UCI Cycling Federation<\/td>\n<td style=\"width: 39.4786%;\" align=\"left\">YES<\/td>\n<\/tr>\n<tr>\n<td style=\"width: 60.149%;\" align=\"left\" height=\"17\"><strong>International UCI Non-European Cycling Federation<\/strong><\/td>\n<td style=\"width: 39.4786%;\" align=\"left\"><strong>YES<\/strong><\/td>\n<\/tr>\n<tr>\n<td style=\"width: 60.149%;\" align=\"left\" height=\"17\"><strong>International ITU Triathlon<\/strong><\/td>\n<td style=\"width: 39.4786%;\" align=\"left\"><strong><strong>Tenga en cuenta: Esta licencia no es reconocida por UCI, por lo que es obligatorio un d\u00eda de licencia<\/strong><\/strong><\/td>\n<\/tr>\n<tr>\n<td style=\"width: 60.149%;\" align=\"left\"><strong>International Ironman Triathlon<\/strong><\/td>\n<td style=\"width: 39.4786%;\" align=\"left\"><strong>Tenga en cuenta: Esta licencia no es reconocida por UCI, por lo que es obligatorio un d\u00eda de licencia<\/strong><\/p>\n<p>&nbsp;<\/td>\n<\/tr>\n<\/tbody>\n<\/table>\n","protected":false},"excerpt":{"rendered":"<p>LICENCIA DEPORTIVA Estar en posesi\u00f3n de un carn\u00e9 o licencia v\u00e1lidos emitidos por la Federaci\u00f3n de Ciclismo de su propio pa\u00eds es un requisito obligatorio para participar en la prueba. &nbsp; El cicloportivo MILAN SAN REMO AMATORI est\u00e1 abierto a: Todos los ciclistas extranjeros que cumplan con una licencia reconocida por la UCI. Todos los [&hellip;]<\/p>\n","protected":false},"author":1,"featured_media":0,"parent":3762,"menu_order":0,"comment_status":"closed","ping_status":"closed","template":"","meta":{"_et_pb_use_builder":"","_et_pb_old_content":"","_et_gb_content_width":"","ngg_post_thumbnail":0,"footnotes":""},"class_list":["post-1577","page","type-page","status-publish","hentry"],"yoast_head":"<!-- This site is optimized with the Yoast SEO plugin v27.4 - https:\/\/yoast.com\/product\/yoast-seo-wordpress\/ -->\n<title>LICENCIA DEPORTIVA | MILANO SANREMO AMATORI 2026 | MIL\u00c1N SANREMO AMATEUR 7 DE JUNIO DE 2026 | SITIO OFICIAL<\/title>\n<meta name=\"description\" content=\"LICENCIA DEPORTIVA\" \/>\n<meta name=\"robots\" content=\"index, follow, max-snippet:-1, max-image-preview:large, max-video-preview:-1\" \/>\n<link rel=\"canonical\" href=\"https:\/\/milano-sanremo.org\/es\/inscripcion\/tarjeta-deportiva\/\" \/>\n<meta property=\"og:locale\" content=\"es_ES\" \/>\n<meta property=\"og:type\" content=\"article\" \/>\n<meta property=\"og:title\" content=\"LICENCIA DEPORTIVA | MILANO SANREMO AMATORI 2026 | MIL\u00c1N SANREMO AMATEUR 7 DE JUNIO DE 2026 | SITIO OFICIAL\" \/>\n<meta property=\"og:description\" content=\"LICENCIA DEPORTIVA\" \/>\n<meta property=\"og:url\" content=\"https:\/\/milano-sanremo.org\/es\/inscripcion\/tarjeta-deportiva\/\" \/>\n<meta property=\"og:site_name\" content=\"MILANO SANREMO AMATORI 2026\" \/>\n<meta property=\"article:modified_time\" content=\"2024-07-16T09:00:06+00:00\" \/>\n<meta name=\"twitter:card\" content=\"summary_large_image\" \/>\n<meta name=\"twitter:label1\" content=\"Tiempo de lectura\" \/>\n\t<meta name=\"twitter:data1\" content=\"2 minutos\" \/>\n<script type=\"application\/ld+json\" class=\"yoast-schema-graph\">{\"@context\":\"https:\\\/\\\/schema.org\",\"@graph\":[{\"@type\":\"WebPage\",\"@id\":\"https:\\\/\\\/milano-sanremo.org\\\/es\\\/inscripcion\\\/tarjeta-deportiva\\\/\",\"url\":\"https:\\\/\\\/milano-sanremo.org\\\/es\\\/inscripcion\\\/tarjeta-deportiva\\\/\",\"name\":\"LICENCIA DEPORTIVA | MILANO SANREMO AMATORI 2026 | MIL\u00c1N SANREMO AMATEUR 7 DE JUNIO DE 2026 | SITIO OFICIAL\",\"isPartOf\":{\"@id\":\"https:\\\/\\\/milano-sanremo.org\\\/es\\\/#website\"},\"datePublished\":\"2013-06-15T13:01:43+00:00\",\"dateModified\":\"2024-07-16T09:00:06+00:00\",\"description\":\"LICENCIA DEPORTIVA\",\"breadcrumb\":{\"@id\":\"https:\\\/\\\/milano-sanremo.org\\\/es\\\/inscripcion\\\/tarjeta-deportiva\\\/#breadcrumb\"},\"inLanguage\":\"es\",\"potentialAction\":[{\"@type\":\"ReadAction\",\"target\":[\"https:\\\/\\\/milano-sanremo.org\\\/es\\\/inscripcion\\\/tarjeta-deportiva\\\/\"]}]},{\"@type\":\"BreadcrumbList\",\"@id\":\"https:\\\/\\\/milano-sanremo.org\\\/es\\\/inscripcion\\\/tarjeta-deportiva\\\/#breadcrumb\",\"itemListElement\":[{\"@type\":\"ListItem\",\"position\":1,\"name\":\"Home\",\"item\":\"https:\\\/\\\/milano-sanremo.org\\\/es\\\/\"},{\"@type\":\"ListItem\",\"position\":2,\"name\":\"INSCRIPCI\u00d3N\",\"item\":\"https:\\\/\\\/milano-sanremo.org\\\/es\\\/iscrizioni-2\\\/\"},{\"@type\":\"ListItem\",\"position\":3,\"name\":\"LICENCIA DEPORTIVA\"}]},{\"@type\":\"WebSite\",\"@id\":\"https:\\\/\\\/milano-sanremo.org\\\/es\\\/#website\",\"url\":\"https:\\\/\\\/milano-sanremo.org\\\/es\\\/\",\"name\":\"MILANO SANREMO AMATORI 2026\",\"description\":\"MIL\u00c1N SANREMO AMATEUR 7 DE JUNIO DE 2026 | SITIO OFICIAL\",\"potentialAction\":[{\"@type\":\"SearchAction\",\"target\":{\"@type\":\"EntryPoint\",\"urlTemplate\":\"https:\\\/\\\/milano-sanremo.org\\\/es\\\/?s={search_term_string}\"},\"query-input\":{\"@type\":\"PropertyValueSpecification\",\"valueRequired\":true,\"valueName\":\"search_term_string\"}}],\"inLanguage\":\"es\"}]}<\/script>\n<!-- \/ Yoast SEO plugin. -->","yoast_head_json":{"title":"LICENCIA DEPORTIVA | MILANO SANREMO AMATORI 2026 | MIL\u00c1N SANREMO AMATEUR 7 DE JUNIO DE 2026 | SITIO OFICIAL","description":"LICENCIA DEPORTIVA","robots":{"index":"index","follow":"follow","max-snippet":"max-snippet:-1","max-image-preview":"max-image-preview:large","max-video-preview":"max-video-preview:-1"},"canonical":"https:\/\/milano-sanremo.org\/es\/inscripcion\/tarjeta-deportiva\/","og_locale":"es_ES","og_type":"article","og_title":"LICENCIA DEPORTIVA | MILANO SANREMO AMATORI 2026 | MIL\u00c1N SANREMO AMATEUR 7 DE JUNIO DE 2026 | SITIO OFICIAL","og_description":"LICENCIA DEPORTIVA","og_url":"https:\/\/milano-sanremo.org\/es\/inscripcion\/tarjeta-deportiva\/","og_site_name":"MILANO SANREMO AMATORI 2026","article_modified_time":"2024-07-16T09:00:06+00:00","twitter_card":"summary_large_image","twitter_misc":{"Tiempo de lectura":"2 minutos"},"schema":{"@context":"https:\/\/schema.org","@graph":[{"@type":"WebPage","@id":"https:\/\/milano-sanremo.org\/es\/inscripcion\/tarjeta-deportiva\/","url":"https:\/\/milano-sanremo.org\/es\/inscripcion\/tarjeta-deportiva\/","name":"LICENCIA DEPORTIVA | MILANO SANREMO AMATORI 2026 | MIL\u00c1N SANREMO AMATEUR 7 DE JUNIO DE 2026 | SITIO OFICIAL","isPartOf":{"@id":"https:\/\/milano-sanremo.org\/es\/#website"},"datePublished":"2013-06-15T13:01:43+00:00","dateModified":"2024-07-16T09:00:06+00:00","description":"LICENCIA DEPORTIVA","breadcrumb":{"@id":"https:\/\/milano-sanremo.org\/es\/inscripcion\/tarjeta-deportiva\/#breadcrumb"},"inLanguage":"es","potentialAction":[{"@type":"ReadAction","target":["https:\/\/milano-sanremo.org\/es\/inscripcion\/tarjeta-deportiva\/"]}]},{"@type":"BreadcrumbList","@id":"https:\/\/milano-sanremo.org\/es\/inscripcion\/tarjeta-deportiva\/#breadcrumb","itemListElement":[{"@type":"ListItem","position":1,"name":"Home","item":"https:\/\/milano-sanremo.org\/es\/"},{"@type":"ListItem","position":2,"name":"INSCRIPCI\u00d3N","item":"https:\/\/milano-sanremo.org\/es\/iscrizioni-2\/"},{"@type":"ListItem","position":3,"name":"LICENCIA DEPORTIVA"}]},{"@type":"WebSite","@id":"https:\/\/milano-sanremo.org\/es\/#website","url":"https:\/\/milano-sanremo.org\/es\/","name":"MILANO SANREMO AMATORI 2026","description":"MIL\u00c1N SANREMO AMATEUR 7 DE JUNIO DE 2026 | SITIO OFICIAL","potentialAction":[{"@type":"SearchAction","target":{"@type":"EntryPoint","urlTemplate":"https:\/\/milano-sanremo.org\/es\/?s={search_term_string}"},"query-input":{"@type":"PropertyValueSpecification","valueRequired":true,"valueName":"search_term_string"}}],"inLanguage":"es"}]}},"_links":{"self":[{"href":"https:\/\/milano-sanremo.org\/es\/wp-json\/wp\/v2\/pages\/1577","targetHints":{"allow":["GET"]}}],"collection":[{"href":"https:\/\/milano-sanremo.org\/es\/wp-json\/wp\/v2\/pages"}],"about":[{"href":"https:\/\/milano-sanremo.org\/es\/wp-json\/wp\/v2\/types\/page"}],"author":[{"embeddable":true,"href":"https:\/\/milano-sanremo.org\/es\/wp-json\/wp\/v2\/users\/1"}],"replies":[{"embeddable":true,"href":"https:\/\/milano-sanremo.org\/es\/wp-json\/wp\/v2\/comments?post=1577"}],"version-history":[{"count":12,"href":"https:\/\/milano-sanremo.org\/es\/wp-json\/wp\/v2\/pages\/1577\/revisions"}],"predecessor-version":[{"id":14150,"href":"https:\/\/milano-sanremo.org\/es\/wp-json\/wp\/v2\/pages\/1577\/revisions\/14150"}],"up":[{"embeddable":true,"href":"https:\/\/milano-sanremo.org\/es\/wp-json\/wp\/v2\/pages\/3762"}],"wp:attachment":[{"href":"https:\/\/milano-sanremo.org\/es\/wp-json\/wp\/v2\/media?parent=1577"}],"curies":[{"name":"wp","href":"https:\/\/api.w.org\/{rel}","templated":true}]}}