{"id":1592,"date":"2013-06-15T13:28:16","date_gmt":"2013-06-15T13:28:16","guid":{"rendered":"http:\/\/milano-sanremo.org\/wordpress\/?page_id=1592"},"modified":"2025-10-23T13:18:07","modified_gmt":"2025-10-23T13:18:07","slug":"tarjeta-diaria","status":"publish","type":"page","link":"https:\/\/milano-sanremo.org\/es\/inscripcion\/tarjeta-diaria\/","title":{"rendered":"PASE DIARIO"},"content":{"rendered":"<h3>Para participar en el marat\u00f3n ciclista Mil\u00e1n &#8211; San Remo Amatori cyclosportiva es obligatorio pertenecer a una federaci\u00f3n de ciclismo afiliada a la UCI. Como alternativa, puede solicitar un pase diario de la FCI.<\/h3>\n<p>Los ciclistas italianos y extranjeros que no tienen un carn\u00e9 o licencia expedidos por una de las organizaciones de ciclismo recogidas en la lista, pueden adquirir un pase diario de la FCI, que se emite al inscribirse para la carrera en nuestro sitio web.<\/p>\n<h4><strong>Pase diario FCI (Federaci\u00f3n Italiana de Ciclismo) <\/strong><\/h4>\n<table style=\"width: 34.5998%;\" border=\"1\">\n<tbody>\n<tr align=\"center\" valign=\"middle\">\n<td>&nbsp;<\/td>\n<td>coste<\/td>\n<td>hasta el<\/td>\n<td>forma de pago<\/td>\n<\/tr>\n<tr>\n<td>Adquisici\u00f3n durante la inscripci\u00f3n<\/td>\n<td>\u20ac 20,00<\/td>\n<td>30 abril<\/td>\n<td>tarjeta de cr\u00e9dito Visa\/Mastercard<\/td>\n<\/tr>\n<\/tbody>\n<\/table>\n<h4><span style=\"color: #ff0000;\"> Fecha l\u00edmite para la inscripci\u00f3n con pase diario: 30 de abril<\/span><\/h4>\n<p>In case the documents indicated in the registration phase are not validated by the organization it will not be possible to purchase a day license after registration after this deadline.<\/p>\n<p>&nbsp;<\/p>\n<h3>POL\u00cdTICA DE RESERVA<\/h3>\n<p>La inscripci\u00f3n en el evento no es reembolsable.<\/p>\n<h4>&nbsp;<\/h4>\n<h3 style=\"text-align: center;\">DOCUMENTOS REQUERIDOS PARA<br \/>\nLA EMISI\u00d3N DE EL PASE DIARIO<\/h3>\n<h3>&nbsp;<\/h3>\n<h4>FUERA DE ITALIA<\/h4>\n<p>El certificado debe ser completado por un m\u00e9dico deportivo, tomando como referencia los formularios que pueden descargarse en el siguiente enlace:<\/p>\n<h3 style=\"text-align: center;\"><a href=\"https:\/\/classicissima.it\/wp-content\/uploads\/2018\/05\/Classicissima_Certificato_Medico_multi.pdf\" target=\"_blank\" rel=\"noopener noreferrer\"><span style=\"color: #ff0000;\"><strong><em id=\"__mceDel\">CERTIFICADO M\u00c9DICO SPORTIVO Y DECLARACI\u00d3N&nbsp;\u00c9TICA <\/em><\/strong><\/span><\/a><\/h3>\n<p style=\"text-align: center;\"><span style=\"color: #ff0000;\">(formulario v\u00e1lido \u00fanicamente para ciclistas extranjeros)<\/span><\/p>\n<h4 style=\"text-align: center;\"><span style=\"color: #ff0000;\">No olvide llevar consigo el certificado m\u00e9dico original el d\u00eda en que se distribuyen los paquetes de carrera.<\/span><\/h4>\n<p>&nbsp;<\/p>\n<h4>&nbsp;<\/h4>\n<h3>DOCUMENTOS REQUERIDOS PARA LA ASIGNACI\u00d3N DE DORSALES<\/h3>\n<h4>Es obligatorio presentar el d\u00eda antes de la carrera un certificado m\u00e9dico de aptitud para la competici\u00f3n deportiva, emitido en los 6 meses anteriores a la prueba.<\/h4>\n<p>De lo contrario, no ser\u00e1 posible participar en la misma.<\/p>\n<p>No ser\u00e1 posible pagar el pase diario al recoger el paquete de carrera.<\/p>\n","protected":false},"excerpt":{"rendered":"<p>Para participar en el marat\u00f3n ciclista Mil\u00e1n &#8211; San Remo Amatori cyclosportiva es obligatorio pertenecer a una federaci\u00f3n de ciclismo afiliada a la UCI. Como alternativa, puede solicitar un pase diario de la FCI. Los ciclistas italianos y extranjeros que no tienen un carn\u00e9 o licencia expedidos por una de las organizaciones de ciclismo recogidas [&hellip;]<\/p>\n","protected":false},"author":1,"featured_media":0,"parent":3762,"menu_order":0,"comment_status":"closed","ping_status":"closed","template":"","meta":{"_et_pb_use_builder":"","_et_pb_old_content":"","_et_gb_content_width":"","ngg_post_thumbnail":0,"footnotes":""},"class_list":["post-1592","page","type-page","status-publish","hentry"],"yoast_head":"<!-- This site is optimized with the Yoast SEO plugin v27.4 - https:\/\/yoast.com\/product\/yoast-seo-wordpress\/ -->\n<title>PASE DIARIO | MILANO SANREMO AMATORI 2026 | MIL\u00c1N SANREMO AMATEUR 7 DE JUNIO DE 2026 | SITIO OFICIAL<\/title>\n<meta name=\"description\" content=\"PASE DIARIO\" \/>\n<meta name=\"robots\" content=\"index, follow, max-snippet:-1, max-image-preview:large, max-video-preview:-1\" \/>\n<link rel=\"canonical\" href=\"https:\/\/milano-sanremo.org\/es\/inscripcion\/tarjeta-diaria\/\" \/>\n<meta property=\"og:locale\" content=\"es_ES\" \/>\n<meta property=\"og:type\" content=\"article\" \/>\n<meta property=\"og:title\" content=\"PASE DIARIO | MILANO SANREMO AMATORI 2026 | MIL\u00c1N SANREMO AMATEUR 7 DE JUNIO DE 2026 | SITIO OFICIAL\" \/>\n<meta property=\"og:description\" content=\"PASE DIARIO\" \/>\n<meta property=\"og:url\" content=\"https:\/\/milano-sanremo.org\/es\/inscripcion\/tarjeta-diaria\/\" \/>\n<meta property=\"og:site_name\" content=\"MILANO SANREMO AMATORI 2026\" \/>\n<meta property=\"article:modified_time\" content=\"2025-10-23T13:18:07+00:00\" \/>\n<meta name=\"twitter:card\" content=\"summary_large_image\" \/>\n<meta name=\"twitter:label1\" content=\"Tiempo de lectura\" \/>\n\t<meta name=\"twitter:data1\" content=\"2 minutos\" \/>\n<script type=\"application\/ld+json\" class=\"yoast-schema-graph\">{\"@context\":\"https:\\\/\\\/schema.org\",\"@graph\":[{\"@type\":\"WebPage\",\"@id\":\"https:\\\/\\\/milano-sanremo.org\\\/es\\\/inscripcion\\\/tarjeta-diaria\\\/\",\"url\":\"https:\\\/\\\/milano-sanremo.org\\\/es\\\/inscripcion\\\/tarjeta-diaria\\\/\",\"name\":\"PASE DIARIO | MILANO SANREMO AMATORI 2026 | MIL\u00c1N SANREMO AMATEUR 7 DE JUNIO DE 2026 | SITIO OFICIAL\",\"isPartOf\":{\"@id\":\"https:\\\/\\\/milano-sanremo.org\\\/es\\\/#website\"},\"datePublished\":\"2013-06-15T13:28:16+00:00\",\"dateModified\":\"2025-10-23T13:18:07+00:00\",\"description\":\"PASE DIARIO\",\"breadcrumb\":{\"@id\":\"https:\\\/\\\/milano-sanremo.org\\\/es\\\/inscripcion\\\/tarjeta-diaria\\\/#breadcrumb\"},\"inLanguage\":\"es\",\"potentialAction\":[{\"@type\":\"ReadAction\",\"target\":[\"https:\\\/\\\/milano-sanremo.org\\\/es\\\/inscripcion\\\/tarjeta-diaria\\\/\"]}]},{\"@type\":\"BreadcrumbList\",\"@id\":\"https:\\\/\\\/milano-sanremo.org\\\/es\\\/inscripcion\\\/tarjeta-diaria\\\/#breadcrumb\",\"itemListElement\":[{\"@type\":\"ListItem\",\"position\":1,\"name\":\"Home\",\"item\":\"https:\\\/\\\/milano-sanremo.org\\\/es\\\/\"},{\"@type\":\"ListItem\",\"position\":2,\"name\":\"INSCRIPCI\u00d3N\",\"item\":\"https:\\\/\\\/milano-sanremo.org\\\/es\\\/iscrizioni-2\\\/\"},{\"@type\":\"ListItem\",\"position\":3,\"name\":\"PASE DIARIO\"}]},{\"@type\":\"WebSite\",\"@id\":\"https:\\\/\\\/milano-sanremo.org\\\/es\\\/#website\",\"url\":\"https:\\\/\\\/milano-sanremo.org\\\/es\\\/\",\"name\":\"MILANO SANREMO AMATORI 2026\",\"description\":\"MIL\u00c1N SANREMO AMATEUR 7 DE JUNIO DE 2026 | SITIO OFICIAL\",\"potentialAction\":[{\"@type\":\"SearchAction\",\"target\":{\"@type\":\"EntryPoint\",\"urlTemplate\":\"https:\\\/\\\/milano-sanremo.org\\\/es\\\/?s={search_term_string}\"},\"query-input\":{\"@type\":\"PropertyValueSpecification\",\"valueRequired\":true,\"valueName\":\"search_term_string\"}}],\"inLanguage\":\"es\"}]}<\/script>\n<!-- \/ Yoast SEO plugin. -->","yoast_head_json":{"title":"PASE DIARIO | MILANO SANREMO AMATORI 2026 | MIL\u00c1N SANREMO AMATEUR 7 DE JUNIO DE 2026 | SITIO OFICIAL","description":"PASE DIARIO","robots":{"index":"index","follow":"follow","max-snippet":"max-snippet:-1","max-image-preview":"max-image-preview:large","max-video-preview":"max-video-preview:-1"},"canonical":"https:\/\/milano-sanremo.org\/es\/inscripcion\/tarjeta-diaria\/","og_locale":"es_ES","og_type":"article","og_title":"PASE DIARIO | MILANO SANREMO AMATORI 2026 | MIL\u00c1N SANREMO AMATEUR 7 DE JUNIO DE 2026 | SITIO OFICIAL","og_description":"PASE DIARIO","og_url":"https:\/\/milano-sanremo.org\/es\/inscripcion\/tarjeta-diaria\/","og_site_name":"MILANO SANREMO AMATORI 2026","article_modified_time":"2025-10-23T13:18:07+00:00","twitter_card":"summary_large_image","twitter_misc":{"Tiempo de lectura":"2 minutos"},"schema":{"@context":"https:\/\/schema.org","@graph":[{"@type":"WebPage","@id":"https:\/\/milano-sanremo.org\/es\/inscripcion\/tarjeta-diaria\/","url":"https:\/\/milano-sanremo.org\/es\/inscripcion\/tarjeta-diaria\/","name":"PASE DIARIO | MILANO SANREMO AMATORI 2026 | MIL\u00c1N SANREMO AMATEUR 7 DE JUNIO DE 2026 | SITIO OFICIAL","isPartOf":{"@id":"https:\/\/milano-sanremo.org\/es\/#website"},"datePublished":"2013-06-15T13:28:16+00:00","dateModified":"2025-10-23T13:18:07+00:00","description":"PASE DIARIO","breadcrumb":{"@id":"https:\/\/milano-sanremo.org\/es\/inscripcion\/tarjeta-diaria\/#breadcrumb"},"inLanguage":"es","potentialAction":[{"@type":"ReadAction","target":["https:\/\/milano-sanremo.org\/es\/inscripcion\/tarjeta-diaria\/"]}]},{"@type":"BreadcrumbList","@id":"https:\/\/milano-sanremo.org\/es\/inscripcion\/tarjeta-diaria\/#breadcrumb","itemListElement":[{"@type":"ListItem","position":1,"name":"Home","item":"https:\/\/milano-sanremo.org\/es\/"},{"@type":"ListItem","position":2,"name":"INSCRIPCI\u00d3N","item":"https:\/\/milano-sanremo.org\/es\/iscrizioni-2\/"},{"@type":"ListItem","position":3,"name":"PASE DIARIO"}]},{"@type":"WebSite","@id":"https:\/\/milano-sanremo.org\/es\/#website","url":"https:\/\/milano-sanremo.org\/es\/","name":"MILANO SANREMO AMATORI 2026","description":"MIL\u00c1N SANREMO AMATEUR 7 DE JUNIO DE 2026 | SITIO OFICIAL","potentialAction":[{"@type":"SearchAction","target":{"@type":"EntryPoint","urlTemplate":"https:\/\/milano-sanremo.org\/es\/?s={search_term_string}"},"query-input":{"@type":"PropertyValueSpecification","valueRequired":true,"valueName":"search_term_string"}}],"inLanguage":"es"}]}},"_links":{"self":[{"href":"https:\/\/milano-sanremo.org\/es\/wp-json\/wp\/v2\/pages\/1592","targetHints":{"allow":["GET"]}}],"collection":[{"href":"https:\/\/milano-sanremo.org\/es\/wp-json\/wp\/v2\/pages"}],"about":[{"href":"https:\/\/milano-sanremo.org\/es\/wp-json\/wp\/v2\/types\/page"}],"author":[{"embeddable":true,"href":"https:\/\/milano-sanremo.org\/es\/wp-json\/wp\/v2\/users\/1"}],"replies":[{"embeddable":true,"href":"https:\/\/milano-sanremo.org\/es\/wp-json\/wp\/v2\/comments?post=1592"}],"version-history":[{"count":19,"href":"https:\/\/milano-sanremo.org\/es\/wp-json\/wp\/v2\/pages\/1592\/revisions"}],"predecessor-version":[{"id":14903,"href":"https:\/\/milano-sanremo.org\/es\/wp-json\/wp\/v2\/pages\/1592\/revisions\/14903"}],"up":[{"embeddable":true,"href":"https:\/\/milano-sanremo.org\/es\/wp-json\/wp\/v2\/pages\/3762"}],"wp:attachment":[{"href":"https:\/\/milano-sanremo.org\/es\/wp-json\/wp\/v2\/media?parent=1592"}],"curies":[{"name":"wp","href":"https:\/\/api.w.org\/{rel}","templated":true}]}}