{"id":1626,"date":"2013-06-17T06:35:33","date_gmt":"2013-06-17T06:35:33","guid":{"rendered":"http:\/\/milano-sanremo.org\/wordpress\/?page_id=1626"},"modified":"2014-11-10T17:42:34","modified_gmt":"2014-11-10T17:42:34","slug":"1626-2","status":"publish","type":"page","link":"https:\/\/milano-sanremo.org\/es\/1626-2\/","title":{"rendered":"INFORMACI\u00d3N"},"content":{"rendered":"<p>Este sitio web es propiedad de<\/p>\n<p><strong>NYALA WONDER TRAVEL, agencia de viajes<\/strong><\/p>\n<p><em>Socio oficial de la<br \/>\nUnione Cicloturistica Sanremo asd<\/em><\/p>\n<p>Via Solaro 134<br \/>\n18038 San Remo<br \/>\nItalia<br \/>\nTfno.: +39 0184 666 986<br \/>\nFax: + 39 0184 696 672<\/p>\n<p>Propietario: NWT S.r.l.<br \/>\nOficina registrada en TUR\u00cdN &#8211; Corso Matteotti 19<br \/>\nC\u00f3digo fiscal y VAT 10925080011<br \/>\nC.C.I.A.A. Torino R.E.A n. 1173522<br \/>\nP\u00f3liza de seguros SAI 1124800004977<\/p>\n","protected":false},"excerpt":{"rendered":"<p>Este sitio web es propiedad de NYALA WONDER TRAVEL, agencia de viajes Socio oficial de la Unione Cicloturistica Sanremo asd Via Solaro 134 18038 San Remo Italia Tfno.: +39 0184 666 986 Fax: + 39 0184 696 672 Propietario: NWT S.r.l. Oficina registrada en TUR\u00cdN &#8211; Corso Matteotti 19 C\u00f3digo fiscal y VAT 10925080011 C.C.I.A.A. [&hellip;]<\/p>\n","protected":false},"author":1,"featured_media":0,"parent":0,"menu_order":0,"comment_status":"closed","ping_status":"closed","template":"","meta":{"_et_pb_use_builder":"","_et_pb_old_content":"","_et_gb_content_width":"","ngg_post_thumbnail":0,"footnotes":""},"class_list":["post-1626","page","type-page","status-publish","hentry"],"yoast_head":"<!-- This site is optimized with the Yoast SEO plugin v27.4 - https:\/\/yoast.com\/product\/yoast-seo-wordpress\/ -->\n<title>INFORMACI\u00d3N | MILANO SANREMO AMATORI 2026 | MIL\u00c1N SANREMO AMATEUR 7 DE JUNIO DE 2026 | SITIO OFICIAL<\/title>\n<meta name=\"description\" content=\"INFORMACI\u00d3N\" \/>\n<meta name=\"robots\" content=\"index, follow, max-snippet:-1, max-image-preview:large, max-video-preview:-1\" \/>\n<link rel=\"canonical\" href=\"https:\/\/milano-sanremo.org\/es\/1626-2\/\" \/>\n<meta property=\"og:locale\" content=\"es_ES\" \/>\n<meta property=\"og:type\" content=\"article\" \/>\n<meta property=\"og:title\" content=\"INFORMACI\u00d3N | MILANO SANREMO AMATORI 2026 | MIL\u00c1N SANREMO AMATEUR 7 DE JUNIO DE 2026 | SITIO OFICIAL\" \/>\n<meta property=\"og:description\" content=\"INFORMACI\u00d3N\" \/>\n<meta property=\"og:url\" content=\"https:\/\/milano-sanremo.org\/es\/1626-2\/\" \/>\n<meta property=\"og:site_name\" content=\"MILANO SANREMO AMATORI 2026\" \/>\n<meta property=\"article:modified_time\" content=\"2014-11-10T17:42:34+00:00\" \/>\n<meta name=\"twitter:card\" content=\"summary_large_image\" \/>\n<script type=\"application\/ld+json\" class=\"yoast-schema-graph\">{\"@context\":\"https:\\\/\\\/schema.org\",\"@graph\":[{\"@type\":\"WebPage\",\"@id\":\"https:\\\/\\\/milano-sanremo.org\\\/es\\\/1626-2\\\/\",\"url\":\"https:\\\/\\\/milano-sanremo.org\\\/es\\\/1626-2\\\/\",\"name\":\"INFORMACI\u00d3N | MILANO SANREMO AMATORI 2026 | MIL\u00c1N SANREMO AMATEUR 7 DE JUNIO DE 2026 | SITIO OFICIAL\",\"isPartOf\":{\"@id\":\"https:\\\/\\\/milano-sanremo.org\\\/es\\\/#website\"},\"datePublished\":\"2013-06-17T06:35:33+00:00\",\"dateModified\":\"2014-11-10T17:42:34+00:00\",\"description\":\"INFORMACI\u00d3N\",\"breadcrumb\":{\"@id\":\"https:\\\/\\\/milano-sanremo.org\\\/es\\\/1626-2\\\/#breadcrumb\"},\"inLanguage\":\"es\",\"potentialAction\":[{\"@type\":\"ReadAction\",\"target\":[\"https:\\\/\\\/milano-sanremo.org\\\/es\\\/1626-2\\\/\"]}]},{\"@type\":\"BreadcrumbList\",\"@id\":\"https:\\\/\\\/milano-sanremo.org\\\/es\\\/1626-2\\\/#breadcrumb\",\"itemListElement\":[{\"@type\":\"ListItem\",\"position\":1,\"name\":\"Home\",\"item\":\"https:\\\/\\\/milano-sanremo.org\\\/es\\\/\"},{\"@type\":\"ListItem\",\"position\":2,\"name\":\"INFORMACI\u00d3N\"}]},{\"@type\":\"WebSite\",\"@id\":\"https:\\\/\\\/milano-sanremo.org\\\/es\\\/#website\",\"url\":\"https:\\\/\\\/milano-sanremo.org\\\/es\\\/\",\"name\":\"MILANO SANREMO AMATORI 2026\",\"description\":\"MIL\u00c1N SANREMO AMATEUR 7 DE JUNIO DE 2026 | SITIO OFICIAL\",\"potentialAction\":[{\"@type\":\"SearchAction\",\"target\":{\"@type\":\"EntryPoint\",\"urlTemplate\":\"https:\\\/\\\/milano-sanremo.org\\\/es\\\/?s={search_term_string}\"},\"query-input\":{\"@type\":\"PropertyValueSpecification\",\"valueRequired\":true,\"valueName\":\"search_term_string\"}}],\"inLanguage\":\"es\"}]}<\/script>\n<!-- \/ Yoast SEO plugin. -->","yoast_head_json":{"title":"INFORMACI\u00d3N | MILANO SANREMO AMATORI 2026 | MIL\u00c1N SANREMO AMATEUR 7 DE JUNIO DE 2026 | SITIO OFICIAL","description":"INFORMACI\u00d3N","robots":{"index":"index","follow":"follow","max-snippet":"max-snippet:-1","max-image-preview":"max-image-preview:large","max-video-preview":"max-video-preview:-1"},"canonical":"https:\/\/milano-sanremo.org\/es\/1626-2\/","og_locale":"es_ES","og_type":"article","og_title":"INFORMACI\u00d3N | MILANO SANREMO AMATORI 2026 | MIL\u00c1N SANREMO AMATEUR 7 DE JUNIO DE 2026 | SITIO OFICIAL","og_description":"INFORMACI\u00d3N","og_url":"https:\/\/milano-sanremo.org\/es\/1626-2\/","og_site_name":"MILANO SANREMO AMATORI 2026","article_modified_time":"2014-11-10T17:42:34+00:00","twitter_card":"summary_large_image","schema":{"@context":"https:\/\/schema.org","@graph":[{"@type":"WebPage","@id":"https:\/\/milano-sanremo.org\/es\/1626-2\/","url":"https:\/\/milano-sanremo.org\/es\/1626-2\/","name":"INFORMACI\u00d3N | MILANO SANREMO AMATORI 2026 | MIL\u00c1N SANREMO AMATEUR 7 DE JUNIO DE 2026 | SITIO OFICIAL","isPartOf":{"@id":"https:\/\/milano-sanremo.org\/es\/#website"},"datePublished":"2013-06-17T06:35:33+00:00","dateModified":"2014-11-10T17:42:34+00:00","description":"INFORMACI\u00d3N","breadcrumb":{"@id":"https:\/\/milano-sanremo.org\/es\/1626-2\/#breadcrumb"},"inLanguage":"es","potentialAction":[{"@type":"ReadAction","target":["https:\/\/milano-sanremo.org\/es\/1626-2\/"]}]},{"@type":"BreadcrumbList","@id":"https:\/\/milano-sanremo.org\/es\/1626-2\/#breadcrumb","itemListElement":[{"@type":"ListItem","position":1,"name":"Home","item":"https:\/\/milano-sanremo.org\/es\/"},{"@type":"ListItem","position":2,"name":"INFORMACI\u00d3N"}]},{"@type":"WebSite","@id":"https:\/\/milano-sanremo.org\/es\/#website","url":"https:\/\/milano-sanremo.org\/es\/","name":"MILANO SANREMO AMATORI 2026","description":"MIL\u00c1N SANREMO AMATEUR 7 DE JUNIO DE 2026 | SITIO OFICIAL","potentialAction":[{"@type":"SearchAction","target":{"@type":"EntryPoint","urlTemplate":"https:\/\/milano-sanremo.org\/es\/?s={search_term_string}"},"query-input":{"@type":"PropertyValueSpecification","valueRequired":true,"valueName":"search_term_string"}}],"inLanguage":"es"}]}},"_links":{"self":[{"href":"https:\/\/milano-sanremo.org\/es\/wp-json\/wp\/v2\/pages\/1626","targetHints":{"allow":["GET"]}}],"collection":[{"href":"https:\/\/milano-sanremo.org\/es\/wp-json\/wp\/v2\/pages"}],"about":[{"href":"https:\/\/milano-sanremo.org\/es\/wp-json\/wp\/v2\/types\/page"}],"author":[{"embeddable":true,"href":"https:\/\/milano-sanremo.org\/es\/wp-json\/wp\/v2\/users\/1"}],"replies":[{"embeddable":true,"href":"https:\/\/milano-sanremo.org\/es\/wp-json\/wp\/v2\/comments?post=1626"}],"version-history":[{"count":5,"href":"https:\/\/milano-sanremo.org\/es\/wp-json\/wp\/v2\/pages\/1626\/revisions"}],"predecessor-version":[{"id":2769,"href":"https:\/\/milano-sanremo.org\/es\/wp-json\/wp\/v2\/pages\/1626\/revisions\/2769"}],"wp:attachment":[{"href":"https:\/\/milano-sanremo.org\/es\/wp-json\/wp\/v2\/media?parent=1626"}],"curies":[{"name":"wp","href":"https:\/\/api.w.org\/{rel}","templated":true}]}}