{"id":1637,"date":"2013-06-17T06:43:38","date_gmt":"2013-06-17T06:43:38","guid":{"rendered":"http:\/\/milano-sanremo.org\/wordpress\/?page_id=1637"},"modified":"2024-07-16T09:40:31","modified_gmt":"2024-07-16T09:40:31","slug":"contacto","status":"publish","type":"page","link":"https:\/\/milano-sanremo.org\/es\/contacto\/","title":{"rendered":"CONTACTO"},"content":{"rendered":"<p>[et_pb_section fb_built=\u00bb1&#8243; admin_label=\u00bbsection\u00bb _builder_version=\u00bb4.16&#8243; global_colors_info=\u00bb{}\u00bb][et_pb_row admin_label=\u00bbrow\u00bb _builder_version=\u00bb4.16&#8243; background_size=\u00bbinitial\u00bb background_position=\u00bbtop_left\u00bb background_repeat=\u00bbrepeat\u00bb global_colors_info=\u00bb{}\u00bb][et_pb_column type=\u00bb4_4&#8243; _builder_version=\u00bb4.16&#8243; custom_padding=\u00bb|||\u00bb global_colors_info=\u00bb{}\u00bb custom_padding__hover=\u00bb|||\u00bb][et_pb_text admin_label=\u00bbText\u00bb _builder_version=\u00bb4.19.5&#8243; background_size=\u00bbinitial\u00bb background_position=\u00bbtop_left\u00bb background_repeat=\u00bbrepeat\u00bb hover_enabled=\u00bb0&#8243; global_colors_info=\u00bb{}\u00bb sticky_enabled=\u00bb0&#8243;]<\/p>\n<h3>Solicite informaci\u00f3n para participar en la siguiente edici\u00f3n de la marcha ciclista Mil\u00e1n-San Remo Amatori cyclosportive y organice su viaje.<\/h3>\n<p>Al rellenar este formulario declaro que he le\u00eddo y estoy de acuerdo con la informaci\u00f3n sobre procesamiento de datos personales facilitada en esta p\u00e1gina del sitio web de la agencia.<\/p>\n\n<div class=\"wpcf7 no-js\" id=\"wpcf7-f8549-o1\" lang=\"en-US\" dir=\"ltr\" data-wpcf7-id=\"8549\">\n<div class=\"screen-reader-response\"><p role=\"status\" aria-live=\"polite\" aria-atomic=\"true\"><\/p> <ul><\/ul><\/div>\n<form action=\"\/es\/wp-json\/wp\/v2\/pages\/1637#wpcf7-f8549-o1\" method=\"post\" class=\"wpcf7-form init\" aria-label=\"Contact form\" novalidate=\"novalidate\" data-status=\"init\">\n<fieldset class=\"hidden-fields-container\"><input type=\"hidden\" name=\"_wpcf7\" value=\"8549\" \/><input type=\"hidden\" name=\"_wpcf7_version\" value=\"6.1.5\" \/><input type=\"hidden\" name=\"_wpcf7_locale\" value=\"en_US\" \/><input type=\"hidden\" name=\"_wpcf7_unit_tag\" value=\"wpcf7-f8549-o1\" \/><input type=\"hidden\" name=\"_wpcf7_container_post\" value=\"0\" \/><input type=\"hidden\" name=\"_wpcf7_posted_data_hash\" value=\"\" \/>\n<\/fieldset>\n<p>\t\t<div id=\"cf7md-form\" class=\"cf7md-form\">\n\t\t\t<div class=\"mdc-layout-grid\">\n\t\t\t\t\t\t\t\t\n<\/p>\n\t\t<div class=\"cf7md-item cf7md-text mdc-layout-grid__cell mdc-layout-grid__cell--span-12\">\n\t\t\t<br \/>\n<span class=\"wpcf7-form-control-wrap\" data-name=\"your-name\"><input size=\"40\" maxlength=\"400\" class=\"wpcf7-form-control wpcf7-text wpcf7-validates-as-required\" aria-required=\"true\" aria-invalid=\"false\" value=\"\" type=\"text\" name=\"your-name\" \/><\/span><br \/>\n\t\t\t\t\t\t<div style=\"display: none;\" class=\"cf7md-text-html\">\n\t\t\t\t<div class=\"mdc-textfield\" data-mdc-auto-init=\"MDCTextfield\">\n\t\t\t\t\t<label class=\"mdc-textfield__label\">Your name<\/label>\n\t\t\t\t<\/div>\n\t\t\t<\/div>\n\t\t<\/div>\n\t\t\n\t\t<div class=\"cf7md-item cf7md-text mdc-layout-grid__cell mdc-layout-grid__cell--span-12\">\n\t\t\t<br \/>\n<span class=\"wpcf7-form-control-wrap\" data-name=\"your-email\"><input size=\"40\" maxlength=\"400\" class=\"wpcf7-form-control wpcf7-email wpcf7-validates-as-required wpcf7-text wpcf7-validates-as-email\" aria-required=\"true\" aria-invalid=\"false\" value=\"\" type=\"email\" name=\"your-email\" \/><\/span><br \/>\n\t\t\t\t\t\t<div style=\"display: none;\" class=\"cf7md-text-html\">\n\t\t\t\t<div class=\"mdc-textfield\" data-mdc-auto-init=\"MDCTextfield\">\n\t\t\t\t\t<label class=\"mdc-textfield__label\">Your email<\/label>\n\t\t\t\t<\/div>\n\t\t\t<\/div>\n\t\t<\/div>\n\t\t\n\t\t<div class=\"cf7md-item cf7md-text mdc-layout-grid__cell mdc-layout-grid__cell--span-12\">\n\t\t\t<br \/>\n<span class=\"wpcf7-form-control-wrap\" data-name=\"your-subject\"><input size=\"40\" maxlength=\"400\" class=\"wpcf7-form-control wpcf7-text wpcf7-validates-as-required\" aria-required=\"true\" aria-invalid=\"false\" value=\"\" type=\"text\" name=\"your-subject\" \/><\/span><br \/>\n\t\t\t\t\t\t<div style=\"display: none;\" class=\"cf7md-text-html\">\n\t\t\t\t<div class=\"mdc-textfield\" data-mdc-auto-init=\"MDCTextfield\">\n\t\t\t\t\t<label class=\"mdc-textfield__label\">Your Subject<\/label>\n\t\t\t\t<\/div>\n\t\t\t<\/div>\n\t\t<\/div>\n\t\t\n\t\t<div class=\"cf7md-item cf7md-textarea mdc-layout-grid__cell mdc-layout-grid__cell--span-12 cf7md-textarea-autosize\">\n\t\t\t<br \/>\n<span class=\"wpcf7-form-control-wrap\" data-name=\"your-message\"><textarea cols=\"40\" rows=\"10\" maxlength=\"2000\" class=\"wpcf7-form-control wpcf7-textarea wpcf7-validates-as-required\" aria-required=\"true\" aria-invalid=\"false\" name=\"your-message\"><\/textarea><\/span><br \/>\n\t\t\t\t\t\t<div style=\"display: none;\" class=\"cf7md-text-html\">\n\t\t\t\t<div class=\"mdc-textfield mdc-textfield--multiline mdc-textfield--upgraded\" data-mdc-auto-init=\"MDCTextfield\">\n\t\t\t\t\t<label class=\"mdc-textfield__label\">Your message<\/label>\n\t\t\t\t<\/div>\n\t\t\t<\/div>\n\t\t<\/div>\n\t\t\n\t\t<div class=\"cf7md-item cf7md-checkbox mdc-layout-grid__cell mdc-layout-grid__cell--span-12 cf7md-list cf7md-list__stacked\">\n\t\t\t\t\t\t\t<label class=\"cf7md-label cf7md-label--static\">Privacy*<\/label>\n\t\t\t\t\t\t<br \/>\n<a href=\"http:\/\/milano-sanremo.org\/es\/1626-2\/privacy\/\" target=\"_blank\">Privacy Policy<\/a>.<br \/>\n<span class=\"wpcf7-form-control-wrap\" data-name=\"checkbox-635\"><span class=\"wpcf7-form-control wpcf7-checkbox wpcf7-validates-as-required\"><span class=\"wpcf7-list-item first last\"><input type=\"checkbox\" name=\"checkbox-635&#091;&#093;\" value=\"I do accept the privacy policy.\" \/><span class=\"wpcf7-list-item-label\">I do accept the privacy policy.<\/span><\/span><\/span><\/span><br \/>\n<span class=\"wpcf7-form-control-wrap\" data-name=\"checkbox-636\"><span class=\"wpcf7-form-control wpcf7-checkbox wpcf7-validates-as-required\"><span class=\"wpcf7-list-item first last\"><input type=\"checkbox\" name=\"checkbox-636&#091;&#093;\" value=\"I do accept to receive information about the event and the destination.\" \/><span class=\"wpcf7-list-item-label\">I do accept to receive information about the event and the destination.<\/span><\/span><\/span><\/span><br \/>\n\t\t\t<div style=\"display: none;\" class=\"cf7md-checkbox-html\">\n\t\t\t\t<div class=\"mdc-checkbox__background\">\n\t\t\t\t\t<svg version=\"1.1\"\n\t\t\t\t\t\tclass=\"mdc-checkbox__checkmark\"\n\t\t\t\t\t\txmlns=\"http:\/\/www.w3.org\/2000\/svg\"\n\t\t\t\t\t\tviewBox=\"0 0 24 24\"\n\t\t\t\t\t\txml:space=\"preserve\">\n\t\t\t\t\t\t<path class=\"mdc-checkbox__checkmark__path\"\n\t\t\t\t\t\t\tfill=\"none\"\n\t\t\t\t\t\t\tstroke=\"white\"\n\t\t\t\t\t\t\td=\"M1.73,12.91 8.1,19.28 22.79,4.59\"\/>\n\t\t\t\t\t<\/svg>\n\t\t\t\t\t<div class=\"mdc-checkbox__mixedmark\"><\/div>\n\t\t\t\t<\/div>\n\t\t\t<\/div>\n\t\t\t\t\t<\/div>\n\t\t\n\t\t<div class=\"cf7md-item cf7md-submit mdc-layout-grid__cell mdc-layout-grid__cell--span-12\">\n\t\t\t<br \/>\n<input class=\"wpcf7-form-control wpcf7-submit has-spinner\" type=\"submit\" value=\"Send\" \/><br \/>\n\t\t\t<svg class=\"cf7md-spinner\" width=\"25px\" height=\"25px\" viewBox=\"0 0 66 66\" xmlns=\"http:\/\/www.w3.org\/2000\/svg\">\n\t\t\t\t<circle class=\"cf7md-spinner-path\" fill=\"none\" stroke-width=\"6\" stroke-linecap=\"round\" cx=\"33\" cy=\"33\" r=\"30\"><\/circle>\n\t\t\t<\/svg>\n\t\t<\/div>\n\t\t\n\t\t\t\t\t\t\t<\/div>\n\t\t<\/div>\n\t\t\n<\/p><p style=\"display: none !important;\" class=\"akismet-fields-container\" data-prefix=\"_wpcf7_ak_\"><label>&#916;<textarea name=\"_wpcf7_ak_hp_textarea\" cols=\"45\" rows=\"8\" maxlength=\"100\"><\/textarea><\/label><input type=\"hidden\" id=\"ak_js_1\" name=\"_wpcf7_ak_js\" value=\"173\"\/><script>document.getElementById( \"ak_js_1\" ).setAttribute( \"value\", ( new Date() ).getTime() );<\/script><\/p><div class=\"wpcf7-response-output\" aria-hidden=\"true\"><\/div>\n<\/form>\n<\/div>\n\n<p>[\/et_pb_text][\/et_pb_column][\/et_pb_row][\/et_pb_section]<\/p>\n","protected":false},"excerpt":{"rendered":"<p>Solicite informaci\u00f3n para participar en la siguiente edici\u00f3n de la marcha ciclista Mil\u00e1n-San Remo Amatori cyclosportive y organice su viaje. Al rellenar este formulario declaro que he le\u00eddo y estoy de acuerdo con la informaci\u00f3n sobre procesamiento de datos personales facilitada en esta p\u00e1gina del sitio web de la agencia. \n<div class=\"wpcf7 no-js\" id=\"wpcf7-f8549-o2\" lang=\"en-US\" dir=\"ltr\" data-wpcf7-id=\"8549\">\n<div class=\"screen-reader-response\"><p role=\"status\" aria-live=\"polite\" aria-atomic=\"true\"><\/p> <ul><\/ul><\/div>\n<form action=\"\/es\/wp-json\/wp\/v2\/pages\/1637#wpcf7-f8549-o2\" method=\"post\" class=\"wpcf7-form init\" aria-label=\"Contact form\" novalidate=\"novalidate\" data-status=\"init\">\n<fieldset class=\"hidden-fields-container\"><input type=\"hidden\" name=\"_wpcf7\" value=\"8549\" \/><input type=\"hidden\" name=\"_wpcf7_version\" value=\"6.1.5\" \/><input type=\"hidden\" name=\"_wpcf7_locale\" value=\"en_US\" \/><input type=\"hidden\" name=\"_wpcf7_unit_tag\" value=\"wpcf7-f8549-o2\" \/><input type=\"hidden\" name=\"_wpcf7_container_post\" value=\"0\" \/><input type=\"hidden\" name=\"_wpcf7_posted_data_hash\" value=\"\" \/>\n<\/fieldset>\n<p>\t\t<div id=\"cf7md-form\" class=\"cf7md-form\">\n\t\t\t<div class=\"mdc-layout-grid\">\n\t\t\t\t\t\t\t\t\n<\/p>\n\t\t<div class=\"cf7md-item cf7md-text mdc-layout-grid__cell mdc-layout-grid__cell--span-12\">\n\t\t\t<br \/>\n<span class=\"wpcf7-form-control-wrap\" data-name=\"your-name\"><input size=\"40\" maxlength=\"400\" class=\"wpcf7-form-control wpcf7-text wpcf7-validates-as-required\" aria-required=\"true\" aria-invalid=\"false\" value=\"\" type=\"text\" name=\"your-name\" \/><\/span><br \/>\n\t\t\t\t\t\t<div style=\"display: none;\" class=\"cf7md-text-html\">\n\t\t\t\t<div class=\"mdc-textfield\" data-mdc-auto-init=\"MDCTextfield\">\n\t\t\t\t\t<label class=\"mdc-textfield__label\">Your name<\/label>\n\t\t\t\t<\/div>\n\t\t\t<\/div>\n\t\t<\/div>\n\t\t\n\t\t<div class=\"cf7md-item cf7md-text mdc-layout-grid__cell mdc-layout-grid__cell--span-12\">\n\t\t\t<br \/>\n<span class=\"wpcf7-form-control-wrap\" data-name=\"your-email\"><input size=\"40\" maxlength=\"400\" class=\"wpcf7-form-control wpcf7-email wpcf7-validates-as-required wpcf7-text wpcf7-validates-as-email\" aria-required=\"true\" aria-invalid=\"false\" value=\"\" type=\"email\" name=\"your-email\" \/><\/span><br \/>\n\t\t\t\t\t\t<div style=\"display: none;\" class=\"cf7md-text-html\">\n\t\t\t\t<div class=\"mdc-textfield\" data-mdc-auto-init=\"MDCTextfield\">\n\t\t\t\t\t<label class=\"mdc-textfield__label\">Your email<\/label>\n\t\t\t\t<\/div>\n\t\t\t<\/div>\n\t\t<\/div>\n\t\t\n\t\t<div class=\"cf7md-item cf7md-text mdc-layout-grid__cell mdc-layout-grid__cell--span-12\">\n\t\t\t<br \/>\n<span class=\"wpcf7-form-control-wrap\" data-name=\"your-subject\"><input size=\"40\" maxlength=\"400\" class=\"wpcf7-form-control wpcf7-text wpcf7-validates-as-required\" aria-required=\"true\" aria-invalid=\"false\" value=\"\" type=\"text\" name=\"your-subject\" \/><\/span><br \/>\n\t\t\t\t\t\t<div style=\"display: none;\" class=\"cf7md-text-html\">\n\t\t\t\t<div class=\"mdc-textfield\" data-mdc-auto-init=\"MDCTextfield\">\n\t\t\t\t\t<label class=\"mdc-textfield__label\">Your Subject<\/label>\n\t\t\t\t<\/div>\n\t\t\t<\/div>\n\t\t<\/div>\n\t\t\n\t\t<div class=\"cf7md-item cf7md-textarea mdc-layout-grid__cell mdc-layout-grid__cell--span-12 cf7md-textarea-autosize\">\n\t\t\t<br \/>\n<span class=\"wpcf7-form-control-wrap\" data-name=\"your-message\"><textarea cols=\"40\" rows=\"10\" maxlength=\"2000\" class=\"wpcf7-form-control wpcf7-textarea wpcf7-validates-as-required\" aria-required=\"true\" aria-invalid=\"false\" name=\"your-message\"><\/textarea><\/span><br \/>\n\t\t\t\t\t\t<div style=\"display: none;\" class=\"cf7md-text-html\">\n\t\t\t\t<div class=\"mdc-textfield mdc-textfield--multiline mdc-textfield--upgraded\" data-mdc-auto-init=\"MDCTextfield\">\n\t\t\t\t\t<label class=\"mdc-textfield__label\">Your message<\/label>\n\t\t\t\t<\/div>\n\t\t\t<\/div>\n\t\t<\/div>\n\t\t\n\t\t<div class=\"cf7md-item cf7md-checkbox mdc-layout-grid__cell mdc-layout-grid__cell--span-12 cf7md-list cf7md-list__stacked\">\n\t\t\t\t\t\t\t<label class=\"cf7md-label cf7md-label--static\">Privacy*<\/label>\n\t\t\t\t\t\t<br \/>\n<a href=\"http:\/\/milano-sanremo.org\/es\/1626-2\/privacy\/\" target=\"_blank\">Privacy Policy<\/a>.<br \/>\n<span class=\"wpcf7-form-control-wrap\" data-name=\"checkbox-635\"><span class=\"wpcf7-form-control wpcf7-checkbox wpcf7-validates-as-required\"><span class=\"wpcf7-list-item first last\"><input type=\"checkbox\" name=\"checkbox-635&#091;&#093;\" value=\"I do accept the privacy policy.\" \/><span class=\"wpcf7-list-item-label\">I do accept the privacy policy.<\/span><\/span><\/span><\/span><br \/>\n<span class=\"wpcf7-form-control-wrap\" data-name=\"checkbox-636\"><span class=\"wpcf7-form-control wpcf7-checkbox wpcf7-validates-as-required\"><span class=\"wpcf7-list-item first last\"><input type=\"checkbox\" name=\"checkbox-636&#091;&#093;\" value=\"I do accept to receive information about the event and the destination.\" \/><span class=\"wpcf7-list-item-label\">I do accept to receive information about the event and the destination.<\/span><\/span><\/span><\/span><br \/>\n\t\t\t<div style=\"display: none;\" class=\"cf7md-checkbox-html\">\n\t\t\t\t<div class=\"mdc-checkbox__background\">\n\t\t\t\t\t<svg version=\"1.1\"\n\t\t\t\t\t\tclass=\"mdc-checkbox__checkmark\"\n\t\t\t\t\t\txmlns=\"http:\/\/www.w3.org\/2000\/svg\"\n\t\t\t\t\t\tviewBox=\"0 0 24 24\"\n\t\t\t\t\t\txml:space=\"preserve\">\n\t\t\t\t\t\t<path class=\"mdc-checkbox__checkmark__path\"\n\t\t\t\t\t\t\tfill=\"none\"\n\t\t\t\t\t\t\tstroke=\"white\"\n\t\t\t\t\t\t\td=\"M1.73,12.91 8.1,19.28 22.79,4.59\"\/>\n\t\t\t\t\t<\/svg>\n\t\t\t\t\t<div class=\"mdc-checkbox__mixedmark\"><\/div>\n\t\t\t\t<\/div>\n\t\t\t<\/div>\n\t\t\t\t\t<\/div>\n\t\t\n\t\t<div class=\"cf7md-item cf7md-submit mdc-layout-grid__cell mdc-layout-grid__cell--span-12\">\n\t\t\t<br \/>\n<input class=\"wpcf7-form-control wpcf7-submit has-spinner\" type=\"submit\" value=\"Send\" \/><br \/>\n\t\t\t<svg class=\"cf7md-spinner\" width=\"25px\" height=\"25px\" viewBox=\"0 0 66 66\" xmlns=\"http:\/\/www.w3.org\/2000\/svg\">\n\t\t\t\t<circle class=\"cf7md-spinner-path\" fill=\"none\" stroke-width=\"6\" stroke-linecap=\"round\" cx=\"33\" cy=\"33\" r=\"30\"><\/circle>\n\t\t\t<\/svg>\n\t\t<\/div>\n\t\t\n\t\t\t\t\t\t\t<\/div>\n\t\t<\/div>\n\t\t\n<\/p><p style=\"display: none !important;\" class=\"akismet-fields-container\" data-prefix=\"_wpcf7_ak_\"><label>&#916;<textarea name=\"_wpcf7_ak_hp_textarea\" cols=\"45\" rows=\"8\" maxlength=\"100\"><\/textarea><\/label><input type=\"hidden\" id=\"ak_js_2\" name=\"_wpcf7_ak_js\" value=\"188\"\/><script>document.getElementById( \"ak_js_2\" ).setAttribute( \"value\", ( new Date() ).getTime() );<\/script><\/p><div class=\"wpcf7-response-output\" aria-hidden=\"true\"><\/div>\n<\/form>\n<\/div>\n<\/p>\n","protected":false},"author":1,"featured_media":0,"parent":0,"menu_order":0,"comment_status":"closed","ping_status":"closed","template":"","meta":{"_et_pb_use_builder":"on","_et_pb_old_content":"<h3>Solicite informaci\u00f3n para participar en la siguiente edici\u00f3n de la marcha ciclista Mil\u00e1n-San Remo cyclosportive y organice su viaje.<\/h3>\r\nAl rellenar este formulario declaro que he le\u00eddo y estoy de acuerdo con la informaci\u00f3n sobre procesamiento de datos personales facilitada en esta p\u00e1gina del sitio web de la agencia.\r\n\r\n[contact-form-7 id=\"8549\" title=\"Contact form Espain\"]","_et_gb_content_width":"","ngg_post_thumbnail":0,"footnotes":""},"class_list":["post-1637","page","type-page","status-publish","hentry"],"yoast_head":"<!-- This site is optimized with the Yoast SEO plugin v27.4 - https:\/\/yoast.com\/product\/yoast-seo-wordpress\/ -->\n<title>CONTACTO | MILANO SANREMO AMATORI 2026 | MIL\u00c1N SANREMO AMATEUR 7 DE JUNIO DE 2026 | SITIO OFICIAL<\/title>\n<meta name=\"description\" content=\"CONTACTO\" \/>\n<meta name=\"robots\" content=\"index, follow, max-snippet:-1, max-image-preview:large, max-video-preview:-1\" \/>\n<link rel=\"canonical\" href=\"https:\/\/milano-sanremo.org\/es\/contacto\/\" \/>\n<meta property=\"og:locale\" content=\"es_ES\" \/>\n<meta property=\"og:type\" content=\"article\" \/>\n<meta property=\"og:title\" content=\"CONTACTO | MILANO SANREMO AMATORI 2026 | MIL\u00c1N SANREMO AMATEUR 7 DE JUNIO DE 2026 | SITIO OFICIAL\" \/>\n<meta property=\"og:description\" content=\"CONTACTO\" \/>\n<meta property=\"og:url\" content=\"https:\/\/milano-sanremo.org\/es\/contacto\/\" \/>\n<meta property=\"og:site_name\" content=\"MILANO SANREMO AMATORI 2026\" \/>\n<meta property=\"article:modified_time\" content=\"2024-07-16T09:40:31+00:00\" \/>\n<meta name=\"twitter:card\" content=\"summary_large_image\" \/>\n<meta name=\"twitter:label1\" content=\"Tiempo de lectura\" \/>\n\t<meta name=\"twitter:data1\" content=\"1 minuto\" \/>\n<script type=\"application\/ld+json\" class=\"yoast-schema-graph\">{\"@context\":\"https:\\\/\\\/schema.org\",\"@graph\":[{\"@type\":\"WebPage\",\"@id\":\"https:\\\/\\\/milano-sanremo.org\\\/es\\\/contacto\\\/\",\"url\":\"https:\\\/\\\/milano-sanremo.org\\\/es\\\/contacto\\\/\",\"name\":\"CONTACTO | MILANO SANREMO AMATORI 2026 | MIL\u00c1N SANREMO AMATEUR 7 DE JUNIO DE 2026 | SITIO OFICIAL\",\"isPartOf\":{\"@id\":\"https:\\\/\\\/milano-sanremo.org\\\/es\\\/#website\"},\"datePublished\":\"2013-06-17T06:43:38+00:00\",\"dateModified\":\"2024-07-16T09:40:31+00:00\",\"description\":\"CONTACTO\",\"breadcrumb\":{\"@id\":\"https:\\\/\\\/milano-sanremo.org\\\/es\\\/contacto\\\/#breadcrumb\"},\"inLanguage\":\"es\",\"potentialAction\":[{\"@type\":\"ReadAction\",\"target\":[\"https:\\\/\\\/milano-sanremo.org\\\/es\\\/contacto\\\/\"]}]},{\"@type\":\"BreadcrumbList\",\"@id\":\"https:\\\/\\\/milano-sanremo.org\\\/es\\\/contacto\\\/#breadcrumb\",\"itemListElement\":[{\"@type\":\"ListItem\",\"position\":1,\"name\":\"Home\",\"item\":\"https:\\\/\\\/milano-sanremo.org\\\/es\\\/\"},{\"@type\":\"ListItem\",\"position\":2,\"name\":\"CONTACTO\"}]},{\"@type\":\"WebSite\",\"@id\":\"https:\\\/\\\/milano-sanremo.org\\\/es\\\/#website\",\"url\":\"https:\\\/\\\/milano-sanremo.org\\\/es\\\/\",\"name\":\"MILANO SANREMO AMATORI 2026\",\"description\":\"MIL\u00c1N SANREMO AMATEUR 7 DE JUNIO DE 2026 | SITIO OFICIAL\",\"potentialAction\":[{\"@type\":\"SearchAction\",\"target\":{\"@type\":\"EntryPoint\",\"urlTemplate\":\"https:\\\/\\\/milano-sanremo.org\\\/es\\\/?s={search_term_string}\"},\"query-input\":{\"@type\":\"PropertyValueSpecification\",\"valueRequired\":true,\"valueName\":\"search_term_string\"}}],\"inLanguage\":\"es\"}]}<\/script>\n<!-- \/ Yoast SEO plugin. -->","yoast_head_json":{"title":"CONTACTO | MILANO SANREMO AMATORI 2026 | MIL\u00c1N SANREMO AMATEUR 7 DE JUNIO DE 2026 | SITIO OFICIAL","description":"CONTACTO","robots":{"index":"index","follow":"follow","max-snippet":"max-snippet:-1","max-image-preview":"max-image-preview:large","max-video-preview":"max-video-preview:-1"},"canonical":"https:\/\/milano-sanremo.org\/es\/contacto\/","og_locale":"es_ES","og_type":"article","og_title":"CONTACTO | MILANO SANREMO AMATORI 2026 | MIL\u00c1N SANREMO AMATEUR 7 DE JUNIO DE 2026 | SITIO OFICIAL","og_description":"CONTACTO","og_url":"https:\/\/milano-sanremo.org\/es\/contacto\/","og_site_name":"MILANO SANREMO AMATORI 2026","article_modified_time":"2024-07-16T09:40:31+00:00","twitter_card":"summary_large_image","twitter_misc":{"Tiempo de lectura":"1 minuto"},"schema":{"@context":"https:\/\/schema.org","@graph":[{"@type":"WebPage","@id":"https:\/\/milano-sanremo.org\/es\/contacto\/","url":"https:\/\/milano-sanremo.org\/es\/contacto\/","name":"CONTACTO | MILANO SANREMO AMATORI 2026 | MIL\u00c1N SANREMO AMATEUR 7 DE JUNIO DE 2026 | SITIO OFICIAL","isPartOf":{"@id":"https:\/\/milano-sanremo.org\/es\/#website"},"datePublished":"2013-06-17T06:43:38+00:00","dateModified":"2024-07-16T09:40:31+00:00","description":"CONTACTO","breadcrumb":{"@id":"https:\/\/milano-sanremo.org\/es\/contacto\/#breadcrumb"},"inLanguage":"es","potentialAction":[{"@type":"ReadAction","target":["https:\/\/milano-sanremo.org\/es\/contacto\/"]}]},{"@type":"BreadcrumbList","@id":"https:\/\/milano-sanremo.org\/es\/contacto\/#breadcrumb","itemListElement":[{"@type":"ListItem","position":1,"name":"Home","item":"https:\/\/milano-sanremo.org\/es\/"},{"@type":"ListItem","position":2,"name":"CONTACTO"}]},{"@type":"WebSite","@id":"https:\/\/milano-sanremo.org\/es\/#website","url":"https:\/\/milano-sanremo.org\/es\/","name":"MILANO SANREMO AMATORI 2026","description":"MIL\u00c1N SANREMO AMATEUR 7 DE JUNIO DE 2026 | SITIO OFICIAL","potentialAction":[{"@type":"SearchAction","target":{"@type":"EntryPoint","urlTemplate":"https:\/\/milano-sanremo.org\/es\/?s={search_term_string}"},"query-input":{"@type":"PropertyValueSpecification","valueRequired":true,"valueName":"search_term_string"}}],"inLanguage":"es"}]}},"_links":{"self":[{"href":"https:\/\/milano-sanremo.org\/es\/wp-json\/wp\/v2\/pages\/1637","targetHints":{"allow":["GET"]}}],"collection":[{"href":"https:\/\/milano-sanremo.org\/es\/wp-json\/wp\/v2\/pages"}],"about":[{"href":"https:\/\/milano-sanremo.org\/es\/wp-json\/wp\/v2\/types\/page"}],"author":[{"embeddable":true,"href":"https:\/\/milano-sanremo.org\/es\/wp-json\/wp\/v2\/users\/1"}],"replies":[{"embeddable":true,"href":"https:\/\/milano-sanremo.org\/es\/wp-json\/wp\/v2\/comments?post=1637"}],"version-history":[{"count":9,"href":"https:\/\/milano-sanremo.org\/es\/wp-json\/wp\/v2\/pages\/1637\/revisions"}],"predecessor-version":[{"id":14197,"href":"https:\/\/milano-sanremo.org\/es\/wp-json\/wp\/v2\/pages\/1637\/revisions\/14197"}],"wp:attachment":[{"href":"https:\/\/milano-sanremo.org\/es\/wp-json\/wp\/v2\/media?parent=1637"}],"curies":[{"name":"wp","href":"https:\/\/api.w.org\/{rel}","templated":true}]}}