{"id":1708,"date":"2013-06-17T08:28:03","date_gmt":"2013-06-17T08:28:03","guid":{"rendered":"http:\/\/milano-sanremo.org\/wordpress\/?page_id=1708"},"modified":"2018-12-19T11:51:14","modified_gmt":"2018-12-19T11:51:14","slug":"hoteles-2","status":"publish","type":"page","link":"https:\/\/milano-sanremo.org\/es\/hoteles\/hoteles-2\/","title":{"rendered":"HOTELES"},"content":{"rendered":"<h2>Hemos llegado al mejor de los acuerdos con hoteles situados en Mil\u00e1n y San Remo, para que los participantes en el recorrido ciclotur\u00edstico de gran fondo Mil\u00e1n-San Remo disfruten de las mejores condiciones posibles, reservadas exclusivamente para ellos.<\/h2>\n<h4>Disponemos EN EXCLUSIVA de todos los hoteles publicitados en el sitio web, que ofrecen TARIFAS ESPECIALES a los participantes en el evento gracias a que gestionamos directamente un elevado n\u00famero de estancias.<\/h4>\n<p style=\"text-align: center;\"><a href='https:\/\/booking.milano-sanremo.org\/index.php?lang=es' class='small-button smallbluebtn_red'>\u00a1RESERVE YA!<\/a><\/p>\n<p>&nbsp;<\/p>\n<p><strong>TARIFAS ESPECIALES<br \/>\n<\/strong>V\u00e1lidas \u00fanicamente para reservas efectuadas directamente en nuestra web.<\/p>\n<p>&nbsp;<\/p>\n<table>\n<thead>\n<tr>\n<th style=\"width: 15%; background-color: red;\"><span style=\"font-size: 12px; color: white;\">lugar<\/span><\/th>\n<th style=\"width: 15%; background-color: red;\"><span style=\"font-size: 12px; color: white;\">alojamiento<\/span><\/th>\n<th style=\"width: 15%; background-color: red;\"><span style=\"font-size: 12px; color: white;\">CAMA COMPARTIDA<\/span><\/th>\n<th style=\"width: 15%; background-color: red;\"><span style=\"font-size: 12px; color: white;\">HAB. SENCILLA<\/span><\/th>\n<th style=\"width: 15%; background-color: red;\"><span style=\"font-size: 12px; color: white;\">HAB. DOBLE o MATRIM.<\/span><\/th>\n<th style=\"width: 15%; background-color: red;\"><span style=\"font-size: 12px; color: white;\">HAB. 3 CAMAS<\/span><\/th>\n<\/tr>\n<\/thead>\n<tbody>\n<tr>\n<td>HOTEL RIPAMONTI, MIL\u00c1N<\/td>\n<td>s\u00f3lo desayuno<\/td>\n<td style=\"text-align: center;\">66.00\u20ac<\/td>\n<td style=\"text-align: center;\">95.00\u20ac<\/td>\n<td style=\"text-align: center;\">57.50\u20ac<\/td>\n<td style=\"text-align: center;\">58.30\u20ac<\/td>\n<\/tr>\n<tr>\n<td>&nbsp;<\/td>\n<td>media pensi\u00f3n<\/td>\n<td style=\"text-align: center;\">95.00\u20ac<\/td>\n<td style=\"text-align: center;\">124.00\u20ac<\/td>\n<td style=\"text-align: center;\">86.50\u20ac<\/td>\n<td style=\"text-align: center;\">87.30\u20ac<\/td>\n<\/tr>\n<tr>\n<td>HOTEL en SAN REMO<\/td>\n<td>s\u00f3lo desayuno<\/td>\n<td style=\"text-align: center;\">62.00 \u20ac<\/td>\n<td style=\"text-align: center;\">78.00 \u20ac<\/td>\n<td style=\"text-align: center;\">54.00 \u20ac<\/td>\n<td style=\"text-align: center;\">36.00 \u20ac<\/td>\n<\/tr>\n<tr>\n<td>&nbsp;<\/td>\n<td>media pensi\u00f3n<\/td>\n<td style=\"text-align: center;\">84.00 \u20ac<\/td>\n<td style=\"text-align: center;\">100.00 \u20ac<\/td>\n<td style=\"text-align: center;\">76.00 \u20ac<\/td>\n<td style=\"text-align: center;\">68.00 \u20ac<\/td>\n<\/tr>\n<\/tbody>\n<\/table>\n<p>&nbsp;<\/p>\n<p style=\"text-align: center;\"><strong>*Los precios mostrados son por persona y d\u00eda<\/strong><\/p>\n<p style=\"text-align: center;\"><strong>Impuesto tur\u00edstico de 2,40 \u20ac no incluido: se abona in situ.<\/strong><\/p>\n<p><strong>Tarifa por reserva anticipada<\/strong><\/p>\n<p>La tarifa por reserva anticipada se aplicar\u00e1 a las reservas realizadas y abonadas en su totalidad a fecha de 31 de enero. La tarifa por reserva anticipada no es reembolsable en ninguna circunstancia.<\/p>\n<table>\n<thead>\n<tr>\n<th style=\"width: 15%; background-color: red;\"><span style=\"font-size: 12px; color: white;\">lugar<\/span><\/th>\n<th style=\"width: 15%; background-color: red;\"><span style=\"font-size: 12px; color: white;\">alojamiento<\/span><\/th>\n<th style=\"width: 15%; background-color: red;\"><span style=\"font-size: 12px; color: white;\">CAMA COMPARTIDA<\/span><\/th>\n<th style=\"width: 15%; background-color: red;\"><span style=\"font-size: 12px; color: white;\">HAB. SENCILLA<\/span><\/th>\n<th style=\"width: 15%; background-color: red;\"><span style=\"font-size: 12px; color: white;\">HAB. DOBLE o MATRIM.<\/span><\/th>\n<th style=\"width: 15%; background-color: red;\"><span style=\"font-size: 12px; color: white;\">HAB. 3 CAMAS<\/span><\/th>\n<\/tr>\n<\/thead>\n<tbody>\n<tr>\n<td>HOTEL RIPAMONTI, MIL\u00c1N<\/td>\n<td>s\u00f3lo desayuno<\/td>\n<td style=\"text-align: center;\">60.00 \u20ac<\/td>\n<td style=\"text-align: center;\">86.00 \u20ac<\/td>\n<td style=\"text-align: center;\">52.00 \u20ac<\/td>\n<td style=\"text-align: center;\">52.60 \u20ac<\/td>\n<\/tr>\n<tr>\n<td>&nbsp;<\/td>\n<td>media pensi\u00f3n<\/td>\n<td style=\"text-align: center;\">88.00 \u20ac<\/td>\n<td style=\"text-align: center;\">114.00 \u20ac<\/td>\n<td style=\"text-align: center;\">80.00 \u20ac<\/td>\n<td style=\"text-align: center;\">80.60 \u20ac<\/td>\n<\/tr>\n<tr>\n<td>HOTEL en SAN REMO<\/td>\n<td>s\u00f3lo desayuno<\/td>\n<td style=\"text-align: center;\">56.00 \u20ac<\/td>\n<td style=\"text-align: center;\">70.00 \u20ac<\/td>\n<td style=\"text-align: center;\">48.50 \u20ac<\/td>\n<td style=\"text-align: center;\">41.30 \u20ac<\/td>\n<\/tr>\n<tr>\n<td>&nbsp;<\/td>\n<td>media pensi\u00f3n<\/td>\n<td style=\"text-align: center;\">78.00 \u20ac<\/td>\n<td style=\"text-align: center;\">92.00 \u20ac<\/td>\n<td style=\"text-align: center;\">70.50 \u20ac<\/td>\n<td style=\"text-align: center;\">63.30 \u20ac<\/td>\n<\/tr>\n<\/tbody>\n<\/table>\n<p>&nbsp;<\/p>\n<h3>Facilidades de nuestros hoteles en MIL\u00c1N:<\/h3>\n<ul>\n<li>posibilidad de tener la bicicleta en la habitaci\u00f3n o en otro espacio cerrado seguro.<\/li>\n<li>desayuno el d\u00eda de la carrera en dos horarios, a las 4:30 y 5: 30, con pasta y arroz para cubrir sus necesidades de carbohidratos.<\/li>\n<\/ul>\n<p><strong>En SAN REMO se facilitar\u00e1 lo siguiente:<\/strong><\/p>\n<ul>\n<li>\n<p style=\"margin-bottom: 0cm;\">transporte gratuito desde el Palafiori (meta de la prueba) a los hoteles asociados, para el corredor y su bicicleta.<\/p>\n<\/li>\n<li>posibilidad de meter la bicicleta en la habitaci\u00f3n o en otro espacio cerrado seguro.<\/li>\n<li>cena con horario flexible hasta las 21:30 el d\u00eda de la carrera (para quienes elijan media pensi\u00f3n).<\/li>\n<\/ul>\n<p><span style=\"text-decoration: underline;\">Nota importante:<\/span><br \/>\nTeniendo en cuenta el notable aumento de afluencia al evento, estamos llegando a un mayor n\u00famero de acuerdos hoteleros que en a\u00f1os anteriores. Sin embargo, puede que sea necesario establecer nuevos acuerdos a lo largo del a\u00f1o con otros hoteles, informaci\u00f3n que ser\u00e1 publicada en el sitio web en su momento.<\/p>\n<p>Tambi\u00e9n puede ocurrir que, en ocasiones, no sea posible facilitar a todos los participantes su primera opci\u00f3n entre las preferencias de reserva, por ejemplo, respecto al tipo de camas disponibles en habitaciones dobles (cama de matrimonio o dos camas).<\/p>\n<p>&nbsp;<\/p>\n<p><strong>CUP\u00d3N DEL HOTEL (VOUCHER)<br \/>\n<\/strong>El hotel se asignar\u00e1 entre 15 y 20 d\u00edas antes de la prueba.<\/p>\n<p>Unos 15 d\u00edas antes de la carrera, los&nbsp;<strong>cupones para los hoteles<\/strong>&nbsp;estar\u00e1n disponibles en la secci\u00f3n de inscripci\u00f3n del sitio web y deber\u00e1n entregarse al personal de recepci\u00f3n a la llegada.<\/p>\n<ol>\n<li>Pulse el bot\u00f3n \u00abInscripci\u00f3n\u00bb (\u00abiscriviti\u00bb).<\/li>\n<li>Introduzca sus credenciales (nombre de usuario y contrase\u00f1a).<\/li>\n<li>Haga clic en el enlace Reservas en el Men\u00fa de usuario.<\/li>\n<li>Haga clic en el enlace \u00abCup\u00f3n hotel San Remo\u00bb o \u00abCup\u00f3n hotel Milan\u00bb.<\/li>\n<li>Imprima el cup\u00f3n.<\/li>\n<\/ol>\n<p>&nbsp;<\/p>\n<p><strong>PENALIZACIONES POR CANCELACI\u00d3N<\/strong><\/p>\n<p>Por favor, lea detenidamente la Pol\u00edtica de reservas sobre este producto en la <a href=\"https:\/\/milano-sanremo.org\/es\/1626-2\/politica-de-reserva\/\" target=\"_blank\" rel=\"noopener\">siguiente p\u00e1gina<\/a>.<\/p>\n","protected":false},"excerpt":{"rendered":"<p>Hemos llegado al mejor de los acuerdos con hoteles situados en Mil\u00e1n y San Remo, para que los participantes en el recorrido ciclotur\u00edstico de gran fondo Mil\u00e1n-San Remo disfruten de las mejores condiciones posibles, reservadas exclusivamente para ellos. Disponemos EN EXCLUSIVA de todos los hoteles publicitados en el sitio web, que ofrecen TARIFAS ESPECIALES a [&hellip;]<\/p>\n","protected":false},"author":1,"featured_media":0,"parent":1696,"menu_order":0,"comment_status":"closed","ping_status":"closed","template":"","meta":{"_et_pb_use_builder":"","_et_pb_old_content":"","_et_gb_content_width":"","ngg_post_thumbnail":0,"footnotes":""},"class_list":["post-1708","page","type-page","status-publish","hentry"],"yoast_head":"<!-- This site is optimized with the Yoast SEO plugin v27.4 - https:\/\/yoast.com\/product\/yoast-seo-wordpress\/ -->\n<title>HOTELES | MILANO SANREMO AMATORI 2026 | MIL\u00c1N SANREMO AMATEUR 7 DE JUNIO DE 2026 | SITIO OFICIAL<\/title>\n<meta name=\"description\" content=\"HOTELES\" \/>\n<meta name=\"robots\" content=\"index, follow, max-snippet:-1, max-image-preview:large, max-video-preview:-1\" \/>\n<link rel=\"canonical\" href=\"https:\/\/milano-sanremo.org\/es\/hoteles\/hoteles-2\/\" \/>\n<meta property=\"og:locale\" content=\"es_ES\" \/>\n<meta property=\"og:type\" content=\"article\" \/>\n<meta property=\"og:title\" content=\"HOTELES | MILANO SANREMO AMATORI 2026 | MIL\u00c1N SANREMO AMATEUR 7 DE JUNIO DE 2026 | SITIO OFICIAL\" \/>\n<meta property=\"og:description\" content=\"HOTELES\" \/>\n<meta property=\"og:url\" content=\"https:\/\/milano-sanremo.org\/es\/hoteles\/hoteles-2\/\" \/>\n<meta property=\"og:site_name\" content=\"MILANO SANREMO AMATORI 2026\" \/>\n<meta property=\"article:modified_time\" content=\"2018-12-19T11:51:14+00:00\" \/>\n<meta name=\"twitter:card\" content=\"summary_large_image\" \/>\n<meta name=\"twitter:label1\" content=\"Tiempo de lectura\" \/>\n\t<meta name=\"twitter:data1\" content=\"3 minutos\" \/>\n<script type=\"application\/ld+json\" class=\"yoast-schema-graph\">{\"@context\":\"https:\\\/\\\/schema.org\",\"@graph\":[{\"@type\":\"WebPage\",\"@id\":\"https:\\\/\\\/milano-sanremo.org\\\/es\\\/hoteles\\\/hoteles-2\\\/\",\"url\":\"https:\\\/\\\/milano-sanremo.org\\\/es\\\/hoteles\\\/hoteles-2\\\/\",\"name\":\"HOTELES | MILANO SANREMO AMATORI 2026 | MIL\u00c1N SANREMO AMATEUR 7 DE JUNIO DE 2026 | SITIO OFICIAL\",\"isPartOf\":{\"@id\":\"https:\\\/\\\/milano-sanremo.org\\\/es\\\/#website\"},\"datePublished\":\"2013-06-17T08:28:03+00:00\",\"dateModified\":\"2018-12-19T11:51:14+00:00\",\"description\":\"HOTELES\",\"breadcrumb\":{\"@id\":\"https:\\\/\\\/milano-sanremo.org\\\/es\\\/hoteles\\\/hoteles-2\\\/#breadcrumb\"},\"inLanguage\":\"es\",\"potentialAction\":[{\"@type\":\"ReadAction\",\"target\":[\"https:\\\/\\\/milano-sanremo.org\\\/es\\\/hoteles\\\/hoteles-2\\\/\"]}]},{\"@type\":\"BreadcrumbList\",\"@id\":\"https:\\\/\\\/milano-sanremo.org\\\/es\\\/hoteles\\\/hoteles-2\\\/#breadcrumb\",\"itemListElement\":[{\"@type\":\"ListItem\",\"position\":1,\"name\":\"Home\",\"item\":\"https:\\\/\\\/milano-sanremo.org\\\/es\\\/\"},{\"@type\":\"ListItem\",\"position\":2,\"name\":\"VIAJAR\",\"item\":\"https:\\\/\\\/milano-sanremo.org\\\/es\\\/viaggio\\\/\"},{\"@type\":\"ListItem\",\"position\":3,\"name\":\"HOTELES\"}]},{\"@type\":\"WebSite\",\"@id\":\"https:\\\/\\\/milano-sanremo.org\\\/es\\\/#website\",\"url\":\"https:\\\/\\\/milano-sanremo.org\\\/es\\\/\",\"name\":\"MILANO SANREMO AMATORI 2026\",\"description\":\"MIL\u00c1N SANREMO AMATEUR 7 DE JUNIO DE 2026 | SITIO OFICIAL\",\"potentialAction\":[{\"@type\":\"SearchAction\",\"target\":{\"@type\":\"EntryPoint\",\"urlTemplate\":\"https:\\\/\\\/milano-sanremo.org\\\/es\\\/?s={search_term_string}\"},\"query-input\":{\"@type\":\"PropertyValueSpecification\",\"valueRequired\":true,\"valueName\":\"search_term_string\"}}],\"inLanguage\":\"es\"}]}<\/script>\n<!-- \/ Yoast SEO plugin. -->","yoast_head_json":{"title":"HOTELES | MILANO SANREMO AMATORI 2026 | MIL\u00c1N SANREMO AMATEUR 7 DE JUNIO DE 2026 | SITIO OFICIAL","description":"HOTELES","robots":{"index":"index","follow":"follow","max-snippet":"max-snippet:-1","max-image-preview":"max-image-preview:large","max-video-preview":"max-video-preview:-1"},"canonical":"https:\/\/milano-sanremo.org\/es\/hoteles\/hoteles-2\/","og_locale":"es_ES","og_type":"article","og_title":"HOTELES | MILANO SANREMO AMATORI 2026 | MIL\u00c1N SANREMO AMATEUR 7 DE JUNIO DE 2026 | SITIO OFICIAL","og_description":"HOTELES","og_url":"https:\/\/milano-sanremo.org\/es\/hoteles\/hoteles-2\/","og_site_name":"MILANO SANREMO AMATORI 2026","article_modified_time":"2018-12-19T11:51:14+00:00","twitter_card":"summary_large_image","twitter_misc":{"Tiempo de lectura":"3 minutos"},"schema":{"@context":"https:\/\/schema.org","@graph":[{"@type":"WebPage","@id":"https:\/\/milano-sanremo.org\/es\/hoteles\/hoteles-2\/","url":"https:\/\/milano-sanremo.org\/es\/hoteles\/hoteles-2\/","name":"HOTELES | MILANO SANREMO AMATORI 2026 | MIL\u00c1N SANREMO AMATEUR 7 DE JUNIO DE 2026 | SITIO OFICIAL","isPartOf":{"@id":"https:\/\/milano-sanremo.org\/es\/#website"},"datePublished":"2013-06-17T08:28:03+00:00","dateModified":"2018-12-19T11:51:14+00:00","description":"HOTELES","breadcrumb":{"@id":"https:\/\/milano-sanremo.org\/es\/hoteles\/hoteles-2\/#breadcrumb"},"inLanguage":"es","potentialAction":[{"@type":"ReadAction","target":["https:\/\/milano-sanremo.org\/es\/hoteles\/hoteles-2\/"]}]},{"@type":"BreadcrumbList","@id":"https:\/\/milano-sanremo.org\/es\/hoteles\/hoteles-2\/#breadcrumb","itemListElement":[{"@type":"ListItem","position":1,"name":"Home","item":"https:\/\/milano-sanremo.org\/es\/"},{"@type":"ListItem","position":2,"name":"VIAJAR","item":"https:\/\/milano-sanremo.org\/es\/viaggio\/"},{"@type":"ListItem","position":3,"name":"HOTELES"}]},{"@type":"WebSite","@id":"https:\/\/milano-sanremo.org\/es\/#website","url":"https:\/\/milano-sanremo.org\/es\/","name":"MILANO SANREMO AMATORI 2026","description":"MIL\u00c1N SANREMO AMATEUR 7 DE JUNIO DE 2026 | SITIO OFICIAL","potentialAction":[{"@type":"SearchAction","target":{"@type":"EntryPoint","urlTemplate":"https:\/\/milano-sanremo.org\/es\/?s={search_term_string}"},"query-input":{"@type":"PropertyValueSpecification","valueRequired":true,"valueName":"search_term_string"}}],"inLanguage":"es"}]}},"_links":{"self":[{"href":"https:\/\/milano-sanremo.org\/es\/wp-json\/wp\/v2\/pages\/1708","targetHints":{"allow":["GET"]}}],"collection":[{"href":"https:\/\/milano-sanremo.org\/es\/wp-json\/wp\/v2\/pages"}],"about":[{"href":"https:\/\/milano-sanremo.org\/es\/wp-json\/wp\/v2\/types\/page"}],"author":[{"embeddable":true,"href":"https:\/\/milano-sanremo.org\/es\/wp-json\/wp\/v2\/users\/1"}],"replies":[{"embeddable":true,"href":"https:\/\/milano-sanremo.org\/es\/wp-json\/wp\/v2\/comments?post=1708"}],"version-history":[{"count":34,"href":"https:\/\/milano-sanremo.org\/es\/wp-json\/wp\/v2\/pages\/1708\/revisions"}],"predecessor-version":[{"id":9586,"href":"https:\/\/milano-sanremo.org\/es\/wp-json\/wp\/v2\/pages\/1708\/revisions\/9586"}],"up":[{"embeddable":true,"href":"https:\/\/milano-sanremo.org\/es\/wp-json\/wp\/v2\/pages\/1696"}],"wp:attachment":[{"href":"https:\/\/milano-sanremo.org\/es\/wp-json\/wp\/v2\/media?parent=1708"}],"curies":[{"name":"wp","href":"https:\/\/api.w.org\/{rel}","templated":true}]}}