{"id":1751,"date":"2013-06-17T09:57:15","date_gmt":"2013-06-17T09:57:15","guid":{"rendered":"http:\/\/milano-sanremo.org\/wordpress\/?page_id=1751"},"modified":"2026-03-25T13:16:49","modified_gmt":"2026-03-25T13:16:49","slug":"nyala-bike-hotel-5","status":"publish","type":"page","link":"https:\/\/milano-sanremo.org\/es\/hoteles\/hoteles-2\/nyala-bike-hotel-5\/","title":{"rendered":"HOTEL EN SAN REMO"},"content":{"rendered":"<p>[et_pb_section fb_built=\u00bb1&#8243; admin_label=\u00bbsection\u00bb _builder_version=\u00bb4.16&#8243; global_colors_info=\u00bb{}\u00bb][et_pb_row _builder_version=\u00bb4.19.5&#8243; background_size=\u00bbinitial\u00bb background_position=\u00bbtop_left\u00bb background_repeat=\u00bbrepeat\u00bb locked=\u00bboff\u00bb global_colors_info=\u00bb{}\u00bb][et_pb_column type=\u00bb4_4&#8243; _builder_version=\u00bb4.16&#8243; custom_padding=\u00bb|||\u00bb global_colors_info=\u00bb{}\u00bb custom_padding__hover=\u00bb|||\u00bb][et_pb_text admin_label=\u00bbSottotitolo\u00bb _builder_version=\u00bb4.19.5&#8243; background_size=\u00bbinitial\u00bb background_position=\u00bbtop_left\u00bb background_repeat=\u00bbrepeat\u00bb global_colors_info=\u00bb{}\u00bb]<\/p>\n<h2 style=\"text-align: center;\">RESERVE SU HOTEL A PRECIOS ESPECIALES S\u00d3LO EN NUESTRO SITIO WEB<\/h2>\n<p>[\/et_pb_text][et_pb_text admin_label=\u00bbServizi\u00bb _builder_version=\u00bb4.19.5&#8243; _module_preset=\u00bbdefault\u00bb global_colors_info=\u00bb{}\u00bb]<\/p>\n<h3><span style=\"color: #ff0000;\">SERVICIOS EXCLUSIVOS RESERVADOS A LOS PARTICIPANTES QUE RESERVEN EN NUESTRO SITIO WEB<\/span><\/h3>\n<ul>\n<li><strong><span style=\"color: #ff0000; font-size: large;\">transporte gratuito desde el Palafiori (meta de la prueba) a los hoteles asociados, para el corredor y su bicicleta.<br \/><\/span><\/strong><\/li>\n<li><strong><span style=\"color: #ff0000; font-size: large;\">posibilidad de meter la bicicleta en la habitaci\u00f3n o en otro espacio cerrado seguro.<\/span><\/strong><\/li>\n<li><strong><span style=\"color: #ff0000; font-size: large;\">cena con horario flexible hasta las 21:30 el d\u00eda de la carrera (para quienes elijan media pensi\u00f3n).<\/span><\/strong><\/li>\n<\/ul>\n<p>Nota importante:<br \/>Puede ocurrir que, en ocasiones, no sea posible facilitar a todos los participantes su primera opci\u00f3n entre las preferencias de reserva, por ejemplo, respecto al tipo de camas disponibles en habitaciones dobles (cama de matrimonio o dos camas).<\/p>\n<p>[\/et_pb_text][\/et_pb_column][\/et_pb_row][et_pb_row _builder_version=\u00bb4.19.5&#8243; _module_preset=\u00bbdefault\u00bb width=\u00bb100%\u00bb locked=\u00bboff\u00bb global_colors_info=\u00bb{}\u00bb][et_pb_column type=\u00bb4_4&#8243; _builder_version=\u00bb4.19.5&#8243; _module_preset=\u00bbdefault\u00bb global_colors_info=\u00bb{}\u00bb][et_pb_text admin_label=\u00bbSottotitolo\u00bb _builder_version=\u00bb4.19.5&#8243; background_size=\u00bbinitial\u00bb background_position=\u00bbtop_left\u00bb background_repeat=\u00bbrepeat\u00bb global_colors_info=\u00bb{}\u00bb]<\/p>\n<h2 style=\"text-align: center;\">BIKE HOTEL SANREMO &#8211;  Exclusivo para el evento<\/h2>\n<p>[\/et_pb_text][et_pb_pricing_tables featured_table_header_background_color=\u00bb#E02B20&#8243; header_background_color=\u00bb#E02B20&#8243; _builder_version=\u00bb4.19.5&#8243; _module_preset=\u00bbdefault\u00bb body_text_align=\u00bbcenter\u00bb width=\u00bb100%\u00bb custom_padding=\u00bb0px|||||\u00bb locked=\u00bboff\u00bb global_colors_info=\u00bb{}\u00bb][et_pb_pricing_table title=\u00bbHabitaci\u00f3n doble de uso individual\u00bb currency=\u00bb\u20ac\u00bb per=\u00bbpor persona y noche\u00bb sum=\u00bb180,00&#8243; button_url=\u00bbhttps:\/\/www.runtosanremo.it\/granfondo-milano-sanremo\/\u00bb url_new_window=\u00bbon\u00bb button_text=\u00bbRESERVAR AHORA\u00bb header_background_color=\u00bb#E02B20&#8243; _builder_version=\u00bb4.19.5&#8243; _module_preset=\u00bbdefault\u00bb header_level=\u00bbh1&#8243; custom_padding=\u00bb10px||||false|false\u00bb global_colors_info=\u00bb{}\u00bb sticky_transition=\u00bbon\u00bb]Nuestra exclusiva para el evento MILANO SANREMO CYCLOSPORTIVE.<\/p>\n<p>Soluci\u00f3n: Habitaci\u00f3n doble de uso individual (para 1 persona)<br \/>\nDesayuno incluido[\/et_pb_pricing_table][et_pb_pricing_table title=\u00bbHabitaci\u00f3n doble\u00bb currency=\u00bb\u20ac\u00bb per=\u00bbpor persona y noche\u00bb sum=\u00bb140,00&#8243; button_url=\u00bbhttps:\/\/www.runtosanremo.it\/granfondo-milano-sanremo\/\u00bb url_new_window=\u00bbon\u00bb button_text=\u00bb RESERVAR AHORA\u00bb header_background_color=\u00bb#E02B20&#8243; _builder_version=\u00bb4.19.5&#8243; _module_preset=\u00bbdefault\u00bb header_level=\u00bbh1&#8243; custom_padding=\u00bb10px||||false|false\u00bb global_colors_info=\u00bb{}\u00bb sticky_transition=\u00bbon\u00bb]Nuestra exclusiva para el evento MILANO SANREMO CYCLOSPORTIVE.<\/p>\n<p>Soluci\u00f3n: Habitaci\u00f3n doble (para 2 personas)<br \/>\nDesayuno incluido[\/et_pb_pricing_table][\/et_pb_pricing_tables][et_pb_text admin_label=\u00bbinformazioni\u00bb _builder_version=\u00bb4.19.5&#8243; background_size=\u00bbinitial\u00bb background_position=\u00bbtop_left\u00bb background_repeat=\u00bbrepeat\u00bb global_colors_info=\u00bb{}\u00bb]<\/p>\n<p><strong>Impuesto tur\u00edstico de 2,40 \u20ac no incluido: se abona in situ.<\/strong><\/p>\n<h4>CUP\u00d3N DEL HOTEL (VOUCHER)<\/h4>\n<p>El hotel se asignar\u00e1 entre 15 y 20 d\u00edas antes de la prueba.<br \/>\nEl CUP\u00d3N ser\u00e1 enviado por correo electr\u00f3nico\n<\/p>\n<h4>PENALIZACIONES POR CANCELACI\u00d3N<\/h4>\n<p>Por favor, lea detenidamente la Pol\u00edtica de reservas sobre este producto en la <a href=\"https:\/\/milano-sanremo.org\/es\/1626-2\/politica-de-reserva\/\" target=\"_blank\" rel=\"noopener noreferrer\">siguiente p\u00e1gina<\/a>.<\/p>\n<p>[\/et_pb_text][\/et_pb_column][\/et_pb_row][\/et_pb_section]<\/p>\n","protected":false},"excerpt":{"rendered":"<p>RESERVE SU HOTEL A PRECIOS ESPECIALES S\u00d3LO EN NUESTRO SITIO WEBSERVICIOS EXCLUSIVOS RESERVADOS A LOS PARTICIPANTES QUE RESERVEN EN NUESTRO SITIO WEB transporte gratuito desde el Palafiori (meta de la prueba) a los hoteles asociados, para el corredor y su bicicleta. posibilidad de meter la bicicleta en la habitaci\u00f3n o en otro espacio cerrado seguro. [&hellip;]<\/p>\n","protected":false},"author":1,"featured_media":0,"parent":1708,"menu_order":0,"comment_status":"closed","ping_status":"closed","template":"","meta":{"_et_pb_use_builder":"on","_et_pb_old_content":"","_et_gb_content_width":"","ngg_post_thumbnail":0,"footnotes":""},"class_list":["post-1751","page","type-page","status-publish","hentry"],"yoast_head":"<!-- This site is optimized with the Yoast SEO plugin v27.4 - https:\/\/yoast.com\/product\/yoast-seo-wordpress\/ -->\n<title>HOTEL EN SAN REMO | MILANO SANREMO AMATORI 2026 | MIL\u00c1N SANREMO AMATEUR 7 DE JUNIO DE 2026 | SITIO OFICIAL<\/title>\n<meta name=\"description\" content=\"HOTEL EN SAN REMO\" \/>\n<meta name=\"robots\" content=\"index, follow, max-snippet:-1, max-image-preview:large, max-video-preview:-1\" \/>\n<link rel=\"canonical\" href=\"https:\/\/milano-sanremo.org\/es\/hoteles\/hoteles-2\/nyala-bike-hotel-5\/\" \/>\n<meta property=\"og:locale\" content=\"es_ES\" \/>\n<meta property=\"og:type\" content=\"article\" \/>\n<meta property=\"og:title\" content=\"HOTEL EN SAN REMO | MILANO SANREMO AMATORI 2026 | MIL\u00c1N SANREMO AMATEUR 7 DE JUNIO DE 2026 | SITIO OFICIAL\" \/>\n<meta property=\"og:description\" content=\"HOTEL EN SAN REMO\" \/>\n<meta property=\"og:url\" content=\"https:\/\/milano-sanremo.org\/es\/hoteles\/hoteles-2\/nyala-bike-hotel-5\/\" \/>\n<meta property=\"og:site_name\" content=\"MILANO SANREMO AMATORI 2026\" \/>\n<meta property=\"article:modified_time\" content=\"2026-03-25T13:16:49+00:00\" \/>\n<meta name=\"twitter:card\" content=\"summary_large_image\" \/>\n<meta name=\"twitter:label1\" content=\"Tiempo de lectura\" \/>\n\t<meta name=\"twitter:data1\" content=\"3 minutos\" \/>\n<script type=\"application\/ld+json\" class=\"yoast-schema-graph\">{\"@context\":\"https:\\\/\\\/schema.org\",\"@graph\":[{\"@type\":\"WebPage\",\"@id\":\"https:\\\/\\\/milano-sanremo.org\\\/es\\\/hoteles\\\/hoteles-2\\\/nyala-bike-hotel-5\\\/\",\"url\":\"https:\\\/\\\/milano-sanremo.org\\\/es\\\/hoteles\\\/hoteles-2\\\/nyala-bike-hotel-5\\\/\",\"name\":\"HOTEL EN SAN REMO | MILANO SANREMO AMATORI 2026 | MIL\u00c1N SANREMO AMATEUR 7 DE JUNIO DE 2026 | SITIO OFICIAL\",\"isPartOf\":{\"@id\":\"https:\\\/\\\/milano-sanremo.org\\\/es\\\/#website\"},\"datePublished\":\"2013-06-17T09:57:15+00:00\",\"dateModified\":\"2026-03-25T13:16:49+00:00\",\"description\":\"HOTEL EN SAN REMO\",\"breadcrumb\":{\"@id\":\"https:\\\/\\\/milano-sanremo.org\\\/es\\\/hoteles\\\/hoteles-2\\\/nyala-bike-hotel-5\\\/#breadcrumb\"},\"inLanguage\":\"es\",\"potentialAction\":[{\"@type\":\"ReadAction\",\"target\":[\"https:\\\/\\\/milano-sanremo.org\\\/es\\\/hoteles\\\/hoteles-2\\\/nyala-bike-hotel-5\\\/\"]}]},{\"@type\":\"BreadcrumbList\",\"@id\":\"https:\\\/\\\/milano-sanremo.org\\\/es\\\/hoteles\\\/hoteles-2\\\/nyala-bike-hotel-5\\\/#breadcrumb\",\"itemListElement\":[{\"@type\":\"ListItem\",\"position\":1,\"name\":\"Home\",\"item\":\"https:\\\/\\\/milano-sanremo.org\\\/es\\\/\"},{\"@type\":\"ListItem\",\"position\":2,\"name\":\"VIAJAR\",\"item\":\"https:\\\/\\\/milano-sanremo.org\\\/es\\\/viaggio\\\/\"},{\"@type\":\"ListItem\",\"position\":3,\"name\":\"HOTELES\",\"item\":\"https:\\\/\\\/milano-sanremo.org\\\/es\\\/viaggio\\\/alberghi\\\/\"},{\"@type\":\"ListItem\",\"position\":4,\"name\":\"HOTEL EN SAN REMO\"}]},{\"@type\":\"WebSite\",\"@id\":\"https:\\\/\\\/milano-sanremo.org\\\/es\\\/#website\",\"url\":\"https:\\\/\\\/milano-sanremo.org\\\/es\\\/\",\"name\":\"MILANO SANREMO AMATORI 2026\",\"description\":\"MIL\u00c1N SANREMO AMATEUR 7 DE JUNIO DE 2026 | SITIO OFICIAL\",\"potentialAction\":[{\"@type\":\"SearchAction\",\"target\":{\"@type\":\"EntryPoint\",\"urlTemplate\":\"https:\\\/\\\/milano-sanremo.org\\\/es\\\/?s={search_term_string}\"},\"query-input\":{\"@type\":\"PropertyValueSpecification\",\"valueRequired\":true,\"valueName\":\"search_term_string\"}}],\"inLanguage\":\"es\"}]}<\/script>\n<!-- \/ Yoast SEO plugin. -->","yoast_head_json":{"title":"HOTEL EN SAN REMO | MILANO SANREMO AMATORI 2026 | MIL\u00c1N SANREMO AMATEUR 7 DE JUNIO DE 2026 | SITIO OFICIAL","description":"HOTEL EN SAN REMO","robots":{"index":"index","follow":"follow","max-snippet":"max-snippet:-1","max-image-preview":"max-image-preview:large","max-video-preview":"max-video-preview:-1"},"canonical":"https:\/\/milano-sanremo.org\/es\/hoteles\/hoteles-2\/nyala-bike-hotel-5\/","og_locale":"es_ES","og_type":"article","og_title":"HOTEL EN SAN REMO | MILANO SANREMO AMATORI 2026 | MIL\u00c1N SANREMO AMATEUR 7 DE JUNIO DE 2026 | SITIO OFICIAL","og_description":"HOTEL EN SAN REMO","og_url":"https:\/\/milano-sanremo.org\/es\/hoteles\/hoteles-2\/nyala-bike-hotel-5\/","og_site_name":"MILANO SANREMO AMATORI 2026","article_modified_time":"2026-03-25T13:16:49+00:00","twitter_card":"summary_large_image","twitter_misc":{"Tiempo de lectura":"3 minutos"},"schema":{"@context":"https:\/\/schema.org","@graph":[{"@type":"WebPage","@id":"https:\/\/milano-sanremo.org\/es\/hoteles\/hoteles-2\/nyala-bike-hotel-5\/","url":"https:\/\/milano-sanremo.org\/es\/hoteles\/hoteles-2\/nyala-bike-hotel-5\/","name":"HOTEL EN SAN REMO | MILANO SANREMO AMATORI 2026 | MIL\u00c1N SANREMO AMATEUR 7 DE JUNIO DE 2026 | SITIO OFICIAL","isPartOf":{"@id":"https:\/\/milano-sanremo.org\/es\/#website"},"datePublished":"2013-06-17T09:57:15+00:00","dateModified":"2026-03-25T13:16:49+00:00","description":"HOTEL EN SAN REMO","breadcrumb":{"@id":"https:\/\/milano-sanremo.org\/es\/hoteles\/hoteles-2\/nyala-bike-hotel-5\/#breadcrumb"},"inLanguage":"es","potentialAction":[{"@type":"ReadAction","target":["https:\/\/milano-sanremo.org\/es\/hoteles\/hoteles-2\/nyala-bike-hotel-5\/"]}]},{"@type":"BreadcrumbList","@id":"https:\/\/milano-sanremo.org\/es\/hoteles\/hoteles-2\/nyala-bike-hotel-5\/#breadcrumb","itemListElement":[{"@type":"ListItem","position":1,"name":"Home","item":"https:\/\/milano-sanremo.org\/es\/"},{"@type":"ListItem","position":2,"name":"VIAJAR","item":"https:\/\/milano-sanremo.org\/es\/viaggio\/"},{"@type":"ListItem","position":3,"name":"HOTELES","item":"https:\/\/milano-sanremo.org\/es\/viaggio\/alberghi\/"},{"@type":"ListItem","position":4,"name":"HOTEL EN SAN REMO"}]},{"@type":"WebSite","@id":"https:\/\/milano-sanremo.org\/es\/#website","url":"https:\/\/milano-sanremo.org\/es\/","name":"MILANO SANREMO AMATORI 2026","description":"MIL\u00c1N SANREMO AMATEUR 7 DE JUNIO DE 2026 | SITIO OFICIAL","potentialAction":[{"@type":"SearchAction","target":{"@type":"EntryPoint","urlTemplate":"https:\/\/milano-sanremo.org\/es\/?s={search_term_string}"},"query-input":{"@type":"PropertyValueSpecification","valueRequired":true,"valueName":"search_term_string"}}],"inLanguage":"es"}]}},"_links":{"self":[{"href":"https:\/\/milano-sanremo.org\/es\/wp-json\/wp\/v2\/pages\/1751","targetHints":{"allow":["GET"]}}],"collection":[{"href":"https:\/\/milano-sanremo.org\/es\/wp-json\/wp\/v2\/pages"}],"about":[{"href":"https:\/\/milano-sanremo.org\/es\/wp-json\/wp\/v2\/types\/page"}],"author":[{"embeddable":true,"href":"https:\/\/milano-sanremo.org\/es\/wp-json\/wp\/v2\/users\/1"}],"replies":[{"embeddable":true,"href":"https:\/\/milano-sanremo.org\/es\/wp-json\/wp\/v2\/comments?post=1751"}],"version-history":[{"count":27,"href":"https:\/\/milano-sanremo.org\/es\/wp-json\/wp\/v2\/pages\/1751\/revisions"}],"predecessor-version":[{"id":15462,"href":"https:\/\/milano-sanremo.org\/es\/wp-json\/wp\/v2\/pages\/1751\/revisions\/15462"}],"up":[{"embeddable":true,"href":"https:\/\/milano-sanremo.org\/es\/wp-json\/wp\/v2\/pages\/1708"}],"wp:attachment":[{"href":"https:\/\/milano-sanremo.org\/es\/wp-json\/wp\/v2\/media?parent=1751"}],"curies":[{"name":"wp","href":"https:\/\/api.w.org\/{rel}","templated":true}]}}