{"id":1817,"date":"2013-06-17T10:51:21","date_gmt":"2013-06-17T10:51:21","guid":{"rendered":"http:\/\/milano-sanremo.org\/wordpress\/?page_id=1817"},"modified":"2024-07-16T09:22:50","modified_gmt":"2024-07-16T09:22:50","slug":"aeropuertos","status":"publish","type":"page","link":"https:\/\/milano-sanremo.org\/es\/hoteles\/transport-3\/aeropuertos\/","title":{"rendered":"Aeropuertos"},"content":{"rendered":"<h2>Si decide viajar en avi\u00f3n para participar en la carrera ciclista Mil\u00e1n &#8211; San Remo Amatori, le aconsejamos llegar a uno de los aeropuertos de Mil\u00e1n y salir del aeropuerto de Niza. Nosotros nos ocuparemos de los traslados.<\/h2>\n<h4>Aeropuertos de llegada:<\/h4>\n<ul>\n<li>LIN &#8211; Milan Linate<\/li>\n<li>MXP &#8211; Milan Malpensa<\/li>\n<li>BGY &#8211; Milan Bergamo Orio al Serio<\/li>\n<\/ul>\n<h4>Aeropuerto de salida:<\/h4>\n<ul>\n<li>NCE &#8211; Nice Cote d&#8217;Azur<\/li>\n<\/ul>\n<p>&nbsp;<\/p>\n<h4>Estamos a su disposici\u00f3n para reservar el traslado del aeropuerto al hotel y viceversa del modo que mejor responda a sus necesidades. La reserva de los veh\u00edculos m\u00e1s peque\u00f1os puede hacerse directamente <em>online<\/em> en nuestro sistema al inscribirse en la carrera.<\/h4>\n<p>&nbsp;<\/p>\n<table>\n<thead>\n<tr>\n<th>Aeropuerto<\/th>\n<th>Veh\u00edculo<\/th>\n<th>Capacidad<\/th>\n<th>Precio<\/th>\n<\/tr>\n<\/thead>\n<tbody>\n<tr>\n<td>Linate LIN &#8211; Pieve Emanuele (MI)<\/td>\n<td>Monovolumen \/ Familiar<\/td>\n<td>3 pasajeros + 1 portabicicletas<\/td>\n<td>\u20ac &#8211;<\/td>\n<\/tr>\n<tr>\n<td>&nbsp;<\/td>\n<td>Minib\u00fas<\/td>\n<td>5 pasajeros + 5 portabicicletas<\/td>\n<td>\u20ac &#8211;<\/td>\n<\/tr>\n<tr>\n<td>&nbsp;<\/td>\n<td>Bus 30\/50 plazas<\/td>\n<td>25 pasajeros + 25 portabicis<\/td>\n<td>bajo petici\u00f3n<\/td>\n<\/tr>\n<tr>\n<td>Malpensa MXP &#8211; Pieve Emanuele (MI)<\/td>\n<td>Monovolumen \/ Familiar<\/td>\n<td>3 pasajeros + 1 portabicicletas<\/td>\n<td>\u20ac &#8211;<\/td>\n<\/tr>\n<tr>\n<td>&nbsp;<\/td>\n<td>Minib\u00fas<\/td>\n<td>5 pasajeros + 5 portabicicletas<\/td>\n<td>\u20ac &#8211;<\/td>\n<\/tr>\n<tr>\n<td>&nbsp;<\/td>\n<td>Bus 30\/50 plazas<\/td>\n<td>25 pasajeros + 25 portabicis<\/td>\n<td>bajo petici\u00f3n<\/td>\n<\/tr>\n<tr>\n<td>Orio al Serio BGY &#8211; Pieve Emanuele (MI)<\/td>\n<td>Monovolumen \/ Familiar<\/td>\n<td>3 pasajeros + 1 portabicicletas<\/td>\n<td>\u20ac &#8211;<\/td>\n<\/tr>\n<tr>\n<td>&nbsp;<\/td>\n<td>Minib\u00fas<\/td>\n<td>5 pasajeros + 5 portabicicletas<\/td>\n<td>\u20ac &#8211;<\/td>\n<\/tr>\n<tr>\n<td>&nbsp;<\/td>\n<td>Bus 30\/50 plazas<\/td>\n<td>25 pasajeros + 25 portabicis<\/td>\n<td>bajo petici\u00f3n<\/td>\n<\/tr>\n<tr>\n<td>San Remo &#8211; Niza NCE<\/td>\n<td>Monovolumen\/ Familiar<\/td>\n<td>3 pasajeros + 1 portabicicletas<\/td>\n<td>\u20ac &#8211;<\/td>\n<\/tr>\n<tr>\n<td>&nbsp;<\/td>\n<td>Minib\u00fas<\/td>\n<td>5 pasajeros + 5 portabicicletas<\/td>\n<td>\u20ac &#8211;<\/td>\n<\/tr>\n<tr>\n<td>&nbsp;<\/td>\n<td>Bus 30\/50 plazas<\/td>\n<td>25 pasajeros + 25 portabicis<\/td>\n<td>bajo petici\u00f3n<\/td>\n<\/tr>\n<\/tbody>\n<\/table>\n<p><strong>En caso de retrasos en los vuelos superiores a una hora, habr\u00e1 un cargo extra que se abonar\u00e1 directamente al conductor en efectivo. <\/strong><\/p>\n<h4>Transporte de equipaje de Mil\u00e1n a San Remo<\/h4>\n<p>La organizaci\u00f3n pone a disposici\u00f3n un autob\u00fas con remolque para llevar el equipaje de Mil\u00e1n a San Remo. El transporte de una mochila es gratis, mientras que para maletas, bolsas de viaje y portabicicletas es necesario obtener un billete en el sitio web y fijar un tal\u00f3n de equipaje a los bultos. El equipaje se entregar\u00e1 directamente al hotel reservado.<\/p>\n<p>El transporte del equipaje se efect\u00faa sin manifestazionent\u00eda o cobertura de seguros. Es posible obtener un seguro de viaje en el sitio web para cubrir tambi\u00e9n la p\u00e9rdida o da\u00f1o al equipaje.<\/p>\n<p><strong>Para llegar al Atahotel Ripamonti desde el aeropuerto de Malpensa<\/strong><\/p>\n<p>Con el \u00abMalpensaExpress\u00bb hasta la estaci\u00f3n de Cadorna y luego con el metro (l\u00ednea verde) hasta la terminal de Piazzale Abbiategrasso. A la salida, el autob\u00fas del Ripamonti espera a sus clientes hu\u00e9spedes junto a la marquesina del tranv\u00eda 15 (se puede ver el cartel \u00abRipamonti Residence\u00bb al lado del conductor).<\/p>\n<p><strong>Normativa del metro de Mil\u00e1n<\/strong><\/p>\n<p>Se permite llevar bultos de hasta 90 cm de longitud, previo pago de un ticket suplementario. En determinados vagones y durante un horario espec\u00edfico se permite viajar con bicicletas sin cargo alguno.<\/p>\n<h4>C\u00f3mo llegar de San Remo al aeropuerto de Niza en transporte p\u00fablico<\/h4>\n<p>Si utiliza el transporte p\u00fablico, le recomendamos tomar un tren desde San Remo a&nbsp;<strong>Ventimiglia<\/strong>. A continuaci\u00f3n, tome un tren TER (ferrocarriles regionales franceses) hasta la estaci\u00f3n de&nbsp;<strong>Niza St. Augustin<\/strong>. Desde all\u00ed puede ir en un autob\u00fas local (5 minutos) o llegar al aeropuerto a pie (10 minutos).<\/p>\n","protected":false},"excerpt":{"rendered":"<p>Si decide viajar en avi\u00f3n para participar en la carrera ciclista Mil\u00e1n &#8211; San Remo Amatori, le aconsejamos llegar a uno de los aeropuertos de Mil\u00e1n y salir del aeropuerto de Niza. Nosotros nos ocuparemos de los traslados. Aeropuertos de llegada: LIN &#8211; Milan Linate MXP &#8211; Milan Malpensa BGY &#8211; Milan Bergamo Orio al [&hellip;]<\/p>\n","protected":false},"author":1,"featured_media":0,"parent":1970,"menu_order":0,"comment_status":"closed","ping_status":"closed","template":"","meta":{"_et_pb_use_builder":"","_et_pb_old_content":"","_et_gb_content_width":"","ngg_post_thumbnail":0,"footnotes":""},"class_list":["post-1817","page","type-page","status-publish","hentry"],"yoast_head":"<!-- This site is optimized with the Yoast SEO plugin v27.4 - https:\/\/yoast.com\/product\/yoast-seo-wordpress\/ -->\n<title>Aeropuertos | MILANO SANREMO AMATORI 2026 | MIL\u00c1N SANREMO AMATEUR 7 DE JUNIO DE 2026 | SITIO OFICIAL<\/title>\n<meta name=\"description\" content=\"Aeropuertos\" \/>\n<meta name=\"robots\" content=\"index, follow, max-snippet:-1, max-image-preview:large, max-video-preview:-1\" \/>\n<link rel=\"canonical\" href=\"https:\/\/milano-sanremo.org\/es\/hoteles\/transport-3\/aeropuertos\/\" \/>\n<meta property=\"og:locale\" content=\"es_ES\" \/>\n<meta property=\"og:type\" content=\"article\" \/>\n<meta property=\"og:title\" content=\"Aeropuertos | MILANO SANREMO AMATORI 2026 | MIL\u00c1N SANREMO AMATEUR 7 DE JUNIO DE 2026 | SITIO OFICIAL\" \/>\n<meta property=\"og:description\" content=\"Aeropuertos\" \/>\n<meta property=\"og:url\" content=\"https:\/\/milano-sanremo.org\/es\/hoteles\/transport-3\/aeropuertos\/\" \/>\n<meta property=\"og:site_name\" content=\"MILANO SANREMO AMATORI 2026\" \/>\n<meta property=\"article:modified_time\" content=\"2024-07-16T09:22:50+00:00\" \/>\n<meta name=\"twitter:card\" content=\"summary_large_image\" \/>\n<meta name=\"twitter:label1\" content=\"Tiempo de lectura\" \/>\n\t<meta name=\"twitter:data1\" content=\"3 minutos\" \/>\n<script type=\"application\/ld+json\" class=\"yoast-schema-graph\">{\"@context\":\"https:\\\/\\\/schema.org\",\"@graph\":[{\"@type\":\"WebPage\",\"@id\":\"https:\\\/\\\/milano-sanremo.org\\\/es\\\/hoteles\\\/transport-3\\\/aeropuertos\\\/\",\"url\":\"https:\\\/\\\/milano-sanremo.org\\\/es\\\/hoteles\\\/transport-3\\\/aeropuertos\\\/\",\"name\":\"Aeropuertos | MILANO SANREMO AMATORI 2026 | MIL\u00c1N SANREMO AMATEUR 7 DE JUNIO DE 2026 | SITIO OFICIAL\",\"isPartOf\":{\"@id\":\"https:\\\/\\\/milano-sanremo.org\\\/es\\\/#website\"},\"datePublished\":\"2013-06-17T10:51:21+00:00\",\"dateModified\":\"2024-07-16T09:22:50+00:00\",\"description\":\"Aeropuertos\",\"breadcrumb\":{\"@id\":\"https:\\\/\\\/milano-sanremo.org\\\/es\\\/hoteles\\\/transport-3\\\/aeropuertos\\\/#breadcrumb\"},\"inLanguage\":\"es\",\"potentialAction\":[{\"@type\":\"ReadAction\",\"target\":[\"https:\\\/\\\/milano-sanremo.org\\\/es\\\/hoteles\\\/transport-3\\\/aeropuertos\\\/\"]}]},{\"@type\":\"BreadcrumbList\",\"@id\":\"https:\\\/\\\/milano-sanremo.org\\\/es\\\/hoteles\\\/transport-3\\\/aeropuertos\\\/#breadcrumb\",\"itemListElement\":[{\"@type\":\"ListItem\",\"position\":1,\"name\":\"Home\",\"item\":\"https:\\\/\\\/milano-sanremo.org\\\/es\\\/\"},{\"@type\":\"ListItem\",\"position\":2,\"name\":\"VIAJAR\",\"item\":\"https:\\\/\\\/milano-sanremo.org\\\/es\\\/viaggio\\\/\"},{\"@type\":\"ListItem\",\"position\":3,\"name\":\"TRANSPORTES\",\"item\":\"https:\\\/\\\/milano-sanremo.org\\\/es\\\/hoteles\\\/transport-3\\\/\"},{\"@type\":\"ListItem\",\"position\":4,\"name\":\"Aeropuertos\"}]},{\"@type\":\"WebSite\",\"@id\":\"https:\\\/\\\/milano-sanremo.org\\\/es\\\/#website\",\"url\":\"https:\\\/\\\/milano-sanremo.org\\\/es\\\/\",\"name\":\"MILANO SANREMO AMATORI 2026\",\"description\":\"MIL\u00c1N SANREMO AMATEUR 7 DE JUNIO DE 2026 | SITIO OFICIAL\",\"potentialAction\":[{\"@type\":\"SearchAction\",\"target\":{\"@type\":\"EntryPoint\",\"urlTemplate\":\"https:\\\/\\\/milano-sanremo.org\\\/es\\\/?s={search_term_string}\"},\"query-input\":{\"@type\":\"PropertyValueSpecification\",\"valueRequired\":true,\"valueName\":\"search_term_string\"}}],\"inLanguage\":\"es\"}]}<\/script>\n<!-- \/ Yoast SEO plugin. -->","yoast_head_json":{"title":"Aeropuertos | MILANO SANREMO AMATORI 2026 | MIL\u00c1N SANREMO AMATEUR 7 DE JUNIO DE 2026 | SITIO OFICIAL","description":"Aeropuertos","robots":{"index":"index","follow":"follow","max-snippet":"max-snippet:-1","max-image-preview":"max-image-preview:large","max-video-preview":"max-video-preview:-1"},"canonical":"https:\/\/milano-sanremo.org\/es\/hoteles\/transport-3\/aeropuertos\/","og_locale":"es_ES","og_type":"article","og_title":"Aeropuertos | MILANO SANREMO AMATORI 2026 | MIL\u00c1N SANREMO AMATEUR 7 DE JUNIO DE 2026 | SITIO OFICIAL","og_description":"Aeropuertos","og_url":"https:\/\/milano-sanremo.org\/es\/hoteles\/transport-3\/aeropuertos\/","og_site_name":"MILANO SANREMO AMATORI 2026","article_modified_time":"2024-07-16T09:22:50+00:00","twitter_card":"summary_large_image","twitter_misc":{"Tiempo de lectura":"3 minutos"},"schema":{"@context":"https:\/\/schema.org","@graph":[{"@type":"WebPage","@id":"https:\/\/milano-sanremo.org\/es\/hoteles\/transport-3\/aeropuertos\/","url":"https:\/\/milano-sanremo.org\/es\/hoteles\/transport-3\/aeropuertos\/","name":"Aeropuertos | MILANO SANREMO AMATORI 2026 | MIL\u00c1N SANREMO AMATEUR 7 DE JUNIO DE 2026 | SITIO OFICIAL","isPartOf":{"@id":"https:\/\/milano-sanremo.org\/es\/#website"},"datePublished":"2013-06-17T10:51:21+00:00","dateModified":"2024-07-16T09:22:50+00:00","description":"Aeropuertos","breadcrumb":{"@id":"https:\/\/milano-sanremo.org\/es\/hoteles\/transport-3\/aeropuertos\/#breadcrumb"},"inLanguage":"es","potentialAction":[{"@type":"ReadAction","target":["https:\/\/milano-sanremo.org\/es\/hoteles\/transport-3\/aeropuertos\/"]}]},{"@type":"BreadcrumbList","@id":"https:\/\/milano-sanremo.org\/es\/hoteles\/transport-3\/aeropuertos\/#breadcrumb","itemListElement":[{"@type":"ListItem","position":1,"name":"Home","item":"https:\/\/milano-sanremo.org\/es\/"},{"@type":"ListItem","position":2,"name":"VIAJAR","item":"https:\/\/milano-sanremo.org\/es\/viaggio\/"},{"@type":"ListItem","position":3,"name":"TRANSPORTES","item":"https:\/\/milano-sanremo.org\/es\/hoteles\/transport-3\/"},{"@type":"ListItem","position":4,"name":"Aeropuertos"}]},{"@type":"WebSite","@id":"https:\/\/milano-sanremo.org\/es\/#website","url":"https:\/\/milano-sanremo.org\/es\/","name":"MILANO SANREMO AMATORI 2026","description":"MIL\u00c1N SANREMO AMATEUR 7 DE JUNIO DE 2026 | SITIO OFICIAL","potentialAction":[{"@type":"SearchAction","target":{"@type":"EntryPoint","urlTemplate":"https:\/\/milano-sanremo.org\/es\/?s={search_term_string}"},"query-input":{"@type":"PropertyValueSpecification","valueRequired":true,"valueName":"search_term_string"}}],"inLanguage":"es"}]}},"_links":{"self":[{"href":"https:\/\/milano-sanremo.org\/es\/wp-json\/wp\/v2\/pages\/1817","targetHints":{"allow":["GET"]}}],"collection":[{"href":"https:\/\/milano-sanremo.org\/es\/wp-json\/wp\/v2\/pages"}],"about":[{"href":"https:\/\/milano-sanremo.org\/es\/wp-json\/wp\/v2\/types\/page"}],"author":[{"embeddable":true,"href":"https:\/\/milano-sanremo.org\/es\/wp-json\/wp\/v2\/users\/1"}],"replies":[{"embeddable":true,"href":"https:\/\/milano-sanremo.org\/es\/wp-json\/wp\/v2\/comments?post=1817"}],"version-history":[{"count":10,"href":"https:\/\/milano-sanremo.org\/es\/wp-json\/wp\/v2\/pages\/1817\/revisions"}],"predecessor-version":[{"id":14182,"href":"https:\/\/milano-sanremo.org\/es\/wp-json\/wp\/v2\/pages\/1817\/revisions\/14182"}],"up":[{"embeddable":true,"href":"https:\/\/milano-sanremo.org\/es\/wp-json\/wp\/v2\/pages\/1970"}],"wp:attachment":[{"href":"https:\/\/milano-sanremo.org\/es\/wp-json\/wp\/v2\/media?parent=1817"}],"curies":[{"name":"wp","href":"https:\/\/api.w.org\/{rel}","templated":true}]}}