{"id":1844,"date":"2013-06-17T11:26:20","date_gmt":"2013-06-17T11:26:20","guid":{"rendered":"http:\/\/milano-sanremo.org\/wordpress\/?page_id=1844"},"modified":"2025-10-23T13:35:03","modified_gmt":"2025-10-23T13:35:03","slug":"equipos-ciclistas","status":"publish","type":"page","link":"https:\/\/milano-sanremo.org\/es\/hoteles\/equipos-ciclistas\/","title":{"rendered":"ORGANIZACI\u00d3N DE EQUIPOS"},"content":{"rendered":"<h2 align=\"LEFT\">Ayudamos a su equipo a organizar la participaci\u00f3n en la carrera de ciclismo Mil\u00e1n &#8211; San Remo cyclosportive<\/h2>\n<p>Nuestra oficina est\u00e1 a su disposici\u00f3n para asistirle con la inscripci\u00f3n y organizaci\u00f3n de su equipo ciclista.<\/p>\n<p data-start=\"1627\" data-end=\"1691\"><strong>Ventajas para grupos de ciclistas (m\u00ednimo 15 participantes):<\/strong><\/p>\n<ul data-start=\"1693\" data-end=\"2096\">\n<li data-start=\"1693\" data-end=\"1764\">\n<p data-start=\"1695\" data-end=\"1764\"><strong>Cuota SILVER+ con salida garantizada en la segunda parrilla<\/strong><\/p>\n<\/li>\n<li data-start=\"1765\" data-end=\"1816\">\n<p data-start=\"1767\" data-end=\"1816\"><strong>90,00 \u20ac (incluye maillot conmemorativo)<\/strong><\/p>\n<\/li>\n<li data-start=\"1817\" data-end=\"1881\">\n<p data-start=\"1819\" data-end=\"1881\"><strong>1 inscripci\u00f3n gratuita por cada 15 participantes de pago<\/strong><\/p>\n<\/li>\n<li data-start=\"1882\" data-end=\"1941\">\n<p data-start=\"1884\" data-end=\"1941\"><strong>Inscripciones abiertas hasta el 31 de marzo de 2026<\/strong><\/p>\n<\/li>\n<li data-start=\"1942\" data-end=\"2029\">\n<p data-start=\"1944\" data-end=\"2029\"><strong>Gesti\u00f3n de inscripciones a trav\u00e9s de la secretar\u00eda con formulario Excel<\/strong><\/p>\n<\/li>\n<li data-start=\"2030\" data-end=\"2096\">\n<p data-start=\"2032\" data-end=\"2096\"><strong>Pago con tarjeta de cr\u00e9dito o transferencia bancaria<\/strong><\/p>\n<\/li>\n<\/ul>\n<p>&nbsp;<\/p>\n<p>\u00a1No dude en contactar con nosotros si tiene cualquier pregunta!<\/p>\n","protected":false},"excerpt":{"rendered":"<p>Ayudamos a su equipo a organizar la participaci\u00f3n en la carrera de ciclismo Mil\u00e1n &#8211; San Remo cyclosportive Nuestra oficina est\u00e1 a su disposici\u00f3n para asistirle con la inscripci\u00f3n y organizaci\u00f3n de su equipo ciclista. Ventajas para grupos de ciclistas (m\u00ednimo 15 participantes): Cuota SILVER+ con salida garantizada en la segunda parrilla 90,00 \u20ac (incluye [&hellip;]<\/p>\n","protected":false},"author":1,"featured_media":0,"parent":1696,"menu_order":0,"comment_status":"open","ping_status":"closed","template":"","meta":{"_et_pb_use_builder":"","_et_pb_old_content":"","_et_gb_content_width":"","ngg_post_thumbnail":0,"footnotes":""},"class_list":["post-1844","page","type-page","status-publish","hentry"],"yoast_head":"<!-- This site is optimized with the Yoast SEO plugin v27.4 - https:\/\/yoast.com\/product\/yoast-seo-wordpress\/ -->\n<title>ORGANIZACI\u00d3N DE EQUIPOS | MILANO SANREMO AMATORI 2026 | MIL\u00c1N SANREMO AMATEUR 7 DE JUNIO DE 2026 | SITIO OFICIAL<\/title>\n<meta name=\"description\" content=\"ORGANIZACI\u00d3N DE EQUIPOS\" \/>\n<meta name=\"robots\" content=\"index, follow, max-snippet:-1, max-image-preview:large, max-video-preview:-1\" \/>\n<link rel=\"canonical\" href=\"https:\/\/milano-sanremo.org\/es\/hoteles\/equipos-ciclistas\/\" \/>\n<meta property=\"og:locale\" content=\"es_ES\" \/>\n<meta property=\"og:type\" content=\"article\" \/>\n<meta property=\"og:title\" content=\"ORGANIZACI\u00d3N DE EQUIPOS | MILANO SANREMO AMATORI 2026 | MIL\u00c1N SANREMO AMATEUR 7 DE JUNIO DE 2026 | SITIO OFICIAL\" \/>\n<meta property=\"og:description\" content=\"ORGANIZACI\u00d3N DE EQUIPOS\" \/>\n<meta property=\"og:url\" content=\"https:\/\/milano-sanremo.org\/es\/hoteles\/equipos-ciclistas\/\" \/>\n<meta property=\"og:site_name\" content=\"MILANO SANREMO AMATORI 2026\" \/>\n<meta property=\"article:modified_time\" content=\"2025-10-23T13:35:03+00:00\" \/>\n<meta name=\"twitter:card\" content=\"summary_large_image\" \/>\n<meta name=\"twitter:label1\" content=\"Tiempo de lectura\" \/>\n\t<meta name=\"twitter:data1\" content=\"1 minuto\" \/>\n<script type=\"application\/ld+json\" class=\"yoast-schema-graph\">{\"@context\":\"https:\\\/\\\/schema.org\",\"@graph\":[{\"@type\":\"WebPage\",\"@id\":\"https:\\\/\\\/milano-sanremo.org\\\/es\\\/hoteles\\\/equipos-ciclistas\\\/\",\"url\":\"https:\\\/\\\/milano-sanremo.org\\\/es\\\/hoteles\\\/equipos-ciclistas\\\/\",\"name\":\"ORGANIZACI\u00d3N DE EQUIPOS | MILANO SANREMO AMATORI 2026 | MIL\u00c1N SANREMO AMATEUR 7 DE JUNIO DE 2026 | SITIO OFICIAL\",\"isPartOf\":{\"@id\":\"https:\\\/\\\/milano-sanremo.org\\\/es\\\/#website\"},\"datePublished\":\"2013-06-17T11:26:20+00:00\",\"dateModified\":\"2025-10-23T13:35:03+00:00\",\"description\":\"ORGANIZACI\u00d3N DE EQUIPOS\",\"breadcrumb\":{\"@id\":\"https:\\\/\\\/milano-sanremo.org\\\/es\\\/hoteles\\\/equipos-ciclistas\\\/#breadcrumb\"},\"inLanguage\":\"es\",\"potentialAction\":[{\"@type\":\"ReadAction\",\"target\":[\"https:\\\/\\\/milano-sanremo.org\\\/es\\\/hoteles\\\/equipos-ciclistas\\\/\"]}]},{\"@type\":\"BreadcrumbList\",\"@id\":\"https:\\\/\\\/milano-sanremo.org\\\/es\\\/hoteles\\\/equipos-ciclistas\\\/#breadcrumb\",\"itemListElement\":[{\"@type\":\"ListItem\",\"position\":1,\"name\":\"Home\",\"item\":\"https:\\\/\\\/milano-sanremo.org\\\/es\\\/\"},{\"@type\":\"ListItem\",\"position\":2,\"name\":\"VIAJAR\",\"item\":\"https:\\\/\\\/milano-sanremo.org\\\/es\\\/viaggio\\\/\"},{\"@type\":\"ListItem\",\"position\":3,\"name\":\"ORGANIZACI\u00d3N DE EQUIPOS\"}]},{\"@type\":\"WebSite\",\"@id\":\"https:\\\/\\\/milano-sanremo.org\\\/es\\\/#website\",\"url\":\"https:\\\/\\\/milano-sanremo.org\\\/es\\\/\",\"name\":\"MILANO SANREMO AMATORI 2026\",\"description\":\"MIL\u00c1N SANREMO AMATEUR 7 DE JUNIO DE 2026 | SITIO OFICIAL\",\"potentialAction\":[{\"@type\":\"SearchAction\",\"target\":{\"@type\":\"EntryPoint\",\"urlTemplate\":\"https:\\\/\\\/milano-sanremo.org\\\/es\\\/?s={search_term_string}\"},\"query-input\":{\"@type\":\"PropertyValueSpecification\",\"valueRequired\":true,\"valueName\":\"search_term_string\"}}],\"inLanguage\":\"es\"}]}<\/script>\n<!-- \/ Yoast SEO plugin. -->","yoast_head_json":{"title":"ORGANIZACI\u00d3N DE EQUIPOS | MILANO SANREMO AMATORI 2026 | MIL\u00c1N SANREMO AMATEUR 7 DE JUNIO DE 2026 | SITIO OFICIAL","description":"ORGANIZACI\u00d3N DE EQUIPOS","robots":{"index":"index","follow":"follow","max-snippet":"max-snippet:-1","max-image-preview":"max-image-preview:large","max-video-preview":"max-video-preview:-1"},"canonical":"https:\/\/milano-sanremo.org\/es\/hoteles\/equipos-ciclistas\/","og_locale":"es_ES","og_type":"article","og_title":"ORGANIZACI\u00d3N DE EQUIPOS | MILANO SANREMO AMATORI 2026 | MIL\u00c1N SANREMO AMATEUR 7 DE JUNIO DE 2026 | SITIO OFICIAL","og_description":"ORGANIZACI\u00d3N DE EQUIPOS","og_url":"https:\/\/milano-sanremo.org\/es\/hoteles\/equipos-ciclistas\/","og_site_name":"MILANO SANREMO AMATORI 2026","article_modified_time":"2025-10-23T13:35:03+00:00","twitter_card":"summary_large_image","twitter_misc":{"Tiempo de lectura":"1 minuto"},"schema":{"@context":"https:\/\/schema.org","@graph":[{"@type":"WebPage","@id":"https:\/\/milano-sanremo.org\/es\/hoteles\/equipos-ciclistas\/","url":"https:\/\/milano-sanremo.org\/es\/hoteles\/equipos-ciclistas\/","name":"ORGANIZACI\u00d3N DE EQUIPOS | MILANO SANREMO AMATORI 2026 | MIL\u00c1N SANREMO AMATEUR 7 DE JUNIO DE 2026 | SITIO OFICIAL","isPartOf":{"@id":"https:\/\/milano-sanremo.org\/es\/#website"},"datePublished":"2013-06-17T11:26:20+00:00","dateModified":"2025-10-23T13:35:03+00:00","description":"ORGANIZACI\u00d3N DE EQUIPOS","breadcrumb":{"@id":"https:\/\/milano-sanremo.org\/es\/hoteles\/equipos-ciclistas\/#breadcrumb"},"inLanguage":"es","potentialAction":[{"@type":"ReadAction","target":["https:\/\/milano-sanremo.org\/es\/hoteles\/equipos-ciclistas\/"]}]},{"@type":"BreadcrumbList","@id":"https:\/\/milano-sanremo.org\/es\/hoteles\/equipos-ciclistas\/#breadcrumb","itemListElement":[{"@type":"ListItem","position":1,"name":"Home","item":"https:\/\/milano-sanremo.org\/es\/"},{"@type":"ListItem","position":2,"name":"VIAJAR","item":"https:\/\/milano-sanremo.org\/es\/viaggio\/"},{"@type":"ListItem","position":3,"name":"ORGANIZACI\u00d3N DE EQUIPOS"}]},{"@type":"WebSite","@id":"https:\/\/milano-sanremo.org\/es\/#website","url":"https:\/\/milano-sanremo.org\/es\/","name":"MILANO SANREMO AMATORI 2026","description":"MIL\u00c1N SANREMO AMATEUR 7 DE JUNIO DE 2026 | SITIO OFICIAL","potentialAction":[{"@type":"SearchAction","target":{"@type":"EntryPoint","urlTemplate":"https:\/\/milano-sanremo.org\/es\/?s={search_term_string}"},"query-input":{"@type":"PropertyValueSpecification","valueRequired":true,"valueName":"search_term_string"}}],"inLanguage":"es"}]}},"_links":{"self":[{"href":"https:\/\/milano-sanremo.org\/es\/wp-json\/wp\/v2\/pages\/1844","targetHints":{"allow":["GET"]}}],"collection":[{"href":"https:\/\/milano-sanremo.org\/es\/wp-json\/wp\/v2\/pages"}],"about":[{"href":"https:\/\/milano-sanremo.org\/es\/wp-json\/wp\/v2\/types\/page"}],"author":[{"embeddable":true,"href":"https:\/\/milano-sanremo.org\/es\/wp-json\/wp\/v2\/users\/1"}],"replies":[{"embeddable":true,"href":"https:\/\/milano-sanremo.org\/es\/wp-json\/wp\/v2\/comments?post=1844"}],"version-history":[{"count":10,"href":"https:\/\/milano-sanremo.org\/es\/wp-json\/wp\/v2\/pages\/1844\/revisions"}],"predecessor-version":[{"id":14917,"href":"https:\/\/milano-sanremo.org\/es\/wp-json\/wp\/v2\/pages\/1844\/revisions\/14917"}],"up":[{"embeddable":true,"href":"https:\/\/milano-sanremo.org\/es\/wp-json\/wp\/v2\/pages\/1696"}],"wp:attachment":[{"href":"https:\/\/milano-sanremo.org\/es\/wp-json\/wp\/v2\/media?parent=1844"}],"curies":[{"name":"wp","href":"https:\/\/api.w.org\/{rel}","templated":true}]}}