{"id":1970,"date":"2013-06-18T05:58:44","date_gmt":"2013-06-18T05:58:44","guid":{"rendered":"http:\/\/milano-sanremo.org\/wordpress\/?page_id=1970"},"modified":"2025-10-23T12:56:07","modified_gmt":"2025-10-23T12:56:07","slug":"transport-3","status":"publish","type":"page","link":"https:\/\/milano-sanremo.org\/es\/hoteles\/transport-3\/","title":{"rendered":"TRANSPORTES"},"content":{"rendered":"<p>[et_pb_section fb_built=\u00bb1&#8243; admin_label=\u00bbsection\u00bb _builder_version=\u00bb4.16&#8243; global_colors_info=\u00bb{}\u00bb][et_pb_row admin_label=\u00bbrow\u00bb _builder_version=\u00bb4.16&#8243; background_size=\u00bbinitial\u00bb background_position=\u00bbtop_left\u00bb background_repeat=\u00bbrepeat\u00bb global_colors_info=\u00bb{}\u00bb][et_pb_column type=\u00bb4_4&#8243; _builder_version=\u00bb4.16&#8243; custom_padding=\u00bb|||\u00bb global_colors_info=\u00bb{}\u00bb custom_padding__hover=\u00bb|||\u00bb][et_pb_text _builder_version=\u00bb4.19.5&#8243; _module_preset=\u00bbdefault\u00bb global_colors_info=\u00bb{}\u00bb]<\/p>\n<h2>Ponemos a disposici\u00f3n de los participantes en la carrera ciclista Mil\u00e1n &#8211; San Remo Cyclosportive una serie de servicios de transporte que pueden reservar en nuestro sitio web.<\/h2>\n<h4><span style=\"color: #ff0000;\">Las plazas del autob\u00fas son limitadas, por lo que se recomienda reservar con antelaci\u00f3n.<\/span><\/h4>\n<p>[\/et_pb_text][et_pb_pricing_tables featured_table_background_color=\u00bbRGBA(255,255,255,0)\u00bb featured_table_header_background_color=\u00bb#E02B20&#8243; header_background_color=\u00bb#E02B20&#8243; featured_table_subheader_text_color=\u00bb#E02B20&#8243; _builder_version=\u00bb4.27.4&#8243; _module_preset=\u00bbdefault\u00bb custom_button=\u00bbon\u00bb button_text_color=\u00bb#FFFFFF\u00bb button_bg_color=\u00bb#E02B20&#8243; width=\u00bb60%\u00bb hover_enabled=\u00bb0&#8243; locked=\u00bboff\u00bb global_colors_info=\u00bb{}\u00bb sticky_enabled=\u00bb0&#8243;][et_pb_pricing_table title=\u00bbTRANSFER AUTOB\u00daS GT CON REMOLQUE PARA BICICLETAS\u00bb subtitle=\u00bb Domingo, 7 de junio de 2026 &#8211; 20:00&#8243; currency=\u00bb\u20ac\u00bb sum=\u00bb126&#8243; button_url=\u00bbhttps:\/\/www.runtosanremo.it\/granfondo-milano-sanremo\/navetta-sanremo-milano-domenica\/\u00bb button_text=\u00bbRESERVA AHORA\u00bb _builder_version=\u00bb4.27.4&#8243; _module_preset=\u00bbdefault\u00bb hover_enabled=\u00bb0&#8243; global_colors_info=\u00bb{}\u00bb sticky_transition=\u00bbon\u00bb sticky_enabled=\u00bb0&#8243;]<\/p>\n<p>Salida: Sanremo<br \/>Llegada: Mil\u00e1n, Settala<br \/>Fecha y hora: Domingo, 7 de junio de 2026, 20:00<br \/>Transporte de equipaje<br \/>Remolque para bicicletas<br \/>NO REEMBOLSABLE<\/p>\n<p>[\/et_pb_pricing_table][\/et_pb_pricing_tables][et_pb_text admin_label=\u00bbText\u00bb _builder_version=\u00bb4.19.5&#8243; background_size=\u00bbinitial\u00bb background_position=\u00bbtop_left\u00bb background_repeat=\u00bbrepeat\u00bb global_colors_info=\u00bb{}\u00bb]<\/p>\n<h4>&nbsp;<\/h4>\n<p><strong>NOTA.<\/strong><br \/><em>Puesto que la participaci\u00f3n en la Mil\u00e1n &#8211; San Remo es ante todo una ocasi\u00f3n para el ocio, intentaremos no dejar atr\u00e1s a nadie. Normalmente, se considera hora l\u00edmite pasados 30 minutos de la hora prevista para la salida.<br \/>La hora efectiva de salida estar\u00e1 condicionada por la llegada de los ciclistas que han reservado el servicio de transporte.<br \/>Adem\u00e1s, tenga en cuenta la posibilidad de que los desplazamientos del domingo precisen m\u00e1s tiempo, ya que coinciden con la vuelta de miles de turistas desde los centros vacacionales.<br \/>Si necesita llegar a Mil\u00e1n a una hora determinada, por favor, contacte con nosotros para organizar un traslado personalizado.<\/em><\/p>\n<h4>POL\u00cdTICA DE RESERVAS<\/h4>\n<p>Las reservas de plazas en autobuses seguir\u00e1n la <a href=\"https:\/\/milano-sanremo.org\/es\/1626-2\/politica-de-reserva\/\" target=\"_blank\" rel=\"noopener noreferrer\">siguiente pol\u00edtica<\/a>.<\/p>\n<p><strong>TRASLADO DESDE PALAFIORI A LOS HOTELES DE SAN REMO TRAS LA CARRERA<\/strong><\/p>\n<p>Quienes hayan reservado su estancia en San Remo a trav\u00e9s de la agencia Nyala Wonder Travel se podr\u00e1n beneficiar de transporte gratuito en minib\u00fas a su hotel. Por favor, contacte con el mostrador de la agencia en .<\/p>\n<h4>TRASLADO PRIVADO DE SAN REMO A MIL\u00c1N<\/h4>\n<p>En nuestro sitio web puede obtener billetes de tren para el trayecto San Remo &#8211; Mil\u00e1n, y reservar traslados privados en minib\u00fas.<\/p>\n<p>&nbsp;<\/p>\n<table>\n<tbody>\n<tr>\n<th>Traslado<\/th>\n<th>Salida<\/th>\n<th>Llegada<\/th>\n<th>Precio<\/th>\n<\/tr>\n<tr>\n<td>TREN REGIONAL<\/td>\n<td>San Remo<\/td>\n<td>Milano Centrale<\/td>\n<td>&nbsp;bajo petici\u00f3n<\/td>\n<\/tr>\n<tr>\n<td>TREN INTERCITY<\/td>\n<td>San Remo<\/td>\n<td>Milano Centrale<\/td>\n<td>&nbsp;bajo petici\u00f3n<\/td>\n<\/tr>\n<tr>\n<td>Minib\u00fas + ch\u00f3fer<\/td>\n<td>San Remo<\/td>\n<td>Mil\u00e1n<\/td>\n<td>&nbsp;bajo petici\u00f3n<\/td>\n<\/tr>\n<tr>\n<td>Bus 30\/50 plazas<\/td>\n<td>San Remo<\/td>\n<td>Mil\u00e1n<\/td>\n<td>&nbsp;bajo petici\u00f3n<\/td>\n<\/tr>\n<\/tbody>\n<\/table>\n<p>En los trenes regionales se permite llevar bicicletas previo pago de un suplemento de 3,50\u20ac&nbsp; en la estaci\u00f3n.<\/p>\n<p>En los interurbanos (Intercity) el transporte de bicicletas s\u00f3lo se permite con bolsa portabicicletas o similares.<\/p>\n<p>[\/et_pb_text][\/et_pb_column][\/et_pb_row][\/et_pb_section]<\/p>\n","protected":false},"excerpt":{"rendered":"<p>Ponemos a disposici\u00f3n de los participantes en la carrera ciclista Mil\u00e1n &#8211; San Remo Cyclosportive una serie de servicios de transporte que pueden reservar en nuestro sitio web. Las plazas del autob\u00fas son limitadas, por lo que se recomienda reservar con antelaci\u00f3n.Salida: SanremoLlegada: Mil\u00e1n, SettalaFecha y hora: Domingo, 7 de junio de 2026, 20:00Transporte de [&hellip;]<\/p>\n","protected":false},"author":1,"featured_media":0,"parent":1696,"menu_order":0,"comment_status":"closed","ping_status":"closed","template":"","meta":{"_et_pb_use_builder":"on","_et_pb_old_content":"","_et_gb_content_width":"","ngg_post_thumbnail":0,"footnotes":""},"class_list":["post-1970","page","type-page","status-publish","hentry"],"yoast_head":"<!-- This site is optimized with the Yoast SEO plugin v27.4 - https:\/\/yoast.com\/product\/yoast-seo-wordpress\/ -->\n<title>TRANSPORTES | MILANO SANREMO AMATORI 2026 | MIL\u00c1N SANREMO AMATEUR 7 DE JUNIO DE 2026 | SITIO OFICIAL<\/title>\n<meta name=\"description\" content=\"carrera ciclista Granfondo Mil\u00e1n - San Remo cyclosportive una serie de servicios de transporte que pueden reservar en nuestro sitio web.\" \/>\n<meta name=\"robots\" content=\"index, follow, max-snippet:-1, max-image-preview:large, max-video-preview:-1\" \/>\n<link rel=\"canonical\" href=\"https:\/\/milano-sanremo.org\/es\/hoteles\/transport-3\/\" \/>\n<meta property=\"og:locale\" content=\"es_ES\" \/>\n<meta property=\"og:type\" content=\"article\" \/>\n<meta property=\"og:title\" content=\"TRANSPORTES | MILANO SANREMO AMATORI 2026 | MIL\u00c1N SANREMO AMATEUR 7 DE JUNIO DE 2026 | SITIO OFICIAL\" \/>\n<meta property=\"og:description\" content=\"carrera ciclista Granfondo Mil\u00e1n - San Remo cyclosportive una serie de servicios de transporte que pueden reservar en nuestro sitio web.\" \/>\n<meta property=\"og:url\" content=\"https:\/\/milano-sanremo.org\/es\/hoteles\/transport-3\/\" \/>\n<meta property=\"og:site_name\" content=\"MILANO SANREMO AMATORI 2026\" \/>\n<meta property=\"article:modified_time\" content=\"2025-10-23T12:56:07+00:00\" \/>\n<meta name=\"twitter:card\" content=\"summary_large_image\" \/>\n<meta name=\"twitter:label1\" content=\"Tiempo de lectura\" \/>\n\t<meta name=\"twitter:data1\" content=\"2 minutos\" \/>\n<script type=\"application\/ld+json\" class=\"yoast-schema-graph\">{\"@context\":\"https:\\\/\\\/schema.org\",\"@graph\":[{\"@type\":\"WebPage\",\"@id\":\"https:\\\/\\\/milano-sanremo.org\\\/es\\\/hoteles\\\/transport-3\\\/\",\"url\":\"https:\\\/\\\/milano-sanremo.org\\\/es\\\/hoteles\\\/transport-3\\\/\",\"name\":\"TRANSPORTES | MILANO SANREMO AMATORI 2026 | MIL\u00c1N SANREMO AMATEUR 7 DE JUNIO DE 2026 | SITIO OFICIAL\",\"isPartOf\":{\"@id\":\"https:\\\/\\\/milano-sanremo.org\\\/es\\\/#website\"},\"datePublished\":\"2013-06-18T05:58:44+00:00\",\"dateModified\":\"2025-10-23T12:56:07+00:00\",\"description\":\"carrera ciclista Granfondo Mil\u00e1n - San Remo cyclosportive una serie de servicios de transporte que pueden reservar en nuestro sitio web.\",\"breadcrumb\":{\"@id\":\"https:\\\/\\\/milano-sanremo.org\\\/es\\\/hoteles\\\/transport-3\\\/#breadcrumb\"},\"inLanguage\":\"es\",\"potentialAction\":[{\"@type\":\"ReadAction\",\"target\":[\"https:\\\/\\\/milano-sanremo.org\\\/es\\\/hoteles\\\/transport-3\\\/\"]}]},{\"@type\":\"BreadcrumbList\",\"@id\":\"https:\\\/\\\/milano-sanremo.org\\\/es\\\/hoteles\\\/transport-3\\\/#breadcrumb\",\"itemListElement\":[{\"@type\":\"ListItem\",\"position\":1,\"name\":\"Home\",\"item\":\"https:\\\/\\\/milano-sanremo.org\\\/es\\\/\"},{\"@type\":\"ListItem\",\"position\":2,\"name\":\"VIAJAR\",\"item\":\"https:\\\/\\\/milano-sanremo.org\\\/es\\\/viaggio\\\/\"},{\"@type\":\"ListItem\",\"position\":3,\"name\":\"TRANSPORTES\"}]},{\"@type\":\"WebSite\",\"@id\":\"https:\\\/\\\/milano-sanremo.org\\\/es\\\/#website\",\"url\":\"https:\\\/\\\/milano-sanremo.org\\\/es\\\/\",\"name\":\"MILANO SANREMO AMATORI 2026\",\"description\":\"MIL\u00c1N SANREMO AMATEUR 7 DE JUNIO DE 2026 | SITIO OFICIAL\",\"potentialAction\":[{\"@type\":\"SearchAction\",\"target\":{\"@type\":\"EntryPoint\",\"urlTemplate\":\"https:\\\/\\\/milano-sanremo.org\\\/es\\\/?s={search_term_string}\"},\"query-input\":{\"@type\":\"PropertyValueSpecification\",\"valueRequired\":true,\"valueName\":\"search_term_string\"}}],\"inLanguage\":\"es\"}]}<\/script>\n<!-- \/ Yoast SEO plugin. -->","yoast_head_json":{"title":"TRANSPORTES | MILANO SANREMO AMATORI 2026 | MIL\u00c1N SANREMO AMATEUR 7 DE JUNIO DE 2026 | SITIO OFICIAL","description":"carrera ciclista Granfondo Mil\u00e1n - San Remo cyclosportive una serie de servicios de transporte que pueden reservar en nuestro sitio web.","robots":{"index":"index","follow":"follow","max-snippet":"max-snippet:-1","max-image-preview":"max-image-preview:large","max-video-preview":"max-video-preview:-1"},"canonical":"https:\/\/milano-sanremo.org\/es\/hoteles\/transport-3\/","og_locale":"es_ES","og_type":"article","og_title":"TRANSPORTES | MILANO SANREMO AMATORI 2026 | MIL\u00c1N SANREMO AMATEUR 7 DE JUNIO DE 2026 | SITIO OFICIAL","og_description":"carrera ciclista Granfondo Mil\u00e1n - San Remo cyclosportive una serie de servicios de transporte que pueden reservar en nuestro sitio web.","og_url":"https:\/\/milano-sanremo.org\/es\/hoteles\/transport-3\/","og_site_name":"MILANO SANREMO AMATORI 2026","article_modified_time":"2025-10-23T12:56:07+00:00","twitter_card":"summary_large_image","twitter_misc":{"Tiempo de lectura":"2 minutos"},"schema":{"@context":"https:\/\/schema.org","@graph":[{"@type":"WebPage","@id":"https:\/\/milano-sanremo.org\/es\/hoteles\/transport-3\/","url":"https:\/\/milano-sanremo.org\/es\/hoteles\/transport-3\/","name":"TRANSPORTES | MILANO SANREMO AMATORI 2026 | MIL\u00c1N SANREMO AMATEUR 7 DE JUNIO DE 2026 | SITIO OFICIAL","isPartOf":{"@id":"https:\/\/milano-sanremo.org\/es\/#website"},"datePublished":"2013-06-18T05:58:44+00:00","dateModified":"2025-10-23T12:56:07+00:00","description":"carrera ciclista Granfondo Mil\u00e1n - San Remo cyclosportive una serie de servicios de transporte que pueden reservar en nuestro sitio web.","breadcrumb":{"@id":"https:\/\/milano-sanremo.org\/es\/hoteles\/transport-3\/#breadcrumb"},"inLanguage":"es","potentialAction":[{"@type":"ReadAction","target":["https:\/\/milano-sanremo.org\/es\/hoteles\/transport-3\/"]}]},{"@type":"BreadcrumbList","@id":"https:\/\/milano-sanremo.org\/es\/hoteles\/transport-3\/#breadcrumb","itemListElement":[{"@type":"ListItem","position":1,"name":"Home","item":"https:\/\/milano-sanremo.org\/es\/"},{"@type":"ListItem","position":2,"name":"VIAJAR","item":"https:\/\/milano-sanremo.org\/es\/viaggio\/"},{"@type":"ListItem","position":3,"name":"TRANSPORTES"}]},{"@type":"WebSite","@id":"https:\/\/milano-sanremo.org\/es\/#website","url":"https:\/\/milano-sanremo.org\/es\/","name":"MILANO SANREMO AMATORI 2026","description":"MIL\u00c1N SANREMO AMATEUR 7 DE JUNIO DE 2026 | SITIO OFICIAL","potentialAction":[{"@type":"SearchAction","target":{"@type":"EntryPoint","urlTemplate":"https:\/\/milano-sanremo.org\/es\/?s={search_term_string}"},"query-input":{"@type":"PropertyValueSpecification","valueRequired":true,"valueName":"search_term_string"}}],"inLanguage":"es"}]}},"_links":{"self":[{"href":"https:\/\/milano-sanremo.org\/es\/wp-json\/wp\/v2\/pages\/1970","targetHints":{"allow":["GET"]}}],"collection":[{"href":"https:\/\/milano-sanremo.org\/es\/wp-json\/wp\/v2\/pages"}],"about":[{"href":"https:\/\/milano-sanremo.org\/es\/wp-json\/wp\/v2\/types\/page"}],"author":[{"embeddable":true,"href":"https:\/\/milano-sanremo.org\/es\/wp-json\/wp\/v2\/users\/1"}],"replies":[{"embeddable":true,"href":"https:\/\/milano-sanremo.org\/es\/wp-json\/wp\/v2\/comments?post=1970"}],"version-history":[{"count":37,"href":"https:\/\/milano-sanremo.org\/es\/wp-json\/wp\/v2\/pages\/1970\/revisions"}],"predecessor-version":[{"id":14876,"href":"https:\/\/milano-sanremo.org\/es\/wp-json\/wp\/v2\/pages\/1970\/revisions\/14876"}],"up":[{"embeddable":true,"href":"https:\/\/milano-sanremo.org\/es\/wp-json\/wp\/v2\/pages\/1696"}],"wp:attachment":[{"href":"https:\/\/milano-sanremo.org\/es\/wp-json\/wp\/v2\/media?parent=1970"}],"curies":[{"name":"wp","href":"https:\/\/api.w.org\/{rel}","templated":true}]}}