{"id":4523,"date":"2013-10-27T10:07:04","date_gmt":"2013-10-27T10:07:04","guid":{"rendered":"http:\/\/milano-sanremo.org\/wordpress\/?page_id=4523"},"modified":"2024-07-16T09:53:52","modified_gmt":"2024-07-16T09:53:52","slug":"photos-2013-2","status":"publish","type":"page","link":"https:\/\/milano-sanremo.org\/es\/1626-2\/photos-2013-2\/","title":{"rendered":"IM\u00c1GENES 2013"},"content":{"rendered":"<h2>Im\u00e1genes de la 43\u00aa edici\u00f3n de la carrera ciclista amateur Mil\u00e1n-San Remo Amatori 2013, tomadas en el ascenso al Poggio di Sanremo<\/h2>\n<p>ngg_shortcode_0_placeholder<br \/>\nFotograf\u00edas de Luca Lombardi<\/p>\n<h2>Los ganadores de la 43\u00aa Mil\u00e1n-San Remo Amatori de 2013<\/h2>\n<p>ngg_shortcode_1_placeholder<br \/>\nFotograf\u00edas de Fotovelox.it<\/p>\n","protected":false},"excerpt":{"rendered":"<p>Im\u00e1genes de la 43\u00aa edici\u00f3n de la carrera ciclista amateur Mil\u00e1n-San Remo Amatori 2013, tomadas en el ascenso al Poggio di Sanremo Fotograf\u00edas de Luca Lombardi Los ganadores de la 43\u00aa Mil\u00e1n-San Remo Amatori de 2013 Fotograf\u00edas de Fotovelox.it<\/p>\n","protected":false},"author":1,"featured_media":0,"parent":1626,"menu_order":0,"comment_status":"closed","ping_status":"closed","template":"","meta":{"_et_pb_use_builder":"","_et_pb_old_content":"","_et_gb_content_width":"","ngg_post_thumbnail":0,"footnotes":""},"class_list":["post-4523","page","type-page","status-publish","hentry"],"yoast_head":"<!-- This site is optimized with the Yoast SEO plugin v27.4 - https:\/\/yoast.com\/product\/yoast-seo-wordpress\/ -->\n<title>IM\u00c1GENES 2013 | MILANO SANREMO AMATORI 2026 | MIL\u00c1N SANREMO AMATEUR 7 DE JUNIO DE 2026 | SITIO OFICIAL<\/title>\n<meta name=\"description\" content=\"IM\u00c1GENES 2013\" \/>\n<meta name=\"robots\" content=\"index, follow, max-snippet:-1, max-image-preview:large, max-video-preview:-1\" \/>\n<link rel=\"canonical\" href=\"https:\/\/milano-sanremo.org\/es\/1626-2\/photos-2013-2\/\" \/>\n<meta property=\"og:locale\" content=\"es_ES\" \/>\n<meta property=\"og:type\" content=\"article\" \/>\n<meta property=\"og:title\" content=\"IM\u00c1GENES 2013 | MILANO SANREMO AMATORI 2026 | MIL\u00c1N SANREMO AMATEUR 7 DE JUNIO DE 2026 | SITIO OFICIAL\" \/>\n<meta property=\"og:description\" content=\"IM\u00c1GENES 2013\" \/>\n<meta property=\"og:url\" content=\"https:\/\/milano-sanremo.org\/es\/1626-2\/photos-2013-2\/\" \/>\n<meta property=\"og:site_name\" content=\"MILANO SANREMO AMATORI 2026\" \/>\n<meta property=\"article:modified_time\" content=\"2024-07-16T09:53:52+00:00\" \/>\n<meta name=\"twitter:card\" content=\"summary_large_image\" \/>\n<script type=\"application\/ld+json\" class=\"yoast-schema-graph\">{\"@context\":\"https:\\\/\\\/schema.org\",\"@graph\":[{\"@type\":\"WebPage\",\"@id\":\"https:\\\/\\\/milano-sanremo.org\\\/es\\\/1626-2\\\/photos-2013-2\\\/\",\"url\":\"https:\\\/\\\/milano-sanremo.org\\\/es\\\/1626-2\\\/photos-2013-2\\\/\",\"name\":\"IM\u00c1GENES 2013 | MILANO SANREMO AMATORI 2026 | MIL\u00c1N SANREMO AMATEUR 7 DE JUNIO DE 2026 | SITIO OFICIAL\",\"isPartOf\":{\"@id\":\"https:\\\/\\\/milano-sanremo.org\\\/es\\\/#website\"},\"datePublished\":\"2013-10-27T10:07:04+00:00\",\"dateModified\":\"2024-07-16T09:53:52+00:00\",\"description\":\"IM\u00c1GENES 2013\",\"breadcrumb\":{\"@id\":\"https:\\\/\\\/milano-sanremo.org\\\/es\\\/1626-2\\\/photos-2013-2\\\/#breadcrumb\"},\"inLanguage\":\"es\",\"potentialAction\":[{\"@type\":\"ReadAction\",\"target\":[\"https:\\\/\\\/milano-sanremo.org\\\/es\\\/1626-2\\\/photos-2013-2\\\/\"]}]},{\"@type\":\"BreadcrumbList\",\"@id\":\"https:\\\/\\\/milano-sanremo.org\\\/es\\\/1626-2\\\/photos-2013-2\\\/#breadcrumb\",\"itemListElement\":[{\"@type\":\"ListItem\",\"position\":1,\"name\":\"Home\",\"item\":\"https:\\\/\\\/milano-sanremo.org\\\/es\\\/\"},{\"@type\":\"ListItem\",\"position\":2,\"name\":\"INFORMACI\u00d3N\",\"item\":\"https:\\\/\\\/milano-sanremo.org\\\/es\\\/informazioni-sito\\\/\"},{\"@type\":\"ListItem\",\"position\":3,\"name\":\"IM\u00c1GENES 2013\"}]},{\"@type\":\"WebSite\",\"@id\":\"https:\\\/\\\/milano-sanremo.org\\\/es\\\/#website\",\"url\":\"https:\\\/\\\/milano-sanremo.org\\\/es\\\/\",\"name\":\"MILANO SANREMO AMATORI 2026\",\"description\":\"MIL\u00c1N SANREMO AMATEUR 7 DE JUNIO DE 2026 | SITIO OFICIAL\",\"potentialAction\":[{\"@type\":\"SearchAction\",\"target\":{\"@type\":\"EntryPoint\",\"urlTemplate\":\"https:\\\/\\\/milano-sanremo.org\\\/es\\\/?s={search_term_string}\"},\"query-input\":{\"@type\":\"PropertyValueSpecification\",\"valueRequired\":true,\"valueName\":\"search_term_string\"}}],\"inLanguage\":\"es\"}]}<\/script>\n<!-- \/ Yoast SEO plugin. -->","yoast_head_json":{"title":"IM\u00c1GENES 2013 | MILANO SANREMO AMATORI 2026 | MIL\u00c1N SANREMO AMATEUR 7 DE JUNIO DE 2026 | SITIO OFICIAL","description":"IM\u00c1GENES 2013","robots":{"index":"index","follow":"follow","max-snippet":"max-snippet:-1","max-image-preview":"max-image-preview:large","max-video-preview":"max-video-preview:-1"},"canonical":"https:\/\/milano-sanremo.org\/es\/1626-2\/photos-2013-2\/","og_locale":"es_ES","og_type":"article","og_title":"IM\u00c1GENES 2013 | MILANO SANREMO AMATORI 2026 | MIL\u00c1N SANREMO AMATEUR 7 DE JUNIO DE 2026 | SITIO OFICIAL","og_description":"IM\u00c1GENES 2013","og_url":"https:\/\/milano-sanremo.org\/es\/1626-2\/photos-2013-2\/","og_site_name":"MILANO SANREMO AMATORI 2026","article_modified_time":"2024-07-16T09:53:52+00:00","twitter_card":"summary_large_image","schema":{"@context":"https:\/\/schema.org","@graph":[{"@type":"WebPage","@id":"https:\/\/milano-sanremo.org\/es\/1626-2\/photos-2013-2\/","url":"https:\/\/milano-sanremo.org\/es\/1626-2\/photos-2013-2\/","name":"IM\u00c1GENES 2013 | MILANO SANREMO AMATORI 2026 | MIL\u00c1N SANREMO AMATEUR 7 DE JUNIO DE 2026 | SITIO OFICIAL","isPartOf":{"@id":"https:\/\/milano-sanremo.org\/es\/#website"},"datePublished":"2013-10-27T10:07:04+00:00","dateModified":"2024-07-16T09:53:52+00:00","description":"IM\u00c1GENES 2013","breadcrumb":{"@id":"https:\/\/milano-sanremo.org\/es\/1626-2\/photos-2013-2\/#breadcrumb"},"inLanguage":"es","potentialAction":[{"@type":"ReadAction","target":["https:\/\/milano-sanremo.org\/es\/1626-2\/photos-2013-2\/"]}]},{"@type":"BreadcrumbList","@id":"https:\/\/milano-sanremo.org\/es\/1626-2\/photos-2013-2\/#breadcrumb","itemListElement":[{"@type":"ListItem","position":1,"name":"Home","item":"https:\/\/milano-sanremo.org\/es\/"},{"@type":"ListItem","position":2,"name":"INFORMACI\u00d3N","item":"https:\/\/milano-sanremo.org\/es\/informazioni-sito\/"},{"@type":"ListItem","position":3,"name":"IM\u00c1GENES 2013"}]},{"@type":"WebSite","@id":"https:\/\/milano-sanremo.org\/es\/#website","url":"https:\/\/milano-sanremo.org\/es\/","name":"MILANO SANREMO AMATORI 2026","description":"MIL\u00c1N SANREMO AMATEUR 7 DE JUNIO DE 2026 | SITIO OFICIAL","potentialAction":[{"@type":"SearchAction","target":{"@type":"EntryPoint","urlTemplate":"https:\/\/milano-sanremo.org\/es\/?s={search_term_string}"},"query-input":{"@type":"PropertyValueSpecification","valueRequired":true,"valueName":"search_term_string"}}],"inLanguage":"es"}]}},"_links":{"self":[{"href":"https:\/\/milano-sanremo.org\/es\/wp-json\/wp\/v2\/pages\/4523","targetHints":{"allow":["GET"]}}],"collection":[{"href":"https:\/\/milano-sanremo.org\/es\/wp-json\/wp\/v2\/pages"}],"about":[{"href":"https:\/\/milano-sanremo.org\/es\/wp-json\/wp\/v2\/types\/page"}],"author":[{"embeddable":true,"href":"https:\/\/milano-sanremo.org\/es\/wp-json\/wp\/v2\/users\/1"}],"replies":[{"embeddable":true,"href":"https:\/\/milano-sanremo.org\/es\/wp-json\/wp\/v2\/comments?post=4523"}],"version-history":[{"count":6,"href":"https:\/\/milano-sanremo.org\/es\/wp-json\/wp\/v2\/pages\/4523\/revisions"}],"predecessor-version":[{"id":14204,"href":"https:\/\/milano-sanremo.org\/es\/wp-json\/wp\/v2\/pages\/4523\/revisions\/14204"}],"up":[{"embeddable":true,"href":"https:\/\/milano-sanremo.org\/es\/wp-json\/wp\/v2\/pages\/1626"}],"wp:attachment":[{"href":"https:\/\/milano-sanremo.org\/es\/wp-json\/wp\/v2\/media?parent=4523"}],"curies":[{"name":"wp","href":"https:\/\/api.w.org\/{rel}","templated":true}]}}