{"id":4610,"date":"2013-11-07T09:48:23","date_gmt":"2013-11-07T09:48:23","guid":{"rendered":"http:\/\/milano-sanremo.org\/wordpress\/?page_id=4610"},"modified":"2025-05-27T10:53:30","modified_gmt":"2025-05-27T10:53:30","slug":"equipaje","status":"publish","type":"page","link":"https:\/\/milano-sanremo.org\/es\/hoteles\/transport-3\/equipaje\/","title":{"rendered":"Equipaje"},"content":{"rendered":"<h2>Nuestro objetivo es ocuparnos de todos los detalles del viaje, incluyendo el transporte del equipaje desde Mil\u00e1n a San Remo, para que los atletas puedan concentrarse en la competici\u00f3n.<\/h2>\n<p>La organizaci\u00f3n facilita un servicio de traslado de equipajes desde Mil\u00e1n a San Remo, con las siguientes caracter\u00edsticas:<\/p>\n<p>&nbsp;<\/p>\n<div>\n<table>\n<thead>\n<tr>\n<th>Tipo de equipaje<\/th>\n<th>desde<\/th>\n<th>hasta<\/th>\n<th>Coste<\/th>\n<\/tr>\n<\/thead>\n<tbody>\n<tr>\n<td>Mochila<\/td>\n<td>Salida (Mil\u00e1n<span style=\"font-size: inherit; font-family: inherit;\">)<\/span><\/td>\n<td>Palafiori (San Remo)<\/td>\n<td>&nbsp;gratis<\/td>\n<\/tr>\n<tr>\n<td>Bolso portabicicletas vac\u00edo<\/td>\n<td>Hoteles asociados (Mil\u00e1n<span style=\"line-height: 19px;\">)<\/span><\/td>\n<td>Hoteles asociados (San Remo)<\/td>\n<td>&nbsp;20.00\u20ac<\/td>\n<\/tr>\n<tr>\n<td>Maleta o bolsa de viaje<\/td>\n<td>Hoteles asociados (Mil\u00e1n)<\/td>\n<td>Hoteles asociados (San Remo)<\/td>\n<td>&nbsp;20.00\u20ac<\/td>\n<\/tr>\n<\/tbody>\n<\/table>\n<\/div>\n<p>&nbsp;<\/p>\n<h4>&nbsp;<\/h4>\n<h4>MOCHILAS Y BULTOS PEQUE\u00d1OS<\/h4>\n<p>Las mochilas y bultos de peque\u00f1o tama\u00f1o con los elementos necesarios para ducharse y cambiarse de ropa se transportan de forma gratuita y deben llevarse \u00fanicamente en el autob\u00fas facilitado por la organizaci\u00f3n, que estar\u00e1 situado cerca del punto de Salida de la carrera el domingo a las 6:30 de la ma\u00f1ana.<\/p>\n<h4>MALETAS Y BOLSA PORTABICICLETAS (VAC\u00cdA)<\/h4>\n<p>Por favor, lea detenidamente la Pol\u00edtica de reservas sobre este producto en la <a href=\"https:\/\/milano-sanremo.org\/es\/politica-de-reserva\/\" target=\"_blank\" rel=\"noopener\">siguiente p\u00e1gina<\/a>.<\/p>\n<h4>RESPONSABILIDAD<\/h4>\n<p>El traslado del equipaje se hace por cuenta y riesgo del propietario. &nbsp;La organizaci\u00f3n no asumir\u00e1 responsabilidad alguna por posibles da\u00f1os o p\u00e9rdidas.<\/p>\n<h4>OBJETOS DE VALOR<\/h4>\n<p>Recomendamos no llevar objetos de valor, dinero o documentos importantes en el equipaje.<\/p>\n<h4>SEGUROS<\/h4>\n<p>Si lo desea, puede adquirir un seguro de viaje que incluye un seguro de equipaje suplementario, hasta un valor m\u00e1ximo de 500, 1.000 \u00f3 1.500 Euros.<\/p>\n<p>&nbsp;<\/p>\n<div>&nbsp;<\/div>\n<p>&nbsp;<\/p>\n","protected":false},"excerpt":{"rendered":"<p>Nuestro objetivo es ocuparnos de todos los detalles del viaje, incluyendo el transporte del equipaje desde Mil\u00e1n a San Remo, para que los atletas puedan concentrarse en la competici\u00f3n. La organizaci\u00f3n facilita un servicio de traslado de equipajes desde Mil\u00e1n a San Remo, con las siguientes caracter\u00edsticas: &nbsp; Tipo de equipaje desde hasta Coste Mochila [&hellip;]<\/p>\n","protected":false},"author":1,"featured_media":0,"parent":1970,"menu_order":0,"comment_status":"closed","ping_status":"closed","template":"","meta":{"_et_pb_use_builder":"","_et_pb_old_content":"","_et_gb_content_width":"","ngg_post_thumbnail":0,"footnotes":""},"class_list":["post-4610","page","type-page","status-publish","hentry"],"yoast_head":"<!-- This site is optimized with the Yoast SEO plugin v27.4 - https:\/\/yoast.com\/product\/yoast-seo-wordpress\/ -->\n<title>Equipaje | MILANO SANREMO AMATORI 2026 | MIL\u00c1N SANREMO AMATEUR 7 DE JUNIO DE 2026 | SITIO OFICIAL<\/title>\n<meta name=\"description\" content=\"Equipaje\" \/>\n<meta name=\"robots\" content=\"index, follow, max-snippet:-1, max-image-preview:large, max-video-preview:-1\" \/>\n<link rel=\"canonical\" href=\"https:\/\/milano-sanremo.org\/es\/hoteles\/transport-3\/equipaje\/\" \/>\n<meta property=\"og:locale\" content=\"es_ES\" \/>\n<meta property=\"og:type\" content=\"article\" \/>\n<meta property=\"og:title\" content=\"Equipaje | MILANO SANREMO AMATORI 2026 | MIL\u00c1N SANREMO AMATEUR 7 DE JUNIO DE 2026 | SITIO OFICIAL\" \/>\n<meta property=\"og:description\" content=\"Equipaje\" \/>\n<meta property=\"og:url\" content=\"https:\/\/milano-sanremo.org\/es\/hoteles\/transport-3\/equipaje\/\" \/>\n<meta property=\"og:site_name\" content=\"MILANO SANREMO AMATORI 2026\" \/>\n<meta property=\"article:modified_time\" content=\"2025-05-27T10:53:30+00:00\" \/>\n<meta name=\"twitter:card\" content=\"summary_large_image\" \/>\n<meta name=\"twitter:label1\" content=\"Tiempo de lectura\" \/>\n\t<meta name=\"twitter:data1\" content=\"2 minutos\" \/>\n<script type=\"application\/ld+json\" class=\"yoast-schema-graph\">{\"@context\":\"https:\\\/\\\/schema.org\",\"@graph\":[{\"@type\":\"WebPage\",\"@id\":\"https:\\\/\\\/milano-sanremo.org\\\/es\\\/hoteles\\\/transport-3\\\/equipaje\\\/\",\"url\":\"https:\\\/\\\/milano-sanremo.org\\\/es\\\/hoteles\\\/transport-3\\\/equipaje\\\/\",\"name\":\"Equipaje | MILANO SANREMO AMATORI 2026 | MIL\u00c1N SANREMO AMATEUR 7 DE JUNIO DE 2026 | SITIO OFICIAL\",\"isPartOf\":{\"@id\":\"https:\\\/\\\/milano-sanremo.org\\\/es\\\/#website\"},\"datePublished\":\"2013-11-07T09:48:23+00:00\",\"dateModified\":\"2025-05-27T10:53:30+00:00\",\"description\":\"Equipaje\",\"breadcrumb\":{\"@id\":\"https:\\\/\\\/milano-sanremo.org\\\/es\\\/hoteles\\\/transport-3\\\/equipaje\\\/#breadcrumb\"},\"inLanguage\":\"es\",\"potentialAction\":[{\"@type\":\"ReadAction\",\"target\":[\"https:\\\/\\\/milano-sanremo.org\\\/es\\\/hoteles\\\/transport-3\\\/equipaje\\\/\"]}]},{\"@type\":\"BreadcrumbList\",\"@id\":\"https:\\\/\\\/milano-sanremo.org\\\/es\\\/hoteles\\\/transport-3\\\/equipaje\\\/#breadcrumb\",\"itemListElement\":[{\"@type\":\"ListItem\",\"position\":1,\"name\":\"Home\",\"item\":\"https:\\\/\\\/milano-sanremo.org\\\/es\\\/\"},{\"@type\":\"ListItem\",\"position\":2,\"name\":\"VIAJAR\",\"item\":\"https:\\\/\\\/milano-sanremo.org\\\/es\\\/viaggio\\\/\"},{\"@type\":\"ListItem\",\"position\":3,\"name\":\"TRANSPORTES\",\"item\":\"https:\\\/\\\/milano-sanremo.org\\\/es\\\/hoteles\\\/transport-3\\\/\"},{\"@type\":\"ListItem\",\"position\":4,\"name\":\"Equipaje\"}]},{\"@type\":\"WebSite\",\"@id\":\"https:\\\/\\\/milano-sanremo.org\\\/es\\\/#website\",\"url\":\"https:\\\/\\\/milano-sanremo.org\\\/es\\\/\",\"name\":\"MILANO SANREMO AMATORI 2026\",\"description\":\"MIL\u00c1N SANREMO AMATEUR 7 DE JUNIO DE 2026 | SITIO OFICIAL\",\"potentialAction\":[{\"@type\":\"SearchAction\",\"target\":{\"@type\":\"EntryPoint\",\"urlTemplate\":\"https:\\\/\\\/milano-sanremo.org\\\/es\\\/?s={search_term_string}\"},\"query-input\":{\"@type\":\"PropertyValueSpecification\",\"valueRequired\":true,\"valueName\":\"search_term_string\"}}],\"inLanguage\":\"es\"}]}<\/script>\n<!-- \/ Yoast SEO plugin. -->","yoast_head_json":{"title":"Equipaje | MILANO SANREMO AMATORI 2026 | MIL\u00c1N SANREMO AMATEUR 7 DE JUNIO DE 2026 | SITIO OFICIAL","description":"Equipaje","robots":{"index":"index","follow":"follow","max-snippet":"max-snippet:-1","max-image-preview":"max-image-preview:large","max-video-preview":"max-video-preview:-1"},"canonical":"https:\/\/milano-sanremo.org\/es\/hoteles\/transport-3\/equipaje\/","og_locale":"es_ES","og_type":"article","og_title":"Equipaje | MILANO SANREMO AMATORI 2026 | MIL\u00c1N SANREMO AMATEUR 7 DE JUNIO DE 2026 | SITIO OFICIAL","og_description":"Equipaje","og_url":"https:\/\/milano-sanremo.org\/es\/hoteles\/transport-3\/equipaje\/","og_site_name":"MILANO SANREMO AMATORI 2026","article_modified_time":"2025-05-27T10:53:30+00:00","twitter_card":"summary_large_image","twitter_misc":{"Tiempo de lectura":"2 minutos"},"schema":{"@context":"https:\/\/schema.org","@graph":[{"@type":"WebPage","@id":"https:\/\/milano-sanremo.org\/es\/hoteles\/transport-3\/equipaje\/","url":"https:\/\/milano-sanremo.org\/es\/hoteles\/transport-3\/equipaje\/","name":"Equipaje | MILANO SANREMO AMATORI 2026 | MIL\u00c1N SANREMO AMATEUR 7 DE JUNIO DE 2026 | SITIO OFICIAL","isPartOf":{"@id":"https:\/\/milano-sanremo.org\/es\/#website"},"datePublished":"2013-11-07T09:48:23+00:00","dateModified":"2025-05-27T10:53:30+00:00","description":"Equipaje","breadcrumb":{"@id":"https:\/\/milano-sanremo.org\/es\/hoteles\/transport-3\/equipaje\/#breadcrumb"},"inLanguage":"es","potentialAction":[{"@type":"ReadAction","target":["https:\/\/milano-sanremo.org\/es\/hoteles\/transport-3\/equipaje\/"]}]},{"@type":"BreadcrumbList","@id":"https:\/\/milano-sanremo.org\/es\/hoteles\/transport-3\/equipaje\/#breadcrumb","itemListElement":[{"@type":"ListItem","position":1,"name":"Home","item":"https:\/\/milano-sanremo.org\/es\/"},{"@type":"ListItem","position":2,"name":"VIAJAR","item":"https:\/\/milano-sanremo.org\/es\/viaggio\/"},{"@type":"ListItem","position":3,"name":"TRANSPORTES","item":"https:\/\/milano-sanremo.org\/es\/hoteles\/transport-3\/"},{"@type":"ListItem","position":4,"name":"Equipaje"}]},{"@type":"WebSite","@id":"https:\/\/milano-sanremo.org\/es\/#website","url":"https:\/\/milano-sanremo.org\/es\/","name":"MILANO SANREMO AMATORI 2026","description":"MIL\u00c1N SANREMO AMATEUR 7 DE JUNIO DE 2026 | SITIO OFICIAL","potentialAction":[{"@type":"SearchAction","target":{"@type":"EntryPoint","urlTemplate":"https:\/\/milano-sanremo.org\/es\/?s={search_term_string}"},"query-input":{"@type":"PropertyValueSpecification","valueRequired":true,"valueName":"search_term_string"}}],"inLanguage":"es"}]}},"_links":{"self":[{"href":"https:\/\/milano-sanremo.org\/es\/wp-json\/wp\/v2\/pages\/4610","targetHints":{"allow":["GET"]}}],"collection":[{"href":"https:\/\/milano-sanremo.org\/es\/wp-json\/wp\/v2\/pages"}],"about":[{"href":"https:\/\/milano-sanremo.org\/es\/wp-json\/wp\/v2\/types\/page"}],"author":[{"embeddable":true,"href":"https:\/\/milano-sanremo.org\/es\/wp-json\/wp\/v2\/users\/1"}],"replies":[{"embeddable":true,"href":"https:\/\/milano-sanremo.org\/es\/wp-json\/wp\/v2\/comments?post=4610"}],"version-history":[{"count":11,"href":"https:\/\/milano-sanremo.org\/es\/wp-json\/wp\/v2\/pages\/4610\/revisions"}],"predecessor-version":[{"id":14723,"href":"https:\/\/milano-sanremo.org\/es\/wp-json\/wp\/v2\/pages\/4610\/revisions\/14723"}],"up":[{"embeddable":true,"href":"https:\/\/milano-sanremo.org\/es\/wp-json\/wp\/v2\/pages\/1970"}],"wp:attachment":[{"href":"https:\/\/milano-sanremo.org\/es\/wp-json\/wp\/v2\/media?parent=4610"}],"curies":[{"name":"wp","href":"https:\/\/api.w.org\/{rel}","templated":true}]}}