{"id":6624,"date":"2015-10-05T11:05:44","date_gmt":"2015-10-05T11:05:44","guid":{"rendered":"http:\/\/milano-sanremo.org\/?page_id=6624"},"modified":"2026-03-25T13:00:58","modified_gmt":"2026-03-25T13:00:58","slug":"hotel-atahotels-ripamonti","status":"publish","type":"page","link":"https:\/\/milano-sanremo.org\/es\/hoteles\/hoteles-2\/hotel-atahotels-ripamonti\/","title":{"rendered":"HOTEL EN MIL\u00c1N"},"content":{"rendered":"<p>[et_pb_section fb_built=\u00bb1&#8243; _builder_version=\u00bb4.16&#8243; locked=\u00bboff\u00bb global_colors_info=\u00bb{}\u00bb][et_pb_row _builder_version=\u00bb4.16&#8243; background_size=\u00bbinitial\u00bb background_position=\u00bbtop_left\u00bb background_repeat=\u00bbrepeat\u00bb global_colors_info=\u00bb{}\u00bb][et_pb_column type=\u00bb4_4&#8243; _builder_version=\u00bb4.16&#8243; custom_padding=\u00bb|||\u00bb global_colors_info=\u00bb{}\u00bb custom_padding__hover=\u00bb|||\u00bb][et_pb_text admin_label=\u00bbSottotitolo\u00bb _builder_version=\u00bb4.19.5&#8243; background_size=\u00bbinitial\u00bb background_position=\u00bbtop_left\u00bb background_repeat=\u00bbrepeat\u00bb global_colors_info=\u00bb{}\u00bb]<\/p>\n<h2 style=\"text-align: center;\">\u00a1RESERVE EL HOTEL OFICIAL DEL EVENTO S\u00d3LO EN NUESTRO SITIO WEB!<\/h2>\n<p>[\/et_pb_text][et_pb_text admin_label=\u00bbServizi\u00bb _builder_version=\u00bb4.19.5&#8243; _module_preset=\u00bbdefault\u00bb global_colors_info=\u00bb{}\u00bb]<\/p>\n<h3><span style=\"color: #ff0000;\">SERVICIOS EXCLUSIVOS RESERVADOS A LOS PARTICIPANTES QUE RESERVEN EN NUESTRO SITIO WEB<br \/>\n<\/span><\/h3>\n<ul>\n<li><span style=\"font-size: 14pt;\"><strong><span style=\"color: #ff0000;\">El hotel PREMIUM es el IBIS STYLES SETTALA MILAN designado para la salida, \u00a1exclusivo para la organizaci\u00f3n!<\/span><\/strong><\/span><\/li>\n<li><span style=\"font-size: 14pt;\"><strong><span style=\"color: #ff0000;\">  Los hoteles COMFORT est\u00e1n situados en un radio de unos 15 km de la salida.<br \/>\n<\/span><\/strong><\/span><\/li>\n<li>\n<h4><span style=\"color: #ff0000;\"><strong>Los hoteles seleccionados de Mil\u00e1n ofrecen la posibilidad de llevar la bicicleta a la habitaci\u00f3n o la organizaci\u00f3n de un dep\u00f3sito seguro.<\/strong><\/span><\/h4>\n<\/li>\n<li>\n<h4><span style=\"color: #ff0000;\"><strong> Desayuno temprano por la ma\u00f1ana: el d\u00eda del evento, el desayuno se servir\u00e1 a partir de las 5 de la ma\u00f1ana con refuerzo de hidratos de carbono (pasta y arroz) &#8211; \u00a1SERVICIO EXCLUSIVO en todos nuestros hoteles!<\/strong><\/span><\/h4>\n<\/li>\n<li>\n<h4><span style=\"color: #ff0000;\"><strong>Cena de bienvenida, para los que reserven el hotel con media pensi\u00f3n &#8211; \u00a1SERVICIO EXCLUSIVO en el hotel oficial!<\/strong><\/span><\/h4>\n<\/li>\n<\/ul>\n<p>[\/et_pb_text][\/et_pb_column][\/et_pb_row][et_pb_row _builder_version=\u00bb4.19.4&#8243; _module_preset=\u00bbdefault\u00bb global_colors_info=\u00bb{}\u00bb][et_pb_column type=\u00bb4_4&#8243; _builder_version=\u00bb4.19.4&#8243; _module_preset=\u00bbdefault\u00bb global_colors_info=\u00bb{}\u00bb][et_pb_text admin_label=\u00bbSottotitolo\u00bb _builder_version=\u00bb4.19.5&#8243; background_size=\u00bbinitial\u00bb background_position=\u00bbtop_left\u00bb background_repeat=\u00bbrepeat\u00bb global_colors_info=\u00bb{}\u00bb]<\/p>\n<h2 style=\"text-align: center;\">HOTEL PREMIUM<\/h2>\n<p>[\/et_pb_text][et_pb_pricing_tables featured_table_header_background_color=\u00bb#E02B20&#8243; header_background_color=\u00bb#E02B20&#8243; _builder_version=\u00bb4.19.5&#8243; _module_preset=\u00bbdefault\u00bb custom_padding=\u00bb11px|||||\u00bb global_colors_info=\u00bb{}\u00bb][et_pb_pricing_table title=\u00bbHABITACI\u00d3N DOBLE USO INDIVIDUAL\u00bb subtitle=\u00bbIBIS STYLE SETTALA, situado en la salida de la carrera\u00bb currency=\u00bb\u20ac\u00bb per=\u00bbpor persona y noche\u00bb sum=\u00bb215&#8243; button_url=\u00bbhttps:\/\/www.runtosanremo.it\/granfondo-milano-sanremo\/\u00bb url_new_window=\u00bbon\u00bb button_text=\u00bbRESERVAR AHORA\u00bb _builder_version=\u00bb4.19.5&#8243; _module_preset=\u00bbdefault\u00bb global_colors_info=\u00bb{}\u00bb sticky_transition=\u00bbon\u00bb]Soluci\u00f3n de habitaci\u00f3n doble de uso individual (para 1 persona)<br \/>\nMedia pensi\u00f3n con cena de bienvenida el s\u00e1bado por la noche, bebidas incluidas<br \/>\nIncluido est\u00e1 el desayuno deportivo a las 5:00 am el d\u00eda de la carrera[\/et_pb_pricing_table][et_pb_pricing_table title=\u00bbHABITACI\u00d3N DOBLE\u00bb subtitle=\u00bbIBIS STYLE SETTALA, situado en la salida de la carrera\u00bb currency=\u00bb\u20ac\u00bb per=\u00bbpor persona y noche\u00bb sum=\u00bb155&#8243; button_url=\u00bbhttps:\/\/www.runtosanremo.it\/granfondo-milano-sanremo\/\u00bb url_new_window=\u00bbon\u00bb button_text=\u00bbRESERVAR AHORA\u00bb _builder_version=\u00bb4.19.5&#8243; _module_preset=\u00bbdefault\u00bb global_colors_info=\u00bb{}\u00bb sticky_transition=\u00bbon\u00bb]Soluci\u00f3n Habitaci\u00f3n Doble (para 2 personas)<br \/>\nMedia pensi\u00f3n con cena de bienvenida el s\u00e1bado por la noche, bebidas incluidas<br \/>\nIncluido el desayuno deportivo a las 5:00 am el d\u00eda de la carrera<br \/>\nSuplemento por noche adicional, con desayuno: \u20ac 100,00[\/et_pb_pricing_table][\/et_pb_pricing_tables][et_pb_text admin_label=\u00bbSottotitolo\u00bb _builder_version=\u00bb4.19.5&#8243; background_size=\u00bbinitial\u00bb background_position=\u00bbtop_left\u00bb background_repeat=\u00bbrepeat\u00bb global_colors_info=\u00bb{}\u00bb]<\/p>\n<h2 style=\"text-align: center;\">HOTEL COMFORT<\/h2>\n<p>[\/et_pb_text][et_pb_pricing_tables featured_table_header_background_color=\u00bb#E02B20&#8243; header_background_color=\u00bb#E02B20&#8243; _builder_version=\u00bb4.19.5&#8243; _module_preset=\u00bbdefault\u00bb global_colors_info=\u00bb{}\u00bb][et_pb_pricing_table title=\u00bbHABITACI\u00d3N DOBLE USO INDIVIDUAL\u00bb subtitle=\u00bbf\u00f3rmula Ruleta, situados en un radio de 15 km desde la salida\u00bb currency=\u00bb\u20ac\u00bb per=\u00bbpor habitaci\u00f3n y noche\u00bb sum=\u00bb110&#8243; button_url=\u00bbhttps:\/\/www.runtosanremo.it\/granfondo-milano-sanremo\/\u00bb url_new_window=\u00bbon\u00bb button_text=\u00bbRESERVAR AHORA\u00bb _builder_version=\u00bb4.19.5&#8243; _module_preset=\u00bbdefault\u00bb global_colors_info=\u00bb{}\u00bb sticky_transition=\u00bbon\u00bb]Soluci\u00f3n de HABITACI\u00d3N DOBLE DE USO INDIVIDUAL (para 1 persona)<br \/>\nDesayuno deportivo a las 5:00 am el d\u00eda de la carrera[\/et_pb_pricing_table][et_pb_pricing_table title=\u00bbHABITACI\u00d3N DOBLE\u00bb subtitle=\u00bbf\u00f3rmula Ruleta, situados en un radio de 15 km desde la salida\u00bb currency=\u00bb\u20ac\u00bb per=\u00bbpor habitaci\u00f3n y noche\u00bb sum=\u00bb150&#8243; button_url=\u00bbhttps:\/\/www.runtosanremo.it\/granfondo-milano-sanremo\/\u00bb url_new_window=\u00bbon\u00bb button_text=\u00bbRESERVAR AHORA\u00bb _builder_version=\u00bb4.19.5&#8243; _module_preset=\u00bbdefault\u00bb global_colors_info=\u00bb{}\u00bb sticky_transition=\u00bbon\u00bb]Ssoluci\u00f3n de HABITACI\u00d3N DOBLE (para 2 personas)<\/p>\n<p>Desayuno deportivo a las 5:00 am el d\u00eda de la carrera[\/et_pb_pricing_table][\/et_pb_pricing_tables][et_pb_text _builder_version=\u00bb4.19.4&#8243; background_size=\u00bbinitial\u00bb background_position=\u00bbtop_left\u00bb background_repeat=\u00bbrepeat\u00bb global_colors_info=\u00bb{}\u00bb]<\/p>\n<h4>VOUCHER DE HOTEL<\/h4>\n<p>El hotel exacto se asignar\u00e1 15\/20 d\u00edas antes del evento y los vales se enviar\u00e1n por correo electr\u00f3nico.<\/p>\n<h4>PENALIZACIONES POR CANCELACI\u00d3N<\/h4>\n<p>Lea atentamente la pol\u00edtica de reservas del Hotel en <a href=\"https:\/\/milano-sanremo.org\/es\/1626-2\/politica-de-reserva\/\" target=\"_blank\" rel=\"noopener noreferrer\">esta p\u00e1gina<\/A>.[\/et_pb_text][\/et_pb_column][\/et_pb_row][\/et_pb_section]<\/p>\n","protected":false},"excerpt":{"rendered":"<p>\u00a1RESERVE EL HOTEL OFICIAL DEL EVENTO S\u00d3LO EN NUESTRO SITIO WEB!SERVICIOS EXCLUSIVOS RESERVADOS A LOS PARTICIPANTES QUE RESERVEN EN NUESTRO SITIO WEB El hotel PREMIUM es el IBIS STYLES SETTALA MILAN designado para la salida, \u00a1exclusivo para la organizaci\u00f3n! Los hoteles COMFORT est\u00e1n situados en un radio de unos 15 km de la salida. Los [&hellip;]<\/p>\n","protected":false},"author":1,"featured_media":0,"parent":1708,"menu_order":0,"comment_status":"closed","ping_status":"closed","template":"","meta":{"_et_pb_use_builder":"on","_et_pb_old_content":"","_et_gb_content_width":"","ngg_post_thumbnail":0,"footnotes":""},"class_list":["post-6624","page","type-page","status-publish","hentry"],"yoast_head":"<!-- This site is optimized with the Yoast SEO plugin v27.4 - https:\/\/yoast.com\/product\/yoast-seo-wordpress\/ -->\n<title>HOTEL EN MIL\u00c1N | MILANO SANREMO AMATORI 2026 | MIL\u00c1N SANREMO AMATEUR 7 DE JUNIO DE 2026 | SITIO OFICIAL<\/title>\n<meta name=\"description\" content=\"HOTEL EN MIL\u00c1N\" \/>\n<meta name=\"robots\" content=\"index, follow, max-snippet:-1, max-image-preview:large, max-video-preview:-1\" \/>\n<link rel=\"canonical\" href=\"https:\/\/milano-sanremo.org\/es\/hoteles\/hoteles-2\/hotel-atahotels-ripamonti\/\" \/>\n<meta property=\"og:locale\" content=\"es_ES\" \/>\n<meta property=\"og:type\" content=\"article\" \/>\n<meta property=\"og:title\" content=\"HOTEL EN MIL\u00c1N | MILANO SANREMO AMATORI 2026 | MIL\u00c1N SANREMO AMATEUR 7 DE JUNIO DE 2026 | SITIO OFICIAL\" \/>\n<meta property=\"og:description\" content=\"HOTEL EN MIL\u00c1N\" \/>\n<meta property=\"og:url\" content=\"https:\/\/milano-sanremo.org\/es\/hoteles\/hoteles-2\/hotel-atahotels-ripamonti\/\" \/>\n<meta property=\"og:site_name\" content=\"MILANO SANREMO AMATORI 2026\" \/>\n<meta property=\"article:modified_time\" content=\"2026-03-25T13:00:58+00:00\" \/>\n<meta name=\"twitter:card\" content=\"summary_large_image\" \/>\n<meta name=\"twitter:label1\" content=\"Tiempo de lectura\" \/>\n\t<meta name=\"twitter:data1\" content=\"2 minutos\" \/>\n<script type=\"application\/ld+json\" class=\"yoast-schema-graph\">{\"@context\":\"https:\\\/\\\/schema.org\",\"@graph\":[{\"@type\":\"WebPage\",\"@id\":\"https:\\\/\\\/milano-sanremo.org\\\/es\\\/hoteles\\\/hoteles-2\\\/hotel-atahotels-ripamonti\\\/\",\"url\":\"https:\\\/\\\/milano-sanremo.org\\\/es\\\/hoteles\\\/hoteles-2\\\/hotel-atahotels-ripamonti\\\/\",\"name\":\"HOTEL EN MIL\u00c1N | MILANO SANREMO AMATORI 2026 | MIL\u00c1N SANREMO AMATEUR 7 DE JUNIO DE 2026 | SITIO OFICIAL\",\"isPartOf\":{\"@id\":\"https:\\\/\\\/milano-sanremo.org\\\/es\\\/#website\"},\"datePublished\":\"2015-10-05T11:05:44+00:00\",\"dateModified\":\"2026-03-25T13:00:58+00:00\",\"description\":\"HOTEL EN MIL\u00c1N\",\"breadcrumb\":{\"@id\":\"https:\\\/\\\/milano-sanremo.org\\\/es\\\/hoteles\\\/hoteles-2\\\/hotel-atahotels-ripamonti\\\/#breadcrumb\"},\"inLanguage\":\"es\",\"potentialAction\":[{\"@type\":\"ReadAction\",\"target\":[\"https:\\\/\\\/milano-sanremo.org\\\/es\\\/hoteles\\\/hoteles-2\\\/hotel-atahotels-ripamonti\\\/\"]}]},{\"@type\":\"BreadcrumbList\",\"@id\":\"https:\\\/\\\/milano-sanremo.org\\\/es\\\/hoteles\\\/hoteles-2\\\/hotel-atahotels-ripamonti\\\/#breadcrumb\",\"itemListElement\":[{\"@type\":\"ListItem\",\"position\":1,\"name\":\"Home\",\"item\":\"https:\\\/\\\/milano-sanremo.org\\\/es\\\/\"},{\"@type\":\"ListItem\",\"position\":2,\"name\":\"VIAJAR\",\"item\":\"https:\\\/\\\/milano-sanremo.org\\\/es\\\/viaggio\\\/\"},{\"@type\":\"ListItem\",\"position\":3,\"name\":\"HOTELES\",\"item\":\"https:\\\/\\\/milano-sanremo.org\\\/es\\\/viaggio\\\/alberghi\\\/\"},{\"@type\":\"ListItem\",\"position\":4,\"name\":\"HOTEL EN MIL\u00c1N\"}]},{\"@type\":\"WebSite\",\"@id\":\"https:\\\/\\\/milano-sanremo.org\\\/es\\\/#website\",\"url\":\"https:\\\/\\\/milano-sanremo.org\\\/es\\\/\",\"name\":\"MILANO SANREMO AMATORI 2026\",\"description\":\"MIL\u00c1N SANREMO AMATEUR 7 DE JUNIO DE 2026 | SITIO OFICIAL\",\"potentialAction\":[{\"@type\":\"SearchAction\",\"target\":{\"@type\":\"EntryPoint\",\"urlTemplate\":\"https:\\\/\\\/milano-sanremo.org\\\/es\\\/?s={search_term_string}\"},\"query-input\":{\"@type\":\"PropertyValueSpecification\",\"valueRequired\":true,\"valueName\":\"search_term_string\"}}],\"inLanguage\":\"es\"}]}<\/script>\n<!-- \/ Yoast SEO plugin. -->","yoast_head_json":{"title":"HOTEL EN MIL\u00c1N | MILANO SANREMO AMATORI 2026 | MIL\u00c1N SANREMO AMATEUR 7 DE JUNIO DE 2026 | SITIO OFICIAL","description":"HOTEL EN MIL\u00c1N","robots":{"index":"index","follow":"follow","max-snippet":"max-snippet:-1","max-image-preview":"max-image-preview:large","max-video-preview":"max-video-preview:-1"},"canonical":"https:\/\/milano-sanremo.org\/es\/hoteles\/hoteles-2\/hotel-atahotels-ripamonti\/","og_locale":"es_ES","og_type":"article","og_title":"HOTEL EN MIL\u00c1N | MILANO SANREMO AMATORI 2026 | MIL\u00c1N SANREMO AMATEUR 7 DE JUNIO DE 2026 | SITIO OFICIAL","og_description":"HOTEL EN MIL\u00c1N","og_url":"https:\/\/milano-sanremo.org\/es\/hoteles\/hoteles-2\/hotel-atahotels-ripamonti\/","og_site_name":"MILANO SANREMO AMATORI 2026","article_modified_time":"2026-03-25T13:00:58+00:00","twitter_card":"summary_large_image","twitter_misc":{"Tiempo de lectura":"2 minutos"},"schema":{"@context":"https:\/\/schema.org","@graph":[{"@type":"WebPage","@id":"https:\/\/milano-sanremo.org\/es\/hoteles\/hoteles-2\/hotel-atahotels-ripamonti\/","url":"https:\/\/milano-sanremo.org\/es\/hoteles\/hoteles-2\/hotel-atahotels-ripamonti\/","name":"HOTEL EN MIL\u00c1N | MILANO SANREMO AMATORI 2026 | MIL\u00c1N SANREMO AMATEUR 7 DE JUNIO DE 2026 | SITIO OFICIAL","isPartOf":{"@id":"https:\/\/milano-sanremo.org\/es\/#website"},"datePublished":"2015-10-05T11:05:44+00:00","dateModified":"2026-03-25T13:00:58+00:00","description":"HOTEL EN MIL\u00c1N","breadcrumb":{"@id":"https:\/\/milano-sanremo.org\/es\/hoteles\/hoteles-2\/hotel-atahotels-ripamonti\/#breadcrumb"},"inLanguage":"es","potentialAction":[{"@type":"ReadAction","target":["https:\/\/milano-sanremo.org\/es\/hoteles\/hoteles-2\/hotel-atahotels-ripamonti\/"]}]},{"@type":"BreadcrumbList","@id":"https:\/\/milano-sanremo.org\/es\/hoteles\/hoteles-2\/hotel-atahotels-ripamonti\/#breadcrumb","itemListElement":[{"@type":"ListItem","position":1,"name":"Home","item":"https:\/\/milano-sanremo.org\/es\/"},{"@type":"ListItem","position":2,"name":"VIAJAR","item":"https:\/\/milano-sanremo.org\/es\/viaggio\/"},{"@type":"ListItem","position":3,"name":"HOTELES","item":"https:\/\/milano-sanremo.org\/es\/viaggio\/alberghi\/"},{"@type":"ListItem","position":4,"name":"HOTEL EN MIL\u00c1N"}]},{"@type":"WebSite","@id":"https:\/\/milano-sanremo.org\/es\/#website","url":"https:\/\/milano-sanremo.org\/es\/","name":"MILANO SANREMO AMATORI 2026","description":"MIL\u00c1N SANREMO AMATEUR 7 DE JUNIO DE 2026 | SITIO OFICIAL","potentialAction":[{"@type":"SearchAction","target":{"@type":"EntryPoint","urlTemplate":"https:\/\/milano-sanremo.org\/es\/?s={search_term_string}"},"query-input":{"@type":"PropertyValueSpecification","valueRequired":true,"valueName":"search_term_string"}}],"inLanguage":"es"}]}},"_links":{"self":[{"href":"https:\/\/milano-sanremo.org\/es\/wp-json\/wp\/v2\/pages\/6624","targetHints":{"allow":["GET"]}}],"collection":[{"href":"https:\/\/milano-sanremo.org\/es\/wp-json\/wp\/v2\/pages"}],"about":[{"href":"https:\/\/milano-sanremo.org\/es\/wp-json\/wp\/v2\/types\/page"}],"author":[{"embeddable":true,"href":"https:\/\/milano-sanremo.org\/es\/wp-json\/wp\/v2\/users\/1"}],"replies":[{"embeddable":true,"href":"https:\/\/milano-sanremo.org\/es\/wp-json\/wp\/v2\/comments?post=6624"}],"version-history":[{"count":30,"href":"https:\/\/milano-sanremo.org\/es\/wp-json\/wp\/v2\/pages\/6624\/revisions"}],"predecessor-version":[{"id":15451,"href":"https:\/\/milano-sanremo.org\/es\/wp-json\/wp\/v2\/pages\/6624\/revisions\/15451"}],"up":[{"embeddable":true,"href":"https:\/\/milano-sanremo.org\/es\/wp-json\/wp\/v2\/pages\/1708"}],"wp:attachment":[{"href":"https:\/\/milano-sanremo.org\/es\/wp-json\/wp\/v2\/media?parent=6624"}],"curies":[{"name":"wp","href":"https:\/\/api.w.org\/{rel}","templated":true}]}}