{"id":6755,"date":"2015-10-28T09:01:11","date_gmt":"2015-10-28T09:01:11","guid":{"rendered":"http:\/\/milano-sanremo.org\/?page_id=6755"},"modified":"2016-11-03T15:56:17","modified_gmt":"2016-11-03T15:56:17","slug":"politica-de-reserva","status":"publish","type":"page","link":"https:\/\/milano-sanremo.org\/es\/1626-2\/politica-de-reserva\/","title":{"rendered":"POL\u00cdTICA DE RESERVA"},"content":{"rendered":"<p>A continuaci\u00f3n, se recogen las Pol\u00edticas de reserva que se aplicar\u00e1n en caso de solicitar la cancelaci\u00f3n de alguno de los productos que pueden reservarse a trav\u00e9s de nuestro sitio web.<\/p>\n<h4><strong>INSCRIPCION CANCELACI\u00d3N DE LA INSCRIPCI\u00d3N<\/strong><\/h4>\n<p>La inscripci\u00f3n en el evento no es reembolsable.<\/p>\n<p>Si la cancelaci\u00f3n es anterior al 30 de abril, se emitir\u00e1 un tal\u00f3n v\u00e1lido para inscribirse en la siguiente edici\u00f3n de la marcha ciclista con un descuento del 50%.<\/p>\n<p>Si la cancelaci\u00f3n es posterior al 1 de mayo, no se efectuar\u00e1 reintegro de la tarifa de inscripci\u00f3n.<\/p>\n<p>Las solicitudes de cancelaci\u00f3n deber\u00e1n enviarse por correo electr\u00f3nico.<\/p>\n<h4><strong>INSCRIPCI\u00d3N\u00a0 &#8211; sustituciones<\/strong><\/h4>\n<p>Es posible solicitar una sustituci\u00f3n hasta el 30 de abril mediante <a href=\"mailto:assistenza@nyalatravel.com\" target=\"_blank\">correo electr\u00f3nico<\/a>.<\/p>\n<p>El coste por la gesti\u00f3n manual de la solicitud supondr\u00e1 un sobrecargo de 25.00\u20ac.<\/p>\n<h4><strong>PASE DIARIO<\/strong><\/h4>\n<p>Fecha l\u00edmite para la inscripci\u00f3n con pase diario: 30 de abril.<\/p>\n<p>Los pases diarios se deben solicitar al hacer la inscripci\u00f3n.<\/p>\n<p>En caso de solicitar el pase diario despu\u00e9s de inscribirse (y, en cualquier caso, antes del 30 de abril) se cobrar\u00e1 un suplemento de 5.00 \u20ac para cubrir los gastos de la gesti\u00f3n manual de la solicitud.<\/p>\n<p>No ser\u00e1 posible pagar el pase diario al recoger el paquete de carrera.<\/p>\n<h4><strong>HOTELES &#8211; <strong>PENALIZACIONES POR CANCELACI\u00d3N<\/strong><\/strong><\/h4>\n<p>Por favor, lea atentamente los \u201cT\u00e9rminos del contrato de venta de paquetes y servicios tur\u00edsticos\u201d al pie de la p\u00e1gina. Recordamos brevemente las penalizaciones por cancelaci\u00f3n:<\/p>\n<ul>\n<li>hasta 40 d\u00edas naturales antes del evento: 0%;<\/li>\n<li>entre 39 y 28 d\u00edas naturales antes del evento: 25%;<\/li>\n<li>entre 27 y 15 d\u00edas naturales antes del evento: 50%;<\/li>\n<li>entre 14 y 8 d\u00edas naturales antes del evento: 75%;<\/li>\n<li>en de los 7 d\u00edas naturales anteriores al evento: 100%.<\/li>\n<\/ul>\n<p>En todos los casos, se efectuar\u00e1 un cargo por servicios de 20,00\u00a0\u20ac si la cancelaci\u00f3n es parcial, o de\u00a040,00\u00a0\u20ac si es total.<\/p>\n<p style=\"padding-left: 30px;\"><strong>Tarifa por reserva anticipada<\/strong><\/p>\n<p>La tarifa por reserva anticipada se aplicar\u00e1 a las reservas realizadas y abonadas en su totalidad a fecha de 31 de enero. La tarifa por reserva anticipada no es reembolsable en ninguna circunstancia.<\/p>\n<h4>TRANSPORTES<\/h4>\n<p>Las reservas de plazas en <strong>autobuses de San Remo a Mil\u00e1n<\/strong> seguir\u00e1n la siguiente pol\u00edtica:<\/p>\n<ul>\n<li>Autobuses el domingo a las 20:00 horas y el lunes a las 9:00:\n<ul>\n<li>la reserva no es reembolsable, se utilice o no.<\/li>\n<\/ul>\n<\/li>\n<\/ul>\n<p><strong>Autobuses de Mil\u00e1n a San Remo (familiares y acompa\u00f1antes)<\/strong><\/p>\n<ul>\n<li>Autob\u00fas del domingo a las 8:00 horas:<\/li>\n<\/ul>\n<ul>\n<ul>\n<li>cancelaci\u00f3n gratuita hasta el 31 de marzo.<\/li>\n<li>100% de penalizaci\u00f3n para cancelaciones posteriores al 31 de marzo.<\/li>\n<li>en todos los casos se aplica un cargo de gesti\u00f3n de 20,00\u20ac si la cancelaci\u00f3n es parcial y de\u00a030,00\u20ac si es total.<\/li>\n<\/ul>\n<\/ul>\n<h4>TRASLADO AEROPUERTOS<\/h4>\n<p>En caso de retraso del vuelo superior a 1 hora, habr\u00e1 un cargo extra que deber\u00e1 abonarse directamente al ch\u00f3fer en efectivo.<\/p>\n<h4>EQUIPAJE<\/h4>\n<h5><strong>MALETAS Y BOLSA PORTABICICLETAS (VAC\u00cdA)<\/strong><\/h5>\n<p>El traslado de equipajes debe organizarse online con antelaci\u00f3n.<\/p>\n<p>A trav\u00e9s del sistema es posible imprimir una etiqueta en formato A4, que debe fijarse al equipaje de tal modo que el personal encargado del transporte pueda identificar el bulto y el hotel de destino.<\/p>\n<p>Una vez etiquetado, el equipaje debe dejarse en el vest\u00edbulo del hotel asociado de Mil\u00e1n donde el atleta se aloje. Desde all\u00ed, ser\u00e1 trasladado al correspondiente hotel asociado de San Remo.<\/p>\n<p>Para manifestazionentizar una gesti\u00f3n eficiente del equipaje, la organizaci\u00f3n \u00fanicamente se har\u00e1 cargo de los bultos de quienes hayan reservado sus hoteles a trav\u00e9s de la web oficial.<\/p>\n<h4><strong>REEMBOLSO<\/strong><\/h4>\n<p>Las cancelaciones y reembolsos se procesar\u00e1n al finalizar el evento.<\/p>\n","protected":false},"excerpt":{"rendered":"<p>A continuaci\u00f3n, se recogen las Pol\u00edticas de reserva que se aplicar\u00e1n en caso de solicitar la cancelaci\u00f3n de alguno de los productos que pueden reservarse a trav\u00e9s de nuestro sitio web. INSCRIPCION CANCELACI\u00d3N DE LA INSCRIPCI\u00d3N La inscripci\u00f3n en el evento no es reembolsable. Si la cancelaci\u00f3n es anterior al 30 de abril, se emitir\u00e1 [&hellip;]<\/p>\n","protected":false},"author":1,"featured_media":0,"parent":1626,"menu_order":0,"comment_status":"closed","ping_status":"closed","template":"","meta":{"_et_pb_use_builder":"","_et_pb_old_content":"","_et_gb_content_width":"","ngg_post_thumbnail":0,"footnotes":""},"class_list":["post-6755","page","type-page","status-publish","hentry"],"yoast_head":"<!-- This site is optimized with the Yoast SEO plugin v27.4 - https:\/\/yoast.com\/product\/yoast-seo-wordpress\/ -->\n<title>POL\u00cdTICA DE RESERVA | MILANO SANREMO AMATORI 2026 | MIL\u00c1N SANREMO AMATEUR 7 DE JUNIO DE 2026 | SITIO OFICIAL<\/title>\n<meta name=\"description\" content=\"POL\u00cdTICA DE RESERVA\" \/>\n<meta name=\"robots\" content=\"index, follow, max-snippet:-1, max-image-preview:large, max-video-preview:-1\" \/>\n<link rel=\"canonical\" href=\"https:\/\/milano-sanremo.org\/es\/1626-2\/politica-de-reserva\/\" \/>\n<meta property=\"og:locale\" content=\"es_ES\" \/>\n<meta property=\"og:type\" content=\"article\" \/>\n<meta property=\"og:title\" content=\"POL\u00cdTICA DE RESERVA | MILANO SANREMO AMATORI 2026 | MIL\u00c1N SANREMO AMATEUR 7 DE JUNIO DE 2026 | SITIO OFICIAL\" \/>\n<meta property=\"og:description\" content=\"POL\u00cdTICA DE RESERVA\" \/>\n<meta property=\"og:url\" content=\"https:\/\/milano-sanremo.org\/es\/1626-2\/politica-de-reserva\/\" \/>\n<meta property=\"og:site_name\" content=\"MILANO SANREMO AMATORI 2026\" \/>\n<meta property=\"article:modified_time\" content=\"2016-11-03T15:56:17+00:00\" \/>\n<meta name=\"twitter:card\" content=\"summary_large_image\" \/>\n<meta name=\"twitter:label1\" content=\"Tiempo de lectura\" \/>\n\t<meta name=\"twitter:data1\" content=\"3 minutos\" \/>\n<script type=\"application\/ld+json\" class=\"yoast-schema-graph\">{\"@context\":\"https:\\\/\\\/schema.org\",\"@graph\":[{\"@type\":\"WebPage\",\"@id\":\"https:\\\/\\\/milano-sanremo.org\\\/es\\\/1626-2\\\/politica-de-reserva\\\/\",\"url\":\"https:\\\/\\\/milano-sanremo.org\\\/es\\\/1626-2\\\/politica-de-reserva\\\/\",\"name\":\"POL\u00cdTICA DE RESERVA | MILANO SANREMO AMATORI 2026 | MIL\u00c1N SANREMO AMATEUR 7 DE JUNIO DE 2026 | SITIO OFICIAL\",\"isPartOf\":{\"@id\":\"https:\\\/\\\/milano-sanremo.org\\\/es\\\/#website\"},\"datePublished\":\"2015-10-28T09:01:11+00:00\",\"dateModified\":\"2016-11-03T15:56:17+00:00\",\"description\":\"POL\u00cdTICA DE RESERVA\",\"breadcrumb\":{\"@id\":\"https:\\\/\\\/milano-sanremo.org\\\/es\\\/1626-2\\\/politica-de-reserva\\\/#breadcrumb\"},\"inLanguage\":\"es\",\"potentialAction\":[{\"@type\":\"ReadAction\",\"target\":[\"https:\\\/\\\/milano-sanremo.org\\\/es\\\/1626-2\\\/politica-de-reserva\\\/\"]}]},{\"@type\":\"BreadcrumbList\",\"@id\":\"https:\\\/\\\/milano-sanremo.org\\\/es\\\/1626-2\\\/politica-de-reserva\\\/#breadcrumb\",\"itemListElement\":[{\"@type\":\"ListItem\",\"position\":1,\"name\":\"Home\",\"item\":\"https:\\\/\\\/milano-sanremo.org\\\/es\\\/\"},{\"@type\":\"ListItem\",\"position\":2,\"name\":\"INFORMACI\u00d3N\",\"item\":\"https:\\\/\\\/milano-sanremo.org\\\/es\\\/informazioni-sito\\\/\"},{\"@type\":\"ListItem\",\"position\":3,\"name\":\"POL\u00cdTICA DE RESERVA\"}]},{\"@type\":\"WebSite\",\"@id\":\"https:\\\/\\\/milano-sanremo.org\\\/es\\\/#website\",\"url\":\"https:\\\/\\\/milano-sanremo.org\\\/es\\\/\",\"name\":\"MILANO SANREMO AMATORI 2026\",\"description\":\"MIL\u00c1N SANREMO AMATEUR 7 DE JUNIO DE 2026 | SITIO OFICIAL\",\"potentialAction\":[{\"@type\":\"SearchAction\",\"target\":{\"@type\":\"EntryPoint\",\"urlTemplate\":\"https:\\\/\\\/milano-sanremo.org\\\/es\\\/?s={search_term_string}\"},\"query-input\":{\"@type\":\"PropertyValueSpecification\",\"valueRequired\":true,\"valueName\":\"search_term_string\"}}],\"inLanguage\":\"es\"}]}<\/script>\n<!-- \/ Yoast SEO plugin. -->","yoast_head_json":{"title":"POL\u00cdTICA DE RESERVA | MILANO SANREMO AMATORI 2026 | MIL\u00c1N SANREMO AMATEUR 7 DE JUNIO DE 2026 | SITIO OFICIAL","description":"POL\u00cdTICA DE RESERVA","robots":{"index":"index","follow":"follow","max-snippet":"max-snippet:-1","max-image-preview":"max-image-preview:large","max-video-preview":"max-video-preview:-1"},"canonical":"https:\/\/milano-sanremo.org\/es\/1626-2\/politica-de-reserva\/","og_locale":"es_ES","og_type":"article","og_title":"POL\u00cdTICA DE RESERVA | MILANO SANREMO AMATORI 2026 | MIL\u00c1N SANREMO AMATEUR 7 DE JUNIO DE 2026 | SITIO OFICIAL","og_description":"POL\u00cdTICA DE RESERVA","og_url":"https:\/\/milano-sanremo.org\/es\/1626-2\/politica-de-reserva\/","og_site_name":"MILANO SANREMO AMATORI 2026","article_modified_time":"2016-11-03T15:56:17+00:00","twitter_card":"summary_large_image","twitter_misc":{"Tiempo de lectura":"3 minutos"},"schema":{"@context":"https:\/\/schema.org","@graph":[{"@type":"WebPage","@id":"https:\/\/milano-sanremo.org\/es\/1626-2\/politica-de-reserva\/","url":"https:\/\/milano-sanremo.org\/es\/1626-2\/politica-de-reserva\/","name":"POL\u00cdTICA DE RESERVA | MILANO SANREMO AMATORI 2026 | MIL\u00c1N SANREMO AMATEUR 7 DE JUNIO DE 2026 | SITIO OFICIAL","isPartOf":{"@id":"https:\/\/milano-sanremo.org\/es\/#website"},"datePublished":"2015-10-28T09:01:11+00:00","dateModified":"2016-11-03T15:56:17+00:00","description":"POL\u00cdTICA DE RESERVA","breadcrumb":{"@id":"https:\/\/milano-sanremo.org\/es\/1626-2\/politica-de-reserva\/#breadcrumb"},"inLanguage":"es","potentialAction":[{"@type":"ReadAction","target":["https:\/\/milano-sanremo.org\/es\/1626-2\/politica-de-reserva\/"]}]},{"@type":"BreadcrumbList","@id":"https:\/\/milano-sanremo.org\/es\/1626-2\/politica-de-reserva\/#breadcrumb","itemListElement":[{"@type":"ListItem","position":1,"name":"Home","item":"https:\/\/milano-sanremo.org\/es\/"},{"@type":"ListItem","position":2,"name":"INFORMACI\u00d3N","item":"https:\/\/milano-sanremo.org\/es\/informazioni-sito\/"},{"@type":"ListItem","position":3,"name":"POL\u00cdTICA DE RESERVA"}]},{"@type":"WebSite","@id":"https:\/\/milano-sanremo.org\/es\/#website","url":"https:\/\/milano-sanremo.org\/es\/","name":"MILANO SANREMO AMATORI 2026","description":"MIL\u00c1N SANREMO AMATEUR 7 DE JUNIO DE 2026 | SITIO OFICIAL","potentialAction":[{"@type":"SearchAction","target":{"@type":"EntryPoint","urlTemplate":"https:\/\/milano-sanremo.org\/es\/?s={search_term_string}"},"query-input":{"@type":"PropertyValueSpecification","valueRequired":true,"valueName":"search_term_string"}}],"inLanguage":"es"}]}},"_links":{"self":[{"href":"https:\/\/milano-sanremo.org\/es\/wp-json\/wp\/v2\/pages\/6755","targetHints":{"allow":["GET"]}}],"collection":[{"href":"https:\/\/milano-sanremo.org\/es\/wp-json\/wp\/v2\/pages"}],"about":[{"href":"https:\/\/milano-sanremo.org\/es\/wp-json\/wp\/v2\/types\/page"}],"author":[{"embeddable":true,"href":"https:\/\/milano-sanremo.org\/es\/wp-json\/wp\/v2\/users\/1"}],"replies":[{"embeddable":true,"href":"https:\/\/milano-sanremo.org\/es\/wp-json\/wp\/v2\/comments?post=6755"}],"version-history":[{"count":12,"href":"https:\/\/milano-sanremo.org\/es\/wp-json\/wp\/v2\/pages\/6755\/revisions"}],"predecessor-version":[{"id":6896,"href":"https:\/\/milano-sanremo.org\/es\/wp-json\/wp\/v2\/pages\/6755\/revisions\/6896"}],"up":[{"embeddable":true,"href":"https:\/\/milano-sanremo.org\/es\/wp-json\/wp\/v2\/pages\/1626"}],"wp:attachment":[{"href":"https:\/\/milano-sanremo.org\/es\/wp-json\/wp\/v2\/media?parent=6755"}],"curies":[{"name":"wp","href":"https:\/\/api.w.org\/{rel}","templated":true}]}}