{"id":15144,"date":"2025-12-02T14:41:43","date_gmt":"2025-12-02T14:41:43","guid":{"rendered":"https:\/\/milano-sanremo.org\/?page_id=15144"},"modified":"2025-12-02T14:43:12","modified_gmt":"2025-12-02T14:43:12","slug":"prevente-exclusive-diamant","status":"publish","type":"page","link":"https:\/\/milano-sanremo.org\/fr\/prevente-exclusive-diamant\/","title":{"rendered":"PR\u00c9VENTE EXCLUSIVE &#8211; DIAMANT"},"content":{"rendered":"<p>[et_pb_section fb_built=\u00a0\u00bb1&Prime; _builder_version=\u00a0\u00bb4.27.4&Prime; _module_preset=\u00a0\u00bbdefault\u00a0\u00bb global_colors_info=\u00a0\u00bb{}\u00a0\u00bb][et_pb_row _builder_version=\u00a0\u00bb4.27.4&Prime; _module_preset=\u00a0\u00bbdefault\u00a0\u00bb global_colors_info=\u00a0\u00bb{}\u00a0\u00bb][et_pb_column type=\u00a0\u00bb4_4&Prime; _builder_version=\u00a0\u00bb4.27.4&Prime; _module_preset=\u00a0\u00bbdefault\u00a0\u00bb global_colors_info=\u00a0\u00bb{}\u00a0\u00bb][et_pb_text _builder_version=\u00a0\u00bb4.27.4&Prime; _module_preset=\u00a0\u00bbdefault\u00a0\u00bb global_colors_info=\u00a0\u00bb{}\u00a0\u00bb]<\/p>\n<h4> Pr\u00e9vente Exclusive Diamond Ouverte !<br \/>\nVous souhaitez garantir un d\u00e9part en premi\u00e8re grille pour la Milano Sanremo Amatori 2026 ? D\u00e8s aujourd\u2019hui, c\u2019est possible !<br \/>\nLe Pack Diamond vous garantit un dossard en premi\u00e8re grille bien avant l\u2019ouverture officielle des inscriptions.<br \/>\nDisponible uniquement pour les 50 premiers participants !<br \/>\nLa Milano Sanremo Amatori aura lieu le dimanche 7 juin 2026 : ne manquez pas l\u2019occasion de partir devant tout le monde.<\/h4>\n<p>[\/et_pb_text][\/et_pb_column][\/et_pb_row][et_pb_row column_structure=\u00a0\u00bb1_2,1_2&Prime; _builder_version=\u00a0\u00bb4.27.4&Prime; _module_preset=\u00a0\u00bbdefault\u00a0\u00bb custom_css_free_form=\u00a0\u00bb.diamond-package {||  background:#ffffff;||  border-radius:16px;||  border-top:4px solid #cf2e2e;||  box-shadow:0 10px 25px rgba(0,0,0,0.08);||  padding:24px 22px 20px;||  font-size:15px;||  line-height:1.5;||}||.diamond-package h3 {||  margin:0 0 4px;||  font-size:22px;||  text-transform:uppercase;||  letter-spacing:0.06em;||}||.diamond-package .dp-subtitle {||  margin:0 0 16px;||  font-weight:600;||  color:#666;||  text-transform:uppercase;||  font-size:12px;||  letter-spacing:0.14em;||}||.diamond-package h4 {||  font-size:14px;||  text-transform:uppercase;||  letter-spacing:0.08em;||  margin:16px 0 6px;||  color:#b27b00;||}||.diamond-package h5 {||  font-size:13px;||  text-transform:uppercase;||  margin:10px 0 4px;||  color:#0b7c76;||}||.diamond-package ul {||  margin:0 0 8px 1.2rem;||  padding:0;||}||.diamond-package li {||  margin-bottom:4px;||}||.diamond-package .dp-footer {||  margin-top:12px;||  padding-top:10px;||  border-top:1px solid rgba(0,0,0,0.06);||  font-size:13px;||  color:#555;||}||.diamond-package .dp-tag {||  display:inline-block;||  padding:3px 9px;||  border-radius:999px;||  background:#f5f3eb;||  color:#7b5a00;||  font-size:11px;||  text-transform:uppercase;||  letter-spacing:0.12em;||  margin-bottom:8px;||}||||.diamond-price {||  margin: 18px 0 12px;||  font-size: 26px;||  font-weight: 700;||  color: #b27b00;||  letter-spacing: 0.02em;||}||||.diamond-price small {||  font-size: 14px;||  font-weight: 400;||  color: #666;||}\u00a0\u00bb global_colors_info=\u00a0\u00bb{}\u00a0\u00bb][et_pb_column type=\u00a0\u00bb1_2&Prime; _builder_version=\u00a0\u00bb4.27.4&Prime; _module_preset=\u00a0\u00bbdefault\u00a0\u00bb global_colors_info=\u00a0\u00bb{}\u00a0\u00bb][et_pb_text _builder_version=\u00a0\u00bb4.27.4&Prime; _module_preset=\u00a0\u00bbdefault\u00a0\u00bb global_colors_info=\u00a0\u00bb{}\u00a0\u00bb]<\/p>\n<div class=\"diamond-package\">\n  <span class=\"dp-tag\">Pack Diamond<\/span><\/p>\n<h3>Diamond 2 Nuits<\/h3>\n<p class=\"dp-subtitle\">2 athl\u00e8tes<\/p>\n<div class=\"diamond-price\">\n    \u20ac 979 <small>\/ pack<\/small>\n  <\/div>\n<h4>Ce que le pack comprend<\/h4>\n<h5>\u00e0 Milan<\/h5>\n<ul>\n<li>1 \u00d7 nuit dans l\u2019h\u00f4tel officiel 4 \u00e9toiles situ\u00e9 directement sur la zone de d\u00e9part de l\u2019\u00e9v\u00e9nement (exclusivit\u00e9 de l\u2019organisation) \u2013 chambre twin.<\/li>\n<li>H\u00e9bergement en chambre \u00e0 lits jumeaux \u2013 disponibilit\u00e9 limit\u00e9e.<\/li>\n<li>2 \u00d7 d\u00eeners de bienvenue \u00e0 l\u2019h\u00f4tel le samedi soir (exclusivit\u00e9 de l\u2019organisation).<\/li>\n<li>2 \u00d7 petits-d\u00e9jeuners sportifs \u00e0 5h le jour de la course (exclusivit\u00e9 de l\u2019organisation).<\/li>\n<li>2 \u00d7 inscriptions GOLD \u2013 premi\u00e8re grille garantie.<\/li>\n<li>2 \u00d7 transferts de bagages directement de l\u2019h\u00f4tel de Milan \u00e0 l\u2019h\u00f4tel de Sanremo sans suppl\u00e9ment.<\/li>\n<\/ul>\n<h5>\u00e0 Sanremo<\/h5>\n<ul>\n<li>1 \u00d7 nuit dans l\u2019h\u00f4tel officiel 4 \u00e9toiles de Sanremo.<\/li>\n<li>H\u00e9bergement en chambre \u00e0 lits jumeaux \u2013 disponibilit\u00e9 limit\u00e9e.<\/li>\n<li>2 \u00d7 d\u00eeners \u00e0 l\u2019h\u00f4tel le dimanche soir.<\/li>\n<li>2 \u00d7 t-shirts techniques officiels.<\/li>\n<li>2 \u00d7 gadgets exclusifs r\u00e9serv\u00e9s aux participants Diamond.<\/li>\n<\/ul>\n<div class=\"dp-footer\">\n    <strong>Non inclus<\/strong><\/p>\n<ul>\n<li>Le voyage aller\/retour pour se rendre en Italie.<\/li>\n<li>Les pourboires et d\u00e9penses personnelles.<\/li>\n<li>Tout ce qui n\u2019est pas sp\u00e9cifi\u00e9 dans \u00ab Ce que le pack comprend \u00bb.<\/li>\n<\/ul>\n<p>    <strong>Notes<\/strong><\/p>\n<ul>\n<li>Aucune chambre triple disponible.<\/li>\n<\/ul>\n<p>    <strong>Politique de r\u00e9servation<\/strong><\/p>\n<ul>\n<li>Une fois achet\u00e9, le pack n\u2019est pas remboursable, qu\u2019il soit utilis\u00e9 ou non.<\/li>\n<li>Le changement de nom est autoris\u00e9 gratuitement jusqu\u2019au 28 f\u00e9vrier.<\/li>\n<\/ul><\/div>\n<\/div>\n<p>[\/et_pb_text][et_pb_button button_url=\u00a0\u00bbhttps:\/\/www.runtosanremo.it\/fr\/granfondo-milano-sanremo\/2026-iscrizione-diamond\/\u00a0\u00bb button_text=\u00a0\u00bbS&rsquo;INSCRIRE\u00a0\u00bb button_alignment=\u00a0\u00bbcenter\u00a0\u00bb _builder_version=\u00a0\u00bb4.27.4&Prime; _module_preset=\u00a0\u00bbdefault\u00a0\u00bb hover_enabled=\u00a0\u00bb0&Prime; global_colors_info=\u00a0\u00bb{}\u00a0\u00bb sticky_enabled=\u00a0\u00bb0&Prime;][\/et_pb_button][\/et_pb_column][et_pb_column type=\u00a0\u00bb1_2&Prime; _builder_version=\u00a0\u00bb4.27.4&Prime; _module_preset=\u00a0\u00bbdefault\u00a0\u00bb global_colors_info=\u00a0\u00bb{}\u00a0\u00bb][et_pb_text _builder_version=\u00a0\u00bb4.27.4&Prime; _module_preset=\u00a0\u00bbdefault\u00a0\u00bb global_colors_info=\u00a0\u00bb{}\u00a0\u00bb]<\/p>\n<div class=\"diamond-package\">\n  <span class=\"dp-tag\">Pack Diamond<\/span><\/p>\n<h3>Diamond 2 Nuits<\/h3>\n<p class=\"dp-subtitle\">1 athl\u00e8te + 1 accompagnateur<\/p>\n<div class=\"diamond-price\">\n    \u20ac 829 <small>\/ pack<\/small>\n  <\/div>\n<h4>Ce que le pack comprend<\/h4>\n<h5>\u00e0 Milan<\/h5>\n<ul>\n<li>1 \u00d7 nuit dans l\u2019h\u00f4tel officiel 4 \u00e9toiles situ\u00e9 directement sur la zone de d\u00e9part (exclusivit\u00e9 de l\u2019organisation) \u2013 chambre double.<\/li>\n<li>2 \u00d7 d\u00eeners de bienvenue \u00e0 l\u2019h\u00f4tel le samedi soir (exclusivit\u00e9 de l\u2019organisation).<\/li>\n<li>1 \u00d7 petit-d\u00e9jeuner sportif \u00e0 5h le jour de la course (exclusivit\u00e9 de l\u2019organisation).<\/li>\n<li>1 \u00d7 petit-d\u00e9jeuner classique pour l\u2019accompagnateur.<\/li>\n<li>1 \u00d7 inscription GOLD \u2013 premi\u00e8re grille garantie.<\/li>\n<li>1 \u00d7 transfert de l\u2019accompagnateur de Milan \u00e0 Sanremo (zone d\u2019arriv\u00e9e).<\/li>\n<li>2 \u00d7 transferts de bagages de Milan \u00e0 Sanremo sans suppl\u00e9ment.<\/li>\n<\/ul>\n<h5>\u00e0 Sanremo<\/h5>\n<ul>\n<li>1 \u00d7 nuit dans l\u2019h\u00f4tel officiel 4 \u00e9toiles de Sanremo.<\/li>\n<li>H\u00e9bergement en chambre double.<\/li>\n<li>2 \u00d7 d\u00eeners \u00e0 l\u2019h\u00f4tel le dimanche soir.<\/li>\n<li>1 \u00d7 t-shirt technique officiel.<\/li>\n<li>1 \u00d7 gadget exclusif pour les participants Diamond.<\/li>\n<\/ul>\n<div class=\"dp-footer\">\n    <strong>Non inclus<\/strong><\/p>\n<ul>\n<li>Le voyage aller\/retour pour se rendre en Italie.<\/li>\n<li>Les pourboires et d\u00e9penses personnelles.<\/li>\n<li>Tout ce qui n\u2019est pas sp\u00e9cifi\u00e9 dans \u00ab Ce que le pack comprend \u00bb.<\/li>\n<\/ul>\n<p>    <strong>Notes<\/strong><\/p>\n<ul>\n<li>Aucune chambre triple disponible.<\/li>\n<\/ul>\n<p>    <strong>Politique de r\u00e9servation<\/strong><\/p>\n<ul>\n<li>Une fois achet\u00e9, le pack n\u2019est pas remboursable, qu\u2019il soit utilis\u00e9 ou non.<\/li>\n<li>Le changement de nom est autoris\u00e9 gratuitement jusqu\u2019au 28 f\u00e9vrier.<\/li>\n<\/ul><\/div>\n<\/div>\n<p>[\/et_pb_text][et_pb_button button_url=\u00a0\u00bbhttps:\/\/www.runtosanremo.it\/fr\/granfondo-milano-sanremo\/2026-iscrizione-diamond\/\u00a0\u00bb button_text=\u00a0\u00bbS&rsquo;INSCRIRE\u00a0\u00bb button_alignment=\u00a0\u00bbcenter\u00a0\u00bb _builder_version=\u00a0\u00bb4.27.4&Prime; _module_preset=\u00a0\u00bbdefault\u00a0\u00bb hover_enabled=\u00a0\u00bb0&Prime; global_colors_info=\u00a0\u00bb{}\u00a0\u00bb sticky_enabled=\u00a0\u00bb0&Prime;][\/et_pb_button][\/et_pb_column][\/et_pb_row][et_pb_row column_structure=\u00a0\u00bb1_2,1_2&Prime; _builder_version=\u00a0\u00bb4.27.4&Prime; _module_preset=\u00a0\u00bbdefault\u00a0\u00bb global_colors_info=\u00a0\u00bb{}\u00a0\u00bb][et_pb_column type=\u00a0\u00bb1_2&Prime; _builder_version=\u00a0\u00bb4.27.4&Prime; _module_preset=\u00a0\u00bbdefault\u00a0\u00bb global_colors_info=\u00a0\u00bb{}\u00a0\u00bb][et_pb_text _builder_version=\u00a0\u00bb4.27.4&Prime; _module_preset=\u00a0\u00bbdefault\u00a0\u00bb global_colors_info=\u00a0\u00bb{}\u00a0\u00bb]<\/p>\n<div class=\"diamond-package\">\n  <span class=\"dp-tag\">Pack Diamond<\/span><\/p>\n<h3>Diamond 3 Nuits<\/h3>\n<p class=\"dp-subtitle\">2 athl\u00e8tes<\/p>\n<div class=\"diamond-price\">\n    \u20ac 1.259 <small>\/ pack<\/small>\n  <\/div>\n<h4>Ce que le pack comprend<\/h4>\n<h5>\u00e0 Milan<\/h5>\n<ul>\n<li>2 \u00d7 nuits dans l\u2019h\u00f4tel officiel 4 \u00e9toiles situ\u00e9 directement sur la zone de d\u00e9part (exclusivit\u00e9 de l\u2019organisation) \u2013 chambre twin.<\/li>\n<li>1 \u00d7 h\u00e9bergement en chambre \u00e0 lits jumeaux \u2013 disponibilit\u00e9 limit\u00e9e.<\/li>\n<li>2 \u00d7 d\u00eeners de bienvenue \u00e0 l\u2019h\u00f4tel le samedi soir (exclusivit\u00e9 de l\u2019organisation).<\/li>\n<li>2 \u00d7 petits-d\u00e9jeuners sportifs \u00e0 5h le jour de la course (exclusivit\u00e9 de l\u2019organisation).<\/li>\n<li>2 \u00d7 inscriptions GOLD \u2013 premi\u00e8re grille garantie.<\/li>\n<li>2 \u00d7 transferts de bagages de Milan \u00e0 Sanremo sans suppl\u00e9ment.<\/li>\n<\/ul>\n<h5>\u00e0 Sanremo<\/h5>\n<ul>\n<li>1 \u00d7 nuit dans l\u2019h\u00f4tel officiel 4 \u00e9toiles de Sanremo.<\/li>\n<li>H\u00e9bergement en chambre \u00e0 lits jumeaux \u2013 disponibilit\u00e9 limit\u00e9e.<\/li>\n<li>2 \u00d7 d\u00eeners \u00e0 l\u2019h\u00f4tel le dimanche soir.<\/li>\n<li>2 \u00d7 t-shirts techniques officiels.<\/li>\n<li>2 \u00d7 gadgets exclusifs Diamond.<\/li>\n<\/ul>\n<div class=\"dp-footer\">\n    <strong>Non inclus<\/strong><\/p>\n<ul>\n<li>Le voyage aller\/retour pour se rendre en Italie.<\/li>\n<li>Les pourboires et d\u00e9penses personnelles.<\/li>\n<li>Tout ce qui n\u2019est pas sp\u00e9cifi\u00e9 dans \u00ab Ce que le pack comprend \u00bb.<\/li>\n<\/ul>\n<p>    <strong>Notes<\/strong><\/p>\n<ul>\n<li>Aucune chambre triple disponible.<\/li>\n<\/ul>\n<p>    <strong>Politique de r\u00e9servation<\/strong><\/p>\n<ul>\n<li>Une fois achet\u00e9, le pack n\u2019est pas remboursable, qu\u2019il soit utilis\u00e9 ou non.<\/li>\n<li>Le changement de nom est autoris\u00e9 gratuitement jusqu\u2019au 28 f\u00e9vrier.<\/li>\n<\/ul><\/div>\n<\/div>\n<p>[\/et_pb_text][et_pb_button button_url=\u00a0\u00bbhttps:\/\/www.runtosanremo.it\/fr\/granfondo-milano-sanremo\/2026-iscrizione-diamond\/\u00a0\u00bb button_text=\u00a0\u00bbS&rsquo;INSCRIRE\u00a0\u00bb button_alignment=\u00a0\u00bbcenter\u00a0\u00bb _builder_version=\u00a0\u00bb4.27.4&Prime; _module_preset=\u00a0\u00bbdefault\u00a0\u00bb hover_enabled=\u00a0\u00bb0&Prime; global_colors_info=\u00a0\u00bb{}\u00a0\u00bb sticky_enabled=\u00a0\u00bb0&Prime;][\/et_pb_button][\/et_pb_column][et_pb_column type=\u00a0\u00bb1_2&Prime; _builder_version=\u00a0\u00bb4.27.4&Prime; _module_preset=\u00a0\u00bbdefault\u00a0\u00bb global_colors_info=\u00a0\u00bb{}\u00a0\u00bb][et_pb_text _builder_version=\u00a0\u00bb4.27.4&Prime; _module_preset=\u00a0\u00bbdefault\u00a0\u00bb global_colors_info=\u00a0\u00bb{}\u00a0\u00bb]<\/p>\n<div class=\"diamond-package\">\n  <span class=\"dp-tag\">Pack Diamond<\/span><\/p>\n<h3>Diamond 3 Nuits<\/h3>\n<p class=\"dp-subtitle\">1 athl\u00e8te + 1 accompagnateur<\/p>\n<div class=\"diamond-price\">\n    \u20ac 1.099 <small>\/ pack<\/small>\n  <\/div>\n<h4>Ce que le pack comprend<\/h4>\n<h5>\u00e0 Milan<\/h5>\n<ul>\n<li>2 \u00d7 nuits dans l\u2019h\u00f4tel officiel 4 \u00e9toiles situ\u00e9 directement sur la zone de d\u00e9part (exclusivit\u00e9 de l\u2019organisation) \u2013 chambre double.<\/li>\n<li>H\u00e9bergement en chambre double.<\/li>\n<li>2 \u00d7 d\u00eeners de bienvenue \u00e0 l\u2019h\u00f4tel le samedi soir (exclusivit\u00e9 de l\u2019organisation).<\/li>\n<li>1 \u00d7 petit-d\u00e9jeuner sportif \u00e0 5h le jour de la course (exclusivit\u00e9 de l\u2019organisation).<\/li>\n<li>1 \u00d7 petit-d\u00e9jeuner classique pour l\u2019accompagnateur.<\/li>\n<li>1 \u00d7 inscription GOLD \u2013 premi\u00e8re grille garantie.<\/li>\n<li>1 \u00d7 transfert de l\u2019accompagnateur de Milan \u00e0 Sanremo (zone d\u2019arriv\u00e9e).<\/li>\n<li>1 \u00d7 transfert de bagage de Milan \u00e0 Sanremo sans suppl\u00e9ment.<\/li>\n<\/ul>\n<h5>\u00e0 Sanremo<\/h5>\n<ul>\n<li>1 \u00d7 nuit dans l\u2019h\u00f4tel officiel 4 \u00e9toiles de Sanremo.<\/li>\n<li>H\u00e9bergement en chambre double.<\/li>\n<li>2 \u00d7 d\u00eeners \u00e0 l\u2019h\u00f4tel le dimanche soir.<\/li>\n<li>1 \u00d7 t-shirt technique officiel.<\/li>\n<li>1 \u00d7 gadget exclusif Diamond.<\/li>\n<\/ul>\n<div class=\"dp-footer\">\n    <strong>Non inclus<\/strong><\/p>\n<ul>\n<li>Le voyage aller\/retour pour se rendre en Italie.<\/li>\n<li>Les pourboires et d\u00e9penses personnelles.<\/li>\n<li>Tout ce qui n\u2019est pas sp\u00e9cifi\u00e9 dans \u00ab Ce que le pack comprend \u00bb.<\/li>\n<\/ul>\n<p>    <strong>Notes<\/strong><\/p>\n<ul>\n<li>Aucune chambre triple disponible.<\/li>\n<\/ul>\n<p>    <strong>Politique de r\u00e9servation<\/strong><\/p>\n<ul>\n<li>Une fois achet\u00e9, le pack n\u2019est pas remboursable, qu\u2019il soit utilis\u00e9 ou non.<\/li>\n<li>Le changement de nom est autoris\u00e9 gratuitement jusqu\u2019au 28 f\u00e9vrier.<\/li>\n<\/ul><\/div>\n<\/div>\n<p>[\/et_pb_text][et_pb_button button_url=\u00a0\u00bbhttps:\/\/www.runtosanremo.it\/fr\/granfondo-milano-sanremo\/2026-iscrizione-diamond\/\u00a0\u00bb button_text=\u00a0\u00bbS&rsquo;INSCRIRE\u00a0\u00bb button_alignment=\u00a0\u00bbcenter\u00a0\u00bb _builder_version=\u00a0\u00bb4.27.4&Prime; _module_preset=\u00a0\u00bbdefault\u00a0\u00bb hover_enabled=\u00a0\u00bb0&Prime; global_colors_info=\u00a0\u00bb{}\u00a0\u00bb sticky_enabled=\u00a0\u00bb0&Prime;][\/et_pb_button][\/et_pb_column][\/et_pb_row][\/et_pb_section]<\/p>\n","protected":false},"excerpt":{"rendered":"<p>Pr\u00e9vente Exclusive Diamond Ouverte ! Vous souhaitez garantir un d\u00e9part en premi\u00e8re grille pour la Milano Sanremo Amatori 2026 ? D\u00e8s aujourd\u2019hui, c\u2019est possible ! Le Pack Diamond vous garantit un dossard en premi\u00e8re grille bien avant l\u2019ouverture officielle des inscriptions. Disponible uniquement pour les 50 premiers participants ! La Milano Sanremo Amatori aura lieu [&hellip;]<\/p>\n","protected":false},"author":37,"featured_media":0,"parent":0,"menu_order":0,"comment_status":"closed","ping_status":"closed","template":"","meta":{"_et_pb_use_builder":"on","_et_pb_old_content":"","_et_gb_content_width":"","ngg_post_thumbnail":0,"footnotes":""},"class_list":["post-15144","page","type-page","status-publish","hentry"],"yoast_head":"<!-- This site is optimized with the Yoast SEO plugin v27.4 - https:\/\/yoast.com\/product\/yoast-seo-wordpress\/ -->\n<title>PR\u00c9VENTE EXCLUSIVE - DIAMANT - MILANO SANREMO AMATORI<\/title>\n<meta name=\"description\" content=\"PR\u00c9VENTE EXCLUSIVE - DIAMANT\" \/>\n<meta name=\"robots\" content=\"index, follow, max-snippet:-1, max-image-preview:large, max-video-preview:-1\" \/>\n<link rel=\"canonical\" href=\"https:\/\/milano-sanremo.org\/fr\/prevente-exclusive-diamant\/\" \/>\n<meta property=\"og:locale\" content=\"fr_FR\" \/>\n<meta property=\"og:type\" content=\"article\" \/>\n<meta property=\"og:title\" content=\"PR\u00c9VENTE EXCLUSIVE - DIAMANT - MILANO SANREMO AMATORI\" \/>\n<meta property=\"og:description\" content=\"PR\u00c9VENTE EXCLUSIVE - DIAMANT\" \/>\n<meta property=\"og:url\" content=\"https:\/\/milano-sanremo.org\/fr\/prevente-exclusive-diamant\/\" \/>\n<meta property=\"og:site_name\" content=\"MILANO SANREMO AMATORI\" \/>\n<meta property=\"article:modified_time\" content=\"2025-12-02T14:43:12+00:00\" \/>\n<meta name=\"twitter:card\" content=\"summary_large_image\" \/>\n<meta name=\"twitter:label1\" content=\"Dur\u00e9e de lecture estim\u00e9e\" \/>\n\t<meta name=\"twitter:data1\" content=\"5 minutes\" \/>\n<script type=\"application\/ld+json\" class=\"yoast-schema-graph\">{\"@context\":\"https:\\\/\\\/schema.org\",\"@graph\":[{\"@type\":\"WebPage\",\"@id\":\"https:\\\/\\\/milano-sanremo.org\\\/fr\\\/prevente-exclusive-diamant\\\/\",\"url\":\"https:\\\/\\\/milano-sanremo.org\\\/fr\\\/prevente-exclusive-diamant\\\/\",\"name\":\"PR\u00c9VENTE EXCLUSIVE - DIAMANT - MILANO SANREMO AMATORI\",\"isPartOf\":{\"@id\":\"https:\\\/\\\/milano-sanremo.org\\\/fr\\\/#website\"},\"datePublished\":\"2025-12-02T14:41:43+00:00\",\"dateModified\":\"2025-12-02T14:43:12+00:00\",\"description\":\"PR\u00c9VENTE EXCLUSIVE - DIAMANT\",\"breadcrumb\":{\"@id\":\"https:\\\/\\\/milano-sanremo.org\\\/fr\\\/prevente-exclusive-diamant\\\/#breadcrumb\"},\"inLanguage\":\"fr-FR\",\"potentialAction\":[{\"@type\":\"ReadAction\",\"target\":[\"https:\\\/\\\/milano-sanremo.org\\\/fr\\\/prevente-exclusive-diamant\\\/\"]}]},{\"@type\":\"BreadcrumbList\",\"@id\":\"https:\\\/\\\/milano-sanremo.org\\\/fr\\\/prevente-exclusive-diamant\\\/#breadcrumb\",\"itemListElement\":[{\"@type\":\"ListItem\",\"position\":1,\"name\":\"Home\",\"item\":\"https:\\\/\\\/milano-sanremo.org\\\/fr\\\/\"},{\"@type\":\"ListItem\",\"position\":2,\"name\":\"PR\u00c9VENTE EXCLUSIVE &#8211; DIAMANT\"}]},{\"@type\":\"WebSite\",\"@id\":\"https:\\\/\\\/milano-sanremo.org\\\/fr\\\/#website\",\"url\":\"https:\\\/\\\/milano-sanremo.org\\\/fr\\\/\",\"name\":\"MILANO SANREMO AMATORI\",\"description\":\"MILAN SANREMO AMATEURS | 7 JUIN 2026 | SITE OFFICIEL\",\"potentialAction\":[{\"@type\":\"SearchAction\",\"target\":{\"@type\":\"EntryPoint\",\"urlTemplate\":\"https:\\\/\\\/milano-sanremo.org\\\/fr\\\/?s={search_term_string}\"},\"query-input\":{\"@type\":\"PropertyValueSpecification\",\"valueRequired\":true,\"valueName\":\"search_term_string\"}}],\"inLanguage\":\"fr-FR\"}]}<\/script>\n<!-- \/ Yoast SEO plugin. -->","yoast_head_json":{"title":"PR\u00c9VENTE EXCLUSIVE - DIAMANT - MILANO SANREMO AMATORI","description":"PR\u00c9VENTE EXCLUSIVE - DIAMANT","robots":{"index":"index","follow":"follow","max-snippet":"max-snippet:-1","max-image-preview":"max-image-preview:large","max-video-preview":"max-video-preview:-1"},"canonical":"https:\/\/milano-sanremo.org\/fr\/prevente-exclusive-diamant\/","og_locale":"fr_FR","og_type":"article","og_title":"PR\u00c9VENTE EXCLUSIVE - DIAMANT - MILANO SANREMO AMATORI","og_description":"PR\u00c9VENTE EXCLUSIVE - DIAMANT","og_url":"https:\/\/milano-sanremo.org\/fr\/prevente-exclusive-diamant\/","og_site_name":"MILANO SANREMO AMATORI","article_modified_time":"2025-12-02T14:43:12+00:00","twitter_card":"summary_large_image","twitter_misc":{"Dur\u00e9e de lecture estim\u00e9e":"5 minutes"},"schema":{"@context":"https:\/\/schema.org","@graph":[{"@type":"WebPage","@id":"https:\/\/milano-sanremo.org\/fr\/prevente-exclusive-diamant\/","url":"https:\/\/milano-sanremo.org\/fr\/prevente-exclusive-diamant\/","name":"PR\u00c9VENTE EXCLUSIVE - DIAMANT - MILANO SANREMO AMATORI","isPartOf":{"@id":"https:\/\/milano-sanremo.org\/fr\/#website"},"datePublished":"2025-12-02T14:41:43+00:00","dateModified":"2025-12-02T14:43:12+00:00","description":"PR\u00c9VENTE EXCLUSIVE - DIAMANT","breadcrumb":{"@id":"https:\/\/milano-sanremo.org\/fr\/prevente-exclusive-diamant\/#breadcrumb"},"inLanguage":"fr-FR","potentialAction":[{"@type":"ReadAction","target":["https:\/\/milano-sanremo.org\/fr\/prevente-exclusive-diamant\/"]}]},{"@type":"BreadcrumbList","@id":"https:\/\/milano-sanremo.org\/fr\/prevente-exclusive-diamant\/#breadcrumb","itemListElement":[{"@type":"ListItem","position":1,"name":"Home","item":"https:\/\/milano-sanremo.org\/fr\/"},{"@type":"ListItem","position":2,"name":"PR\u00c9VENTE EXCLUSIVE &#8211; DIAMANT"}]},{"@type":"WebSite","@id":"https:\/\/milano-sanremo.org\/fr\/#website","url":"https:\/\/milano-sanremo.org\/fr\/","name":"MILANO SANREMO AMATORI","description":"MILAN SANREMO AMATEURS | 7 JUIN 2026 | SITE OFFICIEL","potentialAction":[{"@type":"SearchAction","target":{"@type":"EntryPoint","urlTemplate":"https:\/\/milano-sanremo.org\/fr\/?s={search_term_string}"},"query-input":{"@type":"PropertyValueSpecification","valueRequired":true,"valueName":"search_term_string"}}],"inLanguage":"fr-FR"}]}},"_links":{"self":[{"href":"https:\/\/milano-sanremo.org\/fr\/wp-json\/wp\/v2\/pages\/15144","targetHints":{"allow":["GET"]}}],"collection":[{"href":"https:\/\/milano-sanremo.org\/fr\/wp-json\/wp\/v2\/pages"}],"about":[{"href":"https:\/\/milano-sanremo.org\/fr\/wp-json\/wp\/v2\/types\/page"}],"author":[{"embeddable":true,"href":"https:\/\/milano-sanremo.org\/fr\/wp-json\/wp\/v2\/users\/37"}],"replies":[{"embeddable":true,"href":"https:\/\/milano-sanremo.org\/fr\/wp-json\/wp\/v2\/comments?post=15144"}],"version-history":[{"count":3,"href":"https:\/\/milano-sanremo.org\/fr\/wp-json\/wp\/v2\/pages\/15144\/revisions"}],"predecessor-version":[{"id":15148,"href":"https:\/\/milano-sanremo.org\/fr\/wp-json\/wp\/v2\/pages\/15144\/revisions\/15148"}],"wp:attachment":[{"href":"https:\/\/milano-sanremo.org\/fr\/wp-json\/wp\/v2\/media?parent=15144"}],"curies":[{"name":"wp","href":"https:\/\/api.w.org\/{rel}","templated":true}]}}