{"id":1559,"date":"2013-06-15T12:20:05","date_gmt":"2013-06-15T12:20:05","guid":{"rendered":"http:\/\/milano-sanremo.org\/wordpress\/?page_id=1559"},"modified":"2025-10-24T09:11:50","modified_gmt":"2025-10-24T09:11:50","slug":"1559-2","status":"publish","type":"page","link":"https:\/\/milano-sanremo.org\/fr\/inscriptions\/1559-2\/","title":{"rendered":"INSCRIPTION \u00c0 L&rsquo;\u00c9V\u00c9NEMENT"},"content":{"rendered":"<h2>L&rsquo;inscription au marathon cycliste Milan-Sanremo Amatori cyclosportive se fait exclusivement en ligne en cliquant sur \u00abS&rsquo;INSCRIRE\u00bb et en suivant la proc\u00e9dure indiqu\u00e9e.<\/h2>\n<p>&nbsp;<\/p>\n<h3>GRILLES DE D\u00c9PART<\/h3>\n<table style=\"border-collapse: collapse; width: 100%;\" border=\"1\">\n<tbody>\n<tr style=\"background-color: red;\">\n<td style=\"height: 23px; width: 14.68298109010011%;\"><span style=\"color: #ffffff;\">&nbsp;<\/span><\/td>\n<td style=\"height: 23px; width: 29.699666295884313%;\"><span style=\"color: #ffffff;\">TYPE D&rsquo;INSCRIPTION<\/span><\/td>\n<td style=\"height: 23px; width: 29.14349276974416%;\"><span style=\"color: #ffffff;\">DOSSAR DE<\/span><\/td>\n<td style=\"height: 23px; width: 26.473859844271413%;\"><span style=\"color: #ffffff;\">DOSSARD JUSQU&rsquo;A<br \/>\n<\/span><\/td>\n<\/tr>\n<tr style=\"height: 23px;\">\n<td style=\"height: 23px; width: 14.68298109010011%;\">Grille 1<\/td>\n<td style=\"height: 23px; width: 29.699666295884313%;\">GOLD<\/td>\n<td style=\"height: 23px; width: 29.14349276974416%;\">1<\/td>\n<td style=\"height: 23px; width: 26.473859844271413%;\">200<\/td>\n<\/tr>\n<tr style=\"height: 23px;\">\n<td style=\"height: 23px; width: 14.68298109010011%;\">Grille 2<\/td>\n<td style=\"height: 23px; width: 29.699666295884313%;\">TEAM PARTENAIRE<\/td>\n<td style=\"height: 23px; width: 29.14349276974416%;\">250<\/td>\n<td style=\"height: 23px; width: 26.473859844271413%;\">499<\/td>\n<\/tr>\n<tr style=\"height: 23px;\">\n<td style=\"height: 23px; width: 14.68298109010011%;\">Grille 3<\/td>\n<td style=\"height: 23px; width: 29.699666295884313%;\">SILVER<\/td>\n<td style=\"height: 23px; width: 29.14349276974416%;\">500<\/td>\n<td style=\"height: 23px; width: 26.473859844271413%;\">749<\/td>\n<\/tr>\n<tr style=\"height: 23px;\">\n<td style=\"height: 23px; width: 14.68298109010011%;\">Grille 4<\/td>\n<td style=\"height: 23px; width: 29.699666295884313%;\">SILVER<\/td>\n<td style=\"height: 23px; width: 29.14349276974416%;\">750<\/td>\n<td style=\"height: 23px; width: 26.473859844271413%;\">999<\/td>\n<\/tr>\n<tr style=\"height: 10px;\">\n<td style=\"height: 10px; width: 14.68298109010011%;\">Grille 5<\/td>\n<td style=\"height: 10px; width: 29.699666295884313%;\">SILVER<\/td>\n<td style=\"height: 10px; width: 29.14349276974416%;\">1000<\/td>\n<td style=\"height: 10px; width: 26.473859844271413%;\">1249<\/td>\n<\/tr>\n<\/tbody>\n<\/table>\n<p>Les dossards pourront \u00eatre remis apr\u00e8s v\u00e9rification des documents des athl\u00e8tes.<\/p>\n<h3>FRAIS D&rsquo;INSCRIPTION<\/h3>\n<table style=\"width: 100%; height: 368px;\" border=\"1\">\n<tbody>\n<tr style=\"background-color: red;\" align=\"center\" valign=\"middle\">\n<td style=\"text-align: center; width: 53px; height: 46px;\"><strong><span style=\"color: #ffffff;\">c\u00f4ut SILVER<\/span><\/strong><\/td>\n<td style=\"text-align: center; width: 61px; height: 46px;\"><span style=\"color: #ffffff;\"><strong>c\u00f4ut<\/strong><\/span><br \/>\n<strong><span style=\"color: #ffffff;\">GOLD<\/span><\/strong><\/td>\n<td style=\"text-align: center; width: 92px; height: 46px;\"><span style=\"color: #ffffff;\">licence journali\u00e8re<\/span><\/td>\n<td style=\"text-align: center; width: 92px; height: 46px;\"><span style=\"color: #ffffff;\">c\u00f4uts de gestion<br \/>\n<\/span><\/td>\n<td style=\"text-align: center; width: 92px; height: 46px;\"><span style=\"color: #ffffff;\">date limite<br \/>\n<\/span><\/td>\n<td style=\"text-align: center; width: 108px; height: 46px;\"><span style=\"color: #ffffff;\">T-shirt souvenir<\/span><\/td>\n<td style=\"text-align: center; width: 146px; height: 46px;\"><span style=\"color: #ffffff;\">m\u00e9thode de paiement<br \/>\n<\/span><\/td>\n<\/tr>\n<tr style=\"height: 69px;\">\n<td style=\"text-align: center; width: 53px; height: 69px;\"><strong>\u20ac 80,00<\/strong><\/td>\n<td style=\"text-align: center; width: 61px; height: 69px;\"><strong>\u20ac 125,00<\/strong><\/td>\n<td style=\"text-align: center; width: 92px; height: 69px;\">\u20ac 20,00<\/td>\n<td style=\"text-align: center; width: 92px; height: 69px;\">\u20ac 3,00<\/td>\n<td style=\"text-align: center; width: 92px; height: 69px;\">20 d\u00e9cembre<\/td>\n<td style=\"text-align: center; width: 108px; height: 69px;\">comprise<\/td>\n<td style=\"text-align: center; width: 146px; height: 69px;\">carte de cr\u00e9dit Visa\/Mastercard<\/td>\n<\/tr>\n<tr style=\"height: 69px;\">\n<td style=\"text-align: center; width: 53px; height: 69px;\"><strong>\u20ac 85<\/strong><strong>,00<\/strong><\/td>\n<td style=\"text-align: center; width: 61px; height: 69px;\"><strong>\u20ac 130,00<\/strong><\/td>\n<td style=\"text-align: center; width: 92px; height: 69px;\">\u20ac 20,00<\/td>\n<td style=\"text-align: center; width: 92px; height: 69px;\">\u20ac 3,00<\/td>\n<td style=\"text-align: center; width: 92px; height: 69px;\">20 janvier<\/td>\n<td style=\"text-align: center; width: 108px; height: 69px;\">comprise<\/td>\n<td style=\"text-align: center; width: 146px; height: 69px;\">carte de cr\u00e9dit Visa\/Mastercard<\/td>\n<\/tr>\n<tr style=\"height: 69px;\">\n<td style=\"text-align: center; width: 53px; height: 69px;\"><strong>\u20ac 95,00<\/strong><\/td>\n<td style=\"text-align: center; width: 61px; height: 69px;\"><strong>\u20ac 135,00<\/strong><\/td>\n<td style=\"text-align: center; width: 92px; height: 69px;\">\u20ac 20,00<\/td>\n<td style=\"text-align: center; width: 92px; height: 69px;\">\u20ac 3,00<\/td>\n<td style=\"text-align: center; width: 92px; height: 69px;\">20 f\u00e9vrier<\/td>\n<td style=\"text-align: center; width: 108px; height: 69px;\">comprise<\/td>\n<td style=\"text-align: center; width: 146px; height: 69px;\">carte de cr\u00e9dit Visa\/Mastercard<\/td>\n<\/tr>\n<tr style=\"height: 69px;\">\n<td style=\"text-align: center; width: 53px; height: 69px;\"><strong>\u20ac 100,00<\/strong><\/td>\n<td style=\"text-align: center; width: 61px; height: 69px;\"><strong>\u20ac 140,00<\/strong><\/td>\n<td style=\"text-align: center; width: 92px; height: 69px;\">\u20ac 20,00<\/td>\n<td style=\"text-align: center; width: 92px; height: 69px;\">\u20ac 3,00<\/td>\n<td style=\"text-align: center; width: 92px; height: 69px;\">20 mars<\/td>\n<td style=\"text-align: center; width: 108px; height: 69px;\">comprise<\/td>\n<td style=\"text-align: center; width: 146px; height: 69px;\">carte de cr\u00e9dit Visa\/Mastercard<\/td>\n<\/tr>\n<tr style=\"height: 69px;\">\n<td style=\"text-align: center; width: 53px; height: 69px;\"><strong>\u20ac 105,00<\/strong><\/td>\n<td style=\"text-align: center; width: 61px; height: 69px;\"><strong>\u20ac 145,00<\/strong><\/td>\n<td style=\"text-align: center; width: 92px; height: 69px;\">\u20ac 20,00<\/td>\n<td style=\"text-align: center; width: 92px; height: 69px;\">\u20ac 3,00<\/td>\n<td style=\"text-align: center; width: 92px; height: 69px;\">20 avril<\/td>\n<td style=\"text-align: center; width: 108px; height: 69px;\">comprise<\/td>\n<td style=\"text-align: center; width: 146px; height: 69px;\">carte de cr\u00e9dit Visa\/Mastercard<\/td>\n<\/tr>\n<tr style=\"height: 46px;\">\n<td style=\"text-align: center; width: 53px; height: 46px;\"><strong>\u20ac 110,00<\/strong><\/td>\n<td style=\"text-align: center; width: 61px; height: 46px;\"><strong>\u20ac 150,00<\/strong><\/td>\n<td style=\"text-align: center; width: 92px; height: 46px;\">\u20ac 20,00<\/td>\n<td style=\"text-align: center; width: 92px; height: 46px;\">\u20ac 3,00<\/td>\n<td style=\"text-align: center; width: 92px; height: 46px;\">31 mai<\/td>\n<td style=\"text-align: center; width: 108px; height: 46px;\">non comprise<\/td>\n<td style=\"text-align: center; width: 146px; height: 46px;\">carte de cr\u00e9dit Visa\/Mastercard<\/td>\n<\/tr>\n<tr style=\"height: 69px;\">\n<td style=\"text-align: center; width: 53px; height: 69px;\"><strong>\u20ac 120,00<\/strong><\/td>\n<td style=\"text-align: center; width: 61px; height: 69px;\"><strong>\u20ac 160,00<\/strong><\/td>\n<td style=\"text-align: center; width: 92px; height: 69px;\">non disponible<\/td>\n<td style=\"text-align: center; width: 92px; height: 69px;\">\u20ac 5,00<\/td>\n<td style=\"text-align: center; width: 92px; height: 69px;\">sur place, le jour avant la course<\/td>\n<td style=\"text-align: center; width: 108px; height: 69px;\">non comprise<\/td>\n<td style=\"text-align: center; width: 146px; height: 69px;\">esp\u00e8ces<\/td>\n<\/tr>\n<\/tbody>\n<\/table>\n<p>&nbsp;<\/p>\n","protected":false},"excerpt":{"rendered":"<p>L&rsquo;inscription au marathon cycliste Milan-Sanremo Amatori cyclosportive se fait exclusivement en ligne en cliquant sur \u00abS&rsquo;INSCRIRE\u00bb et en suivant la proc\u00e9dure indiqu\u00e9e. &nbsp; GRILLES DE D\u00c9PART &nbsp; TYPE D&rsquo;INSCRIPTION DOSSAR DE DOSSARD JUSQU&rsquo;A Grille 1 GOLD 1 200 Grille 2 TEAM PARTENAIRE 250 499 Grille 3 SILVER 500 749 Grille 4 SILVER 750 999 Grille [&hellip;]<\/p>\n","protected":false},"author":1,"featured_media":0,"parent":3624,"menu_order":0,"comment_status":"closed","ping_status":"closed","template":"","meta":{"_et_pb_use_builder":"","_et_pb_old_content":"","_et_gb_content_width":"","ngg_post_thumbnail":0,"footnotes":""},"class_list":["post-1559","page","type-page","status-publish","hentry"],"yoast_head":"<!-- This site is optimized with the Yoast SEO plugin v27.4 - https:\/\/yoast.com\/product\/yoast-seo-wordpress\/ -->\n<title>INSCRIPTION \u00c0 L&#039;\u00c9V\u00c9NEMENT | MILANO SANREMO AMATORI | MILAN SANREMO AMATEURS | 7 JUIN 2026 | SITE OFFICIEL<\/title>\n<meta name=\"description\" content=\"INSCRIPTION \u00c0 L&#039;\u00c9V\u00c9NEMENT\" \/>\n<meta name=\"robots\" content=\"index, follow, max-snippet:-1, max-image-preview:large, max-video-preview:-1\" \/>\n<link rel=\"canonical\" href=\"https:\/\/milano-sanremo.org\/fr\/inscriptions\/1559-2\/\" \/>\n<meta property=\"og:locale\" content=\"fr_FR\" \/>\n<meta property=\"og:type\" content=\"article\" \/>\n<meta property=\"og:title\" content=\"INSCRIPTION \u00c0 L&#039;\u00c9V\u00c9NEMENT | MILANO SANREMO AMATORI | MILAN SANREMO AMATEURS | 7 JUIN 2026 | SITE OFFICIEL\" \/>\n<meta property=\"og:description\" content=\"INSCRIPTION \u00c0 L&#039;\u00c9V\u00c9NEMENT\" \/>\n<meta property=\"og:url\" content=\"https:\/\/milano-sanremo.org\/fr\/inscriptions\/1559-2\/\" \/>\n<meta property=\"og:site_name\" content=\"MILANO SANREMO AMATORI\" \/>\n<meta property=\"article:modified_time\" content=\"2025-10-24T09:11:50+00:00\" \/>\n<meta name=\"twitter:card\" content=\"summary_large_image\" \/>\n<meta name=\"twitter:label1\" content=\"Dur\u00e9e de lecture estim\u00e9e\" \/>\n\t<meta name=\"twitter:data1\" content=\"2 minutes\" \/>\n<script type=\"application\/ld+json\" class=\"yoast-schema-graph\">{\"@context\":\"https:\\\/\\\/schema.org\",\"@graph\":[{\"@type\":\"WebPage\",\"@id\":\"https:\\\/\\\/milano-sanremo.org\\\/fr\\\/inscriptions\\\/1559-2\\\/\",\"url\":\"https:\\\/\\\/milano-sanremo.org\\\/fr\\\/inscriptions\\\/1559-2\\\/\",\"name\":\"INSCRIPTION \u00c0 L'\u00c9V\u00c9NEMENT | MILANO SANREMO AMATORI | MILAN SANREMO AMATEURS | 7 JUIN 2026 | SITE OFFICIEL\",\"isPartOf\":{\"@id\":\"https:\\\/\\\/milano-sanremo.org\\\/fr\\\/#website\"},\"datePublished\":\"2013-06-15T12:20:05+00:00\",\"dateModified\":\"2025-10-24T09:11:50+00:00\",\"description\":\"INSCRIPTION \u00c0 L'\u00c9V\u00c9NEMENT\",\"breadcrumb\":{\"@id\":\"https:\\\/\\\/milano-sanremo.org\\\/fr\\\/inscriptions\\\/1559-2\\\/#breadcrumb\"},\"inLanguage\":\"fr-FR\",\"potentialAction\":[{\"@type\":\"ReadAction\",\"target\":[\"https:\\\/\\\/milano-sanremo.org\\\/fr\\\/inscriptions\\\/1559-2\\\/\"]}]},{\"@type\":\"BreadcrumbList\",\"@id\":\"https:\\\/\\\/milano-sanremo.org\\\/fr\\\/inscriptions\\\/1559-2\\\/#breadcrumb\",\"itemListElement\":[{\"@type\":\"ListItem\",\"position\":1,\"name\":\"Home\",\"item\":\"https:\\\/\\\/milano-sanremo.org\\\/fr\\\/\"},{\"@type\":\"ListItem\",\"position\":2,\"name\":\"S&#8217;INSCRIRE\",\"item\":\"https:\\\/\\\/milano-sanremo.org\\\/fr\\\/iscrizioni-2\\\/\"},{\"@type\":\"ListItem\",\"position\":3,\"name\":\"INSCRIPTION \u00c0 L&#8217;\u00c9V\u00c9NEMENT\"}]},{\"@type\":\"WebSite\",\"@id\":\"https:\\\/\\\/milano-sanremo.org\\\/fr\\\/#website\",\"url\":\"https:\\\/\\\/milano-sanremo.org\\\/fr\\\/\",\"name\":\"MILANO SANREMO AMATORI\",\"description\":\"MILAN SANREMO AMATEURS | 7 JUIN 2026 | SITE OFFICIEL\",\"potentialAction\":[{\"@type\":\"SearchAction\",\"target\":{\"@type\":\"EntryPoint\",\"urlTemplate\":\"https:\\\/\\\/milano-sanremo.org\\\/fr\\\/?s={search_term_string}\"},\"query-input\":{\"@type\":\"PropertyValueSpecification\",\"valueRequired\":true,\"valueName\":\"search_term_string\"}}],\"inLanguage\":\"fr-FR\"}]}<\/script>\n<!-- \/ Yoast SEO plugin. -->","yoast_head_json":{"title":"INSCRIPTION \u00c0 L'\u00c9V\u00c9NEMENT | MILANO SANREMO AMATORI | MILAN SANREMO AMATEURS | 7 JUIN 2026 | SITE OFFICIEL","description":"INSCRIPTION \u00c0 L'\u00c9V\u00c9NEMENT","robots":{"index":"index","follow":"follow","max-snippet":"max-snippet:-1","max-image-preview":"max-image-preview:large","max-video-preview":"max-video-preview:-1"},"canonical":"https:\/\/milano-sanremo.org\/fr\/inscriptions\/1559-2\/","og_locale":"fr_FR","og_type":"article","og_title":"INSCRIPTION \u00c0 L'\u00c9V\u00c9NEMENT | MILANO SANREMO AMATORI | MILAN SANREMO AMATEURS | 7 JUIN 2026 | SITE OFFICIEL","og_description":"INSCRIPTION \u00c0 L'\u00c9V\u00c9NEMENT","og_url":"https:\/\/milano-sanremo.org\/fr\/inscriptions\/1559-2\/","og_site_name":"MILANO SANREMO AMATORI","article_modified_time":"2025-10-24T09:11:50+00:00","twitter_card":"summary_large_image","twitter_misc":{"Dur\u00e9e de lecture estim\u00e9e":"2 minutes"},"schema":{"@context":"https:\/\/schema.org","@graph":[{"@type":"WebPage","@id":"https:\/\/milano-sanremo.org\/fr\/inscriptions\/1559-2\/","url":"https:\/\/milano-sanremo.org\/fr\/inscriptions\/1559-2\/","name":"INSCRIPTION \u00c0 L'\u00c9V\u00c9NEMENT | MILANO SANREMO AMATORI | MILAN SANREMO AMATEURS | 7 JUIN 2026 | SITE OFFICIEL","isPartOf":{"@id":"https:\/\/milano-sanremo.org\/fr\/#website"},"datePublished":"2013-06-15T12:20:05+00:00","dateModified":"2025-10-24T09:11:50+00:00","description":"INSCRIPTION \u00c0 L'\u00c9V\u00c9NEMENT","breadcrumb":{"@id":"https:\/\/milano-sanremo.org\/fr\/inscriptions\/1559-2\/#breadcrumb"},"inLanguage":"fr-FR","potentialAction":[{"@type":"ReadAction","target":["https:\/\/milano-sanremo.org\/fr\/inscriptions\/1559-2\/"]}]},{"@type":"BreadcrumbList","@id":"https:\/\/milano-sanremo.org\/fr\/inscriptions\/1559-2\/#breadcrumb","itemListElement":[{"@type":"ListItem","position":1,"name":"Home","item":"https:\/\/milano-sanremo.org\/fr\/"},{"@type":"ListItem","position":2,"name":"S&#8217;INSCRIRE","item":"https:\/\/milano-sanremo.org\/fr\/iscrizioni-2\/"},{"@type":"ListItem","position":3,"name":"INSCRIPTION \u00c0 L&#8217;\u00c9V\u00c9NEMENT"}]},{"@type":"WebSite","@id":"https:\/\/milano-sanremo.org\/fr\/#website","url":"https:\/\/milano-sanremo.org\/fr\/","name":"MILANO SANREMO AMATORI","description":"MILAN SANREMO AMATEURS | 7 JUIN 2026 | SITE OFFICIEL","potentialAction":[{"@type":"SearchAction","target":{"@type":"EntryPoint","urlTemplate":"https:\/\/milano-sanremo.org\/fr\/?s={search_term_string}"},"query-input":{"@type":"PropertyValueSpecification","valueRequired":true,"valueName":"search_term_string"}}],"inLanguage":"fr-FR"}]}},"_links":{"self":[{"href":"https:\/\/milano-sanremo.org\/fr\/wp-json\/wp\/v2\/pages\/1559","targetHints":{"allow":["GET"]}}],"collection":[{"href":"https:\/\/milano-sanremo.org\/fr\/wp-json\/wp\/v2\/pages"}],"about":[{"href":"https:\/\/milano-sanremo.org\/fr\/wp-json\/wp\/v2\/types\/page"}],"author":[{"embeddable":true,"href":"https:\/\/milano-sanremo.org\/fr\/wp-json\/wp\/v2\/users\/1"}],"replies":[{"embeddable":true,"href":"https:\/\/milano-sanremo.org\/fr\/wp-json\/wp\/v2\/comments?post=1559"}],"version-history":[{"count":50,"href":"https:\/\/milano-sanremo.org\/fr\/wp-json\/wp\/v2\/pages\/1559\/revisions"}],"predecessor-version":[{"id":14951,"href":"https:\/\/milano-sanremo.org\/fr\/wp-json\/wp\/v2\/pages\/1559\/revisions\/14951"}],"up":[{"embeddable":true,"href":"https:\/\/milano-sanremo.org\/fr\/wp-json\/wp\/v2\/pages\/3624"}],"wp:attachment":[{"href":"https:\/\/milano-sanremo.org\/fr\/wp-json\/wp\/v2\/media?parent=1559"}],"curies":[{"name":"wp","href":"https:\/\/api.w.org\/{rel}","templated":true}]}}