{"id":1679,"date":"2013-06-17T07:44:00","date_gmt":"2013-06-17T07:44:00","guid":{"rendered":"http:\/\/milano-sanremo.org\/wordpress\/?page_id=1679"},"modified":"2026-01-30T11:21:38","modified_gmt":"2026-01-30T11:21:38","slug":"maglietta-ricordo-2","status":"publish","type":"page","link":"https:\/\/milano-sanremo.org\/fr\/inscriptions\/maglietta-ricordo-2\/","title":{"rendered":"MAILLOT SOUVENIR"},"content":{"rendered":"<p>[et_pb_section fb_built=\u00a0\u00bb1&Prime; admin_label=\u00a0\u00bbsection\u00a0\u00bb _builder_version=\u00a0\u00bb4.16&Prime; global_colors_info=\u00a0\u00bb{}\u00a0\u00bb][et_pb_row admin_label=\u00a0\u00bbrow\u00a0\u00bb _builder_version=\u00a0\u00bb4.16&Prime; background_size=\u00a0\u00bbinitial\u00a0\u00bb background_position=\u00a0\u00bbtop_left\u00a0\u00bb background_repeat=\u00a0\u00bbrepeat\u00a0\u00bb global_colors_info=\u00a0\u00bb{}\u00a0\u00bb][et_pb_column type=\u00a0\u00bb4_4&Prime; _builder_version=\u00a0\u00bb4.16&Prime; custom_padding=\u00a0\u00bb|||\u00a0\u00bb global_colors_info=\u00a0\u00bb{}\u00a0\u00bb custom_padding__hover=\u00a0\u00bb|||\u00a0\u00bb][et_pb_text admin_label=\u00a0\u00bbText\u00a0\u00bb _builder_version=\u00a0\u00bb4.27.5&Prime; background_size=\u00a0\u00bbinitial\u00a0\u00bb background_position=\u00a0\u00bbtop_left\u00a0\u00bb background_repeat=\u00a0\u00bbrepeat\u00a0\u00bb hover_enabled=\u00a0\u00bb0&Prime; global_colors_info=\u00a0\u00bb{}\u00a0\u00bb sticky_enabled=\u00a0\u00bb0&Prime;]<\/p>\n<h3>Pour toute inscription effectu\u00e9e au plus tard le 20 Avril, un maillot&nbsp; souvenir de la Cyclosportive Milan &#8211; San Remo Amatori sera inclus dans le kit pour la course.<\/h3>\n<p><a href=\"https:\/\/milano-sanremo.org\/wp-content\/uploads\/2026\/01\/maglia-milano-sanremo-2026.jpg\"><img loading=\"lazy\" decoding=\"async\" class=\"alignnone wp-image-15408 size-full\" src=\"https:\/\/milano-sanremo.org\/wp-content\/uploads\/2026\/01\/maglia-milano-sanremo-2026.jpg\" alt=\"maglia milano sanremo 2026\" width=\"1920\" height=\"1080\" srcset=\"https:\/\/milano-sanremo.org\/wp-content\/uploads\/2026\/01\/maglia-milano-sanremo-2026.jpg 1920w, https:\/\/milano-sanremo.org\/wp-content\/uploads\/2026\/01\/maglia-milano-sanremo-2026-1280x720.jpg 1280w, https:\/\/milano-sanremo.org\/wp-content\/uploads\/2026\/01\/maglia-milano-sanremo-2026-980x551.jpg 980w, https:\/\/milano-sanremo.org\/wp-content\/uploads\/2026\/01\/maglia-milano-sanremo-2026-480x270.jpg 480w\" sizes=\"(min-width: 0px) and (max-width: 480px) 480px, (min-width: 481px) and (max-width: 980px) 980px, (min-width: 981px) and (max-width: 1280px) 1280px, (min-width: 1281px) 1920px, 100vw\" \/><\/a><\/p>\n<p>Afin d&rsquo;obtenir le maillot souvenir, il est important que le paiement correspondant \u00e0 l&rsquo;inscription ait d\u00e9j\u00e0 \u00e9t\u00e9 effectu\u00e9 au 20 Avril. Pour \u00eatre plus pr\u00e9cis, seront pris en consid\u00e9ration :<\/p>\n<ul>\n<li>le jour du paiement par carte de cr\u00e9dit ou Paypal<\/li>\n<\/ul>\n<p>Compte tenu du temps n\u00e9cessaire \u00e0 la production, il ne vous sera pas possible d&rsquo;obtenir le t-shirt souvenir si le paiement est effectu\u00e9 avant l&rsquo;\u00e9ch\u00e9ance, mais que le paiement est re\u00e7u trop tard.<\/p>\n<h4><span style=\"color: #ff0000;\">Si vous voulez \u00eatre certain de recevoir le maillot souvenir, n&rsquo;attendez pas au 20 Avril pour vous inscrire !<\/span><\/h4>\n<h4>TAILLES DU maillot SOUVENIR<\/h4>\n<p>Les maillots&nbsp; souvenirs de cet \u00e9v\u00e9nement seront command\u00e9s sur la base des demandes re\u00e7ues via notre syst\u00e8me d&rsquo;inscription en ligne.<\/p>\n<h4>Il est donc tr\u00e8s important que vous choisissiez la bonne taille.<\/h4>\n<h2>Guide des tailles du maillot souvenir officiel.<\/h2>\n<p><img loading=\"lazy\" decoding=\"async\" class=\"alignnone size-full wp-image-10721\" src=\"https:\/\/milano-sanremo.org\/wp-content\/uploads\/2013\/06\/taglie_t-shirt_mi-sr2.jpg\" alt=\"\" width=\"650\" height=\"750\" srcset=\"https:\/\/milano-sanremo.org\/wp-content\/uploads\/2013\/06\/taglie_t-shirt_mi-sr2.jpg 650w, https:\/\/milano-sanremo.org\/wp-content\/uploads\/2013\/06\/taglie_t-shirt_mi-sr2-260x300.jpg 260w\" sizes=\"(max-width: 650px) 100vw, 650px\" \/><\/p>\n<p>Les maillots souvenirs sont command\u00e9s sur la base du nombre pr\u00e9cis de demandes re\u00e7ues.<br \/>Il est possible de demander un \u00e9change de maillot par e-mail avant la date limite du 20 avril.<\/p>\n<h4><span style=\"color: #ff0000;\">Il ne vous sera ni possible de modifier la taille de votre maillot&nbsp; apr\u00e8s le 20 Avril, ni possible de demander une taille diff\u00e9rente lors de la distribution des kits pour la course.<br \/><\/span><\/h4>\n<p>[\/et_pb_text][\/et_pb_column][\/et_pb_row][\/et_pb_section]<\/p>\n","protected":false},"excerpt":{"rendered":"<p>Pour toute inscription effectu\u00e9e au plus tard le 20 Avril, un maillot&nbsp; souvenir de la Cyclosportive Milan &#8211; San Remo Amatori sera inclus dans le kit pour la course. Afin d&rsquo;obtenir le maillot souvenir, il est important que le paiement correspondant \u00e0 l&rsquo;inscription ait d\u00e9j\u00e0 \u00e9t\u00e9 effectu\u00e9 au 20 Avril. Pour \u00eatre plus pr\u00e9cis, seront [&hellip;]<\/p>\n","protected":false},"author":1,"featured_media":0,"parent":3624,"menu_order":0,"comment_status":"closed","ping_status":"closed","template":"","meta":{"_et_pb_use_builder":"on","_et_pb_old_content":"<h3>Pour toute inscription effectu\u00e9e au plus tard le 20 Avril, un maillot\u00a0 souvenir de la Cyclosportive Milan - San Remo Amatori sera inclus dans le kit pour la course.<\/h3>\r\n<a href=\"https:\/\/milano-sanremo.org\/wp-content\/uploads\/2025\/02\/milano-sanremo-amatori-2025.jpeg\"><img class=\"aligncenter wp-image-14541 size-full\" src=\"https:\/\/milano-sanremo.org\/wp-content\/uploads\/2025\/02\/milano-sanremo-amatori-2025.jpeg\" alt=\"milano sanremo amatori 2025\" width=\"1600\" height=\"1043\"><\/a>\r\n\r\nAfin d'obtenir le maillot souvenir, il est important que le paiement correspondant \u00e0 l'inscription ait d\u00e9j\u00e0 \u00e9t\u00e9 effectu\u00e9 au 20 Avril. Pour \u00eatre plus pr\u00e9cis, seront pris en consid\u00e9ration :\r\n<ul>\r\n \t<li>le jour du paiement par carte de cr\u00e9dit ou Paypal<\/li>\r\n \t<li>le jour o\u00f9 le paiement effectu\u00e9 par virement bancaire est cr\u00e9dit\u00e9 sur notre compte bancaire, dans le cas d'un paiement par virement bancaire<\/li>\r\n<\/ul>\r\nCompte tenu du temps n\u00e9cessaire \u00e0 la production, il ne vous sera pas possible d'obtenir le t-shirt souvenir si le paiement est effectu\u00e9 avant l'\u00e9ch\u00e9ance, mais que le paiement est re\u00e7u trop tard.\r\n<h4><span style=\"color: #ff0000;\">Si vous voulez \u00eatre certain de recevoir le maillot souvenir, n'attendez pas au 20 Avril pour vous inscrire !<\/span><\/h4>\r\n<h4>TAILLES DU maillot SOUVENIR<\/h4>\r\nLes maillots\u00a0 souvenirs de cet \u00e9v\u00e9nement seront command\u00e9s sur la base des demandes re\u00e7ues via notre syst\u00e8me d'inscription en ligne.\r\n<h4>Il est donc tr\u00e8s important que vous choisissiez la bonne taille.<\/h4>\r\n<h2>Guide des tailles du maillot souvenir officiel.<\/h2>\r\n<img class=\"alignnone size-full wp-image-10721\" src=\"https:\/\/milano-sanremo.org\/wp-content\/uploads\/2013\/06\/taglie_t-shirt_mi-sr2.jpg\" alt=\"\" width=\"650\" height=\"750\">\r\n\r\nLes maillots souvenirs sont command\u00e9s sur la base du nombre pr\u00e9cis de demandes re\u00e7ues.\r\nIl est possible de demander un \u00e9change de maillot par e-mail avant la date limite du 20 avril.\r\n<h4><span style=\"color: #ff0000;\">Il ne vous sera ni possible de modifier la taille de votre maillot\u00a0 apr\u00e8s le 20 Avril, ni possible de demander une taille diff\u00e9rente lors de la distribution des kits pour la course.\r\n<\/span><\/h4>","_et_gb_content_width":"","ngg_post_thumbnail":0,"footnotes":""},"class_list":["post-1679","page","type-page","status-publish","hentry"],"yoast_head":"<!-- This site is optimized with the Yoast SEO plugin v27.4 - https:\/\/yoast.com\/product\/yoast-seo-wordpress\/ -->\n<title>MAILLOT SOUVENIR | MILANO SANREMO AMATORI | MILAN SANREMO AMATEURS | 7 JUIN 2026 | SITE OFFICIEL<\/title>\n<meta name=\"description\" content=\"Pour toute inscription effectu\u00e9e au plus tard le 20 Avril, un maillot\u00a0 souvenir de la Cyclosportive Granfondo Milan - San Remo sera inclus dans le kit pour la course.\" \/>\n<meta name=\"robots\" content=\"index, follow, max-snippet:-1, max-image-preview:large, max-video-preview:-1\" \/>\n<link rel=\"canonical\" href=\"https:\/\/milano-sanremo.org\/fr\/inscriptions\/maglietta-ricordo-2\/\" \/>\n<meta property=\"og:locale\" content=\"fr_FR\" \/>\n<meta property=\"og:type\" content=\"article\" \/>\n<meta property=\"og:title\" content=\"MAILLOT SOUVENIR | MILANO SANREMO AMATORI | MILAN SANREMO AMATEURS | 7 JUIN 2026 | SITE OFFICIEL\" \/>\n<meta property=\"og:description\" content=\"Pour toute inscription effectu\u00e9e au plus tard le 20 Avril, un maillot\u00a0 souvenir de la Cyclosportive Granfondo Milan - San Remo sera inclus dans le kit pour la course.\" \/>\n<meta property=\"og:url\" content=\"https:\/\/milano-sanremo.org\/fr\/inscriptions\/maglietta-ricordo-2\/\" \/>\n<meta property=\"og:site_name\" content=\"MILANO SANREMO AMATORI\" \/>\n<meta property=\"article:modified_time\" content=\"2026-01-30T11:21:38+00:00\" \/>\n<meta property=\"og:image\" content=\"https:\/\/milano-sanremo.org\/wp-content\/uploads\/2026\/01\/maglia-milano-sanremo-2026.jpg\" \/>\n\t<meta property=\"og:image:width\" content=\"1920\" \/>\n\t<meta property=\"og:image:height\" content=\"1080\" \/>\n\t<meta property=\"og:image:type\" content=\"image\/jpeg\" \/>\n<meta name=\"twitter:card\" content=\"summary_large_image\" \/>\n<meta name=\"twitter:label1\" content=\"Dur\u00e9e de lecture estim\u00e9e\" \/>\n\t<meta name=\"twitter:data1\" content=\"2 minutes\" \/>\n<script type=\"application\/ld+json\" class=\"yoast-schema-graph\">{\"@context\":\"https:\\\/\\\/schema.org\",\"@graph\":[{\"@type\":\"WebPage\",\"@id\":\"https:\\\/\\\/milano-sanremo.org\\\/fr\\\/inscriptions\\\/maglietta-ricordo-2\\\/\",\"url\":\"https:\\\/\\\/milano-sanremo.org\\\/fr\\\/inscriptions\\\/maglietta-ricordo-2\\\/\",\"name\":\"MAILLOT SOUVENIR | MILANO SANREMO AMATORI | MILAN SANREMO AMATEURS | 7 JUIN 2026 | SITE OFFICIEL\",\"isPartOf\":{\"@id\":\"https:\\\/\\\/milano-sanremo.org\\\/fr\\\/#website\"},\"primaryImageOfPage\":{\"@id\":\"https:\\\/\\\/milano-sanremo.org\\\/fr\\\/inscriptions\\\/maglietta-ricordo-2\\\/#primaryimage\"},\"image\":{\"@id\":\"https:\\\/\\\/milano-sanremo.org\\\/fr\\\/inscriptions\\\/maglietta-ricordo-2\\\/#primaryimage\"},\"thumbnailUrl\":\"https:\\\/\\\/milano-sanremo.org\\\/wp-content\\\/uploads\\\/2026\\\/01\\\/maglia-milano-sanremo-2026.jpg\",\"datePublished\":\"2013-06-17T07:44:00+00:00\",\"dateModified\":\"2026-01-30T11:21:38+00:00\",\"description\":\"Pour toute inscription effectu\u00e9e au plus tard le 20 Avril, un maillot\u00a0 souvenir de la Cyclosportive Granfondo Milan - San Remo sera inclus dans le kit pour la course.\",\"breadcrumb\":{\"@id\":\"https:\\\/\\\/milano-sanremo.org\\\/fr\\\/inscriptions\\\/maglietta-ricordo-2\\\/#breadcrumb\"},\"inLanguage\":\"fr-FR\",\"potentialAction\":[{\"@type\":\"ReadAction\",\"target\":[\"https:\\\/\\\/milano-sanremo.org\\\/fr\\\/inscriptions\\\/maglietta-ricordo-2\\\/\"]}]},{\"@type\":\"ImageObject\",\"inLanguage\":\"fr-FR\",\"@id\":\"https:\\\/\\\/milano-sanremo.org\\\/fr\\\/inscriptions\\\/maglietta-ricordo-2\\\/#primaryimage\",\"url\":\"https:\\\/\\\/milano-sanremo.org\\\/wp-content\\\/uploads\\\/2026\\\/01\\\/maglia-milano-sanremo-2026.jpg\",\"contentUrl\":\"https:\\\/\\\/milano-sanremo.org\\\/wp-content\\\/uploads\\\/2026\\\/01\\\/maglia-milano-sanremo-2026.jpg\"},{\"@type\":\"BreadcrumbList\",\"@id\":\"https:\\\/\\\/milano-sanremo.org\\\/fr\\\/inscriptions\\\/maglietta-ricordo-2\\\/#breadcrumb\",\"itemListElement\":[{\"@type\":\"ListItem\",\"position\":1,\"name\":\"Home\",\"item\":\"https:\\\/\\\/milano-sanremo.org\\\/fr\\\/\"},{\"@type\":\"ListItem\",\"position\":2,\"name\":\"S&#8217;INSCRIRE\",\"item\":\"https:\\\/\\\/milano-sanremo.org\\\/fr\\\/iscrizioni-2\\\/\"},{\"@type\":\"ListItem\",\"position\":3,\"name\":\"MAILLOT SOUVENIR\"}]},{\"@type\":\"WebSite\",\"@id\":\"https:\\\/\\\/milano-sanremo.org\\\/fr\\\/#website\",\"url\":\"https:\\\/\\\/milano-sanremo.org\\\/fr\\\/\",\"name\":\"MILANO SANREMO AMATORI\",\"description\":\"MILAN SANREMO AMATEURS | 7 JUIN 2026 | SITE OFFICIEL\",\"potentialAction\":[{\"@type\":\"SearchAction\",\"target\":{\"@type\":\"EntryPoint\",\"urlTemplate\":\"https:\\\/\\\/milano-sanremo.org\\\/fr\\\/?s={search_term_string}\"},\"query-input\":{\"@type\":\"PropertyValueSpecification\",\"valueRequired\":true,\"valueName\":\"search_term_string\"}}],\"inLanguage\":\"fr-FR\"}]}<\/script>\n<!-- \/ Yoast SEO plugin. -->","yoast_head_json":{"title":"MAILLOT SOUVENIR | MILANO SANREMO AMATORI | MILAN SANREMO AMATEURS | 7 JUIN 2026 | SITE OFFICIEL","description":"Pour toute inscription effectu\u00e9e au plus tard le 20 Avril, un maillot\u00a0 souvenir de la Cyclosportive Granfondo Milan - San Remo sera inclus dans le kit pour la course.","robots":{"index":"index","follow":"follow","max-snippet":"max-snippet:-1","max-image-preview":"max-image-preview:large","max-video-preview":"max-video-preview:-1"},"canonical":"https:\/\/milano-sanremo.org\/fr\/inscriptions\/maglietta-ricordo-2\/","og_locale":"fr_FR","og_type":"article","og_title":"MAILLOT SOUVENIR | MILANO SANREMO AMATORI | MILAN SANREMO AMATEURS | 7 JUIN 2026 | SITE OFFICIEL","og_description":"Pour toute inscription effectu\u00e9e au plus tard le 20 Avril, un maillot\u00a0 souvenir de la Cyclosportive Granfondo Milan - San Remo sera inclus dans le kit pour la course.","og_url":"https:\/\/milano-sanremo.org\/fr\/inscriptions\/maglietta-ricordo-2\/","og_site_name":"MILANO SANREMO AMATORI","article_modified_time":"2026-01-30T11:21:38+00:00","og_image":[{"width":1920,"height":1080,"url":"https:\/\/milano-sanremo.org\/wp-content\/uploads\/2026\/01\/maglia-milano-sanremo-2026.jpg","type":"image\/jpeg"}],"twitter_card":"summary_large_image","twitter_misc":{"Dur\u00e9e de lecture estim\u00e9e":"2 minutes"},"schema":{"@context":"https:\/\/schema.org","@graph":[{"@type":"WebPage","@id":"https:\/\/milano-sanremo.org\/fr\/inscriptions\/maglietta-ricordo-2\/","url":"https:\/\/milano-sanremo.org\/fr\/inscriptions\/maglietta-ricordo-2\/","name":"MAILLOT SOUVENIR | MILANO SANREMO AMATORI | MILAN SANREMO AMATEURS | 7 JUIN 2026 | SITE OFFICIEL","isPartOf":{"@id":"https:\/\/milano-sanremo.org\/fr\/#website"},"primaryImageOfPage":{"@id":"https:\/\/milano-sanremo.org\/fr\/inscriptions\/maglietta-ricordo-2\/#primaryimage"},"image":{"@id":"https:\/\/milano-sanremo.org\/fr\/inscriptions\/maglietta-ricordo-2\/#primaryimage"},"thumbnailUrl":"https:\/\/milano-sanremo.org\/wp-content\/uploads\/2026\/01\/maglia-milano-sanremo-2026.jpg","datePublished":"2013-06-17T07:44:00+00:00","dateModified":"2026-01-30T11:21:38+00:00","description":"Pour toute inscription effectu\u00e9e au plus tard le 20 Avril, un maillot\u00a0 souvenir de la Cyclosportive Granfondo Milan - San Remo sera inclus dans le kit pour la course.","breadcrumb":{"@id":"https:\/\/milano-sanremo.org\/fr\/inscriptions\/maglietta-ricordo-2\/#breadcrumb"},"inLanguage":"fr-FR","potentialAction":[{"@type":"ReadAction","target":["https:\/\/milano-sanremo.org\/fr\/inscriptions\/maglietta-ricordo-2\/"]}]},{"@type":"ImageObject","inLanguage":"fr-FR","@id":"https:\/\/milano-sanremo.org\/fr\/inscriptions\/maglietta-ricordo-2\/#primaryimage","url":"https:\/\/milano-sanremo.org\/wp-content\/uploads\/2026\/01\/maglia-milano-sanremo-2026.jpg","contentUrl":"https:\/\/milano-sanremo.org\/wp-content\/uploads\/2026\/01\/maglia-milano-sanremo-2026.jpg"},{"@type":"BreadcrumbList","@id":"https:\/\/milano-sanremo.org\/fr\/inscriptions\/maglietta-ricordo-2\/#breadcrumb","itemListElement":[{"@type":"ListItem","position":1,"name":"Home","item":"https:\/\/milano-sanremo.org\/fr\/"},{"@type":"ListItem","position":2,"name":"S&#8217;INSCRIRE","item":"https:\/\/milano-sanremo.org\/fr\/iscrizioni-2\/"},{"@type":"ListItem","position":3,"name":"MAILLOT SOUVENIR"}]},{"@type":"WebSite","@id":"https:\/\/milano-sanremo.org\/fr\/#website","url":"https:\/\/milano-sanremo.org\/fr\/","name":"MILANO SANREMO AMATORI","description":"MILAN SANREMO AMATEURS | 7 JUIN 2026 | SITE OFFICIEL","potentialAction":[{"@type":"SearchAction","target":{"@type":"EntryPoint","urlTemplate":"https:\/\/milano-sanremo.org\/fr\/?s={search_term_string}"},"query-input":{"@type":"PropertyValueSpecification","valueRequired":true,"valueName":"search_term_string"}}],"inLanguage":"fr-FR"}]}},"_links":{"self":[{"href":"https:\/\/milano-sanremo.org\/fr\/wp-json\/wp\/v2\/pages\/1679","targetHints":{"allow":["GET"]}}],"collection":[{"href":"https:\/\/milano-sanremo.org\/fr\/wp-json\/wp\/v2\/pages"}],"about":[{"href":"https:\/\/milano-sanremo.org\/fr\/wp-json\/wp\/v2\/types\/page"}],"author":[{"embeddable":true,"href":"https:\/\/milano-sanremo.org\/fr\/wp-json\/wp\/v2\/users\/1"}],"replies":[{"embeddable":true,"href":"https:\/\/milano-sanremo.org\/fr\/wp-json\/wp\/v2\/comments?post=1679"}],"version-history":[{"count":38,"href":"https:\/\/milano-sanremo.org\/fr\/wp-json\/wp\/v2\/pages\/1679\/revisions"}],"predecessor-version":[{"id":15419,"href":"https:\/\/milano-sanremo.org\/fr\/wp-json\/wp\/v2\/pages\/1679\/revisions\/15419"}],"up":[{"embeddable":true,"href":"https:\/\/milano-sanremo.org\/fr\/wp-json\/wp\/v2\/pages\/3624"}],"wp:attachment":[{"href":"https:\/\/milano-sanremo.org\/fr\/wp-json\/wp\/v2\/media?parent=1679"}],"curies":[{"name":"wp","href":"https:\/\/api.w.org\/{rel}","templated":true}]}}