{"id":1704,"date":"2013-06-17T08:25:49","date_gmt":"2013-06-17T08:25:49","guid":{"rendered":"http:\/\/milano-sanremo.org\/wordpress\/?page_id=1704"},"modified":"2019-10-14T08:29:44","modified_gmt":"2019-10-14T08:29:44","slug":"hotels-3","status":"publish","type":"page","link":"https:\/\/milano-sanremo.org\/fr\/voyager\/hotels-3\/","title":{"rendered":"H\u00d4TELS"},"content":{"rendered":"<h2>Afin de vous proposer les meilleures conditions possibles &#8211; exclusivement r\u00e9serv\u00e9es aux participants \u00e0 la cyclotouriste milano-sanremo &#8211; nous avons \u00e9tabli des accords extr\u00eamement avantageux avec les h\u00f4tels de Milan et de San Remo.<\/h2>\n<h4>Tous les h\u00f4tels affich\u00e9s sur le site Internet nous sont EXCLUSIFS et proposent seulement des TARIFS SP\u00c9CIAUX pour les participants \u00e0 l&rsquo;\u00e9v\u00e9nement car nous organisons un grand nombre de nuit\u00e9es.<\/h4>\n<p>&nbsp;<\/p>\n<h4 style=\"text-align: center;\"><span style=\"color: #ff0000;\">R\u00e9servez les h\u00f4tels \u00e0 des tarifs sp\u00e9ciaux &#8211; disponibles sur notre site seulement<\/span><\/h4>\n<p style=\"text-align: center;\"><a href='https:\/\/booking.milano-sanremo.org\/index.php?lang=fr' class='small-button smallbluebtn_red'>RESERVEZ MAINTENANT !<\/a><\/p>\n<p><strong>TARIFS SP\u00c9CIAUX STANDARD <\/strong><\/p>\n<p>Valables uniquement pour les r\u00e9servations directement effectu\u00e9es via notre site.<\/p>\n<table style=\"width: 100%;\">\n<thead>\n<tr>\n<th style=\"width: 15%; background-color: red;\"><span style=\"font-size: 12px; color: white;\">lieu<\/span><\/th>\n<th style=\"width: 15%; background-color: red;\"><span style=\"font-size: 12px; color: white;\">type d&rsquo;h\u00e9bergement<\/span><\/th>\n<th style=\"width: 15%; background-color: red;\"><span style=\"font-size: 12px; color: white;\">CHAMBRE DOUBLE PARTAGEE<\/span><\/th>\n<th style=\"width: 15%; background-color: red;\"><span style=\"font-size: 12px; color: white;\">CHAMBRE SIMPLE<\/span><\/th>\n<th style=\"width: 15%; background-color: red;\"><span style=\"font-size: 12px; color: white;\">CHAMBRE DOUBLE OU LITS JUMEAUX<\/span><\/th>\n<th style=\"width: 15%; background-color: red;\"><span style=\"font-size: 12px; color: white;\">CHAMBRE TROIS LITS<\/span><\/th>\n<\/tr>\n<tr>\n<td>H\u00d4TEL RIPAMONTI \u00e0 MILAN<\/td>\n<td>lit et petit-d\u00e9jeuner<\/td>\n<td style=\"text-align: center;\">66.00 \u20ac<\/td>\n<td style=\"text-align: center;\">95.00 \u20ac<\/td>\n<td style=\"text-align: center;\">57.50 \u20ac<\/td>\n<td style=\"text-align: center;\">58.30&nbsp;\u20ac<\/td>\n<\/tr>\n<tr>\n<td>&nbsp;<\/td>\n<td>demi-pension<\/td>\n<td style=\"text-align: center;\">95.00 \u20ac<\/td>\n<td style=\"text-align: center;\">124.00\u20ac<\/td>\n<td style=\"text-align: center;\">86.50\u20ac<\/td>\n<td style=\"text-align: center;\">87.30\u20ac<\/td>\n<\/tr>\n<tr>\n<td>HOTEL SAN REMO 4 STARS<\/td>\n<td>lit et petit-d\u00e9jeuner<\/td>\n<td style=\"text-align: center;\">62.00 \u20ac<\/td>\n<td style=\"text-align: center;\">78.00 \u20ac<\/td>\n<td style=\"text-align: center;\">54.00 \u20ac<\/td>\n<td style=\"text-align: center;\">36.00 \u20ac<\/td>\n<\/tr>\n<tr>\n<td>&nbsp;<\/td>\n<td>demi-pension<\/td>\n<td style=\"text-align: center;\">84.00 \u20ac<\/td>\n<td style=\"text-align: center;\">100.00 \u20ac<\/td>\n<td style=\"text-align: center;\">76.00 \u20ac<\/td>\n<td style=\"text-align: center;\">68.00 \u20ac<\/td>\n<\/tr>\n<\/thead>\n<\/table>\n<p style=\"text-align: center;\"><strong>*Prix par personne et par jour<\/strong><\/p>\n<p style=\"text-align: center;\"><strong>Taxe touristique&nbsp;&nbsp;de 2,40 \u20ac non inclus, \u00e0 payer sur place<\/strong><\/p>\n<p>&nbsp;<\/p>\n<p><strong>R\u00e9servations \u00e0 l\u2019avance (Early Booking Rate)<br \/>\n<\/strong><\/p>\n<p>Les r\u00e9servations effectu\u00e9es et r\u00e9gl\u00e9es avant le 31 janvier b\u00e9n\u00e9ficient d\u2019une r\u00e9duction. Cette r\u00e9duction n\u2019est remboursable sous aucun motif, qu\u2019elle soit utilis\u00e9e ou non.<\/p>\n<table style=\"width: 100%; height: 189px;\">\n<thead>\n<tr style=\"height: 49px;\">\n<th style=\"width: 15%; background-color: red; height: 49px;\"><span style=\"font-size: 12px; color: white;\">lieu<\/span><\/th>\n<th style=\"width: 15%; background-color: red; height: 49px;\"><span style=\"font-size: 12px; color: white;\">type d&rsquo;h\u00e9bergement<\/span><\/th>\n<th style=\"width: 15%; background-color: red; height: 49px;\"><span style=\"font-size: 12px; color: white;\">CHAMBRE DOUBLE PARTAGEE<\/span><\/th>\n<th style=\"width: 15%; background-color: red; height: 49px;\"><span style=\"font-size: 12px; color: white;\">CHAMBRE SIMPLE<\/span><\/th>\n<th style=\"width: 15%; background-color: red; height: 49px;\"><span style=\"font-size: 12px; color: white;\">CHAMBRE DOUBLE OU LITS JUMEAUX<\/span><\/th>\n<th style=\"width: 15%; background-color: red; height: 49px;\"><span style=\"font-size: 12px; color: white;\">CHAMBRE TROIS LITS<\/span><\/th>\n<\/tr>\n<tr style=\"height: 47px;\">\n<td style=\"height: 47px;\">H\u00d4TEL RIPAMONTI \u00e0 MILAN<\/td>\n<td style=\"height: 47px;\">lit et petit-d\u00e9jeuner<\/td>\n<td style=\"text-align: center; height: 47px;\">60.00 \u20ac<\/td>\n<td style=\"text-align: center; height: 47px;\">86.00 \u20ac<\/td>\n<td style=\"text-align: center; height: 47px;\">52.00 \u20ac<\/td>\n<td style=\"text-align: center; height: 47px;\">52.60 \u20ac<\/td>\n<\/tr>\n<tr style=\"height: 23px;\">\n<td style=\"height: 23px;\">&nbsp;<\/td>\n<td style=\"height: 23px;\">demi-pension<\/td>\n<td style=\"text-align: center; height: 23px;\">88.00 \u20ac<\/td>\n<td style=\"text-align: center; height: 23px;\">114.00 \u20ac<\/td>\n<td style=\"text-align: center; height: 23px;\">80.00 \u20ac<\/td>\n<td style=\"text-align: center; height: 23px;\">80.60 \u20ac<\/td>\n<\/tr>\n<tr style=\"height: 47px;\">\n<td style=\"height: 47px;\">HOTEL SAN REMO 4 STARS<\/td>\n<td style=\"height: 47px;\">lit et petit-d\u00e9jeuner<\/td>\n<td style=\"text-align: center;\">56.00 \u20ac<\/td>\n<td style=\"text-align: center;\">70.00 \u20ac<\/td>\n<td style=\"text-align: center;\">48.50 \u20ac<\/td>\n<td style=\"text-align: center;\">41.30 \u20ac<\/td>\n<\/tr>\n<tr style=\"height: 23px;\">\n<td style=\"height: 23px;\">&nbsp;<\/td>\n<td style=\"height: 23px;\">demi-pension<\/td>\n<td style=\"text-align: center;\">78.00 \u20ac<\/td>\n<td style=\"text-align: center;\">92.00 \u20ac<\/td>\n<td style=\"text-align: center;\">70.50 \u20ac<\/td>\n<td style=\"text-align: center;\">63.30 \u20ac<\/td>\n<\/tr>\n<\/thead>\n<\/table>\n<p>&nbsp;<\/p>\n<h3>Nos h\u00f4tels \u00e0 MILAN offriront<\/h3>\n<ul>\n<li>la possibilit\u00e9 d&rsquo;apporter le v\u00e9lo dans la chambre ou de le placer dans une pi\u00e8ce ferm\u00e9e \u00e0 cl\u00e9.<\/li>\n<li>le petit-d\u00e9jeuner le jour de la course, servi au cours de deux services \u00e0 4h30 et 5h30, avec des p\u00e2tes et du riz afin de couvrir vos besoins en glucides.<\/li>\n<\/ul>\n<p><strong>Seront offerts \u00e0 SAN REMO :<\/strong><\/p>\n<ul>\n<li>\n<p style=\"margin-bottom: 0cm;\">le transport gratuit entre le Palafiori (arriv\u00e9e de la course) et les diff\u00e9rents h\u00f4tels affili\u00e9s, pour vous et votre v\u00e9lo<\/p>\n<\/li>\n<li>la possibilit\u00e9 d&rsquo;apporter le v\u00e9lo dans votre chambre, ou de le placer dans une pi\u00e8ce ferm\u00e9e \u00e0 cl\u00e9.<\/li>\n<li>le d\u00eener le jour de la course, servi selon des horaires flexibles jusqu&rsquo;\u00e0 21h30 (seulement pour les personnes ayant choisi la demi-pension).<\/li>\n<\/ul>\n<p><span style=\"text-decoration: underline;\">A Noter<\/span><br \/>\nCompte tenu du remarquable d\u00e9veloppement de la course, nous avons pr\u00e9vu un plus grand nombre d&rsquo;affiliations avec des h\u00f4tels que les ann\u00e9es pr\u00e9c\u00e9dentes. Toutefois, il sera peut-\u00eatre n\u00e9cessaire d&rsquo;\u00e9tablir de nouveaux accords avec des h\u00f4tels suppl\u00e9mentaires en cours d&rsquo;ann\u00e9e. Toutes les informations \u00e0 ce propos seront communiqu\u00e9es sur le site Internet plus tard.<\/p>\n<p>De la m\u00eame mani\u00e8re, il se pourrait qu&rsquo;il ne soit pas toujours possible d&rsquo;attribuer \u00e0 chaque personne son premier choix, tel qu&rsquo;indiqu\u00e9 dans les pr\u00e9f\u00e9rences de r\u00e9servation, comme par exemple le type de lits dans les chambres doubles (lit double ou lits jumeaux).<\/p>\n<p>&nbsp;<\/p>\n<p><strong>COUPON POUR L&rsquo;H\u00d4TEL<\/strong><\/p>\n<p>L&rsquo;h\u00f4tel exact vous sera attribu\u00e9 15\/20 jours avant l&rsquo;\u00e9v\u00e9nement.<\/p>\n<p>Les&nbsp;<strong>coupons pour les h\u00f4tels, devant \u00eatre remis au personnel d&rsquo;accueil d\u00e8s votre arriv\u00e9e \u00e0 l&rsquo;h\u00f4tel, seront disponibles dans la rubrique inscription du site Internet environ 15 jours avant la course.&nbsp;<\/strong><\/p>\n<p>&nbsp;<\/p>\n<ol>\n<li><em id=\"__mceDel\">Cliquez sur le bouton \u00ab\u00a0S&rsquo;inscrire\u00a0\u00bb (\u00ab\u00a0iscriviti\u00a0\u00bb).<\/em><\/li>\n<li>Entrez vos identifiants (nom d&rsquo;utilisateur et mot de passe).<\/li>\n<li>Cliquez sur le lien \u00ab\u00a0R\u00e9servations\u00a0\u00bb (dans le menu User).<\/li>\n<li>Cliquez sur le lien \u00ab\u00a0Coupon h\u00f4tel San Remo\u00a0\u00bb ou \u00ab\u00a0Coupon h\u00f4tel Milan\u00a0\u00bb.<\/li>\n<li>Imprimez<\/li>\n<\/ol>\n<p>&nbsp;<\/p>\n<p><strong>P\u00c9NALIT\u00c9S EN CAS D&rsquo;ANNULATION<\/strong><\/p>\n<p>Vous \u00eates pri\u00e9s de lire la politique de r\u00e9servation des&nbsp;h\u00f4tels \u00e0 <a href=\"https:\/\/milano-sanremo.org\/fr\/information-3\/politique-de-reservation\/\" target=\"_blank\" rel=\"noopener noreferrer\">cette page<\/a>.<\/p>\n","protected":false},"excerpt":{"rendered":"<p>Afin de vous proposer les meilleures conditions possibles &#8211; exclusivement r\u00e9serv\u00e9es aux participants \u00e0 la cyclotouriste milano-sanremo &#8211; nous avons \u00e9tabli des accords extr\u00eamement avantageux avec les h\u00f4tels de Milan et de San Remo. Tous les h\u00f4tels affich\u00e9s sur le site Internet nous sont EXCLUSIFS et proposent seulement des TARIFS SP\u00c9CIAUX pour les participants \u00e0 [&hellip;]<\/p>\n","protected":false},"author":1,"featured_media":0,"parent":1619,"menu_order":0,"comment_status":"closed","ping_status":"closed","template":"","meta":{"_et_pb_use_builder":"","_et_pb_old_content":"","_et_gb_content_width":"","ngg_post_thumbnail":0,"footnotes":""},"class_list":["post-1704","page","type-page","status-publish","hentry"],"yoast_head":"<!-- This site is optimized with the Yoast SEO plugin v27.4 - https:\/\/yoast.com\/product\/yoast-seo-wordpress\/ -->\n<title>H\u00d4TELS | MILANO SANREMO AMATORI | MILAN SANREMO AMATEURS | 7 JUIN 2026 | SITE OFFICIEL<\/title>\n<meta name=\"description\" content=\"H\u00d4TELS\" \/>\n<meta name=\"robots\" content=\"index, follow, max-snippet:-1, max-image-preview:large, max-video-preview:-1\" \/>\n<link rel=\"canonical\" href=\"https:\/\/milano-sanremo.org\/fr\/voyager\/hotels-3\/\" \/>\n<meta property=\"og:locale\" content=\"fr_FR\" \/>\n<meta property=\"og:type\" content=\"article\" \/>\n<meta property=\"og:title\" content=\"H\u00d4TELS | MILANO SANREMO AMATORI | MILAN SANREMO AMATEURS | 7 JUIN 2026 | SITE OFFICIEL\" \/>\n<meta property=\"og:description\" content=\"H\u00d4TELS\" \/>\n<meta property=\"og:url\" content=\"https:\/\/milano-sanremo.org\/fr\/voyager\/hotels-3\/\" \/>\n<meta property=\"og:site_name\" content=\"MILANO SANREMO AMATORI\" \/>\n<meta property=\"article:modified_time\" content=\"2019-10-14T08:29:44+00:00\" \/>\n<meta name=\"twitter:card\" content=\"summary_large_image\" \/>\n<meta name=\"twitter:label1\" content=\"Dur\u00e9e de lecture estim\u00e9e\" \/>\n\t<meta name=\"twitter:data1\" content=\"3 minutes\" \/>\n<script type=\"application\/ld+json\" class=\"yoast-schema-graph\">{\"@context\":\"https:\\\/\\\/schema.org\",\"@graph\":[{\"@type\":\"WebPage\",\"@id\":\"https:\\\/\\\/milano-sanremo.org\\\/fr\\\/voyager\\\/hotels-3\\\/\",\"url\":\"https:\\\/\\\/milano-sanremo.org\\\/fr\\\/voyager\\\/hotels-3\\\/\",\"name\":\"H\u00d4TELS | MILANO SANREMO AMATORI | MILAN SANREMO AMATEURS | 7 JUIN 2026 | SITE OFFICIEL\",\"isPartOf\":{\"@id\":\"https:\\\/\\\/milano-sanremo.org\\\/fr\\\/#website\"},\"datePublished\":\"2013-06-17T08:25:49+00:00\",\"dateModified\":\"2019-10-14T08:29:44+00:00\",\"description\":\"H\u00d4TELS\",\"breadcrumb\":{\"@id\":\"https:\\\/\\\/milano-sanremo.org\\\/fr\\\/voyager\\\/hotels-3\\\/#breadcrumb\"},\"inLanguage\":\"fr-FR\",\"potentialAction\":[{\"@type\":\"ReadAction\",\"target\":[\"https:\\\/\\\/milano-sanremo.org\\\/fr\\\/voyager\\\/hotels-3\\\/\"]}]},{\"@type\":\"BreadcrumbList\",\"@id\":\"https:\\\/\\\/milano-sanremo.org\\\/fr\\\/voyager\\\/hotels-3\\\/#breadcrumb\",\"itemListElement\":[{\"@type\":\"ListItem\",\"position\":1,\"name\":\"Home\",\"item\":\"https:\\\/\\\/milano-sanremo.org\\\/fr\\\/\"},{\"@type\":\"ListItem\",\"position\":2,\"name\":\"VOYAGE\",\"item\":\"https:\\\/\\\/milano-sanremo.org\\\/fr\\\/viaggio\\\/\"},{\"@type\":\"ListItem\",\"position\":3,\"name\":\"H\u00d4TELS\"}]},{\"@type\":\"WebSite\",\"@id\":\"https:\\\/\\\/milano-sanremo.org\\\/fr\\\/#website\",\"url\":\"https:\\\/\\\/milano-sanremo.org\\\/fr\\\/\",\"name\":\"MILANO SANREMO AMATORI\",\"description\":\"MILAN SANREMO AMATEURS | 7 JUIN 2026 | SITE OFFICIEL\",\"potentialAction\":[{\"@type\":\"SearchAction\",\"target\":{\"@type\":\"EntryPoint\",\"urlTemplate\":\"https:\\\/\\\/milano-sanremo.org\\\/fr\\\/?s={search_term_string}\"},\"query-input\":{\"@type\":\"PropertyValueSpecification\",\"valueRequired\":true,\"valueName\":\"search_term_string\"}}],\"inLanguage\":\"fr-FR\"}]}<\/script>\n<!-- \/ Yoast SEO plugin. -->","yoast_head_json":{"title":"H\u00d4TELS | MILANO SANREMO AMATORI | MILAN SANREMO AMATEURS | 7 JUIN 2026 | SITE OFFICIEL","description":"H\u00d4TELS","robots":{"index":"index","follow":"follow","max-snippet":"max-snippet:-1","max-image-preview":"max-image-preview:large","max-video-preview":"max-video-preview:-1"},"canonical":"https:\/\/milano-sanremo.org\/fr\/voyager\/hotels-3\/","og_locale":"fr_FR","og_type":"article","og_title":"H\u00d4TELS | MILANO SANREMO AMATORI | MILAN SANREMO AMATEURS | 7 JUIN 2026 | SITE OFFICIEL","og_description":"H\u00d4TELS","og_url":"https:\/\/milano-sanremo.org\/fr\/voyager\/hotels-3\/","og_site_name":"MILANO SANREMO AMATORI","article_modified_time":"2019-10-14T08:29:44+00:00","twitter_card":"summary_large_image","twitter_misc":{"Dur\u00e9e de lecture estim\u00e9e":"3 minutes"},"schema":{"@context":"https:\/\/schema.org","@graph":[{"@type":"WebPage","@id":"https:\/\/milano-sanremo.org\/fr\/voyager\/hotels-3\/","url":"https:\/\/milano-sanremo.org\/fr\/voyager\/hotels-3\/","name":"H\u00d4TELS | MILANO SANREMO AMATORI | MILAN SANREMO AMATEURS | 7 JUIN 2026 | SITE OFFICIEL","isPartOf":{"@id":"https:\/\/milano-sanremo.org\/fr\/#website"},"datePublished":"2013-06-17T08:25:49+00:00","dateModified":"2019-10-14T08:29:44+00:00","description":"H\u00d4TELS","breadcrumb":{"@id":"https:\/\/milano-sanremo.org\/fr\/voyager\/hotels-3\/#breadcrumb"},"inLanguage":"fr-FR","potentialAction":[{"@type":"ReadAction","target":["https:\/\/milano-sanremo.org\/fr\/voyager\/hotels-3\/"]}]},{"@type":"BreadcrumbList","@id":"https:\/\/milano-sanremo.org\/fr\/voyager\/hotels-3\/#breadcrumb","itemListElement":[{"@type":"ListItem","position":1,"name":"Home","item":"https:\/\/milano-sanremo.org\/fr\/"},{"@type":"ListItem","position":2,"name":"VOYAGE","item":"https:\/\/milano-sanremo.org\/fr\/viaggio\/"},{"@type":"ListItem","position":3,"name":"H\u00d4TELS"}]},{"@type":"WebSite","@id":"https:\/\/milano-sanremo.org\/fr\/#website","url":"https:\/\/milano-sanremo.org\/fr\/","name":"MILANO SANREMO AMATORI","description":"MILAN SANREMO AMATEURS | 7 JUIN 2026 | SITE OFFICIEL","potentialAction":[{"@type":"SearchAction","target":{"@type":"EntryPoint","urlTemplate":"https:\/\/milano-sanremo.org\/fr\/?s={search_term_string}"},"query-input":{"@type":"PropertyValueSpecification","valueRequired":true,"valueName":"search_term_string"}}],"inLanguage":"fr-FR"}]}},"_links":{"self":[{"href":"https:\/\/milano-sanremo.org\/fr\/wp-json\/wp\/v2\/pages\/1704","targetHints":{"allow":["GET"]}}],"collection":[{"href":"https:\/\/milano-sanremo.org\/fr\/wp-json\/wp\/v2\/pages"}],"about":[{"href":"https:\/\/milano-sanremo.org\/fr\/wp-json\/wp\/v2\/types\/page"}],"author":[{"embeddable":true,"href":"https:\/\/milano-sanremo.org\/fr\/wp-json\/wp\/v2\/users\/1"}],"replies":[{"embeddable":true,"href":"https:\/\/milano-sanremo.org\/fr\/wp-json\/wp\/v2\/comments?post=1704"}],"version-history":[{"count":46,"href":"https:\/\/milano-sanremo.org\/fr\/wp-json\/wp\/v2\/pages\/1704\/revisions"}],"predecessor-version":[{"id":10127,"href":"https:\/\/milano-sanremo.org\/fr\/wp-json\/wp\/v2\/pages\/1704\/revisions\/10127"}],"up":[{"embeddable":true,"href":"https:\/\/milano-sanremo.org\/fr\/wp-json\/wp\/v2\/pages\/1619"}],"wp:attachment":[{"href":"https:\/\/milano-sanremo.org\/fr\/wp-json\/wp\/v2\/media?parent=1704"}],"curies":[{"name":"wp","href":"https:\/\/api.w.org\/{rel}","templated":true}]}}