{"id":1748,"date":"2013-06-17T09:53:42","date_gmt":"2013-06-17T09:53:42","guid":{"rendered":"http:\/\/milano-sanremo.org\/wordpress\/?page_id=1748"},"modified":"2026-03-25T13:14:48","modified_gmt":"2026-03-25T13:14:48","slug":"nyala-bike-hotel-3","status":"publish","type":"page","link":"https:\/\/milano-sanremo.org\/fr\/voyager\/hotels-3\/nyala-bike-hotel-3\/","title":{"rendered":"H\u00d4TEL \u00c0 SANREMO"},"content":{"rendered":"<p>[et_pb_section fb_built=\u00a0\u00bb1&Prime; admin_label=\u00a0\u00bbsection\u00a0\u00bb _builder_version=\u00a0\u00bb4.16&Prime; global_colors_info=\u00a0\u00bb{}\u00a0\u00bb][et_pb_row _builder_version=\u00a0\u00bb4.16&Prime; background_size=\u00a0\u00bbinitial\u00a0\u00bb background_position=\u00a0\u00bbtop_left\u00a0\u00bb background_repeat=\u00a0\u00bbrepeat\u00a0\u00bb locked=\u00a0\u00bboff\u00a0\u00bb global_colors_info=\u00a0\u00bb{}\u00a0\u00bb][et_pb_column type=\u00a0\u00bb4_4&Prime; _builder_version=\u00a0\u00bb4.16&Prime; custom_padding=\u00a0\u00bb|||\u00a0\u00bb global_colors_info=\u00a0\u00bb{}\u00a0\u00bb custom_padding__hover=\u00a0\u00bb|||\u00a0\u00bb][et_pb_text admin_label=\u00a0\u00bbSottotitolo\u00a0\u00bb _builder_version=\u00a0\u00bb4.19.5&Prime; background_size=\u00a0\u00bbinitial\u00a0\u00bb background_position=\u00a0\u00bbtop_left\u00a0\u00bb background_repeat=\u00a0\u00bbrepeat\u00a0\u00bb global_colors_info=\u00a0\u00bb{}\u00a0\u00bb]<\/p>\n<h2 style=\"text-align: center;\">R\u00c9SERVEZ L\u2019H\u00d4TEL \u00c0 DES TARIFS SP\u00c9CIAUX &#8211; DISPONIBLES UNIQUEMENT SUR NOTRE SITE WEB !<\/h2>\n<p>[\/et_pb_text][et_pb_text admin_label=\u00a0\u00bbServizi\u00a0\u00bb _builder_version=\u00a0\u00bb4.19.5&Prime; _module_preset=\u00a0\u00bbdefault\u00a0\u00bb global_colors_info=\u00a0\u00bb{}\u00a0\u00bb]<\/p>\n<h3><span style=\"color: #ff0000; font-size: large;\">DES SERVICES EXCLUSIFS POUR LES PARTICIPANTS QUI R\u00c9SERVENT SUR NOTRE SITE WEB<\/SPAN><\/h3>\n<ul>\n<li><strong><span style=\"color: #ff0000; font-size: large;\">le transport gratuit entre le Palafiori (arriv\u00e9e de la course) et les diff\u00e9rents h\u00f4tels affili\u00e9s, pour vous et votre v\u00e9lo <\/span><\/strong><\/li>\n<li><strong><span style=\"color: #ff0000; font-size: large;\">la possibilit\u00e9 d&rsquo;apporter le v\u00e9lo dans votre chambre, ou de le placer dans une pi\u00e8ce ferm\u00e9e \u00e0 cl\u00e9<\/span><\/strong><\/li>\n<li><strong><span style=\"color: #ff0000; font-size: large;\">le d\u00eener le jour de la course, servi selon des horaires flexibles jusqu&rsquo;\u00e0 21h30 (seulement pour les personnes ayant choisi la demi-pension)<\/span><\/strong><\/li>\n<\/ul>\n<p>Il se pourrait qu&rsquo;il ne soit pas toujours possible d&rsquo;attribuer \u00e0 chaque personne son premier choix, tel qu&rsquo;indiqu\u00e9 dans les pr\u00e9f\u00e9rences de r\u00e9servation, comme par exemple le type de lits dans les chambres doubles (lit double ou lits jumeaux).[\/et_pb_text][\/et_pb_column][\/et_pb_row][et_pb_row _builder_version=\u00a0\u00bb4.19.5&Prime; _module_preset=\u00a0\u00bbdefault\u00a0\u00bb width=\u00a0\u00bb100%\u00a0\u00bb locked=\u00a0\u00bboff\u00a0\u00bb global_colors_info=\u00a0\u00bb{}\u00a0\u00bb][et_pb_column type=\u00a0\u00bb4_4&Prime; _builder_version=\u00a0\u00bb4.19.5&Prime; _module_preset=\u00a0\u00bbdefault\u00a0\u00bb global_colors_info=\u00a0\u00bb{}\u00a0\u00bb][et_pb_text admin_label=\u00a0\u00bbSottotitolo\u00a0\u00bb _builder_version=\u00a0\u00bb4.19.5&Prime; background_size=\u00a0\u00bbinitial\u00a0\u00bb background_position=\u00a0\u00bbtop_left\u00a0\u00bb background_repeat=\u00a0\u00bbrepeat\u00a0\u00bb global_colors_info=\u00a0\u00bb{}\u00a0\u00bb]<\/p>\n<h2 style=\"text-align: center;\">BIKE H\u00d4TEL \u00c0 SANREMO &#8211; NOTRE EXCLUSIVIT\u00c9 !<\/h2>\n<p>[\/et_pb_text][et_pb_pricing_tables featured_table_header_background_color=\u00a0\u00bb#E02B20&Prime; header_background_color=\u00a0\u00bb#E02B20&Prime; _builder_version=\u00a0\u00bb4.19.5&Prime; _module_preset=\u00a0\u00bbdefault\u00a0\u00bb body_text_align=\u00a0\u00bbcenter\u00a0\u00bb width=\u00a0\u00bb100%\u00a0\u00bb custom_padding=\u00a0\u00bb0px|||||\u00a0\u00bb locked=\u00a0\u00bboff\u00a0\u00bb global_colors_info=\u00a0\u00bb{}\u00a0\u00bb][et_pb_pricing_table title=\u00a0\u00bbCHAMBRE DOUBLE \u00c0 USAGE INDIVIDUELLE\u00a0\u00bb currency=\u00a0\u00bb\u20ac\u00a0\u00bb per=\u00a0\u00bbpar personne par nuit\u00a0\u00bb sum=\u00a0\u00bb180,00&Prime; button_url=\u00a0\u00bbhttps:\/\/www.runtosanremo.it\/fr\/granfondo-milano-sanremo\/\u00a0\u00bb url_new_window=\u00a0\u00bbon\u00a0\u00bb button_text=\u00a0\u00bbRESERVEZ MAINTENANT\u00a0\u00bb header_background_color=\u00a0\u00bb#E02B20&Prime; _builder_version=\u00a0\u00bb4.19.5&Prime; _module_preset=\u00a0\u00bbdefault\u00a0\u00bb header_level=\u00a0\u00bbh1&Prime; custom_padding=\u00a0\u00bb10px||||false|false\u00a0\u00bb global_colors_info=\u00a0\u00bb{}\u00a0\u00bb sticky_transition=\u00a0\u00bbon\u00a0\u00bb]Notre EXCLUSIVIT\u00c9 pour la MILAN &#8211; SANREMO CYCLOSPORTIVE<br \/>\nSolution CHAMBRE DOUBLE \u00c0 USAGE INDIVIDUELLE (pour 1 personne)<br \/>\nPetit-d\u00e9jeuner compris[\/et_pb_pricing_table][et_pb_pricing_table title=\u00a0\u00bbCHAMBRE DOUBLE\u00a0\u00bb currency=\u00a0\u00bb\u20ac\u00a0\u00bb per=\u00a0\u00bbpour personne pour nuit\u00a0\u00bb sum=\u00a0\u00bb140,00&Prime; button_url=\u00a0\u00bbhttps:\/\/www.runtosanremo.it\/fr\/granfondo-milano-sanremo\/\u00a0\u00bb url_new_window=\u00a0\u00bbon\u00a0\u00bb button_text=\u00a0\u00bbRESERVEZ MAINTENANT\u00a0\u00bb header_background_color=\u00a0\u00bb#E02B20&Prime; _builder_version=\u00a0\u00bb4.19.5&Prime; _module_preset=\u00a0\u00bbdefault\u00a0\u00bb header_level=\u00a0\u00bbh1&Prime; custom_padding=\u00a0\u00bb10px||||false|false\u00a0\u00bb global_colors_info=\u00a0\u00bb{}\u00a0\u00bb sticky_transition=\u00a0\u00bbon\u00a0\u00bb]Notre EXCLUSIVIT\u00c9 pour la MILAN &#8211; SANREMO CYCLOSPORTIVE<br \/>\nSolution CHAMBRE DOUBLE (pour 2 personnes)<br \/>\nPetit-d\u00e9jeuner compris[\/et_pb_pricing_table][\/et_pb_pricing_tables][et_pb_text admin_label=\u00a0\u00bbinformazioni\u00a0\u00bb _builder_version=\u00a0\u00bb4.19.5&Prime; background_size=\u00a0\u00bbinitial\u00a0\u00bb background_position=\u00a0\u00bbtop_left\u00a0\u00bb background_repeat=\u00a0\u00bbrepeat\u00a0\u00bb global_colors_info=\u00a0\u00bb{}\u00a0\u00bb]<\/p>\n<p style=\"text-align: left;\">Taxe touristique&nbsp;&nbsp;de 2,40 \u20ac non inclus, \u00e0 payer sur place<\/p>\n<h4>VOUCHER POUR L&rsquo;H\u00d4TEL<\/h4>\n<p>L&rsquo;h\u00f4tel exact vous sera attribu\u00e9 15\/20 jours avant l&rsquo;\u00e9v\u00e9nement.<br \/>\nLe voucher sera envoy\u00e9 par email. <\/p>\n<h4>P\u00c9NALIT\u00c9S EN CAS D&rsquo;ANNULATION<\/h4>\n<p>Vous \u00eates pri\u00e9s de lire la politique de r\u00e9servation des&nbsp;h\u00f4tels \u00e0 <a href=\"https:\/\/milano-sanremo.org\/fr\/information-3\/politique-de-reservation\/\" target=\"_blank\" rel=\"noopener noreferrer\">cette page<\/a>.<\/p>\n<p>[\/et_pb_text][\/et_pb_column][\/et_pb_row][\/et_pb_section]<\/p>\n","protected":false},"excerpt":{"rendered":"<p>R\u00c9SERVEZ L\u2019H\u00d4TEL \u00c0 DES TARIFS SP\u00c9CIAUX &#8211; DISPONIBLES UNIQUEMENT SUR NOTRE SITE WEB !DES SERVICES EXCLUSIFS POUR LES PARTICIPANTS QUI R\u00c9SERVENT SUR NOTRE SITE WEB le transport gratuit entre le Palafiori (arriv\u00e9e de la course) et les diff\u00e9rents h\u00f4tels affili\u00e9s, pour vous et votre v\u00e9lo la possibilit\u00e9 d&rsquo;apporter le v\u00e9lo dans votre chambre, ou de [&hellip;]<\/p>\n","protected":false},"author":1,"featured_media":0,"parent":1704,"menu_order":0,"comment_status":"closed","ping_status":"closed","template":"","meta":{"_et_pb_use_builder":"on","_et_pb_old_content":"","_et_gb_content_width":"","ngg_post_thumbnail":0,"footnotes":""},"class_list":["post-1748","page","type-page","status-publish","hentry"],"yoast_head":"<!-- This site is optimized with the Yoast SEO plugin v27.4 - https:\/\/yoast.com\/product\/yoast-seo-wordpress\/ -->\n<title>H\u00d4TEL \u00c0 SANREMO | MILANO SANREMO AMATORI | MILAN SANREMO AMATEURS | 7 JUIN 2026 | SITE OFFICIEL<\/title>\n<meta name=\"description\" content=\"H\u00d4TEL \u00c0 SANREMO\" \/>\n<meta name=\"robots\" content=\"index, follow, max-snippet:-1, max-image-preview:large, max-video-preview:-1\" \/>\n<link rel=\"canonical\" href=\"https:\/\/milano-sanremo.org\/fr\/voyager\/hotels-3\/nyala-bike-hotel-3\/\" \/>\n<meta property=\"og:locale\" content=\"fr_FR\" \/>\n<meta property=\"og:type\" content=\"article\" \/>\n<meta property=\"og:title\" content=\"H\u00d4TEL \u00c0 SANREMO | MILANO SANREMO AMATORI | MILAN SANREMO AMATEURS | 7 JUIN 2026 | SITE OFFICIEL\" \/>\n<meta property=\"og:description\" content=\"H\u00d4TEL \u00c0 SANREMO\" \/>\n<meta property=\"og:url\" content=\"https:\/\/milano-sanremo.org\/fr\/voyager\/hotels-3\/nyala-bike-hotel-3\/\" \/>\n<meta property=\"og:site_name\" content=\"MILANO SANREMO AMATORI\" \/>\n<meta property=\"article:modified_time\" content=\"2026-03-25T13:14:48+00:00\" \/>\n<meta name=\"twitter:card\" content=\"summary_large_image\" \/>\n<meta name=\"twitter:label1\" content=\"Dur\u00e9e de lecture estim\u00e9e\" \/>\n\t<meta name=\"twitter:data1\" content=\"2 minutes\" \/>\n<script type=\"application\/ld+json\" class=\"yoast-schema-graph\">{\"@context\":\"https:\\\/\\\/schema.org\",\"@graph\":[{\"@type\":\"WebPage\",\"@id\":\"https:\\\/\\\/milano-sanremo.org\\\/fr\\\/voyager\\\/hotels-3\\\/nyala-bike-hotel-3\\\/\",\"url\":\"https:\\\/\\\/milano-sanremo.org\\\/fr\\\/voyager\\\/hotels-3\\\/nyala-bike-hotel-3\\\/\",\"name\":\"H\u00d4TEL \u00c0 SANREMO | MILANO SANREMO AMATORI | MILAN SANREMO AMATEURS | 7 JUIN 2026 | SITE OFFICIEL\",\"isPartOf\":{\"@id\":\"https:\\\/\\\/milano-sanremo.org\\\/fr\\\/#website\"},\"datePublished\":\"2013-06-17T09:53:42+00:00\",\"dateModified\":\"2026-03-25T13:14:48+00:00\",\"description\":\"H\u00d4TEL \u00c0 SANREMO\",\"breadcrumb\":{\"@id\":\"https:\\\/\\\/milano-sanremo.org\\\/fr\\\/voyager\\\/hotels-3\\\/nyala-bike-hotel-3\\\/#breadcrumb\"},\"inLanguage\":\"fr-FR\",\"potentialAction\":[{\"@type\":\"ReadAction\",\"target\":[\"https:\\\/\\\/milano-sanremo.org\\\/fr\\\/voyager\\\/hotels-3\\\/nyala-bike-hotel-3\\\/\"]}]},{\"@type\":\"BreadcrumbList\",\"@id\":\"https:\\\/\\\/milano-sanremo.org\\\/fr\\\/voyager\\\/hotels-3\\\/nyala-bike-hotel-3\\\/#breadcrumb\",\"itemListElement\":[{\"@type\":\"ListItem\",\"position\":1,\"name\":\"Home\",\"item\":\"https:\\\/\\\/milano-sanremo.org\\\/fr\\\/\"},{\"@type\":\"ListItem\",\"position\":2,\"name\":\"VOYAGE\",\"item\":\"https:\\\/\\\/milano-sanremo.org\\\/fr\\\/viaggio\\\/\"},{\"@type\":\"ListItem\",\"position\":3,\"name\":\"H\u00d4TELS\",\"item\":\"https:\\\/\\\/milano-sanremo.org\\\/fr\\\/viaggio\\\/alberghi\\\/\"},{\"@type\":\"ListItem\",\"position\":4,\"name\":\"H\u00d4TEL \u00c0 SANREMO\"}]},{\"@type\":\"WebSite\",\"@id\":\"https:\\\/\\\/milano-sanremo.org\\\/fr\\\/#website\",\"url\":\"https:\\\/\\\/milano-sanremo.org\\\/fr\\\/\",\"name\":\"MILANO SANREMO AMATORI\",\"description\":\"MILAN SANREMO AMATEURS | 7 JUIN 2026 | SITE OFFICIEL\",\"potentialAction\":[{\"@type\":\"SearchAction\",\"target\":{\"@type\":\"EntryPoint\",\"urlTemplate\":\"https:\\\/\\\/milano-sanremo.org\\\/fr\\\/?s={search_term_string}\"},\"query-input\":{\"@type\":\"PropertyValueSpecification\",\"valueRequired\":true,\"valueName\":\"search_term_string\"}}],\"inLanguage\":\"fr-FR\"}]}<\/script>\n<!-- \/ Yoast SEO plugin. -->","yoast_head_json":{"title":"H\u00d4TEL \u00c0 SANREMO | MILANO SANREMO AMATORI | MILAN SANREMO AMATEURS | 7 JUIN 2026 | SITE OFFICIEL","description":"H\u00d4TEL \u00c0 SANREMO","robots":{"index":"index","follow":"follow","max-snippet":"max-snippet:-1","max-image-preview":"max-image-preview:large","max-video-preview":"max-video-preview:-1"},"canonical":"https:\/\/milano-sanremo.org\/fr\/voyager\/hotels-3\/nyala-bike-hotel-3\/","og_locale":"fr_FR","og_type":"article","og_title":"H\u00d4TEL \u00c0 SANREMO | MILANO SANREMO AMATORI | MILAN SANREMO AMATEURS | 7 JUIN 2026 | SITE OFFICIEL","og_description":"H\u00d4TEL \u00c0 SANREMO","og_url":"https:\/\/milano-sanremo.org\/fr\/voyager\/hotels-3\/nyala-bike-hotel-3\/","og_site_name":"MILANO SANREMO AMATORI","article_modified_time":"2026-03-25T13:14:48+00:00","twitter_card":"summary_large_image","twitter_misc":{"Dur\u00e9e de lecture estim\u00e9e":"2 minutes"},"schema":{"@context":"https:\/\/schema.org","@graph":[{"@type":"WebPage","@id":"https:\/\/milano-sanremo.org\/fr\/voyager\/hotels-3\/nyala-bike-hotel-3\/","url":"https:\/\/milano-sanremo.org\/fr\/voyager\/hotels-3\/nyala-bike-hotel-3\/","name":"H\u00d4TEL \u00c0 SANREMO | MILANO SANREMO AMATORI | MILAN SANREMO AMATEURS | 7 JUIN 2026 | SITE OFFICIEL","isPartOf":{"@id":"https:\/\/milano-sanremo.org\/fr\/#website"},"datePublished":"2013-06-17T09:53:42+00:00","dateModified":"2026-03-25T13:14:48+00:00","description":"H\u00d4TEL \u00c0 SANREMO","breadcrumb":{"@id":"https:\/\/milano-sanremo.org\/fr\/voyager\/hotels-3\/nyala-bike-hotel-3\/#breadcrumb"},"inLanguage":"fr-FR","potentialAction":[{"@type":"ReadAction","target":["https:\/\/milano-sanremo.org\/fr\/voyager\/hotels-3\/nyala-bike-hotel-3\/"]}]},{"@type":"BreadcrumbList","@id":"https:\/\/milano-sanremo.org\/fr\/voyager\/hotels-3\/nyala-bike-hotel-3\/#breadcrumb","itemListElement":[{"@type":"ListItem","position":1,"name":"Home","item":"https:\/\/milano-sanremo.org\/fr\/"},{"@type":"ListItem","position":2,"name":"VOYAGE","item":"https:\/\/milano-sanremo.org\/fr\/viaggio\/"},{"@type":"ListItem","position":3,"name":"H\u00d4TELS","item":"https:\/\/milano-sanremo.org\/fr\/viaggio\/alberghi\/"},{"@type":"ListItem","position":4,"name":"H\u00d4TEL \u00c0 SANREMO"}]},{"@type":"WebSite","@id":"https:\/\/milano-sanremo.org\/fr\/#website","url":"https:\/\/milano-sanremo.org\/fr\/","name":"MILANO SANREMO AMATORI","description":"MILAN SANREMO AMATEURS | 7 JUIN 2026 | SITE OFFICIEL","potentialAction":[{"@type":"SearchAction","target":{"@type":"EntryPoint","urlTemplate":"https:\/\/milano-sanremo.org\/fr\/?s={search_term_string}"},"query-input":{"@type":"PropertyValueSpecification","valueRequired":true,"valueName":"search_term_string"}}],"inLanguage":"fr-FR"}]}},"_links":{"self":[{"href":"https:\/\/milano-sanremo.org\/fr\/wp-json\/wp\/v2\/pages\/1748","targetHints":{"allow":["GET"]}}],"collection":[{"href":"https:\/\/milano-sanremo.org\/fr\/wp-json\/wp\/v2\/pages"}],"about":[{"href":"https:\/\/milano-sanremo.org\/fr\/wp-json\/wp\/v2\/types\/page"}],"author":[{"embeddable":true,"href":"https:\/\/milano-sanremo.org\/fr\/wp-json\/wp\/v2\/users\/1"}],"replies":[{"embeddable":true,"href":"https:\/\/milano-sanremo.org\/fr\/wp-json\/wp\/v2\/comments?post=1748"}],"version-history":[{"count":29,"href":"https:\/\/milano-sanremo.org\/fr\/wp-json\/wp\/v2\/pages\/1748\/revisions"}],"predecessor-version":[{"id":15459,"href":"https:\/\/milano-sanremo.org\/fr\/wp-json\/wp\/v2\/pages\/1748\/revisions\/15459"}],"up":[{"embeddable":true,"href":"https:\/\/milano-sanremo.org\/fr\/wp-json\/wp\/v2\/pages\/1704"}],"wp:attachment":[{"href":"https:\/\/milano-sanremo.org\/fr\/wp-json\/wp\/v2\/media?parent=1748"}],"curies":[{"name":"wp","href":"https:\/\/api.w.org\/{rel}","templated":true}]}}