{"id":1840,"date":"2013-06-17T11:24:23","date_gmt":"2013-06-17T11:24:23","guid":{"rendered":"http:\/\/milano-sanremo.org\/wordpress\/?page_id=1840"},"modified":"2025-10-23T13:33:29","modified_gmt":"2025-10-23T13:33:29","slug":"groupes-de-cyclistes","status":"publish","type":"page","link":"https:\/\/milano-sanremo.org\/fr\/voyager\/groupes-de-cyclistes\/","title":{"rendered":"ORGANISATION DE GROUPE"},"content":{"rendered":"<div id=\"page\">\n<h2 align=\"LEFT\">Laissez-nous aider votre groupe de cyclistes \u00e0 organiser sa participation \u00e0 la<br \/>\nCyclosportive Milan &#8211; San Remo<\/h2>\n<p align=\"LEFT\">&nbsp;<\/p>\n<p align=\"LEFT\">Notre bureau est \u00e0 votre service pour vous assister dans l&rsquo;inscription et l&rsquo;organisation de votre groupe.<\/p>\n<h2 align=\"LEFT\">&nbsp;<\/h2>\n<p data-start=\"721\" data-end=\"792\"><strong>Avantages pour les groupes de cyclistes (minimum 15 participants) :<\/strong><\/p>\n<ul data-start=\"794\" data-end=\"1177\">\n<li data-start=\"794\" data-end=\"860\">\n<p data-start=\"796\" data-end=\"860\"><strong>Dossard SILVER+ avec d\u00e9part garanti en deuxi\u00e8me grille<\/strong><\/p>\n<\/li>\n<li data-start=\"861\" data-end=\"911\">\n<p data-start=\"863\" data-end=\"911\"><strong>90,00 \u20ac (incluant le maillot souvenir)<\/strong><\/p>\n<\/li>\n<li data-start=\"912\" data-end=\"971\">\n<p data-start=\"914\" data-end=\"971\"><strong>1 inscription gratuite pour 15 participants payants<\/strong><\/p>\n<\/li>\n<li data-start=\"972\" data-end=\"1023\">\n<p data-start=\"974\" data-end=\"1023\"><strong>Inscriptions ouvertes jusqu\u2019au 31 mars 2026<\/strong><\/p>\n<\/li>\n<li data-start=\"1024\" data-end=\"1104\">\n<p data-start=\"1026\" data-end=\"1104\"><strong>Proc\u00e9dure d\u2019inscription via le secr\u00e9tariat avec formulaire Excel<\/strong><\/p>\n<\/li>\n<li data-start=\"1105\" data-end=\"1177\">\n<p data-start=\"1107\" data-end=\"1177\"><strong>Paiement possible par carte de cr\u00e9dit ou virement bancaire<\/strong><\/p>\n<\/li>\n<\/ul>\n<h2 align=\"LEFT\">&nbsp;<\/h2>\n<p align=\"LEFT\">N&rsquo;h\u00e9sitez pas \u00e0 nous contacter pour toute question !<\/p>\n<h2 class=\"western\" style=\"margin-top: 0cm; margin-bottom: 0cm; background-color: transparent; border: none; padding: 0cm; font-weight: normal;\" align=\"LEFT\">&nbsp;<\/h2>\n<p>&nbsp;<\/p>\n<p>&nbsp;<\/p>\n<\/div>\n","protected":false},"excerpt":{"rendered":"<p>Laissez-nous aider votre groupe de cyclistes \u00e0 organiser sa participation \u00e0 la Cyclosportive Milan &#8211; San Remo &nbsp; Notre bureau est \u00e0 votre service pour vous assister dans l&rsquo;inscription et l&rsquo;organisation de votre groupe. &nbsp; Avantages pour les groupes de cyclistes (minimum 15 participants) : Dossard SILVER+ avec d\u00e9part garanti en deuxi\u00e8me grille 90,00 \u20ac [&hellip;]<\/p>\n","protected":false},"author":1,"featured_media":0,"parent":1619,"menu_order":0,"comment_status":"open","ping_status":"closed","template":"","meta":{"_et_pb_use_builder":"","_et_pb_old_content":"","_et_gb_content_width":"","ngg_post_thumbnail":0,"footnotes":""},"class_list":["post-1840","page","type-page","status-publish","hentry"],"yoast_head":"<!-- This site is optimized with the Yoast SEO plugin v27.4 - https:\/\/yoast.com\/product\/yoast-seo-wordpress\/ -->\n<title>ORGANISATION DE GROUPE | MILANO SANREMO AMATORI | MILAN SANREMO AMATEURS | 7 JUIN 2026 | SITE OFFICIEL<\/title>\n<meta name=\"description\" content=\"ORGANISATION DE GROUPE\" \/>\n<meta name=\"robots\" content=\"index, follow, max-snippet:-1, max-image-preview:large, max-video-preview:-1\" \/>\n<link rel=\"canonical\" href=\"https:\/\/milano-sanremo.org\/fr\/voyager\/groupes-de-cyclistes\/\" \/>\n<meta property=\"og:locale\" content=\"fr_FR\" \/>\n<meta property=\"og:type\" content=\"article\" \/>\n<meta property=\"og:title\" content=\"ORGANISATION DE GROUPE | MILANO SANREMO AMATORI | MILAN SANREMO AMATEURS | 7 JUIN 2026 | SITE OFFICIEL\" \/>\n<meta property=\"og:description\" content=\"ORGANISATION DE GROUPE\" \/>\n<meta property=\"og:url\" content=\"https:\/\/milano-sanremo.org\/fr\/voyager\/groupes-de-cyclistes\/\" \/>\n<meta property=\"og:site_name\" content=\"MILANO SANREMO AMATORI\" \/>\n<meta property=\"article:modified_time\" content=\"2025-10-23T13:33:29+00:00\" \/>\n<meta name=\"twitter:card\" content=\"summary_large_image\" \/>\n<meta name=\"twitter:label1\" content=\"Dur\u00e9e de lecture estim\u00e9e\" \/>\n\t<meta name=\"twitter:data1\" content=\"1 minute\" \/>\n<script type=\"application\/ld+json\" class=\"yoast-schema-graph\">{\"@context\":\"https:\\\/\\\/schema.org\",\"@graph\":[{\"@type\":\"WebPage\",\"@id\":\"https:\\\/\\\/milano-sanremo.org\\\/fr\\\/voyager\\\/groupes-de-cyclistes\\\/\",\"url\":\"https:\\\/\\\/milano-sanremo.org\\\/fr\\\/voyager\\\/groupes-de-cyclistes\\\/\",\"name\":\"ORGANISATION DE GROUPE | MILANO SANREMO AMATORI | MILAN SANREMO AMATEURS | 7 JUIN 2026 | SITE OFFICIEL\",\"isPartOf\":{\"@id\":\"https:\\\/\\\/milano-sanremo.org\\\/fr\\\/#website\"},\"datePublished\":\"2013-06-17T11:24:23+00:00\",\"dateModified\":\"2025-10-23T13:33:29+00:00\",\"description\":\"ORGANISATION DE GROUPE\",\"breadcrumb\":{\"@id\":\"https:\\\/\\\/milano-sanremo.org\\\/fr\\\/voyager\\\/groupes-de-cyclistes\\\/#breadcrumb\"},\"inLanguage\":\"fr-FR\",\"potentialAction\":[{\"@type\":\"ReadAction\",\"target\":[\"https:\\\/\\\/milano-sanremo.org\\\/fr\\\/voyager\\\/groupes-de-cyclistes\\\/\"]}]},{\"@type\":\"BreadcrumbList\",\"@id\":\"https:\\\/\\\/milano-sanremo.org\\\/fr\\\/voyager\\\/groupes-de-cyclistes\\\/#breadcrumb\",\"itemListElement\":[{\"@type\":\"ListItem\",\"position\":1,\"name\":\"Home\",\"item\":\"https:\\\/\\\/milano-sanremo.org\\\/fr\\\/\"},{\"@type\":\"ListItem\",\"position\":2,\"name\":\"VOYAGE\",\"item\":\"https:\\\/\\\/milano-sanremo.org\\\/fr\\\/viaggio\\\/\"},{\"@type\":\"ListItem\",\"position\":3,\"name\":\"ORGANISATION DE GROUPE\"}]},{\"@type\":\"WebSite\",\"@id\":\"https:\\\/\\\/milano-sanremo.org\\\/fr\\\/#website\",\"url\":\"https:\\\/\\\/milano-sanremo.org\\\/fr\\\/\",\"name\":\"MILANO SANREMO AMATORI\",\"description\":\"MILAN SANREMO AMATEURS | 7 JUIN 2026 | SITE OFFICIEL\",\"potentialAction\":[{\"@type\":\"SearchAction\",\"target\":{\"@type\":\"EntryPoint\",\"urlTemplate\":\"https:\\\/\\\/milano-sanremo.org\\\/fr\\\/?s={search_term_string}\"},\"query-input\":{\"@type\":\"PropertyValueSpecification\",\"valueRequired\":true,\"valueName\":\"search_term_string\"}}],\"inLanguage\":\"fr-FR\"}]}<\/script>\n<!-- \/ Yoast SEO plugin. -->","yoast_head_json":{"title":"ORGANISATION DE GROUPE | MILANO SANREMO AMATORI | MILAN SANREMO AMATEURS | 7 JUIN 2026 | SITE OFFICIEL","description":"ORGANISATION DE GROUPE","robots":{"index":"index","follow":"follow","max-snippet":"max-snippet:-1","max-image-preview":"max-image-preview:large","max-video-preview":"max-video-preview:-1"},"canonical":"https:\/\/milano-sanremo.org\/fr\/voyager\/groupes-de-cyclistes\/","og_locale":"fr_FR","og_type":"article","og_title":"ORGANISATION DE GROUPE | MILANO SANREMO AMATORI | MILAN SANREMO AMATEURS | 7 JUIN 2026 | SITE OFFICIEL","og_description":"ORGANISATION DE GROUPE","og_url":"https:\/\/milano-sanremo.org\/fr\/voyager\/groupes-de-cyclistes\/","og_site_name":"MILANO SANREMO AMATORI","article_modified_time":"2025-10-23T13:33:29+00:00","twitter_card":"summary_large_image","twitter_misc":{"Dur\u00e9e de lecture estim\u00e9e":"1 minute"},"schema":{"@context":"https:\/\/schema.org","@graph":[{"@type":"WebPage","@id":"https:\/\/milano-sanremo.org\/fr\/voyager\/groupes-de-cyclistes\/","url":"https:\/\/milano-sanremo.org\/fr\/voyager\/groupes-de-cyclistes\/","name":"ORGANISATION DE GROUPE | MILANO SANREMO AMATORI | MILAN SANREMO AMATEURS | 7 JUIN 2026 | SITE OFFICIEL","isPartOf":{"@id":"https:\/\/milano-sanremo.org\/fr\/#website"},"datePublished":"2013-06-17T11:24:23+00:00","dateModified":"2025-10-23T13:33:29+00:00","description":"ORGANISATION DE GROUPE","breadcrumb":{"@id":"https:\/\/milano-sanremo.org\/fr\/voyager\/groupes-de-cyclistes\/#breadcrumb"},"inLanguage":"fr-FR","potentialAction":[{"@type":"ReadAction","target":["https:\/\/milano-sanremo.org\/fr\/voyager\/groupes-de-cyclistes\/"]}]},{"@type":"BreadcrumbList","@id":"https:\/\/milano-sanremo.org\/fr\/voyager\/groupes-de-cyclistes\/#breadcrumb","itemListElement":[{"@type":"ListItem","position":1,"name":"Home","item":"https:\/\/milano-sanremo.org\/fr\/"},{"@type":"ListItem","position":2,"name":"VOYAGE","item":"https:\/\/milano-sanremo.org\/fr\/viaggio\/"},{"@type":"ListItem","position":3,"name":"ORGANISATION DE GROUPE"}]},{"@type":"WebSite","@id":"https:\/\/milano-sanremo.org\/fr\/#website","url":"https:\/\/milano-sanremo.org\/fr\/","name":"MILANO SANREMO AMATORI","description":"MILAN SANREMO AMATEURS | 7 JUIN 2026 | SITE OFFICIEL","potentialAction":[{"@type":"SearchAction","target":{"@type":"EntryPoint","urlTemplate":"https:\/\/milano-sanremo.org\/fr\/?s={search_term_string}"},"query-input":{"@type":"PropertyValueSpecification","valueRequired":true,"valueName":"search_term_string"}}],"inLanguage":"fr-FR"}]}},"_links":{"self":[{"href":"https:\/\/milano-sanremo.org\/fr\/wp-json\/wp\/v2\/pages\/1840","targetHints":{"allow":["GET"]}}],"collection":[{"href":"https:\/\/milano-sanremo.org\/fr\/wp-json\/wp\/v2\/pages"}],"about":[{"href":"https:\/\/milano-sanremo.org\/fr\/wp-json\/wp\/v2\/types\/page"}],"author":[{"embeddable":true,"href":"https:\/\/milano-sanremo.org\/fr\/wp-json\/wp\/v2\/users\/1"}],"replies":[{"embeddable":true,"href":"https:\/\/milano-sanremo.org\/fr\/wp-json\/wp\/v2\/comments?post=1840"}],"version-history":[{"count":12,"href":"https:\/\/milano-sanremo.org\/fr\/wp-json\/wp\/v2\/pages\/1840\/revisions"}],"predecessor-version":[{"id":14913,"href":"https:\/\/milano-sanremo.org\/fr\/wp-json\/wp\/v2\/pages\/1840\/revisions\/14913"}],"up":[{"embeddable":true,"href":"https:\/\/milano-sanremo.org\/fr\/wp-json\/wp\/v2\/pages\/1619"}],"wp:attachment":[{"href":"https:\/\/milano-sanremo.org\/fr\/wp-json\/wp\/v2\/media?parent=1840"}],"curies":[{"name":"wp","href":"https:\/\/api.w.org\/{rel}","templated":true}]}}