{"id":6583,"date":"2015-10-05T07:42:26","date_gmt":"2015-10-05T07:42:26","guid":{"rendered":"http:\/\/milano-sanremo.org\/?page_id=6583"},"modified":"2026-03-25T13:00:03","modified_gmt":"2026-03-25T13:00:03","slug":"atahotel-ripamonti","status":"publish","type":"page","link":"https:\/\/milano-sanremo.org\/fr\/voyager\/hotels-3\/atahotel-ripamonti\/","title":{"rendered":"HOTEL A MILAN"},"content":{"rendered":"<p>[et_pb_section fb_built=\u00a0\u00bb1&Prime; admin_label=\u00a0\u00bbsection\u00a0\u00bb _builder_version=\u00a0\u00bb4.16&Prime; locked=\u00a0\u00bboff\u00a0\u00bb global_colors_info=\u00a0\u00bb{}\u00a0\u00bb][et_pb_row _builder_version=\u00a0\u00bb4.16&Prime; background_size=\u00a0\u00bbinitial\u00a0\u00bb background_position=\u00a0\u00bbtop_left\u00a0\u00bb background_repeat=\u00a0\u00bbrepeat\u00a0\u00bb locked=\u00a0\u00bboff\u00a0\u00bb global_colors_info=\u00a0\u00bb{}\u00a0\u00bb][et_pb_column type=\u00a0\u00bb4_4&Prime; _builder_version=\u00a0\u00bb4.16&Prime; custom_padding=\u00a0\u00bb|||\u00a0\u00bb global_colors_info=\u00a0\u00bb{}\u00a0\u00bb custom_padding__hover=\u00a0\u00bb|||\u00a0\u00bb][et_pb_text admin_label=\u00a0\u00bbSottotitolo\u00a0\u00bb _builder_version=\u00a0\u00bb4.19.5&Prime; background_size=\u00a0\u00bbinitial\u00a0\u00bb background_position=\u00a0\u00bbtop_left\u00a0\u00bb background_repeat=\u00a0\u00bbrepeat\u00a0\u00bb global_colors_info=\u00a0\u00bb{}\u00a0\u00bb]<\/p>\n<h2 style=\"text-align: center;\">R\u00c9SERVEZ L&rsquo;H\u00d4TEL OFFICIEL DE L&rsquo;\u00c9V\u00c9NEMENT UNIQUEMENT SUR NOTRE SITE WEB !<\/h2>\n<p>[\/et_pb_text][et_pb_text admin_label=\u00a0\u00bbServizi\u00a0\u00bb _builder_version=\u00a0\u00bb4.19.5&Prime; _module_preset=\u00a0\u00bbdefault\u00a0\u00bb global_colors_info=\u00a0\u00bb{}\u00a0\u00bb]<\/p>\n<h3><span style=\"color: #ff0000;\">DES SERVICES EXCLUSIFS R\u00c9SERV\u00c9S AUX PARTICIPANTS<\/span> QUI R\u00c9SERVENT SUR NOTRE SITE WEB<\/h3>\n<ul>\n<li><span style=\"font-size: 14pt;\"><strong><span style=\"color: #ff0000;\">L&rsquo;h\u00f4tel PREMIUM est IBIS STYLE SETTALA MILAN d\u00e9sign\u00e9 pour le d\u00e9part &#8211; notre exclusivit\u00e9 !<\/span><\/strong><\/span><\/li>\n<li>\n<h4><span style=\"color: #ff0000;\"><strong>Les h\u00f4tels COMFORT se trouvent dans un rayon d&rsquo;environ 15 km du d\u00e9part.<\/strong><\/span><\/h4>\n<\/li>\n<li>\n<h4><span style=\"color: #ff0000;\"><strong>Les h\u00f4tels s\u00e9lectionn\u00e9s \u00e0 Milan offrent la possibilit\u00e9 d&rsquo;apporter le v\u00e9lo dans la chambre ou l&rsquo;organisation d&rsquo;un d\u00e9p\u00f4t s\u00e9curis\u00e9.<\/strong><\/span><\/h4>\n<\/li>\n<li>\n<h4><span style=\"color: #ff0000;\"><strong>Petit d\u00e9jeuner t\u00f4t le matin : le jour de l&rsquo;\u00e9v\u00e9nement, le petit d\u00e9jeuner sera servi \u00e0 partir de 5h00 avec un renforcement en glucides (p\u00e2tes et riz) \u2013 SERVICE EXCLUSIF dans tous nos h\u00f4tels !<\/strong><\/span><\/h4>\n<\/li>\n<li>\n<h4><span style=\"color: #ff0000;\"><strong>D\u00eener de bienvenue, pour ceux qui r\u00e9servent l&rsquo;h\u00f4tel en demi-pension \u2013 SERVICE EXCLUSIF \u00e0 l&rsquo;h\u00f4tel officiel !<\/strong><\/span><\/h4>\n<\/li>\n<\/ul>\n<p>[\/et_pb_text][\/et_pb_column][\/et_pb_row][et_pb_row _builder_version=\u00a0\u00bb4.19.4&Prime; _module_preset=\u00a0\u00bbdefault\u00a0\u00bb locked=\u00a0\u00bboff\u00a0\u00bb global_colors_info=\u00a0\u00bb{}\u00a0\u00bb][et_pb_column type=\u00a0\u00bb4_4&Prime; _builder_version=\u00a0\u00bb4.19.4&Prime; _module_preset=\u00a0\u00bbdefault\u00a0\u00bb global_colors_info=\u00a0\u00bb{}\u00a0\u00bb][et_pb_text admin_label=\u00a0\u00bbSottotitolo\u00a0\u00bb _builder_version=\u00a0\u00bb4.19.5&Prime; background_size=\u00a0\u00bbinitial\u00a0\u00bb background_position=\u00a0\u00bbtop_left\u00a0\u00bb background_repeat=\u00a0\u00bbrepeat\u00a0\u00bb global_colors_info=\u00a0\u00bb{}\u00a0\u00bb]<\/p>\n<h2 style=\"text-align: center;\">H\u00d4TEL PREMIUM<\/h2>\n<p>[\/et_pb_text][et_pb_pricing_tables featured_table_header_background_color=\u00a0\u00bb#E02B20&Prime; header_background_color=\u00a0\u00bb#E02B20&Prime; _builder_version=\u00a0\u00bb4.19.5&Prime; _module_preset=\u00a0\u00bbdefault\u00a0\u00bb global_colors_info=\u00a0\u00bb{}\u00a0\u00bb][et_pb_pricing_table title=\u00a0\u00bbCHAMBRE DOUBLE USAGE UNIQUE\u00a0\u00bb subtitle=\u00a0\u00bbIBIS STYLE SETTALA situ\u00e9 chez le lieu de d\u00e9part\u00a0\u00bb currency=\u00a0\u00bb\u20ac\u00a0\u00bb per=\u00a0\u00bbpar personne par nuit\u00a0\u00bb sum=\u00a0\u00bb215&Prime; button_url=\u00a0\u00bbhttps:\/\/www.runtosanremo.it\/fr\/granfondo-milano-sanremo\/\u00a0\u00bb url_new_window=\u00a0\u00bbon\u00a0\u00bb button_text=\u00a0\u00bbRESERVEZ MAINTENANT\u00a0\u00bb _builder_version=\u00a0\u00bb4.19.5&Prime; _module_preset=\u00a0\u00bbdefault\u00a0\u00bb global_colors_info=\u00a0\u00bb{}\u00a0\u00bb sticky_transition=\u00a0\u00bbon\u00a0\u00bb]<\/p>\n<p>Solution en Chambre Double \u00e0 usage unique (pour 1 personne)<\/p>\n<p>D\u00eener de bienvenue le samedi soir, boissons incluses<\/p>\n<p>Y compris un petit-d\u00e9jeuner sportif \u00e0 5 heures du matin le jour de la course.<\/p>\n<p>Nuit suppl\u00e9mentaire avec petit d\u00e9jeuner : \u20ac 100.00<\/p>\n<p>[\/et_pb_pricing_table][et_pb_pricing_table title=\u00a0\u00bbCHAMBRE DOUBLE\u00a0\u00bb subtitle=\u00a0\u00bbIBIS STYLE SETTALA situ\u00e9 chez le lieu de d\u00e9part\u00a0\u00bb currency=\u00a0\u00bb\u20ac\u00a0\u00bb per=\u00a0\u00bbpar personne par nuit\u00a0\u00bb sum=\u00a0\u00bb155&Prime; button_url=\u00a0\u00bbhttps:\/\/www.runtosanremo.it\/fr\/granfondo-milano-sanremo\/\u00a0\u00bb url_new_window=\u00a0\u00bbon\u00a0\u00bb button_text=\u00a0\u00bbRESERVEZ MAINTENANT\u00a0\u00bb _builder_version=\u00a0\u00bb4.19.5&Prime; _module_preset=\u00a0\u00bbdefault\u00a0\u00bb global_colors_info=\u00a0\u00bb{}\u00a0\u00bb sticky_transition=\u00a0\u00bbon\u00a0\u00bb]Solution en Chambre Double (pour 2 personnes)<br \/>\nD\u00eener de bienvenue le samedi soir, boissons incluses<br \/>\nY compris un petit-d\u00e9jeuner sportif \u00e0 5 heures du matin le jour de la course.[\/et_pb_pricing_table][\/et_pb_pricing_tables][et_pb_text admin_label=\u00a0\u00bbSottotitolo\u00a0\u00bb _builder_version=\u00a0\u00bb4.19.5&Prime; background_size=\u00a0\u00bbinitial\u00a0\u00bb background_position=\u00a0\u00bbtop_left\u00a0\u00bb background_repeat=\u00a0\u00bbrepeat\u00a0\u00bb global_colors_info=\u00a0\u00bb{}\u00a0\u00bb]<\/p>\n<h2 style=\"text-align: center;\">H\u00d4TEL COMFORT<\/h2>\n<p>[\/et_pb_text][et_pb_pricing_tables featured_table_header_background_color=\u00a0\u00bb#E02B20&Prime; header_background_color=\u00a0\u00bb#E02B20&Prime; _builder_version=\u00a0\u00bb4.19.5&Prime; _module_preset=\u00a0\u00bbdefault\u00a0\u00bb global_colors_info=\u00a0\u00bb{}\u00a0\u00bb][et_pb_pricing_table title=\u00a0\u00bbCHAMBRE DOUBLE USAGE UNIQUE\u00a0\u00bb subtitle=\u00a0\u00bbRoulette formula, situ\u00e9s dans un rayon de 15 km du lieu de d\u00e9part\u00a0\u00bb currency=\u00a0\u00bb\u20ac\u00a0\u00bb per=\u00a0\u00bbpar chambre par nuit\u00a0\u00bb sum=\u00a0\u00bb110&Prime; button_url=\u00a0\u00bbhttps:\/\/www.runtosanremo.it\/fr\/granfondo-milano-sanremo\/\u00a0\u00bb url_new_window=\u00a0\u00bbon\u00a0\u00bb button_text=\u00a0\u00bbRESERVEZ MAINTENANT\u00a0\u00bb _builder_version=\u00a0\u00bb4.19.5&Prime; _module_preset=\u00a0\u00bbdefault\u00a0\u00bb global_colors_info=\u00a0\u00bb{}\u00a0\u00bb sticky_transition=\u00a0\u00bbon\u00a0\u00bb]Solution en Chambre Double \u00e0 usage unique (pour 1 personne)<\/p>\n<p>Y compris un petit-d\u00e9jeuner sportif \u00e0 5 heures du matin le jour de la course.[\/et_pb_pricing_table][et_pb_pricing_table title=\u00a0\u00bbCHAMBRE DOUBLE\u00a0\u00bb subtitle=\u00a0\u00bbRoulette formula, situ\u00e9s dans un rayon de 15 km du lieu de d\u00e9part\u00a0\u00bb currency=\u00a0\u00bb\u20ac\u00a0\u00bb per=\u00a0\u00bbpar chambre par nuit\u00a0\u00bb sum=\u00a0\u00bb150&Prime; button_url=\u00a0\u00bbhttps:\/\/www.runtosanremo.it\/fr\/granfondo-milano-sanremo\/\u00a0\u00bb url_new_window=\u00a0\u00bbon\u00a0\u00bb button_text=\u00a0\u00bbRESERVEZ MAINTENANT\u00a0\u00bb _builder_version=\u00a0\u00bb4.19.5&Prime; _module_preset=\u00a0\u00bbdefault\u00a0\u00bb global_colors_info=\u00a0\u00bb{}\u00a0\u00bb sticky_transition=\u00a0\u00bbon\u00a0\u00bb]Solution en Chambre Double (pour 2 personnes)<\/p>\n<p>Y compris un petit-d\u00e9jeuner sportif \u00e0 5 heures du matin le jour de la course.[\/et_pb_pricing_table][\/et_pb_pricing_tables][et_pb_text _builder_version=\u00a0\u00bb4.19.5&Prime; background_size=\u00a0\u00bbinitial\u00a0\u00bb background_position=\u00a0\u00bbtop_left\u00a0\u00bb background_repeat=\u00a0\u00bbrepeat\u00a0\u00bb global_colors_info=\u00a0\u00bb{}\u00a0\u00bb]<\/p>\n<p><strong>COUPON POUR L&rsquo;H\u00d4TEL<\/strong><\/p>\n<p>L&rsquo;h\u00f4tel exact vous sera attribu\u00e9 15\/20 jours avant l&rsquo;\u00e9v\u00e9nement. Le coupon sera envoy\u00e9 par e-mail.<\/p>\n<p><strong>P\u00c9NALIT\u00c9S EN CAS D&rsquo;ANNULATION<\/strong><\/p>\n<p>Vous \u00eates pri\u00e9s de lire la politique de r\u00e9servation des\u00a0h\u00f4tels \u00e0 <a href=\"https:\/\/milano-sanremo.org\/fr\/information-3\/politique-de-reservation\/\" target=\"_blank\" rel=\"noopener noreferrer\">cette page<\/a>.<\/p>\n<p>[\/et_pb_text][\/et_pb_column][\/et_pb_row][\/et_pb_section]<\/p>\n","protected":false},"excerpt":{"rendered":"<p>R\u00c9SERVEZ L&rsquo;H\u00d4TEL OFFICIEL DE L&rsquo;\u00c9V\u00c9NEMENT UNIQUEMENT SUR NOTRE SITE WEB !DES SERVICES EXCLUSIFS R\u00c9SERV\u00c9S AUX PARTICIPANTS QUI R\u00c9SERVENT SUR NOTRE SITE WEB L&rsquo;h\u00f4tel PREMIUM est IBIS STYLE SETTALA MILAN d\u00e9sign\u00e9 pour le d\u00e9part &#8211; notre exclusivit\u00e9 ! Les h\u00f4tels COMFORT se trouvent dans un rayon d&rsquo;environ 15 km du d\u00e9part. Les h\u00f4tels s\u00e9lectionn\u00e9s \u00e0 Milan [&hellip;]<\/p>\n","protected":false},"author":1,"featured_media":0,"parent":1704,"menu_order":0,"comment_status":"closed","ping_status":"closed","template":"","meta":{"_et_pb_use_builder":"on","_et_pb_old_content":"","_et_gb_content_width":"","ngg_post_thumbnail":0,"footnotes":""},"class_list":["post-6583","page","type-page","status-publish","hentry"],"yoast_head":"<!-- This site is optimized with the Yoast SEO plugin v27.4 - https:\/\/yoast.com\/product\/yoast-seo-wordpress\/ -->\n<title>HOTEL A MILAN | MILANO SANREMO AMATORI | MILAN SANREMO AMATEURS | 7 JUIN 2026 | SITE OFFICIEL<\/title>\n<meta name=\"description\" content=\"HOTEL A MILAN\" \/>\n<meta name=\"robots\" content=\"index, follow, max-snippet:-1, max-image-preview:large, max-video-preview:-1\" \/>\n<link rel=\"canonical\" href=\"https:\/\/milano-sanremo.org\/fr\/voyager\/hotels-3\/atahotel-ripamonti\/\" \/>\n<meta property=\"og:locale\" content=\"fr_FR\" \/>\n<meta property=\"og:type\" content=\"article\" \/>\n<meta property=\"og:title\" content=\"HOTEL A MILAN | MILANO SANREMO AMATORI | MILAN SANREMO AMATEURS | 7 JUIN 2026 | SITE OFFICIEL\" \/>\n<meta property=\"og:description\" content=\"HOTEL A MILAN\" \/>\n<meta property=\"og:url\" content=\"https:\/\/milano-sanremo.org\/fr\/voyager\/hotels-3\/atahotel-ripamonti\/\" \/>\n<meta property=\"og:site_name\" content=\"MILANO SANREMO AMATORI\" \/>\n<meta property=\"article:modified_time\" content=\"2026-03-25T13:00:03+00:00\" \/>\n<meta name=\"twitter:card\" content=\"summary_large_image\" \/>\n<meta name=\"twitter:label1\" content=\"Dur\u00e9e de lecture estim\u00e9e\" \/>\n\t<meta name=\"twitter:data1\" content=\"2 minutes\" \/>\n<script type=\"application\/ld+json\" class=\"yoast-schema-graph\">{\"@context\":\"https:\\\/\\\/schema.org\",\"@graph\":[{\"@type\":\"WebPage\",\"@id\":\"https:\\\/\\\/milano-sanremo.org\\\/fr\\\/voyager\\\/hotels-3\\\/atahotel-ripamonti\\\/\",\"url\":\"https:\\\/\\\/milano-sanremo.org\\\/fr\\\/voyager\\\/hotels-3\\\/atahotel-ripamonti\\\/\",\"name\":\"HOTEL A MILAN | MILANO SANREMO AMATORI | MILAN SANREMO AMATEURS | 7 JUIN 2026 | SITE OFFICIEL\",\"isPartOf\":{\"@id\":\"https:\\\/\\\/milano-sanremo.org\\\/fr\\\/#website\"},\"datePublished\":\"2015-10-05T07:42:26+00:00\",\"dateModified\":\"2026-03-25T13:00:03+00:00\",\"description\":\"HOTEL A MILAN\",\"breadcrumb\":{\"@id\":\"https:\\\/\\\/milano-sanremo.org\\\/fr\\\/voyager\\\/hotels-3\\\/atahotel-ripamonti\\\/#breadcrumb\"},\"inLanguage\":\"fr-FR\",\"potentialAction\":[{\"@type\":\"ReadAction\",\"target\":[\"https:\\\/\\\/milano-sanremo.org\\\/fr\\\/voyager\\\/hotels-3\\\/atahotel-ripamonti\\\/\"]}]},{\"@type\":\"BreadcrumbList\",\"@id\":\"https:\\\/\\\/milano-sanremo.org\\\/fr\\\/voyager\\\/hotels-3\\\/atahotel-ripamonti\\\/#breadcrumb\",\"itemListElement\":[{\"@type\":\"ListItem\",\"position\":1,\"name\":\"Home\",\"item\":\"https:\\\/\\\/milano-sanremo.org\\\/fr\\\/\"},{\"@type\":\"ListItem\",\"position\":2,\"name\":\"VOYAGE\",\"item\":\"https:\\\/\\\/milano-sanremo.org\\\/fr\\\/viaggio\\\/\"},{\"@type\":\"ListItem\",\"position\":3,\"name\":\"H\u00d4TELS\",\"item\":\"https:\\\/\\\/milano-sanremo.org\\\/fr\\\/viaggio\\\/alberghi\\\/\"},{\"@type\":\"ListItem\",\"position\":4,\"name\":\"HOTEL A MILAN\"}]},{\"@type\":\"WebSite\",\"@id\":\"https:\\\/\\\/milano-sanremo.org\\\/fr\\\/#website\",\"url\":\"https:\\\/\\\/milano-sanremo.org\\\/fr\\\/\",\"name\":\"MILANO SANREMO AMATORI\",\"description\":\"MILAN SANREMO AMATEURS | 7 JUIN 2026 | SITE OFFICIEL\",\"potentialAction\":[{\"@type\":\"SearchAction\",\"target\":{\"@type\":\"EntryPoint\",\"urlTemplate\":\"https:\\\/\\\/milano-sanremo.org\\\/fr\\\/?s={search_term_string}\"},\"query-input\":{\"@type\":\"PropertyValueSpecification\",\"valueRequired\":true,\"valueName\":\"search_term_string\"}}],\"inLanguage\":\"fr-FR\"}]}<\/script>\n<!-- \/ Yoast SEO plugin. -->","yoast_head_json":{"title":"HOTEL A MILAN | MILANO SANREMO AMATORI | MILAN SANREMO AMATEURS | 7 JUIN 2026 | SITE OFFICIEL","description":"HOTEL A MILAN","robots":{"index":"index","follow":"follow","max-snippet":"max-snippet:-1","max-image-preview":"max-image-preview:large","max-video-preview":"max-video-preview:-1"},"canonical":"https:\/\/milano-sanremo.org\/fr\/voyager\/hotels-3\/atahotel-ripamonti\/","og_locale":"fr_FR","og_type":"article","og_title":"HOTEL A MILAN | MILANO SANREMO AMATORI | MILAN SANREMO AMATEURS | 7 JUIN 2026 | SITE OFFICIEL","og_description":"HOTEL A MILAN","og_url":"https:\/\/milano-sanremo.org\/fr\/voyager\/hotels-3\/atahotel-ripamonti\/","og_site_name":"MILANO SANREMO AMATORI","article_modified_time":"2026-03-25T13:00:03+00:00","twitter_card":"summary_large_image","twitter_misc":{"Dur\u00e9e de lecture estim\u00e9e":"2 minutes"},"schema":{"@context":"https:\/\/schema.org","@graph":[{"@type":"WebPage","@id":"https:\/\/milano-sanremo.org\/fr\/voyager\/hotels-3\/atahotel-ripamonti\/","url":"https:\/\/milano-sanremo.org\/fr\/voyager\/hotels-3\/atahotel-ripamonti\/","name":"HOTEL A MILAN | MILANO SANREMO AMATORI | MILAN SANREMO AMATEURS | 7 JUIN 2026 | SITE OFFICIEL","isPartOf":{"@id":"https:\/\/milano-sanremo.org\/fr\/#website"},"datePublished":"2015-10-05T07:42:26+00:00","dateModified":"2026-03-25T13:00:03+00:00","description":"HOTEL A MILAN","breadcrumb":{"@id":"https:\/\/milano-sanremo.org\/fr\/voyager\/hotels-3\/atahotel-ripamonti\/#breadcrumb"},"inLanguage":"fr-FR","potentialAction":[{"@type":"ReadAction","target":["https:\/\/milano-sanremo.org\/fr\/voyager\/hotels-3\/atahotel-ripamonti\/"]}]},{"@type":"BreadcrumbList","@id":"https:\/\/milano-sanremo.org\/fr\/voyager\/hotels-3\/atahotel-ripamonti\/#breadcrumb","itemListElement":[{"@type":"ListItem","position":1,"name":"Home","item":"https:\/\/milano-sanremo.org\/fr\/"},{"@type":"ListItem","position":2,"name":"VOYAGE","item":"https:\/\/milano-sanremo.org\/fr\/viaggio\/"},{"@type":"ListItem","position":3,"name":"H\u00d4TELS","item":"https:\/\/milano-sanremo.org\/fr\/viaggio\/alberghi\/"},{"@type":"ListItem","position":4,"name":"HOTEL A MILAN"}]},{"@type":"WebSite","@id":"https:\/\/milano-sanremo.org\/fr\/#website","url":"https:\/\/milano-sanremo.org\/fr\/","name":"MILANO SANREMO AMATORI","description":"MILAN SANREMO AMATEURS | 7 JUIN 2026 | SITE OFFICIEL","potentialAction":[{"@type":"SearchAction","target":{"@type":"EntryPoint","urlTemplate":"https:\/\/milano-sanremo.org\/fr\/?s={search_term_string}"},"query-input":{"@type":"PropertyValueSpecification","valueRequired":true,"valueName":"search_term_string"}}],"inLanguage":"fr-FR"}]}},"_links":{"self":[{"href":"https:\/\/milano-sanremo.org\/fr\/wp-json\/wp\/v2\/pages\/6583","targetHints":{"allow":["GET"]}}],"collection":[{"href":"https:\/\/milano-sanremo.org\/fr\/wp-json\/wp\/v2\/pages"}],"about":[{"href":"https:\/\/milano-sanremo.org\/fr\/wp-json\/wp\/v2\/types\/page"}],"author":[{"embeddable":true,"href":"https:\/\/milano-sanremo.org\/fr\/wp-json\/wp\/v2\/users\/1"}],"replies":[{"embeddable":true,"href":"https:\/\/milano-sanremo.org\/fr\/wp-json\/wp\/v2\/comments?post=6583"}],"version-history":[{"count":41,"href":"https:\/\/milano-sanremo.org\/fr\/wp-json\/wp\/v2\/pages\/6583\/revisions"}],"predecessor-version":[{"id":15450,"href":"https:\/\/milano-sanremo.org\/fr\/wp-json\/wp\/v2\/pages\/6583\/revisions\/15450"}],"up":[{"embeddable":true,"href":"https:\/\/milano-sanremo.org\/fr\/wp-json\/wp\/v2\/pages\/1704"}],"wp:attachment":[{"href":"https:\/\/milano-sanremo.org\/fr\/wp-json\/wp\/v2\/media?parent=6583"}],"curies":[{"name":"wp","href":"https:\/\/api.w.org\/{rel}","templated":true}]}}