{"id":7893,"date":"2016-11-04T09:14:41","date_gmt":"2016-11-04T09:14:41","guid":{"rendered":"http:\/\/milano-sanremo.org\/?page_id=7893"},"modified":"2025-06-06T16:17:49","modified_gmt":"2025-06-06T16:17:49","slug":"remise-des-dossards-de-course","status":"publish","type":"page","link":"https:\/\/milano-sanremo.org\/fr\/inscriptions\/remise-des-dossards-de-course\/","title":{"rendered":"Remise des dossards de course"},"content":{"rendered":"<p>[et_pb_section fb_built=\u00a0\u00bb1&Prime; admin_label=\u00a0\u00bbsection\u00a0\u00bb _builder_version=\u00a0\u00bb4.16&Prime; global_colors_info=\u00a0\u00bb{}\u00a0\u00bb][et_pb_row admin_label=\u00a0\u00bbrow\u00a0\u00bb _builder_version=\u00a0\u00bb4.16&Prime; background_size=\u00a0\u00bbinitial\u00a0\u00bb background_position=\u00a0\u00bbtop_left\u00a0\u00bb background_repeat=\u00a0\u00bbrepeat\u00a0\u00bb global_colors_info=\u00a0\u00bb{}\u00a0\u00bb][et_pb_column type=\u00a0\u00bb4_4&Prime; _builder_version=\u00a0\u00bb4.16&Prime; custom_padding=\u00a0\u00bb|||\u00a0\u00bb global_colors_info=\u00a0\u00bb{}\u00a0\u00bb custom_padding__hover=\u00a0\u00bb|||\u00a0\u00bb][et_pb_text admin_label=\u00a0\u00bbText\u00a0\u00bb _builder_version=\u00a0\u00bb4.27.4&Prime; background_size=\u00a0\u00bbinitial\u00a0\u00bb background_position=\u00a0\u00bbtop_left\u00a0\u00bb background_repeat=\u00a0\u00bbrepeat\u00a0\u00bb global_colors_info=\u00a0\u00bb{}\u00a0\u00bb]<\/p>\n<h2>La remise des dossards de course pour la Milan San Remo Amatori cyclosportive se fera apr\u00e8s v\u00e9rification des documents des participants. Il doivent \u00eatre conformes \u00e0 la saison de comp\u00e9tition.<\/h2>\n<h2>\u00a0<\/h2>\n<h4>REMISE DES DOSSARDS DE COURSE<\/h4>\n<p><span style=\"color: #ff0000;\"><strong>Les dossards pourront \u00eatre remis \u00e0 partir du mois de janvier, apr\u00e8s v\u00e9rification des documents des athl\u00e8tes.<\/strong><\/span><\/p>\n<p>Envoyez les scans des documents demand\u00e9s \u00e0 documenti@milano-sanremo.org :<\/p>\n<ul>\n<li><strong><span style=\"color: #ff0000;\">licence sportive \/ carte de membre valide le jour de la course<\/span><\/strong><\/li>\n<li><strong><span style=\"color: #ff0000;\">ou un certificat m\u00e9dical d&rsquo;aptitude \u00e0 la pratique sportive valide le jour de la course, si vous avez opt\u00e9 pour une licence journali\u00e8re<\/span><\/strong><\/li>\n<\/ul>\n<p><strong>L&rsquo;organisation proc\u00e9dera\u00a0\u00e0 la v\u00e9rification des documents avant de vous assigner un dossard de course.<\/strong><\/p>\n<h4>\u00a0<\/h4>\n<h4><span style=\"font-size: 1em;\">DATE LIMITE POUR LA <\/span>V\u00c9RIFICATION<span style=\"font-size: 1em;\">\u00a0DES DOCUMENTS\u00a0<\/span><\/h4>\n<p>Pour des raisons organisationnelles, l&rsquo;organisation ne pourra pas v\u00e9rifier les documents juste avant le d\u00e9but de la course.<br \/><strong><span style=\"color: #ff0000;\">La date limite de v\u00e9rification des documents des sportifs est stricte et fix\u00e9e selon le sch\u00e9ma pr\u00e9sent\u00e9 ci-apr\u00e8s<\/span><\/strong><\/p>\n<table style=\"border-collapse: collapse; width: 100%;\" border=\"1\">\n<tbody>\n<tr style=\"height: 23px;\">\n<td style=\"width: 20%; height: 23px;\">inscription effectu\u00e9 dans le<\/td>\n<td style=\"width: 20%; height: 23px;\">quand envoyer les documents<\/td>\n<td style=\"width: 20%; height: 23px;\">date limite envoi documents<\/td>\n<\/tr>\n<tr style=\"height: 23px;\">\n<td style=\"width: 20%; height: 23px;\">31 d\u00e9cembre<\/td>\n<td style=\"width: 20%; height: 23px;\">en janvier<\/td>\n<td style=\"width: 20%; height: 23px;\">31 janvier<\/td>\n<\/tr>\n<tr style=\"height: 23px;\">\n<td style=\"width: 20%; height: 23px;\">31 janvier<\/td>\n<td style=\"width: 20%; height: 23px;\">dans 30 jours maximum<\/td>\n<td style=\"width: 20%; height: 23px;\">28 f\u00e9vrier<\/td>\n<\/tr>\n<tr style=\"height: 23px;\">\n<td style=\"width: 20%; height: 23px;\">28 f\u00e9vrier<\/td>\n<td style=\"width: 20%; height: 23px;\">dans 30 jours maximum<\/td>\n<td style=\"width: 20%; height: 23px;\">31 mars<\/td>\n<\/tr>\n<tr style=\"height: 23px;\">\n<td style=\"width: 20%; height: 23px;\">31 mars<\/td>\n<td style=\"width: 20%; height: 23px;\">dans 30 jours maximum<\/td>\n<td style=\"width: 20%; height: 23px;\">30 avril<\/td>\n<\/tr>\n<tr style=\"height: 23px;\">\n<td style=\"width: 20%; height: 23px;\">25 mai<\/td>\n<td style=\"width: 20%; height: 23px;\">dans 7 jours maximum<\/td>\n<td style=\"width: 20%; height: 23px;\">31 mai<\/td>\n<\/tr>\n<\/tbody>\n<\/table>\n<p><span style=\"color: #ff0000;\"><strong>Les inscriptions des athl\u00e8tes qui n&rsquo;ont pas envoy\u00e9 de documents dans les d\u00e9lais pr\u00e9vus, seront supprim\u00e9es. Ces athl\u00e8tes n&rsquo;ont pas droit au remboursement.<\/strong><\/span><\/p>\n<p><strong><span style=\"color: #ff0000;\">Tout sportif n&rsquo;ayant pas soumis ses documents avant la date limite ne pourra pas participer \u00e0 la course.<\/span><\/strong><\/p>\n<p>&nbsp;<\/p>\n<h4><span style=\"font-size: 1em;\">DOCUMENTS <\/span>N\u00c9CESSAIRES<span style=\"font-size: 1em;\">\u00a0POUR LE <\/span>RE\u00c7U<span style=\"font-size: 1em;\">\u00a0DE DOSSARD DE COURSE<\/span><\/h4>\n<p>Dans la liste suivante se trouvent tous les documents requis pour obtenir la confirmation d&rsquo;inscription \u00e0 l\u2019\u00e9v\u00e9nement, en fonction de votre carte de membre \/ licence.<\/p>\n<p><span style=\"color: #ff0000;\"><strong>Les cartes de membre \/ licences et certificats m\u00e9dicaux d&rsquo;aptitude \u00e0 la pratique sportive demand\u00e9s doivent \u00eatre valides pour la date de la course.<\/strong><\/span><\/p>\n<h3>\u00a0<\/h3>\n<h3>LICENCE JOURNALIERE<\/h3>\n<table border=\"0\" cellspacing=\"0\">\n<colgroup width=\"319\"><\/colgroup>\n<colgroup width=\"209\"><\/colgroup>\n<tbody>\n<tr style=\"background-color: red; color: #fff;\">\n<td style=\"height: 23px;\" align=\"left\" height=\"17\">F\u00e9d\u00e9ration<\/td>\n<td style=\"height: 23px;\" align=\"left\">Documents \u00e0 envoyer<\/td>\n<\/tr>\n<tr style=\"height: 23px;\">\n<td style=\"height: 23px;\" align=\"left\" height=\"17\"><b>LICENCE JOURNALIERE ACSI<\/b><\/td>\n<td style=\"height: 23px;\" align=\"left\"><strong>certificat m\u00e9dical d&rsquo;aptitude \u00e0 la pratique sportive et d\u00e9claration \u00e9thique<\/strong><\/td>\n<\/tr>\n<\/tbody>\n<\/table>\n<p>&nbsp;<\/p>\n<p>&nbsp;<\/p>\n<h3>EN DEHORS DE L\u2019ITALIE<\/h3>\n<table border=\"0\" cellspacing=\"0\">\n<colgroup width=\"319\"><\/colgroup>\n<colgroup width=\"209\"><\/colgroup>\n<tbody>\n<tr style=\"background-color: red; color: #fff;\">\n<td align=\"left\" height=\"17\">F\u00e9d\u00e9ration<\/td>\n<td align=\"left\">Documents \u00e0 envoyer<\/td>\n<\/tr>\n<tr>\n<td align=\"left\" height=\"17\">ALBANIA UCI Cycling Federation<\/td>\n<td align=\"left\">licence de cyclisme scann\u00e9e<\/td>\n<\/tr>\n<tr>\n<td align=\"left\" height=\"17\">ANDORRA UCI Cycling Federation<\/td>\n<td align=\"left\">licence de cyclisme scann\u00e9e<\/td>\n<\/tr>\n<tr>\n<td align=\"left\" height=\"17\">ARMENIA UCI Cycling Federation<\/td>\n<td align=\"left\">licence de cyclisme scann\u00e9e<\/td>\n<\/tr>\n<tr>\n<td align=\"left\" height=\"17\">AUSTRIA UCI Cycling Federation<\/td>\n<td align=\"left\">licence de cyclisme scann\u00e9e<\/td>\n<\/tr>\n<tr>\n<td align=\"left\" height=\"17\">AZERBAIJAN UCI Cycling Federation<\/td>\n<td align=\"left\">licence de cyclisme scann\u00e9e<\/td>\n<\/tr>\n<tr>\n<td align=\"left\" height=\"17\">BELGIUM UCI Royal Cycling League<\/td>\n<td align=\"left\">licence de cyclisme scann\u00e9e<\/td>\n<\/tr>\n<tr>\n<td align=\"left\" height=\"17\"><strong>BELGIUM VWB Vlaamse Wielrijdersbond<\/strong><\/td>\n<td align=\"left\">\n<p><strong>certificat m\u00e9dical d&rsquo;aptitude \u00e0 la pratique sportive<\/strong><\/p>\n<p><strong>NB : Cette licence n&rsquo;est pas reconnue par l&rsquo;UCI. Une licence journali\u00e8re est donc obligatoire.<\/strong><\/p>\n<\/td>\n<\/tr>\n<tr>\n<td align=\"left\" height=\"17\">BOSNIA UCI Cycling Federation<\/td>\n<td align=\"left\">licence de cyclisme scann\u00e9e<\/td>\n<\/tr>\n<tr>\n<td align=\"left\" height=\"17\">BELARUS UCI Federation of Cycling Sport<\/td>\n<td align=\"left\">licence de cyclisme scann\u00e9e<\/td>\n<\/tr>\n<tr>\n<td align=\"left\" height=\"17\">BULGARIA UCI Cycling Union<\/td>\n<td align=\"left\">licence de cyclisme scann\u00e9e<\/td>\n<\/tr>\n<tr>\n<td align=\"left\" height=\"17\">CROATIA UCI Cycling Federation<\/td>\n<td align=\"left\">licence de cyclisme scann\u00e9e<\/td>\n<\/tr>\n<tr>\n<td align=\"left\" height=\"17\">CYPRUS UCI Cycling Federation<\/td>\n<td align=\"left\">licence de cyclisme scann\u00e9e<\/td>\n<\/tr>\n<tr>\n<td align=\"left\" height=\"17\">CZECH REP UCI Cycling Federation<\/td>\n<td align=\"left\">licence de cyclisme scann\u00e9e<\/td>\n<\/tr>\n<tr>\n<td align=\"left\" height=\"17\">DENMARK UCI Cycling Federation<\/td>\n<td align=\"left\">licence de cyclisme scann\u00e9e<\/td>\n<\/tr>\n<tr>\n<td align=\"left\" height=\"17\">ESTONIA UCI Cyclists<\/td>\n<td align=\"left\">licence de cyclisme scann\u00e9e<\/td>\n<\/tr>\n<tr>\n<td align=\"left\" height=\"17\">FINLAND UCI Cycling Union<\/td>\n<td align=\"left\">licence de cyclisme scann\u00e9e<\/td>\n<\/tr>\n<tr>\n<td align=\"left\" height=\"17\">FRANCE UCI Cycling Federation<\/td>\n<td align=\"left\">licence de cyclisme scann\u00e9e<\/td>\n<\/tr>\n<tr>\n<td align=\"left\" height=\"17\"><strong>FRANCE UFOLEP<\/strong><\/td>\n<td align=\"left\">\n<p><strong>certificat m\u00e9dical d&rsquo;aptitude \u00e0 la pratique sportive<\/strong><\/p>\n<p><strong>NB : Cette licence n&rsquo;est pas reconnue par l&rsquo;UCI. Une licence journali\u00e8re est donc obligatoire.<\/strong><\/p>\n<p>&nbsp;<\/p>\n<\/td>\n<\/tr>\n<tr>\n<td align=\"left\" height=\"17\">GEORGIA UCI Cycling Federation<\/td>\n<td align=\"left\">licence scann\u00e9e<\/td>\n<\/tr>\n<tr>\n<td align=\"left\" height=\"17\">GERMANY UCI Cycling Federation<\/td>\n<td align=\"left\">licence scann\u00e9e<\/td>\n<\/tr>\n<tr>\n<td align=\"left\" height=\"17\">GREECE UCI Cycling Federation<\/td>\n<td align=\"left\">licence scann\u00e9e<\/td>\n<\/tr>\n<tr>\n<td align=\"left\" height=\"17\">HUNGARY UCI Cycling Federation<\/td>\n<td align=\"left\">licence scann\u00e9e <strong><br \/><\/strong><\/td>\n<\/tr>\n<tr>\n<td align=\"left\" height=\"17\">IRELAND UCI Cycling Ireland<\/td>\n<td align=\"left\">licence scann\u00e9e<strong><br \/><\/strong><\/td>\n<\/tr>\n<tr>\n<td align=\"left\" height=\"17\">ISRAEL UCI Cycling Federation<\/td>\n<td align=\"left\">licence scann\u00e9e<\/td>\n<\/tr>\n<tr>\n<td align=\"left\" height=\"17\">LATVIA UCI Cycling Federation<\/td>\n<td align=\"left\">licence scann\u00e9e<\/td>\n<\/tr>\n<tr>\n<td align=\"left\" height=\"17\">LIECHTENSTEIN UCI Cycling Federation<\/td>\n<td align=\"left\">licence scann\u00e9e<\/td>\n<\/tr>\n<tr>\n<td align=\"left\" height=\"17\">LITHUANIA UCI Cycling Federation<\/td>\n<td align=\"left\">licence scann\u00e9e<\/td>\n<\/tr>\n<tr>\n<td align=\"left\" height=\"17\">LUXEMBOURG UCI Cycling Federation<\/td>\n<td align=\"left\">licence scann\u00e9e<\/td>\n<\/tr>\n<tr>\n<td align=\"left\" height=\"17\">MOLDAVIA UCI Cycling Federation<\/td>\n<td align=\"left\">licence scann\u00e9e<\/td>\n<\/tr>\n<tr>\n<td align=\"left\" height=\"17\">MACEDONIA UCI Cycling Federation<\/td>\n<td align=\"left\">licence scann\u00e9e<\/td>\n<\/tr>\n<tr>\n<td align=\"left\" height=\"17\">MALTA UCI Cycling Federation<\/td>\n<td align=\"left\">licence scann\u00e9e<\/td>\n<\/tr>\n<tr>\n<td align=\"left\" height=\"17\">MONTENEGRO UCI Cycling Association<\/td>\n<td align=\"left\">licence scann\u00e9e<\/td>\n<\/tr>\n<tr>\n<td align=\"left\" height=\"17\">MONACO UCI Cycling Federation<\/td>\n<td align=\"left\">licence scann\u00e9e<\/td>\n<\/tr>\n<tr>\n<td align=\"left\" height=\"17\">NEDERLAND UCI Royal Cycling Union<\/td>\n<td align=\"left\">licence scann\u00e9e<\/td>\n<\/tr>\n<tr>\n<td align=\"left\" height=\"17\"><strong>NEDERLAND NTFU<\/strong><\/td>\n<td align=\"left\">\n<p><strong>certificat m\u00e9dical d&rsquo;aptitude \u00e0 la pratique sportive<\/strong><\/p>\n<p><strong>NB : Cette licence n&rsquo;est pas reconnue par l&rsquo;UCI. Une licence journali\u00e8re est donc obligatoire.<\/strong><\/p>\n<\/td>\n<\/tr>\n<tr>\n<td align=\"left\" height=\"17\">NORWAY UCI Cycling Federation<\/td>\n<td align=\"left\">licence scann\u00e9e<\/td>\n<\/tr>\n<tr>\n<td align=\"left\" height=\"17\">POLAND UCI Cycling Federation<\/td>\n<td align=\"left\">licence scann\u00e9e<\/td>\n<\/tr>\n<tr>\n<td align=\"left\" height=\"17\">PORTUGAL UCI Cycling Federation<\/td>\n<td align=\"left\">licence scann\u00e9e<\/td>\n<\/tr>\n<tr>\n<td align=\"left\" height=\"17\">ROMANIA UCI Cycling Federation<\/td>\n<td align=\"left\">licence scann\u00e9e<\/td>\n<\/tr>\n<tr>\n<td align=\"left\" height=\"17\">RUSSIA UCI Cycling Federation<\/td>\n<td align=\"left\">licence scann\u00e9e<\/td>\n<\/tr>\n<tr>\n<td align=\"left\" height=\"17\">SAN MARINO UCI Cycling Federation<\/td>\n<td align=\"left\">licence scann\u00e9e<\/td>\n<\/tr>\n<tr>\n<td align=\"left\" height=\"17\">SERBIA UCI Cycling Federation of Serbia<\/td>\n<td align=\"left\">licence scann\u00e9e<\/td>\n<\/tr>\n<tr>\n<td align=\"left\" height=\"17\">SLOVENIA UCI Cycling Federation<\/td>\n<td align=\"left\">licence scann\u00e9e<\/td>\n<\/tr>\n<tr>\n<td align=\"left\" height=\"17\">SWITZERLAND UCI Swiss Cycling<\/td>\n<td align=\"left\">licence scann\u00e9e<\/td>\n<\/tr>\n<tr>\n<td align=\"left\" height=\"17\">SLOVAKIA UCI Cycling Federation<\/td>\n<td align=\"left\">licence scann\u00e9e<\/td>\n<\/tr>\n<tr>\n<td align=\"left\" height=\"17\">SPAIN UCI Cycling Federation<\/td>\n<td align=\"left\">licence scann\u00e9e<\/td>\n<\/tr>\n<tr>\n<td align=\"left\" height=\"17\">SWEDEN UCI Cycling Federation<\/td>\n<td align=\"left\">licence scann\u00e9e<\/td>\n<\/tr>\n<tr>\n<td align=\"left\" height=\"17\">TURKEY UCI Cycling Federation<\/td>\n<td align=\"left\">licence scann\u00e9e<\/td>\n<\/tr>\n<tr>\n<td align=\"left\" height=\"17\">UNITED KINGDOM UCI British Cycling<\/td>\n<td align=\"left\">licence scann\u00e9e<\/td>\n<\/tr>\n<tr>\n<td align=\"left\" height=\"17\">UKRAINE UCI Cycling Federation<\/td>\n<td align=\"left\">licence scann\u00e9e<\/td>\n<\/tr>\n<tr>\n<td align=\"left\" height=\"17\"><strong>International UCI Non-European Cycling Federation<\/strong><\/td>\n<td align=\"left\"><strong>licence scann\u00e9e <\/strong><\/td>\n<\/tr>\n<tr>\n<td align=\"left\" height=\"17\"><strong>International ITU Triathlon<\/strong><\/td>\n<td align=\"left\">\n<p><strong>certificat m\u00e9dical d&rsquo;aptitude \u00e0 la pratique sportive<\/strong><\/p>\n<p><strong>NB : Cette licence n&rsquo;est pas reconnue par l&rsquo;UCI. Une licence journali\u00e8re est donc obligatoire<\/strong><\/p>\n<\/td>\n<\/tr>\n<tr>\n<td align=\"left\" height=\"17\"><strong>International Ironman Triathlon<\/strong><\/td>\n<td align=\"left\">\n<p><strong>certificat m\u00e9dical d&rsquo;aptitude \u00e0 la pratique sportive<\/strong><\/p>\n<p><strong>NB : Cette licence n&rsquo;est pas reconnue par l&rsquo;UCI. Une licence journali\u00e8re est donc obligatoire<\/strong><\/p>\n<p>&nbsp;<\/p>\n<\/td>\n<\/tr>\n<\/tbody>\n<\/table>\n<p>&nbsp;<\/p>\n<p>[\/et_pb_text][\/et_pb_column][\/et_pb_row][\/et_pb_section]<\/p>\n","protected":false},"excerpt":{"rendered":"<p>La remise des dossards de course pour la Milan San Remo Amatori cyclosportive se fera apr\u00e8s v\u00e9rification des documents des participants. Il doivent \u00eatre conformes \u00e0 la saison de comp\u00e9tition. \u00a0 REMISE DES DOSSARDS DE COURSE Les dossards pourront \u00eatre remis \u00e0 partir du mois de janvier, apr\u00e8s v\u00e9rification des documents des athl\u00e8tes. Envoyez les [&hellip;]<\/p>\n","protected":false},"author":1,"featured_media":0,"parent":3624,"menu_order":0,"comment_status":"closed","ping_status":"closed","template":"","meta":{"_et_pb_use_builder":"on","_et_pb_old_content":"","_et_gb_content_width":"","ngg_post_thumbnail":0,"footnotes":""},"class_list":["post-7893","page","type-page","status-publish","hentry"],"yoast_head":"<!-- This site is optimized with the Yoast SEO plugin v27.4 - https:\/\/yoast.com\/product\/yoast-seo-wordpress\/ -->\n<title>Remise des dossards de course | MILANO SANREMO AMATORI | MILAN SANREMO AMATEURS | 7 JUIN 2026 | SITE OFFICIEL<\/title>\n<meta name=\"description\" content=\"Remise des dossards de course\" \/>\n<meta name=\"robots\" content=\"index, follow, max-snippet:-1, max-image-preview:large, max-video-preview:-1\" \/>\n<link rel=\"canonical\" href=\"https:\/\/milano-sanremo.org\/fr\/inscriptions\/remise-des-dossards-de-course\/\" \/>\n<meta property=\"og:locale\" content=\"fr_FR\" \/>\n<meta property=\"og:type\" content=\"article\" \/>\n<meta property=\"og:title\" content=\"Remise des dossards de course | MILANO SANREMO AMATORI | MILAN SANREMO AMATEURS | 7 JUIN 2026 | SITE OFFICIEL\" \/>\n<meta property=\"og:description\" content=\"Remise des dossards de course\" \/>\n<meta property=\"og:url\" content=\"https:\/\/milano-sanremo.org\/fr\/inscriptions\/remise-des-dossards-de-course\/\" \/>\n<meta property=\"og:site_name\" content=\"MILANO SANREMO AMATORI\" \/>\n<meta property=\"article:modified_time\" content=\"2025-06-06T16:17:49+00:00\" \/>\n<meta name=\"twitter:card\" content=\"summary_large_image\" \/>\n<meta name=\"twitter:label1\" content=\"Dur\u00e9e de lecture estim\u00e9e\" \/>\n\t<meta name=\"twitter:data1\" content=\"5 minutes\" \/>\n<script type=\"application\/ld+json\" class=\"yoast-schema-graph\">{\"@context\":\"https:\\\/\\\/schema.org\",\"@graph\":[{\"@type\":\"WebPage\",\"@id\":\"https:\\\/\\\/milano-sanremo.org\\\/fr\\\/inscriptions\\\/remise-des-dossards-de-course\\\/\",\"url\":\"https:\\\/\\\/milano-sanremo.org\\\/fr\\\/inscriptions\\\/remise-des-dossards-de-course\\\/\",\"name\":\"Remise des dossards de course | MILANO SANREMO AMATORI | MILAN SANREMO AMATEURS | 7 JUIN 2026 | SITE OFFICIEL\",\"isPartOf\":{\"@id\":\"https:\\\/\\\/milano-sanremo.org\\\/fr\\\/#website\"},\"datePublished\":\"2016-11-04T09:14:41+00:00\",\"dateModified\":\"2025-06-06T16:17:49+00:00\",\"description\":\"Remise des dossards de course\",\"breadcrumb\":{\"@id\":\"https:\\\/\\\/milano-sanremo.org\\\/fr\\\/inscriptions\\\/remise-des-dossards-de-course\\\/#breadcrumb\"},\"inLanguage\":\"fr-FR\",\"potentialAction\":[{\"@type\":\"ReadAction\",\"target\":[\"https:\\\/\\\/milano-sanremo.org\\\/fr\\\/inscriptions\\\/remise-des-dossards-de-course\\\/\"]}]},{\"@type\":\"BreadcrumbList\",\"@id\":\"https:\\\/\\\/milano-sanremo.org\\\/fr\\\/inscriptions\\\/remise-des-dossards-de-course\\\/#breadcrumb\",\"itemListElement\":[{\"@type\":\"ListItem\",\"position\":1,\"name\":\"Home\",\"item\":\"https:\\\/\\\/milano-sanremo.org\\\/fr\\\/\"},{\"@type\":\"ListItem\",\"position\":2,\"name\":\"S&#8217;INSCRIRE\",\"item\":\"https:\\\/\\\/milano-sanremo.org\\\/fr\\\/iscrizioni-2\\\/\"},{\"@type\":\"ListItem\",\"position\":3,\"name\":\"Remise des dossards de course\"}]},{\"@type\":\"WebSite\",\"@id\":\"https:\\\/\\\/milano-sanremo.org\\\/fr\\\/#website\",\"url\":\"https:\\\/\\\/milano-sanremo.org\\\/fr\\\/\",\"name\":\"MILANO SANREMO AMATORI\",\"description\":\"MILAN SANREMO AMATEURS | 7 JUIN 2026 | SITE OFFICIEL\",\"potentialAction\":[{\"@type\":\"SearchAction\",\"target\":{\"@type\":\"EntryPoint\",\"urlTemplate\":\"https:\\\/\\\/milano-sanremo.org\\\/fr\\\/?s={search_term_string}\"},\"query-input\":{\"@type\":\"PropertyValueSpecification\",\"valueRequired\":true,\"valueName\":\"search_term_string\"}}],\"inLanguage\":\"fr-FR\"}]}<\/script>\n<!-- \/ Yoast SEO plugin. -->","yoast_head_json":{"title":"Remise des dossards de course | MILANO SANREMO AMATORI | MILAN SANREMO AMATEURS | 7 JUIN 2026 | SITE OFFICIEL","description":"Remise des dossards de course","robots":{"index":"index","follow":"follow","max-snippet":"max-snippet:-1","max-image-preview":"max-image-preview:large","max-video-preview":"max-video-preview:-1"},"canonical":"https:\/\/milano-sanremo.org\/fr\/inscriptions\/remise-des-dossards-de-course\/","og_locale":"fr_FR","og_type":"article","og_title":"Remise des dossards de course | MILANO SANREMO AMATORI | MILAN SANREMO AMATEURS | 7 JUIN 2026 | SITE OFFICIEL","og_description":"Remise des dossards de course","og_url":"https:\/\/milano-sanremo.org\/fr\/inscriptions\/remise-des-dossards-de-course\/","og_site_name":"MILANO SANREMO AMATORI","article_modified_time":"2025-06-06T16:17:49+00:00","twitter_card":"summary_large_image","twitter_misc":{"Dur\u00e9e de lecture estim\u00e9e":"5 minutes"},"schema":{"@context":"https:\/\/schema.org","@graph":[{"@type":"WebPage","@id":"https:\/\/milano-sanremo.org\/fr\/inscriptions\/remise-des-dossards-de-course\/","url":"https:\/\/milano-sanremo.org\/fr\/inscriptions\/remise-des-dossards-de-course\/","name":"Remise des dossards de course | MILANO SANREMO AMATORI | MILAN SANREMO AMATEURS | 7 JUIN 2026 | SITE OFFICIEL","isPartOf":{"@id":"https:\/\/milano-sanremo.org\/fr\/#website"},"datePublished":"2016-11-04T09:14:41+00:00","dateModified":"2025-06-06T16:17:49+00:00","description":"Remise des dossards de course","breadcrumb":{"@id":"https:\/\/milano-sanremo.org\/fr\/inscriptions\/remise-des-dossards-de-course\/#breadcrumb"},"inLanguage":"fr-FR","potentialAction":[{"@type":"ReadAction","target":["https:\/\/milano-sanremo.org\/fr\/inscriptions\/remise-des-dossards-de-course\/"]}]},{"@type":"BreadcrumbList","@id":"https:\/\/milano-sanremo.org\/fr\/inscriptions\/remise-des-dossards-de-course\/#breadcrumb","itemListElement":[{"@type":"ListItem","position":1,"name":"Home","item":"https:\/\/milano-sanremo.org\/fr\/"},{"@type":"ListItem","position":2,"name":"S&#8217;INSCRIRE","item":"https:\/\/milano-sanremo.org\/fr\/iscrizioni-2\/"},{"@type":"ListItem","position":3,"name":"Remise des dossards de course"}]},{"@type":"WebSite","@id":"https:\/\/milano-sanremo.org\/fr\/#website","url":"https:\/\/milano-sanremo.org\/fr\/","name":"MILANO SANREMO AMATORI","description":"MILAN SANREMO AMATEURS | 7 JUIN 2026 | SITE OFFICIEL","potentialAction":[{"@type":"SearchAction","target":{"@type":"EntryPoint","urlTemplate":"https:\/\/milano-sanremo.org\/fr\/?s={search_term_string}"},"query-input":{"@type":"PropertyValueSpecification","valueRequired":true,"valueName":"search_term_string"}}],"inLanguage":"fr-FR"}]}},"_links":{"self":[{"href":"https:\/\/milano-sanremo.org\/fr\/wp-json\/wp\/v2\/pages\/7893","targetHints":{"allow":["GET"]}}],"collection":[{"href":"https:\/\/milano-sanremo.org\/fr\/wp-json\/wp\/v2\/pages"}],"about":[{"href":"https:\/\/milano-sanremo.org\/fr\/wp-json\/wp\/v2\/types\/page"}],"author":[{"embeddable":true,"href":"https:\/\/milano-sanremo.org\/fr\/wp-json\/wp\/v2\/users\/1"}],"replies":[{"embeddable":true,"href":"https:\/\/milano-sanremo.org\/fr\/wp-json\/wp\/v2\/comments?post=7893"}],"version-history":[{"count":13,"href":"https:\/\/milano-sanremo.org\/fr\/wp-json\/wp\/v2\/pages\/7893\/revisions"}],"predecessor-version":[{"id":14755,"href":"https:\/\/milano-sanremo.org\/fr\/wp-json\/wp\/v2\/pages\/7893\/revisions\/14755"}],"up":[{"embeddable":true,"href":"https:\/\/milano-sanremo.org\/fr\/wp-json\/wp\/v2\/pages\/3624"}],"wp:attachment":[{"href":"https:\/\/milano-sanremo.org\/fr\/wp-json\/wp\/v2\/media?parent=7893"}],"curies":[{"name":"wp","href":"https:\/\/api.w.org\/{rel}","templated":true}]}}