{"id":1837,"date":"2013-06-17T11:18:36","date_gmt":"2013-06-17T11:18:36","guid":{"rendered":"http:\/\/milano-sanremo.org\/wordpress\/?page_id=1837"},"modified":"2023-05-18T09:33:11","modified_gmt":"2023-05-18T09:33:11","slug":"sluit-u-aan-bij-een-groep","status":"publish","type":"page","link":"https:\/\/milano-sanremo.org\/nl\/partners\/sluit-u-aan-bij-een-groep\/","title":{"rendered":"PARTNER TEAMS"},"content":{"rendered":"<h3>Om met een groep fietsers uit Nederland mee te reizen, kunt u zich nu inschrijven voor het evenement bij \u00e9\u00e9n van onze offici\u00eble partners.<\/h3>\n<p>&nbsp;<\/p>\n<table style=\"width: 100%; valign: middle;\">\n<tbody>\n<tr>\n<th style=\"width: 25%; text-align: center;\">NATION<\/th>\n<th style=\"width: 25%; text-align: center;\">TEAM NAME<\/th>\n<th style=\"width: 25%; text-align: center;\">LINK<\/th>\n<th style=\"width: 25%; text-align: center;\">LOGO<\/th>\n<\/tr>\n<tr>\n<td>&nbsp;<\/td>\n<td>&nbsp;<\/td>\n<td>&nbsp;<\/td>\n<td>&nbsp;<\/td>\n<\/tr>\n<tr>\n<td style=\"text-align: center;\">ITALY<\/td>\n<td style=\"text-align: center;\">\n<h3><span style=\"color: #ff0000; font-size: 14px;\"><strong>GO CYCLING TRAVEL<\/strong><\/span><\/h3>\n<\/td>\n<td style=\"text-align: center;\"><a href=\"https:\/\/cyclingtravel.com\/milano-sanremo\/\" target=\"_blank\" rel=\"noopener noreferrer\"><span style=\"color: #ff0000;\"><span style=\"color: #000000;\">Link<\/span><\/span><\/a><\/td>\n<td style=\"text-align: center;\"><img loading=\"lazy\" decoding=\"async\" class=\"alignnone wp-image-13100 size-full\" src=\"https:\/\/milano-sanremo.org\/wp-content\/uploads\/2023\/05\/Tour-Operator-Ciclismo-GO-CYCLING-TRAVEL.png\" alt=\"\" width=\"191\" height=\"43\"><\/td>\n<\/tr>\n<tr>\n<td>&nbsp;<\/td>\n<td>&nbsp;<\/td>\n<td>&nbsp;<\/td>\n<td>&nbsp;<\/td>\n<\/tr>\n<tr>\n<td style=\"text-align: center;\">UK<\/td>\n<td style=\"text-align: center;\">\n<h3><span style=\"color: #ff0000; font-size: 14px;\"><strong>SPORTIVE BREAKS<\/strong><\/span><\/h3>\n<\/td>\n<td style=\"text-align: center;\"><a href=\"https:\/\/sportivebreaks.com\/sportives\/gran-fondo-milan-sanremo-2\/\" target=\"_blank\" rel=\"noopener noreferrer\"><span style=\"color: #ff0000;\">Link<\/span><\/a><\/td>\n<td style=\"text-align: center;\"><a href=\"https:\/\/sportivebreaks.com\/sportives\/gran-fondo-milan-sanremo-2\/\"><img loading=\"lazy\" decoding=\"async\" class=\"aligncenter wp-image-12511 size-full\" src=\"https:\/\/milano-sanremo.org\/wp-content\/uploads\/2020\/01\/sportive-breaks.png\" alt=\"\" width=\"300\" height=\"217\"><\/a><\/td>\n<\/tr>\n<tr>\n<td>&nbsp;<\/td>\n<td>&nbsp;<\/td>\n<td>&nbsp;<\/td>\n<td>&nbsp;<\/td>\n<\/tr>\n<tr>\n<td style=\"text-align: center;\">UK<\/td>\n<td style=\"text-align: center;\">\n<h3><span style=\"color: #ff0000; font-size: 14px;\"><strong>DESTINATION SPORT<br \/>\n<\/strong><\/span><\/h3>\n<\/td>\n<td style=\"text-align: center;\"><a href=\"https:\/\/www.destinationsportexperiences.com\/\" target=\"_blank\" rel=\"noopener noreferrer\"><span style=\"color: #ff0000;\">Link<\/span><\/a><\/td>\n<td style=\"text-align: center;\"><img loading=\"lazy\" decoding=\"async\" class=\"alignnone wp-image-13083 size-full\" src=\"https:\/\/milano-sanremo.org\/wp-content\/uploads\/2023\/05\/destination-sport-experience.png\" alt=\"\" width=\"211\" height=\"65\"><\/td>\n<\/tr>\n<tr>\n<td>&nbsp;<\/td>\n<td>&nbsp;<\/td>\n<td>&nbsp;<\/td>\n<td>&nbsp;<\/td>\n<\/tr>\n<tr>\n<td style=\"text-align: center;\">DEUTSCHLAND<br \/>\n\u00d6STERREICH<br \/>\nSCHWEIZ<\/td>\n<td style=\"text-align: center;\">\n<h3><strong><span style=\"color: #ff0000; font-size: 14px;\">TEAM<br \/>\nKULESSA<\/span><\/strong><\/h3>\n<\/td>\n<td style=\"text-align: center;\"><span style=\"color: #ff0000;\"><a style=\"color: #ff0000;\" href=\"https:\/\/www.milano-sanremo.net\" target=\"_blank\" rel=\"noopener noreferrer\"><span style=\"color: #000000;\">Link<\/span><\/a><\/span><\/td>\n<td><img loading=\"lazy\" decoding=\"async\" class=\"aligncenter wp-image-1282 size-full\" src=\"https:\/\/milano-sanremo.org\/wp-content\/uploads\/2013\/06\/logo_neu.jpg\" alt=\"logo_neu\" width=\"110\" height=\"109\"><\/td>\n<\/tr>\n<tr>\n<td>&nbsp;<\/td>\n<td>&nbsp;<\/td>\n<td>&nbsp;<\/td>\n<td>&nbsp;<\/td>\n<\/tr>\n<tr>\n<td style=\"text-align: center;\">&nbsp;FRANCE<\/td>\n<td style=\"text-align: center;\">\n<h3><span style=\"color: #ff0000; font-size: 14px;\"><strong>VELOVENTOUX<\/strong><\/span><\/h3>\n<\/td>\n<td style=\"text-align: center;\"><a href=\"https:\/\/www.veloventoux.com\/?c=tourdetails&amp;type=sport&amp;code=Milansanremo\" target=\"_blank\" rel=\"noopener noreferrer\"><span style=\"color: #000000;\">Link<\/span><\/a><\/td>\n<td style=\"text-align: center;\"><a href=\"https:\/\/www.veloventoux.com\/?c=tourdetails&amp;type=sport&amp;code=Milansanremo\"><img loading=\"lazy\" decoding=\"async\" class=\"aligncenter wp-image-10398 size-full\" src=\"http:\/\/milano-sanremo.org\/wp-content\/uploads\/2019\/10\/veloventoux-cycle-tours.png\" alt=\"\" width=\"128\" height=\"110\"><\/a><\/td>\n<\/tr>\n<tr>\n<td>&nbsp;<\/td>\n<td>&nbsp;<\/td>\n<td>&nbsp;<\/td>\n<td>&nbsp;<\/td>\n<\/tr>\n<tr>\n<td style=\"text-align: center;\">&nbsp;NETHERLANDS<\/td>\n<td style=\"text-align: center;\">\n<h3><span style=\"color: #ff0000; font-size: 14px;\"><strong>WIELERBUS<\/strong><\/span><\/h3>\n<\/td>\n<td style=\"text-align: center;\"><a href=\"https:\/\/www.wielerbus.nl\/product\/gf-milan-san-remo-2020\/\" target=\"_blank\" rel=\"noopener noreferrer\"><span style=\"color: #ff0000;\"><span style=\"color: #000000;\">Link<\/span><\/span><\/a><\/td>\n<td style=\"text-align: center;\"><img loading=\"lazy\" decoding=\"async\" class=\"aligncenter size-full wp-image-10758\" src=\"http:\/\/milano-sanremo.org\/wp-content\/uploads\/2019\/11\/logo-wielerbus2.png\" alt=\"\" width=\"222\" height=\"110\"><\/td>\n<\/tr>\n<tr>\n<td>&nbsp;<\/td>\n<td>&nbsp;<\/td>\n<td>&nbsp;<\/td>\n<td>&nbsp;<\/td>\n<\/tr>\n<tr>\n<td style=\"text-align: center;\">AUSTRALIA<\/td>\n<td style=\"text-align: center;\">\n<h3><span style=\"color: #ff0000; font-size: 14px;\"><strong>PUNTO TOURS<\/strong><\/span><\/h3>\n<\/td>\n<td style=\"text-align: center;\"><a href=\"https:\/\/puntotours.com\/\" target=\"_blank\" rel=\"noopener noreferrer\"><span style=\"color: #ff0000;\"><span style=\"color: #000000;\">Link<\/span><\/span><\/a><\/td>\n<td style=\"text-align: center;\"><img loading=\"lazy\" decoding=\"async\" class=\"aligncenter size-full wp-image-11085\" src=\"http:\/\/classicissima.it\/wp-content\/uploads\/2019\/12\/PUNTOTOURS-LOGO-CH-RED-REV.jpg\" alt=\"\" width=\"203\" height=\"110\"><\/td>\n<\/tr>\n<tr>\n<td>&nbsp;<\/td>\n<td>&nbsp;<\/td>\n<td>&nbsp;<\/td>\n<td>&nbsp;<\/td>\n<\/tr>\n<tr>\n<td style=\"text-align: center;\">&nbsp;SPAIN<\/td>\n<td style=\"text-align: center;\">\n<h3><span style=\"color: #ff0000; font-size: 14px;\"><strong>GRC Gourmet Riding Club<br \/>\n<\/strong><\/span><\/h3>\n<\/td>\n<td style=\"text-align: center;\"><a href=\"https:\/\/gourmetridingclub.com\/\" target=\"_blank\" rel=\"noopener noreferrer\"><span style=\"color: #ff0000;\"><span style=\"color: #000000;\">Link<\/span><\/span><\/a><\/td>\n<td style=\"text-align: center;\"><a href=\"https:\/\/gourmetridingclub.com\/\"><img loading=\"lazy\" decoding=\"async\" class=\"aligncenter wp-image-10883 size-full\" src=\"http:\/\/milano-sanremo.org\/wp-content\/uploads\/2020\/02\/GRC-milano-sanremo-1.png\" alt=\"\" width=\"224\" height=\"110\"><\/a><\/td>\n<\/tr>\n<\/tbody>\n<\/table>\n<p>&nbsp;<\/p>\n","protected":false},"excerpt":{"rendered":"<p>Om met een groep fietsers uit Nederland mee te reizen, kunt u zich nu inschrijven voor het evenement bij \u00e9\u00e9n van onze offici\u00eble partners. &nbsp; NATION TEAM NAME LINK LOGO &nbsp; &nbsp; &nbsp; &nbsp; ITALY GO CYCLING TRAVEL Link &nbsp; &nbsp; &nbsp; &nbsp; UK SPORTIVE BREAKS Link &nbsp; &nbsp; &nbsp; &nbsp; UK DESTINATION SPORT Link [&hellip;]<\/p>\n","protected":false},"author":1,"featured_media":0,"parent":8742,"menu_order":0,"comment_status":"closed","ping_status":"closed","template":"","meta":{"_et_pb_use_builder":"","_et_pb_old_content":"","_et_gb_content_width":"","ngg_post_thumbnail":0,"footnotes":""},"class_list":["post-1837","page","type-page","status-publish","hentry"],"yoast_head":"<!-- This site is optimized with the Yoast SEO plugin v27.4 - https:\/\/yoast.com\/product\/yoast-seo-wordpress\/ -->\n<title>PARTNER TEAMS | MILANO SANREMO AMATORI 2026 | MILAAN SANREMO AMATEURS 7 JUNI 2026 | OFFICI\u00cbLE WEBSITE<\/title>\n<meta name=\"description\" content=\"PARTNER TEAMS\" \/>\n<meta name=\"robots\" content=\"index, follow, max-snippet:-1, max-image-preview:large, max-video-preview:-1\" \/>\n<link rel=\"canonical\" href=\"https:\/\/milano-sanremo.org\/nl\/partners\/sluit-u-aan-bij-een-groep\/\" \/>\n<meta property=\"og:locale\" content=\"nl_NL\" \/>\n<meta property=\"og:type\" content=\"article\" \/>\n<meta property=\"og:title\" content=\"PARTNER TEAMS | MILANO SANREMO AMATORI 2026 | MILAAN SANREMO AMATEURS 7 JUNI 2026 | OFFICI\u00cbLE WEBSITE\" \/>\n<meta property=\"og:description\" content=\"PARTNER TEAMS\" \/>\n<meta property=\"og:url\" content=\"https:\/\/milano-sanremo.org\/nl\/partners\/sluit-u-aan-bij-een-groep\/\" \/>\n<meta property=\"og:site_name\" content=\"MILANO SANREMO AMATORI 2026\" \/>\n<meta property=\"article:modified_time\" content=\"2023-05-18T09:33:11+00:00\" \/>\n<meta property=\"og:image\" content=\"https:\/\/milano-sanremo.org\/wp-content\/uploads\/2023\/05\/Tour-Operator-Ciclismo-GO-CYCLING-TRAVEL.png\" \/>\n<meta name=\"twitter:card\" content=\"summary_large_image\" \/>\n<meta name=\"twitter:label1\" content=\"Geschatte leestijd\" \/>\n\t<meta name=\"twitter:data1\" content=\"2 minuten\" \/>\n<script type=\"application\/ld+json\" class=\"yoast-schema-graph\">{\"@context\":\"https:\\\/\\\/schema.org\",\"@graph\":[{\"@type\":\"WebPage\",\"@id\":\"https:\\\/\\\/milano-sanremo.org\\\/nl\\\/partners\\\/sluit-u-aan-bij-een-groep\\\/\",\"url\":\"https:\\\/\\\/milano-sanremo.org\\\/nl\\\/partners\\\/sluit-u-aan-bij-een-groep\\\/\",\"name\":\"PARTNER TEAMS | MILANO SANREMO AMATORI 2026 | MILAAN SANREMO AMATEURS 7 JUNI 2026 | OFFICI\u00cbLE WEBSITE\",\"isPartOf\":{\"@id\":\"https:\\\/\\\/milano-sanremo.org\\\/nl\\\/#website\"},\"primaryImageOfPage\":{\"@id\":\"https:\\\/\\\/milano-sanremo.org\\\/nl\\\/partners\\\/sluit-u-aan-bij-een-groep\\\/#primaryimage\"},\"image\":{\"@id\":\"https:\\\/\\\/milano-sanremo.org\\\/nl\\\/partners\\\/sluit-u-aan-bij-een-groep\\\/#primaryimage\"},\"thumbnailUrl\":\"https:\\\/\\\/milano-sanremo.org\\\/wp-content\\\/uploads\\\/2023\\\/05\\\/Tour-Operator-Ciclismo-GO-CYCLING-TRAVEL.png\",\"datePublished\":\"2013-06-17T11:18:36+00:00\",\"dateModified\":\"2023-05-18T09:33:11+00:00\",\"description\":\"PARTNER TEAMS\",\"breadcrumb\":{\"@id\":\"https:\\\/\\\/milano-sanremo.org\\\/nl\\\/partners\\\/sluit-u-aan-bij-een-groep\\\/#breadcrumb\"},\"inLanguage\":\"nl-NL\",\"potentialAction\":[{\"@type\":\"ReadAction\",\"target\":[\"https:\\\/\\\/milano-sanremo.org\\\/nl\\\/partners\\\/sluit-u-aan-bij-een-groep\\\/\"]}]},{\"@type\":\"ImageObject\",\"inLanguage\":\"nl-NL\",\"@id\":\"https:\\\/\\\/milano-sanremo.org\\\/nl\\\/partners\\\/sluit-u-aan-bij-een-groep\\\/#primaryimage\",\"url\":\"https:\\\/\\\/milano-sanremo.org\\\/wp-content\\\/uploads\\\/2023\\\/05\\\/Tour-Operator-Ciclismo-GO-CYCLING-TRAVEL.png\",\"contentUrl\":\"https:\\\/\\\/milano-sanremo.org\\\/wp-content\\\/uploads\\\/2023\\\/05\\\/Tour-Operator-Ciclismo-GO-CYCLING-TRAVEL.png\"},{\"@type\":\"BreadcrumbList\",\"@id\":\"https:\\\/\\\/milano-sanremo.org\\\/nl\\\/partners\\\/sluit-u-aan-bij-een-groep\\\/#breadcrumb\",\"itemListElement\":[{\"@type\":\"ListItem\",\"position\":1,\"name\":\"Home\",\"item\":\"https:\\\/\\\/milano-sanremo.org\\\/nl\\\/\"},{\"@type\":\"ListItem\",\"position\":2,\"name\":\"PARTNERS\",\"item\":\"https:\\\/\\\/milano-sanremo.org\\\/nl\\\/partners\\\/\"},{\"@type\":\"ListItem\",\"position\":3,\"name\":\"PARTNER TEAMS\"}]},{\"@type\":\"WebSite\",\"@id\":\"https:\\\/\\\/milano-sanremo.org\\\/nl\\\/#website\",\"url\":\"https:\\\/\\\/milano-sanremo.org\\\/nl\\\/\",\"name\":\"MILANO SANREMO AMATORI 2026\",\"description\":\"MILAAN SANREMO AMATEURS 7 JUNI 2026 | OFFICI\u00cbLE WEBSITE\",\"potentialAction\":[{\"@type\":\"SearchAction\",\"target\":{\"@type\":\"EntryPoint\",\"urlTemplate\":\"https:\\\/\\\/milano-sanremo.org\\\/nl\\\/?s={search_term_string}\"},\"query-input\":{\"@type\":\"PropertyValueSpecification\",\"valueRequired\":true,\"valueName\":\"search_term_string\"}}],\"inLanguage\":\"nl-NL\"}]}<\/script>\n<!-- \/ Yoast SEO plugin. -->","yoast_head_json":{"title":"PARTNER TEAMS | MILANO SANREMO AMATORI 2026 | MILAAN SANREMO AMATEURS 7 JUNI 2026 | OFFICI\u00cbLE WEBSITE","description":"PARTNER TEAMS","robots":{"index":"index","follow":"follow","max-snippet":"max-snippet:-1","max-image-preview":"max-image-preview:large","max-video-preview":"max-video-preview:-1"},"canonical":"https:\/\/milano-sanremo.org\/nl\/partners\/sluit-u-aan-bij-een-groep\/","og_locale":"nl_NL","og_type":"article","og_title":"PARTNER TEAMS | MILANO SANREMO AMATORI 2026 | MILAAN SANREMO AMATEURS 7 JUNI 2026 | OFFICI\u00cbLE WEBSITE","og_description":"PARTNER TEAMS","og_url":"https:\/\/milano-sanremo.org\/nl\/partners\/sluit-u-aan-bij-een-groep\/","og_site_name":"MILANO SANREMO AMATORI 2026","article_modified_time":"2023-05-18T09:33:11+00:00","og_image":[{"url":"https:\/\/milano-sanremo.org\/wp-content\/uploads\/2023\/05\/Tour-Operator-Ciclismo-GO-CYCLING-TRAVEL.png","type":"","width":"","height":""}],"twitter_card":"summary_large_image","twitter_misc":{"Geschatte leestijd":"2 minuten"},"schema":{"@context":"https:\/\/schema.org","@graph":[{"@type":"WebPage","@id":"https:\/\/milano-sanremo.org\/nl\/partners\/sluit-u-aan-bij-een-groep\/","url":"https:\/\/milano-sanremo.org\/nl\/partners\/sluit-u-aan-bij-een-groep\/","name":"PARTNER TEAMS | MILANO SANREMO AMATORI 2026 | MILAAN SANREMO AMATEURS 7 JUNI 2026 | OFFICI\u00cbLE WEBSITE","isPartOf":{"@id":"https:\/\/milano-sanremo.org\/nl\/#website"},"primaryImageOfPage":{"@id":"https:\/\/milano-sanremo.org\/nl\/partners\/sluit-u-aan-bij-een-groep\/#primaryimage"},"image":{"@id":"https:\/\/milano-sanremo.org\/nl\/partners\/sluit-u-aan-bij-een-groep\/#primaryimage"},"thumbnailUrl":"https:\/\/milano-sanremo.org\/wp-content\/uploads\/2023\/05\/Tour-Operator-Ciclismo-GO-CYCLING-TRAVEL.png","datePublished":"2013-06-17T11:18:36+00:00","dateModified":"2023-05-18T09:33:11+00:00","description":"PARTNER TEAMS","breadcrumb":{"@id":"https:\/\/milano-sanremo.org\/nl\/partners\/sluit-u-aan-bij-een-groep\/#breadcrumb"},"inLanguage":"nl-NL","potentialAction":[{"@type":"ReadAction","target":["https:\/\/milano-sanremo.org\/nl\/partners\/sluit-u-aan-bij-een-groep\/"]}]},{"@type":"ImageObject","inLanguage":"nl-NL","@id":"https:\/\/milano-sanremo.org\/nl\/partners\/sluit-u-aan-bij-een-groep\/#primaryimage","url":"https:\/\/milano-sanremo.org\/wp-content\/uploads\/2023\/05\/Tour-Operator-Ciclismo-GO-CYCLING-TRAVEL.png","contentUrl":"https:\/\/milano-sanremo.org\/wp-content\/uploads\/2023\/05\/Tour-Operator-Ciclismo-GO-CYCLING-TRAVEL.png"},{"@type":"BreadcrumbList","@id":"https:\/\/milano-sanremo.org\/nl\/partners\/sluit-u-aan-bij-een-groep\/#breadcrumb","itemListElement":[{"@type":"ListItem","position":1,"name":"Home","item":"https:\/\/milano-sanremo.org\/nl\/"},{"@type":"ListItem","position":2,"name":"PARTNERS","item":"https:\/\/milano-sanremo.org\/nl\/partners\/"},{"@type":"ListItem","position":3,"name":"PARTNER TEAMS"}]},{"@type":"WebSite","@id":"https:\/\/milano-sanremo.org\/nl\/#website","url":"https:\/\/milano-sanremo.org\/nl\/","name":"MILANO SANREMO AMATORI 2026","description":"MILAAN SANREMO AMATEURS 7 JUNI 2026 | OFFICI\u00cbLE WEBSITE","potentialAction":[{"@type":"SearchAction","target":{"@type":"EntryPoint","urlTemplate":"https:\/\/milano-sanremo.org\/nl\/?s={search_term_string}"},"query-input":{"@type":"PropertyValueSpecification","valueRequired":true,"valueName":"search_term_string"}}],"inLanguage":"nl-NL"}]}},"_links":{"self":[{"href":"https:\/\/milano-sanremo.org\/nl\/wp-json\/wp\/v2\/pages\/1837","targetHints":{"allow":["GET"]}}],"collection":[{"href":"https:\/\/milano-sanremo.org\/nl\/wp-json\/wp\/v2\/pages"}],"about":[{"href":"https:\/\/milano-sanremo.org\/nl\/wp-json\/wp\/v2\/types\/page"}],"author":[{"embeddable":true,"href":"https:\/\/milano-sanremo.org\/nl\/wp-json\/wp\/v2\/users\/1"}],"replies":[{"embeddable":true,"href":"https:\/\/milano-sanremo.org\/nl\/wp-json\/wp\/v2\/comments?post=1837"}],"version-history":[{"count":34,"href":"https:\/\/milano-sanremo.org\/nl\/wp-json\/wp\/v2\/pages\/1837\/revisions"}],"predecessor-version":[{"id":13108,"href":"https:\/\/milano-sanremo.org\/nl\/wp-json\/wp\/v2\/pages\/1837\/revisions\/13108"}],"up":[{"embeddable":true,"href":"https:\/\/milano-sanremo.org\/nl\/wp-json\/wp\/v2\/pages\/8742"}],"wp:attachment":[{"href":"https:\/\/milano-sanremo.org\/nl\/wp-json\/wp\/v2\/media?parent=1837"}],"curies":[{"name":"wp","href":"https:\/\/api.w.org\/{rel}","templated":true}]}}