{"id":3743,"date":"2013-10-04T09:57:16","date_gmt":"2013-10-04T09:57:16","guid":{"rendered":"http:\/\/milano-sanremo.org\/wordpress\/?page_id=3743"},"modified":"2025-10-24T11:34:35","modified_gmt":"2025-10-24T11:34:35","slug":"program","status":"publish","type":"page","link":"https:\/\/milano-sanremo.org\/sv\/program\/","title":{"rendered":"PROGRAM"},"content":{"rendered":"<p>[et_pb_section fb_built=&#8221;1&#8243; admin_label=&#8221;section&#8221; _builder_version=&#8221;4.16&#8243; global_colors_info=&#8221;{}&#8221;][et_pb_row admin_label=&#8221;row&#8221; _builder_version=&#8221;4.16&#8243; background_size=&#8221;initial&#8221; background_position=&#8221;top_left&#8221; background_repeat=&#8221;repeat&#8221; global_colors_info=&#8221;{}&#8221;][et_pb_column type=&#8221;4_4&#8243; _builder_version=&#8221;4.16&#8243; custom_padding=&#8221;|||&#8221; global_colors_info=&#8221;{}&#8221; custom_padding__hover=&#8221;|||&#8221;][et_pb_text admin_label=&#8221;Text&#8221; _builder_version=&#8221;4.19.5&#8243; background_size=&#8221;initial&#8221; background_position=&#8221;top_left&#8221; background_repeat=&#8221;repeat&#8221; global_colors_info=&#8221;{}&#8221;]<\/p>\n<h2>Schemat som vi presenterar nedan inkluderar alla steg som leder upp till Milano-San Remo Amateur cyclosportive 2026<\/h2>\n<h2>\u00a0<\/h2>\n<p style=\"padding-left: 30px;\"><strong>Registrering online \u00f6ppnar<\/strong><\/p>\n<p style=\"padding-left: 30px;\"><strong>Kampanjpris f\u00f6r registrering b\u00f6rjar g\u00e4lla, Souvenir-t-shirt <span id=\"result_box\" class=\"\" lang=\"sv\"><span class=\"\">ing\u00e5r<\/span><\/span><\/strong><\/p>\n<p>20 februari 2026<\/p>\n<p style=\"padding-left: 30px;\"><strong>Vanlig anm\u00e4lningsavgift b\u00f6rjar g\u00e4lla, Souvenir-t-shirt <span id=\"result_box\" class=\"\" lang=\"sv\"><span class=\"\">ing\u00e5r<\/span><\/span><\/strong><\/p>\n<p>Februari 28, 2026<\/p>\n<p style=\"padding-left: 30px;\"><strong>End of period to send documents for those who have enrolled at the promotional registration fee<\/strong><\/p>\n<p>april 20, 2026<\/p>\n<p style=\"padding-left: 30px;\"><strong>M\u00f6jlighet att boka ett FCI-dagskort slutar g\u00e4lla<\/strong><\/p>\n<p style=\"padding-left: 30px;\"><strong>Souvenir-t-shirt inkluderas inte l\u00e4ngre i startpaketet<\/strong><\/p>\n<p style=\"padding-left: 30px;\"><strong>End of period to send documents for those who have enrolled at the standard registration fee <\/strong><\/p>\n<p style=\"padding-left: 30px;\"><strong>M\u00f6jlighet att g\u00f6ra sista minuten-anm\u00e4lning b\u00f6rjar<\/strong><br \/><strong>(endast med betalning med kreditkort)<\/strong><\/p>\n<p>20 April &#8211; Mei 31, 2026<\/p>\n<p style=\"padding-left: 30px;\"><strong>Kuponger f\u00f6r hotell och bussar publiceras p\u00e5 webbplatsen<\/strong><\/p>\n<p>Mei 31, 2026<\/p>\n<p style=\"padding-left: 30px;\"><strong>Deadline f\u00f6r registrering online<\/strong><\/p>\n<p>&nbsp;<\/p>\n<p><span style=\"color: #ff0000;\"><strong>06 Juni, 2026<\/strong><\/span><\/p>\n<p style=\"padding-left: 30px;\"><span style=\"color: #ff0000;\"><strong>Utdelning av startpaket och verifiering, Hotel IBIS Style Settala<\/strong>, <strong>Milano<\/strong> &#8211;\u00a0 10:00 \u2013 12:30 \/ 14:30 \u2013 18:30 <\/span><\/p>\n<p><strong>It is mandatory to bring:<\/strong><strong style=\"font-size: 14px;\"><\/strong><\/p>\n<ul>\n<li><strong>your identity document<\/strong><\/li>\n<li><strong>sports membership card<\/strong><\/li>\n<li><strong>or a competitive sports medical certificate if you have purchased the day license<br \/><\/strong><\/li>\n<li><strong>the ethic declaration if you have purchased the day licence.<\/strong><\/li>\n<\/ul>\n<p><span style=\"color: #ff0000;\"><strong>18:00 \u2013 Prisutdelning till de st\u00f6rsta grupperna<br data-start=\"1833\" data-end=\"1836\" \/>Tr\u00e4dg\u00e5rdssidan framf\u00f6r lobbyn<br data-start=\"1865\" data-end=\"1868\" \/>18:30 \u2013 F\u00f6rsta middagspasset<br data-start=\"1896\" data-end=\"1899\" \/>20:30 \u2013 Andra middagspasset<br \/><\/strong><\/span><\/p>\n<p><span style=\"color: #ff0000;\"><strong>07 Juni<\/strong><strong>, 2026<\/strong><\/span><\/p>\n<p style=\"padding-left: 30px;\"><span style=\"color: #ff0000;\"> <strong> 07:00 &#8211; Hotel IBIS Style Settala, Milano &#8211; Start<br \/><\/strong><\/span><span style=\"color: #ff0000;\"><strong> fr\u00e5n 14:45 Ankomst till Corso Salvo d&#8217;Acquisto, med Pasta Party och duschar p\u00e5 Villa Ormond<\/strong><\/span><\/p>\n<p style=\"padding-left: 30px;\"><span style=\"color: #ff0000;\"> <strong> fr\u00e5n 17:00 P<br \/>risutdelning <\/strong> <\/span><\/p>\n<p style=\"padding-left: 30px;\"><span style=\"color: #ff0000;\"><strong> fr\u00e5n 17:30<br \/>Transport till de utvalda hotellen i Sanremo<\/strong><br \/><\/span><strong>(F\u00f6r de som har bokat hotell p\u00e5 webbplatsen)<\/strong><\/p>\n<p><!--<\/p>\n\n\n\n\n<p style=\"padding-left: 30px;\"><span style=\"color: #ff0000;\"><strong> ca 20:30<\/strong><\/p>\n\n\n\n\n<p><strong>Den f\u00f6rsta bussen avg\u00e5r f\u00f6r att \u00e5ka tillbaka till Hotel Ripamonti, Pieve Emanuele, Milano<\/strong><\/p>\n\n\n\n\n<p><strong>(the time is meant as compulsory) <\/strong><\/p>\n\n\n\n\n<p><\/span><\/p>\n\n\n\n\n<p style=\"text-align: left;\"><span style=\"color: #ff0000;\"><strong>05 Juni, 2023<\/strong><\/span><\/p>\n\n\n\n\n<p style=\"padding-left: 30px;\"><span style=\"color: #ff0000;\"><strong>Den andra bussen avg\u00e5r till Milano<\/strong><\/p>\n\n\n\n\n<p><strong>(the time is meant as compulsory) <\/strong><\/p>\n\n\n\n\n<p><\/span><\/p>\n\n\n\n\n<p style=\"padding-left: 30px;\"><span style=\"color: #ff0000;\"><strong>10:00 stop at the former railway station at Piazza Cesare Battisti, San Remo<\/p>\n\n\n\n\n<p>11:00 departure from San Remo<\/p>\n\n\n\n\n<p>16:00 arrival in Milan (time subject to the traffic conditions)<\/strong><\/span><\/p>\n\n\n\n\n<p>--><\/p>\n<p>[\/et_pb_text][\/et_pb_column][\/et_pb_row][\/et_pb_section]<\/p>\n","protected":false},"excerpt":{"rendered":"<p>Schemat som vi presenterar nedan inkluderar alla steg som leder upp till Milano-San Remo Amateur cyclosportive 2026 \u00a0 Registrering online \u00f6ppnar Kampanjpris f\u00f6r registrering b\u00f6rjar g\u00e4lla, Souvenir-t-shirt ing\u00e5r 20 februari 2026 Vanlig anm\u00e4lningsavgift b\u00f6rjar g\u00e4lla, Souvenir-t-shirt ing\u00e5r Februari 28, 2026 End of period to send documents for those who have enrolled at the promotional registration [&hellip;]<\/p>\n","protected":false},"author":1,"featured_media":0,"parent":0,"menu_order":0,"comment_status":"closed","ping_status":"closed","template":"","meta":{"_et_pb_use_builder":"on","_et_pb_old_content":"<h2>Schemat som vi presenterar nedan inkluderar alla steg som leder upp till Granfondo Milano-San Remo 2020<\/h2>\r\n<h2><\/h2>\r\n01 September, 2020\r\n<p style=\"padding-left: 30px;\"><strong>Registrering online \u00f6ppnar<\/strong><\/p>\r\n01 September 2020 - 30 November 2020\r\n<p style=\"padding-left: 30px;\"><strong>Kampanjpris f\u00f6r registrering b\u00f6rjar g\u00e4lla, Souvenir-t-shirt <span id=\"result_box\" class=\"\" lang=\"sv\"><span class=\"\">ing\u00e5r<\/span><\/span><\/strong><\/p>\r\n1 december 2020 - 30 Juli 2021\r\n<p style=\"padding-left: 30px;\"><strong>Vanlig anm\u00e4lningsavgift b\u00f6rjar g\u00e4lla, Souvenir-t-shirt <span id=\"result_box\" class=\"\" lang=\"sv\"><span class=\"\">ing\u00e5r<\/span><\/span><\/strong><\/p>\r\nFebruari 28, 2021\r\n<p style=\"padding-left: 30px;\"><strong>End of period to send documents for those who have enrolled at the promotional registration fee<\/strong><\/p>\r\njuli 31, 2021\r\n<p style=\"padding-left: 30px;\"><strong>M\u00f6jlighet att boka ett FCI-dagskort slutar g\u00e4lla<\/strong><\/p>\r\n<p style=\"padding-left: 30px;\"><strong>Souvenir-t-shirt inkluderas inte l\u00e4ngre i startpaketet<\/strong><\/p>\r\n<p style=\"padding-left: 30px;\"><strong>Anm\u00e4lning via bank\u00f6verf\u00f6ring slutar accepteras<\/strong><\/p>\r\n<p style=\"padding-left: 30px;\"><strong>End of period to send documents for those who have enrolled at the standard registration fee <\/strong><\/p>\r\nAugusti 1, 2021\r\n<p style=\"padding-left: 30px;\"><strong>M\u00f6jlighet att g\u00f6ra sista minuten-anm\u00e4lning b\u00f6rjar<\/strong>\r\n<strong>(endast med betalning med kreditkort eller Paypal)<\/strong><\/p>\r\nAugusti 15, 2021\r\n<p style=\"padding-left: 30px;\"><strong>Kuponger f\u00f6r hotell och bussar publiceras p\u00e5 webbplatsen<\/strong><\/p>\r\nAugusti 31, 2021\r\n<p style=\"padding-left: 30px;\"><strong>Deadline f\u00f6r registrering online<\/strong><\/p>\r\n\u00a0\r\n\r\n<span style=\"color: #ff0000;\"><strong>11 September, 2021<\/strong><\/span>\r\n<p style=\"padding-left: 30px;\"><span style=\"color: #ff0000;\"><strong>Utdelning av startpaket och verifiering,\u00a0Hotel Ripamonti, Pieve Emanuele<\/strong>, <strong>Milano<\/strong> -\u00a0 10:00 \u2013 12:30 \/ 14:30 \u2013 19:00 <\/span><\/p>\r\n<strong>It is mandatory to bring:\r\n<\/strong>\r\n<ul>\r\n \t<li><strong>il voucher conferming registration that can be downloaded from the personal area of the registration website,<\/strong><\/li>\r\n \t<li><strong>your identity document<\/strong><\/li>\r\n \t<li><strong>sports membership card<\/strong><\/li>\r\n \t<li><strong>or a competitive sports medical certificate if you have purchased the day license\r\n<\/strong><\/li>\r\n \t<li><strong>the ethic declaration if you have purchased the day licence.<\/strong><\/li>\r\n<\/ul>\r\n<span style=\"color: #ff0000;\"><strong>12<\/strong> September<strong>, 2021<\/strong><\/span>\r\n<p style=\"padding-left: 30px;\"><span style=\"color: #ff0000;\"> <strong> 07:00 -\u00a0Hotel Ripamonti, Pieve Emanuele, Milano - Start\r\n<\/strong><\/span><span style=\"color: #ff0000;\"><strong> fr\u00e5n 14:45 Ankomst till pastaparty i Palafiori<\/strong> <\/span><\/p>\r\n<p style=\"padding-left: 30px;\"><span style=\"color: #ff0000;\"> <strong> fr\u00e5n 17:00 P\r\nrisutdelning <\/strong> <\/span><\/p>\r\n<p style=\"padding-left: 30px;\"><span style=\"color: #ff0000;\"><strong> fr\u00e5n 17:30\r\nTransport till de utvalda hotellen i Sanremo<\/strong>\r\n<\/span><strong>(F\u00f6r de som har bokat hotell p\u00e5 webbplatsen)<\/strong><\/p>\r\n<p style=\"padding-left: 30px;\"><span style=\"color: #ff0000;\"><strong> ca 20:30<\/strong>\r\n<strong>Den f\u00f6rsta bussen avg\u00e5r f\u00f6r att \u00e5ka tillbaka till Hotel Ripamonti, Pieve Emanuele, Milano<\/strong>\r\n<strong>(the time is meant as compulsory) <\/strong>\r\n<\/span><\/p>\r\n<p style=\"text-align: left;\"><span style=\"color: #ff0000;\"><strong>\u00a0 13 September, 2021<\/strong><\/span><\/p>\r\n<p style=\"padding-left: 30px;\"><span style=\"color: #ff0000;\"><strong>Den andra bussen avg\u00e5r till Milano<\/strong>\r\n<strong>(the time is meant as compulsory) <\/strong>\r\n<\/span><\/p>\r\n<p style=\"padding-left: 30px;\"><span style=\"color: #ff0000;\"><strong>10:00 stop at the former railway station at Piazza Cesare Battisti, San Remo\r\n11:00 departure from San Remo\r\n16:00 arrival in Milan (time subject to the traffic conditions)<\/strong><\/span><\/p>\r\n\u00a0","_et_gb_content_width":"","ngg_post_thumbnail":0,"footnotes":""},"class_list":["post-3743","page","type-page","status-publish","hentry"],"yoast_head":"<!-- This site is optimized with the Yoast SEO plugin v27.4 - https:\/\/yoast.com\/product\/yoast-seo-wordpress\/ -->\n<title>PROGRAM | MILANO SANREMO AMATORI 2026 | MILANO SANREMO AMAT\u00d6RER 7 JUNI 2026 | OFFICIELL WEBBPLATS<\/title>\n<meta name=\"description\" content=\"schemat milan sanremo cyclosportive 2023\" \/>\n<meta name=\"robots\" content=\"index, follow, max-snippet:-1, max-image-preview:large, max-video-preview:-1\" \/>\n<link rel=\"canonical\" href=\"https:\/\/milano-sanremo.org\/sv\/program\/\" \/>\n<meta property=\"og:locale\" content=\"sv_SE\" \/>\n<meta property=\"og:type\" content=\"article\" \/>\n<meta property=\"og:title\" content=\"PROGRAM | MILANO SANREMO AMATORI 2026 | MILANO SANREMO AMAT\u00d6RER 7 JUNI 2026 | OFFICIELL WEBBPLATS\" \/>\n<meta property=\"og:description\" content=\"schemat milan sanremo cyclosportive 2023\" \/>\n<meta property=\"og:url\" content=\"https:\/\/milano-sanremo.org\/sv\/program\/\" \/>\n<meta property=\"og:site_name\" content=\"MILANO SANREMO AMATORI 2026\" \/>\n<meta property=\"article:modified_time\" content=\"2025-10-24T11:34:35+00:00\" \/>\n<meta name=\"twitter:card\" content=\"summary_large_image\" \/>\n<meta name=\"twitter:label1\" content=\"Ber\u00e4knad l\u00e4stid\" \/>\n\t<meta name=\"twitter:data1\" content=\"2 minuter\" \/>\n<script type=\"application\/ld+json\" class=\"yoast-schema-graph\">{\"@context\":\"https:\\\/\\\/schema.org\",\"@graph\":[{\"@type\":\"WebPage\",\"@id\":\"https:\\\/\\\/milano-sanremo.org\\\/sv\\\/program\\\/\",\"url\":\"https:\\\/\\\/milano-sanremo.org\\\/sv\\\/program\\\/\",\"name\":\"PROGRAM | MILANO SANREMO AMATORI 2026 | MILANO SANREMO AMAT\u00d6RER 7 JUNI 2026 | OFFICIELL WEBBPLATS\",\"isPartOf\":{\"@id\":\"https:\\\/\\\/milano-sanremo.org\\\/sv\\\/#website\"},\"datePublished\":\"2013-10-04T09:57:16+00:00\",\"dateModified\":\"2025-10-24T11:34:35+00:00\",\"description\":\"schemat milan sanremo cyclosportive 2023\",\"breadcrumb\":{\"@id\":\"https:\\\/\\\/milano-sanremo.org\\\/sv\\\/program\\\/#breadcrumb\"},\"inLanguage\":\"sv-SE\",\"potentialAction\":[{\"@type\":\"ReadAction\",\"target\":[\"https:\\\/\\\/milano-sanremo.org\\\/sv\\\/program\\\/\"]}]},{\"@type\":\"BreadcrumbList\",\"@id\":\"https:\\\/\\\/milano-sanremo.org\\\/sv\\\/program\\\/#breadcrumb\",\"itemListElement\":[{\"@type\":\"ListItem\",\"position\":1,\"name\":\"Home\",\"item\":\"https:\\\/\\\/milano-sanremo.org\\\/sv\\\/\"},{\"@type\":\"ListItem\",\"position\":2,\"name\":\"PROGRAM\"}]},{\"@type\":\"WebSite\",\"@id\":\"https:\\\/\\\/milano-sanremo.org\\\/sv\\\/#website\",\"url\":\"https:\\\/\\\/milano-sanremo.org\\\/sv\\\/\",\"name\":\"MILANO SANREMO AMATORI 2026\",\"description\":\"MILANO SANREMO AMAT\u00d6RER 7 JUNI 2026 | OFFICIELL WEBBPLATS\",\"potentialAction\":[{\"@type\":\"SearchAction\",\"target\":{\"@type\":\"EntryPoint\",\"urlTemplate\":\"https:\\\/\\\/milano-sanremo.org\\\/sv\\\/?s={search_term_string}\"},\"query-input\":{\"@type\":\"PropertyValueSpecification\",\"valueRequired\":true,\"valueName\":\"search_term_string\"}}],\"inLanguage\":\"sv-SE\"}]}<\/script>\n<!-- \/ Yoast SEO plugin. -->","yoast_head_json":{"title":"PROGRAM | MILANO SANREMO AMATORI 2026 | MILANO SANREMO AMAT\u00d6RER 7 JUNI 2026 | OFFICIELL WEBBPLATS","description":"schemat milan sanremo cyclosportive 2023","robots":{"index":"index","follow":"follow","max-snippet":"max-snippet:-1","max-image-preview":"max-image-preview:large","max-video-preview":"max-video-preview:-1"},"canonical":"https:\/\/milano-sanremo.org\/sv\/program\/","og_locale":"sv_SE","og_type":"article","og_title":"PROGRAM | MILANO SANREMO AMATORI 2026 | MILANO SANREMO AMAT\u00d6RER 7 JUNI 2026 | OFFICIELL WEBBPLATS","og_description":"schemat milan sanremo cyclosportive 2023","og_url":"https:\/\/milano-sanremo.org\/sv\/program\/","og_site_name":"MILANO SANREMO AMATORI 2026","article_modified_time":"2025-10-24T11:34:35+00:00","twitter_card":"summary_large_image","twitter_misc":{"Ber\u00e4knad l\u00e4stid":"2 minuter"},"schema":{"@context":"https:\/\/schema.org","@graph":[{"@type":"WebPage","@id":"https:\/\/milano-sanremo.org\/sv\/program\/","url":"https:\/\/milano-sanremo.org\/sv\/program\/","name":"PROGRAM | MILANO SANREMO AMATORI 2026 | MILANO SANREMO AMAT\u00d6RER 7 JUNI 2026 | OFFICIELL WEBBPLATS","isPartOf":{"@id":"https:\/\/milano-sanremo.org\/sv\/#website"},"datePublished":"2013-10-04T09:57:16+00:00","dateModified":"2025-10-24T11:34:35+00:00","description":"schemat milan sanremo cyclosportive 2023","breadcrumb":{"@id":"https:\/\/milano-sanremo.org\/sv\/program\/#breadcrumb"},"inLanguage":"sv-SE","potentialAction":[{"@type":"ReadAction","target":["https:\/\/milano-sanremo.org\/sv\/program\/"]}]},{"@type":"BreadcrumbList","@id":"https:\/\/milano-sanremo.org\/sv\/program\/#breadcrumb","itemListElement":[{"@type":"ListItem","position":1,"name":"Home","item":"https:\/\/milano-sanremo.org\/sv\/"},{"@type":"ListItem","position":2,"name":"PROGRAM"}]},{"@type":"WebSite","@id":"https:\/\/milano-sanremo.org\/sv\/#website","url":"https:\/\/milano-sanremo.org\/sv\/","name":"MILANO SANREMO AMATORI 2026","description":"MILANO SANREMO AMAT\u00d6RER 7 JUNI 2026 | OFFICIELL WEBBPLATS","potentialAction":[{"@type":"SearchAction","target":{"@type":"EntryPoint","urlTemplate":"https:\/\/milano-sanremo.org\/sv\/?s={search_term_string}"},"query-input":{"@type":"PropertyValueSpecification","valueRequired":true,"valueName":"search_term_string"}}],"inLanguage":"sv-SE"}]}},"_links":{"self":[{"href":"https:\/\/milano-sanremo.org\/sv\/wp-json\/wp\/v2\/pages\/3743","targetHints":{"allow":["GET"]}}],"collection":[{"href":"https:\/\/milano-sanremo.org\/sv\/wp-json\/wp\/v2\/pages"}],"about":[{"href":"https:\/\/milano-sanremo.org\/sv\/wp-json\/wp\/v2\/types\/page"}],"author":[{"embeddable":true,"href":"https:\/\/milano-sanremo.org\/sv\/wp-json\/wp\/v2\/users\/1"}],"replies":[{"embeddable":true,"href":"https:\/\/milano-sanremo.org\/sv\/wp-json\/wp\/v2\/comments?post=3743"}],"version-history":[{"count":51,"href":"https:\/\/milano-sanremo.org\/sv\/wp-json\/wp\/v2\/pages\/3743\/revisions"}],"predecessor-version":[{"id":15062,"href":"https:\/\/milano-sanremo.org\/sv\/wp-json\/wp\/v2\/pages\/3743\/revisions\/15062"}],"wp:attachment":[{"href":"https:\/\/milano-sanremo.org\/sv\/wp-json\/wp\/v2\/media?parent=3743"}],"curies":[{"name":"wp","href":"https:\/\/api.w.org\/{rel}","templated":true}]}}