{"id":3887,"date":"2013-10-05T10:06:34","date_gmt":"2013-10-05T10:06:34","guid":{"rendered":"http:\/\/milano-sanremo.org\/wordpress\/?page_id=3887"},"modified":"2024-07-16T09:23:25","modified_gmt":"2024-07-16T09:23:25","slug":"flygplatser","status":"publish","type":"page","link":"https:\/\/milano-sanremo.org\/sv\/resa\/transport-2\/flygplatser\/","title":{"rendered":"Flygplatser"},"content":{"rendered":"<h2>Om du v\u00e4ljer att flyga till Italien f\u00f6r att delta i Milano &#8211; Sanremo Amat\u00f6rlopp, rekommenderar vi att anl\u00e4nda p\u00e5 n\u00e5gon av flygplatserna i Milano och avresan fr\u00e5n Nice flygplats. Vi kommer att ta hand om transfern.<\/h2>\n<h4>Flygplatser i n\u00e4rheten av startlinjen:<\/h4>\n<ul>\n<li>LIN &#8211; Milano-Linate<\/li>\n<li>MXP &#8211; Milano-Malpensa<\/li>\n<li>BGY &#8211; Bergamo-Orio al Serio<\/li>\n<\/ul>\n<h4>Flygplatser i n\u00e4rheten av m\u00e5lg\u00e5ngen:<\/h4>\n<ul>\n<li>NCE &#8211; Nice Cote d&#8217;Azur<\/li>\n<\/ul>\n<p>&nbsp;<\/p>\n<h4>Vi finns h\u00e4r f\u00f6r att boka den transfer till och fr\u00e5n hotellet som passar dig b\u00e4st. Mindre transportmedel kan bokas direkt online vid tiden f\u00f6r registrering.<\/h4>\n<p>&nbsp;<\/p>\n<table style=\"width: 100%;\">\n<thead>\n<tr>\n<th style=\"width: 25%;\">Flygplats<\/th>\n<th style=\"width: 25%;\">Transport<\/th>\n<th style=\"width: 25%;\">Storlek<\/th>\n<th style=\"width: 25%;\">Pris<\/th>\n<\/tr>\n<\/thead>\n<tbody>\n<tr>\n<td>Linate LIN &#8211; Milanofiori<\/td>\n<td>Minivan \/ Kombivagn<\/td>\n<td>3 passegerare + 1 cykell\u00e5da<\/td>\n<td>\u20ac &#8211;<\/td>\n<\/tr>\n<tr>\n<td>&nbsp;<\/td>\n<td>Minibuss<\/td>\n<td>5 passagerare + 5 cykell\u00e5dor<\/td>\n<td>\u20ac &#8211;<\/td>\n<\/tr>\n<tr>\n<td>&nbsp;<\/td>\n<td>Buss 30\/50 sittplatser<\/td>\n<td>25 passagerare + 25 cykell\u00e5dor<\/td>\n<td>p\u00e5 beg\u00e4ran<\/td>\n<\/tr>\n<tr>\n<td>Malpensa MXP &#8211; Milanofiori<\/td>\n<td>Minivan \/ Kombivagn<\/td>\n<td>3 passagerare + 1 cykell\u00e5da<\/td>\n<td>\u20ac &#8211;<\/td>\n<\/tr>\n<tr>\n<td>&nbsp;<\/td>\n<td>Minibuss<\/td>\n<td>5 passagerare + 5 cykell\u00e5da<\/td>\n<td>\u20ac &#8211;<\/td>\n<\/tr>\n<tr>\n<td>&nbsp;<\/td>\n<td>Buss 30\/50 sittplatser<\/td>\n<td>25 passagerare + 25 cykell\u00e5dor<\/td>\n<td>p\u00e5 beg\u00e4ran<\/td>\n<\/tr>\n<tr>\n<td>Orio al Serio BGY &#8211; Milanofiori<\/td>\n<td>Minivan \/ Kombigagn<\/td>\n<td>3 passagerare + 1 cykell\u00e5da<\/td>\n<td>\u20ac &#8211;<\/td>\n<\/tr>\n<tr>\n<td>&nbsp;<\/td>\n<td>Minibuss<\/td>\n<td>5 passagerare + 5 cykell\u00e5dor<\/td>\n<td>\u20ac &#8211;<\/td>\n<\/tr>\n<tr>\n<td>&nbsp;<\/td>\n<td>Buss 30\/50 sittplatser<\/td>\n<td>25 passagerare + 25 cykell\u00e5dor<\/td>\n<td>p\u00e5 beg\u00e4ran<\/td>\n<\/tr>\n<tr>\n<td>Sanremo &#8211; Nice NCE<\/td>\n<td>Minivan\/ Kombivagn<\/td>\n<td>3 passagerare + 1 cykell\u00e5da<\/td>\n<td>\u20ac &#8211;<\/td>\n<\/tr>\n<tr>\n<td>&nbsp;<\/td>\n<td>Minibuss<\/td>\n<td>5 passagerare + 5 cykell\u00e5dor<\/td>\n<td>\u20ac &#8211;<\/td>\n<\/tr>\n<tr>\n<td>&nbsp;<\/td>\n<td>Buss 30\/50 sittplatser<\/td>\n<td>25 passagerare + 25 cykell\u00e5dor<\/td>\n<td>p\u00e5 beg\u00e4ran<\/td>\n<\/tr>\n<\/tbody>\n<\/table>\n<p>&nbsp;<\/p>\n<p><strong>Vid flygf\u00f6rseningar p\u00e5 \u00f6ver en timme, kommer det att tas ut en extra serviceavgift som betalas direkt till f\u00f6raren i kontanter.<\/strong><\/p>\n<h4>Bagagetransport fr\u00e5n Milano till Sanremo<\/h4>\n<p>Organisationen har en buss med sl\u00e4p tillg\u00e4nglig f\u00f6r bagagetransport fr\u00e5n Milano till Sanremo. Transporten av ryggs\u00e4ckar \u00e4r gratis, medan det f\u00f6r v\u00e4skor och cykell\u00e5dor \u00e4r n\u00f6dv\u00e4ndigt att k\u00f6pa en biljett p\u00e5 webbplatsen och s\u00e4tta fast den p\u00e5 bagaget. Det levereras sedan direkt till ditt hotell.<\/p>\n<p>Bagagetransporten sker utan manifestazionenti eller f\u00f6rs\u00e4kringsskydd. Det \u00e4r m\u00f6jligt att skaffa sig en resef\u00f6rs\u00e4kring p\u00e5 v\u00e5r webbplats, som ocks\u00e5 t\u00e4cker f\u00f6rlust eller skada p\u00e5 bagaget.<\/p>\n<h4>Hur man tar sig till Atahotel Ripamonti Residence fr\u00e5n Milano-Malpensa<\/h4>\n<p>Om du t\u00e4nker anv\u00e4nda dig av kollektivtrafiken rekommenderar vi att du tar <strong>Malpensa Express<\/strong>-t\u00e5get fr\u00e5n flygplatsen till stationen <strong>Milano Cadorna<\/strong>. D\u00e4refter linjen <strong>MM2 (<\/strong>gr\u00f6n linje) till slutstationen&nbsp;<strong>Piazzale&nbsp; Abbiategrasso<\/strong>. Vid utg\u00e5ngen v\u00e4ntar en gratisbuss intill sp\u00e5rvagnsh\u00e5llsplatsen f\u00f6r nr 15 (en skylt med \u201cRipamonti Residence\u201d kan ses intill f\u00f6raren).<\/p>\n<p><strong>Regler i Milanos tunnelbana<\/strong><\/p>\n<p>V\u00e4skor upp till en l\u00e4ngd av 90 cm \u00e4r till\u00e5tna om man k\u00f6per en till\u00e4ggsbiljett. Cyklar f\u00e5r tas med gratis i speciella vagnar under best\u00e4mda tider.<\/p>\n<h4>Hur man tar sig fr\u00e5n Sanremo till Nice flygplats med kollektivtrafik<\/h4>\n<p>Vi rekommenderar att du tar ett t\u00e5g fr\u00e5n Sanremo till <strong>Ventimiglia<\/strong>. Ta sedan ett TER (franskt regionalt t\u00e5g) till stationen <strong>Nice St. Augustin<\/strong>. D\u00e4rifr\u00e5n kan du ta en lokalbuss (5 min) eller g\u00e5 till flygplatsen till fots (10 min).<\/p>\n","protected":false},"excerpt":{"rendered":"<p>Om du v\u00e4ljer att flyga till Italien f\u00f6r att delta i Milano &#8211; Sanremo Amat\u00f6rlopp, rekommenderar vi att anl\u00e4nda p\u00e5 n\u00e5gon av flygplatserna i Milano och avresan fr\u00e5n Nice flygplats. Vi kommer att ta hand om transfern. Flygplatser i n\u00e4rheten av startlinjen: LIN &#8211; Milano-Linate MXP &#8211; Milano-Malpensa BGY &#8211; Bergamo-Orio al Serio Flygplatser i [&hellip;]<\/p>\n","protected":false},"author":1,"featured_media":0,"parent":3960,"menu_order":0,"comment_status":"closed","ping_status":"closed","template":"","meta":{"_et_pb_use_builder":"","_et_pb_old_content":"","_et_gb_content_width":"","ngg_post_thumbnail":0,"footnotes":""},"class_list":["post-3887","page","type-page","status-publish","hentry"],"yoast_head":"<!-- This site is optimized with the Yoast SEO plugin v27.4 - https:\/\/yoast.com\/product\/yoast-seo-wordpress\/ -->\n<title>Flygplatser | MILANO SANREMO AMATORI 2026 | MILANO SANREMO AMAT\u00d6RER 7 JUNI 2026 | OFFICIELL WEBBPLATS<\/title>\n<meta name=\"description\" content=\"Flygplatser\" \/>\n<meta name=\"robots\" content=\"index, follow, max-snippet:-1, max-image-preview:large, max-video-preview:-1\" \/>\n<link rel=\"canonical\" href=\"https:\/\/milano-sanremo.org\/sv\/resa\/transport-2\/flygplatser\/\" \/>\n<meta property=\"og:locale\" content=\"sv_SE\" \/>\n<meta property=\"og:type\" content=\"article\" \/>\n<meta property=\"og:title\" content=\"Flygplatser | MILANO SANREMO AMATORI 2026 | MILANO SANREMO AMAT\u00d6RER 7 JUNI 2026 | OFFICIELL WEBBPLATS\" \/>\n<meta property=\"og:description\" content=\"Flygplatser\" \/>\n<meta property=\"og:url\" content=\"https:\/\/milano-sanremo.org\/sv\/resa\/transport-2\/flygplatser\/\" \/>\n<meta property=\"og:site_name\" content=\"MILANO SANREMO AMATORI 2026\" \/>\n<meta property=\"article:modified_time\" content=\"2024-07-16T09:23:25+00:00\" \/>\n<meta name=\"twitter:card\" content=\"summary_large_image\" \/>\n<meta name=\"twitter:label1\" content=\"Ber\u00e4knad l\u00e4stid\" \/>\n\t<meta name=\"twitter:data1\" content=\"2 minuter\" \/>\n<script type=\"application\/ld+json\" class=\"yoast-schema-graph\">{\"@context\":\"https:\\\/\\\/schema.org\",\"@graph\":[{\"@type\":\"WebPage\",\"@id\":\"https:\\\/\\\/milano-sanremo.org\\\/sv\\\/resa\\\/transport-2\\\/flygplatser\\\/\",\"url\":\"https:\\\/\\\/milano-sanremo.org\\\/sv\\\/resa\\\/transport-2\\\/flygplatser\\\/\",\"name\":\"Flygplatser | MILANO SANREMO AMATORI 2026 | MILANO SANREMO AMAT\u00d6RER 7 JUNI 2026 | OFFICIELL WEBBPLATS\",\"isPartOf\":{\"@id\":\"https:\\\/\\\/milano-sanremo.org\\\/sv\\\/#website\"},\"datePublished\":\"2013-10-05T10:06:34+00:00\",\"dateModified\":\"2024-07-16T09:23:25+00:00\",\"description\":\"Flygplatser\",\"breadcrumb\":{\"@id\":\"https:\\\/\\\/milano-sanremo.org\\\/sv\\\/resa\\\/transport-2\\\/flygplatser\\\/#breadcrumb\"},\"inLanguage\":\"sv-SE\",\"potentialAction\":[{\"@type\":\"ReadAction\",\"target\":[\"https:\\\/\\\/milano-sanremo.org\\\/sv\\\/resa\\\/transport-2\\\/flygplatser\\\/\"]}]},{\"@type\":\"BreadcrumbList\",\"@id\":\"https:\\\/\\\/milano-sanremo.org\\\/sv\\\/resa\\\/transport-2\\\/flygplatser\\\/#breadcrumb\",\"itemListElement\":[{\"@type\":\"ListItem\",\"position\":1,\"name\":\"Home\",\"item\":\"https:\\\/\\\/milano-sanremo.org\\\/sv\\\/\"},{\"@type\":\"ListItem\",\"position\":2,\"name\":\"RESA\",\"item\":\"https:\\\/\\\/milano-sanremo.org\\\/sv\\\/viaggio\\\/\"},{\"@type\":\"ListItem\",\"position\":3,\"name\":\"TRANSPORT\",\"item\":\"https:\\\/\\\/milano-sanremo.org\\\/sv\\\/resa\\\/transport-2\\\/\"},{\"@type\":\"ListItem\",\"position\":4,\"name\":\"Flygplatser\"}]},{\"@type\":\"WebSite\",\"@id\":\"https:\\\/\\\/milano-sanremo.org\\\/sv\\\/#website\",\"url\":\"https:\\\/\\\/milano-sanremo.org\\\/sv\\\/\",\"name\":\"MILANO SANREMO AMATORI 2026\",\"description\":\"MILANO SANREMO AMAT\u00d6RER 7 JUNI 2026 | OFFICIELL WEBBPLATS\",\"potentialAction\":[{\"@type\":\"SearchAction\",\"target\":{\"@type\":\"EntryPoint\",\"urlTemplate\":\"https:\\\/\\\/milano-sanremo.org\\\/sv\\\/?s={search_term_string}\"},\"query-input\":{\"@type\":\"PropertyValueSpecification\",\"valueRequired\":true,\"valueName\":\"search_term_string\"}}],\"inLanguage\":\"sv-SE\"}]}<\/script>\n<!-- \/ Yoast SEO plugin. -->","yoast_head_json":{"title":"Flygplatser | MILANO SANREMO AMATORI 2026 | MILANO SANREMO AMAT\u00d6RER 7 JUNI 2026 | OFFICIELL WEBBPLATS","description":"Flygplatser","robots":{"index":"index","follow":"follow","max-snippet":"max-snippet:-1","max-image-preview":"max-image-preview:large","max-video-preview":"max-video-preview:-1"},"canonical":"https:\/\/milano-sanremo.org\/sv\/resa\/transport-2\/flygplatser\/","og_locale":"sv_SE","og_type":"article","og_title":"Flygplatser | MILANO SANREMO AMATORI 2026 | MILANO SANREMO AMAT\u00d6RER 7 JUNI 2026 | OFFICIELL WEBBPLATS","og_description":"Flygplatser","og_url":"https:\/\/milano-sanremo.org\/sv\/resa\/transport-2\/flygplatser\/","og_site_name":"MILANO SANREMO AMATORI 2026","article_modified_time":"2024-07-16T09:23:25+00:00","twitter_card":"summary_large_image","twitter_misc":{"Ber\u00e4knad l\u00e4stid":"2 minuter"},"schema":{"@context":"https:\/\/schema.org","@graph":[{"@type":"WebPage","@id":"https:\/\/milano-sanremo.org\/sv\/resa\/transport-2\/flygplatser\/","url":"https:\/\/milano-sanremo.org\/sv\/resa\/transport-2\/flygplatser\/","name":"Flygplatser | MILANO SANREMO AMATORI 2026 | MILANO SANREMO AMAT\u00d6RER 7 JUNI 2026 | OFFICIELL WEBBPLATS","isPartOf":{"@id":"https:\/\/milano-sanremo.org\/sv\/#website"},"datePublished":"2013-10-05T10:06:34+00:00","dateModified":"2024-07-16T09:23:25+00:00","description":"Flygplatser","breadcrumb":{"@id":"https:\/\/milano-sanremo.org\/sv\/resa\/transport-2\/flygplatser\/#breadcrumb"},"inLanguage":"sv-SE","potentialAction":[{"@type":"ReadAction","target":["https:\/\/milano-sanremo.org\/sv\/resa\/transport-2\/flygplatser\/"]}]},{"@type":"BreadcrumbList","@id":"https:\/\/milano-sanremo.org\/sv\/resa\/transport-2\/flygplatser\/#breadcrumb","itemListElement":[{"@type":"ListItem","position":1,"name":"Home","item":"https:\/\/milano-sanremo.org\/sv\/"},{"@type":"ListItem","position":2,"name":"RESA","item":"https:\/\/milano-sanremo.org\/sv\/viaggio\/"},{"@type":"ListItem","position":3,"name":"TRANSPORT","item":"https:\/\/milano-sanremo.org\/sv\/resa\/transport-2\/"},{"@type":"ListItem","position":4,"name":"Flygplatser"}]},{"@type":"WebSite","@id":"https:\/\/milano-sanremo.org\/sv\/#website","url":"https:\/\/milano-sanremo.org\/sv\/","name":"MILANO SANREMO AMATORI 2026","description":"MILANO SANREMO AMAT\u00d6RER 7 JUNI 2026 | OFFICIELL WEBBPLATS","potentialAction":[{"@type":"SearchAction","target":{"@type":"EntryPoint","urlTemplate":"https:\/\/milano-sanremo.org\/sv\/?s={search_term_string}"},"query-input":{"@type":"PropertyValueSpecification","valueRequired":true,"valueName":"search_term_string"}}],"inLanguage":"sv-SE"}]}},"_links":{"self":[{"href":"https:\/\/milano-sanremo.org\/sv\/wp-json\/wp\/v2\/pages\/3887","targetHints":{"allow":["GET"]}}],"collection":[{"href":"https:\/\/milano-sanremo.org\/sv\/wp-json\/wp\/v2\/pages"}],"about":[{"href":"https:\/\/milano-sanremo.org\/sv\/wp-json\/wp\/v2\/types\/page"}],"author":[{"embeddable":true,"href":"https:\/\/milano-sanremo.org\/sv\/wp-json\/wp\/v2\/users\/1"}],"replies":[{"embeddable":true,"href":"https:\/\/milano-sanremo.org\/sv\/wp-json\/wp\/v2\/comments?post=3887"}],"version-history":[{"count":12,"href":"https:\/\/milano-sanremo.org\/sv\/wp-json\/wp\/v2\/pages\/3887\/revisions"}],"predecessor-version":[{"id":14183,"href":"https:\/\/milano-sanremo.org\/sv\/wp-json\/wp\/v2\/pages\/3887\/revisions\/14183"}],"up":[{"embeddable":true,"href":"https:\/\/milano-sanremo.org\/sv\/wp-json\/wp\/v2\/pages\/3960"}],"wp:attachment":[{"href":"https:\/\/milano-sanremo.org\/sv\/wp-json\/wp\/v2\/media?parent=3887"}],"curies":[{"name":"wp","href":"https:\/\/api.w.org\/{rel}","templated":true}]}}