{"id":3905,"date":"2013-10-05T12:52:44","date_gmt":"2013-10-05T12:52:44","guid":{"rendered":"http:\/\/milano-sanremo.org\/wordpress\/?page_id=3905"},"modified":"2025-10-24T09:34:08","modified_gmt":"2025-10-24T09:34:08","slug":"registrering-till-loppet","status":"publish","type":"page","link":"https:\/\/milano-sanremo.org\/sv\/registrera\/registrering-till-loppet\/","title":{"rendered":"REGISTRERING TILL LOPPET"},"content":{"rendered":"<h2>Du kan registrera dig till Milano-Sanremo Amatori cykelmaraton cyclosportive exklusivt online genom att klicka p\u00e5 &#8221;REGISTRERA&#8221; och f\u00f6lja stegen som anges.<\/h2>\n<p>&nbsp;<\/p>\n<h3>STARTF\u00c4LT<\/h3>\n<table style=\"border-collapse: collapse; width: 100%;\" border=\"1\">\n<tbody>\n<tr style=\"background-color: red;\">\n<td style=\"height: 23px; width: 14.683%;\"><span style=\"color: #ffffff;\">&nbsp;<\/span><\/td>\n<td style=\"height: 23px; width: 29.6997%;\"><span style=\"color: #ffffff;\">REGISTRERING<\/span><\/td>\n<td style=\"height: 23px; width: 29.1435%;\"><span style=\"color: #ffffff;\"><span id=\"result_box\" class=\"short_text\" lang=\"sv\"><span class=\"\">fr\u00e5n <\/span><\/span>T\u00e4vlingsnummer<\/span><\/td>\n<td style=\"height: 23px; width: 26.4739%;\"><span style=\"color: #ffffff;\">till T\u00e4vlingsnummer<\/span><\/td>\n<\/tr>\n<tr style=\"height: 23px;\">\n<td style=\"height: 23px; width: 14.683%;\">Grupp 1<\/td>\n<td style=\"height: 23px; width: 29.6997%;\">GOLD<\/td>\n<td style=\"height: 23px; width: 29.1435%;\">1<\/td>\n<td style=\"height: 23px; width: 26.4739%;\">200<\/td>\n<\/tr>\n<tr style=\"height: 23px;\">\n<td style=\"height: 23px; width: 14.683%;\">Grupp 2<\/td>\n<td style=\"height: 23px; width: 29.6997%;\">TEAM PARTNER<\/td>\n<td style=\"height: 23px; width: 29.1435%;\">250<\/td>\n<td style=\"height: 23px; width: 26.4739%;\">499<\/td>\n<\/tr>\n<tr style=\"height: 23px;\">\n<td style=\"height: 23px; width: 14.683%;\">Grupp 3<\/td>\n<td style=\"height: 23px; width: 29.6997%;\">SILVER<\/td>\n<td style=\"height: 23px; width: 29.1435%;\">500<\/td>\n<td style=\"height: 23px; width: 26.4739%;\">749<\/td>\n<\/tr>\n<tr style=\"height: 23px;\">\n<td style=\"height: 23px; width: 14.683%;\">Grupp 4<\/td>\n<td style=\"height: 23px; width: 29.6997%;\">SILVER<\/td>\n<td style=\"height: 23px; width: 29.1435%;\">750<\/td>\n<td style=\"height: 23px; width: 26.4739%;\">999<\/td>\n<\/tr>\n<tr style=\"height: 10px;\">\n<td style=\"height: 10px; width: 14.683%;\">Grupp 5<\/td>\n<td style=\"height: 10px; width: 29.6997%;\">SILVER<\/td>\n<td style=\"height: 10px; width: 29.1435%;\">1000<\/td>\n<td style=\"height: 10px; width: 26.4739%;\">1249<\/td>\n<\/tr>\n<\/tbody>\n<\/table>\n<p>Nummerlapparna delas ut fr\u00e5n januari m\u00e5nad n\u00e4r de t\u00e4vlandes handlingar har verifierats.<\/p>\n<h3>&nbsp;<\/h3>\n<h3>Registreringsavgift<\/h3>\n<table style=\"width: 100%; height: 368px;\" border=\"1\">\n<tbody>\n<tr style=\"background-color: red;\" align=\"center\" valign=\"middle\">\n<td style=\"text-align: center; width: 53px; height: 46px;\"><span style=\"color: #ffffff;\">Kostnaderna<\/span><br \/>\n<strong><span style=\"color: #ffffff;\">SILVER<\/span><\/strong><\/td>\n<td style=\"text-align: center; width: 61px; height: 46px;\"><span style=\"color: #ffffff;\">Kostnaderna<\/span><br \/>\n<strong><span style=\"color: #ffffff;\">GOLD<\/span><\/strong><\/td>\n<td style=\"text-align: center; width: 92px; height: 46px;\"><span style=\"color: #ffffff;\">daglicentie<\/span><\/td>\n<td style=\"text-align: center; width: 92px; height: 46px;\"><span style=\"color: #ffffff;\">fasta kostnaden<\/span><\/td>\n<td style=\"text-align: center; width: 92px; height: 46px;\"><span style=\"color: #ffffff;\"><span id=\"result_box\" class=\"short_text\" lang=\"sv\"><span class=\"\">Uttrycket<\/span><\/span><\/span><\/td>\n<td style=\"text-align: center; width: 108px; height: 46px;\"><span style=\"color: #ffffff;\">souvenir-t-shirt <\/span><\/td>\n<td style=\"text-align: center; width: 146px; height: 46px;\"><span style=\"color: #ffffff;\">betalningsformer <\/span><\/td>\n<\/tr>\n<tr style=\"height: 69px;\">\n<td style=\"text-align: center; width: 53px; height: 69px;\"><strong>\u20ac 80,00<\/strong><\/td>\n<td style=\"text-align: center; width: 61px; height: 69px;\"><strong>\u20ac 125,00<\/strong><\/td>\n<td style=\"text-align: center; width: 92px; height: 69px;\">\u20ac 20,00<\/td>\n<td style=\"text-align: center; width: 92px; height: 69px;\">\u20ac 3,00<\/td>\n<td style=\"text-align: center; width: 92px; height: 69px;\">20 december<\/td>\n<td style=\"text-align: center; width: 108px; height: 69px;\">inkl.<\/td>\n<td style=\"text-align: center; width: 146px; height: 69px;\">Visa\/Mastercard-kreditkort<\/td>\n<\/tr>\n<tr style=\"height: 69px;\">\n<td style=\"text-align: center; width: 53px; height: 69px;\"><strong>\u20ac 85,00<\/strong><\/td>\n<td style=\"text-align: center; width: 61px; height: 69px;\"><strong>\u20ac 130,00<\/strong><\/td>\n<td style=\"text-align: center; width: 92px; height: 69px;\">\u20ac 20,00<\/td>\n<td style=\"text-align: center; width: 92px; height: 69px;\">\u20ac 3,00<\/td>\n<td style=\"text-align: center; width: 92px; height: 69px;\">20 januari<\/td>\n<td style=\"text-align: center; width: 108px; height: 69px;\">inkl.<\/td>\n<td style=\"text-align: center; width: 146px; height: 69px;\">Visa\/Mastercard-kreditkort<\/td>\n<\/tr>\n<tr style=\"height: 69px;\">\n<td style=\"text-align: center; width: 53px; height: 69px;\"><strong>\u20ac 95,00<\/strong><\/td>\n<td style=\"text-align: center; width: 61px; height: 69px;\"><span id=\"result_box\" class=\"short_text\" lang=\"sv\"><span class=\"\"><strong>\u20ac 135,00<\/strong><br \/>\n<\/span><\/span><\/td>\n<td style=\"text-align: center; width: 92px; height: 69px;\">\u20ac 20,00<\/td>\n<td style=\"text-align: center; width: 92px; height: 69px;\">\u20ac 3,00<\/td>\n<td style=\"text-align: center; width: 92px; height: 69px;\">20 februari<\/td>\n<td style=\"text-align: center; width: 108px; height: 69px;\">inkl.<\/td>\n<td style=\"text-align: center; width: 146px; height: 69px;\">Visa\/Mastercard-kreditkort<\/td>\n<\/tr>\n<tr style=\"height: 69px;\">\n<td style=\"text-align: center; width: 53px; height: 69px;\"><strong>\u20ac 100,00<\/strong><\/td>\n<td style=\"text-align: center; width: 61px; height: 69px;\"><span id=\"result_box\" class=\"short_text\" lang=\"sv\"><span class=\"\"><strong>\u20ac 140,00<\/strong><br \/>\n<\/span><\/span><\/td>\n<td style=\"text-align: center; width: 92px; height: 69px;\">\u20ac 20,00<\/td>\n<td style=\"text-align: center; width: 92px; height: 69px;\">\u20ac 3,00<\/td>\n<td style=\"text-align: center; width: 92px; height: 69px;\">20 mars<\/td>\n<td style=\"text-align: center; width: 108px; height: 69px;\">inkl.<\/td>\n<td style=\"text-align: center; width: 146px; height: 69px;\">Visa\/Mastercard-kreditkort<\/td>\n<\/tr>\n<tr style=\"height: 69px;\">\n<td style=\"text-align: center; width: 53px; height: 69px;\"><strong>\u20ac 105,00<\/strong><\/td>\n<td style=\"text-align: center; width: 61px; height: 69px;\"><span id=\"result_box\" class=\"short_text\" lang=\"sv\"><span class=\"\"><strong>\u20ac 145,00<\/strong><br \/>\n<\/span><\/span><\/td>\n<td style=\"text-align: center; width: 92px; height: 69px;\">\u20ac 20,00<\/td>\n<td style=\"text-align: center; width: 92px; height: 69px;\">\u20ac 3,00<\/td>\n<td style=\"text-align: center; width: 92px; height: 69px;\">20 april<\/td>\n<td style=\"text-align: center; width: 108px; height: 69px;\">inkl.<\/td>\n<td style=\"text-align: center; width: 146px; height: 69px;\">Visa\/Mastercard-kreditkort<\/td>\n<\/tr>\n<tr style=\"height: 46px;\">\n<td style=\"text-align: center; width: 53px; height: 46px;\"><strong>\u20ac 110,00<\/strong><\/td>\n<td style=\"text-align: center; width: 61px; height: 46px;\"><span id=\"result_box\" class=\"short_text\" lang=\"sv\"><span class=\"\"><strong>\u20ac 150,00<\/strong><\/span><\/span><\/td>\n<td style=\"text-align: center; width: 92px; height: 46px;\">\u20ac 20,00<\/td>\n<td style=\"text-align: center; width: 92px; height: 46px;\">\u20ac 3,00<\/td>\n<td style=\"text-align: center; width: 92px; height: 46px;\">31 maj<\/td>\n<td style=\"text-align: center; width: 108px; height: 46px;\">inte inkl.<\/td>\n<td style=\"text-align: center; width: 146px; height: 46px;\">Visa\/Mastercard-kreditkort<\/td>\n<\/tr>\n<tr style=\"height: 69px;\">\n<td style=\"text-align: center; width: 53px; height: 69px;\"><strong>\u20ac 120,00<\/strong><\/td>\n<td style=\"text-align: center; width: 61px; height: 69px;\"><span id=\"result_box\" class=\"short_text\" lang=\"sv\"><span class=\"\"><strong>\u20ac 160,00<\/strong><\/span><\/span><\/td>\n<td style=\"text-align: center; width: 92px; height: 69px;\"><span id=\"result_box\" class=\"short_text\" lang=\"sv\"><span class=\"\">inte tillg\u00e4nglig<\/span><\/span><\/td>\n<td style=\"text-align: center; width: 92px; height: 69px;\">\u20ac 5,00<\/td>\n<td style=\"text-align: center; width: 92px; height: 69px;\">dagen innan loppet<\/td>\n<td style=\"text-align: center; width: 108px; height: 69px;\">inte inkl.<\/td>\n<td style=\"text-align: center; width: 146px; height: 69px;\">kontant<\/td>\n<\/tr>\n<\/tbody>\n<\/table>\n<p>&nbsp;<\/p>\n<p>&nbsp;<\/p>\n","protected":false},"excerpt":{"rendered":"<p>Du kan registrera dig till Milano-Sanremo Amatori cykelmaraton cyclosportive exklusivt online genom att klicka p\u00e5 &#8221;REGISTRERA&#8221; och f\u00f6lja stegen som anges. &nbsp; STARTF\u00c4LT &nbsp; REGISTRERING fr\u00e5n T\u00e4vlingsnummer till T\u00e4vlingsnummer Grupp 1 GOLD 1 200 Grupp 2 TEAM PARTNER 250 499 Grupp 3 SILVER 500 749 Grupp 4 SILVER 750 999 Grupp 5 SILVER 1000 1249 [&hellip;]<\/p>\n","protected":false},"author":1,"featured_media":0,"parent":3903,"menu_order":0,"comment_status":"closed","ping_status":"closed","template":"","meta":{"_et_pb_use_builder":"","_et_pb_old_content":"","_et_gb_content_width":"","ngg_post_thumbnail":0,"footnotes":""},"class_list":["post-3905","page","type-page","status-publish","hentry"],"yoast_head":"<!-- This site is optimized with the Yoast SEO plugin v27.4 - https:\/\/yoast.com\/product\/yoast-seo-wordpress\/ -->\n<title>REGISTRERING TILL LOPPET | MILANO SANREMO AMATORI 2026 | MILANO SANREMO AMAT\u00d6RER 7 JUNI 2026 | OFFICIELL WEBBPLATS<\/title>\n<meta name=\"description\" content=\"REGISTRERING TILL LOPPET\" \/>\n<meta name=\"robots\" content=\"index, follow, max-snippet:-1, max-image-preview:large, max-video-preview:-1\" \/>\n<link rel=\"canonical\" href=\"https:\/\/milano-sanremo.org\/sv\/registrera\/registrering-till-loppet\/\" \/>\n<meta property=\"og:locale\" content=\"sv_SE\" \/>\n<meta property=\"og:type\" content=\"article\" \/>\n<meta property=\"og:title\" content=\"REGISTRERING TILL LOPPET | MILANO SANREMO AMATORI 2026 | MILANO SANREMO AMAT\u00d6RER 7 JUNI 2026 | OFFICIELL WEBBPLATS\" \/>\n<meta property=\"og:description\" content=\"REGISTRERING TILL LOPPET\" \/>\n<meta property=\"og:url\" content=\"https:\/\/milano-sanremo.org\/sv\/registrera\/registrering-till-loppet\/\" \/>\n<meta property=\"og:site_name\" content=\"MILANO SANREMO AMATORI 2026\" \/>\n<meta property=\"article:modified_time\" content=\"2025-10-24T09:34:08+00:00\" \/>\n<meta name=\"twitter:card\" content=\"summary_large_image\" \/>\n<meta name=\"twitter:label1\" content=\"Ber\u00e4knad l\u00e4stid\" \/>\n\t<meta name=\"twitter:data1\" content=\"1 minut\" \/>\n<script type=\"application\/ld+json\" class=\"yoast-schema-graph\">{\"@context\":\"https:\\\/\\\/schema.org\",\"@graph\":[{\"@type\":\"WebPage\",\"@id\":\"https:\\\/\\\/milano-sanremo.org\\\/sv\\\/registrera\\\/registrering-till-loppet\\\/\",\"url\":\"https:\\\/\\\/milano-sanremo.org\\\/sv\\\/registrera\\\/registrering-till-loppet\\\/\",\"name\":\"REGISTRERING TILL LOPPET | MILANO SANREMO AMATORI 2026 | MILANO SANREMO AMAT\u00d6RER 7 JUNI 2026 | OFFICIELL WEBBPLATS\",\"isPartOf\":{\"@id\":\"https:\\\/\\\/milano-sanremo.org\\\/sv\\\/#website\"},\"datePublished\":\"2013-10-05T12:52:44+00:00\",\"dateModified\":\"2025-10-24T09:34:08+00:00\",\"description\":\"REGISTRERING TILL LOPPET\",\"breadcrumb\":{\"@id\":\"https:\\\/\\\/milano-sanremo.org\\\/sv\\\/registrera\\\/registrering-till-loppet\\\/#breadcrumb\"},\"inLanguage\":\"sv-SE\",\"potentialAction\":[{\"@type\":\"ReadAction\",\"target\":[\"https:\\\/\\\/milano-sanremo.org\\\/sv\\\/registrera\\\/registrering-till-loppet\\\/\"]}]},{\"@type\":\"BreadcrumbList\",\"@id\":\"https:\\\/\\\/milano-sanremo.org\\\/sv\\\/registrera\\\/registrering-till-loppet\\\/#breadcrumb\",\"itemListElement\":[{\"@type\":\"ListItem\",\"position\":1,\"name\":\"Home\",\"item\":\"https:\\\/\\\/milano-sanremo.org\\\/sv\\\/\"},{\"@type\":\"ListItem\",\"position\":2,\"name\":\"REGISTRERA\",\"item\":\"https:\\\/\\\/milano-sanremo.org\\\/sv\\\/iscrizioni-2\\\/\"},{\"@type\":\"ListItem\",\"position\":3,\"name\":\"REGISTRERING TILL LOPPET\"}]},{\"@type\":\"WebSite\",\"@id\":\"https:\\\/\\\/milano-sanremo.org\\\/sv\\\/#website\",\"url\":\"https:\\\/\\\/milano-sanremo.org\\\/sv\\\/\",\"name\":\"MILANO SANREMO AMATORI 2026\",\"description\":\"MILANO SANREMO AMAT\u00d6RER 7 JUNI 2026 | OFFICIELL WEBBPLATS\",\"potentialAction\":[{\"@type\":\"SearchAction\",\"target\":{\"@type\":\"EntryPoint\",\"urlTemplate\":\"https:\\\/\\\/milano-sanremo.org\\\/sv\\\/?s={search_term_string}\"},\"query-input\":{\"@type\":\"PropertyValueSpecification\",\"valueRequired\":true,\"valueName\":\"search_term_string\"}}],\"inLanguage\":\"sv-SE\"}]}<\/script>\n<!-- \/ Yoast SEO plugin. -->","yoast_head_json":{"title":"REGISTRERING TILL LOPPET | MILANO SANREMO AMATORI 2026 | MILANO SANREMO AMAT\u00d6RER 7 JUNI 2026 | OFFICIELL WEBBPLATS","description":"REGISTRERING TILL LOPPET","robots":{"index":"index","follow":"follow","max-snippet":"max-snippet:-1","max-image-preview":"max-image-preview:large","max-video-preview":"max-video-preview:-1"},"canonical":"https:\/\/milano-sanremo.org\/sv\/registrera\/registrering-till-loppet\/","og_locale":"sv_SE","og_type":"article","og_title":"REGISTRERING TILL LOPPET | MILANO SANREMO AMATORI 2026 | MILANO SANREMO AMAT\u00d6RER 7 JUNI 2026 | OFFICIELL WEBBPLATS","og_description":"REGISTRERING TILL LOPPET","og_url":"https:\/\/milano-sanremo.org\/sv\/registrera\/registrering-till-loppet\/","og_site_name":"MILANO SANREMO AMATORI 2026","article_modified_time":"2025-10-24T09:34:08+00:00","twitter_card":"summary_large_image","twitter_misc":{"Ber\u00e4knad l\u00e4stid":"1 minut"},"schema":{"@context":"https:\/\/schema.org","@graph":[{"@type":"WebPage","@id":"https:\/\/milano-sanremo.org\/sv\/registrera\/registrering-till-loppet\/","url":"https:\/\/milano-sanremo.org\/sv\/registrera\/registrering-till-loppet\/","name":"REGISTRERING TILL LOPPET | MILANO SANREMO AMATORI 2026 | MILANO SANREMO AMAT\u00d6RER 7 JUNI 2026 | OFFICIELL WEBBPLATS","isPartOf":{"@id":"https:\/\/milano-sanremo.org\/sv\/#website"},"datePublished":"2013-10-05T12:52:44+00:00","dateModified":"2025-10-24T09:34:08+00:00","description":"REGISTRERING TILL LOPPET","breadcrumb":{"@id":"https:\/\/milano-sanremo.org\/sv\/registrera\/registrering-till-loppet\/#breadcrumb"},"inLanguage":"sv-SE","potentialAction":[{"@type":"ReadAction","target":["https:\/\/milano-sanremo.org\/sv\/registrera\/registrering-till-loppet\/"]}]},{"@type":"BreadcrumbList","@id":"https:\/\/milano-sanremo.org\/sv\/registrera\/registrering-till-loppet\/#breadcrumb","itemListElement":[{"@type":"ListItem","position":1,"name":"Home","item":"https:\/\/milano-sanremo.org\/sv\/"},{"@type":"ListItem","position":2,"name":"REGISTRERA","item":"https:\/\/milano-sanremo.org\/sv\/iscrizioni-2\/"},{"@type":"ListItem","position":3,"name":"REGISTRERING TILL LOPPET"}]},{"@type":"WebSite","@id":"https:\/\/milano-sanremo.org\/sv\/#website","url":"https:\/\/milano-sanremo.org\/sv\/","name":"MILANO SANREMO AMATORI 2026","description":"MILANO SANREMO AMAT\u00d6RER 7 JUNI 2026 | OFFICIELL WEBBPLATS","potentialAction":[{"@type":"SearchAction","target":{"@type":"EntryPoint","urlTemplate":"https:\/\/milano-sanremo.org\/sv\/?s={search_term_string}"},"query-input":{"@type":"PropertyValueSpecification","valueRequired":true,"valueName":"search_term_string"}}],"inLanguage":"sv-SE"}]}},"_links":{"self":[{"href":"https:\/\/milano-sanremo.org\/sv\/wp-json\/wp\/v2\/pages\/3905","targetHints":{"allow":["GET"]}}],"collection":[{"href":"https:\/\/milano-sanremo.org\/sv\/wp-json\/wp\/v2\/pages"}],"about":[{"href":"https:\/\/milano-sanremo.org\/sv\/wp-json\/wp\/v2\/types\/page"}],"author":[{"embeddable":true,"href":"https:\/\/milano-sanremo.org\/sv\/wp-json\/wp\/v2\/users\/1"}],"replies":[{"embeddable":true,"href":"https:\/\/milano-sanremo.org\/sv\/wp-json\/wp\/v2\/comments?post=3905"}],"version-history":[{"count":49,"href":"https:\/\/milano-sanremo.org\/sv\/wp-json\/wp\/v2\/pages\/3905\/revisions"}],"predecessor-version":[{"id":14962,"href":"https:\/\/milano-sanremo.org\/sv\/wp-json\/wp\/v2\/pages\/3905\/revisions\/14962"}],"up":[{"embeddable":true,"href":"https:\/\/milano-sanremo.org\/sv\/wp-json\/wp\/v2\/pages\/3903"}],"wp:attachment":[{"href":"https:\/\/milano-sanremo.org\/sv\/wp-json\/wp\/v2\/media?parent=3905"}],"curies":[{"name":"wp","href":"https:\/\/api.w.org\/{rel}","templated":true}]}}