{"id":3907,"date":"2013-10-05T13:08:23","date_gmt":"2013-10-05T13:08:23","guid":{"rendered":"http:\/\/milano-sanremo.org\/wordpress\/?page_id=3907"},"modified":"2026-01-30T11:29:48","modified_gmt":"2026-01-30T11:29:48","slug":"souvenir-t-shirt","status":"publish","type":"page","link":"https:\/\/milano-sanremo.org\/sv\/registrera\/souvenir-t-shirt\/","title":{"rendered":"SOUVENIR-T-SHIRT"},"content":{"rendered":"<p>[et_pb_section fb_built=&#8221;1&#8243; admin_label=&#8221;section&#8221; _builder_version=&#8221;4.16&#8243; global_colors_info=&#8221;{}&#8221;][et_pb_row admin_label=&#8221;row&#8221; _builder_version=&#8221;4.16&#8243; background_size=&#8221;initial&#8221; background_position=&#8221;top_left&#8221; background_repeat=&#8221;repeat&#8221; global_colors_info=&#8221;{}&#8221;][et_pb_column type=&#8221;4_4&#8243; _builder_version=&#8221;4.16&#8243; custom_padding=&#8221;|||&#8221; global_colors_info=&#8221;{}&#8221; custom_padding__hover=&#8221;|||&#8221;][et_pb_text admin_label=&#8221;Text&#8221; _builder_version=&#8221;4.27.5&#8243; background_size=&#8221;initial&#8221; background_position=&#8221;top_left&#8221; background_repeat=&#8221;repeat&#8221; hover_enabled=&#8221;0&#8243; global_colors_info=&#8221;{}&#8221; sticky_enabled=&#8221;0&#8243;]<\/p>\n<h3>F\u00f6r alla som registrerar sig innan 20 April kommer en souvenir-t-shirt fr\u00e5n Milano &#8211; Sanremo Amat\u00f6rlopp cyclosportive att inkluderas i startpaketet.<\/h3>\n<p><a href=\"https:\/\/milano-sanremo.org\/wp-content\/uploads\/2026\/01\/maglia-milano-sanremo-2026.jpg\"><img loading=\"lazy\" decoding=\"async\" class=\"alignnone wp-image-15411 size-full\" src=\"https:\/\/milano-sanremo.org\/wp-content\/uploads\/2026\/01\/maglia-milano-sanremo-2026.jpg\" alt=\"maglia milano sanremo 2026\" width=\"1920\" height=\"1080\" srcset=\"https:\/\/milano-sanremo.org\/wp-content\/uploads\/2026\/01\/maglia-milano-sanremo-2026.jpg 1920w, https:\/\/milano-sanremo.org\/wp-content\/uploads\/2026\/01\/maglia-milano-sanremo-2026-1280x720.jpg 1280w, https:\/\/milano-sanremo.org\/wp-content\/uploads\/2026\/01\/maglia-milano-sanremo-2026-980x551.jpg 980w, https:\/\/milano-sanremo.org\/wp-content\/uploads\/2026\/01\/maglia-milano-sanremo-2026-480x270.jpg 480w\" sizes=\"(min-width: 0px) and (max-width: 480px) 480px, (min-width: 481px) and (max-width: 980px) 980px, (min-width: 981px) and (max-width: 1280px) 1280px, (min-width: 1281px) 1920px, 100vw\" \/><\/a><\/p>\n<h4>F\u00f6r att f\u00e5 souvenir-t-shirten \u00e4r det viktigt att anm\u00e4lningsavgiften betalas innan 20 april; mer specifikt kommer f\u00f6ljande att beaktas:<\/h4>\n<ul>\n<li>dagen betalningen g\u00f6rs med kreditkort eller Paypal<\/li>\n<\/ul>\n<p>Eftersom tillverkningen av t-shirten tar tid \u00e4r det tyv\u00e4rr inte m\u00f6jligt att f\u00e5 den om betalningen kommer in f\u00f6r sent, \u00e4ven om best\u00e4llningen gjordes innan sista datumet.<\/p>\n<h4><span style=\"color: #ff0000;\">Om du vill vara s\u00e4ker p\u00e5 att f\u00e5 souvenir-t-shirten, v\u00e4nta inte till 20 april med att registrera dig!<\/span><\/h4>\n<h4>STORLEKAR P\u00c5 SOUVENIR-T-SHIRTEN<\/h4>\n<p>T-shirtarna f\u00f6r det h\u00e4r eventet kommer att best\u00e4llas p\u00e5 basis av best\u00e4llningarna vi f\u00e5r in i v\u00e5rt registreringssystem.<\/p>\n<h4>D\u00e4rf\u00f6r \u00e4r det mycket viktigt att du v\u00e4ljer r\u00e4tt storlek.<\/h4>\n<p>F\u00f6ljande \u00e4r en tabell som visar de exakta m\u00e5tten p\u00e5 t-shirten.<\/p>\n<h2>Read the size and fit guide of the official souvenir jersey.<\/h2>\n<p><img loading=\"lazy\" decoding=\"async\" class=\"alignnone size-full wp-image-10736\" src=\"https:\/\/milano-sanremo.org\/wp-content\/uploads\/2013\/06\/taglie_t-shirt_mi-sr2.jpg\" alt=\"\" width=\"650\" height=\"750\" srcset=\"https:\/\/milano-sanremo.org\/wp-content\/uploads\/2013\/06\/taglie_t-shirt_mi-sr2.jpg 650w, https:\/\/milano-sanremo.org\/wp-content\/uploads\/2013\/06\/taglie_t-shirt_mi-sr2-260x300.jpg 260w\" sizes=\"(max-width: 650px) 100vw, 650px\" \/><\/p>\n<p>Souvenir-t-shirtarna best\u00e4lls i enlighet med det exakta antalet best\u00e4llningar som har kommit in.<br \/>Det \u00e4r m\u00f6jligt att \u00e4ndra t-shirt per e-post fram till 20 april.<\/p>\n<h4><span style=\"color: #ff0000;\">Efter 20 april kommer det inte att vara m\u00f6jligt att \u00e4ndra storleken p\u00e5 din t-shirt. Det g\u00e5r inte heller att be om en annan storlek n\u00e4r startpaketen delas ut.<br \/><\/span><\/h4>\n<p>[\/et_pb_text][\/et_pb_column][\/et_pb_row][\/et_pb_section]<\/p>\n","protected":false},"excerpt":{"rendered":"<p>F\u00f6r alla som registrerar sig innan 20 April kommer en souvenir-t-shirt fr\u00e5n Milano &#8211; Sanremo Amat\u00f6rlopp cyclosportive att inkluderas i startpaketet. F\u00f6r att f\u00e5 souvenir-t-shirten \u00e4r det viktigt att anm\u00e4lningsavgiften betalas innan 20 april; mer specifikt kommer f\u00f6ljande att beaktas: dagen betalningen g\u00f6rs med kreditkort eller Paypal Eftersom tillverkningen av t-shirten tar tid \u00e4r det [&hellip;]<\/p>\n","protected":false},"author":1,"featured_media":0,"parent":3903,"menu_order":0,"comment_status":"closed","ping_status":"closed","template":"","meta":{"_et_pb_use_builder":"on","_et_pb_old_content":"<h3>F\u00f6r alla som registrerar sig innan 20 April kommer en souvenir-t-shirt fr\u00e5n Milano - Sanremo Amat\u00f6rlopp cyclosportive att inkluderas i startpaketet.<\/h3>\r\n<a href=\"https:\/\/milano-sanremo.org\/wp-content\/uploads\/2025\/02\/milano-sanremo-amatori-2025.jpeg\"><img class=\"aligncenter wp-image-14544 size-full\" src=\"https:\/\/milano-sanremo.org\/wp-content\/uploads\/2025\/02\/milano-sanremo-amatori-2025.jpeg\" alt=\"milano sanremo amatori 2025\" width=\"1600\" height=\"1043\"><\/a>\r\n<h4>F\u00f6r att f\u00e5 souvenir-t-shirten \u00e4r det viktigt att anm\u00e4lningsavgiften betalas innan 20 april; mer specifikt kommer f\u00f6ljande att beaktas:<\/h4>\r\n<ul>\r\n \t<li>dagen betalningen g\u00f6rs med kreditkort eller Paypal<\/li>\r\n \t<li>dagen den betalda summan krediteras till v\u00e5rt bankkonto, om man betalar via bank\u00f6verf\u00f6ring<\/li>\r\n<\/ul>\r\nEftersom tillverkningen av t-shirten tar tid \u00e4r det tyv\u00e4rr inte m\u00f6jligt att f\u00e5 den om betalningen kommer in f\u00f6r sent, \u00e4ven om best\u00e4llningen gjordes innan sista datumet.\r\n<h4><span style=\"color: #ff0000;\">Om du vill vara s\u00e4ker p\u00e5 att f\u00e5 souvenir-t-shirten, v\u00e4nta inte till 20 april med att registrera dig!<\/span><\/h4>\r\n<h4>STORLEKAR P\u00c5 SOUVENIR-T-SHIRTEN<\/h4>\r\nT-shirtarna f\u00f6r det h\u00e4r eventet kommer att best\u00e4llas p\u00e5 basis av best\u00e4llningarna vi f\u00e5r in i v\u00e5rt registreringssystem.\r\n<h4>D\u00e4rf\u00f6r \u00e4r det mycket viktigt att du v\u00e4ljer r\u00e4tt storlek.<\/h4>\r\nF\u00f6ljande \u00e4r en tabell som visar de exakta m\u00e5tten p\u00e5 t-shirten.\r\n<h2>Read the size and fit guide of the official souvenir jersey.<\/h2>\r\n<img class=\"alignnone size-full wp-image-10736\" src=\"https:\/\/milano-sanremo.org\/wp-content\/uploads\/2013\/06\/taglie_t-shirt_mi-sr2.jpg\" alt=\"\" width=\"650\" height=\"750\">\r\n\r\nSouvenir-t-shirtarna best\u00e4lls i enlighet med det exakta antalet best\u00e4llningar som har kommit in.\r\nDet \u00e4r m\u00f6jligt att \u00e4ndra t-shirt per e-post fram till 20 april.\r\n<h4><span style=\"color: #ff0000;\">Efter 20 april kommer det inte att vara m\u00f6jligt att \u00e4ndra storleken p\u00e5 din t-shirt. Det g\u00e5r inte heller att be om en annan storlek n\u00e4r startpaketen delas ut.\r\n<\/span><\/h4>","_et_gb_content_width":"","ngg_post_thumbnail":0,"footnotes":""},"class_list":["post-3907","page","type-page","status-publish","hentry"],"yoast_head":"<!-- This site is optimized with the Yoast SEO plugin v27.4 - https:\/\/yoast.com\/product\/yoast-seo-wordpress\/ -->\n<title>SOUVENIR-T-SHIRT | MILANO SANREMO AMATORI 2026 | MILANO SANREMO AMAT\u00d6RER 7 JUNI 2026 | OFFICIELL WEBBPLATS<\/title>\n<meta name=\"description\" content=\"SOUVENIR-T-SHIRT MILANO SANREMO AMATORI 2026\" \/>\n<meta name=\"robots\" content=\"index, follow, max-snippet:-1, max-image-preview:large, max-video-preview:-1\" \/>\n<link rel=\"canonical\" href=\"https:\/\/milano-sanremo.org\/sv\/registrera\/souvenir-t-shirt\/\" \/>\n<meta property=\"og:locale\" content=\"sv_SE\" \/>\n<meta property=\"og:type\" content=\"article\" \/>\n<meta property=\"og:title\" content=\"SOUVENIR-T-SHIRT | MILANO SANREMO AMATORI 2026 | MILANO SANREMO AMAT\u00d6RER 7 JUNI 2026 | OFFICIELL WEBBPLATS\" \/>\n<meta property=\"og:description\" content=\"SOUVENIR-T-SHIRT MILANO SANREMO AMATORI 2026\" \/>\n<meta property=\"og:url\" content=\"https:\/\/milano-sanremo.org\/sv\/registrera\/souvenir-t-shirt\/\" \/>\n<meta property=\"og:site_name\" content=\"MILANO SANREMO AMATORI 2026\" \/>\n<meta property=\"article:modified_time\" content=\"2026-01-30T11:29:48+00:00\" \/>\n<meta property=\"og:image\" content=\"https:\/\/milano-sanremo.org\/wp-content\/uploads\/2026\/01\/maglia-milano-sanremo-2026.jpg\" \/>\n\t<meta property=\"og:image:width\" content=\"1920\" \/>\n\t<meta property=\"og:image:height\" content=\"1080\" \/>\n\t<meta property=\"og:image:type\" content=\"image\/jpeg\" \/>\n<meta name=\"twitter:card\" content=\"summary_large_image\" \/>\n<meta name=\"twitter:label1\" content=\"Ber\u00e4knad l\u00e4stid\" \/>\n\t<meta name=\"twitter:data1\" content=\"2 minuter\" \/>\n<script type=\"application\/ld+json\" class=\"yoast-schema-graph\">{\"@context\":\"https:\\\/\\\/schema.org\",\"@graph\":[{\"@type\":\"WebPage\",\"@id\":\"https:\\\/\\\/milano-sanremo.org\\\/sv\\\/registrera\\\/souvenir-t-shirt\\\/\",\"url\":\"https:\\\/\\\/milano-sanremo.org\\\/sv\\\/registrera\\\/souvenir-t-shirt\\\/\",\"name\":\"SOUVENIR-T-SHIRT | MILANO SANREMO AMATORI 2026 | MILANO SANREMO AMAT\u00d6RER 7 JUNI 2026 | OFFICIELL WEBBPLATS\",\"isPartOf\":{\"@id\":\"https:\\\/\\\/milano-sanremo.org\\\/sv\\\/#website\"},\"primaryImageOfPage\":{\"@id\":\"https:\\\/\\\/milano-sanremo.org\\\/sv\\\/registrera\\\/souvenir-t-shirt\\\/#primaryimage\"},\"image\":{\"@id\":\"https:\\\/\\\/milano-sanremo.org\\\/sv\\\/registrera\\\/souvenir-t-shirt\\\/#primaryimage\"},\"thumbnailUrl\":\"https:\\\/\\\/milano-sanremo.org\\\/wp-content\\\/uploads\\\/2026\\\/01\\\/maglia-milano-sanremo-2026.jpg\",\"datePublished\":\"2013-10-05T13:08:23+00:00\",\"dateModified\":\"2026-01-30T11:29:48+00:00\",\"description\":\"SOUVENIR-T-SHIRT MILANO SANREMO AMATORI 2026\",\"breadcrumb\":{\"@id\":\"https:\\\/\\\/milano-sanremo.org\\\/sv\\\/registrera\\\/souvenir-t-shirt\\\/#breadcrumb\"},\"inLanguage\":\"sv-SE\",\"potentialAction\":[{\"@type\":\"ReadAction\",\"target\":[\"https:\\\/\\\/milano-sanremo.org\\\/sv\\\/registrera\\\/souvenir-t-shirt\\\/\"]}]},{\"@type\":\"ImageObject\",\"inLanguage\":\"sv-SE\",\"@id\":\"https:\\\/\\\/milano-sanremo.org\\\/sv\\\/registrera\\\/souvenir-t-shirt\\\/#primaryimage\",\"url\":\"https:\\\/\\\/milano-sanremo.org\\\/wp-content\\\/uploads\\\/2026\\\/01\\\/maglia-milano-sanremo-2026.jpg\",\"contentUrl\":\"https:\\\/\\\/milano-sanremo.org\\\/wp-content\\\/uploads\\\/2026\\\/01\\\/maglia-milano-sanremo-2026.jpg\"},{\"@type\":\"BreadcrumbList\",\"@id\":\"https:\\\/\\\/milano-sanremo.org\\\/sv\\\/registrera\\\/souvenir-t-shirt\\\/#breadcrumb\",\"itemListElement\":[{\"@type\":\"ListItem\",\"position\":1,\"name\":\"Home\",\"item\":\"https:\\\/\\\/milano-sanremo.org\\\/sv\\\/\"},{\"@type\":\"ListItem\",\"position\":2,\"name\":\"REGISTRERA\",\"item\":\"https:\\\/\\\/milano-sanremo.org\\\/sv\\\/iscrizioni-2\\\/\"},{\"@type\":\"ListItem\",\"position\":3,\"name\":\"SOUVENIR-T-SHIRT\"}]},{\"@type\":\"WebSite\",\"@id\":\"https:\\\/\\\/milano-sanremo.org\\\/sv\\\/#website\",\"url\":\"https:\\\/\\\/milano-sanremo.org\\\/sv\\\/\",\"name\":\"MILANO SANREMO AMATORI 2026\",\"description\":\"MILANO SANREMO AMAT\u00d6RER 7 JUNI 2026 | OFFICIELL WEBBPLATS\",\"potentialAction\":[{\"@type\":\"SearchAction\",\"target\":{\"@type\":\"EntryPoint\",\"urlTemplate\":\"https:\\\/\\\/milano-sanremo.org\\\/sv\\\/?s={search_term_string}\"},\"query-input\":{\"@type\":\"PropertyValueSpecification\",\"valueRequired\":true,\"valueName\":\"search_term_string\"}}],\"inLanguage\":\"sv-SE\"}]}<\/script>\n<!-- \/ Yoast SEO plugin. -->","yoast_head_json":{"title":"SOUVENIR-T-SHIRT | MILANO SANREMO AMATORI 2026 | MILANO SANREMO AMAT\u00d6RER 7 JUNI 2026 | OFFICIELL WEBBPLATS","description":"SOUVENIR-T-SHIRT MILANO SANREMO AMATORI 2026","robots":{"index":"index","follow":"follow","max-snippet":"max-snippet:-1","max-image-preview":"max-image-preview:large","max-video-preview":"max-video-preview:-1"},"canonical":"https:\/\/milano-sanremo.org\/sv\/registrera\/souvenir-t-shirt\/","og_locale":"sv_SE","og_type":"article","og_title":"SOUVENIR-T-SHIRT | MILANO SANREMO AMATORI 2026 | MILANO SANREMO AMAT\u00d6RER 7 JUNI 2026 | OFFICIELL WEBBPLATS","og_description":"SOUVENIR-T-SHIRT MILANO SANREMO AMATORI 2026","og_url":"https:\/\/milano-sanremo.org\/sv\/registrera\/souvenir-t-shirt\/","og_site_name":"MILANO SANREMO AMATORI 2026","article_modified_time":"2026-01-30T11:29:48+00:00","og_image":[{"width":1920,"height":1080,"url":"https:\/\/milano-sanremo.org\/wp-content\/uploads\/2026\/01\/maglia-milano-sanremo-2026.jpg","type":"image\/jpeg"}],"twitter_card":"summary_large_image","twitter_misc":{"Ber\u00e4knad l\u00e4stid":"2 minuter"},"schema":{"@context":"https:\/\/schema.org","@graph":[{"@type":"WebPage","@id":"https:\/\/milano-sanremo.org\/sv\/registrera\/souvenir-t-shirt\/","url":"https:\/\/milano-sanremo.org\/sv\/registrera\/souvenir-t-shirt\/","name":"SOUVENIR-T-SHIRT | MILANO SANREMO AMATORI 2026 | MILANO SANREMO AMAT\u00d6RER 7 JUNI 2026 | OFFICIELL WEBBPLATS","isPartOf":{"@id":"https:\/\/milano-sanremo.org\/sv\/#website"},"primaryImageOfPage":{"@id":"https:\/\/milano-sanremo.org\/sv\/registrera\/souvenir-t-shirt\/#primaryimage"},"image":{"@id":"https:\/\/milano-sanremo.org\/sv\/registrera\/souvenir-t-shirt\/#primaryimage"},"thumbnailUrl":"https:\/\/milano-sanremo.org\/wp-content\/uploads\/2026\/01\/maglia-milano-sanremo-2026.jpg","datePublished":"2013-10-05T13:08:23+00:00","dateModified":"2026-01-30T11:29:48+00:00","description":"SOUVENIR-T-SHIRT MILANO SANREMO AMATORI 2026","breadcrumb":{"@id":"https:\/\/milano-sanremo.org\/sv\/registrera\/souvenir-t-shirt\/#breadcrumb"},"inLanguage":"sv-SE","potentialAction":[{"@type":"ReadAction","target":["https:\/\/milano-sanremo.org\/sv\/registrera\/souvenir-t-shirt\/"]}]},{"@type":"ImageObject","inLanguage":"sv-SE","@id":"https:\/\/milano-sanremo.org\/sv\/registrera\/souvenir-t-shirt\/#primaryimage","url":"https:\/\/milano-sanremo.org\/wp-content\/uploads\/2026\/01\/maglia-milano-sanremo-2026.jpg","contentUrl":"https:\/\/milano-sanremo.org\/wp-content\/uploads\/2026\/01\/maglia-milano-sanremo-2026.jpg"},{"@type":"BreadcrumbList","@id":"https:\/\/milano-sanremo.org\/sv\/registrera\/souvenir-t-shirt\/#breadcrumb","itemListElement":[{"@type":"ListItem","position":1,"name":"Home","item":"https:\/\/milano-sanremo.org\/sv\/"},{"@type":"ListItem","position":2,"name":"REGISTRERA","item":"https:\/\/milano-sanremo.org\/sv\/iscrizioni-2\/"},{"@type":"ListItem","position":3,"name":"SOUVENIR-T-SHIRT"}]},{"@type":"WebSite","@id":"https:\/\/milano-sanremo.org\/sv\/#website","url":"https:\/\/milano-sanremo.org\/sv\/","name":"MILANO SANREMO AMATORI 2026","description":"MILANO SANREMO AMAT\u00d6RER 7 JUNI 2026 | OFFICIELL WEBBPLATS","potentialAction":[{"@type":"SearchAction","target":{"@type":"EntryPoint","urlTemplate":"https:\/\/milano-sanremo.org\/sv\/?s={search_term_string}"},"query-input":{"@type":"PropertyValueSpecification","valueRequired":true,"valueName":"search_term_string"}}],"inLanguage":"sv-SE"}]}},"_links":{"self":[{"href":"https:\/\/milano-sanremo.org\/sv\/wp-json\/wp\/v2\/pages\/3907","targetHints":{"allow":["GET"]}}],"collection":[{"href":"https:\/\/milano-sanremo.org\/sv\/wp-json\/wp\/v2\/pages"}],"about":[{"href":"https:\/\/milano-sanremo.org\/sv\/wp-json\/wp\/v2\/types\/page"}],"author":[{"embeddable":true,"href":"https:\/\/milano-sanremo.org\/sv\/wp-json\/wp\/v2\/users\/1"}],"replies":[{"embeddable":true,"href":"https:\/\/milano-sanremo.org\/sv\/wp-json\/wp\/v2\/comments?post=3907"}],"version-history":[{"count":31,"href":"https:\/\/milano-sanremo.org\/sv\/wp-json\/wp\/v2\/pages\/3907\/revisions"}],"predecessor-version":[{"id":15425,"href":"https:\/\/milano-sanremo.org\/sv\/wp-json\/wp\/v2\/pages\/3907\/revisions\/15425"}],"up":[{"embeddable":true,"href":"https:\/\/milano-sanremo.org\/sv\/wp-json\/wp\/v2\/pages\/3903"}],"wp:attachment":[{"href":"https:\/\/milano-sanremo.org\/sv\/wp-json\/wp\/v2\/media?parent=3907"}],"curies":[{"name":"wp","href":"https:\/\/api.w.org\/{rel}","templated":true}]}}