{"id":3909,"date":"2013-10-05T13:35:51","date_gmt":"2013-10-05T13:35:51","guid":{"rendered":"http:\/\/milano-sanremo.org\/wordpress\/?page_id=3909"},"modified":"2025-10-23T13:18:36","modified_gmt":"2025-10-23T13:18:36","slug":"dagslicens","status":"publish","type":"page","link":"https:\/\/milano-sanremo.org\/sv\/registrera\/dagslicens\/","title":{"rendered":"DAGSLICENS"},"content":{"rendered":"<h3>F\u00f6r att delta i Milano-Sanremo Amatori cykelmaraton cyclosportive \u00e4r det obligatoriskt att vara medlem i ett cykelf\u00f6rbund anslutet till UCI. Om du inte \u00e4r det g\u00e5r det att best\u00e4lla en FCI-dagslicens.<\/h3>\n<p>Italienska och utl\u00e4ndska cyklister som inte har ett kort eller en licens utf\u00e4rdad av n\u00e5gon av de listade organisationerna kan k\u00f6pa en FCI-dagslicens som utf\u00e4rdas vid registreringen p\u00e5 v\u00e5r webbplats.<\/p>\n<h4><strong>&nbsp; FCI-dagslicens (utf\u00e4rdad av Italienska cykelf\u00f6rbundet) <\/strong><\/h4>\n<table style=\"width: 26.2474%;\" border=\"1\">\n<tbody>\n<tr style=\"background-color: #c1beb8;\" align=\"center\" valign=\"middle\">\n<td>&nbsp;<\/td>\n<td>cost<\/td>\n<td>valid until<\/td>\n<td>method of payment<\/td>\n<\/tr>\n<tr>\n<td>K\u00f6p vid registrering<\/td>\n<td>20\u20ac<\/td>\n<td>30 april<\/td>\n<td>Visa\/Mastercard-kreditkort<\/td>\n<\/tr>\n<\/tbody>\n<\/table>\n<h4><span style=\"color: #ff0000;\"> Sista anm\u00e4lningsdatum med dagslicens: 30 April.<\/span><\/h4>\n<p>In case the documents indicated in the registration phase are not validated by the organization it will not be possible to purchase a day license after registration after this deadline.<\/p>\n<h4>&nbsp;<\/h4>\n<h4>RESERVATIONSPOLICY<\/h4>\n<p>Dagslicens \u00e4r inte \u00e5terbetalningsbar.<\/p>\n<h4>&nbsp;<\/h4>\n<h4>UTANF\u00d6R ITALIEN<\/h4>\n<p style=\"text-align: center;\"><strong>Det MEDICINSKA T\u00c4VLINGCERTIFIKATET m\u00e5ste skrivas av en idrottsl\u00e4kare p\u00e5 basis av formul\u00e4ret som kan laddas ned fr\u00e5n f\u00f6ljande l\u00e4nk:<\/strong><\/p>\n<h3 style=\"text-align: center;\"><a href=\"https:\/\/www.classicissima.it\/wp-content\/uploads\/2018\/05\/Classicissima_Certificato_Medico_multi.pdf\" target=\"_blank\" rel=\"noopener noreferrer\"><strong>COMPETITIVE SPORTS MEDICAL CERTIFICATE FORM AND ETHICAL DECLARATION <\/strong><\/a><\/h3>\n<p style=\"text-align: center;\"><em id=\"__mceDel\">(giltig endast f\u00f6r utl\u00e4ndska cyklister).<\/em><\/p>\n<p>&nbsp;<\/p>\n<h4 style=\"text-align: center;\"><span style=\"color: #ff0000;\"> Gl\u00f6m inte att ta med dig ett originalintyg p\u00e5 utdelningsdagen av startpaket.<\/span><\/h4>\n<p>&nbsp;<\/p>\n<h3>DOCUMENTS REQUIRED FOR THE RACE BIB COLLECTION<\/h3>\n<p>&nbsp;<\/p>\n<h4>When the race packs are being distributed It is obligatory to present the original copy of a medical certificate for competitive sports, issued not more than six months before the event.<\/h4>\n<p>Otherwise it will not be possible in any way for you to take part in the race.<\/p>\n<p>However it will not be possible to make the purchase of a day license at the moment of collecting the race pack<\/p>\n","protected":false},"excerpt":{"rendered":"<p>F\u00f6r att delta i Milano-Sanremo Amatori cykelmaraton cyclosportive \u00e4r det obligatoriskt att vara medlem i ett cykelf\u00f6rbund anslutet till UCI. Om du inte \u00e4r det g\u00e5r det att best\u00e4lla en FCI-dagslicens. Italienska och utl\u00e4ndska cyklister som inte har ett kort eller en licens utf\u00e4rdad av n\u00e5gon av de listade organisationerna kan k\u00f6pa en FCI-dagslicens som [&hellip;]<\/p>\n","protected":false},"author":1,"featured_media":0,"parent":3903,"menu_order":0,"comment_status":"closed","ping_status":"closed","template":"","meta":{"_et_pb_use_builder":"","_et_pb_old_content":"","_et_gb_content_width":"","ngg_post_thumbnail":0,"footnotes":""},"class_list":["post-3909","page","type-page","status-publish","hentry"],"yoast_head":"<!-- This site is optimized with the Yoast SEO plugin v27.4 - https:\/\/yoast.com\/product\/yoast-seo-wordpress\/ -->\n<title>DAGSLICENS | MILANO SANREMO AMATORI 2026 | MILANO SANREMO AMAT\u00d6RER 7 JUNI 2026 | OFFICIELL WEBBPLATS<\/title>\n<meta name=\"description\" content=\"DAGSLICENS\" \/>\n<meta name=\"robots\" content=\"index, follow, max-snippet:-1, max-image-preview:large, max-video-preview:-1\" \/>\n<link rel=\"canonical\" href=\"https:\/\/milano-sanremo.org\/sv\/registrera\/dagslicens\/\" \/>\n<meta property=\"og:locale\" content=\"sv_SE\" \/>\n<meta property=\"og:type\" content=\"article\" \/>\n<meta property=\"og:title\" content=\"DAGSLICENS | MILANO SANREMO AMATORI 2026 | MILANO SANREMO AMAT\u00d6RER 7 JUNI 2026 | OFFICIELL WEBBPLATS\" \/>\n<meta property=\"og:description\" content=\"DAGSLICENS\" \/>\n<meta property=\"og:url\" content=\"https:\/\/milano-sanremo.org\/sv\/registrera\/dagslicens\/\" \/>\n<meta property=\"og:site_name\" content=\"MILANO SANREMO AMATORI 2026\" \/>\n<meta property=\"article:modified_time\" content=\"2025-10-23T13:18:36+00:00\" \/>\n<meta name=\"twitter:card\" content=\"summary_large_image\" \/>\n<meta name=\"twitter:label1\" content=\"Ber\u00e4knad l\u00e4stid\" \/>\n\t<meta name=\"twitter:data1\" content=\"2 minuter\" \/>\n<script type=\"application\/ld+json\" class=\"yoast-schema-graph\">{\"@context\":\"https:\\\/\\\/schema.org\",\"@graph\":[{\"@type\":\"WebPage\",\"@id\":\"https:\\\/\\\/milano-sanremo.org\\\/sv\\\/registrera\\\/dagslicens\\\/\",\"url\":\"https:\\\/\\\/milano-sanremo.org\\\/sv\\\/registrera\\\/dagslicens\\\/\",\"name\":\"DAGSLICENS | MILANO SANREMO AMATORI 2026 | MILANO SANREMO AMAT\u00d6RER 7 JUNI 2026 | OFFICIELL WEBBPLATS\",\"isPartOf\":{\"@id\":\"https:\\\/\\\/milano-sanremo.org\\\/sv\\\/#website\"},\"datePublished\":\"2013-10-05T13:35:51+00:00\",\"dateModified\":\"2025-10-23T13:18:36+00:00\",\"description\":\"DAGSLICENS\",\"breadcrumb\":{\"@id\":\"https:\\\/\\\/milano-sanremo.org\\\/sv\\\/registrera\\\/dagslicens\\\/#breadcrumb\"},\"inLanguage\":\"sv-SE\",\"potentialAction\":[{\"@type\":\"ReadAction\",\"target\":[\"https:\\\/\\\/milano-sanremo.org\\\/sv\\\/registrera\\\/dagslicens\\\/\"]}]},{\"@type\":\"BreadcrumbList\",\"@id\":\"https:\\\/\\\/milano-sanremo.org\\\/sv\\\/registrera\\\/dagslicens\\\/#breadcrumb\",\"itemListElement\":[{\"@type\":\"ListItem\",\"position\":1,\"name\":\"Home\",\"item\":\"https:\\\/\\\/milano-sanremo.org\\\/sv\\\/\"},{\"@type\":\"ListItem\",\"position\":2,\"name\":\"REGISTRERA\",\"item\":\"https:\\\/\\\/milano-sanremo.org\\\/sv\\\/iscrizioni-2\\\/\"},{\"@type\":\"ListItem\",\"position\":3,\"name\":\"DAGSLICENS\"}]},{\"@type\":\"WebSite\",\"@id\":\"https:\\\/\\\/milano-sanremo.org\\\/sv\\\/#website\",\"url\":\"https:\\\/\\\/milano-sanremo.org\\\/sv\\\/\",\"name\":\"MILANO SANREMO AMATORI 2026\",\"description\":\"MILANO SANREMO AMAT\u00d6RER 7 JUNI 2026 | OFFICIELL WEBBPLATS\",\"potentialAction\":[{\"@type\":\"SearchAction\",\"target\":{\"@type\":\"EntryPoint\",\"urlTemplate\":\"https:\\\/\\\/milano-sanremo.org\\\/sv\\\/?s={search_term_string}\"},\"query-input\":{\"@type\":\"PropertyValueSpecification\",\"valueRequired\":true,\"valueName\":\"search_term_string\"}}],\"inLanguage\":\"sv-SE\"}]}<\/script>\n<!-- \/ Yoast SEO plugin. -->","yoast_head_json":{"title":"DAGSLICENS | MILANO SANREMO AMATORI 2026 | MILANO SANREMO AMAT\u00d6RER 7 JUNI 2026 | OFFICIELL WEBBPLATS","description":"DAGSLICENS","robots":{"index":"index","follow":"follow","max-snippet":"max-snippet:-1","max-image-preview":"max-image-preview:large","max-video-preview":"max-video-preview:-1"},"canonical":"https:\/\/milano-sanremo.org\/sv\/registrera\/dagslicens\/","og_locale":"sv_SE","og_type":"article","og_title":"DAGSLICENS | MILANO SANREMO AMATORI 2026 | MILANO SANREMO AMAT\u00d6RER 7 JUNI 2026 | OFFICIELL WEBBPLATS","og_description":"DAGSLICENS","og_url":"https:\/\/milano-sanremo.org\/sv\/registrera\/dagslicens\/","og_site_name":"MILANO SANREMO AMATORI 2026","article_modified_time":"2025-10-23T13:18:36+00:00","twitter_card":"summary_large_image","twitter_misc":{"Ber\u00e4knad l\u00e4stid":"2 minuter"},"schema":{"@context":"https:\/\/schema.org","@graph":[{"@type":"WebPage","@id":"https:\/\/milano-sanremo.org\/sv\/registrera\/dagslicens\/","url":"https:\/\/milano-sanremo.org\/sv\/registrera\/dagslicens\/","name":"DAGSLICENS | MILANO SANREMO AMATORI 2026 | MILANO SANREMO AMAT\u00d6RER 7 JUNI 2026 | OFFICIELL WEBBPLATS","isPartOf":{"@id":"https:\/\/milano-sanremo.org\/sv\/#website"},"datePublished":"2013-10-05T13:35:51+00:00","dateModified":"2025-10-23T13:18:36+00:00","description":"DAGSLICENS","breadcrumb":{"@id":"https:\/\/milano-sanremo.org\/sv\/registrera\/dagslicens\/#breadcrumb"},"inLanguage":"sv-SE","potentialAction":[{"@type":"ReadAction","target":["https:\/\/milano-sanremo.org\/sv\/registrera\/dagslicens\/"]}]},{"@type":"BreadcrumbList","@id":"https:\/\/milano-sanremo.org\/sv\/registrera\/dagslicens\/#breadcrumb","itemListElement":[{"@type":"ListItem","position":1,"name":"Home","item":"https:\/\/milano-sanremo.org\/sv\/"},{"@type":"ListItem","position":2,"name":"REGISTRERA","item":"https:\/\/milano-sanremo.org\/sv\/iscrizioni-2\/"},{"@type":"ListItem","position":3,"name":"DAGSLICENS"}]},{"@type":"WebSite","@id":"https:\/\/milano-sanremo.org\/sv\/#website","url":"https:\/\/milano-sanremo.org\/sv\/","name":"MILANO SANREMO AMATORI 2026","description":"MILANO SANREMO AMAT\u00d6RER 7 JUNI 2026 | OFFICIELL WEBBPLATS","potentialAction":[{"@type":"SearchAction","target":{"@type":"EntryPoint","urlTemplate":"https:\/\/milano-sanremo.org\/sv\/?s={search_term_string}"},"query-input":{"@type":"PropertyValueSpecification","valueRequired":true,"valueName":"search_term_string"}}],"inLanguage":"sv-SE"}]}},"_links":{"self":[{"href":"https:\/\/milano-sanremo.org\/sv\/wp-json\/wp\/v2\/pages\/3909","targetHints":{"allow":["GET"]}}],"collection":[{"href":"https:\/\/milano-sanremo.org\/sv\/wp-json\/wp\/v2\/pages"}],"about":[{"href":"https:\/\/milano-sanremo.org\/sv\/wp-json\/wp\/v2\/types\/page"}],"author":[{"embeddable":true,"href":"https:\/\/milano-sanremo.org\/sv\/wp-json\/wp\/v2\/users\/1"}],"replies":[{"embeddable":true,"href":"https:\/\/milano-sanremo.org\/sv\/wp-json\/wp\/v2\/comments?post=3909"}],"version-history":[{"count":17,"href":"https:\/\/milano-sanremo.org\/sv\/wp-json\/wp\/v2\/pages\/3909\/revisions"}],"predecessor-version":[{"id":14905,"href":"https:\/\/milano-sanremo.org\/sv\/wp-json\/wp\/v2\/pages\/3909\/revisions\/14905"}],"up":[{"embeddable":true,"href":"https:\/\/milano-sanremo.org\/sv\/wp-json\/wp\/v2\/pages\/3903"}],"wp:attachment":[{"href":"https:\/\/milano-sanremo.org\/sv\/wp-json\/wp\/v2\/media?parent=3909"}],"curies":[{"name":"wp","href":"https:\/\/api.w.org\/{rel}","templated":true}]}}