{"id":3938,"date":"2013-10-05T17:00:17","date_gmt":"2013-10-05T17:00:17","guid":{"rendered":"http:\/\/milano-sanremo.org\/wordpress\/?page_id=3938"},"modified":"2018-12-19T11:52:42","modified_gmt":"2018-12-19T11:52:42","slug":"hotell","status":"publish","type":"page","link":"https:\/\/milano-sanremo.org\/sv\/resa\/hotell\/","title":{"rendered":"HOTELL"},"content":{"rendered":"<h2>F\u00f6r att kunna erbjuda deltagarna i milano-sanremo cykelmaraton alla t\u00e4nkbara bekv\u00e4mligheter har vi har inlett mycket f\u00f6rm\u00e5nliga samarbeten med n\u00e5gra av hotellen i st\u00e4derna.<\/h2>\n<h4>Alla hotell som publiceras p\u00e5 webbplatsen \u00e4r EXKLUSIVA f\u00f6r oss och erbjuder alla deltagare i evenemanget SPECIALPRISER, tack vare faktumet att vi arrangerar ett stort antal \u00f6vernattningar.<\/h4>\n<p style=\"text-align: center;\"><a href='https:\/\/booking.milano-sanremo.org\/index.php?lang=en' class='small-button smallbluebtn_red'>BOKA NU!<\/a><\/p>\n<p>&nbsp;<\/p>\n<p><strong>SPECIALPRISER<br \/>\n<\/strong>Giltiga endast f\u00f6r bokningar gjorda direkt genom v\u00e5r webbplats<\/p>\n<table style=\"width: 100%;\">\n<thead>\n<tr>\n<th style=\"width: 15%; background-color: red;\"><span style=\"font-size: 12px; color: white;\">Stad<\/span><\/th>\n<th style=\"width: 15%; background-color: red;\"><span style=\"font-size: 12px; color: white;\">Boende<\/span><\/th>\n<th style=\"width: 15%; background-color: red;\"><span style=\"font-size: 12px; color: white;\">SHARED DUBBELRUM<\/span><\/th>\n<th style=\"width: 15%; background-color: red;\"><span style=\"font-size: 12px; color: white;\">ENKELRUM<\/span><\/th>\n<th style=\"width: 15%; background-color: red;\"><span style=\"font-size: 12px; color: white;\">DUBBELRUM<\/span><\/th>\n<th style=\"width: 15%; background-color: red;\"><span style=\"font-size: 12px; color: white;\">RUM MED 3 S\u00c4NGAR<\/span><\/th>\n<\/tr>\n<tr>\n<td><span style=\"font-family: Arial; font-size: small;\"><span style=\"text-decoration: underline;\">Hotel Ripamonti, Pieve Emanuele<\/span><\/span><\/td>\n<td>bed and<br \/>\nbreakfast<\/td>\n<td style=\"text-align: center;\">66.00\u20ac<\/td>\n<td style=\"text-align: center;\">95.00\u20ac<\/td>\n<td style=\"text-align: center;\">57.50\u20ac<\/td>\n<td style=\"text-align: center;\">58.30\u20ac<\/td>\n<\/tr>\n<tr>\n<td>&nbsp;<\/td>\n<td>halvpension<\/td>\n<td style=\"text-align: center;\">95.00\u20ac<\/td>\n<td style=\"text-align: center;\">124.00\u20ac<\/td>\n<td style=\"text-align: center;\">86.50 \u20ac<\/td>\n<td style=\"text-align: center;\">87.30 \u20ac<\/td>\n<\/tr>\n<tr>\n<td>SANREMO HOTELL&nbsp;&nbsp;&nbsp;&nbsp; 4 stj\u00e4rnor<\/td>\n<td>bed and<br \/>\nbreakfast<\/td>\n<td style=\"text-align: center;\">62.00 \u20ac<\/td>\n<td style=\"text-align: center;\">78.00 \u20ac<\/td>\n<td style=\"text-align: center;\">54.00 \u20ac<\/td>\n<td style=\"text-align: center;\">36.00 \u20ac<\/td>\n<\/tr>\n<tr>\n<td>&nbsp;<\/td>\n<td>halvpension<\/td>\n<td style=\"text-align: center;\">84.00 \u20ac<\/td>\n<td style=\"text-align: center;\">100.00 \u20ac<\/td>\n<td style=\"text-align: center;\">76.00 \u20ac<\/td>\n<td style=\"text-align: center;\">68.00 \u20ac<\/td>\n<\/tr>\n<\/thead>\n<\/table>\n<p>&nbsp;<\/p>\n<p style=\"text-align: center;\"><strong>*Priserna \u00e4r per person och per natt<\/strong><\/p>\n<p style=\"text-align: center;\"><strong>Turistskatt p\u00e5 2,40 \u20ac \u00e4r inte inkluderat: betalas lokalt<\/strong><\/p>\n<p>&nbsp;<\/p>\n<p><strong>TIDIG BOKNINGSAVGIFT<\/strong><\/p>\n<p>Den tidiga bokningsavgiften g\u00e4ller reservationer som \u00e4r placerade och fullt betalda innan 31 januari. Den tidiga bokningsavgiften \u00e4r inte \u00e5terbetalningsbar, vare sig den anv\u00e4nds eller inte, oavsett anledning.<\/p>\n<table style=\"width: 100%;\">\n<thead>\n<tr>\n<th style=\"width: 15%; background-color: red;\"><span style=\"font-size: 12px; color: white;\">Stad<\/span><\/th>\n<th style=\"width: 15%; background-color: red;\"><span style=\"font-size: 12px; color: white;\">Boende<\/span><\/th>\n<th style=\"width: 15%; background-color: red;\"><span style=\"font-size: 12px; color: white;\">SHARED DUBBELRUM<\/span><\/th>\n<th style=\"width: 15%; background-color: red;\"><span style=\"font-size: 12px; color: white;\">ENKELRUM<\/span><\/th>\n<th style=\"width: 15%; background-color: red;\"><span style=\"font-size: 12px; color: white;\">DUBBELRUM<\/span><\/th>\n<th style=\"width: 15%; background-color: red;\"><span style=\"font-size: 12px; color: white;\">RUM MED 3 S\u00c4NGAR<\/span><\/th>\n<\/tr>\n<tr>\n<td><span style=\"font-family: Arial; font-size: small;\"><span style=\"text-decoration: underline;\">Hotel Ripamonti, Pieve Emanuele<\/span><\/span><\/td>\n<td>bed and<br \/>\nbreakfast<\/td>\n<td style=\"text-align: center;\">60.00 \u20ac<\/td>\n<td style=\"text-align: center;\">86.00 \u20ac<\/td>\n<td style=\"text-align: center;\">52.00 \u20ac<\/td>\n<td style=\"text-align: center;\">52.60 \u20ac<\/td>\n<\/tr>\n<tr>\n<td>&nbsp;<\/td>\n<td>halvpension<\/td>\n<td style=\"text-align: center;\">88.00 \u20ac<\/td>\n<td style=\"text-align: center;\">114.00 \u20ac<\/td>\n<td style=\"text-align: center;\">80.00 \u20ac<\/td>\n<td style=\"text-align: center;\">80.60 \u20ac<\/td>\n<\/tr>\n<tr>\n<td>SANREMO HOTELL 4 stj\u00e4rnor<\/td>\n<td>bed and<br \/>\nbreakfast<\/td>\n<td style=\"text-align: center;\">60.00 \u20ac<\/td>\n<td style=\"text-align: center;\">86.00 \u20ac<\/td>\n<td style=\"text-align: center;\">52.00 \u20ac<\/td>\n<td style=\"text-align: center;\">52.60 \u20ac<\/td>\n<\/tr>\n<tr>\n<td>&nbsp;<\/td>\n<td>halvpension<\/td>\n<td style=\"text-align: center;\">88.00 \u20ac<\/td>\n<td style=\"text-align: center;\">114 \u20ac<\/td>\n<td style=\"text-align: center;\">80.00 \u20ac<\/td>\n<td style=\"text-align: center;\">80.60 \u20ac<\/td>\n<\/tr>\n<\/thead>\n<\/table>\n<p>V\u00e5ra hotell i MILANO erbjuder<\/p>\n<ul>\n<li>\n<p style=\"margin-bottom: 0cm;\">m\u00f6jlighet att ta med cykeln in p\u00e5 rummet eller st\u00e4lla den i ett l\u00e5st rum<\/p>\n<\/li>\n<li>\n<p style=\"margin-bottom: 0cm;\">frukost p\u00e5 dagen f\u00f6r loppet kl. 05:00, med pasta och ris f\u00f6r dina kolhydratbehov<\/p>\n<\/li>\n<li>middagsbuff\u00e9 dagen f\u00f6re loppet med mycket kolhydrater (endast f\u00f6r de som har valt halvpension)<\/li>\n<li>middag p\u00e5 rummet dagen f\u00f6r loppet f\u00f6r de som \u00e5ker tillbaka till Milano med organisationens buss (endast f\u00f6r de som har valt halvpension)<\/li>\n<\/ul>\n<h4><span style=\"color: #ff0000;\">Omr\u00e5det Hotel Ripamonti, d\u00e4r starten kommer att \u00e4ga rum, \u00e4r ett aff\u00e4rsdistrikt med stora sportanl\u00e4ggningar och ett shoppingcentrum med ett begr\u00e4nsat antal restauranger. Vi rekommenderar d\u00e4rf\u00f6r starkt att du bokar halvpension i f\u00f6rv\u00e4g; detta g\u00f6r att hotellen f\u00e5r tillr\u00e4ckligt med tid att planera exempelvis middagen.<br \/>\n<\/span><\/h4>\n<p>I SANREMO erbjuds f\u00f6ljande:<\/p>\n<ul>\n<li>\n<p style=\"margin-bottom: 0cm;\">gratis transport f\u00f6r dig och din cykel fr\u00e5n Palafiori (loppets slutpunkt) till de anslutna hotellen<\/p>\n<\/li>\n<li>m\u00f6jlighet att ta med dig din cykel in p\u00e5 rummet eller st\u00e4lla den i ett l\u00e5st rum<\/li>\n<li>middag p\u00e5 dagen f\u00f6r loppet, serverad till kl. 21:30 (endast f\u00f6r de som har valt halvpension)<\/li>\n<\/ul>\n<p><span style=\"text-decoration: underline;\">V\u00e4nligen observera<\/span><br \/>\nMed h\u00e4nsyn till hur mycket det h\u00e4r evenemanget har v\u00e4xt planerar vi nu att ha ett st\u00f6rre antal anslutna hotell \u00e4n tidigare \u00e5r. Det kan bli n\u00f6dv\u00e4ndigt att sluta nya avtal med andra hotell under \u00e5ret och information om detta kommer att laddas upp senare p\u00e5 webbplatsen<\/p>\n<p>Likas\u00e5 \u00e4r det inte alltid m\u00f6jligt att ge alla deras f\u00f6rsta bokningsval, till exempel typen av s\u00e4ngar i dubbelrummen (dubbels\u00e4ng eller tv\u00e5 enkels\u00e4ngar).<\/p>\n<p>&nbsp;<\/p>\n<p><strong>HOTELLKUPONG<\/strong><\/p>\n<p>F\u00f6rdelningen av hotell kommer att ske under maj.<\/p>\n<p>Fr\u00e5n 15 maj kommer hotellkuponger att finnas p\u00e5 registreringssidan p\u00e5 webbplatsen. Dessa m\u00e5ste visas i receptionen n\u00e4r du anl\u00e4nder till hotellet.<\/p>\n<ol>\n<li>Klicka p\u00e5 &#8221;registrera&#8221; (&#8221;iscriviti&#8221;)-knappen.<\/li>\n<li>Ange dina uppgifter (anv\u00e4ndarnamn och l\u00f6senord).<\/li>\n<li>Klicka p\u00e5 l\u00e4nken &#8221;Kontohantering &amp; Kuponger&#8221; (i v\u00e4nsterkolumnen).<\/li>\n<li>Klicka p\u00e5 l\u00e4nken &#8221;Kupong hotell Sanremo&#8221; eller &#8221;Kupong hotell Milano&#8221;.<\/li>\n<li>Skriv ut<\/li>\n<\/ol>\n<p>&nbsp;<\/p>\n<p><strong>STRAFFAVGIFTER VID AVBEST\u00c4LLNING<\/strong><\/p>\n<p><a href=\"https:\/\/milano-sanremo.org\/sv\/information\/reservationspolicy\/\" target=\"_blank\" rel=\"noopener\">Bokningsregler<\/a><\/p>\n","protected":false},"excerpt":{"rendered":"<p>F\u00f6r att kunna erbjuda deltagarna i milano-sanremo cykelmaraton alla t\u00e4nkbara bekv\u00e4mligheter har vi har inlett mycket f\u00f6rm\u00e5nliga samarbeten med n\u00e5gra av hotellen i st\u00e4derna. Alla hotell som publiceras p\u00e5 webbplatsen \u00e4r EXKLUSIVA f\u00f6r oss och erbjuder alla deltagare i evenemanget SPECIALPRISER, tack vare faktumet att vi arrangerar ett stort antal \u00f6vernattningar. &nbsp; SPECIALPRISER Giltiga endast [&hellip;]<\/p>\n","protected":false},"author":1,"featured_media":0,"parent":3913,"menu_order":0,"comment_status":"closed","ping_status":"closed","template":"","meta":{"_et_pb_use_builder":"","_et_pb_old_content":"","_et_gb_content_width":"","ngg_post_thumbnail":0,"footnotes":""},"class_list":["post-3938","page","type-page","status-publish","hentry"],"yoast_head":"<!-- This site is optimized with the Yoast SEO plugin v27.4 - https:\/\/yoast.com\/product\/yoast-seo-wordpress\/ -->\n<title>HOTELL | MILANO SANREMO AMATORI 2026 | MILANO SANREMO AMAT\u00d6RER 7 JUNI 2026 | OFFICIELL WEBBPLATS<\/title>\n<meta name=\"description\" content=\"HOTELL\" \/>\n<meta name=\"robots\" content=\"index, follow, max-snippet:-1, max-image-preview:large, max-video-preview:-1\" \/>\n<link rel=\"canonical\" href=\"https:\/\/milano-sanremo.org\/sv\/resa\/hotell\/\" \/>\n<meta property=\"og:locale\" content=\"sv_SE\" \/>\n<meta property=\"og:type\" content=\"article\" \/>\n<meta property=\"og:title\" content=\"HOTELL | MILANO SANREMO AMATORI 2026 | MILANO SANREMO AMAT\u00d6RER 7 JUNI 2026 | OFFICIELL WEBBPLATS\" \/>\n<meta property=\"og:description\" content=\"HOTELL\" \/>\n<meta property=\"og:url\" content=\"https:\/\/milano-sanremo.org\/sv\/resa\/hotell\/\" \/>\n<meta property=\"og:site_name\" content=\"MILANO SANREMO AMATORI 2026\" \/>\n<meta property=\"article:modified_time\" content=\"2018-12-19T11:52:42+00:00\" \/>\n<meta name=\"twitter:card\" content=\"summary_large_image\" \/>\n<meta name=\"twitter:label1\" content=\"Ber\u00e4knad l\u00e4stid\" \/>\n\t<meta name=\"twitter:data1\" content=\"3 minuter\" \/>\n<script type=\"application\/ld+json\" class=\"yoast-schema-graph\">{\"@context\":\"https:\\\/\\\/schema.org\",\"@graph\":[{\"@type\":\"WebPage\",\"@id\":\"https:\\\/\\\/milano-sanremo.org\\\/sv\\\/resa\\\/hotell\\\/\",\"url\":\"https:\\\/\\\/milano-sanremo.org\\\/sv\\\/resa\\\/hotell\\\/\",\"name\":\"HOTELL | MILANO SANREMO AMATORI 2026 | MILANO SANREMO AMAT\u00d6RER 7 JUNI 2026 | OFFICIELL WEBBPLATS\",\"isPartOf\":{\"@id\":\"https:\\\/\\\/milano-sanremo.org\\\/sv\\\/#website\"},\"datePublished\":\"2013-10-05T17:00:17+00:00\",\"dateModified\":\"2018-12-19T11:52:42+00:00\",\"description\":\"HOTELL\",\"breadcrumb\":{\"@id\":\"https:\\\/\\\/milano-sanremo.org\\\/sv\\\/resa\\\/hotell\\\/#breadcrumb\"},\"inLanguage\":\"sv-SE\",\"potentialAction\":[{\"@type\":\"ReadAction\",\"target\":[\"https:\\\/\\\/milano-sanremo.org\\\/sv\\\/resa\\\/hotell\\\/\"]}]},{\"@type\":\"BreadcrumbList\",\"@id\":\"https:\\\/\\\/milano-sanremo.org\\\/sv\\\/resa\\\/hotell\\\/#breadcrumb\",\"itemListElement\":[{\"@type\":\"ListItem\",\"position\":1,\"name\":\"Home\",\"item\":\"https:\\\/\\\/milano-sanremo.org\\\/sv\\\/\"},{\"@type\":\"ListItem\",\"position\":2,\"name\":\"RESA\",\"item\":\"https:\\\/\\\/milano-sanremo.org\\\/sv\\\/viaggio\\\/\"},{\"@type\":\"ListItem\",\"position\":3,\"name\":\"HOTELL\"}]},{\"@type\":\"WebSite\",\"@id\":\"https:\\\/\\\/milano-sanremo.org\\\/sv\\\/#website\",\"url\":\"https:\\\/\\\/milano-sanremo.org\\\/sv\\\/\",\"name\":\"MILANO SANREMO AMATORI 2026\",\"description\":\"MILANO SANREMO AMAT\u00d6RER 7 JUNI 2026 | OFFICIELL WEBBPLATS\",\"potentialAction\":[{\"@type\":\"SearchAction\",\"target\":{\"@type\":\"EntryPoint\",\"urlTemplate\":\"https:\\\/\\\/milano-sanremo.org\\\/sv\\\/?s={search_term_string}\"},\"query-input\":{\"@type\":\"PropertyValueSpecification\",\"valueRequired\":true,\"valueName\":\"search_term_string\"}}],\"inLanguage\":\"sv-SE\"}]}<\/script>\n<!-- \/ Yoast SEO plugin. -->","yoast_head_json":{"title":"HOTELL | MILANO SANREMO AMATORI 2026 | MILANO SANREMO AMAT\u00d6RER 7 JUNI 2026 | OFFICIELL WEBBPLATS","description":"HOTELL","robots":{"index":"index","follow":"follow","max-snippet":"max-snippet:-1","max-image-preview":"max-image-preview:large","max-video-preview":"max-video-preview:-1"},"canonical":"https:\/\/milano-sanremo.org\/sv\/resa\/hotell\/","og_locale":"sv_SE","og_type":"article","og_title":"HOTELL | MILANO SANREMO AMATORI 2026 | MILANO SANREMO AMAT\u00d6RER 7 JUNI 2026 | OFFICIELL WEBBPLATS","og_description":"HOTELL","og_url":"https:\/\/milano-sanremo.org\/sv\/resa\/hotell\/","og_site_name":"MILANO SANREMO AMATORI 2026","article_modified_time":"2018-12-19T11:52:42+00:00","twitter_card":"summary_large_image","twitter_misc":{"Ber\u00e4knad l\u00e4stid":"3 minuter"},"schema":{"@context":"https:\/\/schema.org","@graph":[{"@type":"WebPage","@id":"https:\/\/milano-sanremo.org\/sv\/resa\/hotell\/","url":"https:\/\/milano-sanremo.org\/sv\/resa\/hotell\/","name":"HOTELL | MILANO SANREMO AMATORI 2026 | MILANO SANREMO AMAT\u00d6RER 7 JUNI 2026 | OFFICIELL WEBBPLATS","isPartOf":{"@id":"https:\/\/milano-sanremo.org\/sv\/#website"},"datePublished":"2013-10-05T17:00:17+00:00","dateModified":"2018-12-19T11:52:42+00:00","description":"HOTELL","breadcrumb":{"@id":"https:\/\/milano-sanremo.org\/sv\/resa\/hotell\/#breadcrumb"},"inLanguage":"sv-SE","potentialAction":[{"@type":"ReadAction","target":["https:\/\/milano-sanremo.org\/sv\/resa\/hotell\/"]}]},{"@type":"BreadcrumbList","@id":"https:\/\/milano-sanremo.org\/sv\/resa\/hotell\/#breadcrumb","itemListElement":[{"@type":"ListItem","position":1,"name":"Home","item":"https:\/\/milano-sanremo.org\/sv\/"},{"@type":"ListItem","position":2,"name":"RESA","item":"https:\/\/milano-sanremo.org\/sv\/viaggio\/"},{"@type":"ListItem","position":3,"name":"HOTELL"}]},{"@type":"WebSite","@id":"https:\/\/milano-sanremo.org\/sv\/#website","url":"https:\/\/milano-sanremo.org\/sv\/","name":"MILANO SANREMO AMATORI 2026","description":"MILANO SANREMO AMAT\u00d6RER 7 JUNI 2026 | OFFICIELL WEBBPLATS","potentialAction":[{"@type":"SearchAction","target":{"@type":"EntryPoint","urlTemplate":"https:\/\/milano-sanremo.org\/sv\/?s={search_term_string}"},"query-input":{"@type":"PropertyValueSpecification","valueRequired":true,"valueName":"search_term_string"}}],"inLanguage":"sv-SE"}]}},"_links":{"self":[{"href":"https:\/\/milano-sanremo.org\/sv\/wp-json\/wp\/v2\/pages\/3938","targetHints":{"allow":["GET"]}}],"collection":[{"href":"https:\/\/milano-sanremo.org\/sv\/wp-json\/wp\/v2\/pages"}],"about":[{"href":"https:\/\/milano-sanremo.org\/sv\/wp-json\/wp\/v2\/types\/page"}],"author":[{"embeddable":true,"href":"https:\/\/milano-sanremo.org\/sv\/wp-json\/wp\/v2\/users\/1"}],"replies":[{"embeddable":true,"href":"https:\/\/milano-sanremo.org\/sv\/wp-json\/wp\/v2\/comments?post=3938"}],"version-history":[{"count":25,"href":"https:\/\/milano-sanremo.org\/sv\/wp-json\/wp\/v2\/pages\/3938\/revisions"}],"predecessor-version":[{"id":3965,"href":"https:\/\/milano-sanremo.org\/sv\/wp-json\/wp\/v2\/pages\/3938\/revisions\/3965"}],"up":[{"embeddable":true,"href":"https:\/\/milano-sanremo.org\/sv\/wp-json\/wp\/v2\/pages\/3913"}],"wp:attachment":[{"href":"https:\/\/milano-sanremo.org\/sv\/wp-json\/wp\/v2\/media?parent=3938"}],"curies":[{"name":"wp","href":"https:\/\/api.w.org\/{rel}","templated":true}]}}