{"id":3948,"date":"2013-10-05T17:55:54","date_gmt":"2013-10-05T17:55:54","guid":{"rendered":"http:\/\/milano-sanremo.org\/wordpress\/?page_id=3948"},"modified":"2026-03-25T13:18:30","modified_gmt":"2026-03-25T13:18:30","slug":"nyala-bike-hotel","status":"publish","type":"page","link":"https:\/\/milano-sanremo.org\/sv\/resa\/hotell\/nyala-bike-hotel\/","title":{"rendered":"HOTELL I SAN REMO"},"content":{"rendered":"<p>[et_pb_section fb_built=&#8221;1&#8243; admin_label=&#8221;section&#8221; _builder_version=&#8221;4.16&#8243; global_colors_info=&#8221;{}&#8221;][et_pb_row _builder_version=&#8221;4.19.5&#8243; background_size=&#8221;initial&#8221; background_position=&#8221;top_left&#8221; background_repeat=&#8221;repeat&#8221; locked=&#8221;off&#8221; global_colors_info=&#8221;{}&#8221;][et_pb_column type=&#8221;4_4&#8243; _builder_version=&#8221;4.16&#8243; custom_padding=&#8221;|||&#8221; global_colors_info=&#8221;{}&#8221; custom_padding__hover=&#8221;|||&#8221;][et_pb_text admin_label=&#8221;Sottotitolo&#8221; _builder_version=&#8221;4.19.5&#8243; background_size=&#8221;initial&#8221; background_position=&#8221;top_left&#8221; background_repeat=&#8221;repeat&#8221; global_colors_info=&#8221;{}&#8221;]<\/p>\n<h2 style=\"text-align: center;\">BOKA DET OFFICIELLA HOTELLET F\u00d6R EVENEMANGET ENDAST P\u00c5 V\u00c5R WEBBPLATS!<\/h2>\n<p>[\/et_pb_text][et_pb_text admin_label=&#8221;Servizi&#8221; _builder_version=&#8221;4.19.5&#8243; _module_preset=&#8221;default&#8221; global_colors_info=&#8221;{}&#8221;]<\/p>\n<h3><span style=\"color: #ff0000;\">EXKLUSIVA TJ\u00c4NSTER SOM \u00c4R RESERVERADE<br \/>F\u00d6R DELTAGARE SOM BOKAR P\u00c5 V\u00c5R WEBBPLATS<\/span><\/h3>\n<ul>\n<li><strong><span style=\"color: #ff0000; font-size: large;\">gratis transport f\u00f6r dig och din cykel fr\u00e5n Palafiori (loppets slutpunkt) till de anslutna hotellen<br \/><\/span><\/strong><\/li>\n<li><strong><span style=\"color: #ff0000; font-size: large;\">m\u00f6jlighet att ta med dig din cykel in p\u00e5 rummet eller st\u00e4lla den i ett l\u00e5st rum<\/span><\/strong><\/li>\n<li><strong><span style=\"color: #ff0000; font-size: large;\">middag p\u00e5 dagen f\u00f6r loppet, serverad till kl. 21:30 (endast f\u00f6r de som har valt halvpension)<\/span><\/strong><\/li>\n<\/ul>\n<p>V\u00e4nligen observera att<br \/>Det \u00e4r inte alltid m\u00f6jligt att ge alla sitt f\u00f6rsta val av bokning, t.ex. typen av s\u00e4ngar i dubbelrum (dubbelrum eller tv\u00e5b\u00e4ddsrum).<\/p>\n<p>[\/et_pb_text][\/et_pb_column][\/et_pb_row][et_pb_row _builder_version=&#8221;4.19.5&#8243; _module_preset=&#8221;default&#8221; width=&#8221;100%&#8221; locked=&#8221;off&#8221; global_colors_info=&#8221;{}&#8221;][et_pb_column type=&#8221;4_4&#8243; _builder_version=&#8221;4.19.5&#8243; _module_preset=&#8221;default&#8221; global_colors_info=&#8221;{}&#8221;][et_pb_text admin_label=&#8221;Sottotitolo&#8221; _builder_version=&#8221;4.19.5&#8243; background_size=&#8221;initial&#8221; background_position=&#8221;top_left&#8221; background_repeat=&#8221;repeat&#8221; global_colors_info=&#8221;{}&#8221;]<\/p>\n<h2 style=\"text-align: center;\">Cykelhotell Sanremo &#8211; Exklusivt f\u00f6r evenemanget.<\/h2>\n<p>[\/et_pb_text][et_pb_pricing_tables featured_table_header_background_color=&#8221;#E02B20&#8243; header_background_color=&#8221;#E02B20&#8243; _builder_version=&#8221;4.19.5&#8243; _module_preset=&#8221;default&#8221; body_text_align=&#8221;center&#8221; width=&#8221;100%&#8221; custom_padding=&#8221;0px|||||&#8221; locked=&#8221;off&#8221; global_colors_info=&#8221;{}&#8221;][et_pb_pricing_table title=&#8221;ENKELRUM &#8221; currency=&#8221;\u20ac&#8221; per=&#8221;per person och natt&#8221; sum=&#8221;180,00&#8243; button_url=&#8221;https:\/\/www.runtosanremo.it\/en\/granfondo-milano-sanremo\/&#8221; url_new_window=&#8221;on&#8221; button_text=&#8221;BOKA NU&#8221; header_background_color=&#8221;#E02B20&#8243; _builder_version=&#8221;4.19.5&#8243; _module_preset=&#8221;default&#8221; header_level=&#8221;h1&#8243; custom_padding=&#8221;10px||||false|false&#8221; global_colors_info=&#8221;{}&#8221; per__hover_enabled=&#8221;off|desktop&#8221; sticky_transition=&#8221;on&#8221;]<\/p>\n<p>V\u00e5r exklusiva erbjudande f\u00f6r MILANO SANREMO CYCLOSPORTIVE.<br \/>L\u00f6sning: ENKELRUM (F\u00d6R 1 PERSON)<br \/>Frukost ing\u00e5r<\/p>\n<p>[\/et_pb_pricing_table][et_pb_pricing_table title=&#8221;DUBBELRUM &#8221; currency=&#8221;\u20ac&#8221; per=&#8221;per person och natt&#8221; sum=&#8221;140,00&#8243; button_url=&#8221;https:\/\/www.runtosanremo.it\/en\/granfondo-milano-sanremo\/&#8221; url_new_window=&#8221;on&#8221; button_text=&#8221;BOKA NU&#8221; header_background_color=&#8221;#E02B20&#8243; _builder_version=&#8221;4.19.5&#8243; _module_preset=&#8221;default&#8221; header_level=&#8221;h1&#8243; custom_padding=&#8221;10px||||false|false&#8221; global_colors_info=&#8221;{}&#8221; sticky_transition=&#8221;on&#8221;]<\/p>\n<p>V\u00e5r exklusiva erbjudande f\u00f6r MILANO SANREMO CYCLOSPORTIVE.<br \/>L\u00f6sning: DUBBELRUM (f\u00f6r 2 personer)<br \/>Frukost ing\u00e5r<\/p>\n<p>[\/et_pb_pricing_table][\/et_pb_pricing_tables][et_pb_text admin_label=&#8221;informazioni&#8221; _builder_version=&#8221;4.19.5&#8243; background_size=&#8221;initial&#8221; background_position=&#8221;top_left&#8221; background_repeat=&#8221;repeat&#8221; global_colors_info=&#8221;{}&#8221;]<\/p>\n<p><strong>Turistskatt p\u00e5 2,40 \u20ac \u00e4r inte inkluderat: betalas lokalt<\/strong><\/p>\n<h4>HOTEL VOUCHER<\/h4>\n<p>Det exakta hotellet kommer att tilldelas 15\/20 dagar f\u00f6re evenemanget och kupongerna skickas via e-post.<\/p>\n<h4>AVBOKNINGSAVGIFTER<\/h4>\n<p>L\u00e4s igenom hotellets bokningspolicy noggrant p\u00e5 <a href=\"https:\/\/milano-sanremo.org\/sv\/information\/reservationspolicy\/\" target=\"_blank\" rel=\"noopener noreferrer\">denna sida<\/a>.<\/p>\n<p>[\/et_pb_text][\/et_pb_column][\/et_pb_row][\/et_pb_section]<\/p>\n","protected":false},"excerpt":{"rendered":"<p>BOKA DET OFFICIELLA HOTELLET F\u00d6R EVENEMANGET ENDAST P\u00c5 V\u00c5R WEBBPLATS!EXKLUSIVA TJ\u00c4NSTER SOM \u00c4R RESERVERADEF\u00d6R DELTAGARE SOM BOKAR P\u00c5 V\u00c5R WEBBPLATS gratis transport f\u00f6r dig och din cykel fr\u00e5n Palafiori (loppets slutpunkt) till de anslutna hotellen m\u00f6jlighet att ta med dig din cykel in p\u00e5 rummet eller st\u00e4lla den i ett l\u00e5st rum middag p\u00e5 dagen [&hellip;]<\/p>\n","protected":false},"author":1,"featured_media":0,"parent":3938,"menu_order":0,"comment_status":"closed","ping_status":"closed","template":"","meta":{"_et_pb_use_builder":"on","_et_pb_old_content":"","_et_gb_content_width":"","ngg_post_thumbnail":0,"footnotes":""},"class_list":["post-3948","page","type-page","status-publish","hentry"],"yoast_head":"<!-- This site is optimized with the Yoast SEO plugin v27.4 - https:\/\/yoast.com\/product\/yoast-seo-wordpress\/ -->\n<title>HOTELL I SAN REMO | MILANO SANREMO AMATORI 2026 | MILANO SANREMO AMAT\u00d6RER 7 JUNI 2026 | OFFICIELL WEBBPLATS<\/title>\n<meta name=\"description\" content=\"HOTELL I SAN REMO\" \/>\n<meta name=\"robots\" content=\"index, follow, max-snippet:-1, max-image-preview:large, max-video-preview:-1\" \/>\n<link rel=\"canonical\" href=\"https:\/\/milano-sanremo.org\/sv\/resa\/hotell\/nyala-bike-hotel\/\" \/>\n<meta property=\"og:locale\" content=\"sv_SE\" \/>\n<meta property=\"og:type\" content=\"article\" \/>\n<meta property=\"og:title\" content=\"HOTELL I SAN REMO | MILANO SANREMO AMATORI 2026 | MILANO SANREMO AMAT\u00d6RER 7 JUNI 2026 | OFFICIELL WEBBPLATS\" \/>\n<meta property=\"og:description\" content=\"HOTELL I SAN REMO\" \/>\n<meta property=\"og:url\" content=\"https:\/\/milano-sanremo.org\/sv\/resa\/hotell\/nyala-bike-hotel\/\" \/>\n<meta property=\"og:site_name\" content=\"MILANO SANREMO AMATORI 2026\" \/>\n<meta property=\"article:modified_time\" content=\"2026-03-25T13:18:30+00:00\" \/>\n<meta name=\"twitter:card\" content=\"summary_large_image\" \/>\n<meta name=\"twitter:label1\" content=\"Ber\u00e4knad l\u00e4stid\" \/>\n\t<meta name=\"twitter:data1\" content=\"3 minuter\" \/>\n<script type=\"application\/ld+json\" class=\"yoast-schema-graph\">{\"@context\":\"https:\\\/\\\/schema.org\",\"@graph\":[{\"@type\":\"WebPage\",\"@id\":\"https:\\\/\\\/milano-sanremo.org\\\/sv\\\/resa\\\/hotell\\\/nyala-bike-hotel\\\/\",\"url\":\"https:\\\/\\\/milano-sanremo.org\\\/sv\\\/resa\\\/hotell\\\/nyala-bike-hotel\\\/\",\"name\":\"HOTELL I SAN REMO | MILANO SANREMO AMATORI 2026 | MILANO SANREMO AMAT\u00d6RER 7 JUNI 2026 | OFFICIELL WEBBPLATS\",\"isPartOf\":{\"@id\":\"https:\\\/\\\/milano-sanremo.org\\\/sv\\\/#website\"},\"datePublished\":\"2013-10-05T17:55:54+00:00\",\"dateModified\":\"2026-03-25T13:18:30+00:00\",\"description\":\"HOTELL I SAN REMO\",\"breadcrumb\":{\"@id\":\"https:\\\/\\\/milano-sanremo.org\\\/sv\\\/resa\\\/hotell\\\/nyala-bike-hotel\\\/#breadcrumb\"},\"inLanguage\":\"sv-SE\",\"potentialAction\":[{\"@type\":\"ReadAction\",\"target\":[\"https:\\\/\\\/milano-sanremo.org\\\/sv\\\/resa\\\/hotell\\\/nyala-bike-hotel\\\/\"]}]},{\"@type\":\"BreadcrumbList\",\"@id\":\"https:\\\/\\\/milano-sanremo.org\\\/sv\\\/resa\\\/hotell\\\/nyala-bike-hotel\\\/#breadcrumb\",\"itemListElement\":[{\"@type\":\"ListItem\",\"position\":1,\"name\":\"Home\",\"item\":\"https:\\\/\\\/milano-sanremo.org\\\/sv\\\/\"},{\"@type\":\"ListItem\",\"position\":2,\"name\":\"RESA\",\"item\":\"https:\\\/\\\/milano-sanremo.org\\\/sv\\\/viaggio\\\/\"},{\"@type\":\"ListItem\",\"position\":3,\"name\":\"HOTELL\",\"item\":\"https:\\\/\\\/milano-sanremo.org\\\/sv\\\/viaggio\\\/alberghi\\\/\"},{\"@type\":\"ListItem\",\"position\":4,\"name\":\"HOTELL I SAN REMO\"}]},{\"@type\":\"WebSite\",\"@id\":\"https:\\\/\\\/milano-sanremo.org\\\/sv\\\/#website\",\"url\":\"https:\\\/\\\/milano-sanremo.org\\\/sv\\\/\",\"name\":\"MILANO SANREMO AMATORI 2026\",\"description\":\"MILANO SANREMO AMAT\u00d6RER 7 JUNI 2026 | OFFICIELL WEBBPLATS\",\"potentialAction\":[{\"@type\":\"SearchAction\",\"target\":{\"@type\":\"EntryPoint\",\"urlTemplate\":\"https:\\\/\\\/milano-sanremo.org\\\/sv\\\/?s={search_term_string}\"},\"query-input\":{\"@type\":\"PropertyValueSpecification\",\"valueRequired\":true,\"valueName\":\"search_term_string\"}}],\"inLanguage\":\"sv-SE\"}]}<\/script>\n<!-- \/ Yoast SEO plugin. -->","yoast_head_json":{"title":"HOTELL I SAN REMO | MILANO SANREMO AMATORI 2026 | MILANO SANREMO AMAT\u00d6RER 7 JUNI 2026 | OFFICIELL WEBBPLATS","description":"HOTELL I SAN REMO","robots":{"index":"index","follow":"follow","max-snippet":"max-snippet:-1","max-image-preview":"max-image-preview:large","max-video-preview":"max-video-preview:-1"},"canonical":"https:\/\/milano-sanremo.org\/sv\/resa\/hotell\/nyala-bike-hotel\/","og_locale":"sv_SE","og_type":"article","og_title":"HOTELL I SAN REMO | MILANO SANREMO AMATORI 2026 | MILANO SANREMO AMAT\u00d6RER 7 JUNI 2026 | OFFICIELL WEBBPLATS","og_description":"HOTELL I SAN REMO","og_url":"https:\/\/milano-sanremo.org\/sv\/resa\/hotell\/nyala-bike-hotel\/","og_site_name":"MILANO SANREMO AMATORI 2026","article_modified_time":"2026-03-25T13:18:30+00:00","twitter_card":"summary_large_image","twitter_misc":{"Ber\u00e4knad l\u00e4stid":"3 minuter"},"schema":{"@context":"https:\/\/schema.org","@graph":[{"@type":"WebPage","@id":"https:\/\/milano-sanremo.org\/sv\/resa\/hotell\/nyala-bike-hotel\/","url":"https:\/\/milano-sanremo.org\/sv\/resa\/hotell\/nyala-bike-hotel\/","name":"HOTELL I SAN REMO | MILANO SANREMO AMATORI 2026 | MILANO SANREMO AMAT\u00d6RER 7 JUNI 2026 | OFFICIELL WEBBPLATS","isPartOf":{"@id":"https:\/\/milano-sanremo.org\/sv\/#website"},"datePublished":"2013-10-05T17:55:54+00:00","dateModified":"2026-03-25T13:18:30+00:00","description":"HOTELL I SAN REMO","breadcrumb":{"@id":"https:\/\/milano-sanremo.org\/sv\/resa\/hotell\/nyala-bike-hotel\/#breadcrumb"},"inLanguage":"sv-SE","potentialAction":[{"@type":"ReadAction","target":["https:\/\/milano-sanremo.org\/sv\/resa\/hotell\/nyala-bike-hotel\/"]}]},{"@type":"BreadcrumbList","@id":"https:\/\/milano-sanremo.org\/sv\/resa\/hotell\/nyala-bike-hotel\/#breadcrumb","itemListElement":[{"@type":"ListItem","position":1,"name":"Home","item":"https:\/\/milano-sanremo.org\/sv\/"},{"@type":"ListItem","position":2,"name":"RESA","item":"https:\/\/milano-sanremo.org\/sv\/viaggio\/"},{"@type":"ListItem","position":3,"name":"HOTELL","item":"https:\/\/milano-sanremo.org\/sv\/viaggio\/alberghi\/"},{"@type":"ListItem","position":4,"name":"HOTELL I SAN REMO"}]},{"@type":"WebSite","@id":"https:\/\/milano-sanremo.org\/sv\/#website","url":"https:\/\/milano-sanremo.org\/sv\/","name":"MILANO SANREMO AMATORI 2026","description":"MILANO SANREMO AMAT\u00d6RER 7 JUNI 2026 | OFFICIELL WEBBPLATS","potentialAction":[{"@type":"SearchAction","target":{"@type":"EntryPoint","urlTemplate":"https:\/\/milano-sanremo.org\/sv\/?s={search_term_string}"},"query-input":{"@type":"PropertyValueSpecification","valueRequired":true,"valueName":"search_term_string"}}],"inLanguage":"sv-SE"}]}},"_links":{"self":[{"href":"https:\/\/milano-sanremo.org\/sv\/wp-json\/wp\/v2\/pages\/3948","targetHints":{"allow":["GET"]}}],"collection":[{"href":"https:\/\/milano-sanremo.org\/sv\/wp-json\/wp\/v2\/pages"}],"about":[{"href":"https:\/\/milano-sanremo.org\/sv\/wp-json\/wp\/v2\/types\/page"}],"author":[{"embeddable":true,"href":"https:\/\/milano-sanremo.org\/sv\/wp-json\/wp\/v2\/users\/1"}],"replies":[{"embeddable":true,"href":"https:\/\/milano-sanremo.org\/sv\/wp-json\/wp\/v2\/comments?post=3948"}],"version-history":[{"count":29,"href":"https:\/\/milano-sanremo.org\/sv\/wp-json\/wp\/v2\/pages\/3948\/revisions"}],"predecessor-version":[{"id":15464,"href":"https:\/\/milano-sanremo.org\/sv\/wp-json\/wp\/v2\/pages\/3948\/revisions\/15464"}],"up":[{"embeddable":true,"href":"https:\/\/milano-sanremo.org\/sv\/wp-json\/wp\/v2\/pages\/3938"}],"wp:attachment":[{"href":"https:\/\/milano-sanremo.org\/sv\/wp-json\/wp\/v2\/media?parent=3948"}],"curies":[{"name":"wp","href":"https:\/\/api.w.org\/{rel}","templated":true}]}}