{"id":3954,"date":"2013-10-06T10:58:39","date_gmt":"2013-10-06T10:58:39","guid":{"rendered":"http:\/\/milano-sanremo.org\/wordpress\/?page_id=3954"},"modified":"2025-10-23T12:02:22","modified_gmt":"2025-10-23T12:02:22","slug":"cykelsemester-i-sanremo","status":"publish","type":"page","link":"https:\/\/milano-sanremo.org\/sv\/resa\/cykelsemester-i-sanremo\/","title":{"rendered":"Cykelsemester i Sanremo"},"content":{"rendered":"<p>[et_pb_section fb_built=&#8221;1&#8243; admin_label=&#8221;section&#8221; _builder_version=&#8221;4.16&#8243; global_colors_info=&#8221;{}&#8221;][et_pb_row admin_label=&#8221;row&#8221; _builder_version=&#8221;4.16&#8243; background_size=&#8221;initial&#8221; background_position=&#8221;top_left&#8221; background_repeat=&#8221;repeat&#8221; global_colors_info=&#8221;{}&#8221;][et_pb_column type=&#8221;4_4&#8243; _builder_version=&#8221;4.16&#8243; custom_padding=&#8221;|||&#8221; global_colors_info=&#8221;{}&#8221; custom_padding__hover=&#8221;|||&#8221;][et_pb_text admin_label=&#8221;Text&#8221; _builder_version=&#8221;4.27.4&#8243; background_size=&#8221;initial&#8221; background_position=&#8221;top_left&#8221; background_repeat=&#8221;repeat&#8221; hover_enabled=&#8221;0&#8243; global_colors_info=&#8221;{}&#8221; sticky_enabled=&#8221;0&#8243;]<\/p>\n<h5>Ett milt klimat \u00e5ret runt, underbart hav, vackra blommor, sekelgamla palmer och en m\u00e4ngd fantastiskt sp\u00e4nnande evenemang.<\/h5>\n<div class=\"img_caption none\" style=\"float: none; width: 500px;\"><a href=\"http:\/\/milano-sanremo.org\/wordpress\/wp-content\/uploads\/2013\/06\/sanremo-pista-ciclabile.jpg\"><img loading=\"lazy\" decoding=\"async\" class=\"alignnone size-full wp-image-1868\" src=\"http:\/\/milano-sanremo.org\/wordpress\/wp-content\/uploads\/2013\/06\/sanremo-pista-ciclabile.jpg\" alt=\"sanremo-pista-ciclabile\" width=\"500\" height=\"332\" srcset=\"https:\/\/milano-sanremo.org\/wp-content\/uploads\/2013\/06\/sanremo-pista-ciclabile.jpg 500w, https:\/\/milano-sanremo.org\/wp-content\/uploads\/2013\/06\/sanremo-pista-ciclabile-300x199.jpg 300w\" sizes=\"(max-width: 500px) 100vw, 500px\" \/><\/a><\/div>\n<p style=\"text-align: justify;\">I \u00f6ver hundra \u00e5r har Milano-Sanremo, V\u00e5rklassikern, i mars \u00f6ppnat s\u00e4songen av de stora, klassiska t\u00e4vlingarna som h\u00e5lls i den h\u00e4r vackra milj\u00f6n.<\/p>\n<p style=\"text-align: justify;\">Genom att delta i Milano-Sanremo l\u00e5ngdistanslopp f\u00e5r du chansen att utmana dig sj\u00e4lv i v\u00e4rldens l\u00e4ngsta linjelopp, men om du har lust kan du ocks\u00e5 passa p\u00e5 att under evenemanget ta en sportsemester i Sanremo.<\/p>\n<p style=\"text-align: justify;\">Den helt nya cykelv\u00e4gen som g\u00e5r l\u00e4ngs havet f\u00f6ljer det gamla j\u00e4rnv\u00e4gssp\u00e5ret och leder dig genom sl\u00e5ende vacker natur till or\u00f6rda inlandsomr\u00e5den \u00f6vers\u00e5llade med bed\u00e5rande medeltidsbyar, d\u00e4r du kan uppt\u00e4cka fascinerande och utmanande sp\u00e5r.<\/p>\n<p><b>Vi har utvecklat ett program s\u00e4rskilt f\u00f6r deltagare i Milano-San Remo Amatori:<\/b><\/p>\n<p>&nbsp;<\/p>\n<p><b>8 Juni 2026<\/b><\/p>\n<p>ledigt p\u00e5 morgonen f\u00f6r avslappning<\/p>\n<p><b>14:00<\/b> Utflykt p\u00e5 cykelv\u00e4gen som f\u00f6ljer den liguriska kusten: &nbsp;<b><br \/><\/b><b>San Remo \u2013 San Lorenzo al Mare \u2013 Taggia \u2013 San Remo<\/b><b><br \/><\/b>totalt 40km platt terr\u00e4ng<\/p>\n<p><b>Str\u00e4ckan d\u00e4r \u00f6ppningstempoloppet f\u00f6r Giro d&#8217;Italia h\u00f6lls 2015<\/b><\/p>\n<p>&nbsp;<\/p>\n<p><b>9 Juni 2026<\/b><\/p>\n<p><b>9:30 Blommornas Rutt<\/b>, kustn\u00e4ra Alperna i den 84: e upplagan av Giro d&#8217;Italia 2001.<br \/><i>ca 130 km totalt&nbsp;<\/i><\/p>\n<p><i>Rutten \u00e4r Via Aurelia, korsar Ospedaletti, Bordighera, Vallecrosia och Camporosso Mare, forts\u00e4tter upp till Nervia d\u00e4r det g\u00e5r in i Val Nervia, d\u00e4refter till Isolabona; sedan&nbsp; mot Apricale och upp till Baiardo (900 m.\u00f6.h., den f\u00f6rsta Gran Premio), forts\u00e4tter till Passo Ghimberga (898 m.\u00f6.h.), Ceriana och Poggio di Sanremo; sedan g\u00e5r den upp till valle Argentina mot Taggia, Badalucco och Molini di Triora och passet p\u00e5 Langan (1093 m.\u00f6.h.) och i n\u00e4rheten av Monte Ceppo (1504 m.\u00f6.h, det andra Gran Premio); slutligen ett andra \u00e5k p\u00e5 Ghimbegna och \u00e5terv\u00e4nder i riktning mot San Remo.<\/i><\/p>\n<p><b>Om du \u00e4r intresserad av cykelsemester-programmet kan du kontakta oss f\u00f6r mer information och priser.&nbsp;<\/b><\/p>\n<p>[\/et_pb_text][\/et_pb_column][\/et_pb_row][\/et_pb_section]<\/p>\n","protected":false},"excerpt":{"rendered":"<p>Ett milt klimat \u00e5ret runt, underbart hav, vackra blommor, sekelgamla palmer och en m\u00e4ngd fantastiskt sp\u00e4nnande evenemang. I \u00f6ver hundra \u00e5r har Milano-Sanremo, V\u00e5rklassikern, i mars \u00f6ppnat s\u00e4songen av de stora, klassiska t\u00e4vlingarna som h\u00e5lls i den h\u00e4r vackra milj\u00f6n. Genom att delta i Milano-Sanremo l\u00e5ngdistanslopp f\u00e5r du chansen att utmana dig sj\u00e4lv i v\u00e4rldens [&hellip;]<\/p>\n","protected":false},"author":1,"featured_media":0,"parent":3913,"menu_order":0,"comment_status":"closed","ping_status":"closed","template":"","meta":{"_et_pb_use_builder":"on","_et_pb_old_content":"","_et_gb_content_width":"","ngg_post_thumbnail":0,"footnotes":""},"class_list":["post-3954","page","type-page","status-publish","hentry"],"yoast_head":"<!-- This site is optimized with the Yoast SEO plugin v27.4 - https:\/\/yoast.com\/product\/yoast-seo-wordpress\/ -->\n<title>Cykelsemester i Sanremo | MILANO SANREMO AMATORI 2026 | MILANO SANREMO AMAT\u00d6RER 7 JUNI 2026 | OFFICIELL WEBBPLATS<\/title>\n<meta name=\"description\" content=\"Cykelsemester i Sanremo\" \/>\n<meta name=\"robots\" content=\"index, follow, max-snippet:-1, max-image-preview:large, max-video-preview:-1\" \/>\n<link rel=\"canonical\" href=\"https:\/\/milano-sanremo.org\/sv\/resa\/cykelsemester-i-sanremo\/\" \/>\n<meta property=\"og:locale\" content=\"sv_SE\" \/>\n<meta property=\"og:type\" content=\"article\" \/>\n<meta property=\"og:title\" content=\"Cykelsemester i Sanremo | MILANO SANREMO AMATORI 2026 | MILANO SANREMO AMAT\u00d6RER 7 JUNI 2026 | OFFICIELL WEBBPLATS\" \/>\n<meta property=\"og:description\" content=\"Cykelsemester i Sanremo\" \/>\n<meta property=\"og:url\" content=\"https:\/\/milano-sanremo.org\/sv\/resa\/cykelsemester-i-sanremo\/\" \/>\n<meta property=\"og:site_name\" content=\"MILANO SANREMO AMATORI 2026\" \/>\n<meta property=\"article:modified_time\" content=\"2025-10-23T12:02:22+00:00\" \/>\n<meta property=\"og:image\" content=\"http:\/\/milano-sanremo.org\/wordpress\/wp-content\/uploads\/2013\/06\/sanremo-pista-ciclabile.jpg\" \/>\n<meta name=\"twitter:card\" content=\"summary_large_image\" \/>\n<meta name=\"twitter:label1\" content=\"Ber\u00e4knad l\u00e4stid\" \/>\n\t<meta name=\"twitter:data1\" content=\"2 minuter\" \/>\n<script type=\"application\/ld+json\" class=\"yoast-schema-graph\">{\"@context\":\"https:\\\/\\\/schema.org\",\"@graph\":[{\"@type\":\"WebPage\",\"@id\":\"https:\\\/\\\/milano-sanremo.org\\\/sv\\\/resa\\\/cykelsemester-i-sanremo\\\/\",\"url\":\"https:\\\/\\\/milano-sanremo.org\\\/sv\\\/resa\\\/cykelsemester-i-sanremo\\\/\",\"name\":\"Cykelsemester i Sanremo | MILANO SANREMO AMATORI 2026 | MILANO SANREMO AMAT\u00d6RER 7 JUNI 2026 | OFFICIELL WEBBPLATS\",\"isPartOf\":{\"@id\":\"https:\\\/\\\/milano-sanremo.org\\\/sv\\\/#website\"},\"primaryImageOfPage\":{\"@id\":\"https:\\\/\\\/milano-sanremo.org\\\/sv\\\/resa\\\/cykelsemester-i-sanremo\\\/#primaryimage\"},\"image\":{\"@id\":\"https:\\\/\\\/milano-sanremo.org\\\/sv\\\/resa\\\/cykelsemester-i-sanremo\\\/#primaryimage\"},\"thumbnailUrl\":\"http:\\\/\\\/milano-sanremo.org\\\/wordpress\\\/wp-content\\\/uploads\\\/2013\\\/06\\\/sanremo-pista-ciclabile.jpg\",\"datePublished\":\"2013-10-06T10:58:39+00:00\",\"dateModified\":\"2025-10-23T12:02:22+00:00\",\"description\":\"Cykelsemester i Sanremo\",\"breadcrumb\":{\"@id\":\"https:\\\/\\\/milano-sanremo.org\\\/sv\\\/resa\\\/cykelsemester-i-sanremo\\\/#breadcrumb\"},\"inLanguage\":\"sv-SE\",\"potentialAction\":[{\"@type\":\"ReadAction\",\"target\":[\"https:\\\/\\\/milano-sanremo.org\\\/sv\\\/resa\\\/cykelsemester-i-sanremo\\\/\"]}]},{\"@type\":\"ImageObject\",\"inLanguage\":\"sv-SE\",\"@id\":\"https:\\\/\\\/milano-sanremo.org\\\/sv\\\/resa\\\/cykelsemester-i-sanremo\\\/#primaryimage\",\"url\":\"http:\\\/\\\/milano-sanremo.org\\\/wordpress\\\/wp-content\\\/uploads\\\/2013\\\/06\\\/sanremo-pista-ciclabile.jpg\",\"contentUrl\":\"http:\\\/\\\/milano-sanremo.org\\\/wordpress\\\/wp-content\\\/uploads\\\/2013\\\/06\\\/sanremo-pista-ciclabile.jpg\"},{\"@type\":\"BreadcrumbList\",\"@id\":\"https:\\\/\\\/milano-sanremo.org\\\/sv\\\/resa\\\/cykelsemester-i-sanremo\\\/#breadcrumb\",\"itemListElement\":[{\"@type\":\"ListItem\",\"position\":1,\"name\":\"Home\",\"item\":\"https:\\\/\\\/milano-sanremo.org\\\/sv\\\/\"},{\"@type\":\"ListItem\",\"position\":2,\"name\":\"RESA\",\"item\":\"https:\\\/\\\/milano-sanremo.org\\\/sv\\\/viaggio\\\/\"},{\"@type\":\"ListItem\",\"position\":3,\"name\":\"Cykelsemester i Sanremo\"}]},{\"@type\":\"WebSite\",\"@id\":\"https:\\\/\\\/milano-sanremo.org\\\/sv\\\/#website\",\"url\":\"https:\\\/\\\/milano-sanremo.org\\\/sv\\\/\",\"name\":\"MILANO SANREMO AMATORI 2026\",\"description\":\"MILANO SANREMO AMAT\u00d6RER 7 JUNI 2026 | OFFICIELL WEBBPLATS\",\"potentialAction\":[{\"@type\":\"SearchAction\",\"target\":{\"@type\":\"EntryPoint\",\"urlTemplate\":\"https:\\\/\\\/milano-sanremo.org\\\/sv\\\/?s={search_term_string}\"},\"query-input\":{\"@type\":\"PropertyValueSpecification\",\"valueRequired\":true,\"valueName\":\"search_term_string\"}}],\"inLanguage\":\"sv-SE\"}]}<\/script>\n<!-- \/ Yoast SEO plugin. -->","yoast_head_json":{"title":"Cykelsemester i Sanremo | MILANO SANREMO AMATORI 2026 | MILANO SANREMO AMAT\u00d6RER 7 JUNI 2026 | OFFICIELL WEBBPLATS","description":"Cykelsemester i Sanremo","robots":{"index":"index","follow":"follow","max-snippet":"max-snippet:-1","max-image-preview":"max-image-preview:large","max-video-preview":"max-video-preview:-1"},"canonical":"https:\/\/milano-sanremo.org\/sv\/resa\/cykelsemester-i-sanremo\/","og_locale":"sv_SE","og_type":"article","og_title":"Cykelsemester i Sanremo | MILANO SANREMO AMATORI 2026 | MILANO SANREMO AMAT\u00d6RER 7 JUNI 2026 | OFFICIELL WEBBPLATS","og_description":"Cykelsemester i Sanremo","og_url":"https:\/\/milano-sanremo.org\/sv\/resa\/cykelsemester-i-sanremo\/","og_site_name":"MILANO SANREMO AMATORI 2026","article_modified_time":"2025-10-23T12:02:22+00:00","og_image":[{"url":"http:\/\/milano-sanremo.org\/wordpress\/wp-content\/uploads\/2013\/06\/sanremo-pista-ciclabile.jpg","type":"","width":"","height":""}],"twitter_card":"summary_large_image","twitter_misc":{"Ber\u00e4knad l\u00e4stid":"2 minuter"},"schema":{"@context":"https:\/\/schema.org","@graph":[{"@type":"WebPage","@id":"https:\/\/milano-sanremo.org\/sv\/resa\/cykelsemester-i-sanremo\/","url":"https:\/\/milano-sanremo.org\/sv\/resa\/cykelsemester-i-sanremo\/","name":"Cykelsemester i Sanremo | MILANO SANREMO AMATORI 2026 | MILANO SANREMO AMAT\u00d6RER 7 JUNI 2026 | OFFICIELL WEBBPLATS","isPartOf":{"@id":"https:\/\/milano-sanremo.org\/sv\/#website"},"primaryImageOfPage":{"@id":"https:\/\/milano-sanremo.org\/sv\/resa\/cykelsemester-i-sanremo\/#primaryimage"},"image":{"@id":"https:\/\/milano-sanremo.org\/sv\/resa\/cykelsemester-i-sanremo\/#primaryimage"},"thumbnailUrl":"http:\/\/milano-sanremo.org\/wordpress\/wp-content\/uploads\/2013\/06\/sanremo-pista-ciclabile.jpg","datePublished":"2013-10-06T10:58:39+00:00","dateModified":"2025-10-23T12:02:22+00:00","description":"Cykelsemester i Sanremo","breadcrumb":{"@id":"https:\/\/milano-sanremo.org\/sv\/resa\/cykelsemester-i-sanremo\/#breadcrumb"},"inLanguage":"sv-SE","potentialAction":[{"@type":"ReadAction","target":["https:\/\/milano-sanremo.org\/sv\/resa\/cykelsemester-i-sanremo\/"]}]},{"@type":"ImageObject","inLanguage":"sv-SE","@id":"https:\/\/milano-sanremo.org\/sv\/resa\/cykelsemester-i-sanremo\/#primaryimage","url":"http:\/\/milano-sanremo.org\/wordpress\/wp-content\/uploads\/2013\/06\/sanremo-pista-ciclabile.jpg","contentUrl":"http:\/\/milano-sanremo.org\/wordpress\/wp-content\/uploads\/2013\/06\/sanremo-pista-ciclabile.jpg"},{"@type":"BreadcrumbList","@id":"https:\/\/milano-sanremo.org\/sv\/resa\/cykelsemester-i-sanremo\/#breadcrumb","itemListElement":[{"@type":"ListItem","position":1,"name":"Home","item":"https:\/\/milano-sanremo.org\/sv\/"},{"@type":"ListItem","position":2,"name":"RESA","item":"https:\/\/milano-sanremo.org\/sv\/viaggio\/"},{"@type":"ListItem","position":3,"name":"Cykelsemester i Sanremo"}]},{"@type":"WebSite","@id":"https:\/\/milano-sanremo.org\/sv\/#website","url":"https:\/\/milano-sanremo.org\/sv\/","name":"MILANO SANREMO AMATORI 2026","description":"MILANO SANREMO AMAT\u00d6RER 7 JUNI 2026 | OFFICIELL WEBBPLATS","potentialAction":[{"@type":"SearchAction","target":{"@type":"EntryPoint","urlTemplate":"https:\/\/milano-sanremo.org\/sv\/?s={search_term_string}"},"query-input":{"@type":"PropertyValueSpecification","valueRequired":true,"valueName":"search_term_string"}}],"inLanguage":"sv-SE"}]}},"_links":{"self":[{"href":"https:\/\/milano-sanremo.org\/sv\/wp-json\/wp\/v2\/pages\/3954","targetHints":{"allow":["GET"]}}],"collection":[{"href":"https:\/\/milano-sanremo.org\/sv\/wp-json\/wp\/v2\/pages"}],"about":[{"href":"https:\/\/milano-sanremo.org\/sv\/wp-json\/wp\/v2\/types\/page"}],"author":[{"embeddable":true,"href":"https:\/\/milano-sanremo.org\/sv\/wp-json\/wp\/v2\/users\/1"}],"replies":[{"embeddable":true,"href":"https:\/\/milano-sanremo.org\/sv\/wp-json\/wp\/v2\/comments?post=3954"}],"version-history":[{"count":18,"href":"https:\/\/milano-sanremo.org\/sv\/wp-json\/wp\/v2\/pages\/3954\/revisions"}],"predecessor-version":[{"id":14856,"href":"https:\/\/milano-sanremo.org\/sv\/wp-json\/wp\/v2\/pages\/3954\/revisions\/14856"}],"up":[{"embeddable":true,"href":"https:\/\/milano-sanremo.org\/sv\/wp-json\/wp\/v2\/pages\/3913"}],"wp:attachment":[{"href":"https:\/\/milano-sanremo.org\/sv\/wp-json\/wp\/v2\/media?parent=3954"}],"curies":[{"name":"wp","href":"https:\/\/api.w.org\/{rel}","templated":true}]}}