{"id":3956,"date":"2013-10-06T11:07:47","date_gmt":"2013-10-06T11:07:47","guid":{"rendered":"http:\/\/milano-sanremo.org\/wordpress\/?page_id=3956"},"modified":"2025-10-23T13:35:40","modified_gmt":"2025-10-23T13:35:40","slug":"organisera-en-grupp","status":"publish","type":"page","link":"https:\/\/milano-sanremo.org\/sv\/resa\/organisera-en-grupp\/","title":{"rendered":"ORGANISERA EN GRUPP"},"content":{"rendered":"<div id=\"page\">\n<h2 align=\"LEFT\">L\u00e5t oss hj\u00e4lpa din cykelgrupp att organisera ert deltagande i Milano-Sanremo cyclosportive<\/h2>\n<p align=\"LEFT\">&nbsp;<\/p>\n<p align=\"LEFT\">Vi finns h\u00e4r f\u00f6r att underl\u00e4tta registreringen och organiseringen av din grupp.<\/p>\n<h2 align=\"LEFT\">&nbsp;<\/h2>\n<p data-start=\"123\" data-end=\"174\"><strong>F\u00f6rdelar f\u00f6r cykelgrupper (minst 15 deltagare):<\/strong><\/p>\n<ul data-start=\"176\" data-end=\"531\">\n<li data-start=\"176\" data-end=\"246\">\n<p data-start=\"178\" data-end=\"246\"><strong>SILVER+ startplats med garanterad start i andra startgrupp<\/strong><\/p>\n<\/li>\n<li data-start=\"247\" data-end=\"290\">\n<p data-start=\"249\" data-end=\"290\"><strong>90,00 \u20ac (inklusive minnestr\u00f6ja)<\/strong><\/p>\n<\/li>\n<li data-start=\"291\" data-end=\"348\">\n<p data-start=\"293\" data-end=\"348\"><strong>1 gratis anm\u00e4lan f\u00f6r varje 15 betalande deltagare<\/strong><\/p>\n<\/li>\n<li data-start=\"349\" data-end=\"400\">\n<p data-start=\"351\" data-end=\"400\"><strong>Anm\u00e4lningar \u00f6ppna till och med 31 mars 2026<\/strong><\/p>\n<\/li>\n<li data-start=\"401\" data-end=\"471\">\n<p data-start=\"403\" data-end=\"471\"><strong>Anm\u00e4lningsprocess via sekretariatet med Excel-formul\u00e4r<\/strong><\/p>\n<\/li>\n<li data-start=\"472\" data-end=\"531\">\n<p data-start=\"474\" data-end=\"531\"><strong>Betalning med kreditkort eller bank\u00f6verf\u00f6ring<\/strong><\/p>\n<\/li>\n<\/ul>\n<h2 align=\"LEFT\">&nbsp;<\/h2>\n<p align=\"LEFT\">Tveka inte med att kontakta oss om du har n\u00e5gra fr\u00e5gor!<\/p>\n<h2 class=\"western\" style=\"margin-top: 0cm; margin-bottom: 0cm; background-color: transparent; border: none; padding: 0cm; font-weight: normal;\" align=\"LEFT\">&nbsp;<\/h2>\n<p>&nbsp;<\/p>\n<p>&nbsp;<\/p>\n<\/div>\n","protected":false},"excerpt":{"rendered":"<p>L\u00e5t oss hj\u00e4lpa din cykelgrupp att organisera ert deltagande i Milano-Sanremo cyclosportive &nbsp; Vi finns h\u00e4r f\u00f6r att underl\u00e4tta registreringen och organiseringen av din grupp. &nbsp; F\u00f6rdelar f\u00f6r cykelgrupper (minst 15 deltagare): SILVER+ startplats med garanterad start i andra startgrupp 90,00 \u20ac (inklusive minnestr\u00f6ja) 1 gratis anm\u00e4lan f\u00f6r varje 15 betalande deltagare Anm\u00e4lningar \u00f6ppna till [&hellip;]<\/p>\n","protected":false},"author":1,"featured_media":0,"parent":3913,"menu_order":0,"comment_status":"open","ping_status":"closed","template":"","meta":{"_et_pb_use_builder":"","_et_pb_old_content":"","_et_gb_content_width":"","ngg_post_thumbnail":0,"footnotes":""},"class_list":["post-3956","page","type-page","status-publish","hentry"],"yoast_head":"<!-- This site is optimized with the Yoast SEO plugin v27.4 - https:\/\/yoast.com\/product\/yoast-seo-wordpress\/ -->\n<title>ORGANISERA EN GRUPP | MILANO SANREMO AMATORI 2026 | MILANO SANREMO AMAT\u00d6RER 7 JUNI 2026 | OFFICIELL WEBBPLATS<\/title>\n<meta name=\"description\" content=\"ORGANISERA EN GRUPP\" \/>\n<meta name=\"robots\" content=\"index, follow, max-snippet:-1, max-image-preview:large, max-video-preview:-1\" \/>\n<link rel=\"canonical\" href=\"https:\/\/milano-sanremo.org\/sv\/resa\/organisera-en-grupp\/\" \/>\n<meta property=\"og:locale\" content=\"sv_SE\" \/>\n<meta property=\"og:type\" content=\"article\" \/>\n<meta property=\"og:title\" content=\"ORGANISERA EN GRUPP | MILANO SANREMO AMATORI 2026 | MILANO SANREMO AMAT\u00d6RER 7 JUNI 2026 | OFFICIELL WEBBPLATS\" \/>\n<meta property=\"og:description\" content=\"ORGANISERA EN GRUPP\" \/>\n<meta property=\"og:url\" content=\"https:\/\/milano-sanremo.org\/sv\/resa\/organisera-en-grupp\/\" \/>\n<meta property=\"og:site_name\" content=\"MILANO SANREMO AMATORI 2026\" \/>\n<meta property=\"article:modified_time\" content=\"2025-10-23T13:35:40+00:00\" \/>\n<meta name=\"twitter:card\" content=\"summary_large_image\" \/>\n<meta name=\"twitter:label1\" content=\"Ber\u00e4knad l\u00e4stid\" \/>\n\t<meta name=\"twitter:data1\" content=\"1 minut\" \/>\n<script type=\"application\/ld+json\" class=\"yoast-schema-graph\">{\"@context\":\"https:\\\/\\\/schema.org\",\"@graph\":[{\"@type\":\"WebPage\",\"@id\":\"https:\\\/\\\/milano-sanremo.org\\\/sv\\\/resa\\\/organisera-en-grupp\\\/\",\"url\":\"https:\\\/\\\/milano-sanremo.org\\\/sv\\\/resa\\\/organisera-en-grupp\\\/\",\"name\":\"ORGANISERA EN GRUPP | MILANO SANREMO AMATORI 2026 | MILANO SANREMO AMAT\u00d6RER 7 JUNI 2026 | OFFICIELL WEBBPLATS\",\"isPartOf\":{\"@id\":\"https:\\\/\\\/milano-sanremo.org\\\/sv\\\/#website\"},\"datePublished\":\"2013-10-06T11:07:47+00:00\",\"dateModified\":\"2025-10-23T13:35:40+00:00\",\"description\":\"ORGANISERA EN GRUPP\",\"breadcrumb\":{\"@id\":\"https:\\\/\\\/milano-sanremo.org\\\/sv\\\/resa\\\/organisera-en-grupp\\\/#breadcrumb\"},\"inLanguage\":\"sv-SE\",\"potentialAction\":[{\"@type\":\"ReadAction\",\"target\":[\"https:\\\/\\\/milano-sanremo.org\\\/sv\\\/resa\\\/organisera-en-grupp\\\/\"]}]},{\"@type\":\"BreadcrumbList\",\"@id\":\"https:\\\/\\\/milano-sanremo.org\\\/sv\\\/resa\\\/organisera-en-grupp\\\/#breadcrumb\",\"itemListElement\":[{\"@type\":\"ListItem\",\"position\":1,\"name\":\"Home\",\"item\":\"https:\\\/\\\/milano-sanremo.org\\\/sv\\\/\"},{\"@type\":\"ListItem\",\"position\":2,\"name\":\"RESA\",\"item\":\"https:\\\/\\\/milano-sanremo.org\\\/sv\\\/viaggio\\\/\"},{\"@type\":\"ListItem\",\"position\":3,\"name\":\"ORGANISERA EN GRUPP\"}]},{\"@type\":\"WebSite\",\"@id\":\"https:\\\/\\\/milano-sanremo.org\\\/sv\\\/#website\",\"url\":\"https:\\\/\\\/milano-sanremo.org\\\/sv\\\/\",\"name\":\"MILANO SANREMO AMATORI 2026\",\"description\":\"MILANO SANREMO AMAT\u00d6RER 7 JUNI 2026 | OFFICIELL WEBBPLATS\",\"potentialAction\":[{\"@type\":\"SearchAction\",\"target\":{\"@type\":\"EntryPoint\",\"urlTemplate\":\"https:\\\/\\\/milano-sanremo.org\\\/sv\\\/?s={search_term_string}\"},\"query-input\":{\"@type\":\"PropertyValueSpecification\",\"valueRequired\":true,\"valueName\":\"search_term_string\"}}],\"inLanguage\":\"sv-SE\"}]}<\/script>\n<!-- \/ Yoast SEO plugin. -->","yoast_head_json":{"title":"ORGANISERA EN GRUPP | MILANO SANREMO AMATORI 2026 | MILANO SANREMO AMAT\u00d6RER 7 JUNI 2026 | OFFICIELL WEBBPLATS","description":"ORGANISERA EN GRUPP","robots":{"index":"index","follow":"follow","max-snippet":"max-snippet:-1","max-image-preview":"max-image-preview:large","max-video-preview":"max-video-preview:-1"},"canonical":"https:\/\/milano-sanremo.org\/sv\/resa\/organisera-en-grupp\/","og_locale":"sv_SE","og_type":"article","og_title":"ORGANISERA EN GRUPP | MILANO SANREMO AMATORI 2026 | MILANO SANREMO AMAT\u00d6RER 7 JUNI 2026 | OFFICIELL WEBBPLATS","og_description":"ORGANISERA EN GRUPP","og_url":"https:\/\/milano-sanremo.org\/sv\/resa\/organisera-en-grupp\/","og_site_name":"MILANO SANREMO AMATORI 2026","article_modified_time":"2025-10-23T13:35:40+00:00","twitter_card":"summary_large_image","twitter_misc":{"Ber\u00e4knad l\u00e4stid":"1 minut"},"schema":{"@context":"https:\/\/schema.org","@graph":[{"@type":"WebPage","@id":"https:\/\/milano-sanremo.org\/sv\/resa\/organisera-en-grupp\/","url":"https:\/\/milano-sanremo.org\/sv\/resa\/organisera-en-grupp\/","name":"ORGANISERA EN GRUPP | MILANO SANREMO AMATORI 2026 | MILANO SANREMO AMAT\u00d6RER 7 JUNI 2026 | OFFICIELL WEBBPLATS","isPartOf":{"@id":"https:\/\/milano-sanremo.org\/sv\/#website"},"datePublished":"2013-10-06T11:07:47+00:00","dateModified":"2025-10-23T13:35:40+00:00","description":"ORGANISERA EN GRUPP","breadcrumb":{"@id":"https:\/\/milano-sanremo.org\/sv\/resa\/organisera-en-grupp\/#breadcrumb"},"inLanguage":"sv-SE","potentialAction":[{"@type":"ReadAction","target":["https:\/\/milano-sanremo.org\/sv\/resa\/organisera-en-grupp\/"]}]},{"@type":"BreadcrumbList","@id":"https:\/\/milano-sanremo.org\/sv\/resa\/organisera-en-grupp\/#breadcrumb","itemListElement":[{"@type":"ListItem","position":1,"name":"Home","item":"https:\/\/milano-sanremo.org\/sv\/"},{"@type":"ListItem","position":2,"name":"RESA","item":"https:\/\/milano-sanremo.org\/sv\/viaggio\/"},{"@type":"ListItem","position":3,"name":"ORGANISERA EN GRUPP"}]},{"@type":"WebSite","@id":"https:\/\/milano-sanremo.org\/sv\/#website","url":"https:\/\/milano-sanremo.org\/sv\/","name":"MILANO SANREMO AMATORI 2026","description":"MILANO SANREMO AMAT\u00d6RER 7 JUNI 2026 | OFFICIELL WEBBPLATS","potentialAction":[{"@type":"SearchAction","target":{"@type":"EntryPoint","urlTemplate":"https:\/\/milano-sanremo.org\/sv\/?s={search_term_string}"},"query-input":{"@type":"PropertyValueSpecification","valueRequired":true,"valueName":"search_term_string"}}],"inLanguage":"sv-SE"}]}},"_links":{"self":[{"href":"https:\/\/milano-sanremo.org\/sv\/wp-json\/wp\/v2\/pages\/3956","targetHints":{"allow":["GET"]}}],"collection":[{"href":"https:\/\/milano-sanremo.org\/sv\/wp-json\/wp\/v2\/pages"}],"about":[{"href":"https:\/\/milano-sanremo.org\/sv\/wp-json\/wp\/v2\/types\/page"}],"author":[{"embeddable":true,"href":"https:\/\/milano-sanremo.org\/sv\/wp-json\/wp\/v2\/users\/1"}],"replies":[{"embeddable":true,"href":"https:\/\/milano-sanremo.org\/sv\/wp-json\/wp\/v2\/comments?post=3956"}],"version-history":[{"count":7,"href":"https:\/\/milano-sanremo.org\/sv\/wp-json\/wp\/v2\/pages\/3956\/revisions"}],"predecessor-version":[{"id":14919,"href":"https:\/\/milano-sanremo.org\/sv\/wp-json\/wp\/v2\/pages\/3956\/revisions\/14919"}],"up":[{"embeddable":true,"href":"https:\/\/milano-sanremo.org\/sv\/wp-json\/wp\/v2\/pages\/3913"}],"wp:attachment":[{"href":"https:\/\/milano-sanremo.org\/sv\/wp-json\/wp\/v2\/media?parent=3956"}],"curies":[{"name":"wp","href":"https:\/\/api.w.org\/{rel}","templated":true}]}}