{"id":3960,"date":"2013-10-06T12:17:19","date_gmt":"2013-10-06T12:17:19","guid":{"rendered":"http:\/\/milano-sanremo.org\/wordpress\/?page_id=3960"},"modified":"2025-10-23T12:57:05","modified_gmt":"2025-10-23T12:57:05","slug":"transport-2","status":"publish","type":"page","link":"https:\/\/milano-sanremo.org\/sv\/resa\/transport-2\/","title":{"rendered":"TRANSPORT"},"content":{"rendered":"<p>[et_pb_section fb_built=&#8221;1&#8243; admin_label=&#8221;section&#8221; _builder_version=&#8221;4.16&#8243; global_colors_info=&#8221;{}&#8221;][et_pb_row admin_label=&#8221;row&#8221; _builder_version=&#8221;4.16&#8243; background_size=&#8221;initial&#8221; background_position=&#8221;top_left&#8221; background_repeat=&#8221;repeat&#8221; global_colors_info=&#8221;{}&#8221;][et_pb_column type=&#8221;4_4&#8243; _builder_version=&#8221;4.16&#8243; custom_padding=&#8221;|||&#8221; global_colors_info=&#8221;{}&#8221; custom_padding__hover=&#8221;|||&#8221;][et_pb_text admin_label=&#8221;Text&#8221; _builder_version=&#8221;4.19.5&#8243; background_size=&#8221;initial&#8221; background_position=&#8221;top_left&#8221; background_repeat=&#8221;repeat&#8221; global_colors_info=&#8221;{}&#8221;]<\/p>\n<h2>F\u00f6r deltagare i Milano \u2013 Sanremo Amat\u00f6rlopp cyclosportive st\u00e4ller vi ett antal transportmedel till f\u00f6rfogande, som kan bokas direkt p\u00e5 v\u00e5r webbplats.<\/h2>\n<h4><span style=\"color: #ff0000;\">Sittplatserna p\u00e5 bussen \u00e4r begr\u00e4nsade, s\u00e5 vi rekommenderar att du bokar i f\u00f6rv\u00e4g.<\/span><\/h4>\n<p>[\/et_pb_text][et_pb_pricing_tables featured_table_background_color=&#8221;RGBA(255,255,255,0)&#8221; featured_table_header_background_color=&#8221;#E02B20&#8243; header_background_color=&#8221;#E02B20&#8243; featured_table_subheader_text_color=&#8221;#E02B20&#8243; _builder_version=&#8221;4.27.4&#8243; _module_preset=&#8221;default&#8221; custom_button=&#8221;on&#8221; button_text_color=&#8221;#FFFFFF&#8221; button_bg_color=&#8221;#E02B20&#8243; width=&#8221;60%&#8221; hover_enabled=&#8221;0&#8243; locked=&#8221;off&#8221; global_colors_info=&#8221;{}&#8221; sticky_enabled=&#8221;0&#8243;][et_pb_pricing_table title=&#8221;GT-BUSS MED CYKELH\u00c5LLARE&#8221; subtitle=&#8221;S\u00f6ndag, 7 juni \u2013 20:00&#8243; currency=&#8221;\u20ac&#8221; sum=&#8221;126&#8243; button_url=&#8221;https:\/\/www.runtosanremo.it\/en\/granfondo-milano-sanremo\/shuttle-sanremo-milan-sunday\/&#8221; button_text=&#8221;BOKA NU&#8221; _builder_version=&#8221;4.27.4&#8243; _module_preset=&#8221;default&#8221; hover_enabled=&#8221;0&#8243; global_colors_info=&#8221;{}&#8221; sticky_transition=&#8221;on&#8221; sticky_enabled=&#8221;0&#8243;]<\/p>\n<p>Avg\u00e5ng : Sanremo<br \/>Ankomst : Milano, Settala<br \/>Datum &amp; Tid : S\u00f6ndag, 7 Juni 2026 at 20:00<br \/>Inkl. transport av bagage och cykelk\u00e4rra<br \/>Inte \u00e5terbetalningsbar<\/p>\n<p>[\/et_pb_pricing_table][\/et_pb_pricing_tables][et_pb_text admin_label=&#8221;Text&#8221; _builder_version=&#8221;4.19.5&#8243; background_size=&#8221;initial&#8221; background_position=&#8221;top_left&#8221; background_repeat=&#8221;repeat&#8221; global_colors_info=&#8221;{}&#8221;]<\/p>\n<p><strong>V\u00e4nligen observera:<\/strong><br \/><em>Eftersom deltagandet i Milano &#8211; San remo Cyclosportive i f\u00f6rsta hand \u00e4r menat att vara en rolig upplevelse \u00e4r det viktigt f\u00f6r oss att alla kommer med p\u00e5 bussen.<\/em><br \/><em> Den faktiska tidtabellen f\u00f6r avg\u00e5ng kommer att p\u00e5verkas av ankomsttiden hos cyklisterna som har bokat transport.<\/em><br \/><em> Du b\u00f6r ocks\u00e5 vara beredd p\u00e5 att resan p\u00e5 s\u00f6ndag kv\u00e4ll kan ta l\u00e4ngre tid, eftersom den sammanfaller med slutet p\u00e5 semestern f\u00f6r flera tusen m\u00e4nniskor som d\u00e4rmed \u00e5terv\u00e4nder till staden.<\/em><br \/><em> Om du m\u00e5ste anl\u00e4nda till Milano en best\u00e4md tid r\u00e5der vi dig att kontakta oss s\u00e5 kan vi hj\u00e4lpa dig att organisera en personlig transportservice.<\/em><\/p>\n<h4>RESERVATIONSPOLICY<\/h4>\n<p>L\u00e4s noga igenom reservationspolicyn f\u00f6r bussen fr\u00e5n San Remo till Milano p\u00e5 <a href=\"https:\/\/milano-sanremo.org\/sv\/information\/reservationspolicy\/\" target=\"_blank\" rel=\"noopener noreferrer\">den h\u00e4r sidan<\/a>.<\/p>\n<h4>TRANSFER FR\u00c5N ANKOMSTEN I PALAFIORI TILL HOTELLEN I SANREMO<\/h4>\n<p>Alla som har bokat sin vistelse i Sanremo genom Nyala Wonder Travels webbplats kan dra nytta av gratis transport med minibuss fr\u00e5n Palafiori till hotellet. Kontakta agenturen inne i Palafiori.<\/p>\n<h4>PRIVATA TRANSFERS FR\u00c5N SANREMO TILL MILANO<\/h4>\n<p>P\u00e5 v\u00e5r webbplats \u00e4r det m\u00f6jligt att k\u00f6pa t\u00e5gbiljetter fr\u00e5n Sanremo till Milano och boka privata transfers med minibuss.<\/p>\n<table style=\"width: 100%;\">\n<thead>\n<tr>\n<th style=\"width: 25%;\">Transfer<\/th>\n<th style=\"width: 25%;\">Avg\u00e5ng<\/th>\n<th style=\"width: 25%;\">Ankomst<\/th>\n<th style=\"width: 25%;\">Kostnad<\/th>\n<\/tr>\n<\/thead>\n<tbody>\n<tr>\n<td>REGIONALT T\u00c5G<\/td>\n<td>Sanremo<\/td>\n<td>Milano Centrale<\/td>\n<td>&nbsp;p\u00e5 beg\u00e4ran<\/td>\n<\/tr>\n<tr>\n<td>INTERCITY-T\u00c5G<\/td>\n<td>Sanremo<\/td>\n<td>Milano Centrale<\/td>\n<td>&nbsp;p\u00e5 beg\u00e4ran<\/td>\n<\/tr>\n<tr>\n<td>Minibuss med chauff\u00f6r<\/td>\n<td>Sanremo<\/td>\n<td>Milano<\/td>\n<td>&nbsp;p\u00e5 beg\u00e4ran<\/td>\n<\/tr>\n<tr>\n<td>Buss 30\/50 sittplatser<\/td>\n<td>Sanremo<\/td>\n<td>Milano<\/td>\n<td>p\u00e5 beg\u00e4ran<\/td>\n<\/tr>\n<\/tbody>\n<\/table>\n<p>&nbsp;<\/p>\n<p>P\u00e5 regionala t\u00e5g \u00e4r det till\u00e5tet att ta med sig cykel om man betalar ett till\u00e4gg p\u00e5 3,50 \u20ac p\u00e5 stationen.<\/p>\n<p>P\u00e5 Intercity-t\u00e5g \u00e4r det bara till\u00e5tet att ta med sig cykel i en cykell\u00e5da eller cykelv\u00e4ska.<\/p>\n<p>[\/et_pb_text][\/et_pb_column][\/et_pb_row][\/et_pb_section]<\/p>\n","protected":false},"excerpt":{"rendered":"<p>F\u00f6r deltagare i Milano \u2013 Sanremo Amat\u00f6rlopp cyclosportive st\u00e4ller vi ett antal transportmedel till f\u00f6rfogande, som kan bokas direkt p\u00e5 v\u00e5r webbplats. Sittplatserna p\u00e5 bussen \u00e4r begr\u00e4nsade, s\u00e5 vi rekommenderar att du bokar i f\u00f6rv\u00e4g.Avg\u00e5ng : SanremoAnkomst : Milano, SettalaDatum &amp; Tid : S\u00f6ndag, 7 Juni 2026 at 20:00Inkl. transport av bagage och cykelk\u00e4rraInte \u00e5terbetalningsbarV\u00e4nligen [&hellip;]<\/p>\n","protected":false},"author":1,"featured_media":0,"parent":3913,"menu_order":0,"comment_status":"closed","ping_status":"closed","template":"","meta":{"_et_pb_use_builder":"on","_et_pb_old_content":"","_et_gb_content_width":"","ngg_post_thumbnail":0,"footnotes":""},"class_list":["post-3960","page","type-page","status-publish","hentry"],"yoast_head":"<!-- This site is optimized with the Yoast SEO plugin v27.4 - https:\/\/yoast.com\/product\/yoast-seo-wordpress\/ -->\n<title>TRANSPORT | MILANO SANREMO AMATORI 2026 | MILANO SANREMO AMAT\u00d6RER 7 JUNI 2026 | OFFICIELL WEBBPLATS<\/title>\n<meta name=\"description\" content=\"TRANSPORT\" \/>\n<meta name=\"robots\" content=\"index, follow, max-snippet:-1, max-image-preview:large, max-video-preview:-1\" \/>\n<link rel=\"canonical\" href=\"https:\/\/milano-sanremo.org\/sv\/resa\/transport-2\/\" \/>\n<meta property=\"og:locale\" content=\"sv_SE\" \/>\n<meta property=\"og:type\" content=\"article\" \/>\n<meta property=\"og:title\" content=\"TRANSPORT | MILANO SANREMO AMATORI 2026 | MILANO SANREMO AMAT\u00d6RER 7 JUNI 2026 | OFFICIELL WEBBPLATS\" \/>\n<meta property=\"og:description\" content=\"TRANSPORT\" \/>\n<meta property=\"og:url\" content=\"https:\/\/milano-sanremo.org\/sv\/resa\/transport-2\/\" \/>\n<meta property=\"og:site_name\" content=\"MILANO SANREMO AMATORI 2026\" \/>\n<meta property=\"article:modified_time\" content=\"2025-10-23T12:57:05+00:00\" \/>\n<meta name=\"twitter:card\" content=\"summary_large_image\" \/>\n<meta name=\"twitter:label1\" content=\"Ber\u00e4knad l\u00e4stid\" \/>\n\t<meta name=\"twitter:data1\" content=\"2 minuter\" \/>\n<script type=\"application\/ld+json\" class=\"yoast-schema-graph\">{\"@context\":\"https:\\\/\\\/schema.org\",\"@graph\":[{\"@type\":\"WebPage\",\"@id\":\"https:\\\/\\\/milano-sanremo.org\\\/sv\\\/resa\\\/transport-2\\\/\",\"url\":\"https:\\\/\\\/milano-sanremo.org\\\/sv\\\/resa\\\/transport-2\\\/\",\"name\":\"TRANSPORT | MILANO SANREMO AMATORI 2026 | MILANO SANREMO AMAT\u00d6RER 7 JUNI 2026 | OFFICIELL WEBBPLATS\",\"isPartOf\":{\"@id\":\"https:\\\/\\\/milano-sanremo.org\\\/sv\\\/#website\"},\"datePublished\":\"2013-10-06T12:17:19+00:00\",\"dateModified\":\"2025-10-23T12:57:05+00:00\",\"description\":\"TRANSPORT\",\"breadcrumb\":{\"@id\":\"https:\\\/\\\/milano-sanremo.org\\\/sv\\\/resa\\\/transport-2\\\/#breadcrumb\"},\"inLanguage\":\"sv-SE\",\"potentialAction\":[{\"@type\":\"ReadAction\",\"target\":[\"https:\\\/\\\/milano-sanremo.org\\\/sv\\\/resa\\\/transport-2\\\/\"]}]},{\"@type\":\"BreadcrumbList\",\"@id\":\"https:\\\/\\\/milano-sanremo.org\\\/sv\\\/resa\\\/transport-2\\\/#breadcrumb\",\"itemListElement\":[{\"@type\":\"ListItem\",\"position\":1,\"name\":\"Home\",\"item\":\"https:\\\/\\\/milano-sanremo.org\\\/sv\\\/\"},{\"@type\":\"ListItem\",\"position\":2,\"name\":\"RESA\",\"item\":\"https:\\\/\\\/milano-sanremo.org\\\/sv\\\/viaggio\\\/\"},{\"@type\":\"ListItem\",\"position\":3,\"name\":\"TRANSPORT\"}]},{\"@type\":\"WebSite\",\"@id\":\"https:\\\/\\\/milano-sanremo.org\\\/sv\\\/#website\",\"url\":\"https:\\\/\\\/milano-sanremo.org\\\/sv\\\/\",\"name\":\"MILANO SANREMO AMATORI 2026\",\"description\":\"MILANO SANREMO AMAT\u00d6RER 7 JUNI 2026 | OFFICIELL WEBBPLATS\",\"potentialAction\":[{\"@type\":\"SearchAction\",\"target\":{\"@type\":\"EntryPoint\",\"urlTemplate\":\"https:\\\/\\\/milano-sanremo.org\\\/sv\\\/?s={search_term_string}\"},\"query-input\":{\"@type\":\"PropertyValueSpecification\",\"valueRequired\":true,\"valueName\":\"search_term_string\"}}],\"inLanguage\":\"sv-SE\"}]}<\/script>\n<!-- \/ Yoast SEO plugin. -->","yoast_head_json":{"title":"TRANSPORT | MILANO SANREMO AMATORI 2026 | MILANO SANREMO AMAT\u00d6RER 7 JUNI 2026 | OFFICIELL WEBBPLATS","description":"TRANSPORT","robots":{"index":"index","follow":"follow","max-snippet":"max-snippet:-1","max-image-preview":"max-image-preview:large","max-video-preview":"max-video-preview:-1"},"canonical":"https:\/\/milano-sanremo.org\/sv\/resa\/transport-2\/","og_locale":"sv_SE","og_type":"article","og_title":"TRANSPORT | MILANO SANREMO AMATORI 2026 | MILANO SANREMO AMAT\u00d6RER 7 JUNI 2026 | OFFICIELL WEBBPLATS","og_description":"TRANSPORT","og_url":"https:\/\/milano-sanremo.org\/sv\/resa\/transport-2\/","og_site_name":"MILANO SANREMO AMATORI 2026","article_modified_time":"2025-10-23T12:57:05+00:00","twitter_card":"summary_large_image","twitter_misc":{"Ber\u00e4knad l\u00e4stid":"2 minuter"},"schema":{"@context":"https:\/\/schema.org","@graph":[{"@type":"WebPage","@id":"https:\/\/milano-sanremo.org\/sv\/resa\/transport-2\/","url":"https:\/\/milano-sanremo.org\/sv\/resa\/transport-2\/","name":"TRANSPORT | MILANO SANREMO AMATORI 2026 | MILANO SANREMO AMAT\u00d6RER 7 JUNI 2026 | OFFICIELL WEBBPLATS","isPartOf":{"@id":"https:\/\/milano-sanremo.org\/sv\/#website"},"datePublished":"2013-10-06T12:17:19+00:00","dateModified":"2025-10-23T12:57:05+00:00","description":"TRANSPORT","breadcrumb":{"@id":"https:\/\/milano-sanremo.org\/sv\/resa\/transport-2\/#breadcrumb"},"inLanguage":"sv-SE","potentialAction":[{"@type":"ReadAction","target":["https:\/\/milano-sanremo.org\/sv\/resa\/transport-2\/"]}]},{"@type":"BreadcrumbList","@id":"https:\/\/milano-sanremo.org\/sv\/resa\/transport-2\/#breadcrumb","itemListElement":[{"@type":"ListItem","position":1,"name":"Home","item":"https:\/\/milano-sanremo.org\/sv\/"},{"@type":"ListItem","position":2,"name":"RESA","item":"https:\/\/milano-sanremo.org\/sv\/viaggio\/"},{"@type":"ListItem","position":3,"name":"TRANSPORT"}]},{"@type":"WebSite","@id":"https:\/\/milano-sanremo.org\/sv\/#website","url":"https:\/\/milano-sanremo.org\/sv\/","name":"MILANO SANREMO AMATORI 2026","description":"MILANO SANREMO AMAT\u00d6RER 7 JUNI 2026 | OFFICIELL WEBBPLATS","potentialAction":[{"@type":"SearchAction","target":{"@type":"EntryPoint","urlTemplate":"https:\/\/milano-sanremo.org\/sv\/?s={search_term_string}"},"query-input":{"@type":"PropertyValueSpecification","valueRequired":true,"valueName":"search_term_string"}}],"inLanguage":"sv-SE"}]}},"_links":{"self":[{"href":"https:\/\/milano-sanremo.org\/sv\/wp-json\/wp\/v2\/pages\/3960","targetHints":{"allow":["GET"]}}],"collection":[{"href":"https:\/\/milano-sanremo.org\/sv\/wp-json\/wp\/v2\/pages"}],"about":[{"href":"https:\/\/milano-sanremo.org\/sv\/wp-json\/wp\/v2\/types\/page"}],"author":[{"embeddable":true,"href":"https:\/\/milano-sanremo.org\/sv\/wp-json\/wp\/v2\/users\/1"}],"replies":[{"embeddable":true,"href":"https:\/\/milano-sanremo.org\/sv\/wp-json\/wp\/v2\/comments?post=3960"}],"version-history":[{"count":32,"href":"https:\/\/milano-sanremo.org\/sv\/wp-json\/wp\/v2\/pages\/3960\/revisions"}],"predecessor-version":[{"id":14878,"href":"https:\/\/milano-sanremo.org\/sv\/wp-json\/wp\/v2\/pages\/3960\/revisions\/14878"}],"up":[{"embeddable":true,"href":"https:\/\/milano-sanremo.org\/sv\/wp-json\/wp\/v2\/pages\/3913"}],"wp:attachment":[{"href":"https:\/\/milano-sanremo.org\/sv\/wp-json\/wp\/v2\/media?parent=3960"}],"curies":[{"name":"wp","href":"https:\/\/api.w.org\/{rel}","templated":true}]}}