{"id":4645,"date":"2013-11-13T14:33:56","date_gmt":"2013-11-13T14:33:56","guid":{"rendered":"http:\/\/milano-sanremo.org\/wordpress\/?page_id=4645"},"modified":"2025-05-27T10:54:10","modified_gmt":"2025-05-27T10:54:10","slug":"bagage","status":"publish","type":"page","link":"https:\/\/milano-sanremo.org\/sv\/resa\/transport-2\/bagage\/","title":{"rendered":"Bagage"},"content":{"rendered":"<h2>V\u00e5rt m\u00e5l \u00e4r att ta hand om resans alla detaljer, inklusive bagagetransporten fr\u00e5n Milano till Sanremo, s\u00e5 att att du kan fokusera p\u00e5 t\u00e4vlingen.<\/h2>\n<p>Organisationen erbjuder en bagagetransporttj\u00e4nst fr\u00e5n Milano till Sanremo som inkluderar f\u00f6ljande:<\/p>\n<p>[table class=&#8221;table_white&#8221; shadow=&#8221;false&#8221;]<\/p>\n<div>\n<table style=\"width: 100%;\">\n<thead>\n<tr>\n<th style=\"width: 25%;\">Bagage<\/th>\n<th style=\"width: 25%;\">fr\u00e5n<\/th>\n<th style=\"width: 25%;\">till<\/th>\n<th style=\"width: 25%;\">Kostnad<\/th>\n<\/tr>\n<\/thead>\n<tbody>\n<tr>\n<td>Ryggs\u00e4ck<\/td>\n<td>Avreseort (Milano)<\/td>\n<td>Palafiori (Sanremo)<\/td>\n<td style=\"text-align: center;\">gratis<\/td>\n<\/tr>\n<tr>\n<td>Tom cykelv\u00e4ska<\/td>\n<td>Anslutet hotell (Milano)<\/td>\n<td>Anslutet hotell (Sanremo)<\/td>\n<td style=\"text-align: center;\">20,00 \u20ac<\/td>\n<\/tr>\n<tr>\n<td>V\u00e4ska<\/td>\n<td>Anslutet hotell (Milano)<\/td>\n<td>Anslutet hotell (Sanremo)<\/td>\n<td style=\"text-align: center;\">20,00 \u20ac<\/td>\n<\/tr>\n<\/tbody>\n<\/table>\n<\/div>\n<p>[\/table]<\/p>\n<h4>&nbsp;<\/h4>\n<h4>RYGGS\u00c4CKAR OCH SM\u00c5 V\u00c4SKOR<\/h4>\n<p>Ryggs\u00e4ckar och sm\u00e5 v\u00e4skor som inneh\u00e5ller det n\u00f6dv\u00e4ndiga f\u00f6r en dusch eller ett ombyte kan medtas gratis. V\u00e4skorna m\u00e5ste tas till organisationens buss, som kommer att st\u00e5 n\u00e4ra startpunkten kl. 06:00 p\u00e5 s\u00f6ndag.<\/p>\n<h4>BOKNINGSREGLER<\/h4>\n<p>L\u00e4s noga igenom bokningsreglerna f\u00f6r v\u00e4skor och tomma cykelv\u00e4skor p\u00e5 <a href=\"http:\/\/milano-sanremo.org\/en\/reservation-policy\/\" target=\"_blank\" rel=\"noopener\">den h\u00e4r sidan<\/a><\/p>\n<h4>ANSVAR<\/h4>\n<p>Bagaget fraktas p\u00e5 \u00e4garens risk. Organisationen ansvarar inte f\u00f6r n\u00e5gra skador eller f\u00f6rluster.<\/p>\n<h4>V\u00c4RDESAKER<\/h4>\n<p>Vi r\u00e5der dig att inte l\u00e4gga n\u00e5gra v\u00e4rdesaker, pengar eller identitetshandlingar i v\u00e4skorna.<\/p>\n<h4>F\u00d6RS\u00c4KRING<\/h4>\n<p>Om du vill kan du k\u00f6pa en resef\u00f6rs\u00e4kring med en kompletterande resegodsf\u00f6rs\u00e4kring till ett maxv\u00e4rde av 500, 1000 eller 1500 euro.<\/p>\n<p>&nbsp;<\/p>\n<div>&nbsp;<\/div>\n<p>&nbsp;<\/p>\n","protected":false},"excerpt":{"rendered":"<p>V\u00e5rt m\u00e5l \u00e4r att ta hand om resans alla detaljer, inklusive bagagetransporten fr\u00e5n Milano till Sanremo, s\u00e5 att att du kan fokusera p\u00e5 t\u00e4vlingen. Organisationen erbjuder en bagagetransporttj\u00e4nst fr\u00e5n Milano till Sanremo som inkluderar f\u00f6ljande: [table class=&#8221;table_white&#8221; shadow=&#8221;false&#8221;] Bagage fr\u00e5n till Kostnad Ryggs\u00e4ck Avreseort (Milano) Palafiori (Sanremo) gratis Tom cykelv\u00e4ska Anslutet hotell (Milano) Anslutet hotell [&hellip;]<\/p>\n","protected":false},"author":1,"featured_media":0,"parent":3960,"menu_order":0,"comment_status":"closed","ping_status":"closed","template":"","meta":{"_et_pb_use_builder":"","_et_pb_old_content":"","_et_gb_content_width":"","ngg_post_thumbnail":0,"footnotes":""},"class_list":["post-4645","page","type-page","status-publish","hentry"],"yoast_head":"<!-- This site is optimized with the Yoast SEO plugin v27.4 - https:\/\/yoast.com\/product\/yoast-seo-wordpress\/ -->\n<title>Bagage | MILANO SANREMO AMATORI 2026 | MILANO SANREMO AMAT\u00d6RER 7 JUNI 2026 | OFFICIELL WEBBPLATS<\/title>\n<meta name=\"description\" content=\"Bagage\" \/>\n<meta name=\"robots\" content=\"index, follow, max-snippet:-1, max-image-preview:large, max-video-preview:-1\" \/>\n<link rel=\"canonical\" href=\"https:\/\/milano-sanremo.org\/sv\/resa\/transport-2\/bagage\/\" \/>\n<meta property=\"og:locale\" content=\"sv_SE\" \/>\n<meta property=\"og:type\" content=\"article\" \/>\n<meta property=\"og:title\" content=\"Bagage | MILANO SANREMO AMATORI 2026 | MILANO SANREMO AMAT\u00d6RER 7 JUNI 2026 | OFFICIELL WEBBPLATS\" \/>\n<meta property=\"og:description\" content=\"Bagage\" \/>\n<meta property=\"og:url\" content=\"https:\/\/milano-sanremo.org\/sv\/resa\/transport-2\/bagage\/\" \/>\n<meta property=\"og:site_name\" content=\"MILANO SANREMO AMATORI 2026\" \/>\n<meta property=\"article:modified_time\" content=\"2025-05-27T10:54:10+00:00\" \/>\n<meta name=\"twitter:card\" content=\"summary_large_image\" \/>\n<meta name=\"twitter:label1\" content=\"Ber\u00e4knad l\u00e4stid\" \/>\n\t<meta name=\"twitter:data1\" content=\"1 minut\" \/>\n<script type=\"application\/ld+json\" class=\"yoast-schema-graph\">{\"@context\":\"https:\\\/\\\/schema.org\",\"@graph\":[{\"@type\":\"WebPage\",\"@id\":\"https:\\\/\\\/milano-sanremo.org\\\/sv\\\/resa\\\/transport-2\\\/bagage\\\/\",\"url\":\"https:\\\/\\\/milano-sanremo.org\\\/sv\\\/resa\\\/transport-2\\\/bagage\\\/\",\"name\":\"Bagage | MILANO SANREMO AMATORI 2026 | MILANO SANREMO AMAT\u00d6RER 7 JUNI 2026 | OFFICIELL WEBBPLATS\",\"isPartOf\":{\"@id\":\"https:\\\/\\\/milano-sanremo.org\\\/sv\\\/#website\"},\"datePublished\":\"2013-11-13T14:33:56+00:00\",\"dateModified\":\"2025-05-27T10:54:10+00:00\",\"description\":\"Bagage\",\"breadcrumb\":{\"@id\":\"https:\\\/\\\/milano-sanremo.org\\\/sv\\\/resa\\\/transport-2\\\/bagage\\\/#breadcrumb\"},\"inLanguage\":\"sv-SE\",\"potentialAction\":[{\"@type\":\"ReadAction\",\"target\":[\"https:\\\/\\\/milano-sanremo.org\\\/sv\\\/resa\\\/transport-2\\\/bagage\\\/\"]}]},{\"@type\":\"BreadcrumbList\",\"@id\":\"https:\\\/\\\/milano-sanremo.org\\\/sv\\\/resa\\\/transport-2\\\/bagage\\\/#breadcrumb\",\"itemListElement\":[{\"@type\":\"ListItem\",\"position\":1,\"name\":\"Home\",\"item\":\"https:\\\/\\\/milano-sanremo.org\\\/sv\\\/\"},{\"@type\":\"ListItem\",\"position\":2,\"name\":\"RESA\",\"item\":\"https:\\\/\\\/milano-sanremo.org\\\/sv\\\/viaggio\\\/\"},{\"@type\":\"ListItem\",\"position\":3,\"name\":\"TRANSPORT\",\"item\":\"https:\\\/\\\/milano-sanremo.org\\\/sv\\\/resa\\\/transport-2\\\/\"},{\"@type\":\"ListItem\",\"position\":4,\"name\":\"Bagage\"}]},{\"@type\":\"WebSite\",\"@id\":\"https:\\\/\\\/milano-sanremo.org\\\/sv\\\/#website\",\"url\":\"https:\\\/\\\/milano-sanremo.org\\\/sv\\\/\",\"name\":\"MILANO SANREMO AMATORI 2026\",\"description\":\"MILANO SANREMO AMAT\u00d6RER 7 JUNI 2026 | OFFICIELL WEBBPLATS\",\"potentialAction\":[{\"@type\":\"SearchAction\",\"target\":{\"@type\":\"EntryPoint\",\"urlTemplate\":\"https:\\\/\\\/milano-sanremo.org\\\/sv\\\/?s={search_term_string}\"},\"query-input\":{\"@type\":\"PropertyValueSpecification\",\"valueRequired\":true,\"valueName\":\"search_term_string\"}}],\"inLanguage\":\"sv-SE\"}]}<\/script>\n<!-- \/ Yoast SEO plugin. -->","yoast_head_json":{"title":"Bagage | MILANO SANREMO AMATORI 2026 | MILANO SANREMO AMAT\u00d6RER 7 JUNI 2026 | OFFICIELL WEBBPLATS","description":"Bagage","robots":{"index":"index","follow":"follow","max-snippet":"max-snippet:-1","max-image-preview":"max-image-preview:large","max-video-preview":"max-video-preview:-1"},"canonical":"https:\/\/milano-sanremo.org\/sv\/resa\/transport-2\/bagage\/","og_locale":"sv_SE","og_type":"article","og_title":"Bagage | MILANO SANREMO AMATORI 2026 | MILANO SANREMO AMAT\u00d6RER 7 JUNI 2026 | OFFICIELL WEBBPLATS","og_description":"Bagage","og_url":"https:\/\/milano-sanremo.org\/sv\/resa\/transport-2\/bagage\/","og_site_name":"MILANO SANREMO AMATORI 2026","article_modified_time":"2025-05-27T10:54:10+00:00","twitter_card":"summary_large_image","twitter_misc":{"Ber\u00e4knad l\u00e4stid":"1 minut"},"schema":{"@context":"https:\/\/schema.org","@graph":[{"@type":"WebPage","@id":"https:\/\/milano-sanremo.org\/sv\/resa\/transport-2\/bagage\/","url":"https:\/\/milano-sanremo.org\/sv\/resa\/transport-2\/bagage\/","name":"Bagage | MILANO SANREMO AMATORI 2026 | MILANO SANREMO AMAT\u00d6RER 7 JUNI 2026 | OFFICIELL WEBBPLATS","isPartOf":{"@id":"https:\/\/milano-sanremo.org\/sv\/#website"},"datePublished":"2013-11-13T14:33:56+00:00","dateModified":"2025-05-27T10:54:10+00:00","description":"Bagage","breadcrumb":{"@id":"https:\/\/milano-sanremo.org\/sv\/resa\/transport-2\/bagage\/#breadcrumb"},"inLanguage":"sv-SE","potentialAction":[{"@type":"ReadAction","target":["https:\/\/milano-sanremo.org\/sv\/resa\/transport-2\/bagage\/"]}]},{"@type":"BreadcrumbList","@id":"https:\/\/milano-sanremo.org\/sv\/resa\/transport-2\/bagage\/#breadcrumb","itemListElement":[{"@type":"ListItem","position":1,"name":"Home","item":"https:\/\/milano-sanremo.org\/sv\/"},{"@type":"ListItem","position":2,"name":"RESA","item":"https:\/\/milano-sanremo.org\/sv\/viaggio\/"},{"@type":"ListItem","position":3,"name":"TRANSPORT","item":"https:\/\/milano-sanremo.org\/sv\/resa\/transport-2\/"},{"@type":"ListItem","position":4,"name":"Bagage"}]},{"@type":"WebSite","@id":"https:\/\/milano-sanremo.org\/sv\/#website","url":"https:\/\/milano-sanremo.org\/sv\/","name":"MILANO SANREMO AMATORI 2026","description":"MILANO SANREMO AMAT\u00d6RER 7 JUNI 2026 | OFFICIELL WEBBPLATS","potentialAction":[{"@type":"SearchAction","target":{"@type":"EntryPoint","urlTemplate":"https:\/\/milano-sanremo.org\/sv\/?s={search_term_string}"},"query-input":{"@type":"PropertyValueSpecification","valueRequired":true,"valueName":"search_term_string"}}],"inLanguage":"sv-SE"}]}},"_links":{"self":[{"href":"https:\/\/milano-sanremo.org\/sv\/wp-json\/wp\/v2\/pages\/4645","targetHints":{"allow":["GET"]}}],"collection":[{"href":"https:\/\/milano-sanremo.org\/sv\/wp-json\/wp\/v2\/pages"}],"about":[{"href":"https:\/\/milano-sanremo.org\/sv\/wp-json\/wp\/v2\/types\/page"}],"author":[{"embeddable":true,"href":"https:\/\/milano-sanremo.org\/sv\/wp-json\/wp\/v2\/users\/1"}],"replies":[{"embeddable":true,"href":"https:\/\/milano-sanremo.org\/sv\/wp-json\/wp\/v2\/comments?post=4645"}],"version-history":[{"count":14,"href":"https:\/\/milano-sanremo.org\/sv\/wp-json\/wp\/v2\/pages\/4645\/revisions"}],"predecessor-version":[{"id":14725,"href":"https:\/\/milano-sanremo.org\/sv\/wp-json\/wp\/v2\/pages\/4645\/revisions\/14725"}],"up":[{"embeddable":true,"href":"https:\/\/milano-sanremo.org\/sv\/wp-json\/wp\/v2\/pages\/3960"}],"wp:attachment":[{"href":"https:\/\/milano-sanremo.org\/sv\/wp-json\/wp\/v2\/media?parent=4645"}],"curies":[{"name":"wp","href":"https:\/\/api.w.org\/{rel}","templated":true}]}}