{"id":7192,"date":"2016-01-28T10:21:09","date_gmt":"2016-01-28T10:21:09","guid":{"rendered":"http:\/\/milano-sanremo.org\/?page_id=7192"},"modified":"2016-11-17T16:27:54","modified_gmt":"2016-11-17T16:27:54","slug":"reservationspolicy","status":"publish","type":"page","link":"https:\/\/milano-sanremo.org\/sv\/information\/reservationspolicy\/","title":{"rendered":"Bokningsregler"},"content":{"rendered":"<p>Nedan visas de bokningsregler som g\u00e4ller n\u00e4r en eller flera av v\u00e5ra bokningsbara produkter avbest\u00e4lls.<\/p>\n<h4><strong>REGISTRERING &#8211; Avbest\u00e4llning<\/strong><\/h4>\n<p>Registreringsavgiften \u00e4r inte \u00e5terbetalningsbar.<\/p>\n<p>Om avbest\u00e4llningen sker innan 30:e April kommer en kupong att ges som ger en rabatt p\u00e5 50% p\u00e5 n\u00e4sta lopp.<\/p>\n<p>Om avbest\u00e4llningen sker efter 1:a Maj, sker ingen kompensation.<\/p>\n<p>Avbest\u00e4llningar m\u00e5ste ske via E-post.<\/p>\n<h4><strong>REGISTRERING\u00a0 \u2013 ers\u00e4ttare<br \/>\n<\/strong><\/h4>\n<p>Det \u00e4r m\u00f6jligt att l\u00e4gga till en ers\u00e4ttare innan 30:e April via <a href=\"mailto:assistenza@nyalatravel.com\" target=\"_blank\">e-post<\/a>.<\/p>\n<p>En till\u00e4ggsavgift p\u00e5 \u20ac 25.00 tillkommer f\u00f6r att t\u00e4cka kostnaderna f\u00f6r att hantera beg\u00e4ran.<\/p>\n<h4><strong>DAGSLICENS<\/strong><\/h4>\n<p>Deadline f\u00f6r registrering med dagslicens: 30:e April.<\/p>\n<p>Dagslicenser m\u00e5ste best\u00e4llas samtidigt som registreringen.<\/p>\n<p>I de fall d\u00e4r en dagslicens best\u00e4lls efter registreringen (men innan slutet av april) tillkommer en avgift p\u00e5 5\u20ac, f\u00f6r att t\u00e4cka kostnaden f\u00f6r att hantera best\u00e4llningen.<\/p>\n<p>Det \u00e4r inte m\u00f6jligt att betala dagslicensen n\u00e4r du h\u00e4mtar t\u00e4vlingspaketet.<\/p>\n<h4><strong>HOTELL &#8211; hotellreservationer<\/strong><\/h4>\n<p>L\u00e4s noga igenom &#8221;Kontraktvillkor f\u00f6r f\u00f6rs\u00e4ljning av turistpaket och tj\u00e4nster&#8221; som visas sist p\u00e5 sidan. H\u00e4r visas avbokningsp\u00e5f\u00f6ljderna:<\/p>\n<ul>\n<li>upp till 40 kalenderdagar innan start: 0%;<\/li>\n<li>28-39 kalenderdagar innan start: 25%;<\/li>\n<li>15-27 kalenderdagar innan start: 50%;<\/li>\n<li>8-14 kalenderdagar innan start: 75%;<\/li>\n<li>inom 7 kalenderdagar innan start: 100%.<\/li>\n<\/ul>\n<p>I varje instans tillkommer en serviceavgift p\u00e5 20\u20ac f\u00f6r delvis avbest\u00e4llning, eller 40\u20ac f\u00f6r fullst\u00e4ndig avbest\u00e4llning.<\/p>\n<p>TIDIG BOKNINGSAVGIFT<\/p>\n<p>Den tidiga bokningsavgiften \u00e4r g\u00e4ller reservationer som \u00e4r placerade och fullt betalda innan 31 januari. Den tidiga bokningsavgiften \u00e4r inte \u00e5terbetalningsbar, vare sig den anv\u00e4nds eller inte, oavsett anledning.<\/p>\n<h4><strong>TRANSPORTER<\/strong><\/h4>\n<h5><strong>Autobus fr\u00e5n San Remo till Milano<\/strong><\/h5>\n<p>Policyn f\u00f6r bussreservation \u00e4r enligt f\u00f6ljande:<\/p>\n<ul>\n<li>Buss S\u00f6ndag 8.00 och m\u00e5ndag vid 9.30.\n<ul>\n<li>ej \u00e5terbetalningsbar, \u00e4ven om den inte anv\u00e4nts<\/li>\n<\/ul>\n<\/li>\n<\/ul>\n<p><strong>Autobus fr\u00e5n Milano till San Remo<\/strong> (f\u00f6r familj och v\u00e4nner)<\/p>\n<ul>\n<li>Buss S\u00f6ndag vid 8.00am\n<ul>\n<li>gratis avbest\u00e4llning fram till den 31:a Mars<\/li>\n<li>100% avgift f\u00f6r avbest\u00e4llningar utanf\u00f6r villkoren<\/li>\n<\/ul>\n<\/li>\n<\/ul>\n<h4><strong>TRANSPORT FR\u00c5N FLYGPLATS<\/strong><\/h4>\n<p>Vid flygf\u00f6rseningar p\u00e5 \u00f6ver en timme, tillkommer en serviceavgift som betalas direkt till chauff\u00f6ren.<\/p>\n<h4><strong>BAGAGESERVICE DIREKT TILL D\u00d6RREN<\/strong><\/h4>\n<p>Transport av bagage m\u00e5ste arrangeras online innan.<br \/>\nEn etikett i A4 format kan skrivas ut fr\u00e5n systemet &#8211; denna ska placeras p\u00e5 v\u00e4skan p\u00e5 ett s\u00e5dant s\u00e4tt att personalen kan identifiera v\u00e4skan och hotellet dit den ska levereras.<br \/>\nS\u00e5 snart en v\u00e4ska har identifierats ska den l\u00e4mnas i lobbyn p\u00e5 hotellet i Milano, f\u00f6r att levereras till hotellet i San Remo.<br \/>\nF\u00f6r att s\u00e4kerst\u00e4lla effektiv hantering av bagaget \u00e4r det inte m\u00f6jligt att hantera bagaget f\u00f6r de som inte har bokat hotell p\u00e5 den officiella sidan.<\/p>\n<h4><strong>\u00c5TERBETALNINGAR<\/strong><\/h4>\n<p>Avbokningar och \u00e5terbetalningar hanteras efter evenemanget.<\/p>\n","protected":false},"excerpt":{"rendered":"<p>Nedan visas de bokningsregler som g\u00e4ller n\u00e4r en eller flera av v\u00e5ra bokningsbara produkter avbest\u00e4lls. REGISTRERING &#8211; Avbest\u00e4llning Registreringsavgiften \u00e4r inte \u00e5terbetalningsbar. Om avbest\u00e4llningen sker innan 30:e April kommer en kupong att ges som ger en rabatt p\u00e5 50% p\u00e5 n\u00e4sta lopp. Om avbest\u00e4llningen sker efter 1:a Maj, sker ingen kompensation. Avbest\u00e4llningar m\u00e5ste ske via [&hellip;]<\/p>\n","protected":false},"author":1,"featured_media":0,"parent":3896,"menu_order":0,"comment_status":"closed","ping_status":"closed","template":"","meta":{"_et_pb_use_builder":"","_et_pb_old_content":"","_et_gb_content_width":"","ngg_post_thumbnail":0,"footnotes":""},"class_list":["post-7192","page","type-page","status-publish","hentry"],"yoast_head":"<!-- This site is optimized with the Yoast SEO plugin v27.4 - https:\/\/yoast.com\/product\/yoast-seo-wordpress\/ -->\n<title>Bokningsregler | MILANO SANREMO AMATORI 2026 | MILANO SANREMO AMAT\u00d6RER 7 JUNI 2026 | OFFICIELL WEBBPLATS<\/title>\n<meta name=\"description\" content=\"Bokningsregler\" \/>\n<meta name=\"robots\" content=\"index, follow, max-snippet:-1, max-image-preview:large, max-video-preview:-1\" \/>\n<link rel=\"canonical\" href=\"https:\/\/milano-sanremo.org\/sv\/information\/reservationspolicy\/\" \/>\n<meta property=\"og:locale\" content=\"sv_SE\" \/>\n<meta property=\"og:type\" content=\"article\" \/>\n<meta property=\"og:title\" content=\"Bokningsregler | MILANO SANREMO AMATORI 2026 | MILANO SANREMO AMAT\u00d6RER 7 JUNI 2026 | OFFICIELL WEBBPLATS\" \/>\n<meta property=\"og:description\" content=\"Bokningsregler\" \/>\n<meta property=\"og:url\" content=\"https:\/\/milano-sanremo.org\/sv\/information\/reservationspolicy\/\" \/>\n<meta property=\"og:site_name\" content=\"MILANO SANREMO AMATORI 2026\" \/>\n<meta property=\"article:modified_time\" content=\"2016-11-17T16:27:54+00:00\" \/>\n<meta name=\"twitter:card\" content=\"summary_large_image\" \/>\n<meta name=\"twitter:label1\" content=\"Ber\u00e4knad l\u00e4stid\" \/>\n\t<meta name=\"twitter:data1\" content=\"2 minuter\" \/>\n<script type=\"application\/ld+json\" class=\"yoast-schema-graph\">{\"@context\":\"https:\\\/\\\/schema.org\",\"@graph\":[{\"@type\":\"WebPage\",\"@id\":\"https:\\\/\\\/milano-sanremo.org\\\/sv\\\/information\\\/reservationspolicy\\\/\",\"url\":\"https:\\\/\\\/milano-sanremo.org\\\/sv\\\/information\\\/reservationspolicy\\\/\",\"name\":\"Bokningsregler | MILANO SANREMO AMATORI 2026 | MILANO SANREMO AMAT\u00d6RER 7 JUNI 2026 | OFFICIELL WEBBPLATS\",\"isPartOf\":{\"@id\":\"https:\\\/\\\/milano-sanremo.org\\\/sv\\\/#website\"},\"datePublished\":\"2016-01-28T10:21:09+00:00\",\"dateModified\":\"2016-11-17T16:27:54+00:00\",\"description\":\"Bokningsregler\",\"breadcrumb\":{\"@id\":\"https:\\\/\\\/milano-sanremo.org\\\/sv\\\/information\\\/reservationspolicy\\\/#breadcrumb\"},\"inLanguage\":\"sv-SE\",\"potentialAction\":[{\"@type\":\"ReadAction\",\"target\":[\"https:\\\/\\\/milano-sanremo.org\\\/sv\\\/information\\\/reservationspolicy\\\/\"]}]},{\"@type\":\"BreadcrumbList\",\"@id\":\"https:\\\/\\\/milano-sanremo.org\\\/sv\\\/information\\\/reservationspolicy\\\/#breadcrumb\",\"itemListElement\":[{\"@type\":\"ListItem\",\"position\":1,\"name\":\"Home\",\"item\":\"https:\\\/\\\/milano-sanremo.org\\\/sv\\\/\"},{\"@type\":\"ListItem\",\"position\":2,\"name\":\"INFORMATION\",\"item\":\"https:\\\/\\\/milano-sanremo.org\\\/sv\\\/informazioni-sito\\\/\"},{\"@type\":\"ListItem\",\"position\":3,\"name\":\"Bokningsregler\"}]},{\"@type\":\"WebSite\",\"@id\":\"https:\\\/\\\/milano-sanremo.org\\\/sv\\\/#website\",\"url\":\"https:\\\/\\\/milano-sanremo.org\\\/sv\\\/\",\"name\":\"MILANO SANREMO AMATORI 2026\",\"description\":\"MILANO SANREMO AMAT\u00d6RER 7 JUNI 2026 | OFFICIELL WEBBPLATS\",\"potentialAction\":[{\"@type\":\"SearchAction\",\"target\":{\"@type\":\"EntryPoint\",\"urlTemplate\":\"https:\\\/\\\/milano-sanremo.org\\\/sv\\\/?s={search_term_string}\"},\"query-input\":{\"@type\":\"PropertyValueSpecification\",\"valueRequired\":true,\"valueName\":\"search_term_string\"}}],\"inLanguage\":\"sv-SE\"}]}<\/script>\n<!-- \/ Yoast SEO plugin. -->","yoast_head_json":{"title":"Bokningsregler | MILANO SANREMO AMATORI 2026 | MILANO SANREMO AMAT\u00d6RER 7 JUNI 2026 | OFFICIELL WEBBPLATS","description":"Bokningsregler","robots":{"index":"index","follow":"follow","max-snippet":"max-snippet:-1","max-image-preview":"max-image-preview:large","max-video-preview":"max-video-preview:-1"},"canonical":"https:\/\/milano-sanremo.org\/sv\/information\/reservationspolicy\/","og_locale":"sv_SE","og_type":"article","og_title":"Bokningsregler | MILANO SANREMO AMATORI 2026 | MILANO SANREMO AMAT\u00d6RER 7 JUNI 2026 | OFFICIELL WEBBPLATS","og_description":"Bokningsregler","og_url":"https:\/\/milano-sanremo.org\/sv\/information\/reservationspolicy\/","og_site_name":"MILANO SANREMO AMATORI 2026","article_modified_time":"2016-11-17T16:27:54+00:00","twitter_card":"summary_large_image","twitter_misc":{"Ber\u00e4knad l\u00e4stid":"2 minuter"},"schema":{"@context":"https:\/\/schema.org","@graph":[{"@type":"WebPage","@id":"https:\/\/milano-sanremo.org\/sv\/information\/reservationspolicy\/","url":"https:\/\/milano-sanremo.org\/sv\/information\/reservationspolicy\/","name":"Bokningsregler | MILANO SANREMO AMATORI 2026 | MILANO SANREMO AMAT\u00d6RER 7 JUNI 2026 | OFFICIELL WEBBPLATS","isPartOf":{"@id":"https:\/\/milano-sanremo.org\/sv\/#website"},"datePublished":"2016-01-28T10:21:09+00:00","dateModified":"2016-11-17T16:27:54+00:00","description":"Bokningsregler","breadcrumb":{"@id":"https:\/\/milano-sanremo.org\/sv\/information\/reservationspolicy\/#breadcrumb"},"inLanguage":"sv-SE","potentialAction":[{"@type":"ReadAction","target":["https:\/\/milano-sanremo.org\/sv\/information\/reservationspolicy\/"]}]},{"@type":"BreadcrumbList","@id":"https:\/\/milano-sanremo.org\/sv\/information\/reservationspolicy\/#breadcrumb","itemListElement":[{"@type":"ListItem","position":1,"name":"Home","item":"https:\/\/milano-sanremo.org\/sv\/"},{"@type":"ListItem","position":2,"name":"INFORMATION","item":"https:\/\/milano-sanremo.org\/sv\/informazioni-sito\/"},{"@type":"ListItem","position":3,"name":"Bokningsregler"}]},{"@type":"WebSite","@id":"https:\/\/milano-sanremo.org\/sv\/#website","url":"https:\/\/milano-sanremo.org\/sv\/","name":"MILANO SANREMO AMATORI 2026","description":"MILANO SANREMO AMAT\u00d6RER 7 JUNI 2026 | OFFICIELL WEBBPLATS","potentialAction":[{"@type":"SearchAction","target":{"@type":"EntryPoint","urlTemplate":"https:\/\/milano-sanremo.org\/sv\/?s={search_term_string}"},"query-input":{"@type":"PropertyValueSpecification","valueRequired":true,"valueName":"search_term_string"}}],"inLanguage":"sv-SE"}]}},"_links":{"self":[{"href":"https:\/\/milano-sanremo.org\/sv\/wp-json\/wp\/v2\/pages\/7192","targetHints":{"allow":["GET"]}}],"collection":[{"href":"https:\/\/milano-sanremo.org\/sv\/wp-json\/wp\/v2\/pages"}],"about":[{"href":"https:\/\/milano-sanremo.org\/sv\/wp-json\/wp\/v2\/types\/page"}],"author":[{"embeddable":true,"href":"https:\/\/milano-sanremo.org\/sv\/wp-json\/wp\/v2\/users\/1"}],"replies":[{"embeddable":true,"href":"https:\/\/milano-sanremo.org\/sv\/wp-json\/wp\/v2\/comments?post=7192"}],"version-history":[{"count":6,"href":"https:\/\/milano-sanremo.org\/sv\/wp-json\/wp\/v2\/pages\/7192\/revisions"}],"predecessor-version":[{"id":7194,"href":"https:\/\/milano-sanremo.org\/sv\/wp-json\/wp\/v2\/pages\/7192\/revisions\/7194"}],"up":[{"embeddable":true,"href":"https:\/\/milano-sanremo.org\/sv\/wp-json\/wp\/v2\/pages\/3896"}],"wp:attachment":[{"href":"https:\/\/milano-sanremo.org\/sv\/wp-json\/wp\/v2\/media?parent=7192"}],"curies":[{"name":"wp","href":"https:\/\/api.w.org\/{rel}","templated":true}]}}