{"id":7931,"date":"2016-11-17T16:03:23","date_gmt":"2016-11-17T16:03:23","guid":{"rendered":"http:\/\/milano-sanremo.org\/?page_id=7931"},"modified":"2025-06-06T16:22:46","modified_gmt":"2025-06-06T16:22:46","slug":"tilldelning-av-nummerlappar","status":"publish","type":"page","link":"https:\/\/milano-sanremo.org\/sv\/registrera\/tilldelning-av-nummerlappar\/","title":{"rendered":"Utdelning av nummerlappar"},"content":{"rendered":"<p>[et_pb_section fb_built=&#8221;1&#8243; admin_label=&#8221;section&#8221; _builder_version=&#8221;4.16&#8243; global_colors_info=&#8221;{}&#8221;][et_pb_row admin_label=&#8221;row&#8221; _builder_version=&#8221;4.16&#8243; background_size=&#8221;initial&#8221; background_position=&#8221;top_left&#8221; background_repeat=&#8221;repeat&#8221; global_colors_info=&#8221;{}&#8221;][et_pb_column type=&#8221;4_4&#8243; _builder_version=&#8221;4.16&#8243; custom_padding=&#8221;|||&#8221; global_colors_info=&#8221;{}&#8221; custom_padding__hover=&#8221;|||&#8221;][et_pb_text admin_label=&#8221;Text&#8221; _builder_version=&#8221;4.27.4&#8243; background_size=&#8221;initial&#8221; background_position=&#8221;top_left&#8221; background_repeat=&#8221;repeat&#8221; global_colors_info=&#8221;{}&#8221;]<\/p>\n<h2>Tilldelningen av nummerlapparna f\u00f6r Milan San Remo Amatori cyclosportive kr\u00e4ver att deltagarnas handlingar \u00e4r i sin ordning f\u00f6r t\u00e4vlingss\u00e4songen.<\/h2>\n<h4>\u00a0<\/h4>\n<h4>TILLDELNING AV NUMMERLAPPAR<\/h4>\n<p><span style=\"color: #ff0000;\"><strong>Nummerlapparna delas ut fr\u00e5n januari m\u00e5nad n\u00e4r de t\u00e4vlandes handlingar har verifierats. <\/strong><\/span><\/p>\n<p>Skicka skannade exemplar av beg\u00e4rda dokument till documenti@milano-sanremo.org:<\/p>\n<ul>\n<li><strong><span style=\"color: #ff0000;\">ett sportmedlemskort (licens) som \u00e4r giltig dagen f\u00f6r racet<\/span><\/strong><\/li>\n<li><strong><span style=\"color: #ff0000;\">eller ett l\u00e4karintyg f\u00f6r t\u00e4vlingssport som \u00e4r giltigt dagen f\u00f6r racet, om du har en dagslicens<\/span><\/strong><\/li>\n<\/ul>\n<p><strong>Organisationen kontrollerar dina handlingar och tilldelar dig en t\u00e4vlingsnummerlapp. <\/strong><\/p>\n<h4>\u00a0<\/h4>\n<h4>DEADLINE F\u00d6R VERIFIERING AV HANDLINGAR<\/h4>\n<p>Av organisatoriska sk\u00e4l kommer organisationen inte att kunna kontrollera idrottarnas handlingar dagarna n\u00e4rmast f\u00f6re loppet. Den som inte har skickat in sina dokument inom den fastst\u00e4llda tidsfristen kommer inte att kunna delta i evenemanget.<\/p>\n<p>Then the strict deadline for the verification of athletes&#8217; documents is fixed according the following schedule:<\/p>\n<table style=\"border-collapse: collapse; width: 100%;\" border=\"1\">\n<tbody>\n<tr style=\"height: 23px;\">\n<td style=\"width: 20%; height: 23px;\">registration done by<\/td>\n<td style=\"width: 20%; height: 23px;\">when to send documents<\/td>\n<td style=\"width: 20%; height: 23px;\">strict deadline to send documents<\/td>\n<\/tr>\n<tr style=\"height: 23px;\">\n<td style=\"width: 20%; height: 23px;\">31 december<\/td>\n<td style=\"width: 20%; height: 23px;\">in the month of january<\/td>\n<td style=\"width: 20%; height: 23px;\">31 januari<\/td>\n<\/tr>\n<tr style=\"height: 23px;\">\n<td style=\"width: 20%; height: 23px;\">31 januari<\/td>\n<td style=\"width: 20%; height: 23px;\">within 30 days<\/td>\n<td style=\"width: 20%; height: 23px;\">28 februari<\/td>\n<\/tr>\n<tr style=\"height: 23px;\">\n<td style=\"width: 20%; height: 23px;\">28 februari<\/td>\n<td style=\"width: 20%; height: 23px;\">within 30 days<\/td>\n<td style=\"width: 20%; height: 23px;\">31 mars<\/td>\n<\/tr>\n<tr style=\"height: 23px;\">\n<td style=\"width: 20%; height: 23px;\">31 mars<\/td>\n<td style=\"width: 20%; height: 23px;\">within 30 days<\/td>\n<td style=\"width: 20%; height: 23px;\">30 april<\/td>\n<\/tr>\n<tr style=\"height: 23px;\">\n<td style=\"width: 20%; height: 23px;\">25 maj<\/td>\n<td style=\"width: 20%; height: 23px;\">within 7 days<\/td>\n<td style=\"width: 20%; height: 23px;\">31 maj<\/td>\n<\/tr>\n<\/tbody>\n<\/table>\n<p><span style=\"color: #ff0000;\"><strong>The registration of those athletes who haven&#8217;t sent their documents within the indicated deadline, will be automatically cancelled. Such athletes shall not be entitled to a refund.<\/strong><\/span><\/p>\n<p><span style=\"color: #ff0000;\"><strong>Medlemskortet\/licensen och l\u00e4karintyg f\u00f6r t\u00e4vlingsidrott som kr\u00e4vs m\u00e5ste vara giltig den dag d\u00e5 t\u00e4vlingen \u00e4ger rum.<\/strong><\/span><\/p>\n<h4>\u00a0<\/h4>\n<h3>\u00a0<\/h3>\n<h3>DOKUMENT SOM KR\u00c4VS F\u00d6R NUMMERLAPP<\/h3>\n<h4>\u00a0<\/h4>\n<h4>DAGSLICENS<\/h4>\n<table border=\"0\" cellspacing=\"0\">\n<colgroup width=\"319\"><\/colgroup>\n<colgroup width=\"209\"><\/colgroup>\n<tbody>\n<tr style=\"background-color: red; color: #fff;\">\n<td align=\"left\" height=\"17\">F\u00f6rbund<\/td>\n<td align=\"left\">Dokument att skicka<\/td>\n<\/tr>\n<tr>\n<td align=\"left\" height=\"17\"><strong>FCI Tessera giornaliera &#8211; Dagslicens<\/strong><\/td>\n<td align=\"left\"><strong><strong>l\u00e4karintyg f\u00f6r t\u00e4vlingsidrott<\/strong><\/strong><\/td>\n<\/tr>\n<\/tbody>\n<\/table>\n<h4>\u00a0<\/h4>\n<h4>UTANF\u00d6R ITALIEN<\/h4>\n<table border=\"0\" cellspacing=\"0\">\n<colgroup width=\"319\"><\/colgroup>\n<colgroup width=\"209\"><\/colgroup>\n<tbody>\n<tr style=\"background-color: red; color: #fff;\">\n<td align=\"left\" height=\"17\">F\u00f6rbund<\/td>\n<td align=\"left\">Dokument att skicka<\/td>\n<\/tr>\n<tr>\n<td align=\"left\" height=\"17\">ALBANIEN UCI Cycling Federation<\/td>\n<td align=\"left\">skannad licens<\/td>\n<\/tr>\n<tr>\n<td align=\"left\" height=\"17\">ANDORRA UCI Cycling Federation<\/td>\n<td align=\"left\">skannad licens<\/td>\n<\/tr>\n<tr>\n<td align=\"left\" height=\"17\">ARMENIEN UCI Cycling Federation<\/td>\n<td align=\"left\">skannad licens<\/td>\n<\/tr>\n<tr>\n<td align=\"left\" height=\"17\">\u00d6STERRIKE UCI Cycling Federation<\/td>\n<td align=\"left\">skannad licens<\/td>\n<\/tr>\n<tr>\n<td align=\"left\" height=\"17\">AZERBAIJAN UCI Cycling Federation<\/td>\n<td align=\"left\">skannad licens<\/td>\n<\/tr>\n<tr>\n<td align=\"left\" height=\"17\">BELGIEN UCI Royal Cycling League<\/td>\n<td align=\"left\">skannad licens<\/td>\n<\/tr>\n<tr>\n<td align=\"left\" height=\"17\"><strong>BELGIEN VWB Vlaamse Wielrijdersbond<\/strong><\/td>\n<td align=\"left\">\n<p><strong><strong><strong>l\u00e4karintyg f\u00f6r t\u00e4vlingsidrott<\/strong><\/strong><\/strong><\/p>\n<p><strong><strong>Observera: Den h\u00e4r licensen \u00e4r inte erk\u00e4nd av UCI s\u00e5 en dagslicens \u00e4r obligatorisk<\/strong><\/strong><\/p>\n<\/td>\n<\/tr>\n<tr>\n<td align=\"left\" height=\"17\">BOSNIEN UCI Cycling Federation<\/td>\n<td align=\"left\">skannad licens<\/td>\n<\/tr>\n<tr>\n<td align=\"left\" height=\"17\">VITRYSSLAN UCI Federation of Cycling Sport<\/td>\n<td align=\"left\">skannad licens<\/td>\n<\/tr>\n<tr>\n<td align=\"left\" height=\"17\">BULGARIEN UCI Cycling Union<\/td>\n<td align=\"left\">skannad licens<\/td>\n<\/tr>\n<tr>\n<td align=\"left\" height=\"17\">KROATIEN UCI Cycling Federation<\/td>\n<td align=\"left\">skannad licens<\/td>\n<\/tr>\n<tr>\n<td align=\"left\" height=\"17\">CYPERN UCI Cycling Federation<\/td>\n<td align=\"left\">skannad licens<\/td>\n<\/tr>\n<tr>\n<td align=\"left\" height=\"17\">TJECKIEN UCI Cycling Federation<\/td>\n<td align=\"left\">skannad licens<\/td>\n<\/tr>\n<tr>\n<td align=\"left\" height=\"17\">DANMARK UCI Cycling Federation<\/td>\n<td align=\"left\">skannad licens<\/td>\n<\/tr>\n<tr>\n<td align=\"left\" height=\"17\">ESTLAND UCI Cyclists<\/td>\n<td align=\"left\">skannad licens<\/td>\n<\/tr>\n<tr>\n<td align=\"left\" height=\"17\">FINLAND UCI Cycling Union<\/td>\n<td align=\"left\">skannad licens<\/td>\n<\/tr>\n<tr>\n<td align=\"left\" height=\"17\">FRANKRIKE UCI Cycling Federation<\/td>\n<td align=\"left\">skannad licens<\/td>\n<\/tr>\n<tr>\n<td align=\"left\" height=\"17\"><strong>FRANKRIKE UFOLEP<\/strong><\/td>\n<td align=\"left\">\n<p><strong><strong><strong>l\u00e4karintyg f\u00f6r t\u00e4vlingsidrott<\/strong><\/strong><\/strong><\/p>\n<p><strong><strong>Observera: Den h\u00e4r licensen \u00e4r inte erk\u00e4nd av UCI s\u00e5 en dagslicens \u00e4r obligatorisk<\/strong><\/strong><\/p>\n<\/td>\n<\/tr>\n<tr>\n<td align=\"left\" height=\"17\">GEORGIEN UCI Cycling Federation<\/td>\n<td align=\"left\">skannad licens<\/td>\n<\/tr>\n<tr>\n<td align=\"left\" height=\"17\">TYSKLAND UCI Cycling Federation<\/td>\n<td align=\"left\">skannad licens<\/td>\n<\/tr>\n<tr>\n<td align=\"left\" height=\"17\">GREKLAND UCI Cycling Federation<\/td>\n<td align=\"left\">skannad licens<\/td>\n<\/tr>\n<tr>\n<td align=\"left\" height=\"17\">UNGERN UCI Cycling Federation<\/td>\n<td align=\"left\">skannad licens<\/td>\n<\/tr>\n<tr>\n<td align=\"left\" height=\"17\">IRLAND UCI Cycling Ireland<\/td>\n<td align=\"left\">skannad licens<\/td>\n<\/tr>\n<tr>\n<td align=\"left\" height=\"17\">ISRAEL UCI Cycling Federation<\/td>\n<td align=\"left\">skannad licens<\/td>\n<\/tr>\n<tr>\n<td align=\"left\" height=\"17\">LETTLAND UCI Cycling Federation<\/td>\n<td align=\"left\">skannad licens<\/td>\n<\/tr>\n<tr>\n<td align=\"left\" height=\"17\">LIECHTENSTEIN UCI Cycling Federation<\/td>\n<td align=\"left\">skannad licens<\/td>\n<\/tr>\n<tr>\n<td align=\"left\" height=\"17\">LITAUEN UCI Cycling Federation<\/td>\n<td align=\"left\">skannad licens<\/td>\n<\/tr>\n<tr>\n<td align=\"left\" height=\"17\">LUXEMBURG UCI Cycling Federation<\/td>\n<td align=\"left\">skannad licens<\/td>\n<\/tr>\n<tr>\n<td align=\"left\" height=\"17\">MOLDAVIEN UCI Cycling Federation<\/td>\n<td align=\"left\">skannad licens<\/td>\n<\/tr>\n<tr>\n<td align=\"left\" height=\"17\">MAKEDONIEN UCI Cycling Federation<\/td>\n<td align=\"left\">skannad licens<\/td>\n<\/tr>\n<tr>\n<td align=\"left\" height=\"17\">MALTA UCI Cycling Federation<\/td>\n<td align=\"left\">skannad licens<\/td>\n<\/tr>\n<tr>\n<td align=\"left\" height=\"17\">MONTENEGRO UCI Cycling Association<\/td>\n<td align=\"left\">skannad licens<\/td>\n<\/tr>\n<tr>\n<td align=\"left\" height=\"17\">MONACO UCI Cycling Federation<\/td>\n<td align=\"left\">skannad licens<\/td>\n<\/tr>\n<tr>\n<td align=\"left\" height=\"17\">NEDERL\u00c4NDERNA UCI Royal Cycling Union<\/td>\n<td align=\"left\">skannad licens<\/td>\n<\/tr>\n<tr>\n<td align=\"left\" height=\"17\"><strong>NEDERL\u00c4NDERNA NTFU<\/strong><\/td>\n<td align=\"left\">\n<p><strong><strong><strong>l\u00e4karintyg f\u00f6r t\u00e4vlingsidrott<\/strong><\/strong><\/strong><\/p>\n<p><strong><strong>Observera: Den h\u00e4r licensen \u00e4r inte erk\u00e4nd av UCI s\u00e5 en dagslicens \u00e4r obligatorisk<\/strong><\/strong><\/p>\n<\/td>\n<\/tr>\n<tr>\n<td align=\"left\" height=\"17\">NORGE UCI Cycling Federation<\/td>\n<td align=\"left\">skannad licens<\/td>\n<\/tr>\n<tr>\n<td align=\"left\" height=\"17\">POLEN UCI Cycling Federation<\/td>\n<td align=\"left\">skannad licens<\/td>\n<\/tr>\n<tr>\n<td align=\"left\" height=\"17\">PORTUGAL UCI Cycling Federation<\/td>\n<td align=\"left\">skannad licens<\/td>\n<\/tr>\n<tr>\n<td align=\"left\" height=\"17\">RUM\u00c4NIEN UCI Cycling Federation<\/td>\n<td align=\"left\">skannad licens<\/td>\n<\/tr>\n<tr>\n<td align=\"left\" height=\"17\">RYSSLAND UCI Cycling Federation<\/td>\n<td align=\"left\">skannad licens<\/td>\n<\/tr>\n<tr>\n<td align=\"left\" height=\"17\">SAN MARINO UCI Cycling Federation<\/td>\n<td align=\"left\">skannad licens<\/td>\n<\/tr>\n<tr>\n<td align=\"left\" height=\"17\">SERBIEN UCI Cycling Federation of Serbia<\/td>\n<td align=\"left\">skannad licens<\/td>\n<\/tr>\n<tr>\n<td align=\"left\" height=\"17\">SLOVENIEN UCI Cycling Federation<\/td>\n<td align=\"left\">skannad licens<\/td>\n<\/tr>\n<tr>\n<td align=\"left\" height=\"17\">SCHWEIZ UCI Swiss Cycling<\/td>\n<td align=\"left\">skannad licens<\/td>\n<\/tr>\n<tr>\n<td align=\"left\" height=\"17\">SLOVAKIEN UCI Cycling Federation<\/td>\n<td align=\"left\">skannad licens<\/td>\n<\/tr>\n<tr>\n<td align=\"left\" height=\"17\">SPANIEN UCI Cycling Federation<\/td>\n<td align=\"left\">skannad licens<\/td>\n<\/tr>\n<tr>\n<td align=\"left\" height=\"17\">SVERIGE UCI Cycling Federation<\/td>\n<td align=\"left\">skannad licens<\/td>\n<\/tr>\n<tr>\n<td align=\"left\" height=\"17\">TURKIET UCI Cycling Federation<\/td>\n<td align=\"left\">skannad licens<\/td>\n<\/tr>\n<tr>\n<td align=\"left\" height=\"17\">STORBRITANNIEN UCI British Cycling<\/td>\n<td align=\"left\">skannad licens<\/td>\n<\/tr>\n<tr>\n<td align=\"left\" height=\"17\">UKRAINA UCI Cycling Federation<\/td>\n<td align=\"left\">skannad licens<\/td>\n<\/tr>\n<tr>\n<td align=\"left\" height=\"17\"><strong>Internationella UCI <strong>Icke-Europeiska Cyklingsf\u00f6rbundet<\/strong><br \/><\/strong><\/td>\n<td align=\"left\"><strong>skannad licens<\/strong><\/td>\n<\/tr>\n<tr>\n<td align=\"left\" height=\"17\"><strong>International ITU Triathlon<\/strong><\/td>\n<td align=\"left\">\n<p><strong><strong><strong>l\u00e4karintyg f\u00f6r t\u00e4vlingsidrott<\/strong><\/strong><\/strong><\/p>\n<p><strong><strong>Observera: Den h\u00e4r licensen \u00e4r inte erk\u00e4nd av UCI s\u00e5 en dagslicens \u00e4r obligatorisk<\/strong><\/strong><\/p>\n<\/td>\n<\/tr>\n<tr>\n<td align=\"left\" height=\"17\"><strong>International Ironman Triathlon<\/strong><\/td>\n<td align=\"left\">\n<p><strong><strong><strong>l\u00e4karintyg f\u00f6r t\u00e4vlingsidrott<\/strong><\/strong><\/strong><\/p>\n<p><strong><strong>Observera: Den h\u00e4r licensen \u00e4r inte erk\u00e4nd av UCI s\u00e5 en dagslicens \u00e4r obligatorisk<\/strong><\/strong><\/p>\n<\/td>\n<\/tr>\n<\/tbody>\n<\/table>\n<p>[\/et_pb_text][\/et_pb_column][\/et_pb_row][\/et_pb_section]<\/p>\n","protected":false},"excerpt":{"rendered":"<p>Tilldelningen av nummerlapparna f\u00f6r Milan San Remo Amatori cyclosportive kr\u00e4ver att deltagarnas handlingar \u00e4r i sin ordning f\u00f6r t\u00e4vlingss\u00e4songen. \u00a0 TILLDELNING AV NUMMERLAPPAR Nummerlapparna delas ut fr\u00e5n januari m\u00e5nad n\u00e4r de t\u00e4vlandes handlingar har verifierats. Skicka skannade exemplar av beg\u00e4rda dokument till documenti@milano-sanremo.org: ett sportmedlemskort (licens) som \u00e4r giltig dagen f\u00f6r racet eller ett l\u00e4karintyg [&hellip;]<\/p>\n","protected":false},"author":1,"featured_media":0,"parent":3903,"menu_order":0,"comment_status":"closed","ping_status":"closed","template":"","meta":{"_et_pb_use_builder":"on","_et_pb_old_content":"","_et_gb_content_width":"","ngg_post_thumbnail":0,"footnotes":""},"class_list":["post-7931","page","type-page","status-publish","hentry"],"yoast_head":"<!-- This site is optimized with the Yoast SEO plugin v27.4 - https:\/\/yoast.com\/product\/yoast-seo-wordpress\/ -->\n<title>Utdelning av nummerlappar | MILANO SANREMO AMATORI 2026 | MILANO SANREMO AMAT\u00d6RER 7 JUNI 2026 | OFFICIELL WEBBPLATS<\/title>\n<meta name=\"description\" content=\"Utdelning av nummerlappar\" \/>\n<meta name=\"robots\" content=\"index, follow, max-snippet:-1, max-image-preview:large, max-video-preview:-1\" \/>\n<link rel=\"canonical\" href=\"https:\/\/milano-sanremo.org\/sv\/registrera\/tilldelning-av-nummerlappar\/\" \/>\n<meta property=\"og:locale\" content=\"sv_SE\" \/>\n<meta property=\"og:type\" content=\"article\" \/>\n<meta property=\"og:title\" content=\"Utdelning av nummerlappar | MILANO SANREMO AMATORI 2026 | MILANO SANREMO AMAT\u00d6RER 7 JUNI 2026 | OFFICIELL WEBBPLATS\" \/>\n<meta property=\"og:description\" content=\"Utdelning av nummerlappar\" \/>\n<meta property=\"og:url\" content=\"https:\/\/milano-sanremo.org\/sv\/registrera\/tilldelning-av-nummerlappar\/\" \/>\n<meta property=\"og:site_name\" content=\"MILANO SANREMO AMATORI 2026\" \/>\n<meta property=\"article:modified_time\" content=\"2025-06-06T16:22:46+00:00\" \/>\n<meta name=\"twitter:card\" content=\"summary_large_image\" \/>\n<meta name=\"twitter:label1\" content=\"Ber\u00e4knad l\u00e4stid\" \/>\n\t<meta name=\"twitter:data1\" content=\"4 minuter\" \/>\n<script type=\"application\/ld+json\" class=\"yoast-schema-graph\">{\"@context\":\"https:\\\/\\\/schema.org\",\"@graph\":[{\"@type\":\"WebPage\",\"@id\":\"https:\\\/\\\/milano-sanremo.org\\\/sv\\\/registrera\\\/tilldelning-av-nummerlappar\\\/\",\"url\":\"https:\\\/\\\/milano-sanremo.org\\\/sv\\\/registrera\\\/tilldelning-av-nummerlappar\\\/\",\"name\":\"Utdelning av nummerlappar | MILANO SANREMO AMATORI 2026 | MILANO SANREMO AMAT\u00d6RER 7 JUNI 2026 | OFFICIELL WEBBPLATS\",\"isPartOf\":{\"@id\":\"https:\\\/\\\/milano-sanremo.org\\\/sv\\\/#website\"},\"datePublished\":\"2016-11-17T16:03:23+00:00\",\"dateModified\":\"2025-06-06T16:22:46+00:00\",\"description\":\"Utdelning av nummerlappar\",\"breadcrumb\":{\"@id\":\"https:\\\/\\\/milano-sanremo.org\\\/sv\\\/registrera\\\/tilldelning-av-nummerlappar\\\/#breadcrumb\"},\"inLanguage\":\"sv-SE\",\"potentialAction\":[{\"@type\":\"ReadAction\",\"target\":[\"https:\\\/\\\/milano-sanremo.org\\\/sv\\\/registrera\\\/tilldelning-av-nummerlappar\\\/\"]}]},{\"@type\":\"BreadcrumbList\",\"@id\":\"https:\\\/\\\/milano-sanremo.org\\\/sv\\\/registrera\\\/tilldelning-av-nummerlappar\\\/#breadcrumb\",\"itemListElement\":[{\"@type\":\"ListItem\",\"position\":1,\"name\":\"Home\",\"item\":\"https:\\\/\\\/milano-sanremo.org\\\/sv\\\/\"},{\"@type\":\"ListItem\",\"position\":2,\"name\":\"REGISTRERA\",\"item\":\"https:\\\/\\\/milano-sanremo.org\\\/sv\\\/iscrizioni-2\\\/\"},{\"@type\":\"ListItem\",\"position\":3,\"name\":\"Utdelning av nummerlappar\"}]},{\"@type\":\"WebSite\",\"@id\":\"https:\\\/\\\/milano-sanremo.org\\\/sv\\\/#website\",\"url\":\"https:\\\/\\\/milano-sanremo.org\\\/sv\\\/\",\"name\":\"MILANO SANREMO AMATORI 2026\",\"description\":\"MILANO SANREMO AMAT\u00d6RER 7 JUNI 2026 | OFFICIELL WEBBPLATS\",\"potentialAction\":[{\"@type\":\"SearchAction\",\"target\":{\"@type\":\"EntryPoint\",\"urlTemplate\":\"https:\\\/\\\/milano-sanremo.org\\\/sv\\\/?s={search_term_string}\"},\"query-input\":{\"@type\":\"PropertyValueSpecification\",\"valueRequired\":true,\"valueName\":\"search_term_string\"}}],\"inLanguage\":\"sv-SE\"}]}<\/script>\n<!-- \/ Yoast SEO plugin. -->","yoast_head_json":{"title":"Utdelning av nummerlappar | MILANO SANREMO AMATORI 2026 | MILANO SANREMO AMAT\u00d6RER 7 JUNI 2026 | OFFICIELL WEBBPLATS","description":"Utdelning av nummerlappar","robots":{"index":"index","follow":"follow","max-snippet":"max-snippet:-1","max-image-preview":"max-image-preview:large","max-video-preview":"max-video-preview:-1"},"canonical":"https:\/\/milano-sanremo.org\/sv\/registrera\/tilldelning-av-nummerlappar\/","og_locale":"sv_SE","og_type":"article","og_title":"Utdelning av nummerlappar | MILANO SANREMO AMATORI 2026 | MILANO SANREMO AMAT\u00d6RER 7 JUNI 2026 | OFFICIELL WEBBPLATS","og_description":"Utdelning av nummerlappar","og_url":"https:\/\/milano-sanremo.org\/sv\/registrera\/tilldelning-av-nummerlappar\/","og_site_name":"MILANO SANREMO AMATORI 2026","article_modified_time":"2025-06-06T16:22:46+00:00","twitter_card":"summary_large_image","twitter_misc":{"Ber\u00e4knad l\u00e4stid":"4 minuter"},"schema":{"@context":"https:\/\/schema.org","@graph":[{"@type":"WebPage","@id":"https:\/\/milano-sanremo.org\/sv\/registrera\/tilldelning-av-nummerlappar\/","url":"https:\/\/milano-sanremo.org\/sv\/registrera\/tilldelning-av-nummerlappar\/","name":"Utdelning av nummerlappar | MILANO SANREMO AMATORI 2026 | MILANO SANREMO AMAT\u00d6RER 7 JUNI 2026 | OFFICIELL WEBBPLATS","isPartOf":{"@id":"https:\/\/milano-sanremo.org\/sv\/#website"},"datePublished":"2016-11-17T16:03:23+00:00","dateModified":"2025-06-06T16:22:46+00:00","description":"Utdelning av nummerlappar","breadcrumb":{"@id":"https:\/\/milano-sanremo.org\/sv\/registrera\/tilldelning-av-nummerlappar\/#breadcrumb"},"inLanguage":"sv-SE","potentialAction":[{"@type":"ReadAction","target":["https:\/\/milano-sanremo.org\/sv\/registrera\/tilldelning-av-nummerlappar\/"]}]},{"@type":"BreadcrumbList","@id":"https:\/\/milano-sanremo.org\/sv\/registrera\/tilldelning-av-nummerlappar\/#breadcrumb","itemListElement":[{"@type":"ListItem","position":1,"name":"Home","item":"https:\/\/milano-sanremo.org\/sv\/"},{"@type":"ListItem","position":2,"name":"REGISTRERA","item":"https:\/\/milano-sanremo.org\/sv\/iscrizioni-2\/"},{"@type":"ListItem","position":3,"name":"Utdelning av nummerlappar"}]},{"@type":"WebSite","@id":"https:\/\/milano-sanremo.org\/sv\/#website","url":"https:\/\/milano-sanremo.org\/sv\/","name":"MILANO SANREMO AMATORI 2026","description":"MILANO SANREMO AMAT\u00d6RER 7 JUNI 2026 | OFFICIELL WEBBPLATS","potentialAction":[{"@type":"SearchAction","target":{"@type":"EntryPoint","urlTemplate":"https:\/\/milano-sanremo.org\/sv\/?s={search_term_string}"},"query-input":{"@type":"PropertyValueSpecification","valueRequired":true,"valueName":"search_term_string"}}],"inLanguage":"sv-SE"}]}},"_links":{"self":[{"href":"https:\/\/milano-sanremo.org\/sv\/wp-json\/wp\/v2\/pages\/7931","targetHints":{"allow":["GET"]}}],"collection":[{"href":"https:\/\/milano-sanremo.org\/sv\/wp-json\/wp\/v2\/pages"}],"about":[{"href":"https:\/\/milano-sanremo.org\/sv\/wp-json\/wp\/v2\/types\/page"}],"author":[{"embeddable":true,"href":"https:\/\/milano-sanremo.org\/sv\/wp-json\/wp\/v2\/users\/1"}],"replies":[{"embeddable":true,"href":"https:\/\/milano-sanremo.org\/sv\/wp-json\/wp\/v2\/comments?post=7931"}],"version-history":[{"count":14,"href":"https:\/\/milano-sanremo.org\/sv\/wp-json\/wp\/v2\/pages\/7931\/revisions"}],"predecessor-version":[{"id":14759,"href":"https:\/\/milano-sanremo.org\/sv\/wp-json\/wp\/v2\/pages\/7931\/revisions\/14759"}],"up":[{"embeddable":true,"href":"https:\/\/milano-sanremo.org\/sv\/wp-json\/wp\/v2\/pages\/3903"}],"wp:attachment":[{"href":"https:\/\/milano-sanremo.org\/sv\/wp-json\/wp\/v2\/media?parent=7931"}],"curies":[{"name":"wp","href":"https:\/\/api.w.org\/{rel}","templated":true}]}}